{"id":1802,"date":"2023-11-29T18:26:51","date_gmt":"2023-11-29T18:26:51","guid":{"rendered":"https:\/\/www.upo.es\/investiga\/HUM-680\/?page_id=1802"},"modified":"2024-12-20T19:54:43","modified_gmt":"2024-12-20T19:54:43","slug":"benoit-marechaux","status":"publish","type":"page","link":"https:\/\/www.upo.es\/investiga\/HUM-680\/benoit-marechaux\/","title":{"rendered":"Beno\u00eet Mar\u00e9chaux"},"content":{"rendered":"\t\t<div data-elementor-type=\"wp-page\" data-elementor-id=\"1802\" class=\"elementor elementor-1802\">\n\t\t\t\t\t\t<section class=\"elementor-section elementor-top-section elementor-element elementor-element-11dbe58 elementor-section-full_width elementor-section-stretched elementor-section-height-default elementor-section-height-default\" data-id=\"11dbe58\" data-element_type=\"section\" data-settings=\"{&quot;stretch_section&quot;:&quot;section-stretched&quot;,&quot;background_background&quot;:&quot;classic&quot;}\">\n\t\t\t\t\t\t<div class=\"elementor-container elementor-column-gap-default\">\n\t\t\t\t\t<div class=\"elementor-column elementor-col-100 elementor-top-column elementor-element elementor-element-8bfd4c0\" data-id=\"8bfd4c0\" data-element_type=\"column\">\n\t\t\t<div class=\"elementor-widget-wrap elementor-element-populated\">\n\t\t\t\t\t\t<div class=\"elementor-element elementor-element-d033dac elementor-widget elementor-widget-text-editor\" data-id=\"d033dac\" data-element_type=\"widget\" data-widget_type=\"text-editor.default\">\n\t\t\t\t<div class=\"elementor-widget-container\">\n\t\t\t\t\t\t\t\t\t<p style=\"text-align: right;\"><em>Geometry<\/em>, Frans Floris (1557)<\/p>\t\t\t\t\t\t\t\t<\/div>\n\t\t\t\t<\/div>\n\t\t\t\t<div class=\"elementor-element elementor-element-95c6aa1 elementor-widget__width-initial elementor-widget elementor-widget-heading\" data-id=\"95c6aa1\" data-element_type=\"widget\" data-widget_type=\"heading.default\">\n\t\t\t\t<div class=\"elementor-widget-container\">\n\t\t\t\t\t<h2 class=\"elementor-heading-title elementor-size-default\">Estudios sobre Europa, <br>el mundo mediterr\u00e1neo<br>y su difusi\u00f3n atl\u00e1ntica<br>(HUM 680)<\/h2>\t\t\t\t<\/div>\n\t\t\t\t<\/div>\n\t\t\t\t\t<\/div>\n\t\t<\/div>\n\t\t\t\t\t<\/div>\n\t\t<\/section>\n\t\t\t\t<section class=\"elementor-section elementor-top-section elementor-element elementor-element-3dec250 elementor-section-boxed elementor-section-height-default elementor-section-height-default\" data-id=\"3dec250\" data-element_type=\"section\">\n\t\t\t\t\t\t<div class=\"elementor-container elementor-column-gap-default\">\n\t\t\t\t\t<div class=\"elementor-column elementor-col-100 elementor-top-column elementor-element elementor-element-6e6b9ef\" data-id=\"6e6b9ef\" data-element_type=\"column\">\n\t\t\t<div class=\"elementor-widget-wrap elementor-element-populated\">\n\t\t\t\t\t\t<div class=\"elementor-element elementor-element-32cb0ac elementor-widget elementor-widget-heading\" data-id=\"32cb0ac\" data-element_type=\"widget\" data-widget_type=\"heading.default\">\n\t\t\t\t<div class=\"elementor-widget-container\">\n\t\t\t\t\t<h2 class=\"elementor-heading-title elementor-size-default\">Beno\u00eet Mar\u00e9chaux<\/h2>\t\t\t\t<\/div>\n\t\t\t\t<\/div>\n\t\t\t\t\t<\/div>\n\t\t<\/div>\n\t\t\t\t\t<\/div>\n\t\t<\/section>\n\t\t\t\t<section class=\"elementor-section elementor-top-section elementor-element elementor-element-5d4e8a8 elementor-section-boxed elementor-section-height-default elementor-section-height-default\" data-id=\"5d4e8a8\" data-element_type=\"section\">\n\t\t\t\t\t\t<div class=\"elementor-container elementor-column-gap-default\">\n\t\t\t\t\t<div class=\"elementor-column elementor-col-50 elementor-top-column elementor-element elementor-element-4e2ba07\" data-id=\"4e2ba07\" data-element_type=\"column\" data-settings=\"{&quot;background_background&quot;:&quot;gradient&quot;}\">\n\t\t\t<div class=\"elementor-widget-wrap elementor-element-populated\">\n\t\t\t\t\t\t<div class=\"elementor-element elementor-element-122fdc0 elementor-widget elementor-widget-image\" data-id=\"122fdc0\" data-element_type=\"widget\" data-widget_type=\"image.default\">\n\t\t\t\t<div class=\"elementor-widget-container\">\n\t\t\t\t\t\t\t\t\t\t\t\t\t\t\t<img fetchpriority=\"high\" decoding=\"async\" width=\"750\" height=\"720\" src=\"https:\/\/www.upo.es\/investiga\/HUM-680\/wp-content\/uploads\/2023\/11\/benoit-1024x983.png\" class=\"attachment-large size-large wp-image-1599\" alt=\"\" srcset=\"https:\/\/www.upo.es\/investiga\/HUM-680\/wp-content\/uploads\/2023\/11\/benoit-1024x983.png 1024w, https:\/\/www.upo.es\/investiga\/HUM-680\/wp-content\/uploads\/2023\/11\/benoit-300x288.png 300w, https:\/\/www.upo.es\/investiga\/HUM-680\/wp-content\/uploads\/2023\/11\/benoit-768x738.png 768w, https:\/\/www.upo.es\/investiga\/HUM-680\/wp-content\/uploads\/2023\/11\/benoit.png 1110w\" sizes=\"(max-width: 750px) 100vw, 750px\" \/>\t\t\t\t\t\t\t\t\t\t\t\t\t\t\t<\/div>\n\t\t\t\t<\/div>\n\t\t\t\t\t<\/div>\n\t\t<\/div>\n\t\t\t\t<div class=\"elementor-column elementor-col-50 elementor-top-column elementor-element elementor-element-079304b\" data-id=\"079304b\" data-element_type=\"column\">\n\t\t\t<div class=\"elementor-widget-wrap elementor-element-populated\">\n\t\t\t\t\t\t<div class=\"elementor-element elementor-element-e62681e elementor-widget elementor-widget-text-editor\" data-id=\"e62681e\" data-element_type=\"widget\" data-widget_type=\"text-editor.default\">\n\t\t\t\t<div class=\"elementor-widget-container\">\n\t\t\t\t\t\t\t\t\t<p style=\"text-align: justify;\">Doctor en Historia Econ\u00f3mica por la Universidad Carlos III de Madrid (2017), Beno\u00eet Mar\u00e9chaux fue&nbsp;<em>Max Weber fellow<\/em>&nbsp;en el <em>European University Institute<\/em> de Florencia en 2018-2019. Se licenci\u00f3 en Historia en la Universit\u00e9 Paris-IV Sorbonne, obtuvo un M\u00e1ster en Historia europea en el \u00c9cole Pratique des Hautes \u00c9tudes de Par\u00eds, y complet\u00f3 su formaci\u00f3n tanto en la Universidad Ca\u2019 Foscari de Venecia como en la Universidad Pablo de Olavide de Sevilla. Fue <em>visiting scholar<\/em> en la Universit\u00e0 degli Studi de G\u00e9nova y en el \u00c9cole fran\u00e7aise de Rome. Entre 2019 y 2021 ha trabajado como investigador postdoctoral en el proyecto ERC PerformArt (CNRS-\u00c9cole fran\u00e7aise de Rome) y en la Universit\u00e0 degli Studi de Padua. Desde marzo de 2021 es Profesor Ayudante Doctor en la Universidad Complutense de Madrid.&nbsp;En la actualidad, es tambi\u00e9n vice-secretario de la revista <em>Cuadernos de Historia Moderna.<\/em><\/p>\n<p style=\"text-align: justify;\">\n<\/p><p style=\"text-align: justify;\">Sus investigaciones versan sobre la Historia econ\u00f3mica del mundo mediterr\u00e1neo a lo largo de los siglos XVI y XVII, concretamente sobre el negocio de la guerra en los mundos hisp\u00e1nico e italiano. En su tesis doctoral, desarroll\u00f3 su investigaci\u00f3n sobre los asentistas genoveses que gestionaron galeras por cuenta de la Monarqu\u00eda Hisp\u00e1nica entre 1528 y 1650. Tambi\u00e9n se interesa por la Historia de las finanzas y de las redes de cr\u00e9dito en Italia y en el mundo hisp\u00e1nico, as\u00ed como por la Historia del trabajo forzado en el mediterr\u00e1neo.<\/p>\n<p style=\"text-align: justify;\">\n<\/p><p style=\"text-align: justify;\">En estos \u00faltimos a\u00f1os ha publicado algunos de los resultados de su investigaci\u00f3n en varias revistas como&nbsp;<em>Hispania<\/em>,&nbsp;<em>Business History<\/em>, <em>Journal of Global Slavery <\/em>o&nbsp;<em>Dix-Septi\u00e8me Si\u00e8cle<\/em>.&nbsp;Desde 2021, es IP del proyecto de investigaci\u00f3n HISFIMED \u201cLa Monarqu\u00eda Hisp\u00e1nica, la circulaci\u00f3n de los metales preciosos y la globalizaci\u00f3n financiera en el Mediterr\u00e1neo (1568-1798)\u201d [HISFIMED] financiado por el Ministerio de Ciencia e Innovaci\u00f3n.<\/p>\n<p style=\"text-align: justify;\">\n<\/p><p style=\"text-align: justify;\"><strong><br><\/strong><\/p><p style=\"text-align: justify;\"><strong>Publicaciones relevantes<\/strong><\/p>\n<p style=\"text-align: justify;\"><a href=\"https:\/\/doi.org\/10.1163\/2405836X-00703002\">\u00abPurchasing Slaves Overseas for the Business of War: Genoese Galley Entrepreneurs and the Mediterranean Slave Market in the Early 17th Century\u00bb<\/a>,&nbsp;<em>Journal of Global Slavery<\/em>&nbsp;7, 3 (2022), pp. 282-316. DOI:&nbsp;10.1163\/2405836X-00703002<\/p>\n<p style=\"text-align: justify;\">\u201c<a href=\"https:\/\/www.tandfonline.com\/doi\/abs\/10.1080\/00076791.2020.1798933?journalCode=fbsh20\">Business organisation in the Mediterranean Sea: Genoese galley entrepreneurs in the service of the Spanish Empire (late sixteenth and early seventeenth centuries)\u201d<\/a>,&nbsp;<em>Business History<\/em>, 65 (1), 2023, pp. 56-87. DOI: 10.1080\/00076791.2020.1798933<\/p>\n<p style=\"text-align: justify;\">\u201c<a href=\"https:\/\/hispania.revistas.csic.es\/index.php\/hispania\/article\/view\/799\">Los asentistas de galeras genoveses y la articulaci\u00f3n naval de un imperio polic\u00e9ntrico (siglos XVI-XVII)<\/a>\u201d,&nbsp;<em>Hispania<\/em>, LXXX, 264 (2020), pp. 47-77. DOI: 10.3989\/hispania.2020.002.<\/p>\n<p style=\"text-align: justify;\"><strong><br><\/strong><\/p><p style=\"text-align: justify;\"><strong>Participaci\u00f3n en proyectos y redes de investigaci\u00f3n<\/strong><\/p>\n<p style=\"text-align: justify;\"><a href=\"https:\/\/hisfimed.hypotheses.org\/\">HISFIMED \u201cLa Monarqu\u00eda Hisp\u00e1nica, la circulaci\u00f3n de los metales preciosos y la globalizaci\u00f3n financiera en el Mediterr\u00e1neo (1568-1798)\u201d<\/a> [HISFIMED] financiado por el Ministerio de Ciencia e Innovaci\u00f3n. Co-IP desde 2021.<\/p>\n<p style=\"text-align: justify;\">\n<\/p><p style=\"text-align: justify;\"><a href=\"https:\/\/www.mobilityandhumanities.it\/\"><strong><em>Mobility and Humanities<\/em><\/strong><\/a>&nbsp;(Universit\u00e0 degli Studi di Padova). Proyecto financiado por el Ministerio Italiano de Investigaci\u00f3n. IP: Gianluigi Baldo (Universit\u00e0 degli Studi di Padova). Miembro del proyecto desde 2020.<\/p>\n<p style=\"text-align: justify;\"><a href=\"https:\/\/www.upo.es\/investiga\/rexpublica\/\"><strong><em>Res Publica mon\u00e1rquica. La Monarqu\u00eda Hisp\u00e1nica, una estructura imperial polic\u00e9ntrica de rep\u00fablicas urbanas<\/em><\/strong>&nbsp;<\/a>(Universidad Pablo de Olavide). Proyecto nacional I+D financiado por el Ministerio espa\u00f1ol de Ciencia y Tecnolog\u00eda. IP: Manuel Herrero S\u00e1nchez (Universidad Pablo de Olavide). Miembro del proyecto (2019-2022).<\/p>\n<p style=\"text-align: justify;\"><a href=\"https:\/\/performart-roma.eu\/it\/\"><strong><em>Promoting, patronising and practising the arts in Roman aristocratic families (1644-1740). The contribution of Roman family archives to the history of performing arts<\/em><\/strong>&nbsp;<strong><em>(PerformArt)<\/em><\/strong>.<\/a>&nbsp;ERC Consolidator Grant, \u00c9cole fran\u00e7aise de Rome y CNRS. IP: Anne-Madeleine Goulet (CNRS\/CESR). Miembro del proyecto en 2019 y 2021.<\/p>\n<p style=\"text-align: justify;\"><a href=\"https:\/\/www.um.es\/redcolumnaria\/red-columnaria\/\"><strong>Red Columnaria<\/strong><\/a><strong>&nbsp;<\/strong>(nodo&nbsp;<a href=\"https:\/\/www.um.es\/redcolumnaria\/nodo\/https-www-upo-es-investiga-hum-680-miembros-http-www-efrome-it-la-recherche-programmes-programmes-scientifiques-2017-2021-elitesit-html-https-atlanticitalies-net-http-www-historicas-unam\/\"><strong>Hombres y espacios<\/strong><\/a>). Coordinadores: Valentina Favar\u00f2 y Alessandro Buono. Miembro del nodo desde 2019.<\/p>\n<p style=\"text-align: justify;\"><a href=\"https:\/\/www.efrome.it\/elitesit\"><strong><em>Les \u00e9lites italiennes et les monarchies europ\u00e9ennes&nbsp;: circulations et r\u00e9seaux de pouvoir (XVI<sup>e<\/sup>-XVIII<sup>e<\/sup>&nbsp;si\u00e8cles)<\/em><\/strong><\/a>. financiado por el \u00c9cole fran\u00e7aise de Rome y el Institut Universitaire de France. IP&nbsp;: Albane Cogn\u00e9 (Universit\u00e9 Fran\u00e7ois Rabelais de Tours). Miembro del proyecto entre 2017 y 2022.<\/p>\n<p style=\"text-align: justify;\"><a href=\"https:\/\/www.upo.es\/investiga\/republicas\/detalle-noticia\/Nueva-web-del-proyecto\/\"><strong><em>El papel de las rep\u00fablicas europeas en la conformaci\u00f3n del Estado moderno: siglos XVI-XVIII<\/em><\/strong><\/a>&nbsp;(Universidad Pablo de Olavide). Proyecto nacional financiado por el Ministerio espa\u00f1ol de Ciencia e Innovaci\u00f3n. IP: Manuel Herrero S\u00e1nchez (Universidad Pablo de Olavide). Miembro del proyecto entre 2011 y 2014.<\/p>\t\t\t\t\t\t\t\t<\/div>\n\t\t\t\t<\/div>\n\t\t\t\t<section class=\"elementor-section elementor-inner-section elementor-element elementor-element-d039f3b elementor-section-boxed elementor-section-height-default elementor-section-height-default\" data-id=\"d039f3b\" data-element_type=\"section\">\n\t\t\t\t\t\t<div class=\"elementor-container elementor-column-gap-default\">\n\t\t\t\t\t<div class=\"elementor-column elementor-col-33 elementor-inner-column elementor-element elementor-element-5f78c3b\" data-id=\"5f78c3b\" data-element_type=\"column\">\n\t\t\t<div class=\"elementor-widget-wrap elementor-element-populated\">\n\t\t\t\t\t\t<section class=\"elementor-section elementor-inner-section elementor-element elementor-element-471a079 elementor-section-boxed elementor-section-height-default elementor-section-height-default\" data-id=\"471a079\" data-element_type=\"section\">\n\t\t\t\t\t\t<div class=\"elementor-container elementor-column-gap-default\">\n\t\t\t\t\t<div class=\"elementor-column elementor-col-50 elementor-inner-column elementor-element elementor-element-8b81e12\" data-id=\"8b81e12\" data-element_type=\"column\">\n\t\t\t<div class=\"elementor-widget-wrap elementor-element-populated\">\n\t\t\t\t\t\t<div class=\"elementor-element elementor-element-3ba3d3e elementor-widget elementor-widget-image\" data-id=\"3ba3d3e\" data-element_type=\"widget\" data-widget_type=\"image.default\">\n\t\t\t\t<div class=\"elementor-widget-container\">\n\t\t\t\t\t\t\t\t\t\t\t\t\t\t\t\t<a href=\"https:\/\/scholar.google.es\/citations?user=rjMLATIAAAAJ&#038;hl=es\">\n\t\t\t\t\t\t\t<img decoding=\"async\" width=\"150\" height=\"150\" src=\"https:\/\/www.upo.es\/investiga\/HUM-680\/wp-content\/uploads\/2023\/11\/Google_Scholar_logo.svg-150x150.png\" class=\"elementor-animation-grow attachment-thumbnail size-thumbnail wp-image-2063\" alt=\"\" srcset=\"https:\/\/www.upo.es\/investiga\/HUM-680\/wp-content\/uploads\/2023\/11\/Google_Scholar_logo.svg-150x150.png 150w, https:\/\/www.upo.es\/investiga\/HUM-680\/wp-content\/uploads\/2023\/11\/Google_Scholar_logo.svg-300x300.png 300w, https:\/\/www.upo.es\/investiga\/HUM-680\/wp-content\/uploads\/2023\/11\/Google_Scholar_logo.svg-1024x1024.png 1024w, https:\/\/www.upo.es\/investiga\/HUM-680\/wp-content\/uploads\/2023\/11\/Google_Scholar_logo.svg-768x768.png 768w, https:\/\/www.upo.es\/investiga\/HUM-680\/wp-content\/uploads\/2023\/11\/Google_Scholar_logo.svg-1536x1536.png 1536w, https:\/\/www.upo.es\/investiga\/HUM-680\/wp-content\/uploads\/2023\/11\/Google_Scholar_logo.svg.png 2048w\" sizes=\"(max-width: 150px) 100vw, 150px\" \/>\t\t\t\t\t\t\t\t<\/a>\n\t\t\t\t\t\t\t\t\t\t\t\t\t\t\t<\/div>\n\t\t\t\t<\/div>\n\t\t\t\t\t<\/div>\n\t\t<\/div>\n\t\t\t\t<div class=\"elementor-column elementor-col-50 elementor-inner-column elementor-element elementor-element-22b45f2\" data-id=\"22b45f2\" data-element_type=\"column\">\n\t\t\t<div class=\"elementor-widget-wrap elementor-element-populated\">\n\t\t\t\t\t\t<div class=\"elementor-element elementor-element-abd1ff6 elementor-widget elementor-widget-image\" data-id=\"abd1ff6\" data-element_type=\"widget\" data-widget_type=\"image.default\">\n\t\t\t\t<div class=\"elementor-widget-container\">\n\t\t\t\t\t\t\t\t\t\t\t\t\t\t\t\t<a href=\"https:\/\/ucm.academia.edu\/BenoitMarechaux\">\n\t\t\t\t\t\t\t<img decoding=\"async\" width=\"360\" height=\"270\" src=\"https:\/\/www.upo.es\/investiga\/HUM-680\/wp-content\/uploads\/2023\/11\/1_wnzfchY0lc5EIUoOPENhTw.png\" class=\"elementor-animation-grow attachment-large size-large wp-image-2056\" alt=\"\" srcset=\"https:\/\/www.upo.es\/investiga\/HUM-680\/wp-content\/uploads\/2023\/11\/1_wnzfchY0lc5EIUoOPENhTw.png 360w, https:\/\/www.upo.es\/investiga\/HUM-680\/wp-content\/uploads\/2023\/11\/1_wnzfchY0lc5EIUoOPENhTw-300x225.png 300w\" sizes=\"(max-width: 360px) 100vw, 360px\" \/>\t\t\t\t\t\t\t\t<\/a>\n\t\t\t\t\t\t\t\t\t\t\t\t\t\t\t<\/div>\n\t\t\t\t<\/div>\n\t\t\t\t\t<\/div>\n\t\t<\/div>\n\t\t\t\t\t<\/div>\n\t\t<\/section>\n\t\t\t\t\t<\/div>\n\t\t<\/div>\n\t\t\t\t<div class=\"elementor-column elementor-col-33 elementor-inner-column elementor-element elementor-element-68c3a7c\" data-id=\"68c3a7c\" data-element_type=\"column\">\n\t\t\t<div class=\"elementor-widget-wrap elementor-element-populated\">\n\t\t\t\t\t\t<section class=\"elementor-section elementor-inner-section elementor-element elementor-element-837a3c8 elementor-section-boxed elementor-section-height-default elementor-section-height-default\" data-id=\"837a3c8\" data-element_type=\"section\">\n\t\t\t\t\t\t<div class=\"elementor-container elementor-column-gap-default\">\n\t\t\t\t\t<div class=\"elementor-column elementor-col-100 elementor-inner-column elementor-element elementor-element-ddaec06\" data-id=\"ddaec06\" data-element_type=\"column\">\n\t\t\t<div class=\"elementor-widget-wrap elementor-element-populated\">\n\t\t\t\t\t\t<div class=\"elementor-element elementor-element-0c3c4ca elementor-widget elementor-widget-image\" data-id=\"0c3c4ca\" data-element_type=\"widget\" data-widget_type=\"image.default\">\n\t\t\t\t<div class=\"elementor-widget-container\">\n\t\t\t\t\t\t\t\t\t\t\t\t\t\t\t\t<a href=\"https:\/\/hisfimed.hypotheses.org\/\">\n\t\t\t\t\t\t\t<img loading=\"lazy\" decoding=\"async\" width=\"248\" height=\"248\" src=\"https:\/\/www.upo.es\/investiga\/HUM-680\/wp-content\/uploads\/2023\/11\/cropped-Agrupacion-principal-Monocromo-Blanca-fondo-transparente@5x.png\" class=\"elementor-animation-grow attachment-large size-large wp-image-2135\" alt=\"\" srcset=\"https:\/\/www.upo.es\/investiga\/HUM-680\/wp-content\/uploads\/2023\/11\/cropped-Agrupacion-principal-Monocromo-Blanca-fondo-transparente@5x.png 248w, https:\/\/www.upo.es\/investiga\/HUM-680\/wp-content\/uploads\/2023\/11\/cropped-Agrupacion-principal-Monocromo-Blanca-fondo-transparente@5x-150x150.png 150w\" sizes=\"(max-width: 248px) 100vw, 248px\" \/>\t\t\t\t\t\t\t\t<\/a>\n\t\t\t\t\t\t\t\t\t\t\t\t\t\t\t<\/div>\n\t\t\t\t<\/div>\n\t\t\t\t\t<\/div>\n\t\t<\/div>\n\t\t\t\t\t<\/div>\n\t\t<\/section>\n\t\t\t\t\t<\/div>\n\t\t<\/div>\n\t\t\t\t<div class=\"elementor-column elementor-col-33 elementor-inner-column elementor-element elementor-element-899bdcb\" data-id=\"899bdcb\" data-element_type=\"column\">\n\t\t\t<div class=\"elementor-widget-wrap elementor-element-populated\">\n\t\t\t\t\t\t<section class=\"elementor-section elementor-inner-section elementor-element elementor-element-66c777c elementor-section-boxed elementor-section-height-default elementor-section-height-default\" data-id=\"66c777c\" data-element_type=\"section\">\n\t\t\t\t\t\t<div class=\"elementor-container elementor-column-gap-default\">\n\t\t\t\t\t<div class=\"elementor-column elementor-col-50 elementor-inner-column elementor-element elementor-element-1aa89fe\" data-id=\"1aa89fe\" data-element_type=\"column\">\n\t\t\t<div class=\"elementor-widget-wrap elementor-element-populated\">\n\t\t\t\t\t\t<div class=\"elementor-element elementor-element-05cd64f elementor-widget elementor-widget-image\" data-id=\"05cd64f\" data-element_type=\"widget\" data-widget_type=\"image.default\">\n\t\t\t\t<div class=\"elementor-widget-container\">\n\t\t\t\t\t\t\t\t\t\t\t\t\t\t\t\t<a href=\"https:\/\/orcid.org\/0000-0002-2722-1618\">\n\t\t\t\t\t\t\t<img loading=\"lazy\" decoding=\"async\" width=\"150\" height=\"150\" src=\"https:\/\/www.upo.es\/investiga\/HUM-680\/wp-content\/uploads\/2023\/11\/logo-ORCID-150x150.png\" class=\"elementor-animation-grow attachment-thumbnail size-thumbnail wp-image-2059\" alt=\"\" srcset=\"https:\/\/www.upo.es\/investiga\/HUM-680\/wp-content\/uploads\/2023\/11\/logo-ORCID-150x150.png 150w, https:\/\/www.upo.es\/investiga\/HUM-680\/wp-content\/uploads\/2023\/11\/logo-ORCID-300x300.png 300w, https:\/\/www.upo.es\/investiga\/HUM-680\/wp-content\/uploads\/2023\/11\/logo-ORCID-768x768.png 768w, https:\/\/www.upo.es\/investiga\/HUM-680\/wp-content\/uploads\/2023\/11\/logo-ORCID.png 800w\" sizes=\"(max-width: 150px) 100vw, 150px\" \/>\t\t\t\t\t\t\t\t<\/a>\n\t\t\t\t\t\t\t\t\t\t\t\t\t\t\t<\/div>\n\t\t\t\t<\/div>\n\t\t\t\t\t<\/div>\n\t\t<\/div>\n\t\t\t\t<div class=\"elementor-column elementor-col-50 elementor-inner-column elementor-element elementor-element-d8e769d\" data-id=\"d8e769d\" data-element_type=\"column\">\n\t\t\t<div class=\"elementor-widget-wrap elementor-element-populated\">\n\t\t\t\t\t\t<div class=\"elementor-element elementor-element-ce69f2a elementor-widget elementor-widget-image\" data-id=\"ce69f2a\" data-element_type=\"widget\" data-widget_type=\"image.default\">\n\t\t\t\t<div class=\"elementor-widget-container\">\n\t\t\t\t\t\t\t\t\t\t\t\t\t\t\t\t<a href=\"https:\/\/dialnet.unirioja.es\/servlet\/autor?codigo=2589873\">\n\t\t\t\t\t\t\t<img loading=\"lazy\" decoding=\"async\" width=\"150\" height=\"150\" src=\"https:\/\/www.upo.es\/investiga\/HUM-680\/wp-content\/uploads\/2023\/11\/dialnet-logo-150x150.png\" class=\"elementor-animation-grow attachment-thumbnail size-thumbnail wp-image-2057\" alt=\"\" srcset=\"https:\/\/www.upo.es\/investiga\/HUM-680\/wp-content\/uploads\/2023\/11\/dialnet-logo-150x150.png 150w, https:\/\/www.upo.es\/investiga\/HUM-680\/wp-content\/uploads\/2023\/11\/dialnet-logo-300x300.png 300w, https:\/\/www.upo.es\/investiga\/HUM-680\/wp-content\/uploads\/2023\/11\/dialnet-logo.png 400w\" sizes=\"(max-width: 150px) 100vw, 150px\" \/>\t\t\t\t\t\t\t\t<\/a>\n\t\t\t\t\t\t\t\t\t\t\t\t\t\t\t<\/div>\n\t\t\t\t<\/div>\n\t\t\t\t\t<\/div>\n\t\t<\/div>\n\t\t\t\t\t<\/div>\n\t\t<\/section>\n\t\t\t\t\t<\/div>\n\t\t<\/div>\n\t\t\t\t\t<\/div>\n\t\t<\/section>\n\t\t\t\t\t<\/div>\n\t\t<\/div>\n\t\t\t\t\t<\/div>\n\t\t<\/section>\n\t\t\t\t<\/div>\n\t\t","protected":false},"excerpt":{"rendered":"<p>Geometry, Frans Floris (1557) Estudios sobre Europa, el mundo mediterr\u00e1neoy su difusi\u00f3n atl\u00e1ntica(HUM 680) Beno\u00eet Mar\u00e9chaux Doctor en Historia Econ\u00f3mica por la Universidad Carlos III de Madrid (2017), Beno\u00eet Mar\u00e9chaux fue&nbsp;Max Weber fellow&nbsp;en el European University Institute de Florencia en 2018-2019. Se licenci\u00f3 en Historia en la Universit\u00e9 Paris-IV Sorbonne, [&hellip;]<\/p>\n","protected":false},"author":1,"featured_media":0,"parent":0,"menu_order":0,"comment_status":"closed","ping_status":"closed","template":"page-templates\/template-pagebuilder-full-width.php","meta":{"footnotes":""},"_links":{"self":[{"href":"https:\/\/www.upo.es\/investiga\/HUM-680\/wp-json\/wp\/v2\/pages\/1802"}],"collection":[{"href":"https:\/\/www.upo.es\/investiga\/HUM-680\/wp-json\/wp\/v2\/pages"}],"about":[{"href":"https:\/\/www.upo.es\/investiga\/HUM-680\/wp-json\/wp\/v2\/types\/page"}],"author":[{"embeddable":true,"href":"https:\/\/www.upo.es\/investiga\/HUM-680\/wp-json\/wp\/v2\/users\/1"}],"replies":[{"embeddable":true,"href":"https:\/\/www.upo.es\/investiga\/HUM-680\/wp-json\/wp\/v2\/comments?post=1802"}],"version-history":[{"count":22,"href":"https:\/\/www.upo.es\/investiga\/HUM-680\/wp-json\/wp\/v2\/pages\/1802\/revisions"}],"predecessor-version":[{"id":3713,"href":"https:\/\/www.upo.es\/investiga\/HUM-680\/wp-json\/wp\/v2\/pages\/1802\/revisions\/3713"}],"wp:attachment":[{"href":"https:\/\/www.upo.es\/investiga\/HUM-680\/wp-json\/wp\/v2\/media?parent=1802"}],"curies":[{"name":"wp","href":"https:\/\/api.w.org\/{rel}","templated":true}]}}