{"id":1933,"date":"2023-11-28T19:21:05","date_gmt":"2023-11-28T19:21:05","guid":{"rendered":"https:\/\/www.upo.es\/investiga\/HUM-680\/?page_id=1933"},"modified":"2024-12-20T18:39:14","modified_gmt":"2024-12-20T18:39:14","slug":"alberto-mariano-rodriguez-martinez-2","status":"publish","type":"page","link":"https:\/\/www.upo.es\/investiga\/HUM-680\/en\/alberto-mariano-rodriguez-martinez-2\/","title":{"rendered":"Alberto Mariano Rodr\u00edguez Mart\u00ednez"},"content":{"rendered":"\t\t<div data-elementor-type=\"wp-page\" data-elementor-id=\"1933\" class=\"elementor elementor-1933\">\n\t\t\t\t\t\t<section class=\"elementor-section elementor-top-section elementor-element elementor-element-90f2ae4 elementor-section-full_width elementor-section-stretched elementor-section-height-default elementor-section-height-default\" data-id=\"90f2ae4\" data-element_type=\"section\" data-settings=\"{&quot;stretch_section&quot;:&quot;section-stretched&quot;,&quot;background_background&quot;:&quot;classic&quot;}\">\n\t\t\t\t\t\t<div class=\"elementor-container elementor-column-gap-default\">\n\t\t\t\t\t<div class=\"elementor-column elementor-col-100 elementor-top-column elementor-element elementor-element-041a805\" data-id=\"041a805\" data-element_type=\"column\">\n\t\t\t<div class=\"elementor-widget-wrap elementor-element-populated\">\n\t\t\t\t\t\t<div class=\"elementor-element elementor-element-877e91b elementor-widget elementor-widget-text-editor\" data-id=\"877e91b\" data-element_type=\"widget\" data-widget_type=\"text-editor.default\">\n\t\t\t\t<div class=\"elementor-widget-container\">\n\t\t\t\t\t\t\t\t\t<p style=\"text-align: right;\"><em>Geometry<\/em>, Frans Floris (1557)<\/p>\t\t\t\t\t\t\t\t<\/div>\n\t\t\t\t<\/div>\n\t\t\t\t<div class=\"elementor-element elementor-element-facc76d elementor-widget__width-initial elementor-widget elementor-widget-heading\" data-id=\"facc76d\" data-element_type=\"widget\" data-widget_type=\"heading.default\">\n\t\t\t\t<div class=\"elementor-widget-container\">\n\t\t\t\t\t<h2 class=\"elementor-heading-title elementor-size-default\">Estudios sobre Europa, <br>el mundo mediterr\u00e1neo<br>y su difusi\u00f3n atl\u00e1ntica<br>(HUM 680)<\/h2>\t\t\t\t<\/div>\n\t\t\t\t<\/div>\n\t\t\t\t\t<\/div>\n\t\t<\/div>\n\t\t\t\t\t<\/div>\n\t\t<\/section>\n\t\t\t\t<section class=\"elementor-section elementor-top-section elementor-element elementor-element-5b4e1ba elementor-section-boxed elementor-section-height-default elementor-section-height-default\" data-id=\"5b4e1ba\" data-element_type=\"section\">\n\t\t\t\t\t\t<div class=\"elementor-container elementor-column-gap-default\">\n\t\t\t\t\t<div class=\"elementor-column elementor-col-100 elementor-top-column elementor-element elementor-element-df05a3e\" data-id=\"df05a3e\" data-element_type=\"column\">\n\t\t\t<div class=\"elementor-widget-wrap elementor-element-populated\">\n\t\t\t\t\t\t<div class=\"elementor-element elementor-element-5e195db elementor-widget elementor-widget-heading\" data-id=\"5e195db\" data-element_type=\"widget\" data-widget_type=\"heading.default\">\n\t\t\t\t<div class=\"elementor-widget-container\">\n\t\t\t\t\t<h2 class=\"elementor-heading-title elementor-size-default\">Alberto Mariano Rodr\u00edguez Mart\u00ednez<\/h2>\t\t\t\t<\/div>\n\t\t\t\t<\/div>\n\t\t\t\t\t<\/div>\n\t\t<\/div>\n\t\t\t\t\t<\/div>\n\t\t<\/section>\n\t\t\t\t<section class=\"elementor-section elementor-top-section elementor-element elementor-element-537cbe1 elementor-section-boxed elementor-section-height-default elementor-section-height-default\" data-id=\"537cbe1\" data-element_type=\"section\">\n\t\t\t\t\t\t<div class=\"elementor-container elementor-column-gap-default\">\n\t\t\t\t\t<div class=\"elementor-column elementor-col-50 elementor-top-column elementor-element elementor-element-e026276\" data-id=\"e026276\" data-element_type=\"column\" data-settings=\"{&quot;background_background&quot;:&quot;gradient&quot;}\">\n\t\t\t<div class=\"elementor-widget-wrap elementor-element-populated\">\n\t\t\t\t\t\t<div class=\"elementor-element elementor-element-a9f3023 elementor-widget elementor-widget-image\" data-id=\"a9f3023\" data-element_type=\"widget\" data-widget_type=\"image.default\">\n\t\t\t\t<div class=\"elementor-widget-container\">\n\t\t\t\t\t\t\t\t\t\t\t\t\t\t\t<img fetchpriority=\"high\" decoding=\"async\" width=\"750\" height=\"720\" src=\"https:\/\/www.upo.es\/investiga\/HUM-680\/wp-content\/uploads\/2023\/12\/alberto-mariano-1024x983.png\" class=\"attachment-large size-large wp-image-2392\" alt=\"\" srcset=\"https:\/\/www.upo.es\/investiga\/HUM-680\/wp-content\/uploads\/2023\/12\/alberto-mariano-1024x983.png 1024w, https:\/\/www.upo.es\/investiga\/HUM-680\/wp-content\/uploads\/2023\/12\/alberto-mariano-300x288.png 300w, https:\/\/www.upo.es\/investiga\/HUM-680\/wp-content\/uploads\/2023\/12\/alberto-mariano-768x738.png 768w, https:\/\/www.upo.es\/investiga\/HUM-680\/wp-content\/uploads\/2023\/12\/alberto-mariano.png 1110w\" sizes=\"(max-width: 750px) 100vw, 750px\" \/>\t\t\t\t\t\t\t\t\t\t\t\t\t\t\t<\/div>\n\t\t\t\t<\/div>\n\t\t\t\t\t<\/div>\n\t\t<\/div>\n\t\t\t\t<div class=\"elementor-column elementor-col-50 elementor-top-column elementor-element elementor-element-441b181\" data-id=\"441b181\" data-element_type=\"column\">\n\t\t\t<div class=\"elementor-widget-wrap elementor-element-populated\">\n\t\t\t\t\t\t<div class=\"elementor-element elementor-element-dc9ae66 elementor-widget elementor-widget-text-editor\" data-id=\"dc9ae66\" data-element_type=\"widget\" data-widget_type=\"text-editor.default\">\n\t\t\t\t<div class=\"elementor-widget-container\">\n\t\t\t\t\t\t\t\t\t<p style=\"text-align: justify;\">Bachelor\u2019s degree in History from the University of Granada (2011). PhD in Early Modern History from the University Pablo de Olavide (2022), with the dissertation <em>Negotiation, Power and Sovereignty in the Low Countries (1598-1621)<\/em>. His thesis was awarded Extraordinary PhD Award in 2023. Between 2013 and 2017 he held a doctoral scholarship (FPU) at University Pablo de Olavide. He is currently affiliated researcher at the Early Modern History group at the Universidad Pablo de Olavide. He has carried out research stays at the University of Leiden (Netherlands) and the University of Leuven (Belgium). Thanks to several grants he received from <em>Nederlandse Taalunie<\/em>, his training in Dutch language allowed him to approach to Dutch and Belgian archives. In 2018 he was research fellow at the Leibniz Institute for European History (Mainz, Germany).<\/p>\n<p style=\"text-align: justify;\">His research proposes a re-reading of the conflict between the Hispanic Monarchy and the United Provinces. In particular, he analyses the role played by local and cross-border actors in the evolution of Hispano-Dutch relations, which justifies his interest in the study of urban diplomacy and political communication.<\/p>\t\t\t\t\t\t\t\t<\/div>\n\t\t\t\t<\/div>\n\t\t\t\t<section class=\"elementor-section elementor-inner-section elementor-element elementor-element-b946be4 elementor-section-boxed elementor-section-height-default elementor-section-height-default\" data-id=\"b946be4\" data-element_type=\"section\">\n\t\t\t\t\t\t<div class=\"elementor-container elementor-column-gap-default\">\n\t\t\t\t\t<div class=\"elementor-column elementor-col-50 elementor-inner-column elementor-element elementor-element-a290438\" data-id=\"a290438\" data-element_type=\"column\">\n\t\t\t<div class=\"elementor-widget-wrap elementor-element-populated\">\n\t\t\t\t\t\t<section class=\"elementor-section elementor-inner-section elementor-element elementor-element-6c5e5ee elementor-section-boxed elementor-section-height-default elementor-section-height-default\" data-id=\"6c5e5ee\" data-element_type=\"section\">\n\t\t\t\t\t\t<div class=\"elementor-container elementor-column-gap-default\">\n\t\t\t\t\t<div class=\"elementor-column elementor-col-50 elementor-inner-column elementor-element elementor-element-5dba312\" data-id=\"5dba312\" data-element_type=\"column\">\n\t\t\t<div class=\"elementor-widget-wrap elementor-element-populated\">\n\t\t\t\t\t\t<div class=\"elementor-element elementor-element-cd0e9ff elementor-widget elementor-widget-image\" data-id=\"cd0e9ff\" data-element_type=\"widget\" data-widget_type=\"image.default\">\n\t\t\t\t<div class=\"elementor-widget-container\">\n\t\t\t\t\t\t\t\t\t\t\t\t\t\t\t\t<a href=\"https:\/\/scholar.google.com\/citations?user=7C5SbcUAAAAJ\">\n\t\t\t\t\t\t\t<img decoding=\"async\" width=\"150\" height=\"150\" src=\"https:\/\/www.upo.es\/investiga\/HUM-680\/wp-content\/uploads\/2023\/11\/Google_Scholar_logo.svg-150x150.png\" class=\"elementor-animation-grow attachment-thumbnail size-thumbnail wp-image-2063\" alt=\"\" srcset=\"https:\/\/www.upo.es\/investiga\/HUM-680\/wp-content\/uploads\/2023\/11\/Google_Scholar_logo.svg-150x150.png 150w, https:\/\/www.upo.es\/investiga\/HUM-680\/wp-content\/uploads\/2023\/11\/Google_Scholar_logo.svg-300x300.png 300w, https:\/\/www.upo.es\/investiga\/HUM-680\/wp-content\/uploads\/2023\/11\/Google_Scholar_logo.svg-1024x1024.png 1024w, https:\/\/www.upo.es\/investiga\/HUM-680\/wp-content\/uploads\/2023\/11\/Google_Scholar_logo.svg-768x768.png 768w, https:\/\/www.upo.es\/investiga\/HUM-680\/wp-content\/uploads\/2023\/11\/Google_Scholar_logo.svg-1536x1536.png 1536w, https:\/\/www.upo.es\/investiga\/HUM-680\/wp-content\/uploads\/2023\/11\/Google_Scholar_logo.svg.png 2048w\" sizes=\"(max-width: 150px) 100vw, 150px\" \/>\t\t\t\t\t\t\t\t<\/a>\n\t\t\t\t\t\t\t\t\t\t\t\t\t\t\t<\/div>\n\t\t\t\t<\/div>\n\t\t\t\t\t<\/div>\n\t\t<\/div>\n\t\t\t\t<div class=\"elementor-column elementor-col-50 elementor-inner-column elementor-element elementor-element-02813b2\" data-id=\"02813b2\" data-element_type=\"column\">\n\t\t\t<div class=\"elementor-widget-wrap elementor-element-populated\">\n\t\t\t\t\t\t<div class=\"elementor-element elementor-element-0ccc178 elementor-widget elementor-widget-image\" data-id=\"0ccc178\" data-element_type=\"widget\" data-widget_type=\"image.default\">\n\t\t\t\t<div class=\"elementor-widget-container\">\n\t\t\t\t\t\t\t\t\t\t\t\t\t\t\t\t<a href=\"https:\/\/upo.academia.edu\/AlbertoMarianoRodr%C3%ADguezMart%C3%ADnez\">\n\t\t\t\t\t\t\t<img decoding=\"async\" width=\"360\" height=\"270\" src=\"https:\/\/www.upo.es\/investiga\/HUM-680\/wp-content\/uploads\/2023\/11\/1_wnzfchY0lc5EIUoOPENhTw.png\" class=\"elementor-animation-grow attachment-large size-large wp-image-2056\" alt=\"\" srcset=\"https:\/\/www.upo.es\/investiga\/HUM-680\/wp-content\/uploads\/2023\/11\/1_wnzfchY0lc5EIUoOPENhTw.png 360w, https:\/\/www.upo.es\/investiga\/HUM-680\/wp-content\/uploads\/2023\/11\/1_wnzfchY0lc5EIUoOPENhTw-300x225.png 300w\" sizes=\"(max-width: 360px) 100vw, 360px\" \/>\t\t\t\t\t\t\t\t<\/a>\n\t\t\t\t\t\t\t\t\t\t\t\t\t\t\t<\/div>\n\t\t\t\t<\/div>\n\t\t\t\t\t<\/div>\n\t\t<\/div>\n\t\t\t\t\t<\/div>\n\t\t<\/section>\n\t\t\t\t\t<\/div>\n\t\t<\/div>\n\t\t\t\t<div class=\"elementor-column elementor-col-50 elementor-inner-column elementor-element elementor-element-dbd581a\" data-id=\"dbd581a\" data-element_type=\"column\">\n\t\t\t<div class=\"elementor-widget-wrap elementor-element-populated\">\n\t\t\t\t\t\t<section class=\"elementor-section elementor-inner-section elementor-element elementor-element-a9df56f elementor-section-boxed elementor-section-height-default elementor-section-height-default\" data-id=\"a9df56f\" data-element_type=\"section\">\n\t\t\t\t\t\t<div class=\"elementor-container elementor-column-gap-default\">\n\t\t\t\t\t<div class=\"elementor-column elementor-col-50 elementor-inner-column elementor-element elementor-element-b5b4db8\" data-id=\"b5b4db8\" data-element_type=\"column\">\n\t\t\t<div class=\"elementor-widget-wrap elementor-element-populated\">\n\t\t\t\t\t\t<div class=\"elementor-element elementor-element-147d1c1 elementor-widget elementor-widget-image\" data-id=\"147d1c1\" data-element_type=\"widget\" data-widget_type=\"image.default\">\n\t\t\t\t<div class=\"elementor-widget-container\">\n\t\t\t\t\t\t\t\t\t\t\t\t\t\t\t\t<a href=\"https:\/\/orcid.org\/0000-0002-3764-9028\">\n\t\t\t\t\t\t\t<img loading=\"lazy\" decoding=\"async\" width=\"150\" height=\"150\" src=\"https:\/\/www.upo.es\/investiga\/HUM-680\/wp-content\/uploads\/2023\/11\/logo-ORCID-150x150.png\" class=\"elementor-animation-grow attachment-thumbnail size-thumbnail wp-image-2059\" alt=\"\" srcset=\"https:\/\/www.upo.es\/investiga\/HUM-680\/wp-content\/uploads\/2023\/11\/logo-ORCID-150x150.png 150w, https:\/\/www.upo.es\/investiga\/HUM-680\/wp-content\/uploads\/2023\/11\/logo-ORCID-300x300.png 300w, https:\/\/www.upo.es\/investiga\/HUM-680\/wp-content\/uploads\/2023\/11\/logo-ORCID-768x768.png 768w, https:\/\/www.upo.es\/investiga\/HUM-680\/wp-content\/uploads\/2023\/11\/logo-ORCID.png 800w\" sizes=\"(max-width: 150px) 100vw, 150px\" \/>\t\t\t\t\t\t\t\t<\/a>\n\t\t\t\t\t\t\t\t\t\t\t\t\t\t\t<\/div>\n\t\t\t\t<\/div>\n\t\t\t\t\t<\/div>\n\t\t<\/div>\n\t\t\t\t<div class=\"elementor-column elementor-col-50 elementor-inner-column elementor-element elementor-element-496401d\" data-id=\"496401d\" data-element_type=\"column\">\n\t\t\t<div class=\"elementor-widget-wrap elementor-element-populated\">\n\t\t\t\t\t\t<div class=\"elementor-element elementor-element-f3d76d5 elementor-widget elementor-widget-image\" data-id=\"f3d76d5\" data-element_type=\"widget\" data-widget_type=\"image.default\">\n\t\t\t\t<div class=\"elementor-widget-container\">\n\t\t\t\t\t\t\t\t\t\t\t\t\t\t\t\t<a href=\"https:\/\/dialnet.unirioja.es\/servlet\/autor?codigo=3415785\">\n\t\t\t\t\t\t\t<img loading=\"lazy\" decoding=\"async\" width=\"150\" height=\"150\" src=\"https:\/\/www.upo.es\/investiga\/HUM-680\/wp-content\/uploads\/2023\/11\/dialnet-logo-150x150.png\" class=\"elementor-animation-grow attachment-thumbnail size-thumbnail wp-image-2057\" alt=\"\" srcset=\"https:\/\/www.upo.es\/investiga\/HUM-680\/wp-content\/uploads\/2023\/11\/dialnet-logo-150x150.png 150w, https:\/\/www.upo.es\/investiga\/HUM-680\/wp-content\/uploads\/2023\/11\/dialnet-logo-300x300.png 300w, https:\/\/www.upo.es\/investiga\/HUM-680\/wp-content\/uploads\/2023\/11\/dialnet-logo.png 400w\" sizes=\"(max-width: 150px) 100vw, 150px\" \/>\t\t\t\t\t\t\t\t<\/a>\n\t\t\t\t\t\t\t\t\t\t\t\t\t\t\t<\/div>\n\t\t\t\t<\/div>\n\t\t\t\t\t<\/div>\n\t\t<\/div>\n\t\t\t\t\t<\/div>\n\t\t<\/section>\n\t\t\t\t\t<\/div>\n\t\t<\/div>\n\t\t\t\t\t<\/div>\n\t\t<\/section>\n\t\t\t\t\t<\/div>\n\t\t<\/div>\n\t\t\t\t\t<\/div>\n\t\t<\/section>\n\t\t\t\t<\/div>\n\t\t","protected":false},"excerpt":{"rendered":"<p>Geometry, Frans Floris (1557) Estudios sobre Europa, el mundo mediterr\u00e1neoy su difusi\u00f3n atl\u00e1ntica(HUM 680) Alberto Mariano Rodr\u00edguez Mart\u00ednez Bachelor\u2019s degree in History from the University of Granada (2011). PhD in Early Modern History from the University Pablo de Olavide (2022), with the dissertation Negotiation, Power and Sovereignty in the Low [&hellip;]<\/p>\n","protected":false},"author":1,"featured_media":0,"parent":0,"menu_order":0,"comment_status":"closed","ping_status":"closed","template":"page-templates\/template-pagebuilder-full-width.php","meta":{"footnotes":""},"_links":{"self":[{"href":"https:\/\/www.upo.es\/investiga\/HUM-680\/wp-json\/wp\/v2\/pages\/1933"}],"collection":[{"href":"https:\/\/www.upo.es\/investiga\/HUM-680\/wp-json\/wp\/v2\/pages"}],"about":[{"href":"https:\/\/www.upo.es\/investiga\/HUM-680\/wp-json\/wp\/v2\/types\/page"}],"author":[{"embeddable":true,"href":"https:\/\/www.upo.es\/investiga\/HUM-680\/wp-json\/wp\/v2\/users\/1"}],"replies":[{"embeddable":true,"href":"https:\/\/www.upo.es\/investiga\/HUM-680\/wp-json\/wp\/v2\/comments?post=1933"}],"version-history":[{"count":19,"href":"https:\/\/www.upo.es\/investiga\/HUM-680\/wp-json\/wp\/v2\/pages\/1933\/revisions"}],"predecessor-version":[{"id":3700,"href":"https:\/\/www.upo.es\/investiga\/HUM-680\/wp-json\/wp\/v2\/pages\/1933\/revisions\/3700"}],"wp:attachment":[{"href":"https:\/\/www.upo.es\/investiga\/HUM-680\/wp-json\/wp\/v2\/media?parent=1933"}],"curies":[{"name":"wp","href":"https:\/\/api.w.org\/{rel}","templated":true}]}}