{"id":1934,"date":"2023-11-28T19:21:54","date_gmt":"2023-11-28T19:21:54","guid":{"rendered":"https:\/\/www.upo.es\/investiga\/HUM-680\/?page_id=1934"},"modified":"2024-12-20T18:34:46","modified_gmt":"2024-12-20T18:34:46","slug":"alberto-jose-campillo-pardo","status":"publish","type":"page","link":"https:\/\/www.upo.es\/investiga\/HUM-680\/en\/alberto-jose-campillo-pardo\/","title":{"rendered":"Alberto Jos\u00e9 Campillo Pardo"},"content":{"rendered":"\t\t<div data-elementor-type=\"wp-page\" data-elementor-id=\"1934\" class=\"elementor elementor-1934\">\n\t\t\t\t\t\t<section class=\"elementor-section elementor-top-section elementor-element elementor-element-3b84096 elementor-section-full_width elementor-section-stretched elementor-section-height-default elementor-section-height-default\" data-id=\"3b84096\" data-element_type=\"section\" data-settings=\"{&quot;stretch_section&quot;:&quot;section-stretched&quot;,&quot;background_background&quot;:&quot;classic&quot;}\">\n\t\t\t\t\t\t<div class=\"elementor-container elementor-column-gap-default\">\n\t\t\t\t\t<div class=\"elementor-column elementor-col-100 elementor-top-column elementor-element elementor-element-a5b1340\" data-id=\"a5b1340\" data-element_type=\"column\">\n\t\t\t<div class=\"elementor-widget-wrap elementor-element-populated\">\n\t\t\t\t\t\t<div class=\"elementor-element elementor-element-30490a9 elementor-widget elementor-widget-text-editor\" data-id=\"30490a9\" data-element_type=\"widget\" data-widget_type=\"text-editor.default\">\n\t\t\t\t<div class=\"elementor-widget-container\">\n\t\t\t\t\t\t\t\t\t<p style=\"text-align: right;\"><em>Geometry<\/em>, Frans Floris (1557)<\/p>\t\t\t\t\t\t\t\t<\/div>\n\t\t\t\t<\/div>\n\t\t\t\t<div class=\"elementor-element elementor-element-3d5c754 elementor-widget__width-initial elementor-widget elementor-widget-heading\" data-id=\"3d5c754\" data-element_type=\"widget\" data-widget_type=\"heading.default\">\n\t\t\t\t<div class=\"elementor-widget-container\">\n\t\t\t\t\t<h2 class=\"elementor-heading-title elementor-size-default\">Estudios sobre Europa, <br>el mundo mediterr\u00e1neo<br>y su difusi\u00f3n atl\u00e1ntica<br>(HUM 680)<\/h2>\t\t\t\t<\/div>\n\t\t\t\t<\/div>\n\t\t\t\t\t<\/div>\n\t\t<\/div>\n\t\t\t\t\t<\/div>\n\t\t<\/section>\n\t\t\t\t<section class=\"elementor-section elementor-top-section elementor-element elementor-element-1c7aa24 elementor-section-boxed elementor-section-height-default elementor-section-height-default\" data-id=\"1c7aa24\" data-element_type=\"section\">\n\t\t\t\t\t\t<div class=\"elementor-container elementor-column-gap-default\">\n\t\t\t\t\t<div class=\"elementor-column elementor-col-100 elementor-top-column elementor-element elementor-element-19bd620\" data-id=\"19bd620\" data-element_type=\"column\">\n\t\t\t<div class=\"elementor-widget-wrap elementor-element-populated\">\n\t\t\t\t\t\t<div class=\"elementor-element elementor-element-12b6022 elementor-widget elementor-widget-heading\" data-id=\"12b6022\" data-element_type=\"widget\" data-widget_type=\"heading.default\">\n\t\t\t\t<div class=\"elementor-widget-container\">\n\t\t\t\t\t<h2 class=\"elementor-heading-title elementor-size-default\">Alberto Jos\u00e9 Campillo Pardo<\/h2>\t\t\t\t<\/div>\n\t\t\t\t<\/div>\n\t\t\t\t\t<\/div>\n\t\t<\/div>\n\t\t\t\t\t<\/div>\n\t\t<\/section>\n\t\t\t\t<section class=\"elementor-section elementor-top-section elementor-element elementor-element-2021140 elementor-section-boxed elementor-section-height-default elementor-section-height-default\" data-id=\"2021140\" data-element_type=\"section\">\n\t\t\t\t\t\t<div class=\"elementor-container elementor-column-gap-default\">\n\t\t\t\t\t<div class=\"elementor-column elementor-col-50 elementor-top-column elementor-element elementor-element-425ca2b\" data-id=\"425ca2b\" data-element_type=\"column\" data-settings=\"{&quot;background_background&quot;:&quot;gradient&quot;}\">\n\t\t\t<div class=\"elementor-widget-wrap elementor-element-populated\">\n\t\t\t\t\t\t<div class=\"elementor-element elementor-element-a848d19 elementor-widget elementor-widget-image\" data-id=\"a848d19\" data-element_type=\"widget\" data-widget_type=\"image.default\">\n\t\t\t\t<div class=\"elementor-widget-container\">\n\t\t\t\t\t\t\t\t\t\t\t\t\t\t\t<img fetchpriority=\"high\" decoding=\"async\" width=\"750\" height=\"720\" src=\"https:\/\/www.upo.es\/investiga\/HUM-680\/wp-content\/uploads\/2024\/03\/campillopng-1024x983.png\" class=\"attachment-large size-large wp-image-3007\" alt=\"\" srcset=\"https:\/\/www.upo.es\/investiga\/HUM-680\/wp-content\/uploads\/2024\/03\/campillopng-1024x983.png 1024w, https:\/\/www.upo.es\/investiga\/HUM-680\/wp-content\/uploads\/2024\/03\/campillopng-300x288.png 300w, https:\/\/www.upo.es\/investiga\/HUM-680\/wp-content\/uploads\/2024\/03\/campillopng-768x738.png 768w, https:\/\/www.upo.es\/investiga\/HUM-680\/wp-content\/uploads\/2024\/03\/campillopng.png 1110w\" sizes=\"(max-width: 750px) 100vw, 750px\" \/>\t\t\t\t\t\t\t\t\t\t\t\t\t\t\t<\/div>\n\t\t\t\t<\/div>\n\t\t\t\t\t<\/div>\n\t\t<\/div>\n\t\t\t\t<div class=\"elementor-column elementor-col-50 elementor-top-column elementor-element elementor-element-036f29d\" data-id=\"036f29d\" data-element_type=\"column\">\n\t\t\t<div class=\"elementor-widget-wrap elementor-element-populated\">\n\t\t\t\t\t\t<div class=\"elementor-element elementor-element-e82d577 elementor-widget elementor-widget-text-editor\" data-id=\"e82d577\" data-element_type=\"widget\" data-widget_type=\"text-editor.default\">\n\t\t\t\t<div class=\"elementor-widget-container\">\n\t\t\t\t\t\t\t\t\t<p style=\"text-align: justify;\">Alberto Jos\u00e9 Campillo Pardo holds a PhD in History from the Universidad de Sevilla. He obtained his B.A. in Political Science at the Universidad del Rosario, Colombia, and his M.A in History at the Universidad de los Andes, also in Colombia. His research focus has been in two main areas: the circulation of knowledge between Spain and New Granada in the Early Modern Period and the inquisitorial and governmental censorship in the Hispanic Monarchy. He has published several works on these subjects with high-impact publishers, such as Brill, Palgrave MacMillan, Comares, and the Universidad de Sevilla, including 2 books, 9 book chapters, and one article in a scientific journal. Between these publications, it is worth highlighting the monograph <em>Censura, expurgo y control en la <\/em><em>biblioteca colonial neogranadina <\/em>(Bogota, 2017), published by the Editorial de la Universidad del Rosario, one of the most important academic publishers in Colombia and Latin America. The book is the first systematic study of inquisitorial censorship during the New Granadian colonial period, with a broad focus on expurgatory practices.<\/p>\n<p style=\"text-align: justify;\">He graduated from his PhD in 2021, distinction \u00absobresaliente <em>cum laude\u00bb, <\/em>with the dissertation <em>Comerciantes, censores y bibliotecas: circulacion del conocimiento entre Espa\u00f1a y Nueva <\/em><em>Granada en el siglo XVIII,<\/em> published in March 2023 in a coedition between the Universidad del Rosario and Universidad Javeriana from Colombia and the Universidad Aut\u00f3noma del Estado de Mexico. It will be part of the series <em>Biblioteca Latinoamericana de Culturas del libro <\/em>and will be printed in both countries. This monograph represents one of the most relevant scientific contributions regarding the history of the cultural relations between the Enlightenment Europe and the XVIII century Americas, focusing on New Granada as a connector of both spaces. This work is supported by huge archival research from the funds of the Archivo de Indias in Sevilla, giving the book a great deal of originality and allowing it to revisit several common places and misconceptions on the matter.<\/p>\n<p style=\"text-align: justify;\">After his PhD he was granted a <em>Margarita Salas <\/em>postdoctoral fellow, with funding from the \u00abNext Generation\u00bb European program, at the Universidad de Sevilla. Due to the nature of this postdoctoral contract, which pursues academic mobility, Campillo has been working as a visiting researcher at the research group <em>PAIDI HUM-680 Europa, el mundo mediterraneo y su difusi\u00f3n <\/em><em>atlantica <\/em>from the Universidad Pablo de Olavide, directed by Manuel Herrero S\u00e1nchez. His research project is titled <em>Jos\u00e9 Celestino Mutis y la red de conocimiento cient\u00edfico en Nueva Granada, siglo XVIII, <\/em>which analyzes the existence of a worldwide scientific knowledge circulation network in which Mutis had a preponderant participation. This seeks to prove that in the Early Modern Period, a first globalization happened, not only in economic terms but also in a cultural dimension. For this project, the methodology used is Social Network Analysis applied to History, allowing him to enhance the study of this network with technological, graphic, and geographic tools.<\/p>\n<p style=\"text-align: justify;\">Among the activities of the <em>Margarita Salas <\/em>fellow, Campillo has been assigned 6 teaching credits, equivalent to 60 hours, in the courses of \u00abEuropa y el Mundo en la Edad Moderna\u00bb, \u00abHistoria Moderna\u00bb and the English taught course \u00abEarly Modern History\u00bb, in addition to supervising a TFG about slave traffic in New Granada. This adds to the 465 teaching hours that he has imparted in Colombia. On the other hand, he has also organized several conferences and seminars, as part of the PAIDI HUM-680 activities, including the conference cycle <em>Europa, el Mundo y su difusi\u00f3n <\/em><em style=\"font-size: inherit;\">atI\u00e1ntica 2022, <\/em><span style=\"font-size: inherit;\">and the international conference <\/span><em style=\"font-size: inherit;\">Patrimonio escrito en circulation: redes culturales y <\/em><em style=\"font-size: inherit;\">comerciales en la Edad Moderna <\/em><span style=\"font-size: inherit;\">which took place in Bogota, Colombia, the 5<\/span><sup>th<\/sup><span style=\"font-size: inherit;\"> and 6<\/span><sup>th<\/sup><span style=\"font-size: inherit;\"> of December 2022, at the Universidad del Rosario. The latter had participants from different countries such as Colombia, USA, Spain, Austria, and Germany, and currently, he is editing a conference volume, given the high quality of the panels, with Natalia Maillard \u00c1lvarez (UPO), member of the PAIDI HUM-680 research group.<\/span><\/p>\n<p style=\"text-align: justify;\">In addition to his main research as <em>Margarita Salas <\/em>fellow, Campillo has been consolidating an international academic network, that has resulted in the publication and edition of one collective volume, titled <em>Libros que hay y los que se han hallado: bibliotecas religiosas en la Am\u00e9rica lb\u00e9rica, <\/em>along with Idalia Garcia (UNAM) and Ana Cecilia Montiel (UAEMex), published in 2023 by the Universidad del Rosario, and a monographic volume titled <em>Contra la barbarie del hombre, el mayor <\/em><em>bien de la cultura escrita: jesuitas en la Am\u00e9rica Espa\u00f1ola,<\/em>\u00a0published by the journal <em>I<\/em><em>HS. <\/em><em>Antiguos Jesuitas en lberoamerica. <\/em>In addition, he has two forthcoming chapters coauthored with Dr. Idalia Garcia (UNAM), titled <em>Private libraries in New Spain: a project in progress. and Persecuted in the <\/em><em>Spanish colonies, inquisitorial censorship, and the circulation of scientific books in New Spain and New <\/em><em>Granada, <\/em>published by Brill in 2023, in volumes of the collection \u00abLibrary of the Written Word\u00bb. Also, he is the PI of the research group <em>Patrimonio Cultural e Hist\u00f3rico (COL001187), <\/em>at the Universidad del Rosario, Colombia.<\/p>\t\t\t\t\t\t\t\t<\/div>\n\t\t\t\t<\/div>\n\t\t\t\t<section class=\"elementor-section elementor-inner-section elementor-element elementor-element-e99248d elementor-section-boxed elementor-section-height-default elementor-section-height-default\" data-id=\"e99248d\" data-element_type=\"section\">\n\t\t\t\t\t\t<div class=\"elementor-container elementor-column-gap-default\">\n\t\t\t\t\t<div class=\"elementor-column elementor-col-50 elementor-inner-column elementor-element elementor-element-23b1c69\" data-id=\"23b1c69\" data-element_type=\"column\">\n\t\t\t<div class=\"elementor-widget-wrap elementor-element-populated\">\n\t\t\t\t\t\t<section class=\"elementor-section elementor-inner-section elementor-element elementor-element-0fb31f8 elementor-section-boxed elementor-section-height-default elementor-section-height-default\" data-id=\"0fb31f8\" data-element_type=\"section\">\n\t\t\t\t\t\t<div class=\"elementor-container elementor-column-gap-default\">\n\t\t\t\t\t<div class=\"elementor-column elementor-col-50 elementor-inner-column elementor-element elementor-element-fc6ae1a\" data-id=\"fc6ae1a\" data-element_type=\"column\">\n\t\t\t<div class=\"elementor-widget-wrap elementor-element-populated\">\n\t\t\t\t\t\t<div class=\"elementor-element elementor-element-22b6bfa elementor-widget elementor-widget-image\" data-id=\"22b6bfa\" data-element_type=\"widget\" data-widget_type=\"image.default\">\n\t\t\t\t<div class=\"elementor-widget-container\">\n\t\t\t\t\t\t\t\t\t\t\t\t\t\t\t\t<a href=\"https:\/\/scholar.google.com\/citations?user=bLp5wFQAAAAJ&#038;hl=es\">\n\t\t\t\t\t\t\t<img decoding=\"async\" width=\"150\" height=\"150\" src=\"https:\/\/www.upo.es\/investiga\/HUM-680\/wp-content\/uploads\/2023\/11\/Google_Scholar_logo.svg-150x150.png\" class=\"elementor-animation-grow attachment-thumbnail size-thumbnail wp-image-2063\" alt=\"\" srcset=\"https:\/\/www.upo.es\/investiga\/HUM-680\/wp-content\/uploads\/2023\/11\/Google_Scholar_logo.svg-150x150.png 150w, https:\/\/www.upo.es\/investiga\/HUM-680\/wp-content\/uploads\/2023\/11\/Google_Scholar_logo.svg-300x300.png 300w, https:\/\/www.upo.es\/investiga\/HUM-680\/wp-content\/uploads\/2023\/11\/Google_Scholar_logo.svg-1024x1024.png 1024w, https:\/\/www.upo.es\/investiga\/HUM-680\/wp-content\/uploads\/2023\/11\/Google_Scholar_logo.svg-768x768.png 768w, https:\/\/www.upo.es\/investiga\/HUM-680\/wp-content\/uploads\/2023\/11\/Google_Scholar_logo.svg-1536x1536.png 1536w, https:\/\/www.upo.es\/investiga\/HUM-680\/wp-content\/uploads\/2023\/11\/Google_Scholar_logo.svg.png 2048w\" sizes=\"(max-width: 150px) 100vw, 150px\" \/>\t\t\t\t\t\t\t\t<\/a>\n\t\t\t\t\t\t\t\t\t\t\t\t\t\t\t<\/div>\n\t\t\t\t<\/div>\n\t\t\t\t\t<\/div>\n\t\t<\/div>\n\t\t\t\t<div class=\"elementor-column elementor-col-50 elementor-inner-column elementor-element elementor-element-771be95\" data-id=\"771be95\" data-element_type=\"column\">\n\t\t\t<div class=\"elementor-widget-wrap elementor-element-populated\">\n\t\t\t\t\t\t<div class=\"elementor-element elementor-element-ae44eff elementor-widget elementor-widget-image\" data-id=\"ae44eff\" data-element_type=\"widget\" data-widget_type=\"image.default\">\n\t\t\t\t<div class=\"elementor-widget-container\">\n\t\t\t\t\t\t\t\t\t\t\t\t\t\t\t\t<a href=\"https:\/\/us.academia.edu\/AlbertoCampillo\">\n\t\t\t\t\t\t\t<img decoding=\"async\" width=\"360\" height=\"270\" src=\"https:\/\/www.upo.es\/investiga\/HUM-680\/wp-content\/uploads\/2023\/11\/1_wnzfchY0lc5EIUoOPENhTw.png\" class=\"elementor-animation-grow attachment-large size-large wp-image-2056\" alt=\"\" srcset=\"https:\/\/www.upo.es\/investiga\/HUM-680\/wp-content\/uploads\/2023\/11\/1_wnzfchY0lc5EIUoOPENhTw.png 360w, https:\/\/www.upo.es\/investiga\/HUM-680\/wp-content\/uploads\/2023\/11\/1_wnzfchY0lc5EIUoOPENhTw-300x225.png 300w\" sizes=\"(max-width: 360px) 100vw, 360px\" \/>\t\t\t\t\t\t\t\t<\/a>\n\t\t\t\t\t\t\t\t\t\t\t\t\t\t\t<\/div>\n\t\t\t\t<\/div>\n\t\t\t\t\t<\/div>\n\t\t<\/div>\n\t\t\t\t\t<\/div>\n\t\t<\/section>\n\t\t\t\t\t<\/div>\n\t\t<\/div>\n\t\t\t\t<div class=\"elementor-column elementor-col-50 elementor-inner-column elementor-element elementor-element-c46ef43\" data-id=\"c46ef43\" data-element_type=\"column\">\n\t\t\t<div class=\"elementor-widget-wrap elementor-element-populated\">\n\t\t\t\t\t\t<section class=\"elementor-section elementor-inner-section elementor-element elementor-element-8138c7d elementor-section-boxed elementor-section-height-default elementor-section-height-default\" data-id=\"8138c7d\" data-element_type=\"section\">\n\t\t\t\t\t\t<div class=\"elementor-container elementor-column-gap-default\">\n\t\t\t\t\t<div class=\"elementor-column elementor-col-50 elementor-inner-column elementor-element elementor-element-f978a77\" data-id=\"f978a77\" data-element_type=\"column\">\n\t\t\t<div class=\"elementor-widget-wrap elementor-element-populated\">\n\t\t\t\t\t\t<div class=\"elementor-element elementor-element-c6ba3b7 elementor-widget elementor-widget-image\" data-id=\"c6ba3b7\" data-element_type=\"widget\" data-widget_type=\"image.default\">\n\t\t\t\t<div class=\"elementor-widget-container\">\n\t\t\t\t\t\t\t\t\t\t\t\t\t\t\t\t<a href=\"https:\/\/orcid.org\/0000-0002-8075-1124\">\n\t\t\t\t\t\t\t<img loading=\"lazy\" decoding=\"async\" width=\"150\" height=\"150\" src=\"https:\/\/www.upo.es\/investiga\/HUM-680\/wp-content\/uploads\/2023\/11\/logo-ORCID-150x150.png\" class=\"elementor-animation-grow attachment-thumbnail size-thumbnail wp-image-2059\" alt=\"\" srcset=\"https:\/\/www.upo.es\/investiga\/HUM-680\/wp-content\/uploads\/2023\/11\/logo-ORCID-150x150.png 150w, https:\/\/www.upo.es\/investiga\/HUM-680\/wp-content\/uploads\/2023\/11\/logo-ORCID-300x300.png 300w, https:\/\/www.upo.es\/investiga\/HUM-680\/wp-content\/uploads\/2023\/11\/logo-ORCID-768x768.png 768w, https:\/\/www.upo.es\/investiga\/HUM-680\/wp-content\/uploads\/2023\/11\/logo-ORCID.png 800w\" sizes=\"(max-width: 150px) 100vw, 150px\" \/>\t\t\t\t\t\t\t\t<\/a>\n\t\t\t\t\t\t\t\t\t\t\t\t\t\t\t<\/div>\n\t\t\t\t<\/div>\n\t\t\t\t\t<\/div>\n\t\t<\/div>\n\t\t\t\t<div class=\"elementor-column elementor-col-50 elementor-inner-column elementor-element elementor-element-2336e03\" data-id=\"2336e03\" data-element_type=\"column\">\n\t\t\t<div class=\"elementor-widget-wrap elementor-element-populated\">\n\t\t\t\t\t\t<div class=\"elementor-element elementor-element-6357130 elementor-widget elementor-widget-image\" data-id=\"6357130\" data-element_type=\"widget\" data-widget_type=\"image.default\">\n\t\t\t\t<div class=\"elementor-widget-container\">\n\t\t\t\t\t\t\t\t\t\t\t\t\t\t\t\t<a href=\"https:\/\/dialnet.unirioja.es\/servlet\/autor?codigo=5436109\">\n\t\t\t\t\t\t\t<img loading=\"lazy\" decoding=\"async\" width=\"150\" height=\"150\" src=\"https:\/\/www.upo.es\/investiga\/HUM-680\/wp-content\/uploads\/2023\/11\/dialnet-logo-150x150.png\" class=\"elementor-animation-grow attachment-thumbnail size-thumbnail wp-image-2057\" alt=\"\" srcset=\"https:\/\/www.upo.es\/investiga\/HUM-680\/wp-content\/uploads\/2023\/11\/dialnet-logo-150x150.png 150w, https:\/\/www.upo.es\/investiga\/HUM-680\/wp-content\/uploads\/2023\/11\/dialnet-logo-300x300.png 300w, https:\/\/www.upo.es\/investiga\/HUM-680\/wp-content\/uploads\/2023\/11\/dialnet-logo.png 400w\" sizes=\"(max-width: 150px) 100vw, 150px\" \/>\t\t\t\t\t\t\t\t<\/a>\n\t\t\t\t\t\t\t\t\t\t\t\t\t\t\t<\/div>\n\t\t\t\t<\/div>\n\t\t\t\t\t<\/div>\n\t\t<\/div>\n\t\t\t\t\t<\/div>\n\t\t<\/section>\n\t\t\t\t\t<\/div>\n\t\t<\/div>\n\t\t\t\t\t<\/div>\n\t\t<\/section>\n\t\t\t\t\t<\/div>\n\t\t<\/div>\n\t\t\t\t\t<\/div>\n\t\t<\/section>\n\t\t\t\t<\/div>\n\t\t","protected":false},"excerpt":{"rendered":"<p>Geometry, Frans Floris (1557) Estudios sobre Europa, el mundo mediterr\u00e1neoy su difusi\u00f3n atl\u00e1ntica(HUM 680) Alberto Jos\u00e9 Campillo Pardo Alberto Jos\u00e9 Campillo Pardo holds a PhD in History from the Universidad de Sevilla. He obtained his B.A. in Political Science at the Universidad del Rosario, Colombia, and his M.A in History [&hellip;]<\/p>\n","protected":false},"author":1,"featured_media":0,"parent":0,"menu_order":0,"comment_status":"closed","ping_status":"closed","template":"page-templates\/template-pagebuilder-full-width.php","meta":{"footnotes":""},"_links":{"self":[{"href":"https:\/\/www.upo.es\/investiga\/HUM-680\/wp-json\/wp\/v2\/pages\/1934"}],"collection":[{"href":"https:\/\/www.upo.es\/investiga\/HUM-680\/wp-json\/wp\/v2\/pages"}],"about":[{"href":"https:\/\/www.upo.es\/investiga\/HUM-680\/wp-json\/wp\/v2\/types\/page"}],"author":[{"embeddable":true,"href":"https:\/\/www.upo.es\/investiga\/HUM-680\/wp-json\/wp\/v2\/users\/1"}],"replies":[{"embeddable":true,"href":"https:\/\/www.upo.es\/investiga\/HUM-680\/wp-json\/wp\/v2\/comments?post=1934"}],"version-history":[{"count":34,"href":"https:\/\/www.upo.es\/investiga\/HUM-680\/wp-json\/wp\/v2\/pages\/1934\/revisions"}],"predecessor-version":[{"id":3694,"href":"https:\/\/www.upo.es\/investiga\/HUM-680\/wp-json\/wp\/v2\/pages\/1934\/revisions\/3694"}],"wp:attachment":[{"href":"https:\/\/www.upo.es\/investiga\/HUM-680\/wp-json\/wp\/v2\/media?parent=1934"}],"curies":[{"name":"wp","href":"https:\/\/api.w.org\/{rel}","templated":true}]}}