{"id":1945,"date":"2023-11-29T18:26:52","date_gmt":"2023-11-29T18:26:52","guid":{"rendered":"https:\/\/www.upo.es\/investiga\/HUM-680\/?page_id=1945"},"modified":"2024-12-20T19:55:06","modified_gmt":"2024-12-20T19:55:06","slug":"benoit-marechaux-2","status":"publish","type":"page","link":"https:\/\/www.upo.es\/investiga\/HUM-680\/en\/benoit-marechaux-2\/","title":{"rendered":"Beno\u00eet Mar\u00e9chaux"},"content":{"rendered":"\t\t<div data-elementor-type=\"wp-page\" data-elementor-id=\"1945\" class=\"elementor elementor-1945\">\n\t\t\t\t\t\t<section class=\"elementor-section elementor-top-section elementor-element elementor-element-11dbe58 elementor-section-full_width elementor-section-stretched elementor-section-height-default elementor-section-height-default\" data-id=\"11dbe58\" data-element_type=\"section\" data-settings=\"{&quot;stretch_section&quot;:&quot;section-stretched&quot;,&quot;background_background&quot;:&quot;classic&quot;}\">\n\t\t\t\t\t\t<div class=\"elementor-container elementor-column-gap-default\">\n\t\t\t\t\t<div class=\"elementor-column elementor-col-100 elementor-top-column elementor-element elementor-element-8bfd4c0\" data-id=\"8bfd4c0\" data-element_type=\"column\">\n\t\t\t<div class=\"elementor-widget-wrap elementor-element-populated\">\n\t\t\t\t\t\t<div class=\"elementor-element elementor-element-b2dad33 elementor-widget elementor-widget-text-editor\" data-id=\"b2dad33\" data-element_type=\"widget\" data-widget_type=\"text-editor.default\">\n\t\t\t\t<div class=\"elementor-widget-container\">\n\t\t\t\t\t\t\t\t\t<p style=\"text-align: right;\"><em>Geometry<\/em>, Frans Floris (1557)<\/p>\t\t\t\t\t\t\t\t<\/div>\n\t\t\t\t<\/div>\n\t\t\t\t<div class=\"elementor-element elementor-element-95c6aa1 elementor-widget__width-initial elementor-widget elementor-widget-heading\" data-id=\"95c6aa1\" data-element_type=\"widget\" data-widget_type=\"heading.default\">\n\t\t\t\t<div class=\"elementor-widget-container\">\n\t\t\t\t\t<h2 class=\"elementor-heading-title elementor-size-default\">Estudios sobre Europa, <br>el mundo mediterr\u00e1neo<br>y su difusi\u00f3n atl\u00e1ntica<br>(HUM 680)<\/h2>\t\t\t\t<\/div>\n\t\t\t\t<\/div>\n\t\t\t\t\t<\/div>\n\t\t<\/div>\n\t\t\t\t\t<\/div>\n\t\t<\/section>\n\t\t\t\t<section class=\"elementor-section elementor-top-section elementor-element elementor-element-3dec250 elementor-section-boxed elementor-section-height-default elementor-section-height-default\" data-id=\"3dec250\" data-element_type=\"section\">\n\t\t\t\t\t\t<div class=\"elementor-container elementor-column-gap-default\">\n\t\t\t\t\t<div class=\"elementor-column elementor-col-100 elementor-top-column elementor-element elementor-element-6e6b9ef\" data-id=\"6e6b9ef\" data-element_type=\"column\">\n\t\t\t<div class=\"elementor-widget-wrap elementor-element-populated\">\n\t\t\t\t\t\t<div class=\"elementor-element elementor-element-32cb0ac elementor-widget elementor-widget-heading\" data-id=\"32cb0ac\" data-element_type=\"widget\" data-widget_type=\"heading.default\">\n\t\t\t\t<div class=\"elementor-widget-container\">\n\t\t\t\t\t<h2 class=\"elementor-heading-title elementor-size-default\">Beno\u00eet Mar\u00e9chaux<\/h2>\t\t\t\t<\/div>\n\t\t\t\t<\/div>\n\t\t\t\t\t<\/div>\n\t\t<\/div>\n\t\t\t\t\t<\/div>\n\t\t<\/section>\n\t\t\t\t<section class=\"elementor-section elementor-top-section elementor-element elementor-element-5d4e8a8 elementor-section-boxed elementor-section-height-default elementor-section-height-default\" data-id=\"5d4e8a8\" data-element_type=\"section\">\n\t\t\t\t\t\t<div class=\"elementor-container elementor-column-gap-default\">\n\t\t\t\t\t<div class=\"elementor-column elementor-col-50 elementor-top-column elementor-element elementor-element-4e2ba07\" data-id=\"4e2ba07\" data-element_type=\"column\" data-settings=\"{&quot;background_background&quot;:&quot;gradient&quot;}\">\n\t\t\t<div class=\"elementor-widget-wrap elementor-element-populated\">\n\t\t\t\t\t\t<div class=\"elementor-element elementor-element-122fdc0 elementor-widget elementor-widget-image\" data-id=\"122fdc0\" data-element_type=\"widget\" data-widget_type=\"image.default\">\n\t\t\t\t<div class=\"elementor-widget-container\">\n\t\t\t\t\t\t\t\t\t\t\t\t\t\t\t<img fetchpriority=\"high\" decoding=\"async\" width=\"750\" height=\"720\" src=\"https:\/\/www.upo.es\/investiga\/HUM-680\/wp-content\/uploads\/2023\/11\/benoit-1024x983.png\" class=\"attachment-large size-large wp-image-1599\" alt=\"\" srcset=\"https:\/\/www.upo.es\/investiga\/HUM-680\/wp-content\/uploads\/2023\/11\/benoit-1024x983.png 1024w, https:\/\/www.upo.es\/investiga\/HUM-680\/wp-content\/uploads\/2023\/11\/benoit-300x288.png 300w, https:\/\/www.upo.es\/investiga\/HUM-680\/wp-content\/uploads\/2023\/11\/benoit-768x738.png 768w, https:\/\/www.upo.es\/investiga\/HUM-680\/wp-content\/uploads\/2023\/11\/benoit.png 1110w\" sizes=\"(max-width: 750px) 100vw, 750px\" \/>\t\t\t\t\t\t\t\t\t\t\t\t\t\t\t<\/div>\n\t\t\t\t<\/div>\n\t\t\t\t\t<\/div>\n\t\t<\/div>\n\t\t\t\t<div class=\"elementor-column elementor-col-50 elementor-top-column elementor-element elementor-element-079304b\" data-id=\"079304b\" data-element_type=\"column\">\n\t\t\t<div class=\"elementor-widget-wrap elementor-element-populated\">\n\t\t\t\t\t\t<div class=\"elementor-element elementor-element-e62681e elementor-widget elementor-widget-text-editor\" data-id=\"e62681e\" data-element_type=\"widget\" data-widget_type=\"text-editor.default\">\n\t\t\t\t<div class=\"elementor-widget-container\">\n\t\t\t\t\t\t\t\t\t<p style=\"text-align: justify;\">Holder of a PhD in Economic History from the Universidad Carlos III de Madrid (2017), Beno\u00eet Mar\u00e9chaux was a Max Weber fellow at the European University Institute in Florence in 2018-2019. He graduated in History from the Universit\u00e9 Paris-IV Sorbonne, obtained a Master degree in European History from the \u00c9cole Pratique des Hautes \u00c9tudes in Paris, and completed his training at both the Universit\u00e0 Ca&#8217; Foscari in Venice and the Universidad Pablo de Olavide in Seville. He was a visiting scholar at the Universit\u00e0 degli Studi in Genoa and at the \u00c9cole fran\u00e7aise de Rome. Between 2019 and 2021 he worked as a postdoctoral researcher in the ERC PerformArt project (CNRS-\u00c9cole fran\u00e7aise de Rome) and at the Universit\u00e0 degli Studi of Padua. Since March 2021 he is Assistant Professor at the Complutense University of Madrid. Currently, he is also vice-secretary of the journal <em>Cuadernos de Historia Moderna<\/em>.<\/p>\n<p style=\"text-align: justify;\">\n<\/p><p style=\"text-align: justify;\">His research focuses on the economic history of the Mediterranean world throughout the 16th and 17th centuries, specifically on the business of war in the Hispanic and Italian worlds. In his doctoral thesis, he carried out his research on the Genoese asentistas who managed galleys on behalf of the Spanish Monarchy between 1528 and 1650. His research interests also include the history of finance and credit networks in Italy and in the Hispanic world, as well as in the history of forced labour in the Mediterranean.<\/p>\n<p style=\"text-align: justify;\">\n<\/p><p style=\"text-align: justify;\">In recent years, he has published some of the results of his research in several journals such as <em>Hispania<\/em>, <em>Business History<\/em>, <em>Journal of Global Slavery<\/em> and <em>Dix-Septi\u00e8me Si\u00e8cle<\/em>. Since 2021, he is the co-PI of the HISFIMED research project \u201cThe Spanish Monarchy, the circulation of precious metals and financial globalisation in the Mediterranean (1568-1798)\u201d [HISFIMED] funded by the Spanish Ministry of Science and Innovation.<\/p>\n<p style=\"text-align: justify;\">\n<\/p><p style=\"text-align: justify;\"><strong><br><\/strong><\/p><p style=\"text-align: justify;\"><strong>Publications<\/strong><\/p>\n<p style=\"text-align: justify;\"><a href=\"https:\/\/doi.org\/10.1163\/2405836X-00703002\">\u00abPurchasing Slaves Overseas for the Business of War: Genoese Galley Entrepreneurs and the Mediterranean Slave Market in the Early 17th Century\u00bb<\/a>,&nbsp;<em>Journal of Global Slavery<\/em>&nbsp;7, 3 (2022), pp. 282-316. DOI:&nbsp;10.1163\/2405836X-00703002<\/p>\n<p style=\"text-align: justify;\">\u201c<a href=\"https:\/\/www.tandfonline.com\/doi\/abs\/10.1080\/00076791.2020.1798933?journalCode=fbsh20\">Business organisation in the Mediterranean Sea: Genoese galley entrepreneurs in the service of the Spanish Empire (late sixteenth and early seventeenth centuries)\u201d<\/a>,&nbsp;<em>Business History<\/em>, 65 (1), 2023, pp. 56-87. DOI: 10.1080\/00076791.2020.1798933<\/p>\n<p style=\"text-align: justify;\">\u201c<a href=\"https:\/\/hispania.revistas.csic.es\/index.php\/hispania\/article\/view\/799\">Los asentistas de galeras genoveses y la articulaci\u00f3n naval de un imperio polic\u00e9ntrico (siglos XVI-XVII)<\/a>\u201d,&nbsp;<em>Hispania<\/em>, LXXX, 264 (2020), pp. 47-77. DOI: 10.3989\/hispania.2020.002.<\/p>\n<p style=\"text-align: justify;\"><br><\/p>\n<p style=\"text-align: left;\"><strong>Research projects and networks<\/strong><\/p>\n<p style=\"text-align: justify;\"><a href=\"https:\/\/hisfimed.hypotheses.org\/\">HISFIMED \u201cLa Monarqu\u00eda Hisp\u00e1nica, la circulaci\u00f3n de los metales preciosos y la globalizaci\u00f3n financiera en el Mediterr\u00e1neo (1568-1798)\u201d<\/a> [HISFIMED] funded by the Spanish Ministry of Science and Innovation. Co-PI since 2021.<\/p>\n<p style=\"text-align: justify;\">\n<\/p><p style=\"text-align: justify;\"><a href=\"https:\/\/www.mobilityandhumanities.it\/\"><strong><em>Mobility and Humanities<\/em><\/strong><\/a>&nbsp;(Universit\u00e0 degli Studi di Padova) funded by the Italian Ministry of Research. Member of the project since 2020.<\/p>\n<p style=\"text-align: justify;\"><a href=\"https:\/\/www.upo.es\/investiga\/rexpublica\/\"><strong><em>Res Publica mon\u00e1rquica. La Monarqu\u00eda Hisp\u00e1nica, una estructura imperial polic\u00e9ntrica de rep\u00fablicas urbanas<\/em><\/strong>&nbsp;<\/a>(Universidad Pablo de Olavide). Research project funded by the Spanish Ministry of Science and Innovation. PI: Manuel Herrero S\u00e1nchez (Universidad Pablo de Olavide). Member of the project (2019-2022).<\/p>\n<p style=\"text-align: justify;\"><a href=\"https:\/\/performart-roma.eu\/it\/\"><strong><em>Promoting, patronising and practising the arts in Roman aristocratic families (1644-1740). The contribution of Roman family archives to the history of performing arts<\/em><\/strong>&nbsp;<strong><em>(PerformArt)<\/em><\/strong>.<\/a>&nbsp;ERC Consolidator Grant, \u00c9cole fran\u00e7aise de Rome y CNRS. IP: Anne-Madeleine Goulet (CNRS\/CESR). Member of the project (2019-2021).<\/p>\n<p style=\"text-align: justify;\"><a href=\"https:\/\/www.um.es\/redcolumnaria\/red-columnaria\/\"><strong>Red Columnaria<\/strong><\/a><strong>&nbsp;<\/strong>(<a href=\"https:\/\/www.um.es\/redcolumnaria\/nodo\/https-www-upo-es-investiga-hum-680-miembros-http-www-efrome-it-la-recherche-programmes-programmes-scientifiques-2017-2021-elitesit-html-https-atlanticitalies-net-http-www-historicas-unam\/\"><strong>Hombres y espacios<\/strong><\/a>). Coordinators: Valentina Favar\u00f2 and Alessandro Buono. Member since 2019..<\/p>\n<p style=\"text-align: justify;\"><a href=\"https:\/\/www.efrome.it\/elitesit\"><strong><em>Les \u00e9lites italiennes et les monarchies europ\u00e9ennes&nbsp;: circulations et r\u00e9seaux de pouvoir (XVI<sup>e<\/sup>-XVIII<sup>e<\/sup>&nbsp;si\u00e8cles)<\/em><\/strong><\/a> funded by the \u00c9cole fran\u00e7aise de Rome and the Institut Universitaire de France. PI&nbsp;: Albane Cogn\u00e9 (Universit\u00e9 Fran\u00e7ois Rabelais de Tours). Member of the project (2017-2022).<\/p>\n<p style=\"text-align: justify;\"><a href=\"https:\/\/www.upo.es\/investiga\/republicas\/detalle-noticia\/Nueva-web-del-proyecto\/\"><strong><em>El papel de las rep\u00fablicas europeas en la conformaci\u00f3n del Estado moderno: siglos XVI-XVIII<\/em><\/strong><\/a>&nbsp;(Universidad Pablo de Olavide). Research project funded by the Spanish Ministry of Science and Innovation. PI: Manuel Herrero S\u00e1nchez (Universidad Pablo de Olavide). Member of the project (2011-2014).<\/p>\t\t\t\t\t\t\t\t<\/div>\n\t\t\t\t<\/div>\n\t\t\t\t<section class=\"elementor-section elementor-inner-section elementor-element elementor-element-c03cac3 elementor-section-boxed elementor-section-height-default elementor-section-height-default\" data-id=\"c03cac3\" data-element_type=\"section\">\n\t\t\t\t\t\t<div class=\"elementor-container elementor-column-gap-default\">\n\t\t\t\t\t<div class=\"elementor-column elementor-col-33 elementor-inner-column elementor-element elementor-element-f2171e6\" data-id=\"f2171e6\" data-element_type=\"column\">\n\t\t\t<div class=\"elementor-widget-wrap elementor-element-populated\">\n\t\t\t\t\t\t<section class=\"elementor-section elementor-inner-section elementor-element elementor-element-8112236 elementor-section-boxed elementor-section-height-default elementor-section-height-default\" data-id=\"8112236\" data-element_type=\"section\">\n\t\t\t\t\t\t<div class=\"elementor-container elementor-column-gap-default\">\n\t\t\t\t\t<div class=\"elementor-column elementor-col-50 elementor-inner-column elementor-element elementor-element-8c7091f\" data-id=\"8c7091f\" data-element_type=\"column\">\n\t\t\t<div class=\"elementor-widget-wrap elementor-element-populated\">\n\t\t\t\t\t\t<div class=\"elementor-element elementor-element-eef1b9c elementor-widget elementor-widget-image\" data-id=\"eef1b9c\" data-element_type=\"widget\" data-widget_type=\"image.default\">\n\t\t\t\t<div class=\"elementor-widget-container\">\n\t\t\t\t\t\t\t\t\t\t\t\t\t\t\t\t<a href=\"https:\/\/scholar.google.es\/citations?user=rjMLATIAAAAJ&#038;hl=es\">\n\t\t\t\t\t\t\t<img decoding=\"async\" width=\"150\" height=\"150\" src=\"https:\/\/www.upo.es\/investiga\/HUM-680\/wp-content\/uploads\/2023\/11\/Google_Scholar_logo.svg-150x150.png\" class=\"elementor-animation-grow attachment-thumbnail size-thumbnail wp-image-2063\" alt=\"\" srcset=\"https:\/\/www.upo.es\/investiga\/HUM-680\/wp-content\/uploads\/2023\/11\/Google_Scholar_logo.svg-150x150.png 150w, https:\/\/www.upo.es\/investiga\/HUM-680\/wp-content\/uploads\/2023\/11\/Google_Scholar_logo.svg-300x300.png 300w, https:\/\/www.upo.es\/investiga\/HUM-680\/wp-content\/uploads\/2023\/11\/Google_Scholar_logo.svg-1024x1024.png 1024w, https:\/\/www.upo.es\/investiga\/HUM-680\/wp-content\/uploads\/2023\/11\/Google_Scholar_logo.svg-768x768.png 768w, https:\/\/www.upo.es\/investiga\/HUM-680\/wp-content\/uploads\/2023\/11\/Google_Scholar_logo.svg-1536x1536.png 1536w, https:\/\/www.upo.es\/investiga\/HUM-680\/wp-content\/uploads\/2023\/11\/Google_Scholar_logo.svg.png 2048w\" sizes=\"(max-width: 150px) 100vw, 150px\" \/>\t\t\t\t\t\t\t\t<\/a>\n\t\t\t\t\t\t\t\t\t\t\t\t\t\t\t<\/div>\n\t\t\t\t<\/div>\n\t\t\t\t\t<\/div>\n\t\t<\/div>\n\t\t\t\t<div class=\"elementor-column elementor-col-50 elementor-inner-column elementor-element elementor-element-4ef1665\" data-id=\"4ef1665\" data-element_type=\"column\">\n\t\t\t<div class=\"elementor-widget-wrap elementor-element-populated\">\n\t\t\t\t\t\t<div class=\"elementor-element elementor-element-efcdf29 elementor-widget elementor-widget-image\" data-id=\"efcdf29\" data-element_type=\"widget\" data-widget_type=\"image.default\">\n\t\t\t\t<div class=\"elementor-widget-container\">\n\t\t\t\t\t\t\t\t\t\t\t\t\t\t\t\t<a href=\"https:\/\/ucm.academia.edu\/BenoitMarechaux\">\n\t\t\t\t\t\t\t<img decoding=\"async\" width=\"360\" height=\"270\" src=\"https:\/\/www.upo.es\/investiga\/HUM-680\/wp-content\/uploads\/2023\/11\/1_wnzfchY0lc5EIUoOPENhTw.png\" class=\"elementor-animation-grow attachment-large size-large wp-image-2056\" alt=\"\" srcset=\"https:\/\/www.upo.es\/investiga\/HUM-680\/wp-content\/uploads\/2023\/11\/1_wnzfchY0lc5EIUoOPENhTw.png 360w, https:\/\/www.upo.es\/investiga\/HUM-680\/wp-content\/uploads\/2023\/11\/1_wnzfchY0lc5EIUoOPENhTw-300x225.png 300w\" sizes=\"(max-width: 360px) 100vw, 360px\" \/>\t\t\t\t\t\t\t\t<\/a>\n\t\t\t\t\t\t\t\t\t\t\t\t\t\t\t<\/div>\n\t\t\t\t<\/div>\n\t\t\t\t\t<\/div>\n\t\t<\/div>\n\t\t\t\t\t<\/div>\n\t\t<\/section>\n\t\t\t\t\t<\/div>\n\t\t<\/div>\n\t\t\t\t<div class=\"elementor-column elementor-col-33 elementor-inner-column elementor-element elementor-element-2def69d\" data-id=\"2def69d\" data-element_type=\"column\">\n\t\t\t<div class=\"elementor-widget-wrap elementor-element-populated\">\n\t\t\t\t\t\t<section class=\"elementor-section elementor-inner-section elementor-element elementor-element-04d93f4 elementor-section-boxed elementor-section-height-default elementor-section-height-default\" data-id=\"04d93f4\" data-element_type=\"section\">\n\t\t\t\t\t\t<div class=\"elementor-container elementor-column-gap-default\">\n\t\t\t\t\t<div class=\"elementor-column elementor-col-100 elementor-inner-column elementor-element elementor-element-a2e21b7\" data-id=\"a2e21b7\" data-element_type=\"column\">\n\t\t\t<div class=\"elementor-widget-wrap elementor-element-populated\">\n\t\t\t\t\t\t<div class=\"elementor-element elementor-element-db272f9 elementor-widget elementor-widget-image\" data-id=\"db272f9\" data-element_type=\"widget\" data-widget_type=\"image.default\">\n\t\t\t\t<div class=\"elementor-widget-container\">\n\t\t\t\t\t\t\t\t\t\t\t\t\t\t\t\t<a href=\"https:\/\/hisfimed.hypotheses.org\/\">\n\t\t\t\t\t\t\t<img loading=\"lazy\" decoding=\"async\" width=\"248\" height=\"248\" src=\"https:\/\/www.upo.es\/investiga\/HUM-680\/wp-content\/uploads\/2023\/11\/cropped-Agrupacion-principal-Monocromo-Blanca-fondo-transparente@5x.png\" class=\"elementor-animation-grow attachment-large size-large wp-image-2135\" alt=\"\" srcset=\"https:\/\/www.upo.es\/investiga\/HUM-680\/wp-content\/uploads\/2023\/11\/cropped-Agrupacion-principal-Monocromo-Blanca-fondo-transparente@5x.png 248w, https:\/\/www.upo.es\/investiga\/HUM-680\/wp-content\/uploads\/2023\/11\/cropped-Agrupacion-principal-Monocromo-Blanca-fondo-transparente@5x-150x150.png 150w\" sizes=\"(max-width: 248px) 100vw, 248px\" \/>\t\t\t\t\t\t\t\t<\/a>\n\t\t\t\t\t\t\t\t\t\t\t\t\t\t\t<\/div>\n\t\t\t\t<\/div>\n\t\t\t\t\t<\/div>\n\t\t<\/div>\n\t\t\t\t\t<\/div>\n\t\t<\/section>\n\t\t\t\t\t<\/div>\n\t\t<\/div>\n\t\t\t\t<div class=\"elementor-column elementor-col-33 elementor-inner-column elementor-element elementor-element-e004a08\" data-id=\"e004a08\" data-element_type=\"column\">\n\t\t\t<div class=\"elementor-widget-wrap elementor-element-populated\">\n\t\t\t\t\t\t<section class=\"elementor-section elementor-inner-section elementor-element elementor-element-36efe87 elementor-section-boxed elementor-section-height-default elementor-section-height-default\" data-id=\"36efe87\" data-element_type=\"section\">\n\t\t\t\t\t\t<div class=\"elementor-container elementor-column-gap-default\">\n\t\t\t\t\t<div class=\"elementor-column elementor-col-50 elementor-inner-column elementor-element elementor-element-3efe25d\" data-id=\"3efe25d\" data-element_type=\"column\">\n\t\t\t<div class=\"elementor-widget-wrap elementor-element-populated\">\n\t\t\t\t\t\t<div class=\"elementor-element elementor-element-d5905fb elementor-widget elementor-widget-image\" data-id=\"d5905fb\" data-element_type=\"widget\" data-widget_type=\"image.default\">\n\t\t\t\t<div class=\"elementor-widget-container\">\n\t\t\t\t\t\t\t\t\t\t\t\t\t\t\t\t<a href=\"https:\/\/orcid.org\/0000-0002-2722-1618\">\n\t\t\t\t\t\t\t<img loading=\"lazy\" decoding=\"async\" width=\"150\" height=\"150\" src=\"https:\/\/www.upo.es\/investiga\/HUM-680\/wp-content\/uploads\/2023\/11\/logo-ORCID-150x150.png\" class=\"elementor-animation-grow attachment-thumbnail size-thumbnail wp-image-2059\" alt=\"\" srcset=\"https:\/\/www.upo.es\/investiga\/HUM-680\/wp-content\/uploads\/2023\/11\/logo-ORCID-150x150.png 150w, https:\/\/www.upo.es\/investiga\/HUM-680\/wp-content\/uploads\/2023\/11\/logo-ORCID-300x300.png 300w, https:\/\/www.upo.es\/investiga\/HUM-680\/wp-content\/uploads\/2023\/11\/logo-ORCID-768x768.png 768w, https:\/\/www.upo.es\/investiga\/HUM-680\/wp-content\/uploads\/2023\/11\/logo-ORCID.png 800w\" sizes=\"(max-width: 150px) 100vw, 150px\" \/>\t\t\t\t\t\t\t\t<\/a>\n\t\t\t\t\t\t\t\t\t\t\t\t\t\t\t<\/div>\n\t\t\t\t<\/div>\n\t\t\t\t\t<\/div>\n\t\t<\/div>\n\t\t\t\t<div class=\"elementor-column elementor-col-50 elementor-inner-column elementor-element elementor-element-ee226e0\" data-id=\"ee226e0\" data-element_type=\"column\">\n\t\t\t<div class=\"elementor-widget-wrap elementor-element-populated\">\n\t\t\t\t\t\t<div class=\"elementor-element elementor-element-6cc402a elementor-widget elementor-widget-image\" data-id=\"6cc402a\" data-element_type=\"widget\" data-widget_type=\"image.default\">\n\t\t\t\t<div class=\"elementor-widget-container\">\n\t\t\t\t\t\t\t\t\t\t\t\t\t\t\t\t<a href=\"https:\/\/dialnet.unirioja.es\/servlet\/autor?codigo=2589873\">\n\t\t\t\t\t\t\t<img loading=\"lazy\" decoding=\"async\" width=\"150\" height=\"150\" src=\"https:\/\/www.upo.es\/investiga\/HUM-680\/wp-content\/uploads\/2023\/11\/dialnet-logo-150x150.png\" class=\"elementor-animation-grow attachment-thumbnail size-thumbnail wp-image-2057\" alt=\"\" srcset=\"https:\/\/www.upo.es\/investiga\/HUM-680\/wp-content\/uploads\/2023\/11\/dialnet-logo-150x150.png 150w, https:\/\/www.upo.es\/investiga\/HUM-680\/wp-content\/uploads\/2023\/11\/dialnet-logo-300x300.png 300w, https:\/\/www.upo.es\/investiga\/HUM-680\/wp-content\/uploads\/2023\/11\/dialnet-logo.png 400w\" sizes=\"(max-width: 150px) 100vw, 150px\" \/>\t\t\t\t\t\t\t\t<\/a>\n\t\t\t\t\t\t\t\t\t\t\t\t\t\t\t<\/div>\n\t\t\t\t<\/div>\n\t\t\t\t\t<\/div>\n\t\t<\/div>\n\t\t\t\t\t<\/div>\n\t\t<\/section>\n\t\t\t\t\t<\/div>\n\t\t<\/div>\n\t\t\t\t\t<\/div>\n\t\t<\/section>\n\t\t\t\t\t<\/div>\n\t\t<\/div>\n\t\t\t\t\t<\/div>\n\t\t<\/section>\n\t\t\t\t<\/div>\n\t\t","protected":false},"excerpt":{"rendered":"<p>Geometry, Frans Floris (1557) Estudios sobre Europa, el mundo mediterr\u00e1neoy su difusi\u00f3n atl\u00e1ntica(HUM 680) Beno\u00eet Mar\u00e9chaux Holder of a PhD in Economic History from the Universidad Carlos III de Madrid (2017), Beno\u00eet Mar\u00e9chaux was a Max Weber fellow at the European University Institute in Florence in 2018-2019. He graduated in [&hellip;]<\/p>\n","protected":false},"author":1,"featured_media":0,"parent":0,"menu_order":0,"comment_status":"closed","ping_status":"closed","template":"page-templates\/template-pagebuilder-full-width.php","meta":{"footnotes":""},"_links":{"self":[{"href":"https:\/\/www.upo.es\/investiga\/HUM-680\/wp-json\/wp\/v2\/pages\/1945"}],"collection":[{"href":"https:\/\/www.upo.es\/investiga\/HUM-680\/wp-json\/wp\/v2\/pages"}],"about":[{"href":"https:\/\/www.upo.es\/investiga\/HUM-680\/wp-json\/wp\/v2\/types\/page"}],"author":[{"embeddable":true,"href":"https:\/\/www.upo.es\/investiga\/HUM-680\/wp-json\/wp\/v2\/users\/1"}],"replies":[{"embeddable":true,"href":"https:\/\/www.upo.es\/investiga\/HUM-680\/wp-json\/wp\/v2\/comments?post=1945"}],"version-history":[{"count":25,"href":"https:\/\/www.upo.es\/investiga\/HUM-680\/wp-json\/wp\/v2\/pages\/1945\/revisions"}],"predecessor-version":[{"id":3716,"href":"https:\/\/www.upo.es\/investiga\/HUM-680\/wp-json\/wp\/v2\/pages\/1945\/revisions\/3716"}],"wp:attachment":[{"href":"https:\/\/www.upo.es\/investiga\/HUM-680\/wp-json\/wp\/v2\/media?parent=1945"}],"curies":[{"name":"wp","href":"https:\/\/api.w.org\/{rel}","templated":true}]}}