{"id":1953,"date":"2023-11-29T18:26:51","date_gmt":"2023-11-29T18:26:51","guid":{"rendered":"https:\/\/www.upo.es\/investiga\/HUM-680\/?page_id=1953"},"modified":"2024-12-20T19:57:35","modified_gmt":"2024-12-20T19:57:35","slug":"cristina-bravo-lozano-3","status":"publish","type":"page","link":"https:\/\/www.upo.es\/investiga\/HUM-680\/en\/cristina-bravo-lozano-3\/","title":{"rendered":"Cristina Bravo Lozano\u00a0"},"content":{"rendered":"\t\t<div data-elementor-type=\"wp-page\" data-elementor-id=\"1953\" class=\"elementor elementor-1953\">\n\t\t\t\t\t\t<section class=\"elementor-section elementor-top-section elementor-element elementor-element-982ab50 elementor-section-full_width elementor-section-stretched elementor-section-height-default elementor-section-height-default\" data-id=\"982ab50\" data-element_type=\"section\" data-settings=\"{&quot;stretch_section&quot;:&quot;section-stretched&quot;,&quot;background_background&quot;:&quot;classic&quot;}\">\n\t\t\t\t\t\t<div class=\"elementor-container elementor-column-gap-default\">\n\t\t\t\t\t<div class=\"elementor-column elementor-col-100 elementor-top-column elementor-element elementor-element-b037a62\" data-id=\"b037a62\" data-element_type=\"column\">\n\t\t\t<div class=\"elementor-widget-wrap elementor-element-populated\">\n\t\t\t\t\t\t<div class=\"elementor-element elementor-element-12af5ac elementor-widget elementor-widget-text-editor\" data-id=\"12af5ac\" data-element_type=\"widget\" data-widget_type=\"text-editor.default\">\n\t\t\t\t<div class=\"elementor-widget-container\">\n\t\t\t\t\t\t\t\t\t<p style=\"text-align: right;\"><em>Geometry<\/em>, Frans Floris (1557)<\/p>\t\t\t\t\t\t\t\t<\/div>\n\t\t\t\t<\/div>\n\t\t\t\t<div class=\"elementor-element elementor-element-fc4219a elementor-widget__width-initial elementor-widget elementor-widget-heading\" data-id=\"fc4219a\" data-element_type=\"widget\" data-widget_type=\"heading.default\">\n\t\t\t\t<div class=\"elementor-widget-container\">\n\t\t\t\t\t<h2 class=\"elementor-heading-title elementor-size-default\">Estudios sobre Europa, <br>el mundo mediterr\u00e1neo<br>y su difusi\u00f3n atl\u00e1ntica<br>(HUM 680)<\/h2>\t\t\t\t<\/div>\n\t\t\t\t<\/div>\n\t\t\t\t\t<\/div>\n\t\t<\/div>\n\t\t\t\t\t<\/div>\n\t\t<\/section>\n\t\t\t\t<section class=\"elementor-section elementor-top-section elementor-element elementor-element-b8b8831 elementor-section-boxed elementor-section-height-default elementor-section-height-default\" data-id=\"b8b8831\" data-element_type=\"section\">\n\t\t\t\t\t\t<div class=\"elementor-container elementor-column-gap-default\">\n\t\t\t\t\t<div class=\"elementor-column elementor-col-100 elementor-top-column elementor-element elementor-element-d6763d4\" data-id=\"d6763d4\" data-element_type=\"column\">\n\t\t\t<div class=\"elementor-widget-wrap elementor-element-populated\">\n\t\t\t\t\t\t<div class=\"elementor-element elementor-element-a992c98 elementor-widget elementor-widget-heading\" data-id=\"a992c98\" data-element_type=\"widget\" data-widget_type=\"heading.default\">\n\t\t\t\t<div class=\"elementor-widget-container\">\n\t\t\t\t\t<h2 class=\"elementor-heading-title elementor-size-default\">Cristina Bravo Lozano<\/h2>\t\t\t\t<\/div>\n\t\t\t\t<\/div>\n\t\t\t\t\t<\/div>\n\t\t<\/div>\n\t\t\t\t\t<\/div>\n\t\t<\/section>\n\t\t\t\t<section class=\"elementor-section elementor-top-section elementor-element elementor-element-6aea703 elementor-section-boxed elementor-section-height-default elementor-section-height-default\" data-id=\"6aea703\" data-element_type=\"section\">\n\t\t\t\t\t\t<div class=\"elementor-container elementor-column-gap-default\">\n\t\t\t\t\t<div class=\"elementor-column elementor-col-50 elementor-top-column elementor-element elementor-element-371a590\" data-id=\"371a590\" data-element_type=\"column\" data-settings=\"{&quot;background_background&quot;:&quot;gradient&quot;}\">\n\t\t\t<div class=\"elementor-widget-wrap elementor-element-populated\">\n\t\t\t\t\t\t<div class=\"elementor-element elementor-element-bc064fc elementor-widget elementor-widget-image\" data-id=\"bc064fc\" data-element_type=\"widget\" data-widget_type=\"image.default\">\n\t\t\t\t<div class=\"elementor-widget-container\">\n\t\t\t\t\t\t\t\t\t\t\t\t\t\t\t<img fetchpriority=\"high\" decoding=\"async\" width=\"750\" height=\"720\" src=\"https:\/\/www.upo.es\/investiga\/HUM-680\/wp-content\/uploads\/2023\/11\/cristina-1024x983.png\" class=\"attachment-large size-large wp-image-1600\" alt=\"\" srcset=\"https:\/\/www.upo.es\/investiga\/HUM-680\/wp-content\/uploads\/2023\/11\/cristina-1024x983.png 1024w, https:\/\/www.upo.es\/investiga\/HUM-680\/wp-content\/uploads\/2023\/11\/cristina-300x288.png 300w, https:\/\/www.upo.es\/investiga\/HUM-680\/wp-content\/uploads\/2023\/11\/cristina-768x738.png 768w, https:\/\/www.upo.es\/investiga\/HUM-680\/wp-content\/uploads\/2023\/11\/cristina.png 1110w\" sizes=\"(max-width: 750px) 100vw, 750px\" \/>\t\t\t\t\t\t\t\t\t\t\t\t\t\t\t<\/div>\n\t\t\t\t<\/div>\n\t\t\t\t\t<\/div>\n\t\t<\/div>\n\t\t\t\t<div class=\"elementor-column elementor-col-50 elementor-top-column elementor-element elementor-element-6c1de7c\" data-id=\"6c1de7c\" data-element_type=\"column\">\n\t\t\t<div class=\"elementor-widget-wrap elementor-element-populated\">\n\t\t\t\t\t\t<div class=\"elementor-element elementor-element-9316c68 elementor-widget elementor-widget-text-editor\" data-id=\"9316c68\" data-element_type=\"widget\" data-widget_type=\"text-editor.default\">\n\t\t\t\t<div class=\"elementor-widget-container\">\n\t\t\t\t\t\t\t\t\t<p style=\"text-align: justify;\">Graduate in History, with a final qualification of Extraordinary Prize, from the University of Alcal\u00e1 (2009), she has completed the M\u00e1ster Interuniversitario en Estudios Avanzados \u201cMonarqu\u00eda de Espa\u00f1a, ss. XVI-XVIII\u201d. Especialidad Investigaci\u00f3n (ANECA 2011-00024) at the Universidad Aut\u00f3noma de Madrid (2010) and the M\u00e1ster en Formaci\u00f3n del Profesorado. Especialidad Geograf\u00eda e Historia at the Universitdad de Alcal\u00e1 (2012). During the academic years 2010-2014 she benefited from the Programa Propio para la Formaci\u00f3n del Personal Investigador of the Universidad Aut\u00f3noma de Madrid, in correlation with her PhD in Early Modern History. Her thesis was unanimously awarded the qualification of <em>Sobresaliente Cum Laude<\/em>, with international mention by the Universidad Aut\u00f3noma de Madrid and the Universidad of Cantabria (2014). Her lines of research are oriented towards the study of the relations between the monarchy of Spain and the last Stuarts during the second half of the 17<sup>th<\/sup> Century and early 18<sup>th<\/sup> Century, the religious and cultural links between the Iberian Peninsula and Ireland throughout the 17<sup>th<\/sup> Century, the diplomatic activity of the Spanish embassies in London, The Hague, Copenhagen and Hamburg, as well as the confessional policy of Charles II in Northern Europe, the subject of study in his postdoctoral contracts Juan de la Cierva-Formaci\u00f3n (FJCI-2014-21225) at the Universidad Pablo de Olavide (2015-2017) and Juan de la Cierva-Incorporaci\u00f3n (IJCI-2016-30430) at the Universidad Aut\u00f3noma de Madrid (2018-2019). She is currently a Senior Fellow Tom\u00e1s y Valiente at the Madrid Institute for Advanced Study (MIAS), a joint UAM-Casa de Vel\u00e1zquez center and member of the NETIAS and UBIAS networks, with the project \u201cMonopoly, competition and territorial defense. The monarchy of Spain before the Scottish settlement in Darien, 1695-1700\u201d. Thanks to this postdoctoral experience she has consolidated her lines of research on Spanish-Irish relations in the 17<sup>th<\/sup> century, diplomatic activity and Spanish confessional policy in Northern Europe, and its response to the Scottish expansion in America.<\/p>\n<p style=\"text-align: justify;\">She is the author of the monograph <em>Spain and the Irish Mission, 1609-1707<\/em> (Routledge, 2019). The result of her doctoral dissertation, this research situates the Irish Mission within the political and confessional strategy of the monarchy of Spain for the preservation of British Catholicism. In addition to co-editing 11 books -5 forthcoming-, she has coordinated 4 journal issues in <em>Hispania<\/em>, <em>Cheiron<\/em>, Revista Complutense de Historia de Am\u00e9rica and Mo.Do. digitale. The 25 scientific articles in indexed journals offer a novel interpretation of the proselytism of the diplomatic chapels and the protocol, jurisdictional and immunity aspects of the embassies in Madrid and Northern Europe, or political court celebrations for the successes of the House of Austria. She has 23 book chapters in editorials published in SPI where she deals with diplomacy, ceremonial, the political role of women and cultural aspects that rethink the international stance of the Spanish monarchy under Charles II.<\/p>\n<p style=\"text-align: justify;\">These results have been achieved thanks to a dozen pre-doctoral and post-doctoral stays in Europe and America. His research work has been carried out within the framework of various national, regional, European and international projects, as well as the activities of the Hispanex Grants (MECD). His management skills are endorsed by his participation in the European RISE project as a member of the Manager Support Team of \u201cFailure: Reversing the Genealogies of Unsuccess, 16<sup>th<\/sup>-19<sup>th<\/sup> centuries (Grant Agreement No. 823998. European Commission, H2020-MSCA-RISE-2018) and WP leader of WP 5 dedicated to scientific communication and dissemination. His leadership of working teams can be seen in the direction (IP) of the J\u00f3venes Doctores de la Comunidad project, \u201cReloj de Indias: la proyecci\u00f3n europea en el Atl\u00e1ntico, 1665-1700\u201d (SI1-PJI-2019-00270), and the co-direction (CoIP), together with Manuel Herrero, of the National Plan project ATLANREX \u201cUna monarqu\u00eda polic\u00e9ntrica de rep\u00fablicas urbanas ante la rivalidad europea en el Atl\u00e1ntico ib\u00e9rico (1640-1713)\u201d (PID2022-14501NB-I00). The results have been presented in more than fifty national and international forums. This activity has been complemented by the organisation and secretariat of more than thirty seminars and congresses, both in Spain and abroad. All this has allowed him to obtain 1 six-year research period (2015-2021).<\/p>\n<p style=\"text-align: justify;\">She has developed an intense teaching activity in different Spanish and foreign universities, including Erasmus+ KA 103 stays (Milan and Leuven), teaching for seniors, coordination and collaboration in different teaching innovation projects, participation as a member of the project Erasmus+ Strategic Partnership \u201cTeaching European History in the 21st century\u201d (2019-1-NL01-KA203-060532), attendance to more than thirty Teacher Training courses (UPO and UAM) and obtaining the title of Expert in University Teaching (UAM, 2020). Her capacity for academic supervision and formative monitoring of students is determined by the coordination of the External Practices in the Degree in History (UAM), the direction of 12 TFM -7 in co-direction-, 4 TFG -2 in co-direction- and the co-direction of 3 doctoral theses in progress.<\/p>\n<p style=\"text-align: justify;\">His vocation for scientific dissemination led him to assume the editorship of <em>Tiempos Modernos. Revista electr\u00f3nica de Historia Moderna<\/em>, pioneer in Spain in publishing in Open Access. His interest in promoting the transfer to society through the publication of various articles and the coordination of a dossier in <em>La Aventura de la Historia<\/em>, as well as the adaptation and explanatory article of the board \u201cEl juego de la paz\u201d, published by <em>Desperta Ferro<\/em>; the organisation of a historical recreation at the Feria de la Historia (Seville, 2016), radio collaborations in the programme <em>Gran Repertorio<\/em> de Radio Cl\u00e1sica (RNE), and co-curation of the exhibition <em>Testigo de la Historia. Yunquera, 1669-1677<\/em> (Yunquera de Henares, 2019-2020).<\/p>\t\t\t\t\t\t\t\t<\/div>\n\t\t\t\t<\/div>\n\t\t\t\t<section class=\"elementor-section elementor-inner-section elementor-element elementor-element-c90c509 elementor-section-boxed elementor-section-height-default elementor-section-height-default\" data-id=\"c90c509\" data-element_type=\"section\">\n\t\t\t\t\t\t<div class=\"elementor-container elementor-column-gap-default\">\n\t\t\t\t\t<div class=\"elementor-column elementor-col-33 elementor-inner-column elementor-element elementor-element-3809a52\" data-id=\"3809a52\" data-element_type=\"column\">\n\t\t\t<div class=\"elementor-widget-wrap elementor-element-populated\">\n\t\t\t\t\t\t<section class=\"elementor-section elementor-inner-section elementor-element elementor-element-70b19d0 elementor-section-boxed elementor-section-height-default elementor-section-height-default\" data-id=\"70b19d0\" data-element_type=\"section\">\n\t\t\t\t\t\t<div class=\"elementor-container elementor-column-gap-default\">\n\t\t\t\t\t<div class=\"elementor-column elementor-col-50 elementor-inner-column elementor-element elementor-element-3a6e6ce\" data-id=\"3a6e6ce\" data-element_type=\"column\">\n\t\t\t<div class=\"elementor-widget-wrap elementor-element-populated\">\n\t\t\t\t\t\t<div class=\"elementor-element elementor-element-6e45d84 elementor-widget elementor-widget-image\" data-id=\"6e45d84\" data-element_type=\"widget\" data-widget_type=\"image.default\">\n\t\t\t\t<div class=\"elementor-widget-container\">\n\t\t\t\t\t\t\t\t\t\t\t\t\t\t\t\t<a href=\"https:\/\/scholar.google.com\/citations?user=oC1b_foAAAAJ\">\n\t\t\t\t\t\t\t<img decoding=\"async\" width=\"150\" height=\"150\" src=\"https:\/\/www.upo.es\/investiga\/HUM-680\/wp-content\/uploads\/2023\/11\/Google_Scholar_logo.svg-150x150.png\" class=\"elementor-animation-grow attachment-thumbnail size-thumbnail wp-image-2063\" alt=\"\" srcset=\"https:\/\/www.upo.es\/investiga\/HUM-680\/wp-content\/uploads\/2023\/11\/Google_Scholar_logo.svg-150x150.png 150w, https:\/\/www.upo.es\/investiga\/HUM-680\/wp-content\/uploads\/2023\/11\/Google_Scholar_logo.svg-300x300.png 300w, https:\/\/www.upo.es\/investiga\/HUM-680\/wp-content\/uploads\/2023\/11\/Google_Scholar_logo.svg-1024x1024.png 1024w, https:\/\/www.upo.es\/investiga\/HUM-680\/wp-content\/uploads\/2023\/11\/Google_Scholar_logo.svg-768x768.png 768w, https:\/\/www.upo.es\/investiga\/HUM-680\/wp-content\/uploads\/2023\/11\/Google_Scholar_logo.svg-1536x1536.png 1536w, https:\/\/www.upo.es\/investiga\/HUM-680\/wp-content\/uploads\/2023\/11\/Google_Scholar_logo.svg.png 2048w\" sizes=\"(max-width: 150px) 100vw, 150px\" \/>\t\t\t\t\t\t\t\t<\/a>\n\t\t\t\t\t\t\t\t\t\t\t\t\t\t\t<\/div>\n\t\t\t\t<\/div>\n\t\t\t\t\t<\/div>\n\t\t<\/div>\n\t\t\t\t<div class=\"elementor-column elementor-col-50 elementor-inner-column elementor-element elementor-element-f828715\" data-id=\"f828715\" data-element_type=\"column\">\n\t\t\t<div class=\"elementor-widget-wrap elementor-element-populated\">\n\t\t\t\t\t\t<div class=\"elementor-element elementor-element-2c33097 elementor-widget elementor-widget-image\" data-id=\"2c33097\" data-element_type=\"widget\" data-widget_type=\"image.default\">\n\t\t\t\t<div class=\"elementor-widget-container\">\n\t\t\t\t\t\t\t\t\t\t\t\t\t\t\t\t<a href=\"https:\/\/uam.academia.edu\/CristinaBravoLozano\">\n\t\t\t\t\t\t\t<img decoding=\"async\" width=\"360\" height=\"270\" src=\"https:\/\/www.upo.es\/investiga\/HUM-680\/wp-content\/uploads\/2023\/11\/1_wnzfchY0lc5EIUoOPENhTw.png\" class=\"elementor-animation-grow attachment-large size-large wp-image-2056\" alt=\"\" srcset=\"https:\/\/www.upo.es\/investiga\/HUM-680\/wp-content\/uploads\/2023\/11\/1_wnzfchY0lc5EIUoOPENhTw.png 360w, https:\/\/www.upo.es\/investiga\/HUM-680\/wp-content\/uploads\/2023\/11\/1_wnzfchY0lc5EIUoOPENhTw-300x225.png 300w\" sizes=\"(max-width: 360px) 100vw, 360px\" \/>\t\t\t\t\t\t\t\t<\/a>\n\t\t\t\t\t\t\t\t\t\t\t\t\t\t\t<\/div>\n\t\t\t\t<\/div>\n\t\t\t\t\t<\/div>\n\t\t<\/div>\n\t\t\t\t\t<\/div>\n\t\t<\/section>\n\t\t\t\t\t<\/div>\n\t\t<\/div>\n\t\t\t\t<div class=\"elementor-column elementor-col-33 elementor-inner-column elementor-element elementor-element-5a6efd1\" data-id=\"5a6efd1\" data-element_type=\"column\">\n\t\t\t<div class=\"elementor-widget-wrap elementor-element-populated\">\n\t\t\t\t\t\t<section class=\"elementor-section elementor-inner-section elementor-element elementor-element-271500a elementor-section-boxed elementor-section-height-default elementor-section-height-default\" data-id=\"271500a\" data-element_type=\"section\">\n\t\t\t\t\t\t<div class=\"elementor-container elementor-column-gap-default\">\n\t\t\t\t\t<div class=\"elementor-column elementor-col-100 elementor-inner-column elementor-element elementor-element-db9ac14\" data-id=\"db9ac14\" data-element_type=\"column\">\n\t\t\t<div class=\"elementor-widget-wrap elementor-element-populated\">\n\t\t\t\t\t\t<div class=\"elementor-element elementor-element-30a9cd9 elementor-widget elementor-widget-image\" data-id=\"30a9cd9\" data-element_type=\"widget\" data-widget_type=\"image.default\">\n\t\t\t\t<div class=\"elementor-widget-container\">\n\t\t\t\t\t\t\t\t\t\t\t\t\t\t\t\t<a href=\"https:\/\/portalcientifico.uam.es\/es\/ipublic\/researcher\/264583\">\n\t\t\t\t\t\t\t<img loading=\"lazy\" decoding=\"async\" width=\"481\" height=\"481\" src=\"https:\/\/www.upo.es\/investiga\/HUM-680\/wp-content\/uploads\/2023\/11\/UAM_logo_grande.png\" class=\"elementor-animation-grow attachment-large size-large wp-image-2061\" alt=\"\" srcset=\"https:\/\/www.upo.es\/investiga\/HUM-680\/wp-content\/uploads\/2023\/11\/UAM_logo_grande.png 481w, https:\/\/www.upo.es\/investiga\/HUM-680\/wp-content\/uploads\/2023\/11\/UAM_logo_grande-300x300.png 300w, https:\/\/www.upo.es\/investiga\/HUM-680\/wp-content\/uploads\/2023\/11\/UAM_logo_grande-150x150.png 150w\" sizes=\"(max-width: 481px) 100vw, 481px\" \/>\t\t\t\t\t\t\t\t<\/a>\n\t\t\t\t\t\t\t\t\t\t\t\t\t\t\t<\/div>\n\t\t\t\t<\/div>\n\t\t\t\t\t<\/div>\n\t\t<\/div>\n\t\t\t\t\t<\/div>\n\t\t<\/section>\n\t\t\t\t\t<\/div>\n\t\t<\/div>\n\t\t\t\t<div class=\"elementor-column elementor-col-33 elementor-inner-column elementor-element elementor-element-b160a0b\" data-id=\"b160a0b\" data-element_type=\"column\">\n\t\t\t<div class=\"elementor-widget-wrap elementor-element-populated\">\n\t\t\t\t\t\t<section class=\"elementor-section elementor-inner-section elementor-element elementor-element-056ceb0 elementor-section-boxed elementor-section-height-default elementor-section-height-default\" data-id=\"056ceb0\" data-element_type=\"section\">\n\t\t\t\t\t\t<div class=\"elementor-container elementor-column-gap-default\">\n\t\t\t\t\t<div class=\"elementor-column elementor-col-50 elementor-inner-column elementor-element elementor-element-02d4bd6\" data-id=\"02d4bd6\" data-element_type=\"column\">\n\t\t\t<div class=\"elementor-widget-wrap elementor-element-populated\">\n\t\t\t\t\t\t<div class=\"elementor-element elementor-element-1cc5463 elementor-widget elementor-widget-image\" data-id=\"1cc5463\" data-element_type=\"widget\" data-widget_type=\"image.default\">\n\t\t\t\t<div class=\"elementor-widget-container\">\n\t\t\t\t\t\t\t\t\t\t\t\t\t\t\t\t<a href=\"https:\/\/orcid.org\/0000-0001-9919-1270\">\n\t\t\t\t\t\t\t<img loading=\"lazy\" decoding=\"async\" width=\"150\" height=\"150\" src=\"https:\/\/www.upo.es\/investiga\/HUM-680\/wp-content\/uploads\/2023\/11\/logo-ORCID-150x150.png\" class=\"elementor-animation-grow attachment-thumbnail size-thumbnail wp-image-2059\" alt=\"\" srcset=\"https:\/\/www.upo.es\/investiga\/HUM-680\/wp-content\/uploads\/2023\/11\/logo-ORCID-150x150.png 150w, https:\/\/www.upo.es\/investiga\/HUM-680\/wp-content\/uploads\/2023\/11\/logo-ORCID-300x300.png 300w, https:\/\/www.upo.es\/investiga\/HUM-680\/wp-content\/uploads\/2023\/11\/logo-ORCID-768x768.png 768w, https:\/\/www.upo.es\/investiga\/HUM-680\/wp-content\/uploads\/2023\/11\/logo-ORCID.png 800w\" sizes=\"(max-width: 150px) 100vw, 150px\" \/>\t\t\t\t\t\t\t\t<\/a>\n\t\t\t\t\t\t\t\t\t\t\t\t\t\t\t<\/div>\n\t\t\t\t<\/div>\n\t\t\t\t\t<\/div>\n\t\t<\/div>\n\t\t\t\t<div class=\"elementor-column elementor-col-50 elementor-inner-column elementor-element elementor-element-6bf636e\" data-id=\"6bf636e\" data-element_type=\"column\">\n\t\t\t<div class=\"elementor-widget-wrap elementor-element-populated\">\n\t\t\t\t\t\t<div class=\"elementor-element elementor-element-e3e10b2 elementor-widget elementor-widget-image\" data-id=\"e3e10b2\" data-element_type=\"widget\" data-widget_type=\"image.default\">\n\t\t\t\t<div class=\"elementor-widget-container\">\n\t\t\t\t\t\t\t\t\t\t\t\t\t\t\t\t<a href=\"https:\/\/dialnet.unirioja.es\/servlet\/autor?codigo=3226307\">\n\t\t\t\t\t\t\t<img loading=\"lazy\" decoding=\"async\" width=\"150\" height=\"150\" src=\"https:\/\/www.upo.es\/investiga\/HUM-680\/wp-content\/uploads\/2023\/11\/dialnet-logo-150x150.png\" class=\"elementor-animation-grow attachment-thumbnail size-thumbnail wp-image-2057\" alt=\"\" srcset=\"https:\/\/www.upo.es\/investiga\/HUM-680\/wp-content\/uploads\/2023\/11\/dialnet-logo-150x150.png 150w, https:\/\/www.upo.es\/investiga\/HUM-680\/wp-content\/uploads\/2023\/11\/dialnet-logo-300x300.png 300w, https:\/\/www.upo.es\/investiga\/HUM-680\/wp-content\/uploads\/2023\/11\/dialnet-logo.png 400w\" sizes=\"(max-width: 150px) 100vw, 150px\" \/>\t\t\t\t\t\t\t\t<\/a>\n\t\t\t\t\t\t\t\t\t\t\t\t\t\t\t<\/div>\n\t\t\t\t<\/div>\n\t\t\t\t\t<\/div>\n\t\t<\/div>\n\t\t\t\t\t<\/div>\n\t\t<\/section>\n\t\t\t\t\t<\/div>\n\t\t<\/div>\n\t\t\t\t\t<\/div>\n\t\t<\/section>\n\t\t\t\t\t<\/div>\n\t\t<\/div>\n\t\t\t\t\t<\/div>\n\t\t<\/section>\n\t\t\t\t<\/div>\n\t\t","protected":false},"excerpt":{"rendered":"<p>Geometry, Frans Floris (1557) Estudios sobre Europa, el mundo mediterr\u00e1neoy su difusi\u00f3n atl\u00e1ntica(HUM 680) Cristina Bravo Lozano Graduate in History, with a final qualification of Extraordinary Prize, from the University of Alcal\u00e1 (2009), she has completed the M\u00e1ster Interuniversitario en Estudios Avanzados \u201cMonarqu\u00eda de Espa\u00f1a, ss. XVI-XVIII\u201d. Especialidad Investigaci\u00f3n (ANECA [&hellip;]<\/p>\n","protected":false},"author":1,"featured_media":0,"parent":0,"menu_order":0,"comment_status":"closed","ping_status":"closed","template":"page-templates\/template-pagebuilder-full-width.php","meta":{"footnotes":""},"_links":{"self":[{"href":"https:\/\/www.upo.es\/investiga\/HUM-680\/wp-json\/wp\/v2\/pages\/1953"}],"collection":[{"href":"https:\/\/www.upo.es\/investiga\/HUM-680\/wp-json\/wp\/v2\/pages"}],"about":[{"href":"https:\/\/www.upo.es\/investiga\/HUM-680\/wp-json\/wp\/v2\/types\/page"}],"author":[{"embeddable":true,"href":"https:\/\/www.upo.es\/investiga\/HUM-680\/wp-json\/wp\/v2\/users\/1"}],"replies":[{"embeddable":true,"href":"https:\/\/www.upo.es\/investiga\/HUM-680\/wp-json\/wp\/v2\/comments?post=1953"}],"version-history":[{"count":28,"href":"https:\/\/www.upo.es\/investiga\/HUM-680\/wp-json\/wp\/v2\/pages\/1953\/revisions"}],"predecessor-version":[{"id":3722,"href":"https:\/\/www.upo.es\/investiga\/HUM-680\/wp-json\/wp\/v2\/pages\/1953\/revisions\/3722"}],"wp:attachment":[{"href":"https:\/\/www.upo.es\/investiga\/HUM-680\/wp-json\/wp\/v2\/media?parent=1953"}],"curies":[{"name":"wp","href":"https:\/\/api.w.org\/{rel}","templated":true}]}}