{"id":1969,"date":"2023-11-28T19:32:20","date_gmt":"2023-11-28T19:32:20","guid":{"rendered":"https:\/\/www.upo.es\/investiga\/HUM-680\/?page_id=1969"},"modified":"2024-12-20T20:18:21","modified_gmt":"2024-12-20T20:18:21","slug":"klemens-kaps-2","status":"publish","type":"page","link":"https:\/\/www.upo.es\/investiga\/HUM-680\/en\/klemens-kaps-2\/","title":{"rendered":"Klemens Kaps"},"content":{"rendered":"\t\t<div data-elementor-type=\"wp-page\" data-elementor-id=\"1969\" class=\"elementor elementor-1969\">\n\t\t\t\t\t\t<section class=\"elementor-section elementor-top-section elementor-element elementor-element-c6abcd8 elementor-section-full_width elementor-section-stretched elementor-section-height-default elementor-section-height-default\" data-id=\"c6abcd8\" data-element_type=\"section\" data-settings=\"{&quot;stretch_section&quot;:&quot;section-stretched&quot;,&quot;background_background&quot;:&quot;classic&quot;}\">\n\t\t\t\t\t\t<div class=\"elementor-container elementor-column-gap-default\">\n\t\t\t\t\t<div class=\"elementor-column elementor-col-100 elementor-top-column elementor-element elementor-element-bf32ed0\" data-id=\"bf32ed0\" data-element_type=\"column\">\n\t\t\t<div class=\"elementor-widget-wrap elementor-element-populated\">\n\t\t\t\t\t\t<div class=\"elementor-element elementor-element-7a9e3ce elementor-widget elementor-widget-text-editor\" data-id=\"7a9e3ce\" data-element_type=\"widget\" data-widget_type=\"text-editor.default\">\n\t\t\t\t<div class=\"elementor-widget-container\">\n\t\t\t\t\t\t\t\t\t<p style=\"text-align: right;\"><em>Geometry<\/em>, Frans Floris (1557)<\/p>\t\t\t\t\t\t\t\t<\/div>\n\t\t\t\t<\/div>\n\t\t\t\t<div class=\"elementor-element elementor-element-9adbb3c elementor-widget__width-initial elementor-widget elementor-widget-heading\" data-id=\"9adbb3c\" data-element_type=\"widget\" data-widget_type=\"heading.default\">\n\t\t\t\t<div class=\"elementor-widget-container\">\n\t\t\t\t\t<h2 class=\"elementor-heading-title elementor-size-default\">Estudios sobre Europa, <br>el mundo mediterr\u00e1neo<br>y su difusi\u00f3n atl\u00e1ntica<br>(HUM 680)<\/h2>\t\t\t\t<\/div>\n\t\t\t\t<\/div>\n\t\t\t\t\t<\/div>\n\t\t<\/div>\n\t\t\t\t\t<\/div>\n\t\t<\/section>\n\t\t\t\t<section class=\"elementor-section elementor-top-section elementor-element elementor-element-6596f8f elementor-section-boxed elementor-section-height-default elementor-section-height-default\" data-id=\"6596f8f\" data-element_type=\"section\">\n\t\t\t\t\t\t<div class=\"elementor-container elementor-column-gap-default\">\n\t\t\t\t\t<div class=\"elementor-column elementor-col-100 elementor-top-column elementor-element elementor-element-b89d10b\" data-id=\"b89d10b\" data-element_type=\"column\">\n\t\t\t<div class=\"elementor-widget-wrap elementor-element-populated\">\n\t\t\t\t\t\t<div class=\"elementor-element elementor-element-3e8203c elementor-widget elementor-widget-heading\" data-id=\"3e8203c\" data-element_type=\"widget\" data-widget_type=\"heading.default\">\n\t\t\t\t<div class=\"elementor-widget-container\">\n\t\t\t\t\t<h2 class=\"elementor-heading-title elementor-size-default\">Klemens Kaps<\/h2>\t\t\t\t<\/div>\n\t\t\t\t<\/div>\n\t\t\t\t\t<\/div>\n\t\t<\/div>\n\t\t\t\t\t<\/div>\n\t\t<\/section>\n\t\t\t\t<section class=\"elementor-section elementor-top-section elementor-element elementor-element-cc114d5 elementor-section-boxed elementor-section-height-default elementor-section-height-default\" data-id=\"cc114d5\" data-element_type=\"section\">\n\t\t\t\t\t\t<div class=\"elementor-container elementor-column-gap-default\">\n\t\t\t\t\t<div class=\"elementor-column elementor-col-50 elementor-top-column elementor-element elementor-element-0a94ad3\" data-id=\"0a94ad3\" data-element_type=\"column\" data-settings=\"{&quot;background_background&quot;:&quot;gradient&quot;}\">\n\t\t\t<div class=\"elementor-widget-wrap elementor-element-populated\">\n\t\t\t\t\t\t<div class=\"elementor-element elementor-element-44ea8b0 elementor-widget elementor-widget-image\" data-id=\"44ea8b0\" data-element_type=\"widget\" data-widget_type=\"image.default\">\n\t\t\t\t<div class=\"elementor-widget-container\">\n\t\t\t\t\t\t\t\t\t\t\t\t\t\t\t<img fetchpriority=\"high\" decoding=\"async\" width=\"750\" height=\"720\" src=\"https:\/\/www.upo.es\/investiga\/HUM-680\/wp-content\/uploads\/2023\/12\/klemens-1024x983.png\" class=\"attachment-large size-large wp-image-2513\" alt=\"\" srcset=\"https:\/\/www.upo.es\/investiga\/HUM-680\/wp-content\/uploads\/2023\/12\/klemens-1024x983.png 1024w, https:\/\/www.upo.es\/investiga\/HUM-680\/wp-content\/uploads\/2023\/12\/klemens-300x288.png 300w, https:\/\/www.upo.es\/investiga\/HUM-680\/wp-content\/uploads\/2023\/12\/klemens-768x738.png 768w, https:\/\/www.upo.es\/investiga\/HUM-680\/wp-content\/uploads\/2023\/12\/klemens.png 1110w\" sizes=\"(max-width: 750px) 100vw, 750px\" \/>\t\t\t\t\t\t\t\t\t\t\t\t\t\t\t<\/div>\n\t\t\t\t<\/div>\n\t\t\t\t\t<\/div>\n\t\t<\/div>\n\t\t\t\t<div class=\"elementor-column elementor-col-50 elementor-top-column elementor-element elementor-element-69a8d24\" data-id=\"69a8d24\" data-element_type=\"column\">\n\t\t\t<div class=\"elementor-widget-wrap elementor-element-populated\">\n\t\t\t\t\t\t<div class=\"elementor-element elementor-element-4bf8f2c elementor-widget elementor-widget-text-editor\" data-id=\"4bf8f2c\" data-element_type=\"widget\" data-widget_type=\"text-editor.default\">\n\t\t\t\t<div class=\"elementor-widget-container\">\n\t\t\t\t\t\t\t\t\t<p style=\"text-align: justify;\">Klemens Kaps holds a MA and PhD in history from the University of Vienna with a thesis on trade, economic development and modernization discourses in Habsburg Galicia between 1772 and 1914 (2011). In his second (habilitation) thesis, defended at the Johannes Kepler Universit\u00e4t in Linz in 2022, he investigated trade flows, commodity chains, mercantile networks and mercantilist political economy between Central Europe and the Spanish Monarchy during the 18th century. He is currently Senior Lecturer in the Department of Social and Economic History at the Johannes Kepler Universit\u00e4t Linz since 2020. Previously he has worked as a pre-doctoral fellow at the Department for East European History at the University of Vienna (2007-2010), as lecturer in the Department of Economic and Social History at the same university (2010-2011, 2016), postdoctoral researcher in the Department of Modern History at the Pablo de Olavide University in Seville between 2011 and 2015, postdoctoral researcher in the Department of Economic and Social History at the University of Vienna (2016-2018) and Senior Lecturer in the Department of Contemporary History at the Johannes Kepler Universit\u00e4t in Linz (2018-2020). He has directed two research projects funded by the Austrian Science Fund (FWF) between 2011 and 2013 (at the UPO) and between 2016 and 2023 at the Universities of Vienna and Linz on the relations between the Hispanic Monarchy and the Habsburg Empire in the 18th century and on mercantile connectors between global markets and Central Europe between the Peace of Utrecht and the Congress of Vienna.<\/p>\n<p style=\"text-align: justify;\">Since 2020 he has been a member of the editorial board of the journal <em>Zeitschrift f\u00fcr Weltgeschichte<\/em>, as well as a member of the editorial advisory board of the <em>Zeitschrift f\u00fcr \u00d6sterreichische Geschichtswissenschaften<\/em>. He has been a member of several research projects, including \u00abThe polycentric model of shared sovereignty (16th-18th centuries)\u00bb (2015-2018), \u00abRes Publica Monarquica\u00bb (2019-2022), directed by Manuel Herrero S\u00e1nchez, and \u00abThe nerves of war\u00bb, directed by Rafael Torres S\u00e1nchez (2016-2019). He is currently a member of the research projects HISFIMED, directed by Francisco Cebreiro Ares and Beno\u00eet Mar\u00e9chaux, and ATLANREX, directed by Cristina Bravo Lozano and Manuel Herrero S\u00e1nchez.<\/p>\n<p style=\"text-align: left;\">His publications include a monograph in the <em>B\u00f6hlau<\/em> publishing house, collective works in the <em>Studienverlag<\/em> and Routledge publishing houses and several journal monographs in <em>Historyka<\/em> (Poland), <em>Review of the Fernand Braudel Center<\/em>, <em>\u00d6sterreichische Zeitschrift f\u00fcr Geschichtswissenschaften<\/em> and <em>Zeitschrift f\u00fcr Weltgeschichte<\/em>. In his publications he deals with external and domestic trade of the Habsburg Monarchy between the 17th and 19th centuries and its relationship to changes in production and economic policy. Against this background, he also focuses on the analysis of modernization discourses related to the imaginary of imperial and national scope in Habsburg Central Europe from a post-colonial approach.<\/p>\n<p style=\"text-align: justify;\">In his other line of research, he explores transnational mercantile networks in the Mediterranean and the Atlantic during the 18th century that were intermediaries in the trade between Spain and the Habsburg Monarchy. This work focuses on the mechanisms of insertion of Central European merchants in long-distance trade networks, the relations between merchants and the state, the impact of trade on commodity chains and the flows of products and capital. His work has been funded by an Erwin Schr\u00f6dinger Fellowship from the Austrian Science Fund (FWF, 2011-2013) and a Marie Curie Intra European Fellowship (2013-2014).<\/p>\t\t\t\t\t\t\t\t<\/div>\n\t\t\t\t<\/div>\n\t\t\t\t<section class=\"elementor-section elementor-inner-section elementor-element elementor-element-7ba4123 elementor-section-boxed elementor-section-height-default elementor-section-height-default\" data-id=\"7ba4123\" data-element_type=\"section\">\n\t\t\t\t\t\t<div class=\"elementor-container elementor-column-gap-default\">\n\t\t\t\t\t<div class=\"elementor-column elementor-col-50 elementor-inner-column elementor-element elementor-element-f79008b\" data-id=\"f79008b\" data-element_type=\"column\">\n\t\t\t<div class=\"elementor-widget-wrap elementor-element-populated\">\n\t\t\t\t\t\t<section class=\"elementor-section elementor-inner-section elementor-element elementor-element-f81764e elementor-section-boxed elementor-section-height-default elementor-section-height-default\" data-id=\"f81764e\" data-element_type=\"section\">\n\t\t\t\t\t\t<div class=\"elementor-container elementor-column-gap-default\">\n\t\t\t\t\t<div class=\"elementor-column elementor-col-50 elementor-inner-column elementor-element elementor-element-ed415dc\" data-id=\"ed415dc\" data-element_type=\"column\">\n\t\t\t<div class=\"elementor-widget-wrap elementor-element-populated\">\n\t\t\t\t\t\t<div class=\"elementor-element elementor-element-b71bb94 elementor-widget elementor-widget-image\" data-id=\"b71bb94\" data-element_type=\"widget\" data-widget_type=\"image.default\">\n\t\t\t\t<div class=\"elementor-widget-container\">\n\t\t\t\t\t\t\t\t\t\t\t\t\t\t\t\t<a href=\"https:\/\/scholar.google.com\/citations?user=sXoPs_0AAAAJ&#038;hl=de\">\n\t\t\t\t\t\t\t<img decoding=\"async\" width=\"150\" height=\"150\" src=\"https:\/\/www.upo.es\/investiga\/HUM-680\/wp-content\/uploads\/2023\/11\/Google_Scholar_logo.svg-150x150.png\" class=\"elementor-animation-grow attachment-thumbnail size-thumbnail wp-image-2063\" alt=\"\" srcset=\"https:\/\/www.upo.es\/investiga\/HUM-680\/wp-content\/uploads\/2023\/11\/Google_Scholar_logo.svg-150x150.png 150w, https:\/\/www.upo.es\/investiga\/HUM-680\/wp-content\/uploads\/2023\/11\/Google_Scholar_logo.svg-300x300.png 300w, https:\/\/www.upo.es\/investiga\/HUM-680\/wp-content\/uploads\/2023\/11\/Google_Scholar_logo.svg-1024x1024.png 1024w, https:\/\/www.upo.es\/investiga\/HUM-680\/wp-content\/uploads\/2023\/11\/Google_Scholar_logo.svg-768x768.png 768w, https:\/\/www.upo.es\/investiga\/HUM-680\/wp-content\/uploads\/2023\/11\/Google_Scholar_logo.svg-1536x1536.png 1536w, https:\/\/www.upo.es\/investiga\/HUM-680\/wp-content\/uploads\/2023\/11\/Google_Scholar_logo.svg.png 2048w\" sizes=\"(max-width: 150px) 100vw, 150px\" \/>\t\t\t\t\t\t\t\t<\/a>\n\t\t\t\t\t\t\t\t\t\t\t\t\t\t\t<\/div>\n\t\t\t\t<\/div>\n\t\t\t\t\t<\/div>\n\t\t<\/div>\n\t\t\t\t<div class=\"elementor-column elementor-col-50 elementor-inner-column elementor-element elementor-element-76a6e25\" data-id=\"76a6e25\" data-element_type=\"column\">\n\t\t\t<div class=\"elementor-widget-wrap elementor-element-populated\">\n\t\t\t\t\t\t<div class=\"elementor-element elementor-element-5141712 elementor-widget elementor-widget-image\" data-id=\"5141712\" data-element_type=\"widget\" data-widget_type=\"image.default\">\n\t\t\t\t<div class=\"elementor-widget-container\">\n\t\t\t\t\t\t\t\t\t\t\t\t\t\t\t\t<a href=\"https:\/\/jku.academia.edu\/KlemensKaps\">\n\t\t\t\t\t\t\t<img decoding=\"async\" width=\"360\" height=\"270\" src=\"https:\/\/www.upo.es\/investiga\/HUM-680\/wp-content\/uploads\/2023\/11\/1_wnzfchY0lc5EIUoOPENhTw.png\" class=\"elementor-animation-grow attachment-large size-large wp-image-2056\" alt=\"\" srcset=\"https:\/\/www.upo.es\/investiga\/HUM-680\/wp-content\/uploads\/2023\/11\/1_wnzfchY0lc5EIUoOPENhTw.png 360w, https:\/\/www.upo.es\/investiga\/HUM-680\/wp-content\/uploads\/2023\/11\/1_wnzfchY0lc5EIUoOPENhTw-300x225.png 300w\" sizes=\"(max-width: 360px) 100vw, 360px\" \/>\t\t\t\t\t\t\t\t<\/a>\n\t\t\t\t\t\t\t\t\t\t\t\t\t\t\t<\/div>\n\t\t\t\t<\/div>\n\t\t\t\t\t<\/div>\n\t\t<\/div>\n\t\t\t\t\t<\/div>\n\t\t<\/section>\n\t\t\t\t\t<\/div>\n\t\t<\/div>\n\t\t\t\t<div class=\"elementor-column elementor-col-50 elementor-inner-column elementor-element elementor-element-1bdb287\" data-id=\"1bdb287\" data-element_type=\"column\">\n\t\t\t<div class=\"elementor-widget-wrap elementor-element-populated\">\n\t\t\t\t\t\t<section class=\"elementor-section elementor-inner-section elementor-element elementor-element-813abf9 elementor-section-boxed elementor-section-height-default elementor-section-height-default\" data-id=\"813abf9\" data-element_type=\"section\">\n\t\t\t\t\t\t<div class=\"elementor-container elementor-column-gap-default\">\n\t\t\t\t\t<div class=\"elementor-column elementor-col-50 elementor-inner-column elementor-element elementor-element-7e4c09c\" data-id=\"7e4c09c\" data-element_type=\"column\">\n\t\t\t<div class=\"elementor-widget-wrap elementor-element-populated\">\n\t\t\t\t\t\t<div class=\"elementor-element elementor-element-baca668 elementor-widget elementor-widget-image\" data-id=\"baca668\" data-element_type=\"widget\" data-widget_type=\"image.default\">\n\t\t\t\t<div class=\"elementor-widget-container\">\n\t\t\t\t\t\t\t\t\t\t\t\t\t\t\t\t<a href=\"https:\/\/orcid.org\/0000-0002-0321-3891\">\n\t\t\t\t\t\t\t<img loading=\"lazy\" decoding=\"async\" width=\"150\" height=\"150\" src=\"https:\/\/www.upo.es\/investiga\/HUM-680\/wp-content\/uploads\/2023\/11\/logo-ORCID-150x150.png\" class=\"elementor-animation-grow attachment-thumbnail size-thumbnail wp-image-2059\" alt=\"\" srcset=\"https:\/\/www.upo.es\/investiga\/HUM-680\/wp-content\/uploads\/2023\/11\/logo-ORCID-150x150.png 150w, https:\/\/www.upo.es\/investiga\/HUM-680\/wp-content\/uploads\/2023\/11\/logo-ORCID-300x300.png 300w, https:\/\/www.upo.es\/investiga\/HUM-680\/wp-content\/uploads\/2023\/11\/logo-ORCID-768x768.png 768w, https:\/\/www.upo.es\/investiga\/HUM-680\/wp-content\/uploads\/2023\/11\/logo-ORCID.png 800w\" sizes=\"(max-width: 150px) 100vw, 150px\" \/>\t\t\t\t\t\t\t\t<\/a>\n\t\t\t\t\t\t\t\t\t\t\t\t\t\t\t<\/div>\n\t\t\t\t<\/div>\n\t\t\t\t\t<\/div>\n\t\t<\/div>\n\t\t\t\t<div class=\"elementor-column elementor-col-50 elementor-inner-column elementor-element elementor-element-ca8e361\" data-id=\"ca8e361\" data-element_type=\"column\">\n\t\t\t<div class=\"elementor-widget-wrap elementor-element-populated\">\n\t\t\t\t\t\t<div class=\"elementor-element elementor-element-8cafdbf elementor-widget elementor-widget-image\" data-id=\"8cafdbf\" data-element_type=\"widget\" data-widget_type=\"image.default\">\n\t\t\t\t<div class=\"elementor-widget-container\">\n\t\t\t\t\t\t\t\t\t\t\t\t\t\t\t\t<a href=\"https:\/\/dialnet.unirioja.es\/servlet\/autor?codigo=4186425\">\n\t\t\t\t\t\t\t<img loading=\"lazy\" decoding=\"async\" width=\"150\" height=\"150\" src=\"https:\/\/www.upo.es\/investiga\/HUM-680\/wp-content\/uploads\/2023\/11\/dialnet-logo-150x150.png\" class=\"elementor-animation-grow attachment-thumbnail size-thumbnail wp-image-2057\" alt=\"\" srcset=\"https:\/\/www.upo.es\/investiga\/HUM-680\/wp-content\/uploads\/2023\/11\/dialnet-logo-150x150.png 150w, https:\/\/www.upo.es\/investiga\/HUM-680\/wp-content\/uploads\/2023\/11\/dialnet-logo-300x300.png 300w, https:\/\/www.upo.es\/investiga\/HUM-680\/wp-content\/uploads\/2023\/11\/dialnet-logo.png 400w\" sizes=\"(max-width: 150px) 100vw, 150px\" \/>\t\t\t\t\t\t\t\t<\/a>\n\t\t\t\t\t\t\t\t\t\t\t\t\t\t\t<\/div>\n\t\t\t\t<\/div>\n\t\t\t\t\t<\/div>\n\t\t<\/div>\n\t\t\t\t\t<\/div>\n\t\t<\/section>\n\t\t\t\t\t<\/div>\n\t\t<\/div>\n\t\t\t\t\t<\/div>\n\t\t<\/section>\n\t\t\t\t\t<\/div>\n\t\t<\/div>\n\t\t\t\t\t<\/div>\n\t\t<\/section>\n\t\t\t\t<\/div>\n\t\t","protected":false},"excerpt":{"rendered":"<p>Geometry, Frans Floris (1557) Estudios sobre Europa, el mundo mediterr\u00e1neoy su difusi\u00f3n atl\u00e1ntica(HUM 680) Klemens Kaps Klemens Kaps holds a MA and PhD in history from the University of Vienna with a thesis on trade, economic development and modernization discourses in Habsburg Galicia between 1772 and 1914 (2011). In his [&hellip;]<\/p>\n","protected":false},"author":1,"featured_media":0,"parent":0,"menu_order":0,"comment_status":"closed","ping_status":"closed","template":"page-templates\/template-pagebuilder-full-width.php","meta":{"footnotes":""},"_links":{"self":[{"href":"https:\/\/www.upo.es\/investiga\/HUM-680\/wp-json\/wp\/v2\/pages\/1969"}],"collection":[{"href":"https:\/\/www.upo.es\/investiga\/HUM-680\/wp-json\/wp\/v2\/pages"}],"about":[{"href":"https:\/\/www.upo.es\/investiga\/HUM-680\/wp-json\/wp\/v2\/types\/page"}],"author":[{"embeddable":true,"href":"https:\/\/www.upo.es\/investiga\/HUM-680\/wp-json\/wp\/v2\/users\/1"}],"replies":[{"embeddable":true,"href":"https:\/\/www.upo.es\/investiga\/HUM-680\/wp-json\/wp\/v2\/comments?post=1969"}],"version-history":[{"count":22,"href":"https:\/\/www.upo.es\/investiga\/HUM-680\/wp-json\/wp\/v2\/pages\/1969\/revisions"}],"predecessor-version":[{"id":3750,"href":"https:\/\/www.upo.es\/investiga\/HUM-680\/wp-json\/wp\/v2\/pages\/1969\/revisions\/3750"}],"wp:attachment":[{"href":"https:\/\/www.upo.es\/investiga\/HUM-680\/wp-json\/wp\/v2\/media?parent=1969"}],"curies":[{"name":"wp","href":"https:\/\/api.w.org\/{rel}","templated":true}]}}