{"id":3169,"date":"2024-05-24T09:47:27","date_gmt":"2024-05-24T09:47:27","guid":{"rendered":"https:\/\/www.upo.es\/investiga\/HUM-680\/?page_id=3169"},"modified":"2024-12-20T20:42:01","modified_gmt":"2024-12-20T20:42:01","slug":"presentacion","status":"publish","type":"page","link":"https:\/\/www.upo.es\/investiga\/HUM-680\/presentacion\/","title":{"rendered":"Presentaci\u00f3n"},"content":{"rendered":"\t\t<div data-elementor-type=\"wp-page\" data-elementor-id=\"3169\" class=\"elementor elementor-3169\">\n\t\t\t\t\t\t<section class=\"elementor-section elementor-top-section elementor-element elementor-element-a3d0342 elementor-section-full_width elementor-section-stretched elementor-section-height-default elementor-section-height-default\" data-id=\"a3d0342\" data-element_type=\"section\" data-settings=\"{&quot;stretch_section&quot;:&quot;section-stretched&quot;,&quot;background_background&quot;:&quot;classic&quot;,&quot;animation&quot;:&quot;none&quot;}\">\n\t\t\t\t\t\t<div class=\"elementor-container elementor-column-gap-default\">\n\t\t\t\t\t<div class=\"elementor-column elementor-col-100 elementor-top-column elementor-element elementor-element-62657cc\" data-id=\"62657cc\" data-element_type=\"column\">\n\t\t\t<div class=\"elementor-widget-wrap elementor-element-populated\">\n\t\t\t\t\t\t<div class=\"elementor-element elementor-element-9fc139b elementor-widget elementor-widget-text-editor\" data-id=\"9fc139b\" data-element_type=\"widget\" data-widget_type=\"text-editor.default\">\n\t\t\t\t<div class=\"elementor-widget-container\">\n\t\t\t\t\t\t\t\t\t<p style=\"text-align: right;\"><em>Geometry<\/em>, Frans Floris (1557)<\/p>\t\t\t\t\t\t\t\t<\/div>\n\t\t\t\t<\/div>\n\t\t\t\t<div class=\"elementor-element elementor-element-d589d6d elementor-widget__width-initial elementor-widget elementor-widget-heading\" data-id=\"d589d6d\" data-element_type=\"widget\" data-widget_type=\"heading.default\">\n\t\t\t\t<div class=\"elementor-widget-container\">\n\t\t\t\t\t<h2 class=\"elementor-heading-title elementor-size-default\">Estudios sobre Europa, <br>el mundo mediterr\u00e1neo<br>y su difusi\u00f3n atl\u00e1ntica<br>(HUM 680)<\/h2>\t\t\t\t<\/div>\n\t\t\t\t<\/div>\n\t\t\t\t\t<\/div>\n\t\t<\/div>\n\t\t\t\t\t<\/div>\n\t\t<\/section>\n\t\t\t\t<section class=\"elementor-section elementor-top-section elementor-element elementor-element-4207c2a elementor-section-height-min-height elementor-section-content-middle elementor-section-boxed elementor-section-height-default elementor-section-items-middle\" data-id=\"4207c2a\" data-element_type=\"section\" data-settings=\"{&quot;animation&quot;:&quot;none&quot;}\">\n\t\t\t\t\t\t<div class=\"elementor-container elementor-column-gap-default\">\n\t\t\t\t\t<div class=\"elementor-column elementor-col-100 elementor-top-column elementor-element elementor-element-fc130af\" data-id=\"fc130af\" data-element_type=\"column\">\n\t\t\t<div class=\"elementor-widget-wrap elementor-element-populated\">\n\t\t\t\t\t\t<div class=\"elementor-element elementor-element-8fa8b86 elementor-widget__width-initial elementor-widget elementor-widget-heading\" data-id=\"8fa8b86\" data-element_type=\"widget\" data-widget_type=\"heading.default\">\n\t\t\t\t<div class=\"elementor-widget-container\">\n\t\t\t\t\t<h2 class=\"elementor-heading-title elementor-size-default\">Presentaci\u00f3n<\/h2>\t\t\t\t<\/div>\n\t\t\t\t<\/div>\n\t\t\t\t<div class=\"elementor-element elementor-element-857241e elementor-widget__width-initial elementor-widget elementor-widget-text-editor\" data-id=\"857241e\" data-element_type=\"widget\" data-settings=\"{&quot;_animation&quot;:&quot;none&quot;}\" data-widget_type=\"text-editor.default\">\n\t\t\t\t<div class=\"elementor-widget-container\">\n\t\t\t\t\t\t\t\t\t<p><img fetchpriority=\"high\" decoding=\"async\" src=\"https:\/\/www.upo.es\/investiga\/HUM-680\/wp-content\/uploads\/2023\/11\/sin-fondo-circulo-1024x1024.png\" alt=\"\" width=\"391\" height=\"391\" class=\"alignleft wp-image-2239 \" srcset=\"https:\/\/www.upo.es\/investiga\/HUM-680\/wp-content\/uploads\/2023\/11\/sin-fondo-circulo-1024x1024.png 1024w, https:\/\/www.upo.es\/investiga\/HUM-680\/wp-content\/uploads\/2023\/11\/sin-fondo-circulo-300x300.png 300w, https:\/\/www.upo.es\/investiga\/HUM-680\/wp-content\/uploads\/2023\/11\/sin-fondo-circulo-150x150.png 150w, https:\/\/www.upo.es\/investiga\/HUM-680\/wp-content\/uploads\/2023\/11\/sin-fondo-circulo-768x768.png 768w, https:\/\/www.upo.es\/investiga\/HUM-680\/wp-content\/uploads\/2023\/11\/sin-fondo-circulo.png 1080w\" sizes=\"(max-width: 391px) 100vw, 391px\" \/>PAIDI HUM 680 es un grupo con una fuerte presencia internacional y con un elevado n\u00famero de publicaciones, del que cabe se\u00f1alar la elevada calidad de las revistas y editoriales en las que se publica (Routledge, Brill, Fondo de Cultura Econ\u00f3mica, Garnier Classique). En l\u00ednea con esta internacionalizaci\u00f3n del grupo, destaca el estrecho contacto y colaboraci\u00f3n de sus miembros con redes cient\u00edficas europeas y americanas, a trav\u00e9s de la organizaci\u00f3n conjunta de actividades o de la realizaci\u00f3n de estancias en prestigiosos centros como la Universidad de Harvard, la Universidad de Warwick, la Universidad de Leiden, l&#8217;\u00c9cole des Hautes \u00c9tudes en Sciences Sociales, l&#8217;\u00c9cole Normale Sup\u00e9rieure de Lyon, el Instituto Universitario Europeo de Florencia o el Leibniz-Institut f\u00fcr Europaische Geschichte de Maguncia.<\/p><p>El buen n\u00famero de doctores e investigadores j\u00f3venes que integran el grupo puede ponerse en relaci\u00f3n con una evidente capacidad del mismo para captar ayudas de Formaci\u00f3n de Profesorado Universitario (FPU), Formaci\u00f3n del Personal Investigador (FPI) o de otras convocatorias como los programas Marie Curie, Ram\u00f3n y Cajal y Juan de la Cierva. Por otro lado, destaca la obtenci\u00f3n de financiaci\u00f3n por parte del grupo a trav\u00e9s del Programa Nacional de I+D+I en varias convocatorias para proyectos, pero tambi\u00e9n en convocatorias externas que han posibilitado la participaci\u00f3n de sus miembros en proyectos y grupos de investigaci\u00f3n internacionales. El elevado grado de colaboraci\u00f3n con estos grupos y redes se traduce en una fuerte transferencia de conocimiento a trav\u00e9s de una prol\u00edfica producci\u00f3n cient\u00edfica y de la organizaci\u00f3n frecuente de actividades, normalmente en el marco de los proyectos de investigaci\u00f3n I+D+I obtenidos en las distintas convocatorias competitivas.<\/p>\t\t\t\t\t\t\t\t<\/div>\n\t\t\t\t<\/div>\n\t\t\t\t<div class=\"elementor-element elementor-element-e839a1c elementor-widget elementor-widget-toggle\" data-id=\"e839a1c\" data-element_type=\"widget\" data-widget_type=\"toggle.default\">\n\t\t\t\t<div class=\"elementor-widget-container\">\n\t\t\t\t\t\t\t<div class=\"elementor-toggle\">\n\t\t\t\t\t\t\t<div class=\"elementor-toggle-item\">\n\t\t\t\t\t<div id=\"elementor-tab-title-2431\" class=\"elementor-tab-title\" data-tab=\"1\" role=\"button\" aria-controls=\"elementor-tab-content-2431\" aria-expanded=\"false\">\n\t\t\t\t\t\t\t\t\t\t\t\t<a class=\"elementor-toggle-title\" tabindex=\"0\">Leer m\u00e1s<\/a>\n\t\t\t\t\t<\/div>\n\n\t\t\t\t\t<div id=\"elementor-tab-content-2431\" class=\"elementor-tab-content elementor-clearfix\" data-tab=\"1\" role=\"region\" aria-labelledby=\"elementor-tab-title-2431\"><p style=\"text-align: justify;\">La mayor parte de los miembros del grupo se haya vinculada al proyecto I+D+i del Ministerio de Ciencias, Innovaci\u00f3n y Universidades PGC 2018-095424-B-100 <a href=\"https:\/\/www.upo.es\/investiga\/rexpublica\/\"><em>Res P\u00fablica Mon\u00e1rquica. La Monarqu\u00eda Hisp\u00e1nica, una estructura polic\u00e9ntrica de rep\u00fablicas urbanas<\/em><\/a>, heredero del recientemente terminado proyecto del MINECO HAR 2013-45357-P <em>El Modelo Polic\u00e9ntrico de Soberan\u00eda Compartida (siglos XVI-XVIII)<\/em>, as\u00ed como de diversos proyectos anteriores liderados por el responsable del grupo como el proyecto del MINECO HAR 2010-19686 <a href=\"https:\/\/www.upo.es\/investiga\/republicas\/presentacion\/\"><em>El papel de las rep\u00fablicas europeas en la conformaci\u00f3n del Estado moderno. \u00bfAlternativa modernizadora o motor del sistema? Siglos XVI-XVIII<\/em><\/a>, el proyecto del Ministerio de Educaci\u00f3n y Ciencia HUM 2006-10206 <em>Una rep\u00fablica mercantil en una Europa de pr\u00edncipes. Naturaleza y transformaciones del agregado imperial hispano-genov\u00e9s (1528-1700)<\/em> o el proyecto PEOPLE de la Uni\u00f3n Europea UE PIEF-GA-2011-299469 <a href=\"https:\/\/www.upo.es\/investiga\/republicas\/merchant-networks\/\"><em>Merchant Networks. Trade between Spain and Habsburg Monarchy (1725-1815). Merchant Networks in the Mediterranean and the Atlantic<\/em><\/a>. Toda esta trayectoria proyectual ha tenido como hilo conductor el an\u00e1lisis de las formas de gobierno polic\u00e9ntrico alejadas del concepto de soberan\u00eda plena bodiniana, que estuvieron vigentes en Europa y los dominios ultramarinos entre los siglos XVI-XVIII y mantuvieron su perdurabilidad frente a otras formas de articulaci\u00f3n estatal basadas en la centralizaci\u00f3n y la homogeneizaci\u00f3n. De entre los resultados, adem\u00e1s de la publicaci\u00f3n de monogr\u00e1ficos en editoriales de primera categor\u00eda como Routledge o Fondo de Cultura Econ\u00f3mica, cabe destacar la celebraci\u00f3n de encuentros cient\u00edficos de referencia que permitieron presentar los resultados de las distintas investigaciones vinculadas a estos proyectos, como los <em>coloquios Les mod\u00e8les polycentriques de souverainet\u00e9 multiples et partag\u00e9es (si\u00e8cles XVI-XVIII)<\/em>, celebrado en el Institute Historique Allemand de Par\u00eds en diciembre de 2016, y <em>Revueltas Urbanas y modelos de soberan\u00eda en la \u00e9poca moderna<\/em>, que se desarroll\u00f3 en la Universidad Pablo de Olavide y la Escuela de Estudios Hispano-Americanos de Sevilla en febrero de 2018. El otro proyecto integrado en el grupo es el liderado por Natalia Maillard \u00c1lvarez es IP del proyecto I+D+i HAR 2017-82362-P <a href=\"https:\/\/www.upo.es\/investiga\/red-libros\/\"><em>Las redes internacionales del comercio de libros en la Monarqu\u00eda Hisp\u00e1nica. 1501-1648<\/em><\/a>, que viene a ampliar a\u00fan m\u00e1s el panorama investigador de los miembros del presente grupo.\u00a0<\/p><p style=\"text-align: justify;\"><span style=\"text-align: left;\">El grupo mantiene una estrecha colaboraci\u00f3n con la Escuela de Estudios Hispano-Americanos del CSIC de Sevilla como acredita la incorporaci\u00f3n de su director, Salvador Bernab\u00e9u Albert al proyecto, as\u00ed como de Jos\u00e9 Mar\u00eda Garc\u00eda Redondo, en la actualidad investigador Juan de la Cierva Incorporaci\u00f3n en el \u00e1rea de Historia Moderna de la UPO, responsable de un proyecto I+D+i FEDER-Andaluc\u00eda 2014-2020 <\/span><em style=\"text-align: left;\">CARTOPOLIC. Cartograf\u00edas en movimiento. Circulaci\u00f3n y construcci\u00f3n de los saberes geogr\u00e1ficos en las monarqu\u00edas polic\u00e9ntricas ib\u00e9ricas<\/em><span style=\"text-align: left;\"> (UPO-1260972), y que ha ganado recientemente una plaza de Cient\u00edfico Titular para incorporarse a la EEHA.<\/span><\/p><p style=\"text-align: justify;\"><span style=\"text-align: left;\">En relaci\u00f3n con la trayectoria investigadora del responsable del grupo, es catedr\u00e1tico de Historia Moderna y a su labor de direcci\u00f3n de los anteriores proyectos cabe a\u00f1adir tambi\u00e9n su participaci\u00f3n en sendos proyectos de excelencia de la Junta de Andaluc\u00eda y en proyectos internacionales radicados en Canad\u00e1, Portugal y Francia. Cuenta adem\u00e1s con cuatro sexenios de investigaci\u00f3n (el \u00faltimo obtenido en 2017) y con 5 complementos auton\u00f3micos. En su experiencia investigadora destaca la organizaci\u00f3n de un elevado n\u00famero de seminarios y congresos internacionales, as\u00ed como de un ciclo de conferencias de car\u00e1cter internacional que ha entrado ya en su decimos\u00e9ptima edici\u00f3n y que constituye un referente en el \u00e1mbito del modernismo europeo. Formado en la Universidad Complutense, realiz\u00f3 un per\u00edodo de 7 a\u00f1os de formaci\u00f3n en centros de reconocido prestigio como el IUE de Florencia, donde se doctor\u00f3 bajo la direcci\u00f3n de Kirti Chaudhuri, el Istituto Benedetto Croce de N\u00e1poles, las universidades de Lieja y Leiden y el CSIC. La fuerte internacionalizaci\u00f3n de su trayectoria investigadora ha sido reforzada tambi\u00e9n con recientes estancias como profesor invitado en la Universidad de Harvard, l&#8217;\u00c9cole des Hautes \u00c9tudes en Sciences Sociales y el Instituto Leibniz de Maguncia. Los resultados de sus investigaciones han sido expuestos a trav\u00e9s de ponencias y conferencias en universidades espa\u00f1olas e instituciones internacionales como las universidades de Viena, Duke, Harvard, Vanderbilt (Nashville), British Columbia (Vancouver), Caen, Rennes, Los Andes y Javeriana (Bogot\u00e1), Fluminense (R\u00edo de Janeiro), Mar de Plata, Bar-Il\u00e1n (Tel Aviv), Roma III, Bielefeld, Ca Foscari (Venecia), Leiden, Lovaina, Sorbona-Par\u00eds IV, Andr\u00e9s Bello de Vi\u00f1a de Mar (Chile), Colegio de M\u00e9xico, Casa de Vel\u00e1zquez (Madrid) o Museo del Prado.<\/span><\/p><\/div>\n\t\t\t\t<\/div>\n\t\t\t\t\t\t\t\t<\/div>\n\t\t\t\t\t\t<\/div>\n\t\t\t\t<\/div>\n\t\t\t\t\t<\/div>\n\t\t<\/div>\n\t\t\t\t\t<\/div>\n\t\t<\/section>\n\t\t\t\t<section class=\"elementor-section elementor-top-section elementor-element elementor-element-89f4f2a elementor-section-boxed elementor-section-height-default elementor-section-height-default\" data-id=\"89f4f2a\" data-element_type=\"section\" data-settings=\"{&quot;animation&quot;:&quot;none&quot;}\">\n\t\t\t\t\t\t<div class=\"elementor-container elementor-column-gap-default\">\n\t\t\t\t\t<div class=\"elementor-column elementor-col-100 elementor-top-column elementor-element elementor-element-4448a21\" data-id=\"4448a21\" data-element_type=\"column\">\n\t\t\t<div class=\"elementor-widget-wrap elementor-element-populated\">\n\t\t\t\t\t\t<div class=\"elementor-element elementor-element-2f774dc elementor-widget__width-initial elementor-widget elementor-widget-heading\" data-id=\"2f774dc\" data-element_type=\"widget\" data-widget_type=\"heading.default\">\n\t\t\t\t<div class=\"elementor-widget-container\">\n\t\t\t\t\t<h2 class=\"elementor-heading-title elementor-size-default\">L\u00edneas de investigaci\u00f3n<\/h2>\t\t\t\t<\/div>\n\t\t\t\t<\/div>\n\t\t\t\t<div class=\"elementor-element elementor-element-111a6cf elementor-widget elementor-widget-text-editor\" data-id=\"111a6cf\" data-element_type=\"widget\" data-widget_type=\"text-editor.default\">\n\t\t\t\t<div class=\"elementor-widget-container\">\n\t\t\t\t\t\t\t\t\t<ul><li><p>Modelos pol\u00edticos y estructuras imperiales: entre la soberan\u00eda plena y la pervivencia de estructuras polic\u00e9ntricas de soberan\u00eda fragmentada.<\/p><\/li><li><p>Relaciones internacionales en el espacio atl\u00e1ntico, siglos XVI-XVIII.<\/p><\/li><li><p>Formas y usos de la comunicaci\u00f3n diplom\u00e1tica en la Edad Moderna.<\/p><\/li><li><p>Corte y gobierno de los reinos de la Monarqu\u00eda Hisp\u00e1nica.<\/p><\/li><li><p>La pol\u00edtica confesional de la Monarqu\u00eda Hisp\u00e1nica.<\/p><\/li><li><p>Redes y conectores mercantiles y financieros como articuladores de la Monarqu\u00eda Hisp\u00e1nica. Comunidades mercantiles en los imperios ib\u00e9ricos.<\/p><\/li><li><p>Historia mar\u00edtima, construcci\u00f3n naval y comercio colonial.<\/p><\/li><li><p>Los Pa\u00edses Bajos en la articulaci\u00f3n pol\u00edtica de la Monarqu\u00eda Hisp\u00e1nica durante los siglos XVI-XVII.<\/p><\/li><li><p>Rep\u00fablicas y republicanismo en la Edad moderna con especial referencia a los casos de G\u00e9nova y las Provincias Unidas.<\/p><\/li><li><p>Comunicaci\u00f3n y circulaci\u00f3n de informaci\u00f3n. El papel de la comunicaci\u00f3n postal en los imperios ultramarinos.<\/p><\/li><li><p>Conexiones e intercambios en el mundo atl\u00e1ntico durante la Edad Moderna.<\/p><\/li><li><p>Estrategias de poder en los planes reformistas de la Monarqu\u00eda Borb\u00f3nica.<\/p><\/li><li><p>Mecanismos de integraci\u00f3n de los diversos poderes locales en la cabecera de los comercios imperiales hisp\u00e1nicos.<\/p><\/li><li><p>Construcci\u00f3n y desarrollo del espacio y la sociedad urbanas en el marco de la monarqu\u00eda polic\u00e9ntrica.<\/p><\/li><li><p>Comunicaci\u00f3n, gesti\u00f3n y discursos de la cat\u00e1strofe natural en la Monarqu\u00eda Hisp\u00e1nica.<\/p><\/li><\/ul>\t\t\t\t\t\t\t\t<\/div>\n\t\t\t\t<\/div>\n\t\t\t\t\t<\/div>\n\t\t<\/div>\n\t\t\t\t\t<\/div>\n\t\t<\/section>\n\t\t\t\t<\/div>\n\t\t","protected":false},"excerpt":{"rendered":"<p>Geometry, Frans Floris (1557) Estudios sobre Europa, el mundo mediterr\u00e1neoy su difusi\u00f3n atl\u00e1ntica(HUM 680) Presentaci\u00f3n PAIDI HUM 680 es un grupo con una fuerte presencia internacional y con un elevado n\u00famero de publicaciones, del que cabe se\u00f1alar la elevada calidad de las revistas y editoriales en las que se publica [&hellip;]<\/p>\n","protected":false},"author":1,"featured_media":0,"parent":0,"menu_order":0,"comment_status":"closed","ping_status":"closed","template":"page-templates\/template-pagebuilder-full-width.php","meta":{"footnotes":""},"_links":{"self":[{"href":"https:\/\/www.upo.es\/investiga\/HUM-680\/wp-json\/wp\/v2\/pages\/3169"}],"collection":[{"href":"https:\/\/www.upo.es\/investiga\/HUM-680\/wp-json\/wp\/v2\/pages"}],"about":[{"href":"https:\/\/www.upo.es\/investiga\/HUM-680\/wp-json\/wp\/v2\/types\/page"}],"author":[{"embeddable":true,"href":"https:\/\/www.upo.es\/investiga\/HUM-680\/wp-json\/wp\/v2\/users\/1"}],"replies":[{"embeddable":true,"href":"https:\/\/www.upo.es\/investiga\/HUM-680\/wp-json\/wp\/v2\/comments?post=3169"}],"version-history":[{"count":8,"href":"https:\/\/www.upo.es\/investiga\/HUM-680\/wp-json\/wp\/v2\/pages\/3169\/revisions"}],"predecessor-version":[{"id":4008,"href":"https:\/\/www.upo.es\/investiga\/HUM-680\/wp-json\/wp\/v2\/pages\/3169\/revisions\/4008"}],"wp:attachment":[{"href":"https:\/\/www.upo.es\/investiga\/HUM-680\/wp-json\/wp\/v2\/media?parent=3169"}],"curies":[{"name":"wp","href":"https:\/\/api.w.org\/{rel}","templated":true}]}}