{"id":3175,"date":"2024-05-24T09:49:36","date_gmt":"2024-05-24T09:49:36","guid":{"rendered":"https:\/\/www.upo.es\/investiga\/HUM-680\/?page_id=3175"},"modified":"2024-12-20T18:26:20","modified_gmt":"2024-12-20T18:26:20","slug":"about","status":"publish","type":"page","link":"https:\/\/www.upo.es\/investiga\/HUM-680\/en\/about\/","title":{"rendered":"About"},"content":{"rendered":"\t\t<div data-elementor-type=\"wp-page\" data-elementor-id=\"3175\" class=\"elementor elementor-3175\">\n\t\t\t\t\t\t<section class=\"elementor-section elementor-top-section elementor-element elementor-element-b04f5a5 elementor-section-full_width elementor-section-stretched elementor-section-height-default elementor-section-height-default\" data-id=\"b04f5a5\" data-element_type=\"section\" data-settings=\"{&quot;stretch_section&quot;:&quot;section-stretched&quot;,&quot;background_background&quot;:&quot;classic&quot;}\">\n\t\t\t\t\t\t<div class=\"elementor-container elementor-column-gap-default\">\n\t\t\t\t\t<div class=\"elementor-column elementor-col-100 elementor-top-column elementor-element elementor-element-2056ba6\" data-id=\"2056ba6\" data-element_type=\"column\">\n\t\t\t<div class=\"elementor-widget-wrap elementor-element-populated\">\n\t\t\t\t\t\t<div class=\"elementor-element elementor-element-5fffc19 elementor-widget elementor-widget-text-editor\" data-id=\"5fffc19\" data-element_type=\"widget\" data-widget_type=\"text-editor.default\">\n\t\t\t\t<div class=\"elementor-widget-container\">\n\t\t\t\t\t\t\t\t\t<p style=\"text-align: right;\"><em>Geometry<\/em>, Frans Floris (1557)<\/p>\t\t\t\t\t\t\t\t<\/div>\n\t\t\t\t<\/div>\n\t\t\t\t<div class=\"elementor-element elementor-element-fc51690 elementor-widget__width-initial elementor-widget elementor-widget-heading\" data-id=\"fc51690\" data-element_type=\"widget\" data-widget_type=\"heading.default\">\n\t\t\t\t<div class=\"elementor-widget-container\">\n\t\t\t\t\t<h2 class=\"elementor-heading-title elementor-size-default\">Estudios sobre Europa, <br>el mundo mediterr\u00e1neo<br>y su difusi\u00f3n atl\u00e1ntica<br>(HUM 680)<\/h2>\t\t\t\t<\/div>\n\t\t\t\t<\/div>\n\t\t\t\t\t<\/div>\n\t\t<\/div>\n\t\t\t\t\t<\/div>\n\t\t<\/section>\n\t\t\t\t<section class=\"elementor-section elementor-top-section elementor-element elementor-element-2f6cce3 elementor-section-height-min-height elementor-section-content-middle elementor-section-boxed elementor-section-height-default elementor-section-items-middle\" data-id=\"2f6cce3\" data-element_type=\"section\" data-settings=\"{&quot;animation&quot;:&quot;none&quot;}\">\n\t\t\t\t\t\t<div class=\"elementor-container elementor-column-gap-default\">\n\t\t\t\t\t<div class=\"elementor-column elementor-col-100 elementor-top-column elementor-element elementor-element-036541c\" data-id=\"036541c\" data-element_type=\"column\">\n\t\t\t<div class=\"elementor-widget-wrap elementor-element-populated\">\n\t\t\t\t\t\t<div class=\"elementor-element elementor-element-33ad0e3 elementor-widget__width-initial elementor-widget elementor-widget-heading\" data-id=\"33ad0e3\" data-element_type=\"widget\" data-widget_type=\"heading.default\">\n\t\t\t\t<div class=\"elementor-widget-container\">\n\t\t\t\t\t<h2 class=\"elementor-heading-title elementor-size-default\">Introduction<\/h2>\t\t\t\t<\/div>\n\t\t\t\t<\/div>\n\t\t\t\t<div class=\"elementor-element elementor-element-477876e elementor-widget__width-initial elementor-widget elementor-widget-text-editor\" data-id=\"477876e\" data-element_type=\"widget\" data-settings=\"{&quot;_animation&quot;:&quot;none&quot;}\" data-widget_type=\"text-editor.default\">\n\t\t\t\t<div class=\"elementor-widget-container\">\n\t\t\t\t\t\t\t\t\t<p><img fetchpriority=\"high\" decoding=\"async\" src=\"https:\/\/www.upo.es\/investiga\/HUM-680\/wp-content\/uploads\/2023\/11\/sin-fondo-circulo-300x300.png\" alt=\"\" width=\"391\" height=\"391\" class=\"alignleft wp-image-2239\" srcset=\"https:\/\/www.upo.es\/investiga\/HUM-680\/wp-content\/uploads\/2023\/11\/sin-fondo-circulo-300x300.png 300w, https:\/\/www.upo.es\/investiga\/HUM-680\/wp-content\/uploads\/2023\/11\/sin-fondo-circulo-1024x1024.png 1024w, https:\/\/www.upo.es\/investiga\/HUM-680\/wp-content\/uploads\/2023\/11\/sin-fondo-circulo-150x150.png 150w, https:\/\/www.upo.es\/investiga\/HUM-680\/wp-content\/uploads\/2023\/11\/sin-fondo-circulo-768x768.png 768w, https:\/\/www.upo.es\/investiga\/HUM-680\/wp-content\/uploads\/2023\/11\/sin-fondo-circulo.png 1080w\" sizes=\"(max-width: 391px) 100vw, 391px\" \/>The research group PAIDI HUM 680 has a strong international presence, as well as numerous publications in high quality journals and publishing houses such as Routledge, Brill, Fondo de Cultura Econ\u00f3mica or Garnier Classique. In line with the internationalization of the group, its members are in close contact and often collaborate with European and American scientific networks through the joint organisation of events or stays in prestigious centres such as Harvard University, Warwick University, Leiden University, l&#8217;\u00c9cole des Hautes \u00c9tudes en Sciences Sociales, l&#8217;\u00c9cole Normale Sup\u00e9rieure of Lyon, the European University Institute of Florence or the Leibniz-Institut f\u00fcr Europaische Geschichte in Maguncia.<\/p><p>The number of young doctorates and researchers who take part in the group is due to its capacity to attract scholarships destined to the training of university faculty (FPU or Formaci\u00f3n de Profesorado Universitario) and research personnel (FPI or Formaci\u00f3n del Personal Investigador), plus other scholarships such as Marie Curie, Ram\u00f3n y Cajal and Juan de la Cierva. It is also worth noting that the group is recipient of funding via the state plan for scientific research, development, and innovation of Spain (Plan Nacional de I+D+i) for its own projects, in addition to external, international projects and research groups in which PAIDI HUM 680 takes part. This ongoing collaboration translates into a strong transfer of knowledge through prolific scientific production and the frequent organization of scientific events as a part of the aforementioned competitive research projects.<\/p>\t\t\t\t\t\t\t\t<\/div>\n\t\t\t\t<\/div>\n\t\t\t\t<div class=\"elementor-element elementor-element-7a7ad01 elementor-widget elementor-widget-toggle\" data-id=\"7a7ad01\" data-element_type=\"widget\" data-widget_type=\"toggle.default\">\n\t\t\t\t<div class=\"elementor-widget-container\">\n\t\t\t\t\t\t\t<div class=\"elementor-toggle\">\n\t\t\t\t\t\t\t<div class=\"elementor-toggle-item\">\n\t\t\t\t\t<div id=\"elementor-tab-title-1281\" class=\"elementor-tab-title\" data-tab=\"1\" role=\"button\" aria-controls=\"elementor-tab-content-1281\" aria-expanded=\"false\">\n\t\t\t\t\t\t\t\t\t\t\t\t<a class=\"elementor-toggle-title\" tabindex=\"0\">Read more<\/a>\n\t\t\t\t\t<\/div>\n\n\t\t\t\t\t<div id=\"elementor-tab-content-1281\" class=\"elementor-tab-content elementor-clearfix\" data-tab=\"1\" role=\"region\" aria-labelledby=\"elementor-tab-title-1281\"><p>Most group members work in the project PGC 2018-095424-B-100 <a href=\"https:\/\/www.upo.es\/investiga\/rexpublica\/\"><em>Res P\u00fablica Mon\u00e1rquica. <\/em><em>La Monarqu\u00eda Hisp\u00e1nica, una estructura polic\u00e9ntrica de rep\u00fablicas urbanas<\/em><\/a>, heir of the now concluded project MINECO HAR 2013-45357-P <em>El Modelo Polic\u00e9ntrico de Soberan\u00eda Compartida (siglos XVI-XVIII)<\/em>, as well as different previous projects led by the Principal Investigator, such as the following: MINECO HAR 2010-19686 <a href=\"https:\/\/www.upo.es\/investiga\/republicas\/presentacion\/\"><em>El papel de las rep\u00fablicas europeas en la conformaci\u00f3n del Estado moderno. \u00bfAlternativa modernizadora o motor del sistema? Siglos XVI-XVIII<\/em>,<\/a> HUM 2006-10206 <em>Una rep\u00fablica mercantil en una Europa de pr\u00edncipes. Naturaleza y transformaciones del agregado imperial hispano-genov\u00e9s (1528-1700)<\/em>, and PIEF-GA-2011-299469 <a href=\"https:\/\/www.upo.es\/investiga\/republicas\/merchant-networks\/\"><em>Merchant Networks. <\/em><em>Trade between Spain and Habsburg Monarchy (1725-1815). Merchant Networks in the Mediterranean and the Atlantic<\/em><\/a>. The unifying thread for this trajectory is the analysis of polycentric government systems \u2014far from Jean Bodin\u2019s concept of full sovereignty\u2014 which were in force in XVI-XVIIIth century Europe and its overseas territories, and which persevered against other government systems based on centralization and homogenization. Apart from publications in first-category publishing houses such as Routledge or Fondo de Cultura Econ\u00f3mica, the group has celebrated exemplary scientific events to expound the results of its research, such as the colloquium titled <em>Les mod\u00e8les polycentriques de souverainet\u00e9 multiples et partag\u00e9es (si\u00e8cles XVI-XVIII)<\/em>, hosted in the Institute Historique Allemand of Par\u00eds in December of 2016; and <em>Revueltas Urbanas y modelos de soberan\u00eda en la \u00e9poca moderna<\/em>, hosted in Pablo de Olavide University and the Escuela de Estudios Hispano-Americanos (EEHA) of Seville in February of 2018. Member Natalia Maillard \u00c1lvarez is Principal Investigator of the project HAR 2017-82362-P <em><a href=\"https:\/\/www.upo.es\/investiga\/red-libros\/\">Las redes internacionales del comercio de libros en la Monarqu\u00eda Hisp\u00e1nica<\/a>. <\/em><em>1501-1648<\/em>.<\/p><p>PAIDI HUM 680 has a very close relationship with the Escuela de Estudios Hispano-Americanos of CISC in Seville, as proven by its director, Salvador Bernab\u00e9u Albert, joining the group. Member Jos\u00e9 Mar\u00eda Garc\u00eda Redondo, currently a Juan de la Cierva scholarship researcher, has joined Pablo de Olavide University in the area of Early-Modern History, is responsible for the project titled FEDER-Andaluc\u00eda 2014-2020 <em>CARTOPOLIC. <\/em><em>Cartograf\u00edas en movimiento. Circulaci\u00f3n y construcci\u00f3n de los saberes geogr\u00e1ficos en las monarqu\u00edas polic\u00e9ntricas ib\u00e9ricas<\/em> (UPO-1260972) and has been awarded the title of permanent investigator (Cient\u00edfico Titular) in the EEHA.<\/p><p>Concerning the Principal Investigator\u2019s research career, he is Full Professor in Early-Modern History and has not only directed but also taken part in both aforementioned projects, along with other international projects hosted in Canada, Portugal and France. He has four six-year periods of research activity (sexenios de investigaci\u00f3n), the last one was received in 2017, and five complementos auton\u00f3micos. During his research trajectory, he has organised numerous international seminars and conferences, in addition to the international conference cycle which has reached its seventeenth edition and has become a benchmark in European study of Modern History. Graduate from the Complutense University of Madrid, he undertook a seven-year long period of training in centres of renowned prestige such as the European University Institute of Florence (where he earned his PhD under the direction of Kirti Chaudhuri), the Istituto Benedetto Croce de N\u00e1poles, the universities of Li\u00e8ge y Leiden, and the CSIC. He has recently stayed as visiting professor in Harvard University, l&#8217;\u00c9cole des Hautes \u00c9tudes en Sciences Sociales and the Leibniz-Institut f\u00fcr Europaische Geschichte in Maguncia. The results of his research have been expounded in Spanish universities and international institutions such as the universities of Vienna, Duke, Harvard, Vanderbilt (Nashville), British Columbia (Vancouver), Caen, Rennes, The Andes and Javeriana (Bogot\u00e1), Fluminense (R\u00edo de Janeiro), Mar de Plata, Bar-Il\u00e1n (Tel Aviv), Roma III, Bielefeld, Ca Foscari (Venecia), Leiden, Louvain, Sorbonne-Paris IV, Andr\u00e9s Bello de Vi\u00f1a de Mar (Chile), Colegio de M\u00e9xico, Casa de Vel\u00e1zquez (Madrid) or Museo del Prado.<\/p><\/div>\n\t\t\t\t<\/div>\n\t\t\t\t\t\t\t\t<\/div>\n\t\t\t\t\t\t<\/div>\n\t\t\t\t<\/div>\n\t\t\t\t\t<\/div>\n\t\t<\/div>\n\t\t\t\t\t<\/div>\n\t\t<\/section>\n\t\t\t\t<section class=\"elementor-section elementor-top-section elementor-element elementor-element-48527cd elementor-section-boxed elementor-section-height-default elementor-section-height-default\" data-id=\"48527cd\" data-element_type=\"section\" data-settings=\"{&quot;animation&quot;:&quot;none&quot;}\">\n\t\t\t\t\t\t<div class=\"elementor-container elementor-column-gap-default\">\n\t\t\t\t\t<div class=\"elementor-column elementor-col-100 elementor-top-column elementor-element elementor-element-ef213ba\" data-id=\"ef213ba\" data-element_type=\"column\">\n\t\t\t<div class=\"elementor-widget-wrap elementor-element-populated\">\n\t\t\t\t\t\t<div class=\"elementor-element elementor-element-4f3331d elementor-widget__width-initial elementor-widget elementor-widget-heading\" data-id=\"4f3331d\" data-element_type=\"widget\" data-widget_type=\"heading.default\">\n\t\t\t\t<div class=\"elementor-widget-container\">\n\t\t\t\t\t<h2 class=\"elementor-heading-title elementor-size-default\">Lines of research<\/h2>\t\t\t\t<\/div>\n\t\t\t\t<\/div>\n\t\t\t\t<div class=\"elementor-element elementor-element-720d19a elementor-widget elementor-widget-text-editor\" data-id=\"720d19a\" data-element_type=\"widget\" data-widget_type=\"text-editor.default\">\n\t\t\t\t<div class=\"elementor-widget-container\">\n\t\t\t\t\t\t\t\t\t<ul><li><p>Political models and imperial structures: in between full sovereignty and the survival of polycentric structures of fragmented sovereignty.<\/p><\/li><li><p>International relations in the Atlantic space, XVI-XVIII centuries.<\/p><\/li><li><p>Processes and uses of diplomatic communication in Early-Modern History.<\/p><\/li><li><p>Court and government in the kingdoms of early-modern Spanish monarchy.<\/p><\/li><li><p>The confessional politics of early-modern Spanish monarchy.<\/p><\/li><li><p>Merchant and financial networks and connectors as articulators of early-modern Spanish monarchy. Merchant communities in Iberian empires.<\/p><\/li><li><p>Maritime history, naval construction, and colonial commerce.<\/p><\/li><li><p>The Netherlands in the political articulation of early-modern Spanish monarchy during the XVI-XVII centuries.<\/p><\/li><li><p>Republics and republicanism in Early-Modern History with the special mention of Genoa and the Dutch Republic.<\/p><\/li><li><p>Communication and the circulation of information. The role of postal communication in empires overseas.<\/p><\/li><li><p>Connexions and trade in the Atlantic world during Early-Modern History.<\/p><\/li><li><p>Power\/domination strategies in the reformist plans of the Borbonic Monarchy.<\/p><\/li><li><p>Processes of integration of the diverse local governments at the top of the imperial Spanish businesses.<\/p><\/li><li><p>Comunication, management and discourse about natural disasters in early-modern Spanish monarchy.<\/p><\/li><\/ul>\t\t\t\t\t\t\t\t<\/div>\n\t\t\t\t<\/div>\n\t\t\t\t\t<\/div>\n\t\t<\/div>\n\t\t\t\t\t<\/div>\n\t\t<\/section>\n\t\t\t\t<\/div>\n\t\t","protected":false},"excerpt":{"rendered":"<p>Geometry, Frans Floris (1557) Estudios sobre Europa, el mundo mediterr\u00e1neoy su difusi\u00f3n atl\u00e1ntica(HUM 680) Introduction The research group PAIDI HUM 680 has a strong international presence, as well as numerous publications in high quality journals and publishing houses such as Routledge, Brill, Fondo de Cultura Econ\u00f3mica or Garnier Classique. In [&hellip;]<\/p>\n","protected":false},"author":1,"featured_media":0,"parent":0,"menu_order":0,"comment_status":"closed","ping_status":"closed","template":"page-templates\/template-pagebuilder-full-width.php","meta":{"footnotes":""},"_links":{"self":[{"href":"https:\/\/www.upo.es\/investiga\/HUM-680\/wp-json\/wp\/v2\/pages\/3175"}],"collection":[{"href":"https:\/\/www.upo.es\/investiga\/HUM-680\/wp-json\/wp\/v2\/pages"}],"about":[{"href":"https:\/\/www.upo.es\/investiga\/HUM-680\/wp-json\/wp\/v2\/types\/page"}],"author":[{"embeddable":true,"href":"https:\/\/www.upo.es\/investiga\/HUM-680\/wp-json\/wp\/v2\/users\/1"}],"replies":[{"embeddable":true,"href":"https:\/\/www.upo.es\/investiga\/HUM-680\/wp-json\/wp\/v2\/comments?post=3175"}],"version-history":[{"count":7,"href":"https:\/\/www.upo.es\/investiga\/HUM-680\/wp-json\/wp\/v2\/pages\/3175\/revisions"}],"predecessor-version":[{"id":3686,"href":"https:\/\/www.upo.es\/investiga\/HUM-680\/wp-json\/wp\/v2\/pages\/3175\/revisions\/3686"}],"wp:attachment":[{"href":"https:\/\/www.upo.es\/investiga\/HUM-680\/wp-json\/wp\/v2\/media?parent=3175"}],"curies":[{"name":"wp","href":"https:\/\/api.w.org\/{rel}","templated":true}]}}