{"id":3229,"date":"2024-06-20T09:26:22","date_gmt":"2024-06-20T09:26:22","guid":{"rendered":"https:\/\/www.upo.es\/investiga\/HUM-680\/?page_id=3229"},"modified":"2024-12-20T20:47:15","modified_gmt":"2024-12-20T20:47:15","slug":"rocio-molina-flores","status":"publish","type":"page","link":"https:\/\/www.upo.es\/investiga\/HUM-680\/rocio-molina-flores\/","title":{"rendered":"Roc\u00edo Molina Flores"},"content":{"rendered":"\t\t<div data-elementor-type=\"wp-page\" data-elementor-id=\"3229\" class=\"elementor elementor-3229\">\n\t\t\t\t\t\t<section class=\"elementor-section elementor-top-section elementor-element elementor-element-63f30cc elementor-section-full_width elementor-section-stretched elementor-section-height-default elementor-section-height-default\" data-id=\"63f30cc\" data-element_type=\"section\" data-settings=\"{&quot;stretch_section&quot;:&quot;section-stretched&quot;,&quot;background_background&quot;:&quot;classic&quot;}\">\n\t\t\t\t\t\t<div class=\"elementor-container elementor-column-gap-default\">\n\t\t\t\t\t<div class=\"elementor-column elementor-col-100 elementor-top-column elementor-element elementor-element-cc701a2\" data-id=\"cc701a2\" data-element_type=\"column\">\n\t\t\t<div class=\"elementor-widget-wrap elementor-element-populated\">\n\t\t\t\t\t\t<div class=\"elementor-element elementor-element-4906bfb elementor-widget elementor-widget-text-editor\" data-id=\"4906bfb\" data-element_type=\"widget\" data-widget_type=\"text-editor.default\">\n\t\t\t\t<div class=\"elementor-widget-container\">\n\t\t\t\t\t\t\t\t\t<p style=\"text-align: right;\"><em>Geometry<\/em>, Frans Floris (1557)<\/p>\t\t\t\t\t\t\t\t<\/div>\n\t\t\t\t<\/div>\n\t\t\t\t<div class=\"elementor-element elementor-element-b7c7b03 elementor-widget__width-initial elementor-widget elementor-widget-heading\" data-id=\"b7c7b03\" data-element_type=\"widget\" data-widget_type=\"heading.default\">\n\t\t\t\t<div class=\"elementor-widget-container\">\n\t\t\t\t\t<h2 class=\"elementor-heading-title elementor-size-default\">Estudios sobre Europa, <br>el mundo mediterr\u00e1neo<br>y su difusi\u00f3n atl\u00e1ntica<br>(HUM 680)<\/h2>\t\t\t\t<\/div>\n\t\t\t\t<\/div>\n\t\t\t\t\t<\/div>\n\t\t<\/div>\n\t\t\t\t\t<\/div>\n\t\t<\/section>\n\t\t\t\t<section class=\"elementor-section elementor-top-section elementor-element elementor-element-ab77fdd elementor-section-boxed elementor-section-height-default elementor-section-height-default\" data-id=\"ab77fdd\" data-element_type=\"section\">\n\t\t\t\t\t\t<div class=\"elementor-container elementor-column-gap-default\">\n\t\t\t\t\t<div class=\"elementor-column elementor-col-100 elementor-top-column elementor-element elementor-element-858171b\" data-id=\"858171b\" data-element_type=\"column\">\n\t\t\t<div class=\"elementor-widget-wrap elementor-element-populated\">\n\t\t\t\t\t\t<div class=\"elementor-element elementor-element-9a45f56 elementor-widget elementor-widget-heading\" data-id=\"9a45f56\" data-element_type=\"widget\" data-widget_type=\"heading.default\">\n\t\t\t\t<div class=\"elementor-widget-container\">\n\t\t\t\t\t<h2 class=\"elementor-heading-title elementor-size-default\">Roc\u00edo Molina Flores<\/h2>\t\t\t\t<\/div>\n\t\t\t\t<\/div>\n\t\t\t\t\t<\/div>\n\t\t<\/div>\n\t\t\t\t\t<\/div>\n\t\t<\/section>\n\t\t\t\t<section class=\"elementor-section elementor-top-section elementor-element elementor-element-0f71c40 elementor-section-boxed elementor-section-height-default elementor-section-height-default\" data-id=\"0f71c40\" data-element_type=\"section\">\n\t\t\t\t\t\t<div class=\"elementor-container elementor-column-gap-default\">\n\t\t\t\t\t<div class=\"elementor-column elementor-col-50 elementor-top-column elementor-element elementor-element-6f8e15e\" data-id=\"6f8e15e\" data-element_type=\"column\" data-settings=\"{&quot;background_background&quot;:&quot;gradient&quot;}\">\n\t\t\t<div class=\"elementor-widget-wrap elementor-element-populated\">\n\t\t\t\t\t\t<div class=\"elementor-element elementor-element-1304aae elementor-widget elementor-widget-image\" data-id=\"1304aae\" data-element_type=\"widget\" data-widget_type=\"image.default\">\n\t\t\t\t<div class=\"elementor-widget-container\">\n\t\t\t\t\t\t\t\t\t\t\t\t\t\t\t<img fetchpriority=\"high\" decoding=\"async\" width=\"750\" height=\"750\" src=\"https:\/\/www.upo.es\/investiga\/HUM-680\/wp-content\/uploads\/2024\/06\/FOTO-ROCIO-MOLINA-FLORES-1024x1024.jpg\" class=\"attachment-large size-large wp-image-3235\" alt=\"\" srcset=\"https:\/\/www.upo.es\/investiga\/HUM-680\/wp-content\/uploads\/2024\/06\/FOTO-ROCIO-MOLINA-FLORES-1024x1024.jpg 1024w, https:\/\/www.upo.es\/investiga\/HUM-680\/wp-content\/uploads\/2024\/06\/FOTO-ROCIO-MOLINA-FLORES-300x300.jpg 300w, https:\/\/www.upo.es\/investiga\/HUM-680\/wp-content\/uploads\/2024\/06\/FOTO-ROCIO-MOLINA-FLORES-150x150.jpg 150w, https:\/\/www.upo.es\/investiga\/HUM-680\/wp-content\/uploads\/2024\/06\/FOTO-ROCIO-MOLINA-FLORES-768x768.jpg 768w, https:\/\/www.upo.es\/investiga\/HUM-680\/wp-content\/uploads\/2024\/06\/FOTO-ROCIO-MOLINA-FLORES-1536x1536.jpg 1536w, https:\/\/www.upo.es\/investiga\/HUM-680\/wp-content\/uploads\/2024\/06\/FOTO-ROCIO-MOLINA-FLORES-2048x2048.jpg 2048w\" sizes=\"(max-width: 750px) 100vw, 750px\" \/>\t\t\t\t\t\t\t\t\t\t\t\t\t\t\t<\/div>\n\t\t\t\t<\/div>\n\t\t\t\t\t<\/div>\n\t\t<\/div>\n\t\t\t\t<div class=\"elementor-column elementor-col-50 elementor-top-column elementor-element elementor-element-938f21d\" data-id=\"938f21d\" data-element_type=\"column\">\n\t\t\t<div class=\"elementor-widget-wrap elementor-element-populated\">\n\t\t\t\t\t\t<div class=\"elementor-element elementor-element-d68052a elementor-widget elementor-widget-text-editor\" data-id=\"d68052a\" data-element_type=\"widget\" data-widget_type=\"text-editor.default\">\n\t\t\t\t<div class=\"elementor-widget-container\">\n\t\t\t\t\t\t\t\t\t<p style=\"text-align: justify;\">Graduada en Historia por la Universidad de Sevilla (2018-2022), m\u00e1ster en Estudios Hist\u00f3ricos Avanzados (menci\u00f3n en Historia Moderna) por la Universidad de Sevilla (2022-2023) y m\u00e1ster en Documentos y Libros, Archivos y Bibliotecas por la Universidad de Sevilla (2023-2024). Sus l\u00edneas de investigaci\u00f3n se centran en la historia cultural, social y econ\u00f3mica. En sus primeros trabajos ha prestado atenci\u00f3n a la conventualidad femenina del siglo XVI, especialmente a la reforma de la observancia dominica y a la literatura espiritual surgida a ra\u00edz de \u00e9sta.<\/p>\n<p style=\"text-align: justify;\">Actualmente es estudiante de doctorado, beneficiaria de la ayuda para contratos predoctorales para la Formaci\u00f3n de Personal Investigador (FPI) del proyecto \u201c<em>Las Redes del Comercio de Libros en la Monarqu\u00eda Hisp\u00e1nica: Mercados, Agentes y Arquitectura Financiera. 1501-1648<\/em>\u201d en la Universidad Pablo de Olavide de Sevilla. Su tesis se centra en el papel de Medina del Campo como punto de interconexi\u00f3n para el comercio del libro de la Monarqu\u00eda Hisp\u00e1nica del siglo XVI, a trav\u00e9s del an\u00e1lisis socioecon\u00f3mico de las redes creadas entre libreros, editores e impresores.<\/p>\t\t\t\t\t\t\t\t<\/div>\n\t\t\t\t<\/div>\n\t\t\t\t\t<\/div>\n\t\t<\/div>\n\t\t\t\t\t<\/div>\n\t\t<\/section>\n\t\t\t\t<\/div>\n\t\t","protected":false},"excerpt":{"rendered":"<p>Geometry, Frans Floris (1557) Estudios sobre Europa, el mundo mediterr\u00e1neoy su difusi\u00f3n atl\u00e1ntica(HUM 680) Roc\u00edo Molina Flores Graduada en Historia por la Universidad de Sevilla (2018-2022), m\u00e1ster en Estudios Hist\u00f3ricos Avanzados (menci\u00f3n en Historia Moderna) por la Universidad de Sevilla (2022-2023) y m\u00e1ster en Documentos y Libros, Archivos y Bibliotecas [&hellip;]<\/p>\n","protected":false},"author":1,"featured_media":0,"parent":0,"menu_order":0,"comment_status":"closed","ping_status":"closed","template":"page-templates\/template-pagebuilder-full-width.php","meta":{"footnotes":""},"_links":{"self":[{"href":"https:\/\/www.upo.es\/investiga\/HUM-680\/wp-json\/wp\/v2\/pages\/3229"}],"collection":[{"href":"https:\/\/www.upo.es\/investiga\/HUM-680\/wp-json\/wp\/v2\/pages"}],"about":[{"href":"https:\/\/www.upo.es\/investiga\/HUM-680\/wp-json\/wp\/v2\/types\/page"}],"author":[{"embeddable":true,"href":"https:\/\/www.upo.es\/investiga\/HUM-680\/wp-json\/wp\/v2\/users\/1"}],"replies":[{"embeddable":true,"href":"https:\/\/www.upo.es\/investiga\/HUM-680\/wp-json\/wp\/v2\/comments?post=3229"}],"version-history":[{"count":7,"href":"https:\/\/www.upo.es\/investiga\/HUM-680\/wp-json\/wp\/v2\/pages\/3229\/revisions"}],"predecessor-version":[{"id":3814,"href":"https:\/\/www.upo.es\/investiga\/HUM-680\/wp-json\/wp\/v2\/pages\/3229\/revisions\/3814"}],"wp:attachment":[{"href":"https:\/\/www.upo.es\/investiga\/HUM-680\/wp-json\/wp\/v2\/media?parent=3229"}],"curies":[{"name":"wp","href":"https:\/\/api.w.org\/{rel}","templated":true}]}}