{"id":3357,"date":"2024-10-06T08:31:00","date_gmt":"2024-10-06T08:31:00","guid":{"rendered":"https:\/\/www.upo.es\/investiga\/HUM-680\/?page_id=3357"},"modified":"2025-10-03T09:00:53","modified_gmt":"2025-10-03T09:00:53","slug":"sam-mora-guerra","status":"publish","type":"page","link":"https:\/\/www.upo.es\/investiga\/HUM-680\/sam-mora-guerra\/","title":{"rendered":"Sam Mora Guerra"},"content":{"rendered":"\t\t<div data-elementor-type=\"wp-page\" data-elementor-id=\"3357\" class=\"elementor elementor-3357\">\n\t\t\t\t\t\t<section class=\"elementor-section elementor-top-section elementor-element elementor-element-55f7ce0 elementor-section-full_width elementor-section-stretched elementor-section-height-default elementor-section-height-default\" data-id=\"55f7ce0\" data-element_type=\"section\" data-settings=\"{&quot;stretch_section&quot;:&quot;section-stretched&quot;,&quot;background_background&quot;:&quot;classic&quot;}\">\n\t\t\t\t\t\t<div class=\"elementor-container elementor-column-gap-default\">\n\t\t\t\t\t<div class=\"elementor-column elementor-col-100 elementor-top-column elementor-element elementor-element-f4aad1f\" data-id=\"f4aad1f\" data-element_type=\"column\">\n\t\t\t<div class=\"elementor-widget-wrap elementor-element-populated\">\n\t\t\t\t\t\t<div class=\"elementor-element elementor-element-8b277fa elementor-widget elementor-widget-text-editor\" data-id=\"8b277fa\" data-element_type=\"widget\" data-widget_type=\"text-editor.default\">\n\t\t\t\t<div class=\"elementor-widget-container\">\n\t\t\t\t\t\t\t\t\t<p style=\"text-align: right;\"><em>Geometry<\/em>, Frans Floris (1557)<\/p>\t\t\t\t\t\t\t\t<\/div>\n\t\t\t\t<\/div>\n\t\t\t\t<div class=\"elementor-element elementor-element-f792c2a elementor-widget__width-initial elementor-widget elementor-widget-heading\" data-id=\"f792c2a\" data-element_type=\"widget\" data-widget_type=\"heading.default\">\n\t\t\t\t<div class=\"elementor-widget-container\">\n\t\t\t\t\t<h2 class=\"elementor-heading-title elementor-size-default\">Estudios sobre Europa, <br>el mundo mediterr\u00e1neo<br>y su difusi\u00f3n atl\u00e1ntica<br>(HUM 680)<\/h2>\t\t\t\t<\/div>\n\t\t\t\t<\/div>\n\t\t\t\t\t<\/div>\n\t\t<\/div>\n\t\t\t\t\t<\/div>\n\t\t<\/section>\n\t\t\t\t<section class=\"elementor-section elementor-top-section elementor-element elementor-element-6d9f6b1 elementor-section-boxed elementor-section-height-default elementor-section-height-default\" data-id=\"6d9f6b1\" data-element_type=\"section\">\n\t\t\t\t\t\t<div class=\"elementor-container elementor-column-gap-default\">\n\t\t\t\t\t<div class=\"elementor-column elementor-col-100 elementor-top-column elementor-element elementor-element-ce234f6\" data-id=\"ce234f6\" data-element_type=\"column\">\n\t\t\t<div class=\"elementor-widget-wrap elementor-element-populated\">\n\t\t\t\t\t\t<div class=\"elementor-element elementor-element-2b9ffb1 elementor-widget elementor-widget-heading\" data-id=\"2b9ffb1\" data-element_type=\"widget\" data-widget_type=\"heading.default\">\n\t\t\t\t<div class=\"elementor-widget-container\">\n\t\t\t\t\t<h2 class=\"elementor-heading-title elementor-size-default\">Sam Mora Guerra<\/h2>\t\t\t\t<\/div>\n\t\t\t\t<\/div>\n\t\t\t\t\t<\/div>\n\t\t<\/div>\n\t\t\t\t\t<\/div>\n\t\t<\/section>\n\t\t\t\t<section class=\"elementor-section elementor-top-section elementor-element elementor-element-5ab42d4 elementor-section-boxed elementor-section-height-default elementor-section-height-default\" data-id=\"5ab42d4\" data-element_type=\"section\">\n\t\t\t\t\t\t<div class=\"elementor-container elementor-column-gap-default\">\n\t\t\t\t\t<div class=\"elementor-column elementor-col-50 elementor-top-column elementor-element elementor-element-8385583\" data-id=\"8385583\" data-element_type=\"column\" data-settings=\"{&quot;background_background&quot;:&quot;gradient&quot;}\">\n\t\t\t<div class=\"elementor-widget-wrap elementor-element-populated\">\n\t\t\t\t\t\t<div class=\"elementor-element elementor-element-1fcf398 elementor-widget elementor-widget-image\" data-id=\"1fcf398\" data-element_type=\"widget\" data-widget_type=\"image.default\">\n\t\t\t\t<div class=\"elementor-widget-container\">\n\t\t\t\t\t\t\t\t\t\t\t\t\t\t\t<img fetchpriority=\"high\" decoding=\"async\" width=\"721\" height=\"721\" src=\"https:\/\/www.upo.es\/investiga\/HUM-680\/wp-content\/uploads\/2025\/10\/3bae126e-38ba-44fa-854a-77af54bf901f.jpeg\" class=\"attachment-large size-large wp-image-4564\" alt=\"\" srcset=\"https:\/\/www.upo.es\/investiga\/HUM-680\/wp-content\/uploads\/2025\/10\/3bae126e-38ba-44fa-854a-77af54bf901f.jpeg 721w, https:\/\/www.upo.es\/investiga\/HUM-680\/wp-content\/uploads\/2025\/10\/3bae126e-38ba-44fa-854a-77af54bf901f-300x300.jpeg 300w, https:\/\/www.upo.es\/investiga\/HUM-680\/wp-content\/uploads\/2025\/10\/3bae126e-38ba-44fa-854a-77af54bf901f-150x150.jpeg 150w, https:\/\/www.upo.es\/investiga\/HUM-680\/wp-content\/uploads\/2025\/10\/3bae126e-38ba-44fa-854a-77af54bf901f-650x650.jpeg 650w\" sizes=\"(max-width: 721px) 100vw, 721px\" \/>\t\t\t\t\t\t\t\t\t\t\t\t\t\t\t<\/div>\n\t\t\t\t<\/div>\n\t\t\t\t\t<\/div>\n\t\t<\/div>\n\t\t\t\t<div class=\"elementor-column elementor-col-50 elementor-top-column elementor-element elementor-element-e6a5eaf\" data-id=\"e6a5eaf\" data-element_type=\"column\">\n\t\t\t<div class=\"elementor-widget-wrap elementor-element-populated\">\n\t\t\t\t\t\t<div class=\"elementor-element elementor-element-a16d8ab elementor-widget__width-initial elementor-widget elementor-widget-text-editor\" data-id=\"a16d8ab\" data-element_type=\"widget\" data-widget_type=\"text-editor.default\">\n\t\t\t\t<div class=\"elementor-widget-container\">\n\t\t\t\t\t\t\t\t\t<p style=\"text-align: justify;\">(Sevilla, 2001). Graduado en Humanidades y Traducci\u00f3n e Interpretaci\u00f3n (Ingl\u00e9s-Franc\u00e9s) por la Universidad Pablo de Olavide (2019-2024) con el Trabajo de Fin de Grado titulado <em>\u00abPernicioso da\u00f1o\u00bb: El pueblo gitano en el arbitrismo castellano del siglo XVII<\/em>.\u00a0<\/p><p style=\"text-align: justify;\">M\u00e1ster en Documentos y Libros. Archivos y Bibliotecas en la Universidad de Sevilla (2024-2025) en la rama de Archiv\u00edstica con el Trabajo de Fin de M\u00e1ster <em>\u00abNi llamen xitano al susodicho ni a los dem\u00e1s castellanos nueuos\u00bb: El pueblo gitano en la documentaci\u00f3n procesal de la Justicia Local de Rute (C\u00f3rdoba)<\/em>.<\/p><p style=\"text-align: justify;\">Administrador de la p\u00e1gina web del grupo de PAIDI HUM 680 y secretario del ciclo de conferencias <em>Europa, el mundo mediterr\u00e1neo y su difusi\u00f3n atl\u00e1ntica<\/em>.<\/p>\t\t\t\t\t\t\t\t<\/div>\n\t\t\t\t<\/div>\n\t\t\t\t<div class=\"elementor-element elementor-element-d13964a elementor-widget elementor-widget-spacer\" data-id=\"d13964a\" data-element_type=\"widget\" data-widget_type=\"spacer.default\">\n\t\t\t\t<div class=\"elementor-widget-container\">\n\t\t\t\t\t\t\t<div class=\"elementor-spacer\">\n\t\t\t<div class=\"elementor-spacer-inner\"><\/div>\n\t\t<\/div>\n\t\t\t\t\t\t<\/div>\n\t\t\t\t<\/div>\n\t\t\t\t<div class=\"elementor-element elementor-element-7a78843 elementor-widget elementor-widget-spacer\" data-id=\"7a78843\" data-element_type=\"widget\" data-widget_type=\"spacer.default\">\n\t\t\t\t<div class=\"elementor-widget-container\">\n\t\t\t\t\t\t\t<div class=\"elementor-spacer\">\n\t\t\t<div class=\"elementor-spacer-inner\"><\/div>\n\t\t<\/div>\n\t\t\t\t\t\t<\/div>\n\t\t\t\t<\/div>\n\t\t\t\t\t<\/div>\n\t\t<\/div>\n\t\t\t\t\t<\/div>\n\t\t<\/section>\n\t\t\t\t<\/div>\n\t\t","protected":false},"excerpt":{"rendered":"<p>Geometry, Frans Floris (1557) Estudios sobre Europa, el mundo mediterr\u00e1neoy su difusi\u00f3n atl\u00e1ntica(HUM 680) Sam Mora Guerra (Sevilla, 2001). Graduado en Humanidades y Traducci\u00f3n e Interpretaci\u00f3n (Ingl\u00e9s-Franc\u00e9s) por la Universidad Pablo de Olavide (2019-2024) con el Trabajo de Fin de Grado titulado \u00abPernicioso da\u00f1o\u00bb: El pueblo gitano en el arbitrismo [&hellip;]<\/p>\n","protected":false},"author":1,"featured_media":0,"parent":0,"menu_order":0,"comment_status":"closed","ping_status":"closed","template":"page-templates\/template-pagebuilder-full-width.php","meta":{"footnotes":""},"_links":{"self":[{"href":"https:\/\/www.upo.es\/investiga\/HUM-680\/wp-json\/wp\/v2\/pages\/3357"}],"collection":[{"href":"https:\/\/www.upo.es\/investiga\/HUM-680\/wp-json\/wp\/v2\/pages"}],"about":[{"href":"https:\/\/www.upo.es\/investiga\/HUM-680\/wp-json\/wp\/v2\/types\/page"}],"author":[{"embeddable":true,"href":"https:\/\/www.upo.es\/investiga\/HUM-680\/wp-json\/wp\/v2\/users\/1"}],"replies":[{"embeddable":true,"href":"https:\/\/www.upo.es\/investiga\/HUM-680\/wp-json\/wp\/v2\/comments?post=3357"}],"version-history":[{"count":16,"href":"https:\/\/www.upo.es\/investiga\/HUM-680\/wp-json\/wp\/v2\/pages\/3357\/revisions"}],"predecessor-version":[{"id":4568,"href":"https:\/\/www.upo.es\/investiga\/HUM-680\/wp-json\/wp\/v2\/pages\/3357\/revisions\/4568"}],"wp:attachment":[{"href":"https:\/\/www.upo.es\/investiga\/HUM-680\/wp-json\/wp\/v2\/media?parent=3357"}],"curies":[{"name":"wp","href":"https:\/\/api.w.org\/{rel}","templated":true}]}}