{"id":3359,"date":"2024-10-06T08:45:01","date_gmt":"2024-10-06T08:45:01","guid":{"rendered":"https:\/\/www.upo.es\/investiga\/HUM-680\/?page_id=3359"},"modified":"2024-12-20T19:22:30","modified_gmt":"2024-12-20T19:22:30","slug":"antonio-jose-jimenez-garcia-baquero","status":"publish","type":"page","link":"https:\/\/www.upo.es\/investiga\/HUM-680\/antonio-jose-jimenez-garcia-baquero\/","title":{"rendered":"Antonio Jos\u00e9 Jim\u00e9nez Garc\u00eda-Baquero"},"content":{"rendered":"\t\t<div data-elementor-type=\"wp-page\" data-elementor-id=\"3359\" class=\"elementor elementor-3359\">\n\t\t\t\t\t\t<section class=\"elementor-section elementor-top-section elementor-element elementor-element-1ec39e5 elementor-section-full_width elementor-section-stretched elementor-section-height-default elementor-section-height-default\" data-id=\"1ec39e5\" data-element_type=\"section\" data-settings=\"{&quot;stretch_section&quot;:&quot;section-stretched&quot;,&quot;background_background&quot;:&quot;classic&quot;}\">\n\t\t\t\t\t\t<div class=\"elementor-container elementor-column-gap-default\">\n\t\t\t\t\t<div class=\"elementor-column elementor-col-100 elementor-top-column elementor-element elementor-element-be7fb84\" data-id=\"be7fb84\" data-element_type=\"column\">\n\t\t\t<div class=\"elementor-widget-wrap elementor-element-populated\">\n\t\t\t\t\t\t<div class=\"elementor-element elementor-element-572f576 elementor-widget elementor-widget-text-editor\" data-id=\"572f576\" data-element_type=\"widget\" data-widget_type=\"text-editor.default\">\n\t\t\t\t<div class=\"elementor-widget-container\">\n\t\t\t\t\t\t\t\t\t<p style=\"text-align: right;\"><em>Geometry<\/em>, Frans Floris (1557)<\/p>\t\t\t\t\t\t\t\t<\/div>\n\t\t\t\t<\/div>\n\t\t\t\t<div class=\"elementor-element elementor-element-361fa92 elementor-widget__width-initial elementor-widget elementor-widget-heading\" data-id=\"361fa92\" data-element_type=\"widget\" data-widget_type=\"heading.default\">\n\t\t\t\t<div class=\"elementor-widget-container\">\n\t\t\t\t\t<h2 class=\"elementor-heading-title elementor-size-default\">Estudios sobre Europa, <br>el mundo mediterr\u00e1neo<br>y su difusi\u00f3n atl\u00e1ntica<br>(HUM 680)<\/h2>\t\t\t\t<\/div>\n\t\t\t\t<\/div>\n\t\t\t\t\t<\/div>\n\t\t<\/div>\n\t\t\t\t\t<\/div>\n\t\t<\/section>\n\t\t\t\t<section class=\"elementor-section elementor-top-section elementor-element elementor-element-a85cc59 elementor-section-boxed elementor-section-height-default elementor-section-height-default\" data-id=\"a85cc59\" data-element_type=\"section\">\n\t\t\t\t\t\t<div class=\"elementor-container elementor-column-gap-default\">\n\t\t\t\t\t<div class=\"elementor-column elementor-col-100 elementor-top-column elementor-element elementor-element-d6a0a65\" data-id=\"d6a0a65\" data-element_type=\"column\">\n\t\t\t<div class=\"elementor-widget-wrap elementor-element-populated\">\n\t\t\t\t\t\t<div class=\"elementor-element elementor-element-30ff2a9 elementor-widget elementor-widget-heading\" data-id=\"30ff2a9\" data-element_type=\"widget\" data-widget_type=\"heading.default\">\n\t\t\t\t<div class=\"elementor-widget-container\">\n\t\t\t\t\t<h2 class=\"elementor-heading-title elementor-size-default\">Antonio Jos\u00e9 Jim\u00e9nez Garc\u00eda-Baquero<\/h2>\t\t\t\t<\/div>\n\t\t\t\t<\/div>\n\t\t\t\t\t<\/div>\n\t\t<\/div>\n\t\t\t\t\t<\/div>\n\t\t<\/section>\n\t\t\t\t<section class=\"elementor-section elementor-top-section elementor-element elementor-element-c1717e7 elementor-section-boxed elementor-section-height-default elementor-section-height-default\" data-id=\"c1717e7\" data-element_type=\"section\">\n\t\t\t\t\t\t<div class=\"elementor-container elementor-column-gap-default\">\n\t\t\t\t\t<div class=\"elementor-column elementor-col-50 elementor-top-column elementor-element elementor-element-7f5578e\" data-id=\"7f5578e\" data-element_type=\"column\" data-settings=\"{&quot;background_background&quot;:&quot;gradient&quot;}\">\n\t\t\t<div class=\"elementor-widget-wrap elementor-element-populated\">\n\t\t\t\t\t\t<div class=\"elementor-element elementor-element-f654f89 elementor-widget elementor-widget-image\" data-id=\"f654f89\" data-element_type=\"widget\" data-widget_type=\"image.default\">\n\t\t\t\t<div class=\"elementor-widget-container\">\n\t\t\t\t\t\t\t\t\t\t\t\t\t\t\t<img fetchpriority=\"high\" decoding=\"async\" width=\"650\" height=\"649\" src=\"https:\/\/www.upo.es\/investiga\/HUM-680\/wp-content\/uploads\/2024\/10\/Foto-Perfil-CCHS.jpeg\" class=\"attachment-large size-large wp-image-3378\" alt=\"\" srcset=\"https:\/\/www.upo.es\/investiga\/HUM-680\/wp-content\/uploads\/2024\/10\/Foto-Perfil-CCHS.jpeg 650w, https:\/\/www.upo.es\/investiga\/HUM-680\/wp-content\/uploads\/2024\/10\/Foto-Perfil-CCHS-300x300.jpeg 300w, https:\/\/www.upo.es\/investiga\/HUM-680\/wp-content\/uploads\/2024\/10\/Foto-Perfil-CCHS-150x150.jpeg 150w\" sizes=\"(max-width: 650px) 100vw, 650px\" \/>\t\t\t\t\t\t\t\t\t\t\t\t\t\t\t<\/div>\n\t\t\t\t<\/div>\n\t\t\t\t\t<\/div>\n\t\t<\/div>\n\t\t\t\t<div class=\"elementor-column elementor-col-50 elementor-top-column elementor-element elementor-element-ff80c0e\" data-id=\"ff80c0e\" data-element_type=\"column\">\n\t\t\t<div class=\"elementor-widget-wrap elementor-element-populated\">\n\t\t\t\t\t\t<div class=\"elementor-element elementor-element-c73feb9 elementor-widget elementor-widget-text-editor\" data-id=\"c73feb9\" data-element_type=\"widget\" data-widget_type=\"text-editor.default\">\n\t\t\t\t<div class=\"elementor-widget-container\">\n\t\t\t\t\t\t\t\t\t<p style=\"text-align: justify;\">(Sevilla, 1999) Graduado en Historia por la Universidad de Sevilla (2018-2022), m\u00e1ster en Estudios Americanos (menci\u00f3n en Historia de Am\u00e9rica) por la Universidad de Sevilla (2022-2023). Sus l\u00edneas de investigaci\u00f3n se centran en la historia social y pol\u00edtica del virreinato de Nueva Espa\u00f1a en los siglos XVI y XVII, prestando especial atenci\u00f3n a los conflictos pol\u00edticos y las pr\u00e1cticas de negociaci\u00f3n existentes entre los diferentes actores pol\u00edticos del Valle de M\u00e9xico.<\/p><p style=\"text-align: justify;\"><span style=\"font-size: inherit;\">Actualmente es estudiante de doctorado en la Universidad de Sevilla e investigador predoctoral (FPI) en la Escuela de Estudios Hispano-Americanos de Sevilla, Instituto de Historia (EEHA\/IH, CSIC), donde es miembro del proyecto de investigaci\u00f3n <\/span><i style=\"font-size: inherit;\">Marcos de mapeo y pr\u00e1cticas de territorializaci\u00f3n en Am\u00e9rica (siglos XVI-XVIII): espacios, categor\u00edas y representaciones<\/i><span style=\"font-size: inherit;\"> (MAPWORKS). A su vez, pertenece al grupo de investigaci\u00f3n <\/span><i style=\"font-size: inherit;\">Estudios Comparados del Caribe y el Mundo Atl\u00e1ntico<\/i><span style=\"font-size: inherit;\">, dentro del departamento de Estudios Americanos del Instituto de Historia del CSIC. Su tesis doctoral se centra en los conflictos pol\u00edticos y sociales en la ciudad de M\u00e9xico a finales del siglo XVI y principios del XVII, atendiendo particularmente a cuestiones relativas a la historia de la cartograf\u00eda y la historia de la ciencia.<\/span><br><\/p>\t\t\t\t\t\t\t\t<\/div>\n\t\t\t\t<\/div>\n\t\t\t\t<section class=\"elementor-section elementor-inner-section elementor-element elementor-element-6040b90 elementor-section-boxed elementor-section-height-default elementor-section-height-default\" data-id=\"6040b90\" data-element_type=\"section\">\n\t\t\t\t\t\t<div class=\"elementor-container elementor-column-gap-default\">\n\t\t\t\t\t<div class=\"elementor-column elementor-col-100 elementor-inner-column elementor-element elementor-element-cb39f80\" data-id=\"cb39f80\" data-element_type=\"column\">\n\t\t\t<div class=\"elementor-widget-wrap elementor-element-populated\">\n\t\t\t\t\t\t<section class=\"elementor-section elementor-inner-section elementor-element elementor-element-dd723ce elementor-section-boxed elementor-section-height-default elementor-section-height-default\" data-id=\"dd723ce\" data-element_type=\"section\">\n\t\t\t\t\t\t<div class=\"elementor-container elementor-column-gap-default\">\n\t\t\t\t\t<div class=\"elementor-column elementor-col-100 elementor-inner-column elementor-element elementor-element-2978ff8\" data-id=\"2978ff8\" data-element_type=\"column\">\n\t\t\t<div class=\"elementor-widget-wrap elementor-element-populated\">\n\t\t\t\t\t\t<div class=\"elementor-element elementor-element-2849c74 elementor-widget elementor-widget-image\" data-id=\"2849c74\" data-element_type=\"widget\" data-widget_type=\"image.default\">\n\t\t\t\t<div class=\"elementor-widget-container\">\n\t\t\t\t\t\t\t\t\t\t\t\t\t\t\t\t<a href=\"https:\/\/csic.academia.edu\/AntonioJoseJimenezGarciaBaquero\">\n\t\t\t\t\t\t\t<img decoding=\"async\" width=\"360\" height=\"270\" src=\"https:\/\/www.upo.es\/investiga\/HUM-680\/wp-content\/uploads\/2023\/11\/1_wnzfchY0lc5EIUoOPENhTw.png\" class=\"elementor-animation-grow attachment-large size-large wp-image-2056\" alt=\"\" srcset=\"https:\/\/www.upo.es\/investiga\/HUM-680\/wp-content\/uploads\/2023\/11\/1_wnzfchY0lc5EIUoOPENhTw.png 360w, https:\/\/www.upo.es\/investiga\/HUM-680\/wp-content\/uploads\/2023\/11\/1_wnzfchY0lc5EIUoOPENhTw-300x225.png 300w\" sizes=\"(max-width: 360px) 100vw, 360px\" \/>\t\t\t\t\t\t\t\t<\/a>\n\t\t\t\t\t\t\t\t\t\t\t\t\t\t\t<\/div>\n\t\t\t\t<\/div>\n\t\t\t\t\t<\/div>\n\t\t<\/div>\n\t\t\t\t\t<\/div>\n\t\t<\/section>\n\t\t\t\t\t<\/div>\n\t\t<\/div>\n\t\t\t\t\t<\/div>\n\t\t<\/section>\n\t\t\t\t\t<\/div>\n\t\t<\/div>\n\t\t\t\t\t<\/div>\n\t\t<\/section>\n\t\t\t\t<section class=\"elementor-section elementor-top-section elementor-element elementor-element-48770f0 elementor-section-boxed elementor-section-height-default elementor-section-height-default\" data-id=\"48770f0\" data-element_type=\"section\">\n\t\t\t\t\t\t<div class=\"elementor-container elementor-column-gap-default\">\n\t\t\t\t\t<div class=\"elementor-column elementor-col-100 elementor-top-column elementor-element elementor-element-68ec54c\" data-id=\"68ec54c\" data-element_type=\"column\">\n\t\t\t<div class=\"elementor-widget-wrap\">\n\t\t\t\t\t\t\t<\/div>\n\t\t<\/div>\n\t\t\t\t\t<\/div>\n\t\t<\/section>\n\t\t\t\t<\/div>\n\t\t","protected":false},"excerpt":{"rendered":"<p>Geometry, Frans Floris (1557) Estudios sobre Europa, el mundo mediterr\u00e1neoy su difusi\u00f3n atl\u00e1ntica(HUM 680) Antonio Jos\u00e9 Jim\u00e9nez Garc\u00eda-Baquero (Sevilla, 1999) Graduado en Historia por la Universidad de Sevilla (2018-2022), m\u00e1ster en Estudios Americanos (menci\u00f3n en Historia de Am\u00e9rica) por la Universidad de Sevilla (2022-2023). Sus l\u00edneas de investigaci\u00f3n se centran [&hellip;]<\/p>\n","protected":false},"author":1,"featured_media":0,"parent":0,"menu_order":0,"comment_status":"closed","ping_status":"closed","template":"page-templates\/template-pagebuilder-full-width.php","meta":{"footnotes":""},"_links":{"self":[{"href":"https:\/\/www.upo.es\/investiga\/HUM-680\/wp-json\/wp\/v2\/pages\/3359"}],"collection":[{"href":"https:\/\/www.upo.es\/investiga\/HUM-680\/wp-json\/wp\/v2\/pages"}],"about":[{"href":"https:\/\/www.upo.es\/investiga\/HUM-680\/wp-json\/wp\/v2\/types\/page"}],"author":[{"embeddable":true,"href":"https:\/\/www.upo.es\/investiga\/HUM-680\/wp-json\/wp\/v2\/users\/1"}],"replies":[{"embeddable":true,"href":"https:\/\/www.upo.es\/investiga\/HUM-680\/wp-json\/wp\/v2\/comments?post=3359"}],"version-history":[{"count":13,"href":"https:\/\/www.upo.es\/investiga\/HUM-680\/wp-json\/wp\/v2\/pages\/3359\/revisions"}],"predecessor-version":[{"id":3707,"href":"https:\/\/www.upo.es\/investiga\/HUM-680\/wp-json\/wp\/v2\/pages\/3359\/revisions\/3707"}],"wp:attachment":[{"href":"https:\/\/www.upo.es\/investiga\/HUM-680\/wp-json\/wp\/v2\/media?parent=3359"}],"curies":[{"name":"wp","href":"https:\/\/api.w.org\/{rel}","templated":true}]}}