{"id":3887,"date":"2024-12-21T17:32:33","date_gmt":"2024-12-21T17:32:33","guid":{"rendered":"https:\/\/www.upo.es\/investiga\/HUM-680\/?page_id=3887"},"modified":"2024-12-21T18:11:41","modified_gmt":"2024-12-21T18:11:41","slug":"yasmina-rocio-ben-yessef-garfia-publicaciones","status":"publish","type":"page","link":"https:\/\/www.upo.es\/investiga\/HUM-680\/yasmina-rocio-ben-yessef-garfia-publicaciones\/","title":{"rendered":"Yasmina Roc\u00edo Ben Yessef Garfia &#8211; Publicaciones"},"content":{"rendered":"\t\t<div data-elementor-type=\"wp-page\" data-elementor-id=\"3887\" class=\"elementor elementor-3887\">\n\t\t\t\t\t\t<section class=\"elementor-section elementor-top-section elementor-element elementor-element-1063b84 elementor-section-full_width elementor-section-stretched elementor-section-height-default elementor-section-height-default\" data-id=\"1063b84\" data-element_type=\"section\" data-settings=\"{&quot;stretch_section&quot;:&quot;section-stretched&quot;,&quot;background_background&quot;:&quot;classic&quot;}\">\n\t\t\t\t\t\t<div class=\"elementor-container elementor-column-gap-default\">\n\t\t\t\t\t<div class=\"elementor-column elementor-col-100 elementor-top-column elementor-element elementor-element-aefab96\" data-id=\"aefab96\" data-element_type=\"column\">\n\t\t\t<div class=\"elementor-widget-wrap elementor-element-populated\">\n\t\t\t\t\t\t<div class=\"elementor-element elementor-element-a362b43 elementor-widget elementor-widget-text-editor\" data-id=\"a362b43\" data-element_type=\"widget\" data-widget_type=\"text-editor.default\">\n\t\t\t\t<div class=\"elementor-widget-container\">\n\t\t\t\t\t\t\t\t\t<p style=\"text-align: right;\"><em>Geometry<\/em>, Frans Floris (1557)<\/p>\t\t\t\t\t\t\t\t<\/div>\n\t\t\t\t<\/div>\n\t\t\t\t<div class=\"elementor-element elementor-element-c0203f9 elementor-widget__width-initial elementor-widget elementor-widget-heading\" data-id=\"c0203f9\" data-element_type=\"widget\" data-widget_type=\"heading.default\">\n\t\t\t\t<div class=\"elementor-widget-container\">\n\t\t\t\t\t<h2 class=\"elementor-heading-title elementor-size-default\">Estudios sobre Europa, <br>el mundo mediterr\u00e1neo<br>y su difusi\u00f3n atl\u00e1ntica<br>(HUM 680)<\/h2>\t\t\t\t<\/div>\n\t\t\t\t<\/div>\n\t\t\t\t\t<\/div>\n\t\t<\/div>\n\t\t\t\t\t<\/div>\n\t\t<\/section>\n\t\t\t\t<section class=\"elementor-section elementor-top-section elementor-element elementor-element-0596818 elementor-section-boxed elementor-section-height-default elementor-section-height-default\" data-id=\"0596818\" data-element_type=\"section\">\n\t\t\t\t\t\t<div class=\"elementor-container elementor-column-gap-default\">\n\t\t\t\t\t<div class=\"elementor-column elementor-col-100 elementor-top-column elementor-element elementor-element-f0d0930\" data-id=\"f0d0930\" data-element_type=\"column\">\n\t\t\t<div class=\"elementor-widget-wrap elementor-element-populated\">\n\t\t\t\t\t\t<div class=\"elementor-element elementor-element-392442b elementor-widget elementor-widget-spacer\" data-id=\"392442b\" data-element_type=\"widget\" data-widget_type=\"spacer.default\">\n\t\t\t\t<div class=\"elementor-widget-container\">\n\t\t\t\t\t\t\t<div class=\"elementor-spacer\">\n\t\t\t<div class=\"elementor-spacer-inner\"><\/div>\n\t\t<\/div>\n\t\t\t\t\t\t<\/div>\n\t\t\t\t<\/div>\n\t\t\t\t\t<\/div>\n\t\t<\/div>\n\t\t\t\t\t<\/div>\n\t\t<\/section>\n\t\t\t\t<section class=\"elementor-section elementor-top-section elementor-element elementor-element-bc12376 elementor-section-boxed elementor-section-height-default elementor-section-height-default\" data-id=\"bc12376\" data-element_type=\"section\">\n\t\t\t\t\t\t<div class=\"elementor-container elementor-column-gap-default\">\n\t\t\t\t\t<div class=\"elementor-column elementor-col-50 elementor-top-column elementor-element elementor-element-af43eee\" data-id=\"af43eee\" data-element_type=\"column\">\n\t\t\t<div class=\"elementor-widget-wrap elementor-element-populated\">\n\t\t\t\t\t\t<div class=\"elementor-element elementor-element-135ac59 elementor-widget elementor-widget-image\" data-id=\"135ac59\" data-element_type=\"widget\" data-widget_type=\"image.default\">\n\t\t\t\t<div class=\"elementor-widget-container\">\n\t\t\t\t\t\t\t\t\t\t\t\t\t\t\t<img fetchpriority=\"high\" decoding=\"async\" width=\"500\" height=\"728\" src=\"https:\/\/www.upo.es\/investiga\/HUM-680\/wp-content\/uploads\/2024\/12\/document-1_page-0001.jpg.png\" class=\"attachment-large size-large wp-image-3891\" alt=\"\" srcset=\"https:\/\/www.upo.es\/investiga\/HUM-680\/wp-content\/uploads\/2024\/12\/document-1_page-0001.jpg.png 500w, https:\/\/www.upo.es\/investiga\/HUM-680\/wp-content\/uploads\/2024\/12\/document-1_page-0001.jpg-206x300.png 206w\" sizes=\"(max-width: 500px) 100vw, 500px\" \/>\t\t\t\t\t\t\t\t\t\t\t\t\t\t\t<\/div>\n\t\t\t\t<\/div>\n\t\t\t\t\t<\/div>\n\t\t<\/div>\n\t\t\t\t<div class=\"elementor-column elementor-col-50 elementor-top-column elementor-element elementor-element-81b1d46\" data-id=\"81b1d46\" data-element_type=\"column\">\n\t\t\t<div class=\"elementor-widget-wrap elementor-element-populated\">\n\t\t\t\t\t\t<div class=\"elementor-element elementor-element-c950a9e elementor-widget elementor-widget-text-editor\" data-id=\"c950a9e\" data-element_type=\"widget\" data-widget_type=\"text-editor.default\">\n\t\t\t\t<div class=\"elementor-widget-container\">\n\t\t\t\t\t\t\t\t\t<section class=\"elementor-section elementor-inner-section elementor-element elementor-element-174f6b9 elementor-section-boxed elementor-section-height-default elementor-section-height-default\" data-id=\"174f6b9\" data-element_type=\"section\"><div class=\"elementor-container elementor-column-gap-default\"><div class=\"elementor-column elementor-col-50 elementor-inner-column elementor-element elementor-element-9e9b651\" data-id=\"9e9b651\" data-element_type=\"column\"><div class=\"elementor-widget-wrap elementor-element-populated\"><div class=\"elementor-element elementor-element-7422e48 elementor-widget elementor-widget-text-editor\" data-id=\"7422e48\" data-element_type=\"widget\" data-widget_type=\"text-editor.default\"><div class=\"elementor-widget-container\"><p style=\"text-align: justify;\"><strong><span style=\"text-decoration: underline;\">Libro<\/span>:<span>\u00a0<\/span><em>La Monarchia spagnola in una prospettiva policentrica: reti, conflitti, negoziazioni tra scala locale e spazi imperiali (secoli XVI-XVII)<\/em><\/strong><\/p><\/div><\/div><div class=\"elementor-element elementor-element-b892e1c elementor-widget elementor-widget-text-editor\" data-id=\"b892e1c\" data-element_type=\"widget\" data-widget_type=\"text-editor.default\" style=\"text-align: justify;\"><div class=\"elementor-widget-container\"><p>Disponible para descarga en la p\u00e1gina web de la editorial:<a href=\"http:\/\/www.fedoabooks.unina.it\/index.php\/fedoapress\/catalog\/book\/422\"><span>\u00a0<\/span>http:\/\/www.fedoabooks.unina.it\/index.php\/fedoapress\/catalog\/book\/422<\/a><\/p><p>Este volumen aborda uno de los temas m\u00e1s debatidos en la historiograf\u00eda de la Monarqu\u00eda Hisp\u00e1nica en la Edad Moderna: su naturaleza pol\u00edtica. Examina los aspectos m\u00e1s interesantes del modelo polic\u00e9ntrico hisp\u00e1nico, que presenta a la Monarqu\u00eda como una entidad pol\u00edtica compuesta por varias unidades interconectadas que no s\u00f3lo interactuaban con el rey, sino tambi\u00e9n entre s\u00ed. Estas conexiones contribuyeron a la modulaci\u00f3n de la pol\u00edtica cortesana y a la generaci\u00f3n de nuevas formas de colaboraci\u00f3n, competencia y negociaci\u00f3n. El an\u00e1lisis de cuatro casos de estudio, protagonizados por individuos, familias y grupos de poder que lograron moverse dentro o al margen de los cauces institucionales, entre los territorios italianos e ib\u00e9ricos de la Monarqu\u00eda, nos permite interpretar esta entidad pol\u00edtica como algo m\u00e1s que la simple yuxtaposici\u00f3n de reinos bajo un \u00fanico rey. El resultado fue un Estado capaz de fortalecerse a trav\u00e9s de las interacciones que se produc\u00edan entre las esferas local y global gracias a la presencia de un sistema articulado de redes.<\/p><p>Ben Yessef Garfia, Y. R.,<span>\u00a0<\/span><em>La Monarchia spagnola in una prospettiva policentrica: reti, conflitti, negoziazioni tra scala locale e spazi imperiali (secoli XVI-XVII)<\/em>, FedOA \u2013 Federico II University Press, 2023.<\/p><\/div><\/div><\/div><\/div><\/div><\/section><div class=\"elementor-element elementor-element-62f2ba2 elementor-widget elementor-widget-toggle\" data-id=\"62f2ba2\" data-element_type=\"widget\" data-widget_type=\"toggle.default\"><div class=\"elementor-widget-container\"><div class=\"elementor-toggle\"><div class=\"elementor-toggle-item\"><div id=\"elementor-tab-title-1031\" class=\"elementor-tab-title elementor-active\" data-tab=\"1\" role=\"button\" aria-controls=\"elementor-tab-content-1031\" aria-expanded=\"true\" aria-selected=\"true\" style=\"text-align: left;\" tabindex=\"0\"><\/div><\/div><\/div><\/div><\/div>\t\t\t\t\t\t\t\t<\/div>\n\t\t\t\t<\/div>\n\t\t\t\t\t<\/div>\n\t\t<\/div>\n\t\t\t\t\t<\/div>\n\t\t<\/section>\n\t\t\t\t<section class=\"elementor-section elementor-top-section elementor-element elementor-element-ccde837 elementor-section-boxed elementor-section-height-default elementor-section-height-default\" data-id=\"ccde837\" data-element_type=\"section\">\n\t\t\t\t\t\t<div class=\"elementor-container elementor-column-gap-default\">\n\t\t\t\t\t<div class=\"elementor-column elementor-col-50 elementor-top-column elementor-element elementor-element-55f3d44\" data-id=\"55f3d44\" data-element_type=\"column\">\n\t\t\t<div class=\"elementor-widget-wrap elementor-element-populated\">\n\t\t\t\t\t\t<div class=\"elementor-element elementor-element-5010f05 elementor-widget elementor-widget-text-editor\" data-id=\"5010f05\" data-element_type=\"widget\" data-widget_type=\"text-editor.default\">\n\t\t\t\t<div class=\"elementor-widget-container\">\n\t\t\t\t\t\t\t\t\t<p style=\"text-align: justify;\"><strong><span style=\"text-decoration: underline;\">Libro<\/span>:<span>\u00a0<\/span><em>Los Serra entre la Rep\u00fablica de G\u00e9nova y la Monarqu\u00eda Hisp\u00e1nica. Servicio, redes y espacios de identidad (1576 ca.-1650 ca.)<\/em><\/strong><\/p><p style=\"text-align: justify;\">Disponible en:\u00a0<a href=\"http:\/\/libros.csic.es\/product_info.php?products_id=1586\">http:\/\/libros.csic.es\/product_info.php?products_id=1586<\/a><\/p><p style=\"text-align: justify;\">Este libro aborda el an\u00e1lisis de algunas de las ramas del entramado de los Serra, una familia genovesa que adquiri\u00f3 un singular papel como interlocutora entre la Rep\u00fablica ligur y la Monarqu\u00eda Hisp\u00e1nica, sobre todo desde finales del siglo XVI y hasta el reinado de Felipe IV. Para dicho cometido, los Serra articularon una abigarrada red de parientes, socios y correspondientes que abrazaba emplazamientos claves para la log\u00edstica hisp\u00e1nica, adem\u00e1s de diversos \u00e1mbitos de inversi\u00f3n y servicios extremadamente dependientes del contexto internacional y local, de las condiciones de la familia y de los intereses espec\u00edficos de los sujetos y de las distintas ramas a las que pertenec\u00edan. El trabajo combina la escala micro y macrohist\u00f3rica en las distintas tem\u00e1ticas afrontadas: desde el estudio de los or\u00edgenes de la familia y de la construcci\u00f3n de su red transnacional, pasando por el papel destacado jugado por los distintos servicios a la Monarqu\u00eda Hisp\u00e1nica (finanzas, deuda, asientos de galeras y militares, principalmente), y hasta el an\u00e1lisis de las formas de inversi\u00f3n, la exhibici\u00f3n del estatus y las expresiones culturales que definieron las identidades de la familia en aquellos espacios en los que oper\u00f3. Mediante el an\u00e1lisis exhaustivo de multitud de fuentes italianas y espa\u00f1olas y un enfoque multidisciplinar, el caso presentado constituye un estudio de una \u00e9lite transnacional que pone de manifiesto la entidad polic\u00e9ntrica de los Estados del Antiguo R\u00e9gimen, as\u00ed como las concomitancias entre las formaciones mon\u00e1rquicas y republicanas en la Edad Moderna, fuertemente dependientes de los servicios econ\u00f3micos, culturales y pol\u00edticos de los particulares genoveses.<\/p><p style=\"text-align: justify;\">Ben Yessef Garfia, Y. R.,<span>\u00a0<\/span><em>Los Serra entre la Rep\u00fablica de G\u00e9nova y la Monarqu\u00eda Hisp\u00e1nica Servicio, redes y espacios de identidad (1576 ca.-1650 ca.)<\/em>, Madrid,\u00a0CSIC. Consejo Superior de Investigaciones Cient\u00edficas, 2022.<\/p>\t\t\t\t\t\t\t\t<\/div>\n\t\t\t\t<\/div>\n\t\t\t\t\t<\/div>\n\t\t<\/div>\n\t\t\t\t<div class=\"elementor-column elementor-col-50 elementor-top-column elementor-element elementor-element-9538b65\" data-id=\"9538b65\" data-element_type=\"column\">\n\t\t\t<div class=\"elementor-widget-wrap elementor-element-populated\">\n\t\t\t\t\t\t<div class=\"elementor-element elementor-element-edda30e elementor-widget elementor-widget-image\" data-id=\"edda30e\" data-element_type=\"widget\" data-widget_type=\"image.default\">\n\t\t\t\t<div class=\"elementor-widget-container\">\n\t\t\t\t\t\t\t\t\t\t\t\t\t\t\t<img decoding=\"async\" width=\"500\" height=\"728\" src=\"https:\/\/www.upo.es\/investiga\/HUM-680\/wp-content\/uploads\/2024\/12\/book_1586_img.jpg\" class=\"attachment-large size-large wp-image-3890\" alt=\"\" srcset=\"https:\/\/www.upo.es\/investiga\/HUM-680\/wp-content\/uploads\/2024\/12\/book_1586_img.jpg 500w, https:\/\/www.upo.es\/investiga\/HUM-680\/wp-content\/uploads\/2024\/12\/book_1586_img-206x300.jpg 206w\" sizes=\"(max-width: 500px) 100vw, 500px\" \/>\t\t\t\t\t\t\t\t\t\t\t\t\t\t\t<\/div>\n\t\t\t\t<\/div>\n\t\t\t\t\t<\/div>\n\t\t<\/div>\n\t\t\t\t\t<\/div>\n\t\t<\/section>\n\t\t\t\t<\/div>\n\t\t","protected":false},"excerpt":{"rendered":"<p>Geometry, Frans Floris (1557) Estudios sobre Europa, el mundo mediterr\u00e1neoy su difusi\u00f3n atl\u00e1ntica(HUM 680) Libro:\u00a0La Monarchia spagnola in una prospettiva policentrica: reti, conflitti, negoziazioni tra scala locale e spazi imperiali (secoli XVI-XVII) Disponible para descarga en la p\u00e1gina web de la editorial:\u00a0http:\/\/www.fedoabooks.unina.it\/index.php\/fedoapress\/catalog\/book\/422 Este volumen aborda uno de los temas m\u00e1s [&hellip;]<\/p>\n","protected":false},"author":1,"featured_media":0,"parent":0,"menu_order":0,"comment_status":"closed","ping_status":"closed","template":"page-templates\/template-pagebuilder-full-width.php","meta":{"footnotes":""},"_links":{"self":[{"href":"https:\/\/www.upo.es\/investiga\/HUM-680\/wp-json\/wp\/v2\/pages\/3887"}],"collection":[{"href":"https:\/\/www.upo.es\/investiga\/HUM-680\/wp-json\/wp\/v2\/pages"}],"about":[{"href":"https:\/\/www.upo.es\/investiga\/HUM-680\/wp-json\/wp\/v2\/types\/page"}],"author":[{"embeddable":true,"href":"https:\/\/www.upo.es\/investiga\/HUM-680\/wp-json\/wp\/v2\/users\/1"}],"replies":[{"embeddable":true,"href":"https:\/\/www.upo.es\/investiga\/HUM-680\/wp-json\/wp\/v2\/comments?post=3887"}],"version-history":[{"count":7,"href":"https:\/\/www.upo.es\/investiga\/HUM-680\/wp-json\/wp\/v2\/pages\/3887\/revisions"}],"predecessor-version":[{"id":3928,"href":"https:\/\/www.upo.es\/investiga\/HUM-680\/wp-json\/wp\/v2\/pages\/3887\/revisions\/3928"}],"wp:attachment":[{"href":"https:\/\/www.upo.es\/investiga\/HUM-680\/wp-json\/wp\/v2\/media?parent=3887"}],"curies":[{"name":"wp","href":"https:\/\/api.w.org\/{rel}","templated":true}]}}