{"id":4052,"date":"2024-12-22T16:11:39","date_gmt":"2024-12-22T16:11:39","guid":{"rendered":"https:\/\/www.upo.es\/investiga\/HUM-680\/?page_id=4052"},"modified":"2024-12-22T16:26:21","modified_gmt":"2024-12-22T16:26:21","slug":"creditos","status":"publish","type":"page","link":"https:\/\/www.upo.es\/investiga\/HUM-680\/creditos\/","title":{"rendered":"Cr\u00e9ditos"},"content":{"rendered":"\t\t<div data-elementor-type=\"wp-page\" data-elementor-id=\"4052\" class=\"elementor elementor-4052\">\n\t\t\t\t\t\t<section class=\"elementor-section elementor-top-section elementor-element elementor-element-19b3d55 elementor-section-full_width elementor-section-stretched elementor-section-height-default elementor-section-height-default\" data-id=\"19b3d55\" data-element_type=\"section\" data-settings=\"{&quot;stretch_section&quot;:&quot;section-stretched&quot;,&quot;background_background&quot;:&quot;classic&quot;}\">\n\t\t\t\t\t\t<div class=\"elementor-container elementor-column-gap-default\">\n\t\t\t\t\t<div class=\"elementor-column elementor-col-100 elementor-top-column elementor-element elementor-element-0700683\" data-id=\"0700683\" data-element_type=\"column\">\n\t\t\t<div class=\"elementor-widget-wrap elementor-element-populated\">\n\t\t\t\t\t\t<div class=\"elementor-element elementor-element-eb3de5e elementor-widget elementor-widget-text-editor\" data-id=\"eb3de5e\" data-element_type=\"widget\" data-widget_type=\"text-editor.default\">\n\t\t\t\t<div class=\"elementor-widget-container\">\n\t\t\t\t\t\t\t\t\t<p style=\"text-align: right;\"><em>Geometry<\/em>, Frans Floris (1557)<\/p>\t\t\t\t\t\t\t\t<\/div>\n\t\t\t\t<\/div>\n\t\t\t\t<div class=\"elementor-element elementor-element-45c13d5 elementor-widget__width-initial elementor-widget elementor-widget-heading\" data-id=\"45c13d5\" data-element_type=\"widget\" data-widget_type=\"heading.default\">\n\t\t\t\t<div class=\"elementor-widget-container\">\n\t\t\t\t\t<h2 class=\"elementor-heading-title elementor-size-default\">Estudios sobre Europa, <br>el mundo mediterr\u00e1neo<br>y su difusi\u00f3n atl\u00e1ntica<br>(HUM 680)<\/h2>\t\t\t\t<\/div>\n\t\t\t\t<\/div>\n\t\t\t\t\t<\/div>\n\t\t<\/div>\n\t\t\t\t\t<\/div>\n\t\t<\/section>\n\t\t\t\t<section class=\"elementor-section elementor-top-section elementor-element elementor-element-4785fe9 elementor-section-boxed elementor-section-height-default elementor-section-height-default\" data-id=\"4785fe9\" data-element_type=\"section\">\n\t\t\t\t\t\t<div class=\"elementor-container elementor-column-gap-default\">\n\t\t\t\t\t<div class=\"elementor-column elementor-col-100 elementor-top-column elementor-element elementor-element-779f125\" data-id=\"779f125\" data-element_type=\"column\">\n\t\t\t<div class=\"elementor-widget-wrap elementor-element-populated\">\n\t\t\t\t\t\t<div class=\"elementor-element elementor-element-5561b2c elementor-widget elementor-widget-heading\" data-id=\"5561b2c\" data-element_type=\"widget\" data-widget_type=\"heading.default\">\n\t\t\t\t<div class=\"elementor-widget-container\">\n\t\t\t\t\t<h2 class=\"elementor-heading-title elementor-size-default\">Cr\u00e9ditos<\/h2>\t\t\t\t<\/div>\n\t\t\t\t<\/div>\n\t\t\t\t<div class=\"elementor-element elementor-element-57d7c4e elementor-widget__width-inherit elementor-widget elementor-widget-text-editor\" data-id=\"57d7c4e\" data-element_type=\"widget\" data-widget_type=\"text-editor.default\">\n\t\t\t\t<div class=\"elementor-widget-container\">\n\t\t\t\t\t\t\t\t\t<p><strong>Responsable: <\/strong>Manuel Herrero S\u00e1nchez (mahersan@upo.es)<\/p><p><strong>Administraci\u00f3n de la web: <\/strong>Sam Mora Guerra (sammorgue@alum.us.es)<\/p><p><strong>Dise\u00f1o del logotipo:\u00a0<\/strong>Sam Mora Guerra<\/p><p><strong>Imagen de cabecera:<\/strong> Geometry. Allegory and personification of Geometry holding a compass above a globe. Painting by Frans Floris (1515-1570). Flemish art. Private collection, Genes. <a href=\"https:\/\/commons.wikimedia.org\/wiki\/File:Geometry-by-Frans-Floris-1557.jpg\">https:\/\/commons.wikimedia.org\/wiki\/File:Geometry-by-Frans-Floris-1557.jpg<\/a><\/p><p><strong>Imagen del logotipo:<\/strong> Geometria (Geometry) (from the set &#8216;The Seven Liberal Arts&#8217;). Frans Floris the elder (c.1517-1570) and Cornelis Cort (c.1533\u20131578). <a href=\"https:\/\/www.britishmuseum.org\/collection\/object\/P_1950-0520-412\">https:\/\/www.britishmuseum.org\/collection\/object\/P_1950-0520-412<\/a><\/p>\t\t\t\t\t\t\t\t<\/div>\n\t\t\t\t<\/div>\n\t\t\t\t\t<\/div>\n\t\t<\/div>\n\t\t\t\t\t<\/div>\n\t\t<\/section>\n\t\t\t\t<section class=\"elementor-section elementor-top-section elementor-element elementor-element-4af4556 elementor-section-boxed elementor-section-height-default elementor-section-height-default\" data-id=\"4af4556\" data-element_type=\"section\">\n\t\t\t\t\t\t<div class=\"elementor-container elementor-column-gap-default\">\n\t\t\t\t\t<div class=\"elementor-column elementor-col-100 elementor-top-column elementor-element elementor-element-b1ba834\" data-id=\"b1ba834\" data-element_type=\"column\">\n\t\t\t<div class=\"elementor-widget-wrap elementor-element-populated\">\n\t\t\t\t\t\t<div class=\"elementor-element elementor-element-474eb1d elementor-widget elementor-widget-image\" data-id=\"474eb1d\" data-element_type=\"widget\" data-widget_type=\"image.default\">\n\t\t\t\t<div class=\"elementor-widget-container\">\n\t\t\t\t\t\t\t\t\t\t\t\t\t\t\t<img fetchpriority=\"high\" decoding=\"async\" width=\"1888\" height=\"582\" src=\"https:\/\/www.upo.es\/investiga\/HUM-680\/wp-content\/uploads\/2024\/12\/portadahum680-1.png\" class=\"attachment-2048x2048 size-2048x2048 wp-image-4062\" alt=\"\" srcset=\"https:\/\/www.upo.es\/investiga\/HUM-680\/wp-content\/uploads\/2024\/12\/portadahum680-1.png 1888w, https:\/\/www.upo.es\/investiga\/HUM-680\/wp-content\/uploads\/2024\/12\/portadahum680-1-300x92.png 300w, https:\/\/www.upo.es\/investiga\/HUM-680\/wp-content\/uploads\/2024\/12\/portadahum680-1-1024x316.png 1024w, https:\/\/www.upo.es\/investiga\/HUM-680\/wp-content\/uploads\/2024\/12\/portadahum680-1-768x237.png 768w, https:\/\/www.upo.es\/investiga\/HUM-680\/wp-content\/uploads\/2024\/12\/portadahum680-1-1536x473.png 1536w\" sizes=\"(max-width: 1888px) 100vw, 1888px\" \/>\t\t\t\t\t\t\t\t\t\t\t\t\t\t\t<\/div>\n\t\t\t\t<\/div>\n\t\t\t\t<div class=\"elementor-element elementor-element-cbda66f elementor-widget elementor-widget-image\" data-id=\"cbda66f\" data-element_type=\"widget\" data-widget_type=\"image.default\">\n\t\t\t\t<div class=\"elementor-widget-container\">\n\t\t\t\t\t\t\t\t\t\t\t\t\t\t\t<img decoding=\"async\" width=\"750\" height=\"429\" src=\"https:\/\/www.upo.es\/investiga\/HUM-680\/wp-content\/uploads\/2024\/12\/sin-fondo-circulo-1-768x439.png\" class=\"attachment-medium_large size-medium_large wp-image-4071\" alt=\"\" srcset=\"https:\/\/www.upo.es\/investiga\/HUM-680\/wp-content\/uploads\/2024\/12\/sin-fondo-circulo-1-768x439.png 768w, https:\/\/www.upo.es\/investiga\/HUM-680\/wp-content\/uploads\/2024\/12\/sin-fondo-circulo-1-300x171.png 300w, https:\/\/www.upo.es\/investiga\/HUM-680\/wp-content\/uploads\/2024\/12\/sin-fondo-circulo-1-1024x585.png 1024w, https:\/\/www.upo.es\/investiga\/HUM-680\/wp-content\/uploads\/2024\/12\/sin-fondo-circulo-1-1536x877.png 1536w, https:\/\/www.upo.es\/investiga\/HUM-680\/wp-content\/uploads\/2024\/12\/sin-fondo-circulo-1.png 1586w\" sizes=\"(max-width: 750px) 100vw, 750px\" \/>\t\t\t\t\t\t\t\t\t\t\t\t\t\t\t<\/div>\n\t\t\t\t<\/div>\n\t\t\t\t\t<\/div>\n\t\t<\/div>\n\t\t\t\t\t<\/div>\n\t\t<\/section>\n\t\t\t\t<\/div>\n\t\t","protected":false},"excerpt":{"rendered":"<p>Geometry, Frans Floris (1557) Estudios sobre Europa, el mundo mediterr\u00e1neoy su difusi\u00f3n atl\u00e1ntica(HUM 680) Cr\u00e9ditos Responsable: Manuel Herrero S\u00e1nchez (mahersan@upo.es) Administraci\u00f3n de la web: Sam Mora Guerra (sammorgue@alum.us.es) Dise\u00f1o del logotipo:\u00a0Sam Mora Guerra Imagen de cabecera: Geometry. Allegory and personification of Geometry holding a compass above a globe. Painting by [&hellip;]<\/p>\n","protected":false},"author":1,"featured_media":0,"parent":0,"menu_order":0,"comment_status":"closed","ping_status":"closed","template":"page-templates\/template-pagebuilder-full-width.php","meta":{"footnotes":""},"_links":{"self":[{"href":"https:\/\/www.upo.es\/investiga\/HUM-680\/wp-json\/wp\/v2\/pages\/4052"}],"collection":[{"href":"https:\/\/www.upo.es\/investiga\/HUM-680\/wp-json\/wp\/v2\/pages"}],"about":[{"href":"https:\/\/www.upo.es\/investiga\/HUM-680\/wp-json\/wp\/v2\/types\/page"}],"author":[{"embeddable":true,"href":"https:\/\/www.upo.es\/investiga\/HUM-680\/wp-json\/wp\/v2\/users\/1"}],"replies":[{"embeddable":true,"href":"https:\/\/www.upo.es\/investiga\/HUM-680\/wp-json\/wp\/v2\/comments?post=4052"}],"version-history":[{"count":16,"href":"https:\/\/www.upo.es\/investiga\/HUM-680\/wp-json\/wp\/v2\/pages\/4052\/revisions"}],"predecessor-version":[{"id":4074,"href":"https:\/\/www.upo.es\/investiga\/HUM-680\/wp-json\/wp\/v2\/pages\/4052\/revisions\/4074"}],"wp:attachment":[{"href":"https:\/\/www.upo.es\/investiga\/HUM-680\/wp-json\/wp\/v2\/media?parent=4052"}],"curies":[{"name":"wp","href":"https:\/\/api.w.org\/{rel}","templated":true}]}}