{"id":4784,"date":"2025-10-10T09:58:32","date_gmt":"2025-10-10T09:58:32","guid":{"rendered":"https:\/\/www.upo.es\/investiga\/HUM-680\/?page_id=4784"},"modified":"2025-10-10T10:09:51","modified_gmt":"2025-10-10T10:09:51","slug":"alberto-hernandez-perez","status":"publish","type":"page","link":"https:\/\/www.upo.es\/investiga\/HUM-680\/alberto-hernandez-perez\/","title":{"rendered":"Alberto Hern\u00e1ndez P\u00e9rez"},"content":{"rendered":"\t\t<div data-elementor-type=\"wp-page\" data-elementor-id=\"4784\" class=\"elementor elementor-4784\">\n\t\t\t\t\t\t<section class=\"elementor-section elementor-top-section elementor-element elementor-element-3e4eee7 elementor-section-full_width elementor-section-stretched elementor-section-height-default elementor-section-height-default\" data-id=\"3e4eee7\" data-element_type=\"section\" data-settings=\"{&quot;stretch_section&quot;:&quot;section-stretched&quot;,&quot;background_background&quot;:&quot;classic&quot;}\">\n\t\t\t\t\t\t<div class=\"elementor-container elementor-column-gap-default\">\n\t\t\t\t\t<div class=\"elementor-column elementor-col-100 elementor-top-column elementor-element elementor-element-c352fdc\" data-id=\"c352fdc\" data-element_type=\"column\">\n\t\t\t<div class=\"elementor-widget-wrap elementor-element-populated\">\n\t\t\t\t\t\t<div class=\"elementor-element elementor-element-f7b5621 elementor-widget elementor-widget-text-editor\" data-id=\"f7b5621\" data-element_type=\"widget\" data-widget_type=\"text-editor.default\">\n\t\t\t\t<div class=\"elementor-widget-container\">\n\t\t\t\t\t\t\t\t\t<p style=\"text-align: right;\"><em>Geometry<\/em>, Frans Floris (1557)<\/p>\t\t\t\t\t\t\t\t<\/div>\n\t\t\t\t<\/div>\n\t\t\t\t<div class=\"elementor-element elementor-element-3fe5481 elementor-widget__width-initial elementor-widget elementor-widget-heading\" data-id=\"3fe5481\" data-element_type=\"widget\" data-widget_type=\"heading.default\">\n\t\t\t\t<div class=\"elementor-widget-container\">\n\t\t\t\t\t<h2 class=\"elementor-heading-title elementor-size-default\">Estudios sobre Europa, <br>el mundo mediterr\u00e1neo<br>y su difusi\u00f3n atl\u00e1ntica<br>(HUM 680)<\/h2>\t\t\t\t<\/div>\n\t\t\t\t<\/div>\n\t\t\t\t\t<\/div>\n\t\t<\/div>\n\t\t\t\t\t<\/div>\n\t\t<\/section>\n\t\t\t\t<section class=\"elementor-section elementor-top-section elementor-element elementor-element-95251c5 elementor-section-boxed elementor-section-height-default elementor-section-height-default\" data-id=\"95251c5\" data-element_type=\"section\">\n\t\t\t\t\t\t<div class=\"elementor-container elementor-column-gap-default\">\n\t\t\t\t\t<div class=\"elementor-column elementor-col-100 elementor-top-column elementor-element elementor-element-2945507\" data-id=\"2945507\" data-element_type=\"column\">\n\t\t\t<div class=\"elementor-widget-wrap elementor-element-populated\">\n\t\t\t\t\t\t<div class=\"elementor-element elementor-element-d43af0d elementor-widget elementor-widget-heading\" data-id=\"d43af0d\" data-element_type=\"widget\" data-widget_type=\"heading.default\">\n\t\t\t\t<div class=\"elementor-widget-container\">\n\t\t\t\t\t<h2 class=\"elementor-heading-title elementor-size-default\">Alberto Hern\u00e1ndez P\u00e9rez<\/h2>\t\t\t\t<\/div>\n\t\t\t\t<\/div>\n\t\t\t\t\t<\/div>\n\t\t<\/div>\n\t\t\t\t\t<\/div>\n\t\t<\/section>\n\t\t\t\t<section class=\"elementor-section elementor-top-section elementor-element elementor-element-1d6c7a3 elementor-section-boxed elementor-section-height-default elementor-section-height-default\" data-id=\"1d6c7a3\" data-element_type=\"section\">\n\t\t\t\t\t\t<div class=\"elementor-container elementor-column-gap-default\">\n\t\t\t\t\t<div class=\"elementor-column elementor-col-50 elementor-top-column elementor-element elementor-element-0c6b9f8\" data-id=\"0c6b9f8\" data-element_type=\"column\" data-settings=\"{&quot;background_background&quot;:&quot;gradient&quot;}\">\n\t\t\t<div class=\"elementor-widget-wrap elementor-element-populated\">\n\t\t\t\t\t\t<div class=\"elementor-element elementor-element-98e3d91 elementor-widget elementor-widget-image\" data-id=\"98e3d91\" data-element_type=\"widget\" data-widget_type=\"image.default\">\n\t\t\t\t<div class=\"elementor-widget-container\">\n\t\t\t\t\t\t\t\t\t\t\t\t\t\t\t<img fetchpriority=\"high\" decoding=\"async\" width=\"750\" height=\"750\" src=\"https:\/\/www.upo.es\/investiga\/HUM-680\/wp-content\/uploads\/2025\/10\/IMG-20240704-WA0062-768x1024-3.jpg\" class=\"attachment-large size-large wp-image-4788\" alt=\"\" srcset=\"https:\/\/www.upo.es\/investiga\/HUM-680\/wp-content\/uploads\/2025\/10\/IMG-20240704-WA0062-768x1024-3.jpg 768w, https:\/\/www.upo.es\/investiga\/HUM-680\/wp-content\/uploads\/2025\/10\/IMG-20240704-WA0062-768x1024-3-300x300.jpg 300w, https:\/\/www.upo.es\/investiga\/HUM-680\/wp-content\/uploads\/2025\/10\/IMG-20240704-WA0062-768x1024-3-150x150.jpg 150w, https:\/\/www.upo.es\/investiga\/HUM-680\/wp-content\/uploads\/2025\/10\/IMG-20240704-WA0062-768x1024-3-650x650.jpg 650w\" sizes=\"(max-width: 750px) 100vw, 750px\" \/>\t\t\t\t\t\t\t\t\t\t\t\t\t\t\t<\/div>\n\t\t\t\t<\/div>\n\t\t\t\t\t<\/div>\n\t\t<\/div>\n\t\t\t\t<div class=\"elementor-column elementor-col-50 elementor-top-column elementor-element elementor-element-bf33bc5\" data-id=\"bf33bc5\" data-element_type=\"column\">\n\t\t\t<div class=\"elementor-widget-wrap elementor-element-populated\">\n\t\t\t\t\t\t<div class=\"elementor-element elementor-element-8cf6655 elementor-widget elementor-widget-text-editor\" data-id=\"8cf6655\" data-element_type=\"widget\" data-widget_type=\"text-editor.default\">\n\t\t\t\t<div class=\"elementor-widget-container\">\n\t\t\t\t\t\t\t\t\t<p style=\"text-align: justify;\">Graduado en Historia en la Universidad de Granada y ha realizado el m\u00e1ster de Formaci\u00f3n del Profesorado (UGR), m\u00e1ster EURAME (UGR) y especializado en Historia Moderna: \u00abMonarqu\u00eda de Espa\u00f1a, siglos XVI-XVIII\u00bb (UC-UAM-USC). Investigador predoctoral FPI en el Departamento de Historia Moderna de la Universidad Aut\u00f3noma de Madrid.<\/p>\n<p style=\"text-align: justify;\">Su labor investigadora se centra en el estudio de las milicias urbanas del virreinato de Nueva Espa\u00f1a durante la segunda mitad del siglo XVII y principios del XVIII, as\u00ed como los proyectos de defensa americanos y las redes transatl\u00e1nticas de tipo comercial relacionadas con los miembros del Consulado de Comerciantes de la Ciudad de M\u00e9xico.<\/p>\t\t\t\t\t\t\t\t<\/div>\n\t\t\t\t<\/div>\n\t\t\t\t<section class=\"elementor-section elementor-inner-section elementor-element elementor-element-a7a51f2 elementor-section-boxed elementor-section-height-default elementor-section-height-default\" data-id=\"a7a51f2\" data-element_type=\"section\">\n\t\t\t\t\t\t<div class=\"elementor-container elementor-column-gap-default\">\n\t\t\t\t\t<div class=\"elementor-column elementor-col-50 elementor-inner-column elementor-element elementor-element-e2433f9\" data-id=\"e2433f9\" data-element_type=\"column\">\n\t\t\t<div class=\"elementor-widget-wrap elementor-element-populated\">\n\t\t\t\t\t\t<section class=\"elementor-section elementor-inner-section elementor-element elementor-element-680b365 elementor-section-boxed elementor-section-height-default elementor-section-height-default\" data-id=\"680b365\" data-element_type=\"section\">\n\t\t\t\t\t\t<div class=\"elementor-container elementor-column-gap-default\">\n\t\t\t\t\t<div class=\"elementor-column elementor-col-50 elementor-inner-column elementor-element elementor-element-4cf9b38\" data-id=\"4cf9b38\" data-element_type=\"column\">\n\t\t\t<div class=\"elementor-widget-wrap elementor-element-populated\">\n\t\t\t\t\t\t\t<\/div>\n\t\t<\/div>\n\t\t\t\t<div class=\"elementor-column elementor-col-50 elementor-inner-column elementor-element elementor-element-2876552\" data-id=\"2876552\" data-element_type=\"column\">\n\t\t\t<div class=\"elementor-widget-wrap elementor-element-populated\">\n\t\t\t\t\t\t<div class=\"elementor-element elementor-element-99150c8 elementor-widget elementor-widget-image\" data-id=\"99150c8\" data-element_type=\"widget\" data-widget_type=\"image.default\">\n\t\t\t\t<div class=\"elementor-widget-container\">\n\t\t\t\t\t\t\t\t\t\t\t\t\t\t\t\t<a href=\"https:\/\/uam.academia.edu\/AlbertoHern%C3%A1ndezP%C3%A9rez\">\n\t\t\t\t\t\t\t<img decoding=\"async\" width=\"360\" height=\"270\" src=\"https:\/\/www.upo.es\/investiga\/HUM-680\/wp-content\/uploads\/2023\/11\/1_wnzfchY0lc5EIUoOPENhTw.png\" class=\"elementor-animation-grow attachment-large size-large wp-image-2056\" alt=\"\" srcset=\"https:\/\/www.upo.es\/investiga\/HUM-680\/wp-content\/uploads\/2023\/11\/1_wnzfchY0lc5EIUoOPENhTw.png 360w, https:\/\/www.upo.es\/investiga\/HUM-680\/wp-content\/uploads\/2023\/11\/1_wnzfchY0lc5EIUoOPENhTw-300x225.png 300w\" sizes=\"(max-width: 360px) 100vw, 360px\" \/>\t\t\t\t\t\t\t\t<\/a>\n\t\t\t\t\t\t\t\t\t\t\t\t\t\t\t<\/div>\n\t\t\t\t<\/div>\n\t\t\t\t\t<\/div>\n\t\t<\/div>\n\t\t\t\t\t<\/div>\n\t\t<\/section>\n\t\t\t\t\t<\/div>\n\t\t<\/div>\n\t\t\t\t<div class=\"elementor-column elementor-col-50 elementor-inner-column elementor-element elementor-element-d83d62d\" data-id=\"d83d62d\" data-element_type=\"column\">\n\t\t\t<div class=\"elementor-widget-wrap elementor-element-populated\">\n\t\t\t\t\t\t<section class=\"elementor-section elementor-inner-section elementor-element elementor-element-b1b58de elementor-section-boxed elementor-section-height-default elementor-section-height-default\" data-id=\"b1b58de\" data-element_type=\"section\">\n\t\t\t\t\t\t<div class=\"elementor-container elementor-column-gap-default\">\n\t\t\t\t\t<div class=\"elementor-column elementor-col-50 elementor-inner-column elementor-element elementor-element-57887c7\" data-id=\"57887c7\" data-element_type=\"column\">\n\t\t\t<div class=\"elementor-widget-wrap elementor-element-populated\">\n\t\t\t\t\t\t<div class=\"elementor-element elementor-element-f0788c2 elementor-widget elementor-widget-image\" data-id=\"f0788c2\" data-element_type=\"widget\" data-widget_type=\"image.default\">\n\t\t\t\t<div class=\"elementor-widget-container\">\n\t\t\t\t\t\t\t\t\t\t\t\t\t\t\t\t<a href=\"https:\/\/orcid.org\/0000-0002-6625-878X\">\n\t\t\t\t\t\t\t<img decoding=\"async\" width=\"150\" height=\"150\" src=\"https:\/\/www.upo.es\/investiga\/HUM-680\/wp-content\/uploads\/2023\/11\/logo-ORCID-150x150.png\" class=\"elementor-animation-grow attachment-thumbnail size-thumbnail wp-image-2059\" alt=\"\" srcset=\"https:\/\/www.upo.es\/investiga\/HUM-680\/wp-content\/uploads\/2023\/11\/logo-ORCID-150x150.png 150w, https:\/\/www.upo.es\/investiga\/HUM-680\/wp-content\/uploads\/2023\/11\/logo-ORCID-300x300.png 300w, https:\/\/www.upo.es\/investiga\/HUM-680\/wp-content\/uploads\/2023\/11\/logo-ORCID-768x768.png 768w, https:\/\/www.upo.es\/investiga\/HUM-680\/wp-content\/uploads\/2023\/11\/logo-ORCID.png 800w\" sizes=\"(max-width: 150px) 100vw, 150px\" \/>\t\t\t\t\t\t\t\t<\/a>\n\t\t\t\t\t\t\t\t\t\t\t\t\t\t\t<\/div>\n\t\t\t\t<\/div>\n\t\t\t\t\t<\/div>\n\t\t<\/div>\n\t\t\t\t<div class=\"elementor-column elementor-col-50 elementor-inner-column elementor-element elementor-element-b947be3\" data-id=\"b947be3\" data-element_type=\"column\">\n\t\t\t<div class=\"elementor-widget-wrap elementor-element-populated\">\n\t\t\t\t\t\t\t<\/div>\n\t\t<\/div>\n\t\t\t\t\t<\/div>\n\t\t<\/section>\n\t\t\t\t\t<\/div>\n\t\t<\/div>\n\t\t\t\t\t<\/div>\n\t\t<\/section>\n\t\t\t\t\t<\/div>\n\t\t<\/div>\n\t\t\t\t\t<\/div>\n\t\t<\/section>\n\t\t\t\t<\/div>\n\t\t","protected":false},"excerpt":{"rendered":"<p>Geometry, Frans Floris (1557) Estudios sobre Europa, el mundo mediterr\u00e1neoy su difusi\u00f3n atl\u00e1ntica(HUM 680) Alberto Hern\u00e1ndez P\u00e9rez Graduado en Historia en la Universidad de Granada y ha realizado el m\u00e1ster de Formaci\u00f3n del Profesorado (UGR), m\u00e1ster EURAME (UGR) y especializado en Historia Moderna: \u00abMonarqu\u00eda de Espa\u00f1a, siglos XVI-XVIII\u00bb (UC-UAM-USC). Investigador [&hellip;]<\/p>\n","protected":false},"author":1,"featured_media":0,"parent":0,"menu_order":0,"comment_status":"closed","ping_status":"closed","template":"page-templates\/template-pagebuilder-full-width.php","meta":{"footnotes":""},"_links":{"self":[{"href":"https:\/\/www.upo.es\/investiga\/HUM-680\/wp-json\/wp\/v2\/pages\/4784"}],"collection":[{"href":"https:\/\/www.upo.es\/investiga\/HUM-680\/wp-json\/wp\/v2\/pages"}],"about":[{"href":"https:\/\/www.upo.es\/investiga\/HUM-680\/wp-json\/wp\/v2\/types\/page"}],"author":[{"embeddable":true,"href":"https:\/\/www.upo.es\/investiga\/HUM-680\/wp-json\/wp\/v2\/users\/1"}],"replies":[{"embeddable":true,"href":"https:\/\/www.upo.es\/investiga\/HUM-680\/wp-json\/wp\/v2\/comments?post=4784"}],"version-history":[{"count":4,"href":"https:\/\/www.upo.es\/investiga\/HUM-680\/wp-json\/wp\/v2\/pages\/4784\/revisions"}],"predecessor-version":[{"id":4792,"href":"https:\/\/www.upo.es\/investiga\/HUM-680\/wp-json\/wp\/v2\/pages\/4784\/revisions\/4792"}],"wp:attachment":[{"href":"https:\/\/www.upo.es\/investiga\/HUM-680\/wp-json\/wp\/v2\/media?parent=4784"}],"curies":[{"name":"wp","href":"https:\/\/api.w.org\/{rel}","templated":true}]}}