{"id":4857,"date":"2025-12-12T11:34:35","date_gmt":"2025-12-12T11:34:35","guid":{"rendered":"https:\/\/www.upo.es\/investiga\/HUM-680\/?page_id=4857"},"modified":"2025-12-12T11:35:55","modified_gmt":"2025-12-12T11:35:55","slug":"alfonso-j-hernandez-rodriguez","status":"publish","type":"page","link":"https:\/\/www.upo.es\/investiga\/HUM-680\/alfonso-j-hernandez-rodriguez\/","title":{"rendered":"Alfonso J. Hern\u00e1ndez Rodr\u00edguez"},"content":{"rendered":"\t\t<div data-elementor-type=\"wp-page\" data-elementor-id=\"4857\" class=\"elementor elementor-4857\">\n\t\t\t\t\t\t<section class=\"elementor-section elementor-top-section elementor-element elementor-element-f919261 elementor-section-full_width elementor-section-stretched elementor-section-height-default elementor-section-height-default\" data-id=\"f919261\" data-element_type=\"section\" data-settings=\"{&quot;stretch_section&quot;:&quot;section-stretched&quot;,&quot;background_background&quot;:&quot;classic&quot;}\">\n\t\t\t\t\t\t<div class=\"elementor-container elementor-column-gap-default\">\n\t\t\t\t\t<div class=\"elementor-column elementor-col-100 elementor-top-column elementor-element elementor-element-7cbfc68\" data-id=\"7cbfc68\" data-element_type=\"column\">\n\t\t\t<div class=\"elementor-widget-wrap elementor-element-populated\">\n\t\t\t\t\t\t<div class=\"elementor-element elementor-element-13e9fd2 elementor-widget elementor-widget-text-editor\" data-id=\"13e9fd2\" data-element_type=\"widget\" data-widget_type=\"text-editor.default\">\n\t\t\t\t<div class=\"elementor-widget-container\">\n\t\t\t\t\t\t\t\t\t<p style=\"text-align: right;\"><em>Geometry<\/em>, Frans Floris (1557)<\/p>\t\t\t\t\t\t\t\t<\/div>\n\t\t\t\t<\/div>\n\t\t\t\t<div class=\"elementor-element elementor-element-9fad19e elementor-widget__width-initial elementor-widget elementor-widget-heading\" data-id=\"9fad19e\" data-element_type=\"widget\" data-widget_type=\"heading.default\">\n\t\t\t\t<div class=\"elementor-widget-container\">\n\t\t\t\t\t<h2 class=\"elementor-heading-title elementor-size-default\">Estudios sobre Europa, <br>el mundo mediterr\u00e1neo<br>y su difusi\u00f3n atl\u00e1ntica<br>(HUM 680)<\/h2>\t\t\t\t<\/div>\n\t\t\t\t<\/div>\n\t\t\t\t\t<\/div>\n\t\t<\/div>\n\t\t\t\t\t<\/div>\n\t\t<\/section>\n\t\t\t\t<section class=\"elementor-section elementor-top-section elementor-element elementor-element-f20a289 elementor-section-boxed elementor-section-height-default elementor-section-height-default\" data-id=\"f20a289\" data-element_type=\"section\">\n\t\t\t\t\t\t<div class=\"elementor-container elementor-column-gap-default\">\n\t\t\t\t\t<div class=\"elementor-column elementor-col-100 elementor-top-column elementor-element elementor-element-d3e2500\" data-id=\"d3e2500\" data-element_type=\"column\">\n\t\t\t<div class=\"elementor-widget-wrap elementor-element-populated\">\n\t\t\t\t\t\t<div class=\"elementor-element elementor-element-81dfcb4 elementor-widget elementor-widget-heading\" data-id=\"81dfcb4\" data-element_type=\"widget\" data-widget_type=\"heading.default\">\n\t\t\t\t<div class=\"elementor-widget-container\">\n\t\t\t\t\t<h2 class=\"elementor-heading-title elementor-size-default\">Alfonso J. Hern\u00e1ndez Rodr\u00edguez<\/h2>\t\t\t\t<\/div>\n\t\t\t\t<\/div>\n\t\t\t\t\t<\/div>\n\t\t<\/div>\n\t\t\t\t\t<\/div>\n\t\t<\/section>\n\t\t\t\t<section class=\"elementor-section elementor-top-section elementor-element elementor-element-89f7d30 elementor-section-boxed elementor-section-height-default elementor-section-height-default\" data-id=\"89f7d30\" data-element_type=\"section\">\n\t\t\t\t\t\t<div class=\"elementor-container elementor-column-gap-default\">\n\t\t\t\t\t<div class=\"elementor-column elementor-col-50 elementor-top-column elementor-element elementor-element-e9b08bd\" data-id=\"e9b08bd\" data-element_type=\"column\" data-settings=\"{&quot;background_background&quot;:&quot;gradient&quot;}\">\n\t\t\t<div class=\"elementor-widget-wrap elementor-element-populated\">\n\t\t\t\t\t\t<div class=\"elementor-element elementor-element-d91e4f7 elementor-widget elementor-widget-image\" data-id=\"d91e4f7\" data-element_type=\"widget\" data-widget_type=\"image.default\">\n\t\t\t\t<div class=\"elementor-widget-container\">\n\t\t\t\t\t\t\t\t\t\t\t\t\t\t\t<img fetchpriority=\"high\" decoding=\"async\" width=\"2048\" height=\"2048\" src=\"https:\/\/www.upo.es\/investiga\/HUM-680\/wp-content\/uploads\/2025\/12\/20251005_134530-3-2048x2048.jpg\" class=\"attachment-2048x2048 size-2048x2048 wp-image-4859\" alt=\"\" srcset=\"https:\/\/www.upo.es\/investiga\/HUM-680\/wp-content\/uploads\/2025\/12\/20251005_134530-3-2048x2048.jpg 2048w, https:\/\/www.upo.es\/investiga\/HUM-680\/wp-content\/uploads\/2025\/12\/20251005_134530-3-300x300.jpg 300w, https:\/\/www.upo.es\/investiga\/HUM-680\/wp-content\/uploads\/2025\/12\/20251005_134530-3-1024x1024.jpg 1024w, https:\/\/www.upo.es\/investiga\/HUM-680\/wp-content\/uploads\/2025\/12\/20251005_134530-3-150x150.jpg 150w, https:\/\/www.upo.es\/investiga\/HUM-680\/wp-content\/uploads\/2025\/12\/20251005_134530-3-768x768.jpg 768w, https:\/\/www.upo.es\/investiga\/HUM-680\/wp-content\/uploads\/2025\/12\/20251005_134530-3-1536x1536.jpg 1536w, https:\/\/www.upo.es\/investiga\/HUM-680\/wp-content\/uploads\/2025\/12\/20251005_134530-3-650x650.jpg 650w, https:\/\/www.upo.es\/investiga\/HUM-680\/wp-content\/uploads\/2025\/12\/20251005_134530-3-1300x1300.jpg 1300w\" sizes=\"(max-width: 2048px) 100vw, 2048px\" \/>\t\t\t\t\t\t\t\t\t\t\t\t\t\t\t<\/div>\n\t\t\t\t<\/div>\n\t\t\t\t\t<\/div>\n\t\t<\/div>\n\t\t\t\t<div class=\"elementor-column elementor-col-50 elementor-top-column elementor-element elementor-element-c7ec05e\" data-id=\"c7ec05e\" data-element_type=\"column\">\n\t\t\t<div class=\"elementor-widget-wrap elementor-element-populated\">\n\t\t\t\t\t\t<div class=\"elementor-element elementor-element-7eff8ec elementor-widget elementor-widget-text-editor\" data-id=\"7eff8ec\" data-element_type=\"widget\" data-widget_type=\"text-editor.default\">\n\t\t\t\t<div class=\"elementor-widget-container\">\n\t\t\t\t\t\t\t\t\t<p style=\"text-align: justify;\">Alfonso J. Hern\u00e1ndez Rodr\u00edguez se gradu\u00f3 en Geograf\u00eda e Historia por la Universidad de La Rioja (2016), donde fue becario de iniciaci\u00f3n a la investigaci\u00f3n entre 2015-2016, y cuenta con un M\u00e1ster en Estudios Americanos (2017) y otro en Estudios Hist\u00f3ricos Avanzados, especialidad en Historia Moderna (2018), ambos por la Universidad de Sevilla. En 2023 complet\u00f3 sus estudios en el marco del Programa Oficial de Doctorado en Historia de la Universidad de Sevilla, defendiendo su tesis, la cual obtuvo la m\u00e1xima calificaci\u00f3n posible con menci\u00f3n <em>cum laude<\/em>.<\/p><p style=\"text-align: justify;\">Entre 2019 y 2023 fue contratado predoctoral FPI, formando parte del personal del Departamento de Historia Moderna de dicho centro y ejerciendo labores de docencia. Se ha integrado, hasta la fecha, en el equipo de trabajo de distintos proyectos de investigaci\u00f3n financiados por el Estado espa\u00f1ol. Adem\u00e1s, ha realizado varias estancias de investigaci\u00f3n predoctorales y posdoctorales en el Instituto de Investigaciones Dr. Jos\u00e9 Mar\u00eda Luis Mora de la Ciudad de M\u00e9xico y participado en buen n\u00famero de congresos y seminarios nacionales e internacionales. Sus principales l\u00edneas de investigaci\u00f3n son la Historia pol\u00edtica, institucional, comercial y, sobre todo, militar, de la Carrera de Indias del siglo XVII. No obstante, en los \u00faltimos a\u00f1os se ha ido interesando por otros fen\u00f3menos cruciales para la comprensi\u00f3n de la Monarqu\u00eda en clave polic\u00e9ntrica: el comercio interamericano entre Nueva Espa\u00f1a y Per\u00fa entre fines del XVII y principios del XVIII a trav\u00e9s de la contabilidad personal de los hombres de negocios; y las capacidades defensivas y manufactureras del M\u00e9xico virreinal mediante la producci\u00f3n y distribuci\u00f3n de un bien tan indispensable como la p\u00f3lvora.<\/p><p style=\"text-align: justify;\">En los \u00faltimos a\u00f1os ha publicado algunos de los resultados de sus investigaciones en revistas como <em>Gladius, Magall\u00e1nica, Studia Historica: Historia Moderna, Anuario de Estudios Americanos, Revista Complutense de Historia de Am\u00e9rica<\/em> o <em>Tiempos Modernos<\/em>.<\/p><p style=\"text-align: justify;\">Su primer libro, <em>Soldados de la Carrera de Indias. Estructuras militares y conexiones atl\u00e1nticas de la Monarqu\u00eda Cat\u00f3lica en el siglo XVII<\/em>, producto de su tesis doctoral, disecciona la estructura castrense de las flotas de Indias a partir de documentaci\u00f3n in\u00e9dita procedente de diferentes archivos y del di\u00e1logo entablado con los paradigmas metodol\u00f3gicos e interpretativos relacionados con la guerra, la profesi\u00f3n militar y la construcci\u00f3n del estado moderno m\u00e1s recientes.<\/p><p style=\"text-align: justify;\"><strong>Publicaciones relevantes<\/strong><\/p><p style=\"text-align: justify;\"><em>Soldados de la Carrera de Indias. Estructuras militares y conexiones atl\u00e1nticas de la Monarqu\u00eda Cat\u00f3lica en el siglo XVII<\/em>, Madrid, Doce Calles, 2025<\/p><p style=\"text-align: justify;\">\u201cContractor State, administraci\u00f3n y abastecimiento de p\u00f3lvora y armas de fuego port\u00e1tiles en la Carrera de Indias de la primera mitad del siglo XVII\u201d, <em>Gladius. Estudios sobre armas antiguas, arte militar y vida cultural en Oriente y Occidente<\/em>, 45, 414, 2025. DOI: 10.3989\/gladius.2025.414<\/p><p style=\"text-align: justify;\">\u201c\u00bfSoldados o mercaderes? Comercio, fraude y administraci\u00f3n de los infantes alistados en las armadas y flotas de la Carrera de Indias del siglo XVII\u201d, <em>Magall\u00e1nica: revista de historia moderna<\/em>, 10-20, 2024, pp. 32-61.<\/p><p style=\"text-align: justify;\">\u201c\u00bfQui\u00e9n gobierna un gale\u00f3n de la plata? Org\u00e1nica profesional, inter\u00e9s comercial y fraude en el sostenimiento del aparato militar de la Carrera de Indias a principios del siglo XVII\u201d. <em>Studia Historica: Historia Moderna<\/em>, 46-1, 2024, pp. 353-384. DOI: 10.14201\/shhmo2024461353384<\/p><p style=\"text-align: justify;\">\u201cContractor State, Carrera de Indias y militares- empresarios en la segunda mitad del siglo XVII\u201d. <em>Anuario de Estudios Americanos<\/em>, 80-1, 2023, pp. 141-174. DOI: 10.3989\/aeamer.2023.1.05<\/p><p style=\"text-align: justify;\">\u201cEntre la Carrera de Indias y la Capitan\u00eda General de las Costas de Andaluc\u00eda. El presidio de C\u00e1diz (1596-1635)\u201d. <em>Tiempos Modernos: Revista Electr\u00f3nica de Historia Moderna<\/em>, 13-47, pp. 19-38.<\/p><p style=\"text-align: justify;\"><strong>Participaci\u00f3n en proyectos<\/strong><\/p><p style=\"text-align: justify;\"><strong>UNICIN<\/strong> \u201cEl universo humano de la Carrera de Indias\u201d (Universidad de Sevilla). Proyecto financiado por el Ministerio de Ciencia e Innovaci\u00f3n. IPs: Jos\u00e9 Jaime Garc\u00eda Bernal y Jos\u00e9 Manuel D\u00edaz Blanco. Miembro del proyecto desde 2023.<\/p><p style=\"text-align: justify;\"><strong>ANDATLAN<\/strong> \u201cLa construcci\u00f3n de un Mundo Nuevo: Circuitos econ\u00f3micos, din\u00e1micas sociales y mediadores culturales en las ciudades atl\u00e1nticas del sur de Espa\u00f1a, siglos XVI-XVIII\u201d (Universidad de Sevilla). Proyecto financiado por el Ministerio de Econom\u00eda y Competitividad. IP: Juan Jos\u00e9 Iglesias Rodr\u00edguez. Miembro del proyecto desde 2019.<\/p><p style=\"text-align: justify;\">\u201cReligi\u00f3n, extranjer\u00eda e identidad europea en la Monarqu\u00eda Hisp\u00e1nica durante el siglo XVIII: estudio comparativo y an\u00e1lisis de las pervivencias y contrastes\u201d (Universidad de Huelva). Proyecto financiado por el Ministerio de Ciencia e Innovaci\u00f3n y FEDER. IP: David Gonz\u00e1lez Cruz. Miembro del proyecto desde 2019.<\/p>\t\t\t\t\t\t\t\t<\/div>\n\t\t\t\t<\/div>\n\t\t\t\t<section class=\"elementor-section elementor-inner-section elementor-element elementor-element-8ec4da6 elementor-section-boxed elementor-section-height-default elementor-section-height-default\" data-id=\"8ec4da6\" data-element_type=\"section\">\n\t\t\t\t\t\t<div class=\"elementor-container elementor-column-gap-default\">\n\t\t\t\t\t<div class=\"elementor-column elementor-col-50 elementor-inner-column elementor-element elementor-element-4d9e157\" data-id=\"4d9e157\" data-element_type=\"column\">\n\t\t\t<div class=\"elementor-widget-wrap elementor-element-populated\">\n\t\t\t\t\t\t<section class=\"elementor-section elementor-inner-section elementor-element elementor-element-85cd328 elementor-section-boxed elementor-section-height-default elementor-section-height-default\" data-id=\"85cd328\" data-element_type=\"section\">\n\t\t\t\t\t\t<div class=\"elementor-container elementor-column-gap-default\">\n\t\t\t\t\t<div class=\"elementor-column elementor-col-50 elementor-inner-column elementor-element elementor-element-2fb4ffc\" data-id=\"2fb4ffc\" data-element_type=\"column\">\n\t\t\t<div class=\"elementor-widget-wrap elementor-element-populated\">\n\t\t\t\t\t\t<div class=\"elementor-element elementor-element-df0cfae elementor-widget__width-initial elementor-widget elementor-widget-image\" data-id=\"df0cfae\" data-element_type=\"widget\" data-widget_type=\"image.default\">\n\t\t\t\t<div class=\"elementor-widget-container\">\n\t\t\t\t\t\t\t\t\t\t\t\t\t\t\t\t<a href=\"https:\/\/historicas.unam.mx\/investigacion\/posdoctorantes-unam\">\n\t\t\t\t\t\t\t<img decoding=\"async\" width=\"267\" height=\"300\" src=\"https:\/\/www.upo.es\/investiga\/HUM-680\/wp-content\/uploads\/2025\/12\/Escudo-UNAM-escalable.svg-267x300.png\" class=\"elementor-animation-grow attachment-medium size-medium wp-image-4861\" alt=\"\" srcset=\"https:\/\/www.upo.es\/investiga\/HUM-680\/wp-content\/uploads\/2025\/12\/Escudo-UNAM-escalable.svg-267x300.png 267w, https:\/\/www.upo.es\/investiga\/HUM-680\/wp-content\/uploads\/2025\/12\/Escudo-UNAM-escalable.svg-911x1024.png 911w, https:\/\/www.upo.es\/investiga\/HUM-680\/wp-content\/uploads\/2025\/12\/Escudo-UNAM-escalable.svg-768x863.png 768w, https:\/\/www.upo.es\/investiga\/HUM-680\/wp-content\/uploads\/2025\/12\/Escudo-UNAM-escalable.svg-1367x1536.png 1367w, https:\/\/www.upo.es\/investiga\/HUM-680\/wp-content\/uploads\/2025\/12\/Escudo-UNAM-escalable.svg.png 1822w\" sizes=\"(max-width: 267px) 100vw, 267px\" \/>\t\t\t\t\t\t\t\t<\/a>\n\t\t\t\t\t\t\t\t\t\t\t\t\t\t\t<\/div>\n\t\t\t\t<\/div>\n\t\t\t\t\t<\/div>\n\t\t<\/div>\n\t\t\t\t<div class=\"elementor-column elementor-col-50 elementor-inner-column elementor-element elementor-element-7557ef0\" data-id=\"7557ef0\" data-element_type=\"column\">\n\t\t\t<div class=\"elementor-widget-wrap elementor-element-populated\">\n\t\t\t\t\t\t<div class=\"elementor-element elementor-element-671eb99 elementor-widget elementor-widget-image\" data-id=\"671eb99\" data-element_type=\"widget\" data-widget_type=\"image.default\">\n\t\t\t\t<div class=\"elementor-widget-container\">\n\t\t\t\t\t\t\t\t\t\t\t\t\t\t\t\t<a href=\"https:\/\/unam1.academia.edu\/AlfonsoHern\u00e1ndezRodr\u00edguez\">\n\t\t\t\t\t\t\t<img decoding=\"async\" width=\"360\" height=\"270\" src=\"https:\/\/www.upo.es\/investiga\/HUM-680\/wp-content\/uploads\/2023\/11\/1_wnzfchY0lc5EIUoOPENhTw.png\" class=\"elementor-animation-grow attachment-large size-large wp-image-2056\" alt=\"\" srcset=\"https:\/\/www.upo.es\/investiga\/HUM-680\/wp-content\/uploads\/2023\/11\/1_wnzfchY0lc5EIUoOPENhTw.png 360w, https:\/\/www.upo.es\/investiga\/HUM-680\/wp-content\/uploads\/2023\/11\/1_wnzfchY0lc5EIUoOPENhTw-300x225.png 300w\" sizes=\"(max-width: 360px) 100vw, 360px\" \/>\t\t\t\t\t\t\t\t<\/a>\n\t\t\t\t\t\t\t\t\t\t\t\t\t\t\t<\/div>\n\t\t\t\t<\/div>\n\t\t\t\t\t<\/div>\n\t\t<\/div>\n\t\t\t\t\t<\/div>\n\t\t<\/section>\n\t\t\t\t\t<\/div>\n\t\t<\/div>\n\t\t\t\t<div class=\"elementor-column elementor-col-50 elementor-inner-column elementor-element elementor-element-5d4c089\" data-id=\"5d4c089\" data-element_type=\"column\">\n\t\t\t<div class=\"elementor-widget-wrap elementor-element-populated\">\n\t\t\t\t\t\t<section class=\"elementor-section elementor-inner-section elementor-element elementor-element-c2c68df elementor-section-boxed elementor-section-height-default elementor-section-height-default\" data-id=\"c2c68df\" data-element_type=\"section\">\n\t\t\t\t\t\t<div class=\"elementor-container elementor-column-gap-default\">\n\t\t\t\t\t<div class=\"elementor-column elementor-col-50 elementor-inner-column elementor-element elementor-element-2fee0b6\" data-id=\"2fee0b6\" data-element_type=\"column\">\n\t\t\t<div class=\"elementor-widget-wrap elementor-element-populated\">\n\t\t\t\t\t\t<div class=\"elementor-element elementor-element-889412c elementor-widget elementor-widget-image\" data-id=\"889412c\" data-element_type=\"widget\" data-widget_type=\"image.default\">\n\t\t\t\t<div class=\"elementor-widget-container\">\n\t\t\t\t\t\t\t\t\t\t\t\t\t\t\t\t<a href=\"https:\/\/orcid.org\/0000-0003-3394-2195\">\n\t\t\t\t\t\t\t<img loading=\"lazy\" decoding=\"async\" width=\"150\" height=\"150\" src=\"https:\/\/www.upo.es\/investiga\/HUM-680\/wp-content\/uploads\/2023\/11\/logo-ORCID-150x150.png\" class=\"elementor-animation-grow attachment-thumbnail size-thumbnail wp-image-2059\" alt=\"\" srcset=\"https:\/\/www.upo.es\/investiga\/HUM-680\/wp-content\/uploads\/2023\/11\/logo-ORCID-150x150.png 150w, https:\/\/www.upo.es\/investiga\/HUM-680\/wp-content\/uploads\/2023\/11\/logo-ORCID-300x300.png 300w, https:\/\/www.upo.es\/investiga\/HUM-680\/wp-content\/uploads\/2023\/11\/logo-ORCID-768x768.png 768w, https:\/\/www.upo.es\/investiga\/HUM-680\/wp-content\/uploads\/2023\/11\/logo-ORCID.png 800w\" sizes=\"(max-width: 150px) 100vw, 150px\" \/>\t\t\t\t\t\t\t\t<\/a>\n\t\t\t\t\t\t\t\t\t\t\t\t\t\t\t<\/div>\n\t\t\t\t<\/div>\n\t\t\t\t\t<\/div>\n\t\t<\/div>\n\t\t\t\t<div class=\"elementor-column elementor-col-50 elementor-inner-column elementor-element elementor-element-980ce67\" data-id=\"980ce67\" data-element_type=\"column\">\n\t\t\t<div class=\"elementor-widget-wrap elementor-element-populated\">\n\t\t\t\t\t\t<div class=\"elementor-element elementor-element-a218d96 elementor-widget elementor-widget-image\" data-id=\"a218d96\" data-element_type=\"widget\" data-widget_type=\"image.default\">\n\t\t\t\t<div class=\"elementor-widget-container\">\n\t\t\t\t\t\t\t\t\t\t\t\t\t\t\t\t<a href=\"https:\/\/dialnet.unirioja.es\/servlet\/autor?codigo=4859455\">\n\t\t\t\t\t\t\t<img loading=\"lazy\" decoding=\"async\" width=\"150\" height=\"150\" src=\"https:\/\/www.upo.es\/investiga\/HUM-680\/wp-content\/uploads\/2023\/11\/dialnet-logo-150x150.png\" class=\"elementor-animation-grow attachment-thumbnail size-thumbnail wp-image-2057\" alt=\"\" srcset=\"https:\/\/www.upo.es\/investiga\/HUM-680\/wp-content\/uploads\/2023\/11\/dialnet-logo-150x150.png 150w, https:\/\/www.upo.es\/investiga\/HUM-680\/wp-content\/uploads\/2023\/11\/dialnet-logo-300x300.png 300w, https:\/\/www.upo.es\/investiga\/HUM-680\/wp-content\/uploads\/2023\/11\/dialnet-logo.png 400w\" sizes=\"(max-width: 150px) 100vw, 150px\" \/>\t\t\t\t\t\t\t\t<\/a>\n\t\t\t\t\t\t\t\t\t\t\t\t\t\t\t<\/div>\n\t\t\t\t<\/div>\n\t\t\t\t\t<\/div>\n\t\t<\/div>\n\t\t\t\t\t<\/div>\n\t\t<\/section>\n\t\t\t\t\t<\/div>\n\t\t<\/div>\n\t\t\t\t\t<\/div>\n\t\t<\/section>\n\t\t\t\t\t<\/div>\n\t\t<\/div>\n\t\t\t\t\t<\/div>\n\t\t<\/section>\n\t\t\t\t<\/div>\n\t\t","protected":false},"excerpt":{"rendered":"<p>Geometry, Frans Floris (1557) Estudios sobre Europa, el mundo mediterr\u00e1neoy su difusi\u00f3n atl\u00e1ntica(HUM 680) Alfonso J. Hern\u00e1ndez Rodr\u00edguez Alfonso J. Hern\u00e1ndez Rodr\u00edguez se gradu\u00f3 en Geograf\u00eda e Historia por la Universidad de La Rioja (2016), donde fue becario de iniciaci\u00f3n a la investigaci\u00f3n entre 2015-2016, y cuenta con un M\u00e1ster [&hellip;]<\/p>\n","protected":false},"author":1,"featured_media":0,"parent":0,"menu_order":0,"comment_status":"closed","ping_status":"closed","template":"page-templates\/template-pagebuilder-full-width.php","meta":{"footnotes":""},"_links":{"self":[{"href":"https:\/\/www.upo.es\/investiga\/HUM-680\/wp-json\/wp\/v2\/pages\/4857"}],"collection":[{"href":"https:\/\/www.upo.es\/investiga\/HUM-680\/wp-json\/wp\/v2\/pages"}],"about":[{"href":"https:\/\/www.upo.es\/investiga\/HUM-680\/wp-json\/wp\/v2\/types\/page"}],"author":[{"embeddable":true,"href":"https:\/\/www.upo.es\/investiga\/HUM-680\/wp-json\/wp\/v2\/users\/1"}],"replies":[{"embeddable":true,"href":"https:\/\/www.upo.es\/investiga\/HUM-680\/wp-json\/wp\/v2\/comments?post=4857"}],"version-history":[{"count":4,"href":"https:\/\/www.upo.es\/investiga\/HUM-680\/wp-json\/wp\/v2\/pages\/4857\/revisions"}],"predecessor-version":[{"id":4865,"href":"https:\/\/www.upo.es\/investiga\/HUM-680\/wp-json\/wp\/v2\/pages\/4857\/revisions\/4865"}],"wp:attachment":[{"href":"https:\/\/www.upo.es\/investiga\/HUM-680\/wp-json\/wp\/v2\/media?parent=4857"}],"curies":[{"name":"wp","href":"https:\/\/api.w.org\/{rel}","templated":true}]}}