{"id":4866,"date":"2025-12-12T11:45:33","date_gmt":"2025-12-12T11:45:33","guid":{"rendered":"https:\/\/www.upo.es\/investiga\/HUM-680\/?page_id=4866"},"modified":"2025-12-12T15:47:56","modified_gmt":"2025-12-12T15:47:56","slug":"cristina-hernandez-casado-2","status":"publish","type":"page","link":"https:\/\/www.upo.es\/investiga\/HUM-680\/en\/cristina-hernandez-casado-2\/","title":{"rendered":"Cristina Hern\u00e1ndez Casado"},"content":{"rendered":"\t\t<div data-elementor-type=\"wp-page\" data-elementor-id=\"4866\" class=\"elementor elementor-4866\">\n\t\t\t\t\t\t<section class=\"elementor-section elementor-top-section elementor-element elementor-element-24b4e02 elementor-section-full_width elementor-section-stretched elementor-section-height-default elementor-section-height-default\" data-id=\"24b4e02\" data-element_type=\"section\" data-settings=\"{&quot;stretch_section&quot;:&quot;section-stretched&quot;,&quot;background_background&quot;:&quot;classic&quot;}\">\n\t\t\t\t\t\t<div class=\"elementor-container elementor-column-gap-default\">\n\t\t\t\t\t<div class=\"elementor-column elementor-col-100 elementor-top-column elementor-element elementor-element-390efc8\" data-id=\"390efc8\" data-element_type=\"column\">\n\t\t\t<div class=\"elementor-widget-wrap elementor-element-populated\">\n\t\t\t\t\t\t<div class=\"elementor-element elementor-element-67dfa2f elementor-widget elementor-widget-text-editor\" data-id=\"67dfa2f\" data-element_type=\"widget\" data-widget_type=\"text-editor.default\">\n\t\t\t\t<div class=\"elementor-widget-container\">\n\t\t\t\t\t\t\t\t\t<p style=\"text-align: right;\"><em>Geometry<\/em>, Frans Floris (1557)<\/p>\t\t\t\t\t\t\t\t<\/div>\n\t\t\t\t<\/div>\n\t\t\t\t<div class=\"elementor-element elementor-element-0375d2b elementor-widget__width-initial elementor-widget elementor-widget-heading\" data-id=\"0375d2b\" data-element_type=\"widget\" data-widget_type=\"heading.default\">\n\t\t\t\t<div class=\"elementor-widget-container\">\n\t\t\t\t\t<h2 class=\"elementor-heading-title elementor-size-default\">Estudios sobre Europa, <br>el mundo mediterr\u00e1neo<br>y su difusi\u00f3n atl\u00e1ntica<br>(HUM 680)<\/h2>\t\t\t\t<\/div>\n\t\t\t\t<\/div>\n\t\t\t\t\t<\/div>\n\t\t<\/div>\n\t\t\t\t\t<\/div>\n\t\t<\/section>\n\t\t\t\t<section class=\"elementor-section elementor-top-section elementor-element elementor-element-b4c3fc4 elementor-section-boxed elementor-section-height-default elementor-section-height-default\" data-id=\"b4c3fc4\" data-element_type=\"section\">\n\t\t\t\t\t\t<div class=\"elementor-container elementor-column-gap-default\">\n\t\t\t\t\t<div class=\"elementor-column elementor-col-100 elementor-top-column elementor-element elementor-element-c43fbbc\" data-id=\"c43fbbc\" data-element_type=\"column\">\n\t\t\t<div class=\"elementor-widget-wrap elementor-element-populated\">\n\t\t\t\t\t\t<div class=\"elementor-element elementor-element-4e220a7 elementor-widget elementor-widget-heading\" data-id=\"4e220a7\" data-element_type=\"widget\" data-widget_type=\"heading.default\">\n\t\t\t\t<div class=\"elementor-widget-container\">\n\t\t\t\t\t<h2 class=\"elementor-heading-title elementor-size-default\">Cristina Hern\u00e1ndez Casado<\/h2>\t\t\t\t<\/div>\n\t\t\t\t<\/div>\n\t\t\t\t\t<\/div>\n\t\t<\/div>\n\t\t\t\t\t<\/div>\n\t\t<\/section>\n\t\t\t\t<section class=\"elementor-section elementor-top-section elementor-element elementor-element-6ac1296 elementor-section-boxed elementor-section-height-default elementor-section-height-default\" data-id=\"6ac1296\" data-element_type=\"section\">\n\t\t\t\t\t\t<div class=\"elementor-container elementor-column-gap-default\">\n\t\t\t\t\t<div class=\"elementor-column elementor-col-50 elementor-top-column elementor-element elementor-element-c8b7d06\" data-id=\"c8b7d06\" data-element_type=\"column\" data-settings=\"{&quot;background_background&quot;:&quot;gradient&quot;}\">\n\t\t\t<div class=\"elementor-widget-wrap elementor-element-populated\">\n\t\t\t\t\t\t<div class=\"elementor-element elementor-element-07619b4 elementor-widget elementor-widget-image\" data-id=\"07619b4\" data-element_type=\"widget\" data-widget_type=\"image.default\">\n\t\t\t\t<div class=\"elementor-widget-container\">\n\t\t\t\t\t\t\t\t\t\t\t\t\t\t\t<img fetchpriority=\"high\" decoding=\"async\" width=\"1080\" height=\"1080\" src=\"https:\/\/www.upo.es\/investiga\/HUM-680\/wp-content\/uploads\/2025\/12\/Cristina-Hernandez-Casado.jpeg\" class=\"attachment-2048x2048 size-2048x2048 wp-image-4832\" alt=\"\" srcset=\"https:\/\/www.upo.es\/investiga\/HUM-680\/wp-content\/uploads\/2025\/12\/Cristina-Hernandez-Casado.jpeg 1080w, https:\/\/www.upo.es\/investiga\/HUM-680\/wp-content\/uploads\/2025\/12\/Cristina-Hernandez-Casado-300x300.jpeg 300w, https:\/\/www.upo.es\/investiga\/HUM-680\/wp-content\/uploads\/2025\/12\/Cristina-Hernandez-Casado-1024x1024.jpeg 1024w, https:\/\/www.upo.es\/investiga\/HUM-680\/wp-content\/uploads\/2025\/12\/Cristina-Hernandez-Casado-150x150.jpeg 150w, https:\/\/www.upo.es\/investiga\/HUM-680\/wp-content\/uploads\/2025\/12\/Cristina-Hernandez-Casado-768x768.jpeg 768w, https:\/\/www.upo.es\/investiga\/HUM-680\/wp-content\/uploads\/2025\/12\/Cristina-Hernandez-Casado-650x650.jpeg 650w\" sizes=\"(max-width: 1080px) 100vw, 1080px\" \/>\t\t\t\t\t\t\t\t\t\t\t\t\t\t\t<\/div>\n\t\t\t\t<\/div>\n\t\t\t\t\t<\/div>\n\t\t<\/div>\n\t\t\t\t<div class=\"elementor-column elementor-col-50 elementor-top-column elementor-element elementor-element-1e6409a\" data-id=\"1e6409a\" data-element_type=\"column\">\n\t\t\t<div class=\"elementor-widget-wrap elementor-element-populated\">\n\t\t\t\t\t\t<div class=\"elementor-element elementor-element-2234d27 elementor-widget elementor-widget-text-editor\" data-id=\"2234d27\" data-element_type=\"widget\" data-widget_type=\"text-editor.default\">\n\t\t\t\t<div class=\"elementor-widget-container\">\n\t\t\t\t\t\t\t\t\t<p style=\"text-align: justify;\">Cristina Hern\u00e1ndez Casado holds a PhD in History from the Universidad Complutense de Madrid (with special honors). She was a postdoctoral researcher at the Universidad de Burgos (National Project <em>\u00c1mbitos literarios de sociabilidad en el Siglo de Oro<\/em>) and at the Universidad Aut\u00f3noma de Barcelona (ERC Project BADEMS &#8211; <em>The Cultural History of the Black African Diaspora in Early Modern Spain<\/em>). She has also been a visiting researcher at Universidad Pablo de Olavide, Universidad de Sevilla, Universidade de Lisboa, and Universidade Nova de Lisboa.\u00a0<\/p><p style=\"text-align: justify;\">Her research focuses on 17th-century businessmen and women (especially Portuguese Jewish converts), Atlantic trade, network analysis, and social promotion strategies in the Spanish Monarchy, all studied from a transnational perspective. In recent years, she has also worked on the social dimensions of Black and Romani communities and their cultural role in the Iberian Peninsula during the 16th and 17th centuries.<\/p><p style=\"text-align: justify;\">The results of his research are reflected in book chapters, articles, and monographs in high-impact journals, as well as in the publication of his monograph <em>Capital y poder en la Monarqu\u00eda Hisp\u00e1nica (1580-1660)<\/em>. <em>Jorge de Paz Silveira, los hermanos Pasari\u00f1o y las redes de negocio judeoconversas<\/em> (Murcia, EDITUM, 2024).<\/p>\t\t\t\t\t\t\t\t<\/div>\n\t\t\t\t<\/div>\n\t\t\t\t<section class=\"elementor-section elementor-inner-section elementor-element elementor-element-e26a8bb elementor-section-boxed elementor-section-height-default elementor-section-height-default\" data-id=\"e26a8bb\" data-element_type=\"section\">\n\t\t\t\t\t\t<div class=\"elementor-container elementor-column-gap-default\">\n\t\t\t\t\t<div class=\"elementor-column elementor-col-50 elementor-inner-column elementor-element elementor-element-0ea9dd9\" data-id=\"0ea9dd9\" data-element_type=\"column\">\n\t\t\t<div class=\"elementor-widget-wrap elementor-element-populated\">\n\t\t\t\t\t\t<section class=\"elementor-section elementor-inner-section elementor-element elementor-element-641c211 elementor-section-boxed elementor-section-height-default elementor-section-height-default\" data-id=\"641c211\" data-element_type=\"section\">\n\t\t\t\t\t\t<div class=\"elementor-container elementor-column-gap-default\">\n\t\t\t\t\t<div class=\"elementor-column elementor-col-50 elementor-inner-column elementor-element elementor-element-e303db1\" data-id=\"e303db1\" data-element_type=\"column\">\n\t\t\t<div class=\"elementor-widget-wrap elementor-element-populated\">\n\t\t\t\t\t\t<div class=\"elementor-element elementor-element-926fbc2 elementor-widget elementor-widget-image\" data-id=\"926fbc2\" data-element_type=\"widget\" data-widget_type=\"image.default\">\n\t\t\t\t<div class=\"elementor-widget-container\">\n\t\t\t\t\t\t\t\t\t\t\t\t\t\t\t\t<a href=\"https:\/\/scholar.google.com\/citations?user=A5f3uDAAAAAJ\">\n\t\t\t\t\t\t\t<img decoding=\"async\" width=\"150\" height=\"150\" src=\"https:\/\/www.upo.es\/investiga\/HUM-680\/wp-content\/uploads\/2025\/12\/Google_Scholar_logo.svg-150x150.png\" class=\"elementor-animation-grow attachment-thumbnail size-thumbnail wp-image-4853\" alt=\"\" srcset=\"https:\/\/www.upo.es\/investiga\/HUM-680\/wp-content\/uploads\/2025\/12\/Google_Scholar_logo.svg-150x150.png 150w, https:\/\/www.upo.es\/investiga\/HUM-680\/wp-content\/uploads\/2025\/12\/Google_Scholar_logo.svg-300x300.png 300w, https:\/\/www.upo.es\/investiga\/HUM-680\/wp-content\/uploads\/2025\/12\/Google_Scholar_logo.svg-1024x1024.png 1024w, https:\/\/www.upo.es\/investiga\/HUM-680\/wp-content\/uploads\/2025\/12\/Google_Scholar_logo.svg-768x768.png 768w, https:\/\/www.upo.es\/investiga\/HUM-680\/wp-content\/uploads\/2025\/12\/Google_Scholar_logo.svg-650x650.png 650w, https:\/\/www.upo.es\/investiga\/HUM-680\/wp-content\/uploads\/2025\/12\/Google_Scholar_logo.svg.png 1200w\" sizes=\"(max-width: 150px) 100vw, 150px\" \/>\t\t\t\t\t\t\t\t<\/a>\n\t\t\t\t\t\t\t\t\t\t\t\t\t\t\t<\/div>\n\t\t\t\t<\/div>\n\t\t\t\t\t<\/div>\n\t\t<\/div>\n\t\t\t\t<div class=\"elementor-column elementor-col-50 elementor-inner-column elementor-element elementor-element-a0a4d5a\" data-id=\"a0a4d5a\" data-element_type=\"column\">\n\t\t\t<div class=\"elementor-widget-wrap elementor-element-populated\">\n\t\t\t\t\t\t<div class=\"elementor-element elementor-element-5d48d4d elementor-widget elementor-widget-image\" data-id=\"5d48d4d\" data-element_type=\"widget\" data-widget_type=\"image.default\">\n\t\t\t\t<div class=\"elementor-widget-container\">\n\t\t\t\t\t\t\t\t\t\t\t\t\t\t\t\t<a href=\"https:\/\/ucm.academia.edu\/CristinaHern%C3%A1ndezCasado\">\n\t\t\t\t\t\t\t<img decoding=\"async\" width=\"360\" height=\"270\" src=\"https:\/\/www.upo.es\/investiga\/HUM-680\/wp-content\/uploads\/2023\/11\/1_wnzfchY0lc5EIUoOPENhTw.png\" class=\"elementor-animation-grow attachment-large size-large wp-image-2056\" alt=\"\" srcset=\"https:\/\/www.upo.es\/investiga\/HUM-680\/wp-content\/uploads\/2023\/11\/1_wnzfchY0lc5EIUoOPENhTw.png 360w, https:\/\/www.upo.es\/investiga\/HUM-680\/wp-content\/uploads\/2023\/11\/1_wnzfchY0lc5EIUoOPENhTw-300x225.png 300w\" sizes=\"(max-width: 360px) 100vw, 360px\" \/>\t\t\t\t\t\t\t\t<\/a>\n\t\t\t\t\t\t\t\t\t\t\t\t\t\t\t<\/div>\n\t\t\t\t<\/div>\n\t\t\t\t\t<\/div>\n\t\t<\/div>\n\t\t\t\t\t<\/div>\n\t\t<\/section>\n\t\t\t\t\t<\/div>\n\t\t<\/div>\n\t\t\t\t<div class=\"elementor-column elementor-col-50 elementor-inner-column elementor-element elementor-element-c8322c6\" data-id=\"c8322c6\" data-element_type=\"column\">\n\t\t\t<div class=\"elementor-widget-wrap elementor-element-populated\">\n\t\t\t\t\t\t<section class=\"elementor-section elementor-inner-section elementor-element elementor-element-c5294ea elementor-section-boxed elementor-section-height-default elementor-section-height-default\" data-id=\"c5294ea\" data-element_type=\"section\">\n\t\t\t\t\t\t<div class=\"elementor-container elementor-column-gap-default\">\n\t\t\t\t\t<div class=\"elementor-column elementor-col-50 elementor-inner-column elementor-element elementor-element-96013f3\" data-id=\"96013f3\" data-element_type=\"column\">\n\t\t\t<div class=\"elementor-widget-wrap elementor-element-populated\">\n\t\t\t\t\t\t<div class=\"elementor-element elementor-element-b979d1d elementor-widget elementor-widget-image\" data-id=\"b979d1d\" data-element_type=\"widget\" data-widget_type=\"image.default\">\n\t\t\t\t<div class=\"elementor-widget-container\">\n\t\t\t\t\t\t\t\t\t\t\t\t\t\t\t\t<a href=\"https:\/\/orcid.org\/0000-0001-8003-2931\">\n\t\t\t\t\t\t\t<img loading=\"lazy\" decoding=\"async\" width=\"150\" height=\"150\" src=\"https:\/\/www.upo.es\/investiga\/HUM-680\/wp-content\/uploads\/2023\/11\/logo-ORCID-150x150.png\" class=\"elementor-animation-grow attachment-thumbnail size-thumbnail wp-image-2059\" alt=\"\" srcset=\"https:\/\/www.upo.es\/investiga\/HUM-680\/wp-content\/uploads\/2023\/11\/logo-ORCID-150x150.png 150w, https:\/\/www.upo.es\/investiga\/HUM-680\/wp-content\/uploads\/2023\/11\/logo-ORCID-300x300.png 300w, https:\/\/www.upo.es\/investiga\/HUM-680\/wp-content\/uploads\/2023\/11\/logo-ORCID-768x768.png 768w, https:\/\/www.upo.es\/investiga\/HUM-680\/wp-content\/uploads\/2023\/11\/logo-ORCID.png 800w\" sizes=\"(max-width: 150px) 100vw, 150px\" \/>\t\t\t\t\t\t\t\t<\/a>\n\t\t\t\t\t\t\t\t\t\t\t\t\t\t\t<\/div>\n\t\t\t\t<\/div>\n\t\t\t\t\t<\/div>\n\t\t<\/div>\n\t\t\t\t<div class=\"elementor-column elementor-col-50 elementor-inner-column elementor-element elementor-element-c5e08dd\" data-id=\"c5e08dd\" data-element_type=\"column\">\n\t\t\t<div class=\"elementor-widget-wrap elementor-element-populated\">\n\t\t\t\t\t\t<div class=\"elementor-element elementor-element-bfb7118 elementor-widget elementor-widget-image\" data-id=\"bfb7118\" data-element_type=\"widget\" data-widget_type=\"image.default\">\n\t\t\t\t<div class=\"elementor-widget-container\">\n\t\t\t\t\t\t\t\t\t\t\t\t\t\t\t\t<a href=\"https:\/\/dialnet.unirioja.es\/servlet\/autor?codigo=4741255\">\n\t\t\t\t\t\t\t<img loading=\"lazy\" decoding=\"async\" width=\"150\" height=\"150\" src=\"https:\/\/www.upo.es\/investiga\/HUM-680\/wp-content\/uploads\/2023\/11\/dialnet-logo-150x150.png\" class=\"elementor-animation-grow attachment-thumbnail size-thumbnail wp-image-2057\" alt=\"\" srcset=\"https:\/\/www.upo.es\/investiga\/HUM-680\/wp-content\/uploads\/2023\/11\/dialnet-logo-150x150.png 150w, https:\/\/www.upo.es\/investiga\/HUM-680\/wp-content\/uploads\/2023\/11\/dialnet-logo-300x300.png 300w, https:\/\/www.upo.es\/investiga\/HUM-680\/wp-content\/uploads\/2023\/11\/dialnet-logo.png 400w\" sizes=\"(max-width: 150px) 100vw, 150px\" \/>\t\t\t\t\t\t\t\t<\/a>\n\t\t\t\t\t\t\t\t\t\t\t\t\t\t\t<\/div>\n\t\t\t\t<\/div>\n\t\t\t\t\t<\/div>\n\t\t<\/div>\n\t\t\t\t\t<\/div>\n\t\t<\/section>\n\t\t\t\t\t<\/div>\n\t\t<\/div>\n\t\t\t\t\t<\/div>\n\t\t<\/section>\n\t\t\t\t\t<\/div>\n\t\t<\/div>\n\t\t\t\t\t<\/div>\n\t\t<\/section>\n\t\t\t\t<\/div>\n\t\t","protected":false},"excerpt":{"rendered":"<p>Geometry, Frans Floris (1557) Estudios sobre Europa, el mundo mediterr\u00e1neoy su difusi\u00f3n atl\u00e1ntica(HUM 680) Cristina Hern\u00e1ndez Casado Cristina Hern\u00e1ndez Casado holds a PhD in History from the Universidad Complutense de Madrid (with special honors). She was a postdoctoral researcher at the Universidad de Burgos (National Project \u00c1mbitos literarios de sociabilidad [&hellip;]<\/p>\n","protected":false},"author":1,"featured_media":0,"parent":0,"menu_order":0,"comment_status":"closed","ping_status":"closed","template":"page-templates\/template-pagebuilder-full-width.php","meta":{"footnotes":""},"_links":{"self":[{"href":"https:\/\/www.upo.es\/investiga\/HUM-680\/wp-json\/wp\/v2\/pages\/4866"}],"collection":[{"href":"https:\/\/www.upo.es\/investiga\/HUM-680\/wp-json\/wp\/v2\/pages"}],"about":[{"href":"https:\/\/www.upo.es\/investiga\/HUM-680\/wp-json\/wp\/v2\/types\/page"}],"author":[{"embeddable":true,"href":"https:\/\/www.upo.es\/investiga\/HUM-680\/wp-json\/wp\/v2\/users\/1"}],"replies":[{"embeddable":true,"href":"https:\/\/www.upo.es\/investiga\/HUM-680\/wp-json\/wp\/v2\/comments?post=4866"}],"version-history":[{"count":4,"href":"https:\/\/www.upo.es\/investiga\/HUM-680\/wp-json\/wp\/v2\/pages\/4866\/revisions"}],"predecessor-version":[{"id":4871,"href":"https:\/\/www.upo.es\/investiga\/HUM-680\/wp-json\/wp\/v2\/pages\/4866\/revisions\/4871"}],"wp:attachment":[{"href":"https:\/\/www.upo.es\/investiga\/HUM-680\/wp-json\/wp\/v2\/media?parent=4866"}],"curies":[{"name":"wp","href":"https:\/\/api.w.org\/{rel}","templated":true}]}}