{"id":983,"date":"2023-08-10T09:22:19","date_gmt":"2023-08-10T09:22:19","guid":{"rendered":"https:\/\/www.upo.es\/investiga\/HUM-680\/?page_id=983"},"modified":"2025-12-22T21:13:52","modified_gmt":"2025-12-22T21:13:52","slug":"calendar","status":"publish","type":"page","link":"https:\/\/www.upo.es\/investiga\/HUM-680\/en\/calendar\/","title":{"rendered":"Calendar"},"content":{"rendered":"\t\t<div data-elementor-type=\"wp-page\" data-elementor-id=\"983\" class=\"elementor elementor-983\">\n\t\t\t\t\t\t<section class=\"elementor-section elementor-top-section elementor-element elementor-element-373f32a elementor-section-full_width elementor-section-stretched elementor-section-height-default elementor-section-height-default\" data-id=\"373f32a\" data-element_type=\"section\" data-settings=\"{&quot;stretch_section&quot;:&quot;section-stretched&quot;,&quot;background_background&quot;:&quot;classic&quot;}\">\n\t\t\t\t\t\t<div class=\"elementor-container elementor-column-gap-default\">\n\t\t\t\t\t<div class=\"elementor-column elementor-col-100 elementor-top-column elementor-element elementor-element-b5ab6a2\" data-id=\"b5ab6a2\" data-element_type=\"column\">\n\t\t\t<div class=\"elementor-widget-wrap elementor-element-populated\">\n\t\t\t\t\t\t<div class=\"elementor-element elementor-element-1c68086 elementor-widget elementor-widget-text-editor\" data-id=\"1c68086\" data-element_type=\"widget\" data-widget_type=\"text-editor.default\">\n\t\t\t\t<div class=\"elementor-widget-container\">\n\t\t\t\t\t\t\t\t\t<p style=\"text-align: right;\"><em>Geometry<\/em>, Frans Floris (1557)<\/p>\t\t\t\t\t\t\t\t<\/div>\n\t\t\t\t<\/div>\n\t\t\t\t<div class=\"elementor-element elementor-element-d2dfeaa elementor-widget__width-initial elementor-widget elementor-widget-heading\" data-id=\"d2dfeaa\" data-element_type=\"widget\" data-widget_type=\"heading.default\">\n\t\t\t\t<div class=\"elementor-widget-container\">\n\t\t\t\t\t<h2 class=\"elementor-heading-title elementor-size-default\">Estudios sobre Europa, <br>el mundo mediterr\u00e1neo<br>y su difusi\u00f3n atl\u00e1ntica<br>(HUM 680)<\/h2>\t\t\t\t<\/div>\n\t\t\t\t<\/div>\n\t\t\t\t\t<\/div>\n\t\t<\/div>\n\t\t\t\t\t<\/div>\n\t\t<\/section>\n\t\t\t\t<section class=\"elementor-section elementor-top-section elementor-element elementor-element-07a6114 elementor-section-full_width elementor-section-stretched elementor-section-height-default elementor-section-height-default\" data-id=\"07a6114\" data-element_type=\"section\" data-settings=\"{&quot;stretch_section&quot;:&quot;section-stretched&quot;}\">\n\t\t\t\t\t\t<div class=\"elementor-container elementor-column-gap-default\">\n\t\t\t\t\t<div class=\"elementor-column elementor-col-100 elementor-top-column elementor-element elementor-element-ddff692\" data-id=\"ddff692\" data-element_type=\"column\">\n\t\t\t<div class=\"elementor-widget-wrap elementor-element-populated\">\n\t\t\t\t\t\t<div class=\"elementor-element elementor-element-b7e448d elementor-widget elementor-widget-spacer\" data-id=\"b7e448d\" data-element_type=\"widget\" data-widget_type=\"spacer.default\">\n\t\t\t\t<div class=\"elementor-widget-container\">\n\t\t\t\t\t\t\t<div class=\"elementor-spacer\">\n\t\t\t<div class=\"elementor-spacer-inner\"><\/div>\n\t\t<\/div>\n\t\t\t\t\t\t<\/div>\n\t\t\t\t<\/div>\n\t\t\t\t\t<\/div>\n\t\t<\/div>\n\t\t\t\t\t<\/div>\n\t\t<\/section>\n\t\t\t\t<section class=\"elementor-section elementor-top-section elementor-element elementor-element-8f0a4a8 elementor-section-full_width elementor-section-stretched elementor-section-height-default elementor-section-height-default\" data-id=\"8f0a4a8\" data-element_type=\"section\" data-settings=\"{&quot;stretch_section&quot;:&quot;section-stretched&quot;}\">\n\t\t\t\t\t\t<div class=\"elementor-container elementor-column-gap-default\">\n\t\t\t\t\t<div class=\"elementor-column elementor-col-100 elementor-top-column elementor-element elementor-element-ee70ec3\" data-id=\"ee70ec3\" data-element_type=\"column\">\n\t\t\t<div class=\"elementor-widget-wrap elementor-element-populated\">\n\t\t\t\t\t\t<div class=\"elementor-element elementor-element-538fbe6 elementor-widget elementor-widget-heading\" data-id=\"538fbe6\" data-element_type=\"widget\" data-widget_type=\"heading.default\">\n\t\t\t\t<div class=\"elementor-widget-container\">\n\t\t\t\t\t<h2 class=\"elementor-heading-title elementor-size-default\">Events calendar<\/h2>\t\t\t\t<\/div>\n\t\t\t\t<\/div>\n\t\t\t\t<div class=\"elementor-element elementor-element-3a3fed0 elementor-widget elementor-widget-the-events-calendar-addon\" data-id=\"3a3fed0\" data-element_type=\"widget\" data-widget_type=\"the-events-calendar-addon.default\">\n\t\t\t\t<div class=\"elementor-widget-container\">\n\t\t\t\t\t<div class=\"ectbe-calendar-wrapper\"><div class=\"ectbe_calendar_events_spinner\"><img decoding=\"async\" src=\"https:\/\/www.upo.es\/investiga\/HUM-680\/wp-content\/plugins\/events-widgets-for-elementor-and-the-events-calendar\/assets\/images\/ectbe-preloader.gif\"><\/div><div id=\"ectbe-event-calendar-3a3fed0\" class=\"ectbe-event-calendar-cls\" data-cal_id=\"3a3fed0\" data-locale=\"es\" data-defaultview=\"dayGridMonth\" data-first_day=\"1\" data-daterange=\"\" data-rangestart=\"\" data-rangeend=\"\" data-max_events=\"\" data-ev_category=\"[&quot;all&quot;]\" data-textcolor=\"#FFFFFF\" data-color=\"#9A0000\"><\/div><div id=\"ectbe-popup-wraper\" class=\"ectbe-modal ectbe-zoom-in\">\n            <div class=\"ectbe-ec-modal-bg\"><\/div>\n            <div class=\"ectbe-modal-content\">\n                <div class=\"ectbe-featured-img\"><\/div>\n                <div class=\"ectbe-modal-header\">                    \n                    <div class=\"ectbe-modal-close\"><span>X<\/span><\/div>\n                    <h2 class=\"ectbe-ec-modal-title\"><\/h2>\n                    <span class=\"ectbe-event-date-start ectbe-event-popup-date\"><\/span>\n                    <span class=\"ectbe-event-date-end ectbe-event-popup-date\"><\/span>\n                <\/div>\n                <div class=\"ectbe-modal-body\">\n                    <span class=\"ectbe-cost\"><\/span>\n                    <p><\/p>\n                <\/div><\/div>\n        <\/div><\/div>\t\t\t\t<\/div>\n\t\t\t\t<\/div>\n\t\t\t\t<div class=\"elementor-element elementor-element-096cbcc cpel-lv--yes elementor-widget elementor-widget-the-events-calendar-addon\" data-id=\"096cbcc\" data-element_type=\"widget\" data-widget_type=\"the-events-calendar-addon.default\">\n\t\t\t\t<div class=\"elementor-widget-container\">\n\t\t\t\t\t<!=========Events list Template 1.7.3=========><script type=\"application\/ld+json\">\r\n[{\"@context\":\"http:\/\/schema.org\",\"@type\":\"Event\",\"name\":\"Seminario: (In)movilidades. Experiencias de movimiento y estasis en los mundos ib\\u00e9ricos modernos desde una perspectiva de g\\u00e9nero interseccional, 20-21 de mayo de 2026\",\"description\":\"&lt;p&gt;El grupo PAIDI HUM 680 les invita al seminario\\u00a0(In)movilidades. Experiencias de movimiento y estasis en los mundos ib\\u00e9ricos modernos desde una perspectiva de g\\u00e9nero interseccional, que tendr\\u00e1 lugar entre el 20 y 21 de mayo en la Universidad Pablo de Olavide. El seminario est\\u00e1 dirigido por y contar\\u00e1 con las [&hellip;]&lt;\/p&gt;\\\\n\",\"image\":\"https:\/\/www.upo.es\/investiga\/HUM-680\/wp-content\/uploads\/2026\/05\/Poster-Inmovilidades.-2.0_compressed_page-0001-scaled.jpg\",\"url\":\"https:\/\/www.upo.es\/investiga\/HUM-680\/event\/seminario-inmovilidades-experiencias-de-movimiento-y-estasis-en-los-mundos-ibericos-modernos-desde-una-perspectiva-de-genero-interseccional-20-21-de-mayo-de-2026\/\",\"eventAttendanceMode\":\"https:\/\/schema.org\/OfflineEventAttendanceMode\",\"eventStatus\":\"https:\/\/schema.org\/EventScheduled\",\"startDate\":\"2026-05-20T00:00:00+00:00\",\"endDate\":\"2026-05-21T23:59:59+00:00\",\"location\":{\"@type\":\"Place\",\"name\":\"Universidad Pablo de Olavide\",\"description\":\"\",\"url\":\"\",\"address\":{\"@type\":\"PostalAddress\",\"streetAddress\":\"Av. Rectora Rosario Valpuesta Fern\\u00e1ndez, 1, 41089 Dos Hermanas, Sevilla\",\"addressLocality\":\"Dos Hermanas\",\"addressRegion\":\"Sevilla\",\"postalCode\":\"41089\",\"addressCountry\":\"Spain\"},\"telephone\":\"\",\"sameAs\":\"\"},\"performer\":\"Organization\"},{\"@context\":\"http:\/\/schema.org\",\"@type\":\"Event\",\"name\":\"Workshop: The Culture of Suspicion: Suspects in the Age of Revolutions II, 26 de mayo de 2026\",\"description\":\"&lt;p&gt;EL grupo PAIDI HUM 680 les invita a la Workshop\\u00a0The Culture of Suspicion: Suspects in the Age of Revolutions II, que tendr\\u00e1 lugar el pr\\u00f3ximo 26 de mayo. En ella, participar\\u00e1 nuestro miembro Pablo Hern\\u00e1ndez Sau con su intervenci\\u00f3n titulada \\u00abMovimientos sospechosos. Reglamentos policiales y mecanismos judiciales en la persecuci\\u00f3n [&hellip;]&lt;\/p&gt;\\\\n\",\"image\":\"https:\/\/www.upo.es\/investiga\/HUM-680\/wp-content\/uploads\/2026\/04\/Program_page-0001-scaled.jpg\",\"url\":\"https:\/\/www.upo.es\/investiga\/HUM-680\/event\/workshop-the-culture-of-suspicion-suspects-in-the-age-of-revolutions-ii-26-de-mayo-de-2026\/\",\"eventAttendanceMode\":\"https:\/\/schema.org\/OfflineEventAttendanceMode\",\"eventStatus\":\"https:\/\/schema.org\/EventScheduled\",\"startDate\":\"2026-05-26T00:00:00+00:00\",\"endDate\":\"2026-05-26T23:59:59+00:00\",\"performer\":\"Organization\"},{\"@context\":\"http:\/\/schema.org\",\"@type\":\"Event\",\"name\":\"Seminario Interinstitucional sobre las Am\\u00e9ricas y Asia coloniales\",\"description\":\"&lt;p&gt;El grupo PAIDI HUM 680 les invita a las sesiones del Seminario Interstitucional sobre las Am\\u00e9ricas y Asia coloniales, concretamente a la sesi\\u00f3n del 29 de mayo de 2026 donde participar\\u00e1 nuestra miembro Mariana Ladr\\u00f3n de Guevara Zuzunaga.&lt;\/p&gt;\\\\n\",\"image\":\"https:\/\/www.upo.es\/investiga\/HUM-680\/wp-content\/uploads\/2026\/01\/Affiche-se\\u0301minaire-RISAAC-2026_page-0001-scaled.jpg\",\"url\":\"https:\/\/www.upo.es\/investiga\/HUM-680\/event\/seminario-interinstitucional-sobre-las-americas-y-asia-coloniales\/\",\"eventAttendanceMode\":\"https:\/\/schema.org\/OfflineEventAttendanceMode\",\"eventStatus\":\"https:\/\/schema.org\/EventScheduled\",\"startDate\":\"2026-05-29T00:00:00+00:00\",\"endDate\":\"2026-05-29T23:59:59+00:00\",\"performer\":\"Organization\"},{\"@context\":\"http:\/\/schema.org\",\"@type\":\"Event\",\"name\":\"Ciclo de conferencias: Laboratorio de Mundos Coloniales y Modernos (2026)\",\"description\":\"&lt;p&gt;El grupo PAIDI HUM 680 les hace part\\u00edcipes del ciclo de conferencias Laboratorio de Mundos Coloniales y Modernos de este a\\u00f1o 2026 de la Universidad Cat\\u00f3lica de Chile. En \\u00e9l, participar\\u00e1 nuestra miembro Mariana Ladr\\u00f3n de Guevara Zuzunaga el d\\u00eda 2 de noviembre con su intervenci\\u00f3n\\u00a0Medrar al amparo del virrey: [&hellip;]&lt;\/p&gt;\\\\n\",\"image\":\"https:\/\/www.upo.es\/investiga\/HUM-680\/wp-content\/uploads\/2026\/03\/Programa-LMCYM-2026-1-pdf-1.jpg\",\"url\":\"https:\/\/www.upo.es\/investiga\/HUM-680\/event\/ciclo-de-conferencias-laboratorio-de-mundos-coloniales-y-modernos-2026\/\",\"eventAttendanceMode\":\"https:\/\/schema.org\/OfflineEventAttendanceMode\",\"eventStatus\":\"https:\/\/schema.org\/EventScheduled\",\"startDate\":\"2026-11-02T00:00:00+00:00\",\"endDate\":\"2026-11-02T23:59:59+00:00\",\"performer\":\"Organization\"}]\r\n<\/script><div id=\"ectbe-wrapper-096cbcc\" class=\"ectbe-wrapper ectbe-list-wrapper style-2\"><div class=\"ectbe-month-header ectbe-simple-event\">noviembre 2026<\/div><div id=\"event-5529\" class=\"ectbe-inner-wrapper ectbe-simple-event\"><div id=\"ectbe-date\" class=\"ectbe-date-area\">\n\t\t\t\t\t\t<span class=\"ectbe-ev-mo\">Nov<\/span>\n\t\t\t\t\t\t<span class=\"ectbe-ev-day\">02<\/span>\n\t\t\t\t\t<\/div><div class=\"ectbe-content-box\"><div class=\"ectbe-date-area\">\n\t\t<span class=\"ectbe-ev-day\">02<\/span>\n\t\t<span class=\"ectbe-ev-mo\">noviembre<\/span>\n\t\t<span class=\"ectbe-ev-yr\">2026<\/span><\/div><div class=\"ectbe-evt-title\"><a class=\"ectbe-evt-url\" href=\"https:\/\/www.upo.es\/investiga\/HUM-680\/event\/ciclo-de-conferencias-laboratorio-de-mundos-coloniales-y-modernos-2026\/\">Ciclo de conferencias: Laboratorio de Mundos Coloniales y Modernos (2026)<\/a><\/div><div class=\"ectbe-evt-description\"><p>El grupo PAIDI HUM 680 les hace part\u00edcipes del ciclo de conferencias Laboratorio de Mundos Coloniales y Modernos de este a\u00f1o 2026 de la Universidad Cat\u00f3lica de Chile. En \u00e9l, participar\u00e1 nuestra miembro Mariana Ladr\u00f3n de Guevara Zuzunaga el d\u00eda 2 de noviembre con su intervenci\u00f3n\u00a0Medrar al amparo del virrey: [&hellip;]<\/p>\n<\/div><div class=\"ectbe-evt-more-box\"><a class=\"ectbe-evt-read-more\" href=\"https:\/\/www.upo.es\/investiga\/HUM-680\/event\/ciclo-de-conferencias-laboratorio-de-mundos-coloniales-y-modernos-2026\/\">Find out more<\/a><\/div><\/div><div class=\"ectbe-evt-img\"><img decoding=\"async\" src=\"https:\/\/www.upo.es\/investiga\/HUM-680\/wp-content\/uploads\/2026\/03\/Programa-LMCYM-2026-1-pdf-1-724x1024.jpg\" alt=\"\" \/><\/div><\/div><div class=\"ectbe-month-header ectbe-simple-event\">mayo 2026<\/div><div id=\"event-5258\" class=\"ectbe-inner-wrapper ectbe-simple-event\"><div id=\"ectbe-date\" class=\"ectbe-date-area\">\n\t\t\t\t\t\t<span class=\"ectbe-ev-mo\">May<\/span>\n\t\t\t\t\t\t<span class=\"ectbe-ev-day\">29<\/span>\n\t\t\t\t\t<\/div><div class=\"ectbe-content-box\"><div class=\"ectbe-date-area\">\n\t\t<span class=\"ectbe-ev-day\">29<\/span>\n\t\t<span class=\"ectbe-ev-mo\">mayo<\/span>\n\t\t<span class=\"ectbe-ev-yr\">2026<\/span><\/div><div class=\"ectbe-evt-title\"><a class=\"ectbe-evt-url\" href=\"https:\/\/www.upo.es\/investiga\/HUM-680\/event\/seminario-interinstitucional-sobre-las-americas-y-asia-coloniales\/\">Seminario Interinstitucional sobre las Am\u00e9ricas y Asia coloniales<\/a><\/div><div class=\"ectbe-evt-description\"><p>El grupo PAIDI HUM 680 les invita a las sesiones del Seminario Interstitucional sobre las Am\u00e9ricas y Asia coloniales, concretamente a la sesi\u00f3n del 29 de mayo de 2026 donde participar\u00e1 nuestra miembro Mariana Ladr\u00f3n de Guevara Zuzunaga.<\/p>\n<\/div><div class=\"ectbe-evt-more-box\"><a class=\"ectbe-evt-read-more\" href=\"https:\/\/www.upo.es\/investiga\/HUM-680\/event\/seminario-interinstitucional-sobre-las-americas-y-asia-coloniales\/\">Find out more<\/a><\/div><\/div><div class=\"ectbe-evt-img\"><img decoding=\"async\" src=\"https:\/\/www.upo.es\/investiga\/HUM-680\/wp-content\/uploads\/2026\/01\/Affiche-se\u0301minaire-RISAAC-2026_page-0001-724x1024.jpg\" alt=\"\" \/><\/div><\/div><div id=\"event-5624\" class=\"ectbe-inner-wrapper ectbe-simple-event\"><div id=\"ectbe-date\" class=\"ectbe-date-area\">\n\t\t\t\t\t\t<span class=\"ectbe-ev-mo\">May<\/span>\n\t\t\t\t\t\t<span class=\"ectbe-ev-day\">26<\/span>\n\t\t\t\t\t<\/div><div class=\"ectbe-content-box\"><div class=\"ectbe-date-area\">\n\t\t<span class=\"ectbe-ev-day\">26<\/span>\n\t\t<span class=\"ectbe-ev-mo\">mayo<\/span>\n\t\t<span class=\"ectbe-ev-yr\">2026<\/span><\/div><div class=\"ectbe-evt-title\"><a class=\"ectbe-evt-url\" href=\"https:\/\/www.upo.es\/investiga\/HUM-680\/event\/workshop-the-culture-of-suspicion-suspects-in-the-age-of-revolutions-ii-26-de-mayo-de-2026\/\">Workshop: The Culture of Suspicion: Suspects in the Age of Revolutions II, 26 de mayo de 2026<\/a><\/div><div class=\"ectbe-evt-description\"><p>EL grupo PAIDI HUM 680 les invita a la Workshop\u00a0The Culture of Suspicion: Suspects in the Age of Revolutions II, que tendr\u00e1 lugar el pr\u00f3ximo 26 de mayo. En ella, participar\u00e1 nuestro miembro Pablo Hern\u00e1ndez Sau con su intervenci\u00f3n titulada \u00abMovimientos sospechosos. Reglamentos policiales y mecanismos judiciales en la persecuci\u00f3n [&hellip;]<\/p>\n<\/div><div class=\"ectbe-evt-more-box\"><a class=\"ectbe-evt-read-more\" href=\"https:\/\/www.upo.es\/investiga\/HUM-680\/event\/workshop-the-culture-of-suspicion-suspects-in-the-age-of-revolutions-ii-26-de-mayo-de-2026\/\">Find out more<\/a><\/div><\/div><div class=\"ectbe-evt-img\"><img decoding=\"async\" src=\"https:\/\/www.upo.es\/investiga\/HUM-680\/wp-content\/uploads\/2026\/04\/Program_page-0001-1024x724.jpg\" alt=\"\" \/><\/div><\/div><div id=\"event-5674\" class=\"ectbe-inner-wrapper ectbe-simple-event\"><div id=\"ectbe-date\" class=\"ectbe-date-area\">\n\t\t\t\t\t\t<span class=\"ectbe-ev-mo\">May<\/span>\n\t\t\t\t\t\t<span class=\"ectbe-ev-day\">20<\/span>\n\t\t\t\t\t<\/div><div class=\"ectbe-content-box\"><div class=\"ectbe-date-area\">\n\t\t<span class=\"ectbe-ev-day\">20<\/span>\n\t\t<span class=\"ectbe-ev-mo\">mayo<\/span>\n\t\t<span class=\"ectbe-ev-yr\">2026<\/span><span class=\"ectbe-ev-hyphon\"> - <\/span>\n\t\t\t<span class=\"ectbe-ev-day\">21<\/span>\n\t\t\t<span class=\"ectbe-ev-mo\">mayo<\/span>\n\t\t\t<span class=\"ectbe-ev-yr\">2026<\/span><\/div><div class=\"ectbe-evt-title\"><a class=\"ectbe-evt-url\" href=\"https:\/\/www.upo.es\/investiga\/HUM-680\/event\/seminario-inmovilidades-experiencias-de-movimiento-y-estasis-en-los-mundos-ibericos-modernos-desde-una-perspectiva-de-genero-interseccional-20-21-de-mayo-de-2026\/\">Seminario: (In)movilidades. Experiencias de movimiento y estasis en los mundos ib\u00e9ricos modernos desde una perspectiva de g\u00e9nero interseccional, 20-21 de mayo de 2026<\/a><\/div><div class=\"ectbe-evt-description\"><p>El grupo PAIDI HUM 680 les invita al seminario\u00a0(In)movilidades. Experiencias de movimiento y estasis en los mundos ib\u00e9ricos modernos desde una perspectiva de g\u00e9nero interseccional, que tendr\u00e1 lugar entre el 20 y 21 de mayo en la Universidad Pablo de Olavide. El seminario est\u00e1 dirigido por y contar\u00e1 con las [&hellip;]<\/p>\n<\/div><div class=\"ectbe-evt-more-box\"><a class=\"ectbe-evt-read-more\" href=\"https:\/\/www.upo.es\/investiga\/HUM-680\/event\/seminario-inmovilidades-experiencias-de-movimiento-y-estasis-en-los-mundos-ibericos-modernos-desde-una-perspectiva-de-genero-interseccional-20-21-de-mayo-de-2026\/\">Find out more<\/a><\/div><\/div><div class=\"ectbe-evt-img\"><img decoding=\"async\" src=\"https:\/\/www.upo.es\/investiga\/HUM-680\/wp-content\/uploads\/2026\/05\/Poster-Inmovilidades.-2.0_compressed_page-0001-724x1024.jpg\" alt=\"\" \/><\/div><\/div><div id=\"event-5620\" class=\"ectbe-inner-wrapper ectbe-simple-event\"><div id=\"ectbe-date\" class=\"ectbe-date-area\">\n\t\t\t\t\t\t<span class=\"ectbe-ev-mo\">May<\/span>\n\t\t\t\t\t\t<span class=\"ectbe-ev-day\">13<\/span>\n\t\t\t\t\t<\/div><div class=\"ectbe-content-box\"><div class=\"ectbe-date-area\">\n\t\t<span class=\"ectbe-ev-day\">13<\/span>\n\t\t<span class=\"ectbe-ev-mo\">mayo<\/span>\n\t\t<span class=\"ectbe-ev-yr\">2026<\/span><\/div><div class=\"ectbe-evt-title\"><a class=\"ectbe-evt-url\" href=\"https:\/\/www.upo.es\/investiga\/HUM-680\/event\/mesa-redonda-voces-negras-conspiracion-cooperacion-y-resistencias-en-la-luisiana-revolucionaria-13-de-marzo-de-2026\/\">Mesa redonda: Voces negras. Conspiraci\u00f3n, cooperaci\u00f3n y resistencias en la Luisiana revolucionaria, 13 de marzo de 2026<\/a><\/div><div class=\"ectbe-evt-description\"><p>El grupo PAIDI HUM 680 les invita a la mesa redonda\u00a0Voces negras. Conspiraci\u00f3n, cooperaci\u00f3n y resistencias en la Luisiana revolucionaria\u00a0que se celebrar\u00e1 el pr\u00f3ximo 13 de marzo de 2026 sobre la obra de Cosme J. G\u00f3mez Carrasco y nuestro miembro Pablo Hern\u00e1ndez Sau. M\u00e1s informaci\u00f3n\u00a0aqu\u00ed.<\/p>\n<\/div><div class=\"ectbe-evt-more-box\"><a class=\"ectbe-evt-read-more\" href=\"https:\/\/www.upo.es\/investiga\/HUM-680\/event\/mesa-redonda-voces-negras-conspiracion-cooperacion-y-resistencias-en-la-luisiana-revolucionaria-13-de-marzo-de-2026\/\">Find out more<\/a><\/div><\/div><div class=\"ectbe-evt-img\"><img decoding=\"async\" src=\"https:\/\/www.upo.es\/investiga\/HUM-680\/wp-content\/uploads\/2026\/04\/Table_ronde-Pablo-Cosme-Paris-2026_page-0001-724x1024.jpg\" alt=\"\" \/><\/div><\/div><div id=\"event-5662\" class=\"ectbe-inner-wrapper ectbe-simple-event\"><div id=\"ectbe-date\" class=\"ectbe-date-area\">\n\t\t\t\t\t\t<span class=\"ectbe-ev-mo\">May<\/span>\n\t\t\t\t\t\t<span class=\"ectbe-ev-day\">06<\/span>\n\t\t\t\t\t<\/div><div class=\"ectbe-content-box\"><div class=\"ectbe-date-area\">\n\t\t<span class=\"ectbe-ev-day\">06<\/span>\n\t\t<span class=\"ectbe-ev-mo\">mayo<\/span>\n\t\t<span class=\"ectbe-ev-yr\">2026<\/span><\/div><div class=\"ectbe-evt-title\"><a class=\"ectbe-evt-url\" href=\"https:\/\/www.upo.es\/investiga\/HUM-680\/event\/seminario-espacios-representaciones-agentes-y-resistencias-en-el-mundo-moderno-6-de-mayo-de-2026\/\">Seminario \u00abEspacios, representaciones, agentes y resistencias en el mundo moderno\u00bb, 6 de mayo de 2026<\/a><\/div><div class=\"ectbe-evt-description\"><p>El grupo PAIDI HUM 680 les invita a la sesi\u00f3n del Seminario \u00abEspacios, representaciones, agentes y resistencias en el mundo moderno\u00bb, que tendr\u00e1 lugar el mi\u00e9rcoles 6 de mayo en la sala Enriqueta Vila Vilar de la EEHA (Calle Alfonso XII, 16, Sevilla), con la intervenci\u00f3n de: Laura V\u00e1zquez Arregu\u00edn\u00a0(Rice [&hellip;]<\/p>\n<\/div><div class=\"ectbe-evt-more-box\"><a class=\"ectbe-evt-read-more\" href=\"https:\/\/www.upo.es\/investiga\/HUM-680\/event\/seminario-espacios-representaciones-agentes-y-resistencias-en-el-mundo-moderno-6-de-mayo-de-2026\/\">Find out more<\/a><\/div><\/div><div class=\"ectbe-evt-img\"><img decoding=\"async\" src=\"https:\/\/www.upo.es\/investiga\/HUM-680\/wp-content\/uploads\/2026\/05\/Seminario-Laura-Vazquez-Arreguin_page-0001-724x1024.jpg\" alt=\"\" \/><\/div><\/div><\/div>\t\t\t\t<\/div>\n\t\t\t\t<\/div>\n\t\t\t\t\t<\/div>\n\t\t<\/div>\n\t\t\t\t\t<\/div>\n\t\t<\/section>\n\t\t\t\t<section class=\"elementor-section elementor-top-section elementor-element elementor-element-d6e8519 elementor-section-boxed elementor-section-height-default elementor-section-height-default\" data-id=\"d6e8519\" data-element_type=\"section\">\n\t\t\t\t\t\t<div class=\"elementor-container elementor-column-gap-default\">\n\t\t\t\t\t<div class=\"elementor-column elementor-col-100 elementor-top-column elementor-element elementor-element-7df2a37\" data-id=\"7df2a37\" data-element_type=\"column\">\n\t\t\t<div class=\"elementor-widget-wrap elementor-element-populated\">\n\t\t\t\t\t\t<div class=\"elementor-element elementor-element-66f7dd9 elementor-widget elementor-widget-spacer\" data-id=\"66f7dd9\" data-element_type=\"widget\" data-widget_type=\"spacer.default\">\n\t\t\t\t<div class=\"elementor-widget-container\">\n\t\t\t\t\t\t\t<div class=\"elementor-spacer\">\n\t\t\t<div class=\"elementor-spacer-inner\"><\/div>\n\t\t<\/div>\n\t\t\t\t\t\t<\/div>\n\t\t\t\t<\/div>\n\t\t\t\t\t<\/div>\n\t\t<\/div>\n\t\t\t\t\t<\/div>\n\t\t<\/section>\n\t\t\t\t<\/div>\n\t\t","protected":false},"excerpt":{"rendered":"<p>Geometry, Frans Floris (1557) Estudios sobre Europa, el mundo mediterr\u00e1neoy su difusi\u00f3n atl\u00e1ntica(HUM 680) Events calendar X December 2025 Dec 18 18 December 2025Publicaci\u00f3n: The Asiento System and the Transatlantic Trade in Enslaved Africans (circa 1580\u20131750), 18 de diciembre de 2025 El grupo PAIDI HUM 680 les hace conocedores de [&hellip;]<\/p>\n","protected":false},"author":1,"featured_media":0,"parent":0,"menu_order":0,"comment_status":"closed","ping_status":"closed","template":"page-templates\/template-pagebuilder-full-width.php","meta":{"footnotes":""},"_links":{"self":[{"href":"https:\/\/www.upo.es\/investiga\/HUM-680\/wp-json\/wp\/v2\/pages\/983"}],"collection":[{"href":"https:\/\/www.upo.es\/investiga\/HUM-680\/wp-json\/wp\/v2\/pages"}],"about":[{"href":"https:\/\/www.upo.es\/investiga\/HUM-680\/wp-json\/wp\/v2\/types\/page"}],"author":[{"embeddable":true,"href":"https:\/\/www.upo.es\/investiga\/HUM-680\/wp-json\/wp\/v2\/users\/1"}],"replies":[{"embeddable":true,"href":"https:\/\/www.upo.es\/investiga\/HUM-680\/wp-json\/wp\/v2\/comments?post=983"}],"version-history":[{"count":75,"href":"https:\/\/www.upo.es\/investiga\/HUM-680\/wp-json\/wp\/v2\/pages\/983\/revisions"}],"predecessor-version":[{"id":5142,"href":"https:\/\/www.upo.es\/investiga\/HUM-680\/wp-json\/wp\/v2\/pages\/983\/revisions\/5142"}],"wp:attachment":[{"href":"https:\/\/www.upo.es\/investiga\/HUM-680\/wp-json\/wp\/v2\/media?parent=983"}],"curies":[{"name":"wp","href":"https:\/\/api.w.org\/{rel}","templated":true}]}}