{"id":1210,"date":"2023-07-27T12:42:28","date_gmt":"2023-07-27T10:42:28","guid":{"rendered":"https:\/\/www.upo.es\/investiga\/UNTWIST\/?page_id=1210"},"modified":"2025-12-02T16:33:31","modified_gmt":"2025-12-02T15:33:31","slug":"about-untwist-de","status":"publish","type":"page","link":"https:\/\/www.upo.es\/investiga\/UNTWIST\/about-untwist-de\/","title":{"rendered":"About Untwist | Deutschland"},"content":{"rendered":"\n<div class=\"wp-block-group grid-expand grid-two-col is-layout-constrained wp-block-group-is-layout-constrained\">\n<div class=\"wp-block-group grid-item-main block-accent-clr block-accent-clr-pink bg-icon bg-icon-vision has-background-background-color has-background is-layout-constrained wp-container-core-group-is-layout-a788aded wp-block-group-is-layout-constrained\" style=\"padding-top:50px;padding-right:75px;padding-bottom:50px;padding-left:75px\">\n<div class=\"wp-block-group is-content-justification-space-between is-nowrap is-layout-flex wp-container-core-group-is-layout-cb46ffcb wp-block-group-is-layout-flex\">\n<div class=\"wp-block-group is-nowrap is-layout-flex wp-container-core-group-is-layout-6c531013 wp-block-group-is-layout-flex\">\n<figure class=\"wp-block-image size-large\"><img loading=\"lazy\" decoding=\"async\" width=\"45\" height=\"45\" src=\"https:\/\/www.upo.es\/investiga\/UNTWIST\/wp-content\/uploads\/2023\/05\/eye-icon-base.svg\" alt=\"\" class=\"wp-image-790\"\/><\/figure>\n\n\n\n<h3 class=\"wp-block-heading has-title-color has-text-color\">UNSERE VISION<\/h3>\n<\/div>\n\n\n\n<div class=\"wp-block-buttons is-layout-flex wp-block-buttons-is-layout-flex\"><\/div>\n<\/div>\n\n\n\n<p class=\"has-text-align-left\">UNTWIST m\u00f6chte zum Aufbau einer erneuerten demokratischen Gesellschaft beitragen, in der heterogene, geschlechtsbezogene Bed\u00fcrfnisse, Forderungen und Sorgen (sowohl in Bezug auf das biologische Geschlecht als auch die soziale Geschlechtsidentit\u00e4t (Gender)) von verschiedenen Parteien auf demokratische Weise bearbeitet werden. In unserer Vision f\u00fcr die Zukunft sind rechtspopulistische Akteur*innen und ihre genderfeindlichen Botschaften f\u00fcr die B\u00fcrger*innen weniger attraktiv, weil andere Parteien alternative Wege anbieten, die die heterogenen geschlechtsbezogenen Bed\u00fcrfnisse, Forderungen und Sorgen von B\u00fcrger*innen respektvoll und im Einklang mit den Werten der EU vertreten.<\/p>\n<\/div>\n\n\n\n<div class=\"wp-block-group grid-item-main block-accent-clr block-accent-clr-blue bg-icon bg-icon-mission has-background-background-color has-background is-layout-constrained wp-container-core-group-is-layout-a788aded wp-block-group-is-layout-constrained\" style=\"padding-top:50px;padding-right:75px;padding-bottom:50px;padding-left:75px\">\n<div class=\"wp-block-group is-content-justification-space-between is-nowrap is-layout-flex wp-container-core-group-is-layout-cb46ffcb wp-block-group-is-layout-flex\">\n<div class=\"wp-block-group is-nowrap is-layout-flex wp-container-core-group-is-layout-6c531013 wp-block-group-is-layout-flex\">\n<figure class=\"wp-block-image size-large\"><img loading=\"lazy\" decoding=\"async\" width=\"45\" height=\"45\" src=\"https:\/\/www.upo.es\/investiga\/UNTWIST\/wp-content\/uploads\/2023\/05\/rocket-icon-base.svg\" alt=\"\" class=\"wp-image-792\"\/><\/figure>\n\n\n\n<h3 class=\"wp-block-heading has-title-color has-text-color\">UNSERE MISSION<\/h3>\n<\/div>\n\n\n\n<div class=\"wp-block-buttons open-grid-item is-layout-flex wp-block-buttons-is-layout-flex\">\n<div class=\"wp-block-button\"><a class=\"wp-block-button__link has-medium-font-size has-custom-font-size wp-element-button\" style=\"padding-top:0px;padding-right:13px;padding-bottom:0px;padding-left:13px;line-height:1.4\">+<\/a><\/div>\n<\/div>\n<\/div>\n\n\n\n<p>Die prim\u00e4re Strategie von UNTWIST zum Erreichen unserer Vision besteht darin, politischen Akteur*innen, insbesondere Parteien, eine klare (\u201auntwisted\u2018) Darstellung geschlechtsbezogener Bed\u00fcrfnisse, Forderungen und Sorgen (sowohl in Bezug auf das biologische Geschlecht als auch die soziale Geschlechtsidentit\u00e4t (Gender) zu erm\u00f6glichen. Dieser Wissenstransfer wird durch einen Leitfaden mit evidenzbasierten politischen Empfehlungen erfolgen.<\/p>\n<\/div>\n\n\n\n<div id=\"grid-item-hidden-01\" class=\"wp-block-group grid-item-hidden is-hidden has-background-background-color has-background is-layout-constrained wp-container-core-group-is-layout-a788aded wp-block-group-is-layout-constrained\" style=\"padding-top:50px;padding-right:75px;padding-bottom:50px;padding-left:75px\">\n<div class=\"wp-block-group card-title is-content-justification-left is-nowrap is-layout-flex wp-container-core-group-is-layout-a1ed96d5 wp-block-group-is-layout-flex\">\n<p>Um den Leitfaden f\u00fcr Politikempfehlungen zu entwickeln, erarbeitet UNTWIST eine umfangreiche empirische Grundlage. Hierdurch testen wir unsere Annahmen und Hypothesen bez\u00fcglich der Faktoren, die die genderfeindlichen Botschaften rechtspopulistischer Akteur*innen f\u00fcr die W\u00e4hler*innen attraktiv machen. Sobald diese Hypothesen getestet sind, zeigt UNTWIST neue Wege auf, wie die geschlechtsbezogenen Bed\u00fcrfnisse, Forderungen und Sorgen aufgegriffen und bearbeitet werden k\u00f6nnen, die bislang von den Mainstream-Parteien ignoriert und von den rechtspopulistischen Parteien gegen die Werte der EU verdreht (ge\u2019twisted\u2018) wurden. Wir entflechten (\u201auntwist\u2018) diese Darstellung geschlechtsbezogener Repr\u00e4sentation mit Hilfe von Methoden der \u201eCitizen Science\u201c.<br><br>Ein Kernelement der Mission von UNTWIST ist die Einbeziehung politischer Akteur*innen und zivilgesellschaftlichen Organisationen. Kommunikation und Wissenstransfer sind dabei wesentlich. Politische Akteur*innen m\u00fcssen auf die Sorgen, Bed\u00fcrfnisse und Forderungen der derzeitigen W\u00e4hler*innen der rechtspopulistischen Akteur*innen mit \u201auntwisted\u2018 Antworten reagieren damit die Vision von UNTWIST Wirklichkeit werden kann.<\/p>\n\n\n\n<div class=\"wp-block-buttons close-grid-item is-layout-flex wp-block-buttons-is-layout-flex\">\n<div class=\"wp-block-button\"><a class=\"wp-block-button__link has-medium-font-size has-custom-font-size wp-element-button\" style=\"padding-top:0;padding-right:13px;padding-bottom:0;padding-left:13px;line-height:1.4\">&#8211;<\/a><\/div>\n<\/div>\n<\/div>\n<\/div>\n<\/div>\n\n\n\n<div class=\"wp-block-group is-layout-constrained wp-block-group-is-layout-constrained\">\n<div class=\"wp-block-group block-accent-clr block-accent-clr-yellow bg-icon bg-icon-psummary has-background-background-color has-background is-layout-constrained wp-container-core-group-is-layout-a788aded wp-block-group-is-layout-constrained\" style=\"padding-top:50px;padding-right:75px;padding-bottom:50px;padding-left:75px\">\n<div class=\"wp-block-group is-nowrap is-layout-flex wp-container-core-group-is-layout-6c531013 wp-block-group-is-layout-flex\">\n<figure class=\"wp-block-image size-large\"><img loading=\"lazy\" decoding=\"async\" width=\"45\" height=\"45\" src=\"https:\/\/www.upo.es\/investiga\/UNTWIST\/wp-content\/uploads\/2023\/05\/compass-icon-base.svg\" alt=\"\" class=\"wp-image-803\"\/><\/figure>\n\n\n\n<h3 class=\"wp-block-heading has-title-color has-text-color\">ZUSAMMENFASSUNG<\/h3>\n<\/div>\n\n\n\n<p>Menschen sind sehr verschieden. B\u00fcrger*innen haben unterschiedliche Bed\u00fcrfnisse, Forderungen und Sorgen, die mit ihrem (biologischen) Geschlecht sowie ihrer sozialen Geschlechtsidentit\u00e4t (Gender) zusammenh\u00e4ngen und sich je nach sozialer Schicht, ethnischer Zugeh\u00f6rigkeit, Alter usw. unterscheiden. All diese geschlechtsbezogenen Bed\u00fcrfnisse sind legitim und verdienen es, von den politischen Vertreter*innen angemessen ber\u00fccksichtigt zu werden. Trotzdem haben Mainstream-Parteien einige von ihnen unber\u00fccksichtigt gelassen, welche nun von rechtspopulistischen Akteur*innen verdreht werden (auf english: to \u201atwist\u2018) und dazu dienen Antworten zu proklamieren, die den Grundwerten der EU zuwiderlaufen. UNTWIST findet Wege, um auf geschlechtsbezogene Bed\u00fcrfnisse, Forderungen und Sorgen in einer klaren und mit den Grundwerten der EU \u00fcbereinstimmenden (\u201auntwisted\u2018) Weise zu reagieren. Dar\u00fcber hinaus m\u00f6chte UNTWIST nicht-populistische Parteien in die Lage versetzen, ihre Vertretung geschlechtsbezogener Interessen der B\u00fcrger*innenschaft zu verbessern. Hierf\u00fcr wird ein Handbuch erarbeitet, durch den evidenzbasierte Politikempfehlungen definiert, verbessert und weitergegeben werden k\u00f6nnen.<\/p>\n\n\n\n<p>UNTWIST (<a href=\"https:\/\/cordis.europa.eu\/project\/id\/101060836\">https:\/\/cordis.europa.eu\/project\/id\/101060836<\/a>) ist ein Forschungs- und Innovationsprojekt, das im Rahmen des Programms Horizon Europa finanziert wird:<br><\/p>\n\n\n\n<p>HORIZON.2.2 &#8211; Kultur, Kreativit\u00e4t und integrative Gesellschaft Hauptprogramm. HORIZON.2.2.1 &#8211; Demokratie und Governance. HORIZON-CL2-2021-DEMOCRACY-01. Themen: HORIZON-CL2-2021-DEMOCRACY-01-03 &#8211; Feminismen f\u00fcr ein neues Zeitalter der Demokratie<\/p>\n<\/div>\n<\/div>\n\n\n\n<div class=\"wp-block-group is-layout-constrained wp-block-group-is-layout-constrained\">\n<div class=\"wp-block-group block-accent-clr block-accent-clr-pink bg-icon bg-icon-strateg has-background-background-color has-background is-layout-constrained wp-container-core-group-is-layout-a788aded wp-block-group-is-layout-constrained\" style=\"padding-top:50px;padding-right:75px;padding-bottom:50px;padding-left:75px\">\n<div class=\"wp-block-group is-nowrap is-layout-flex wp-container-core-group-is-layout-6c531013 wp-block-group-is-layout-flex\">\n<figure class=\"wp-block-image size-large\"><img loading=\"lazy\" decoding=\"async\" width=\"45\" height=\"45\" src=\"https:\/\/www.upo.es\/investiga\/UNTWIST\/wp-content\/uploads\/2023\/05\/strateg-icon.svg\" alt=\"\" class=\"wp-image-1033\"\/><\/figure>\n\n\n\n<h3 class=\"wp-block-heading has-title-color has-text-color\">STRATEGIEN, UM UNSERE ZIELE ZU ERREICHEN<\/h3>\n<\/div>\n\n\n\n<p>UNTWIST hat vier Hauptziele:<\/p>\n\n\n\n<ol class=\"wp-block-list olist-pink\">\n<li>Erstens soll die Hypothese getestet werden, dass etablierte Parteien viele geschlechtsbezogene Sorgen, Bed\u00fcrfnisse und Forderungen aus dem Feminismus (sowohl in Bezug auf das biologische Geschlecht als auch die soziale Geschlechtsidentit\u00e4t (Gender)) nicht vertreten. Die Ergebnisse hierzu werden die Idee st\u00fctzen, dass rechtspopulistische Akteur*innen als Nischenparteien agieren. Des Weiteren untermauert dies die These, dass W\u00e4hler*innen durch eine bessere geschlechtsbezogene Interessensvertretung zu den Mainstream-Parteien zur\u00fcckgef\u00fchrt werden k\u00f6nnten.<\/li>\n\n\n\n<li>Als Zweites wird die Bedeutung von Einstellungen zu Themen des biologischen Geschlechts (sex) und der sozialen Geschlechtsidentit\u00e4t (gender) f\u00fcr das Wahlverhalten gepr\u00fcft. Dies soll uns erm\u00f6glichen, uns auf die Profile derjenigen B\u00fcrger*innen zu konzentrieren, die erfolgreicher angesprochen werden k\u00f6nnen. Dar\u00fcber hinaus soll so auf die kritischen Bereiche der geschlechtsbezogenen Repr\u00e4sentation hingewiesen werden, die angegangen werden m\u00fcssen.<\/li>\n\n\n\n<li>Im dritten Schritt sollen (\u201auntwisted\u2018) Wege gefunden werden, um geschlechtsbezogene Bed\u00fcrfnisse und Forderungen aufzufangen, auf Sorgen zu antworten und diese in Politikempfehlungen umzuwandeln.<\/li>\n\n\n\n<li>Als Viertes sollen politische Akteur*innen, vor allem politische Parteien, in die Umsetzung der Politikempfehlungen von UNTWIST mit einbezogen werden.<\/li>\n<\/ol>\n<\/div>\n<\/div>\n\n\n\n<div class=\"wp-block-group is-layout-constrained wp-block-group-is-layout-constrained\" style=\"margin-bottom:var(--wp--preset--spacing--80)\">\n<div class=\"wp-block-group block-accent-clr block-accent-clr-blue bg-icon bg-icon-consort has-background-background-color has-background is-layout-constrained wp-container-core-group-is-layout-9cb71de7 wp-block-group-is-layout-constrained\" style=\"padding-top:50px;padding-right:75px;padding-bottom:50px;padding-left:75px\">\n<div class=\"wp-block-group is-content-justification-space-between is-nowrap is-layout-flex wp-container-core-group-is-layout-cb46ffcb wp-block-group-is-layout-flex\">\n<div class=\"wp-block-group is-nowrap is-layout-flex wp-container-core-group-is-layout-6c531013 wp-block-group-is-layout-flex\">\n<figure class=\"wp-block-image size-large\"><img loading=\"lazy\" decoding=\"async\" width=\"43\" height=\"43\" src=\"https:\/\/www.upo.es\/investiga\/UNTWIST\/wp-content\/uploads\/2023\/05\/consort-icon.svg\" alt=\"\" class=\"wp-image-1037\"\/><\/figure>\n\n\n\n<h3 class=\"wp-block-heading has-title-color has-text-color\">UNTWIST-KONSORTIUM<\/h3>\n<\/div>\n<\/div>\n\n\n\n<p>Das Projekt UNTWIST besteht aus einem Konsortium aus neun Partner-Organisationen (sechs Universit\u00e4ten, ein Forschungsinstitut, ein Verein und eine Stiftung). Das Konsortium wurde geschaffen, um die ausgewogene Einbindung wissenschaftlicher Partner*innen aus verschiedenen geographischen Regionen und damit die Abdeckung verschiedener politischer, sozialer, wirtschaftlicher und demokratischer Kontexte zu gew\u00e4hrleisten, welche f\u00fcr die Projektergebnisse und daraus resultierende Politikempfehlungen relevant sind. Das Projekt wird unter Einbindung von Vertreter*innen aus diversen Regionen mit verschiedenen sozio-demografischen Eigenschaften und politischen Konfigurationen durchgef\u00fchrt. UNTWIST fokussiert sich auf sechs europ\u00e4ische L\u00e4nder, welche als \u201arepr\u00e4sentativ\u2018 f\u00fcr diese Regionen gelten: Spanien (S\u00fcdeuropa), Gro\u00dfbritannien (Westeuropa), Deutschland und Schweiz (Zentraleuropa), Ungarn (Osteuropa) und D\u00e4nemark (Nordeuropa), und jeweils relevante rechtspopulistische Akteur*innen aufweisen. Das Konsortium bringt Expert*innen aus der Politikwissenschaft, Soziologie und der Geschlechterforschung (Gender Studies) zusammen, die ihre Expertise zum Thema Gender auf komplement\u00e4re Weise verkn\u00fcpfen. Unter den Konsortium Partner*innen sorgen Erfahrungen und Expertise in Genderanalyse, Mixed Methods, sowie quantitativen und qualitativen Methoden daf\u00fcr, dass alle relevanten Wissensbest\u00e4nde f\u00fcr die verschiedenen Arbeitspakete vorhanden sind.<\/p>\n<\/div>\n<\/div>\n","protected":false},"excerpt":{"rendered":"<p>UNSERE VISION UNTWIST m\u00f6chte zum Aufbau einer erneuerten demokratischen Gesellschaft beitragen, in der heterogene, geschlechtsbezogene Bed\u00fcrfnisse, Forderungen und Sorgen (sowohl in Bezug auf das biologische Geschlecht als auch die soziale Geschlechtsidentit\u00e4t (Gender)) von verschiedenen Parteien auf demokratische Weise bearbeitet werden. In unserer Vision f\u00fcr die Zukunft sind rechtspopulistische Akteur*innen und ihre genderfeindlichen Botschaften f\u00fcr die [&hellip;]<\/p>\n","protected":false},"author":2,"featured_media":0,"parent":0,"menu_order":0,"comment_status":"closed","ping_status":"closed","template":"page-template-notitle","meta":{"inline_featured_image":false,"footnotes":""},"class_list":["post-1210","page","type-page","status-publish","hentry"],"nelio_popups_active_popup":"","yoast_head":"<!-- This site is optimized with the Yoast SEO plugin v26.3 - https:\/\/yoast.com\/wordpress\/plugins\/seo\/ -->\n<title>About Untwist | Deutschland - UNTWIST<\/title>\n<meta name=\"robots\" content=\"index, follow, max-snippet:-1, max-image-preview:large, max-video-preview:-1\" \/>\n<link rel=\"canonical\" href=\"https:\/\/www.upo.es\/investiga\/UNTWIST\/about-untwist-de\/\" \/>\n<meta property=\"og:locale\" content=\"en_US\" \/>\n<meta property=\"og:type\" content=\"article\" \/>\n<meta property=\"og:title\" content=\"About Untwist | Deutschland - UNTWIST\" \/>\n<meta property=\"og:description\" content=\"UNSERE VISION UNTWIST m\u00f6chte zum Aufbau einer erneuerten demokratischen Gesellschaft beitragen, in der heterogene, geschlechtsbezogene Bed\u00fcrfnisse, Forderungen und Sorgen (sowohl in Bezug auf das biologische Geschlecht als auch die soziale Geschlechtsidentit\u00e4t (Gender)) von verschiedenen Parteien auf demokratische Weise bearbeitet werden. In unserer Vision f\u00fcr die Zukunft sind rechtspopulistische Akteur*innen und ihre genderfeindlichen Botschaften f\u00fcr die [&hellip;]\" \/>\n<meta property=\"og:url\" content=\"https:\/\/www.upo.es\/investiga\/UNTWIST\/about-untwist-de\/\" \/>\n<meta property=\"og:site_name\" content=\"UNTWIST\" \/>\n<meta property=\"article:modified_time\" content=\"2025-12-02T15:33:31+00:00\" \/>\n<meta property=\"og:image\" content=\"https:\/\/www.upo.es\/investiga\/UNTWIST\/wp-content\/uploads\/2023\/12\/Untwist-logo.jpg\" \/>\n\t<meta property=\"og:image:width\" content=\"2480\" \/>\n\t<meta property=\"og:image:height\" content=\"1808\" \/>\n\t<meta property=\"og:image:type\" content=\"image\/jpeg\" \/>\n<meta name=\"twitter:card\" content=\"summary\" \/>\n<meta name=\"twitter:image\" content=\"https:\/\/www.upo.es\/investiga\/UNTWIST\/wp-content\/uploads\/2023\/12\/Untwist-logo.jpg\" \/>\n<meta name=\"twitter:site\" content=\"@UNTWISTproject\" \/>\n<meta name=\"twitter:label1\" content=\"Est. reading time\" \/>\n\t<meta name=\"twitter:data1\" content=\"5 minutes\" \/>\n<script type=\"application\/ld+json\" class=\"yoast-schema-graph\">{\"@context\":\"https:\/\/schema.org\",\"@graph\":[{\"@type\":\"WebPage\",\"@id\":\"https:\/\/www.upo.es\/investiga\/UNTWIST\/about-untwist-de\/\",\"url\":\"https:\/\/www.upo.es\/investiga\/UNTWIST\/about-untwist-de\/\",\"name\":\"About Untwist | Deutschland - UNTWIST\",\"isPartOf\":{\"@id\":\"https:\/\/www.upo.es\/investiga\/UNTWIST\/#website\"},\"primaryImageOfPage\":{\"@id\":\"https:\/\/www.upo.es\/investiga\/UNTWIST\/about-untwist-de\/#primaryimage\"},\"image\":{\"@id\":\"https:\/\/www.upo.es\/investiga\/UNTWIST\/about-untwist-de\/#primaryimage\"},\"thumbnailUrl\":\"https:\/\/www.upo.es\/investiga\/UNTWIST\/wp-content\/uploads\/2023\/05\/eye-icon-base.svg\",\"datePublished\":\"2023-07-27T10:42:28+00:00\",\"dateModified\":\"2025-12-02T15:33:31+00:00\",\"breadcrumb\":{\"@id\":\"https:\/\/www.upo.es\/investiga\/UNTWIST\/about-untwist-de\/#breadcrumb\"},\"inLanguage\":\"en-US\",\"potentialAction\":[{\"@type\":\"ReadAction\",\"target\":[\"https:\/\/www.upo.es\/investiga\/UNTWIST\/about-untwist-de\/\"]}]},{\"@type\":\"ImageObject\",\"inLanguage\":\"en-US\",\"@id\":\"https:\/\/www.upo.es\/investiga\/UNTWIST\/about-untwist-de\/#primaryimage\",\"url\":\"https:\/\/www.upo.es\/investiga\/UNTWIST\/wp-content\/uploads\/2023\/05\/eye-icon-base.svg\",\"contentUrl\":\"https:\/\/www.upo.es\/investiga\/UNTWIST\/wp-content\/uploads\/2023\/05\/eye-icon-base.svg\",\"width\":45,\"height\":45},{\"@type\":\"BreadcrumbList\",\"@id\":\"https:\/\/www.upo.es\/investiga\/UNTWIST\/about-untwist-de\/#breadcrumb\",\"itemListElement\":[{\"@type\":\"ListItem\",\"position\":1,\"name\":\"Portada\",\"item\":\"https:\/\/www.upo.es\/investiga\/UNTWIST\/\"},{\"@type\":\"ListItem\",\"position\":2,\"name\":\"About Untwist | Deutschland\"}]},{\"@type\":\"WebSite\",\"@id\":\"https:\/\/www.upo.es\/investiga\/UNTWIST\/#website\",\"url\":\"https:\/\/www.upo.es\/investiga\/UNTWIST\/\",\"name\":\"UNTWIST\",\"description\":\"\",\"publisher\":{\"@id\":\"https:\/\/www.upo.es\/investiga\/UNTWIST\/#organization\"},\"potentialAction\":[{\"@type\":\"SearchAction\",\"target\":{\"@type\":\"EntryPoint\",\"urlTemplate\":\"https:\/\/www.upo.es\/investiga\/UNTWIST\/?s={search_term_string}\"},\"query-input\":{\"@type\":\"PropertyValueSpecification\",\"valueRequired\":true,\"valueName\":\"search_term_string\"}}],\"inLanguage\":\"en-US\"},{\"@type\":\"Organization\",\"@id\":\"https:\/\/www.upo.es\/investiga\/UNTWIST\/#organization\",\"name\":\"UNTWIST\",\"alternateName\":\"UNTWIST\",\"url\":\"https:\/\/www.upo.es\/investiga\/UNTWIST\/\",\"logo\":{\"@type\":\"ImageObject\",\"inLanguage\":\"en-US\",\"@id\":\"https:\/\/www.upo.es\/investiga\/UNTWIST\/#\/schema\/logo\/image\/\",\"url\":\"https:\/\/www.upo.es\/investiga\/UNTWIST\/wp-content\/uploads\/2023\/04\/untwitst-logo-large.png\",\"contentUrl\":\"https:\/\/www.upo.es\/investiga\/UNTWIST\/wp-content\/uploads\/2023\/04\/untwitst-logo-large.png\",\"width\":1000,\"height\":986,\"caption\":\"UNTWIST\"},\"image\":{\"@id\":\"https:\/\/www.upo.es\/investiga\/UNTWIST\/#\/schema\/logo\/image\/\"},\"sameAs\":[\"https:\/\/x.com\/UNTWISTproject\",\"https:\/\/www.youtube.com\/@UNTWIST_Project\"]}]}<\/script>\n<!-- \/ Yoast SEO plugin. -->","yoast_head_json":{"title":"About Untwist | Deutschland - UNTWIST","robots":{"index":"index","follow":"follow","max-snippet":"max-snippet:-1","max-image-preview":"max-image-preview:large","max-video-preview":"max-video-preview:-1"},"canonical":"https:\/\/www.upo.es\/investiga\/UNTWIST\/about-untwist-de\/","og_locale":"en_US","og_type":"article","og_title":"About Untwist | Deutschland - UNTWIST","og_description":"UNSERE VISION UNTWIST m\u00f6chte zum Aufbau einer erneuerten demokratischen Gesellschaft beitragen, in der heterogene, geschlechtsbezogene Bed\u00fcrfnisse, Forderungen und Sorgen (sowohl in Bezug auf das biologische Geschlecht als auch die soziale Geschlechtsidentit\u00e4t (Gender)) von verschiedenen Parteien auf demokratische Weise bearbeitet werden. In unserer Vision f\u00fcr die Zukunft sind rechtspopulistische Akteur*innen und ihre genderfeindlichen Botschaften f\u00fcr die [&hellip;]","og_url":"https:\/\/www.upo.es\/investiga\/UNTWIST\/about-untwist-de\/","og_site_name":"UNTWIST","article_modified_time":"2025-12-02T15:33:31+00:00","og_image":[{"width":2480,"height":1808,"url":"https:\/\/www.upo.es\/investiga\/UNTWIST\/wp-content\/uploads\/2023\/12\/Untwist-logo.jpg","type":"image\/jpeg"}],"twitter_card":"summary","twitter_image":"https:\/\/www.upo.es\/investiga\/UNTWIST\/wp-content\/uploads\/2023\/12\/Untwist-logo.jpg","twitter_site":"@UNTWISTproject","twitter_misc":{"Est. reading time":"5 minutes"},"schema":{"@context":"https:\/\/schema.org","@graph":[{"@type":"WebPage","@id":"https:\/\/www.upo.es\/investiga\/UNTWIST\/about-untwist-de\/","url":"https:\/\/www.upo.es\/investiga\/UNTWIST\/about-untwist-de\/","name":"About Untwist | Deutschland - UNTWIST","isPartOf":{"@id":"https:\/\/www.upo.es\/investiga\/UNTWIST\/#website"},"primaryImageOfPage":{"@id":"https:\/\/www.upo.es\/investiga\/UNTWIST\/about-untwist-de\/#primaryimage"},"image":{"@id":"https:\/\/www.upo.es\/investiga\/UNTWIST\/about-untwist-de\/#primaryimage"},"thumbnailUrl":"https:\/\/www.upo.es\/investiga\/UNTWIST\/wp-content\/uploads\/2023\/05\/eye-icon-base.svg","datePublished":"2023-07-27T10:42:28+00:00","dateModified":"2025-12-02T15:33:31+00:00","breadcrumb":{"@id":"https:\/\/www.upo.es\/investiga\/UNTWIST\/about-untwist-de\/#breadcrumb"},"inLanguage":"en-US","potentialAction":[{"@type":"ReadAction","target":["https:\/\/www.upo.es\/investiga\/UNTWIST\/about-untwist-de\/"]}]},{"@type":"ImageObject","inLanguage":"en-US","@id":"https:\/\/www.upo.es\/investiga\/UNTWIST\/about-untwist-de\/#primaryimage","url":"https:\/\/www.upo.es\/investiga\/UNTWIST\/wp-content\/uploads\/2023\/05\/eye-icon-base.svg","contentUrl":"https:\/\/www.upo.es\/investiga\/UNTWIST\/wp-content\/uploads\/2023\/05\/eye-icon-base.svg","width":45,"height":45},{"@type":"BreadcrumbList","@id":"https:\/\/www.upo.es\/investiga\/UNTWIST\/about-untwist-de\/#breadcrumb","itemListElement":[{"@type":"ListItem","position":1,"name":"Portada","item":"https:\/\/www.upo.es\/investiga\/UNTWIST\/"},{"@type":"ListItem","position":2,"name":"About Untwist | Deutschland"}]},{"@type":"WebSite","@id":"https:\/\/www.upo.es\/investiga\/UNTWIST\/#website","url":"https:\/\/www.upo.es\/investiga\/UNTWIST\/","name":"UNTWIST","description":"","publisher":{"@id":"https:\/\/www.upo.es\/investiga\/UNTWIST\/#organization"},"potentialAction":[{"@type":"SearchAction","target":{"@type":"EntryPoint","urlTemplate":"https:\/\/www.upo.es\/investiga\/UNTWIST\/?s={search_term_string}"},"query-input":{"@type":"PropertyValueSpecification","valueRequired":true,"valueName":"search_term_string"}}],"inLanguage":"en-US"},{"@type":"Organization","@id":"https:\/\/www.upo.es\/investiga\/UNTWIST\/#organization","name":"UNTWIST","alternateName":"UNTWIST","url":"https:\/\/www.upo.es\/investiga\/UNTWIST\/","logo":{"@type":"ImageObject","inLanguage":"en-US","@id":"https:\/\/www.upo.es\/investiga\/UNTWIST\/#\/schema\/logo\/image\/","url":"https:\/\/www.upo.es\/investiga\/UNTWIST\/wp-content\/uploads\/2023\/04\/untwitst-logo-large.png","contentUrl":"https:\/\/www.upo.es\/investiga\/UNTWIST\/wp-content\/uploads\/2023\/04\/untwitst-logo-large.png","width":1000,"height":986,"caption":"UNTWIST"},"image":{"@id":"https:\/\/www.upo.es\/investiga\/UNTWIST\/#\/schema\/logo\/image\/"},"sameAs":["https:\/\/x.com\/UNTWISTproject","https:\/\/www.youtube.com\/@UNTWIST_Project"]}]}},"_links":{"self":[{"href":"https:\/\/www.upo.es\/investiga\/UNTWIST\/wp-json\/wp\/v2\/pages\/1210","targetHints":{"allow":["GET"]}}],"collection":[{"href":"https:\/\/www.upo.es\/investiga\/UNTWIST\/wp-json\/wp\/v2\/pages"}],"about":[{"href":"https:\/\/www.upo.es\/investiga\/UNTWIST\/wp-json\/wp\/v2\/types\/page"}],"author":[{"embeddable":true,"href":"https:\/\/www.upo.es\/investiga\/UNTWIST\/wp-json\/wp\/v2\/users\/2"}],"replies":[{"embeddable":true,"href":"https:\/\/www.upo.es\/investiga\/UNTWIST\/wp-json\/wp\/v2\/comments?post=1210"}],"version-history":[{"count":7,"href":"https:\/\/www.upo.es\/investiga\/UNTWIST\/wp-json\/wp\/v2\/pages\/1210\/revisions"}],"predecessor-version":[{"id":2382,"href":"https:\/\/www.upo.es\/investiga\/UNTWIST\/wp-json\/wp\/v2\/pages\/1210\/revisions\/2382"}],"wp:attachment":[{"href":"https:\/\/www.upo.es\/investiga\/UNTWIST\/wp-json\/wp\/v2\/media?parent=1210"}],"curies":[{"name":"wp","href":"https:\/\/api.w.org\/{rel}","templated":true}]}}