{"id":1687,"date":"2024-09-04T09:17:16","date_gmt":"2024-09-04T07:17:16","guid":{"rendered":"https:\/\/www.upo.es\/investiga\/UNTWIST\/?page_id=1687"},"modified":"2025-12-04T15:01:06","modified_gmt":"2025-12-04T14:01:06","slug":"conferences-proceedings","status":"publish","type":"page","link":"https:\/\/www.upo.es\/investiga\/UNTWIST\/our-contributions\/conferences-proceedings\/","title":{"rendered":"CONFERENCES PROCEEDINGS"},"content":{"rendered":"\n<div class=\"wp-block-group is-vertical is-content-justification-center is-layout-flex wp-container-core-group-is-layout-8531377b wp-block-group-is-layout-flex\" style=\"margin-bottom:var(--wp--preset--spacing--70)\">\n<h3 class=\"wp-block-heading has-text-align-center has-title-color has-text-color\" style=\"margin-top:0;margin-right:0;margin-bottom:var(--wp--preset--spacing--20);margin-left:0\">CONFERENCES PROCEEDINGS<\/h3>\n\n\n\n<p class=\"has-text-align-center has-foreground-color has-text-color has-link-color wp-elements-0ac177f3b8593efdb920adca651ebda7\">Contact us if you want to access the full text of any communications.<\/p>\n<\/div>\n\n\n\n<div class=\"wp-block-group conference__masonry is-layout-constrained wp-block-group-is-layout-constrained\">\n<div class=\"wp-block-group conference__card has-background-background-color has-background is-layout-constrained wp-container-core-group-is-layout-bf3955d9 wp-block-group-is-layout-constrained\" style=\"margin-top:0;margin-bottom:var(--wp--preset--spacing--60);padding-right:var(--wp--preset--spacing--50);padding-left:var(--wp--preset--spacing--50)\">\n<h2 class=\"wp-block-heading has-text-align-left has-secondary-color has-text-color has-link-color wp-elements-695cd210864ddcbb4431ea42dd5478bf\" style=\"padding-left:var(--wp--preset--spacing--60)\">WP 1<\/h2>\n\n\n\n<ul class=\"wp-block-list\">\n<li><strong>Close the gaps: Connecting Political Science &amp; Gender Studies<\/strong> [<em>Research Network on Gender and Political Science, University of Bern<\/em>, 11 October 2023] &#8211; <strong><em>UBERN<\/em><\/strong><\/li>\n\n\n\n<li><strong>Unveiling Gender-Based Needs: A Mixed-method, Multi-Dimensional Analysis of Feminist Literature<\/strong> [<em>European Conference on Gender and Politics in Ghent-Belgium<\/em>, 8 \u2013 10 July 2024]- <strong><em>UBERN<\/em><\/strong><\/li>\n<\/ul>\n<\/div>\n\n\n\n<div class=\"wp-block-group conference__card has-background-background-color has-background is-layout-constrained wp-container-core-group-is-layout-bf3955d9 wp-block-group-is-layout-constrained\" style=\"margin-top:0;margin-bottom:var(--wp--preset--spacing--60);padding-right:var(--wp--preset--spacing--50);padding-left:var(--wp--preset--spacing--50)\">\n<h2 class=\"wp-block-heading has-secondary-color has-text-color has-link-color wp-elements-2031fc67653062486632effb14963bc9\" style=\"padding-left:var(--wp--preset--spacing--60)\">WP 2<\/h2>\n\n\n\n<ul class=\"wp-block-list\">\n<li><strong>Towards a Cultural Repertoire of Populism in Denmark: Nostalgic Childhoods, Overwhelming Threats, and Disengaged Experience <\/strong>[<em>Sociologidagarna, Swedish Sociological Association Conference, Gothenburg-Sweden<\/em>, 13 \u2013 15 March 2023] &#8211; <strong><em>RUC<\/em><\/strong><\/li>\n\n\n\n<li><strong>Post-socialist utopia and retropia in Hungary \u2013 Exploring different gender needs and concerns<\/strong> [<em>European Conference on Gender and Politics in Ghent-Belgium<\/em>, 8 \u2013 10 July 2024] <strong><em>&#8211; CSS<\/em><\/strong><\/li>\n\n\n\n<li><strong>Analysing gender needs and vote switching from mainstream to right-wing populist parties<\/strong> [<em>European Conference on Gender and Politics in Ghent-Belgium<\/em>, 8 \u2013 10 July 2024]-<strong><em> UPO<\/em><\/strong><\/li>\n\n\n\n<li><strong>A gender-based analysis of the vote for right-wing populist parties in Europe. Findings from the UNTWIST project <\/strong>[<em>SISP Conference, Trieste-Italy<\/em>, 12 \u2013 14 September 2024] &#8211;<strong><em> UPO<\/em><\/strong><\/li>\n<\/ul>\n<\/div>\n\n\n\n<div class=\"wp-block-group conference__card has-background-background-color has-background is-layout-constrained wp-container-core-group-is-layout-bf3955d9 wp-block-group-is-layout-constrained\" style=\"margin-top:0;margin-bottom:var(--wp--preset--spacing--60);padding-right:var(--wp--preset--spacing--50);padding-left:var(--wp--preset--spacing--50)\">\n<h2 class=\"wp-block-heading has-secondary-color has-text-color\" style=\"padding-left:var(--wp--preset--spacing--60)\">WP3<\/h2>\n\n\n\n<ul class=\"wp-block-list\">\n<li><strong>The representation of public opinion towards gender in Europe: What do survey questions measure<\/strong>? [<em>European Political Science Association 14<sup>th<\/sup> Annual Conference, Cologne-Germany<\/em>, 4 \u2013 6 July 2024] &#8211; <strong><em>UNIMAN<\/em><\/strong><\/li>\n\n\n\n<li><strong>The representation of public opinion towards gender in Europe: What do survey questions measure?<\/strong> [<em>European Conference on Gender and Politics in Ghent-Belgium<\/em>, 8 \u2013 10 July 2024] &#8211; <strong><em>UNIMAN<\/em><\/strong><\/li>\n<\/ul>\n<\/div>\n\n\n\n<div class=\"wp-block-group conference__card has-background-background-color has-background is-layout-constrained wp-container-core-group-is-layout-bf3955d9 wp-block-group-is-layout-constrained\" style=\"margin-top:0;margin-bottom:var(--wp--preset--spacing--60);padding-right:var(--wp--preset--spacing--50);padding-left:var(--wp--preset--spacing--50)\">\n<h2 class=\"wp-block-heading has-secondary-color has-text-color has-link-color wp-elements-3375c2c60ca82f5e8b9acdc5fc76e614\" style=\"padding-left:var(--wp--preset--spacing--60)\">WP 4<\/h2>\n\n\n\n<ul class=\"wp-block-list\">\n<li><strong>Illiberal, authoritarian, and \u201cinconsistent\u201d democrats A cross-national analysis of EU citizens\u2019 conceptions of democracy <\/strong>[<em>European Consortium for Political Research (ECPR) Conference, Prague,<\/em> 4\u20138 September 2023] &#8211; <em><strong>USAAR<\/strong><\/em><\/li>\n\n\n\n<li><strong>Gender Equality in European Politics: A Comparative Analysis of Political Party Engagement Exploring the Influence of Gender-Related Issues on European Parties<\/strong> [<em>SISP Conference, Genoa-Italy<\/em>, 13-17 September 2023] &#8211; <em><strong>USAAR<\/strong><\/em><\/li>\n\n\n\n<li><strong>Gender and Party Politics<\/strong> [<em>seminar at Saarland University<\/em>, winter term 2023\/24] &#8211; <em><strong>USAAR<\/strong><\/em><\/li>\n\n\n\n<li><strong>The salience of gender-related issues in European party manifestos <\/strong>&nbsp;[<em>European Political Science Association (EPSA) Conference, Cologne-Germany<\/em>, 4 \u2013 6 July 2024] &#8211; <em><strong>USAAR<\/strong><\/em><\/li>\n\n\n\n<li><strong>The salience of gender-related issues in European party manifestos <\/strong>[<em>European Conference on Gender and Politics in Ghent-Belgium<\/em>, 8 \u2013 10 July 2024] &#8211; <em><strong>USAAR<\/strong><\/em><\/li>\n\n\n\n<li><strong>Analyzing Party Competition on Gender-Related Issues: A Multilingual Computational Approach<\/strong> [<em>German Political Science Association (DVPW) Conference, G\u00f6ttingen-Germany<\/em>, 24 \u2013 27 September 2024] &#8211; <em><strong>USAAR<\/strong><\/em><\/li>\n\n\n\n<li><strong>The politicisation of gender-related issues in European party competition: A Multilingual Computational Approach<\/strong> <em>[SISP Conference, Trieste-Italy<\/em>, 12 \u2013 14 September 2024] &#8211; <strong><em>USAAR<\/em><\/strong><\/li>\n\n\n\n<li><strong>The salience of gender-related issues in European party manifestos <\/strong>[<em>European Conference on Gender and Politics in Ghent-Belgium<\/em>, 8 \u2013 10 July 2024] &#8211; <strong><em>USAAR<\/em><\/strong><\/li>\n\n\n\n<li><strong>How do political parties frame gender-related issues? A content analysis of Spanish party manifestos (2004-2019) <\/strong>[11th Social Science Methodology Conference of RC33 (ISA) &#8211; Naples-Italy, 22 &#8211; 25 Septembre 2025] &#8211; <strong><em>UPO<\/em><\/strong><\/li>\n\n\n\n<li><strong>Representaci\u00f3n sustantiva de hombres y mujeres: un an\u00e1lisis longitudinal de los programas electorales espa\u00f1oles (2004-2019)<\/strong> [<em>AAS Conference, Sevilla-Espa\u00f1a, 27-28 Noviembre 2025<\/em>] &#8211; <strong><em>UPO<\/em><\/strong><\/li>\n<\/ul>\n<\/div>\n\n\n\n<div class=\"wp-block-group conference__card has-background-background-color has-background is-layout-constrained wp-container-core-group-is-layout-bf3955d9 wp-block-group-is-layout-constrained\" style=\"margin-top:0;margin-bottom:var(--wp--preset--spacing--60);padding-right:var(--wp--preset--spacing--50);padding-left:var(--wp--preset--spacing--50)\">\n<h2 class=\"wp-block-heading has-secondary-color has-text-color has-link-color wp-elements-ea9f4448505acd00274a1f3e64e76cde\" style=\"padding-left:var(--wp--preset--spacing--60)\">WP 6<\/h2>\n\n\n\n<ul class=\"wp-block-list\">\n<li><strong>New gender voting gaps in Spain. Why do women vote for extreme right parties?<\/strong> [<em>16th Annual International Conference on Mediterranean Studies, Athens-Greece<\/em>, 3-6 April 2023] &#8211; <strong><em>UPO<\/em><\/strong><\/li>\n\n\n\n<li><strong>Theorising gender gaps. Do \u201closers of feminism\u201d vote for right-wing populist parties<\/strong> [<em>Political Behaviour Colloquium, IUE, Florence-Italy<\/em>, 6 June 2023) &#8211; <strong><em>UPO<\/em><\/strong><\/li>\n\n\n\n<li><strong>Theorising gender voting gaps. Do &#8216;feminism losers&#8217; vote for right-wing populist parties?<\/strong> [<em>Public Policies Institute Seminar (IPP Seminars) CSIC, Madrid-Spain<\/em>, 27 September 2023] &#8211; <strong><em>UPO<\/em><\/strong><\/li>\n\n\n\n<li><strong>Theorising gender voting gaps. Do &#8216;feminism losers&#8217; vote for right-wing populist parties?<\/strong> [<em>Spanish Association of Political Science and Public Administration, Permanent Group on Gender and Politics Conference, Bilbao-Spain,<\/em> 20 October 2023] &#8211; <strong><em>UPO<\/em><\/strong><\/li>\n\n\n\n<li><strong>El concepto de \u201cperdedores del feminismo\u201d y la diferencia de g\u00e9nero en el voto a Vox<\/strong> [<em>Rosario Valpuesta II Cycle of Public Conferences, UPO, Seville-Spain<\/em>, 26 January 2024] &#8211; <strong><em>UPO<\/em><\/strong><\/li>\n\n\n\n<li><strong>Gendered Positional Deprivation. Or how &#8220;losers of feminism&#8221; might vote for right-wing populist parties<\/strong> [<em>European Conference on Gender and Politics in Ghent-Belgium<\/em>, 8 \u2013 10 July 2024] &#8211; <strong><em>UPO<\/em><\/strong><\/li>\n\n\n\n<li><strong>Theoretical and methodological considerations in measuring the concept of intersectionality from a quantitative perspective. Contributions from the UNTWIST project<\/strong> [<em>SISP Conference, Trieste-Italy<\/em>, 12 \u2013 14 September 2024] <strong><em>UPO<\/em><\/strong><\/li>\n<\/ul>\n<\/div>\n\n\n\n<div class=\"wp-block-group conference__card has-background-background-color has-background is-layout-constrained wp-container-core-group-is-layout-bf3955d9 wp-block-group-is-layout-constrained\" style=\"margin-top:0;margin-bottom:var(--wp--preset--spacing--60);padding-right:var(--wp--preset--spacing--50);padding-left:var(--wp--preset--spacing--50)\">\n<h2 class=\"wp-block-heading has-secondary-color has-text-color has-link-color wp-elements-de14c7c1eb90dbb09aa94a0045038c19\" style=\"padding-left:var(--wp--preset--spacing--60)\">WP 8<\/h2>\n\n\n\n<ul class=\"wp-block-list\">\n<li><strong>Analyzing the heterogeneity of gender attitudes drivers: findings from the UNTWIST Project <\/strong>[<em>11th Social Science Methodology Conference of RC33 (ISA) &#8211; Naples-Italy, 22 &#8211; 25 Septembre 2025<\/em>] &#8211; <strong><em>DEUSTO<\/em><\/strong><\/li>\n\n\n\n<li><strong>Intersectional collective gender indentity: measuring an elusive concept<\/strong> [<em>11th Social Science Methodology Conference of RC33 (ISA) &#8211; Naples-Italy, 22 &#8211; 25 Septembre 2025<\/em>] &#8211; <strong><em>UPO<\/em><\/strong><\/li>\n<\/ul>\n<\/div>\n\n\n\n<div class=\"wp-block-group conference__card has-background-background-color has-background is-layout-constrained wp-container-core-group-is-layout-bf3955d9 wp-block-group-is-layout-constrained\" style=\"margin-top:0;margin-bottom:var(--wp--preset--spacing--60);padding-right:var(--wp--preset--spacing--50);padding-left:var(--wp--preset--spacing--50)\">\n<h2 class=\"wp-block-heading has-secondary-color has-text-color has-link-color wp-elements-f67f42eb785473ebf91f5b6c8e147a2c\" style=\"padding-left:var(--wp--preset--spacing--60)\">Miscellaneus<\/h2>\n\n\n\n<ul class=\"wp-block-list\">\n<li><strong>Twisting Radicality \u2013 how far-right populists twist the \u2018radical\u2019 project of feminism<\/strong> [<em>IAPSS POLITIKON Journal, online, <\/em>16 March 2024] &#8211; <strong><em>UBERN &amp; USAAR <\/em><\/strong><\/li>\n\n\n\n<li><strong>Twisting Radicality \u2013 how far-right populists twist the \u2018radical\u2019 project of feminism<\/strong> [<em>Berlin Far-Right Researcher Network Berlin, Berlin-Germany<\/em>, 26 April 2024] &#8211; <strong><em>UBERN &amp; USAAR<\/em><\/strong><\/li>\n\n\n\n<li><strong>Szakpolitikai aj\u00e1nl\u00e1sok a \u201efeminizmus veszteseinek\u201d mainstream szavaz\u00f3k\u00e9nt val\u00f3 visszaszerz\u00e9s\u00e9re (Policy recommendations to regain &#8220;losers of feminism&#8221; as mainstream voters) Projektbemutat\u00f3 <\/strong>[<em>Presentation Conference for the UNTWIST project at CSS, Budapest, <\/em>18 April 2024] &#8211; <strong><em>CSS<\/em><\/strong><\/li>\n\n\n\n<li><strong>Changing the channel: Investigating the congruence in issue salience and issue framing in party manifestos and candidate tweets<\/strong> [<em>81st Annual Midwest Political Science Association Annual Conference (MPSA), Chicago, Illinois USA<\/em>, 4-7 April] &#8211; <strong><em>UNIMAN<\/em><\/strong><\/li>\n\n\n\n<li><strong>Changing the channel: Investigating the congruence in issue salience and issue framing in party manifestos and candidate tweets <\/strong>[<em>COMPTEXT International and Interdisciplinary Conference on the Quantitative and Computational Analysis of Textual Data, Vrije University, Amsterdam-Netherlands<\/em>, 2-4 May 2024] &#8211;<strong><em>UNIMAN<\/em><\/strong><\/li>\n\n\n\n<li><strong>Feminist Media Strategies: Campaign, Preparations and the Media Coverage of the 1913 IWSA Congress in Budapest. <\/strong>[<em>Feminism(s) in the Media: Public Outreach and Cultural Transformation, Ghent-Belgium<\/em>, 14-15 September 2023] &#8211; <em><strong>CSS<\/strong><\/em><\/li>\n\n\n\n<li><strong>General presentation\/overview of projects collaborating with ECSA \u2013 using citizens science<\/strong> [<em>5th European Citizen Science Association (ECSA) Conference, Vienna-Austria<\/em>, 3 \u2013 6 April 2024] &#8211; <em><strong>ECSA<\/strong><\/em><\/li>\n\n\n\n<li><strong>Ideological polarization on gender roles in Europe<\/strong> &#8211; <strong><em>UDEUSTO<\/em><\/strong><\/li>\n\n\n\n<li><strong>Gendering political discourses on demographic shifts: The case of Vox in Spain<\/strong> &#8211; <strong><em>UPO<\/em><\/strong><\/li>\n\n\n\n<li><strong>Presentation of findings from WP1 to WP4 for the Danish case <\/strong>[<em>Research workshop at the Centre for Gender, Power and Diversity, Roskilde University, Denmark<\/em>, May 2024] &#8211; <strong><em>RUC<\/em><\/strong><\/li>\n\n\n\n<li><strong>Meeting the moral other &#8211; Focus group methods in studying gender and<\/strong><\/li>\n\n\n\n<li><strong>The populist far-right<\/strong> [<em>16th ESA Conference, Porto-Portugal<\/em>, 27-30 August] &#8211; <strong><em>RUC<\/em><\/strong><\/li>\n\n\n\n<li><strong>Simposio: \u00bfPerdedores de la globalizaci\u00f3n vs. perdedores del feminismo?<\/strong> [<em>AAS Conference, Sevilla-Espa\u00f1a, 27-28 Noviembre 2025<\/em>] &#8211; <strong><em>UPO<\/em><\/strong><\/li>\n\n\n\n<li><strong>Hallazgos e implantaciones del Proyecto UNTWIST. Conclusiones a partir de datos cualitativos y cuantitativos<\/strong> [<em>AAS Conference, Sevilla-Espa\u00f1a, 27-28 Noviembre 2025<\/em>] &#8211; <strong><em>UPO<\/em><\/strong><\/li>\n\n\n\n<li><strong>Acceso, visualizaci\u00f3n y manipulaci\u00f3n de la evidencia emp\u00edrica generada en el Proyecto UNTWIST por los agentes interesados<\/strong> [<em>AAS Conference, Sevilla-Espa\u00f1a, 27-28 Noviembre 2025<\/em>] &#8211; <strong><em>UPO<\/em><\/strong><\/li>\n\n\n\n<li><strong>Integraci\u00f3n metodolog\u00eda aplicadas en el Proyecto UNTWIST: del grupo de discusi\u00f3n a la encuesta <\/strong>[<em>AAS Conference, Sevilla-Espa\u00f1a, 27-28 Noviembre 2025<\/em>] &#8211; <strong><em>UPO<\/em><\/strong><\/li>\n\n\n\n<li><strong>Feminisms for a new age of democracy<\/strong> [<em>Horizon Europe Projects, Padua-Italy, 2 December 2025<\/em>] &#8211; <strong><em>UPO<\/em><\/strong><\/li>\n<\/ul>\n<\/div>\n<\/div>\n","protected":false},"excerpt":{"rendered":"<p>CONFERENCES PROCEEDINGS Contact us if you want to access the full text of any communications. WP 1 WP 2 WP3 WP 4 WP 6 WP 8 Miscellaneus<\/p>\n","protected":false},"author":4,"featured_media":0,"parent":14,"menu_order":0,"comment_status":"closed","ping_status":"closed","template":"page-template-notitle","meta":{"inline_featured_image":false,"footnotes":""},"class_list":["post-1687","page","type-page","status-publish","hentry"],"nelio_popups_active_popup":"","yoast_head":"<!-- This site is optimized with the Yoast SEO plugin v26.3 - https:\/\/yoast.com\/wordpress\/plugins\/seo\/ -->\n<title>CONFERENCES PROCEEDINGS - UNTWIST<\/title>\n<meta name=\"robots\" content=\"index, follow, max-snippet:-1, max-image-preview:large, max-video-preview:-1\" \/>\n<link rel=\"canonical\" href=\"https:\/\/www.upo.es\/investiga\/UNTWIST\/our-contributions\/conferences-proceedings\/\" \/>\n<meta property=\"og:locale\" content=\"en_US\" \/>\n<meta property=\"og:type\" content=\"article\" \/>\n<meta property=\"og:title\" content=\"CONFERENCES PROCEEDINGS - UNTWIST\" \/>\n<meta property=\"og:description\" content=\"CONFERENCES PROCEEDINGS Contact us if you want to access the full text of any communications. WP 1 WP 2 WP3 WP 4 WP 6 WP 8 Miscellaneus\" \/>\n<meta property=\"og:url\" content=\"https:\/\/www.upo.es\/investiga\/UNTWIST\/our-contributions\/conferences-proceedings\/\" \/>\n<meta property=\"og:site_name\" content=\"UNTWIST\" \/>\n<meta property=\"article:modified_time\" content=\"2025-12-04T14:01:06+00:00\" \/>\n<meta property=\"og:image\" content=\"https:\/\/www.upo.es\/investiga\/UNTWIST\/wp-content\/uploads\/2023\/12\/Untwist-logo.jpg\" \/>\n\t<meta property=\"og:image:width\" content=\"2480\" \/>\n\t<meta property=\"og:image:height\" content=\"1808\" \/>\n\t<meta property=\"og:image:type\" content=\"image\/jpeg\" \/>\n<meta name=\"twitter:card\" content=\"summary\" \/>\n<meta name=\"twitter:image\" content=\"https:\/\/www.upo.es\/investiga\/UNTWIST\/wp-content\/uploads\/2023\/12\/Untwist-logo.jpg\" \/>\n<meta name=\"twitter:site\" content=\"@UNTWISTproject\" \/>\n<meta name=\"twitter:label1\" content=\"Est. reading time\" \/>\n\t<meta name=\"twitter:data1\" content=\"5 minutes\" \/>\n<script type=\"application\/ld+json\" class=\"yoast-schema-graph\">{\"@context\":\"https:\/\/schema.org\",\"@graph\":[{\"@type\":\"WebPage\",\"@id\":\"https:\/\/www.upo.es\/investiga\/UNTWIST\/our-contributions\/conferences-proceedings\/\",\"url\":\"https:\/\/www.upo.es\/investiga\/UNTWIST\/our-contributions\/conferences-proceedings\/\",\"name\":\"CONFERENCES PROCEEDINGS - UNTWIST\",\"isPartOf\":{\"@id\":\"https:\/\/www.upo.es\/investiga\/UNTWIST\/#website\"},\"datePublished\":\"2024-09-04T07:17:16+00:00\",\"dateModified\":\"2025-12-04T14:01:06+00:00\",\"breadcrumb\":{\"@id\":\"https:\/\/www.upo.es\/investiga\/UNTWIST\/our-contributions\/conferences-proceedings\/#breadcrumb\"},\"inLanguage\":\"en-US\",\"potentialAction\":[{\"@type\":\"ReadAction\",\"target\":[\"https:\/\/www.upo.es\/investiga\/UNTWIST\/our-contributions\/conferences-proceedings\/\"]}]},{\"@type\":\"BreadcrumbList\",\"@id\":\"https:\/\/www.upo.es\/investiga\/UNTWIST\/our-contributions\/conferences-proceedings\/#breadcrumb\",\"itemListElement\":[{\"@type\":\"ListItem\",\"position\":1,\"name\":\"Portada\",\"item\":\"https:\/\/www.upo.es\/investiga\/UNTWIST\/\"},{\"@type\":\"ListItem\",\"position\":2,\"name\":\"Our contributions\",\"item\":\"https:\/\/www.upo.es\/investiga\/UNTWIST\/our-contributions\/\"},{\"@type\":\"ListItem\",\"position\":3,\"name\":\"CONFERENCES PROCEEDINGS\"}]},{\"@type\":\"WebSite\",\"@id\":\"https:\/\/www.upo.es\/investiga\/UNTWIST\/#website\",\"url\":\"https:\/\/www.upo.es\/investiga\/UNTWIST\/\",\"name\":\"UNTWIST\",\"description\":\"\",\"publisher\":{\"@id\":\"https:\/\/www.upo.es\/investiga\/UNTWIST\/#organization\"},\"potentialAction\":[{\"@type\":\"SearchAction\",\"target\":{\"@type\":\"EntryPoint\",\"urlTemplate\":\"https:\/\/www.upo.es\/investiga\/UNTWIST\/?s={search_term_string}\"},\"query-input\":{\"@type\":\"PropertyValueSpecification\",\"valueRequired\":true,\"valueName\":\"search_term_string\"}}],\"inLanguage\":\"en-US\"},{\"@type\":\"Organization\",\"@id\":\"https:\/\/www.upo.es\/investiga\/UNTWIST\/#organization\",\"name\":\"UNTWIST\",\"alternateName\":\"UNTWIST\",\"url\":\"https:\/\/www.upo.es\/investiga\/UNTWIST\/\",\"logo\":{\"@type\":\"ImageObject\",\"inLanguage\":\"en-US\",\"@id\":\"https:\/\/www.upo.es\/investiga\/UNTWIST\/#\/schema\/logo\/image\/\",\"url\":\"https:\/\/www.upo.es\/investiga\/UNTWIST\/wp-content\/uploads\/2023\/04\/untwitst-logo-large.png\",\"contentUrl\":\"https:\/\/www.upo.es\/investiga\/UNTWIST\/wp-content\/uploads\/2023\/04\/untwitst-logo-large.png\",\"width\":1000,\"height\":986,\"caption\":\"UNTWIST\"},\"image\":{\"@id\":\"https:\/\/www.upo.es\/investiga\/UNTWIST\/#\/schema\/logo\/image\/\"},\"sameAs\":[\"https:\/\/x.com\/UNTWISTproject\",\"https:\/\/www.youtube.com\/@UNTWIST_Project\"]}]}<\/script>\n<!-- \/ Yoast SEO plugin. -->","yoast_head_json":{"title":"CONFERENCES PROCEEDINGS - UNTWIST","robots":{"index":"index","follow":"follow","max-snippet":"max-snippet:-1","max-image-preview":"max-image-preview:large","max-video-preview":"max-video-preview:-1"},"canonical":"https:\/\/www.upo.es\/investiga\/UNTWIST\/our-contributions\/conferences-proceedings\/","og_locale":"en_US","og_type":"article","og_title":"CONFERENCES PROCEEDINGS - UNTWIST","og_description":"CONFERENCES PROCEEDINGS Contact us if you want to access the full text of any communications. WP 1 WP 2 WP3 WP 4 WP 6 WP 8 Miscellaneus","og_url":"https:\/\/www.upo.es\/investiga\/UNTWIST\/our-contributions\/conferences-proceedings\/","og_site_name":"UNTWIST","article_modified_time":"2025-12-04T14:01:06+00:00","og_image":[{"width":2480,"height":1808,"url":"https:\/\/www.upo.es\/investiga\/UNTWIST\/wp-content\/uploads\/2023\/12\/Untwist-logo.jpg","type":"image\/jpeg"}],"twitter_card":"summary","twitter_image":"https:\/\/www.upo.es\/investiga\/UNTWIST\/wp-content\/uploads\/2023\/12\/Untwist-logo.jpg","twitter_site":"@UNTWISTproject","twitter_misc":{"Est. reading time":"5 minutes"},"schema":{"@context":"https:\/\/schema.org","@graph":[{"@type":"WebPage","@id":"https:\/\/www.upo.es\/investiga\/UNTWIST\/our-contributions\/conferences-proceedings\/","url":"https:\/\/www.upo.es\/investiga\/UNTWIST\/our-contributions\/conferences-proceedings\/","name":"CONFERENCES PROCEEDINGS - UNTWIST","isPartOf":{"@id":"https:\/\/www.upo.es\/investiga\/UNTWIST\/#website"},"datePublished":"2024-09-04T07:17:16+00:00","dateModified":"2025-12-04T14:01:06+00:00","breadcrumb":{"@id":"https:\/\/www.upo.es\/investiga\/UNTWIST\/our-contributions\/conferences-proceedings\/#breadcrumb"},"inLanguage":"en-US","potentialAction":[{"@type":"ReadAction","target":["https:\/\/www.upo.es\/investiga\/UNTWIST\/our-contributions\/conferences-proceedings\/"]}]},{"@type":"BreadcrumbList","@id":"https:\/\/www.upo.es\/investiga\/UNTWIST\/our-contributions\/conferences-proceedings\/#breadcrumb","itemListElement":[{"@type":"ListItem","position":1,"name":"Portada","item":"https:\/\/www.upo.es\/investiga\/UNTWIST\/"},{"@type":"ListItem","position":2,"name":"Our contributions","item":"https:\/\/www.upo.es\/investiga\/UNTWIST\/our-contributions\/"},{"@type":"ListItem","position":3,"name":"CONFERENCES PROCEEDINGS"}]},{"@type":"WebSite","@id":"https:\/\/www.upo.es\/investiga\/UNTWIST\/#website","url":"https:\/\/www.upo.es\/investiga\/UNTWIST\/","name":"UNTWIST","description":"","publisher":{"@id":"https:\/\/www.upo.es\/investiga\/UNTWIST\/#organization"},"potentialAction":[{"@type":"SearchAction","target":{"@type":"EntryPoint","urlTemplate":"https:\/\/www.upo.es\/investiga\/UNTWIST\/?s={search_term_string}"},"query-input":{"@type":"PropertyValueSpecification","valueRequired":true,"valueName":"search_term_string"}}],"inLanguage":"en-US"},{"@type":"Organization","@id":"https:\/\/www.upo.es\/investiga\/UNTWIST\/#organization","name":"UNTWIST","alternateName":"UNTWIST","url":"https:\/\/www.upo.es\/investiga\/UNTWIST\/","logo":{"@type":"ImageObject","inLanguage":"en-US","@id":"https:\/\/www.upo.es\/investiga\/UNTWIST\/#\/schema\/logo\/image\/","url":"https:\/\/www.upo.es\/investiga\/UNTWIST\/wp-content\/uploads\/2023\/04\/untwitst-logo-large.png","contentUrl":"https:\/\/www.upo.es\/investiga\/UNTWIST\/wp-content\/uploads\/2023\/04\/untwitst-logo-large.png","width":1000,"height":986,"caption":"UNTWIST"},"image":{"@id":"https:\/\/www.upo.es\/investiga\/UNTWIST\/#\/schema\/logo\/image\/"},"sameAs":["https:\/\/x.com\/UNTWISTproject","https:\/\/www.youtube.com\/@UNTWIST_Project"]}]}},"_links":{"self":[{"href":"https:\/\/www.upo.es\/investiga\/UNTWIST\/wp-json\/wp\/v2\/pages\/1687","targetHints":{"allow":["GET"]}}],"collection":[{"href":"https:\/\/www.upo.es\/investiga\/UNTWIST\/wp-json\/wp\/v2\/pages"}],"about":[{"href":"https:\/\/www.upo.es\/investiga\/UNTWIST\/wp-json\/wp\/v2\/types\/page"}],"author":[{"embeddable":true,"href":"https:\/\/www.upo.es\/investiga\/UNTWIST\/wp-json\/wp\/v2\/users\/4"}],"replies":[{"embeddable":true,"href":"https:\/\/www.upo.es\/investiga\/UNTWIST\/wp-json\/wp\/v2\/comments?post=1687"}],"version-history":[{"count":11,"href":"https:\/\/www.upo.es\/investiga\/UNTWIST\/wp-json\/wp\/v2\/pages\/1687\/revisions"}],"predecessor-version":[{"id":2441,"href":"https:\/\/www.upo.es\/investiga\/UNTWIST\/wp-json\/wp\/v2\/pages\/1687\/revisions\/2441"}],"up":[{"embeddable":true,"href":"https:\/\/www.upo.es\/investiga\/UNTWIST\/wp-json\/wp\/v2\/pages\/14"}],"wp:attachment":[{"href":"https:\/\/www.upo.es\/investiga\/UNTWIST\/wp-json\/wp\/v2\/media?parent=1687"}],"curies":[{"name":"wp","href":"https:\/\/api.w.org\/{rel}","templated":true}]}}