{"id":1832,"date":"2025-01-22T16:06:18","date_gmt":"2025-01-22T15:06:18","guid":{"rendered":"https:\/\/www.upo.es\/investiga\/UNTWIST\/?page_id=1832"},"modified":"2026-02-03T12:38:48","modified_gmt":"2026-02-03T11:38:48","slug":"our-contributions-danmark","status":"publish","type":"page","link":"https:\/\/www.upo.es\/investiga\/UNTWIST\/our-contributions-danmark\/","title":{"rendered":"Our contributions &#8211; DANMARK"},"content":{"rendered":"\n<div class=\"wp-block-group is-layout-constrained wp-block-group-is-layout-constrained\">\n<div class=\"wp-block-buttons is-content-justification-center is-layout-flex wp-container-core-buttons-is-layout-4071a5ec wp-block-buttons-is-layout-flex\" style=\"margin-bottom:70px\">\n<div class=\"wp-block-button\"><a class=\"wp-block-button__link has-primary-background-color has-background wp-element-button\" href=\"https:\/\/www.upo.es\/investiga\/UNTWIST\/about-untwist\/\">About UNTWIST<\/a><\/div>\n<\/div>\n\n\n\n<div class=\"wp-block-group contrib-block is-layout-constrained wp-block-group-is-layout-constrained\">\n<div class=\"wp-block-columns is-layout-flex wp-container-core-columns-is-layout-d05c7dfd wp-block-columns-is-layout-flex\">\n<div class=\"wp-block-column has-background-background-color has-background is-layout-flow wp-block-column-is-layout-flow\" style=\"padding-top:0;padding-right:0;padding-bottom:0;padding-left:0\">\n<div class=\"wp-block-group is-layout-constrained wp-container-core-group-is-layout-254f1302 wp-block-group-is-layout-constrained\" style=\"padding-top:0;padding-right:0;padding-bottom:0;padding-left:0\">\n<div class=\"wp-block-group block-accent-clr block-accent-clr-pink bg-icon bg-icon-video is-layout-constrained wp-container-core-group-is-layout-a788aded wp-block-group-is-layout-constrained\" style=\"padding-top:50px;padding-right:75px;padding-bottom:50px;padding-left:75px\">\n<div class=\"wp-block-group is-content-justification-space-between is-nowrap is-layout-flex wp-container-core-group-is-layout-4e2e7437 wp-block-group-is-layout-flex\">\n<div class=\"wp-block-group is-nowrap is-layout-flex wp-container-core-group-is-layout-f66f9956 wp-block-group-is-layout-flex\">\n<figure class=\"wp-block-image size-large\"><img loading=\"lazy\" decoding=\"async\" width=\"45\" height=\"45\" src=\"https:\/\/www.upo.es\/investiga\/UNTWIST\/wp-content\/uploads\/2023\/05\/video-icon.svg\" alt=\"\" class=\"wp-image-1003\"\/><\/figure>\n\n\n\n<h3 class=\"wp-block-heading has-title-color has-text-color\">VIDEO<\/h3>\n<\/div>\n\n\n\n<div class=\"wp-block-buttons is-layout-flex wp-block-buttons-is-layout-flex\">\n<div class=\"wp-block-button\"><a class=\"wp-block-button__link has-primary-background-color has-background has-medium-font-size has-custom-font-size wp-element-button\" href=\"https:\/\/www.upo.es\/investiga\/UNTWIST\/our-contributions\/video-ger\/\" style=\"padding-top:0;padding-bottom:0\">+<\/a><\/div>\n<\/div>\n<\/div>\n\n\n\n<p class=\"has-normal-font-size\">Vores videoer pr\u00e6senterer UNTWIST og dets resultater for organisationer og politiske akt\u00f8rer. Vi producerer vores videoer p\u00e5 seks forskellige sprog for at hj\u00e6lpe civilsamfundsorganisationer og politiske akt\u00f8rer fra forskellige lande med at f\u00e5 adgang til vores forslag.<\/p>\n<\/div>\n<\/div>\n<\/div>\n\n\n\n<div class=\"wp-block-column has-background-background-color has-background is-layout-flow wp-block-column-is-layout-flow\">\n<div class=\"wp-block-group is-layout-constrained wp-block-group-is-layout-constrained\">\n<div class=\"wp-block-group block-accent-clr block-accent-clr-blue bg-icon bg-icon-media is-layout-constrained wp-container-core-group-is-layout-a788aded wp-block-group-is-layout-constrained\" style=\"padding-top:50px;padding-right:75px;padding-bottom:50px;padding-left:75px\">\n<div class=\"wp-block-group is-content-justification-space-between is-nowrap is-layout-flex wp-container-core-group-is-layout-4e2e7437 wp-block-group-is-layout-flex\">\n<div class=\"wp-block-group is-nowrap is-layout-flex wp-container-core-group-is-layout-f66f9956 wp-block-group-is-layout-flex\">\n<figure class=\"wp-block-image size-large\"><img loading=\"lazy\" decoding=\"async\" width=\"45\" height=\"36\" src=\"https:\/\/www.upo.es\/investiga\/UNTWIST\/wp-content\/uploads\/2023\/05\/notice-icon.svg\" alt=\"\" class=\"wp-image-1009\"\/><\/figure>\n\n\n\n<h3 class=\"wp-block-heading has-title-color has-text-color\">MEDIED\u00c6KNING<\/h3>\n<\/div>\n\n\n\n<div class=\"wp-block-buttons is-layout-flex wp-block-buttons-is-layout-flex\">\n<div class=\"wp-block-button\"><a class=\"wp-block-button__link has-primary-background-color has-background has-medium-font-size has-custom-font-size wp-element-button\" href=\"https:\/\/www.upo.es\/investiga\/UNTWIST\/our-contributions\/media-dk\/\" style=\"padding-top:0;padding-bottom:0\">+<\/a><\/div>\n<\/div>\n<\/div>\n\n\n\n<p class=\"has-normal-font-size\">Disse dokumenter, herunder pressemeddelelser eller presseartikler, omfatter relevante UNTWIST-resultater og politiske anbefalinger, som har f\u00e5et medieomtale\u2026 Disse oplysninger kan henlede din opm\u00e6rksomhed p\u00e5 vores mest nyhedsv\u00e6rdige indhold pr\u00e6senteret p\u00e5 en engagerende m\u00e5de. Desuden kan de demonstrere organisationers eller politiske akt\u00f8rers interesse for at bruge UNTWISTs resultater.<\/p>\n<\/div>\n<\/div>\n<\/div>\n<\/div>\n\n\n\n<div class=\"wp-block-columns is-layout-flex wp-container-core-columns-is-layout-d05c7dfd wp-block-columns-is-layout-flex\">\n<div class=\"wp-block-column has-background-background-color has-background is-layout-flow wp-block-column-is-layout-flow\">\n<div class=\"wp-block-group is-layout-constrained wp-block-group-is-layout-constrained\">\n<div class=\"wp-block-group block-accent-clr block-accent-clr-yellow bg-icon bg-icon-political is-layout-constrained wp-container-core-group-is-layout-a788aded wp-block-group-is-layout-constrained\" style=\"padding-top:50px;padding-right:75px;padding-bottom:50px;padding-left:75px\">\n<div class=\"wp-block-group is-content-justification-space-between is-nowrap is-layout-flex wp-container-core-group-is-layout-4e2e7437 wp-block-group-is-layout-flex\">\n<div class=\"wp-block-group is-nowrap is-layout-flex wp-container-core-group-is-layout-f66f9956 wp-block-group-is-layout-flex\">\n<figure class=\"wp-block-image size-large\"><img loading=\"lazy\" decoding=\"async\" width=\"45\" height=\"42\" src=\"https:\/\/www.upo.es\/investiga\/UNTWIST\/wp-content\/uploads\/2023\/05\/megaphone-icon.svg\" alt=\"\" class=\"wp-image-1012\"\/><\/figure>\n\n\n\n<h3 class=\"wp-block-heading has-title-color has-text-color\">KOLLEKTION AF UNTWIST-BRIEFINGER<\/h3>\n<\/div>\n\n\n\n<div class=\"wp-block-buttons is-layout-flex wp-block-buttons-is-layout-flex\">\n<div class=\"wp-block-button is-style-fill\"><a class=\"wp-block-button__link has-primary-background-color has-background has-medium-font-size has-custom-font-size wp-element-button\" href=\"https:\/\/www.upo.es\/investiga\/UNTWIST\/our-contributions\/untwist-briefings-collection-dan\/\" style=\"padding-top:0;padding-bottom:0\">+<\/a><\/div>\n<\/div>\n<\/div>\n\n\n\n<p class=\"has-normal-font-size\">Vores briefinger er evidensbaserede dokumenter, der har til form\u00e5l at give organisationer og politiske akt\u00f8rer anbefalinger til, hvordan de kan forbedre k\u00f8nsrepr\u00e6sentationen. De pr\u00e6senterer vores vigtigste resultater i et letforst\u00e5eligt sprog, som kan bruges direkte af organisationer og politiske akt\u00f8rer. Vi producerer vores briefinger p\u00e5 seks forskellige sprog for at hj\u00e6lpe civilsamfundsorganisationer og politiske akt\u00f8rer fra forskellige lande med at f\u00e5 adgang til vores forslag, s\u00e5 de kan finde nye m\u00e5der at im\u00f8dekomme k\u00f8nsrelaterede behov p\u00e5 i et fornyet demokratisk samfund. Efter anmodning kan vi uddybe, hvordan vores forskningsresultater relaterer til og kan informere dine prioriteter.<\/p>\n<\/div>\n<\/div>\n<\/div>\n\n\n\n<div class=\"wp-block-column has-background-background-color has-background is-layout-flow wp-block-column-is-layout-flow\">\n<div class=\"wp-block-group is-layout-constrained wp-block-group-is-layout-constrained\">\n<div class=\"wp-block-group block-accent-clr block-accent-clr-pink bg-icon bg-icon-infog is-layout-constrained wp-container-core-group-is-layout-a788aded wp-block-group-is-layout-constrained\" style=\"padding-top:50px;padding-right:75px;padding-bottom:50px;padding-left:75px\">\n<div class=\"wp-block-group is-content-justification-space-between is-nowrap is-layout-flex wp-container-core-group-is-layout-4e2e7437 wp-block-group-is-layout-flex\">\n<div class=\"wp-block-group is-nowrap is-layout-flex wp-container-core-group-is-layout-f66f9956 wp-block-group-is-layout-flex\">\n<figure class=\"wp-block-image size-large\"><img loading=\"lazy\" decoding=\"async\" width=\"45\" height=\"45\" src=\"https:\/\/www.upo.es\/investiga\/UNTWIST\/wp-content\/uploads\/2023\/05\/chart-icon.svg\" alt=\"\" class=\"wp-image-1014\"\/><\/figure>\n\n\n\n<h3 class=\"wp-block-heading has-title-color has-text-color\">INFOGRAFIK<\/h3>\n<\/div>\n\n\n\n<div class=\"wp-block-buttons is-layout-flex wp-block-buttons-is-layout-flex\">\n<div class=\"wp-block-button\"><a class=\"wp-block-button__link has-primary-background-color has-background has-medium-font-size has-custom-font-size wp-element-button\" href=\"https:\/\/www.upo.es\/investiga\/UNTWIST\/our-contributions\/infographics-dan\/\" style=\"padding-top:0;padding-bottom:0\">+<\/a><\/div>\n<\/div>\n<\/div>\n\n\n\n<p class=\"has-normal-font-size\">Vores infografik er den mest syntetiske m\u00e5de at pr\u00e6sentere UNTWISTs resultater p\u00e5. Vi inkluderer her interaktive apps til at udforske og udnytte den store m\u00e6ngde data, vi producerer til vores projekt. Disse visuelle produkter har til form\u00e5l at give en mere holistisk forst\u00e5else af vores projekt og resultater samt at give brugerne v\u00e6rkt\u00f8jer til at udforske og udnytte vores data.<\/p>\n<\/div>\n<\/div>\n<\/div>\n<\/div>\n\n\n\n<div class=\"wp-block-columns is-layout-flex wp-container-core-columns-is-layout-d05c7dfd wp-block-columns-is-layout-flex\"><\/div>\n<\/div>\n<\/div>\n\n\n\n<p><\/p>\n","protected":false},"excerpt":{"rendered":"<p>VIDEO Vores videoer pr\u00e6senterer UNTWIST og dets resultater for organisationer og politiske akt\u00f8rer. Vi producerer vores videoer p\u00e5 seks forskellige sprog for at hj\u00e6lpe civilsamfundsorganisationer og politiske akt\u00f8rer fra forskellige lande med at f\u00e5 adgang til vores forslag. MEDIED\u00c6KNING Disse dokumenter, herunder pressemeddelelser eller presseartikler, omfatter relevante UNTWIST-resultater og politiske anbefalinger, som har f\u00e5et medieomtale\u2026 [&hellip;]<\/p>\n","protected":false},"author":4,"featured_media":0,"parent":0,"menu_order":0,"comment_status":"closed","ping_status":"closed","template":"page-template-notitle","meta":{"inline_featured_image":false,"footnotes":""},"class_list":["post-1832","page","type-page","status-publish","hentry"],"nelio_popups_active_popup":"","yoast_head":"<!-- This site is optimized with the Yoast SEO plugin v26.3 - https:\/\/yoast.com\/wordpress\/plugins\/seo\/ -->\n<title>Our contributions - DANMARK - UNTWIST<\/title>\n<meta name=\"robots\" content=\"index, follow, max-snippet:-1, max-image-preview:large, max-video-preview:-1\" \/>\n<link rel=\"canonical\" href=\"https:\/\/www.upo.es\/investiga\/UNTWIST\/our-contributions-danmark\/\" \/>\n<meta property=\"og:locale\" content=\"en_US\" \/>\n<meta property=\"og:type\" content=\"article\" \/>\n<meta property=\"og:title\" content=\"Our contributions - DANMARK - UNTWIST\" \/>\n<meta property=\"og:description\" content=\"VIDEO Vores videoer pr\u00e6senterer UNTWIST og dets resultater for organisationer og politiske akt\u00f8rer. Vi producerer vores videoer p\u00e5 seks forskellige sprog for at hj\u00e6lpe civilsamfundsorganisationer og politiske akt\u00f8rer fra forskellige lande med at f\u00e5 adgang til vores forslag. MEDIED\u00c6KNING Disse dokumenter, herunder pressemeddelelser eller presseartikler, omfatter relevante UNTWIST-resultater og politiske anbefalinger, som har f\u00e5et medieomtale\u2026 [&hellip;]\" \/>\n<meta property=\"og:url\" content=\"https:\/\/www.upo.es\/investiga\/UNTWIST\/our-contributions-danmark\/\" \/>\n<meta property=\"og:site_name\" content=\"UNTWIST\" \/>\n<meta property=\"article:modified_time\" content=\"2026-02-03T11:38:48+00:00\" \/>\n<meta property=\"og:image\" content=\"https:\/\/www.upo.es\/investiga\/UNTWIST\/wp-content\/uploads\/2023\/12\/Untwist-logo.jpg\" \/>\n\t<meta property=\"og:image:width\" content=\"2480\" \/>\n\t<meta property=\"og:image:height\" content=\"1808\" \/>\n\t<meta property=\"og:image:type\" content=\"image\/jpeg\" \/>\n<meta name=\"twitter:card\" content=\"summary\" \/>\n<meta name=\"twitter:image\" content=\"https:\/\/www.upo.es\/investiga\/UNTWIST\/wp-content\/uploads\/2023\/12\/Untwist-logo.jpg\" \/>\n<meta name=\"twitter:site\" content=\"@UNTWISTproject\" \/>\n<meta name=\"twitter:label1\" content=\"Est. reading time\" \/>\n\t<meta name=\"twitter:data1\" content=\"2 minutes\" \/>\n<script type=\"application\/ld+json\" class=\"yoast-schema-graph\">{\"@context\":\"https:\/\/schema.org\",\"@graph\":[{\"@type\":\"WebPage\",\"@id\":\"https:\/\/www.upo.es\/investiga\/UNTWIST\/our-contributions-danmark\/\",\"url\":\"https:\/\/www.upo.es\/investiga\/UNTWIST\/our-contributions-danmark\/\",\"name\":\"Our contributions - DANMARK - UNTWIST\",\"isPartOf\":{\"@id\":\"https:\/\/www.upo.es\/investiga\/UNTWIST\/#website\"},\"primaryImageOfPage\":{\"@id\":\"https:\/\/www.upo.es\/investiga\/UNTWIST\/our-contributions-danmark\/#primaryimage\"},\"image\":{\"@id\":\"https:\/\/www.upo.es\/investiga\/UNTWIST\/our-contributions-danmark\/#primaryimage\"},\"thumbnailUrl\":\"https:\/\/www.upo.es\/investiga\/UNTWIST\/wp-content\/uploads\/2023\/05\/video-icon.svg\",\"datePublished\":\"2025-01-22T15:06:18+00:00\",\"dateModified\":\"2026-02-03T11:38:48+00:00\",\"breadcrumb\":{\"@id\":\"https:\/\/www.upo.es\/investiga\/UNTWIST\/our-contributions-danmark\/#breadcrumb\"},\"inLanguage\":\"en-US\",\"potentialAction\":[{\"@type\":\"ReadAction\",\"target\":[\"https:\/\/www.upo.es\/investiga\/UNTWIST\/our-contributions-danmark\/\"]}]},{\"@type\":\"ImageObject\",\"inLanguage\":\"en-US\",\"@id\":\"https:\/\/www.upo.es\/investiga\/UNTWIST\/our-contributions-danmark\/#primaryimage\",\"url\":\"https:\/\/www.upo.es\/investiga\/UNTWIST\/wp-content\/uploads\/2023\/05\/video-icon.svg\",\"contentUrl\":\"https:\/\/www.upo.es\/investiga\/UNTWIST\/wp-content\/uploads\/2023\/05\/video-icon.svg\",\"width\":45,\"height\":45},{\"@type\":\"BreadcrumbList\",\"@id\":\"https:\/\/www.upo.es\/investiga\/UNTWIST\/our-contributions-danmark\/#breadcrumb\",\"itemListElement\":[{\"@type\":\"ListItem\",\"position\":1,\"name\":\"Portada\",\"item\":\"https:\/\/www.upo.es\/investiga\/UNTWIST\/\"},{\"@type\":\"ListItem\",\"position\":2,\"name\":\"Our contributions &#8211; DANMARK\"}]},{\"@type\":\"WebSite\",\"@id\":\"https:\/\/www.upo.es\/investiga\/UNTWIST\/#website\",\"url\":\"https:\/\/www.upo.es\/investiga\/UNTWIST\/\",\"name\":\"UNTWIST\",\"description\":\"\",\"publisher\":{\"@id\":\"https:\/\/www.upo.es\/investiga\/UNTWIST\/#organization\"},\"potentialAction\":[{\"@type\":\"SearchAction\",\"target\":{\"@type\":\"EntryPoint\",\"urlTemplate\":\"https:\/\/www.upo.es\/investiga\/UNTWIST\/?s={search_term_string}\"},\"query-input\":{\"@type\":\"PropertyValueSpecification\",\"valueRequired\":true,\"valueName\":\"search_term_string\"}}],\"inLanguage\":\"en-US\"},{\"@type\":\"Organization\",\"@id\":\"https:\/\/www.upo.es\/investiga\/UNTWIST\/#organization\",\"name\":\"UNTWIST\",\"alternateName\":\"UNTWIST\",\"url\":\"https:\/\/www.upo.es\/investiga\/UNTWIST\/\",\"logo\":{\"@type\":\"ImageObject\",\"inLanguage\":\"en-US\",\"@id\":\"https:\/\/www.upo.es\/investiga\/UNTWIST\/#\/schema\/logo\/image\/\",\"url\":\"https:\/\/www.upo.es\/investiga\/UNTWIST\/wp-content\/uploads\/2023\/04\/untwitst-logo-large.png\",\"contentUrl\":\"https:\/\/www.upo.es\/investiga\/UNTWIST\/wp-content\/uploads\/2023\/04\/untwitst-logo-large.png\",\"width\":1000,\"height\":986,\"caption\":\"UNTWIST\"},\"image\":{\"@id\":\"https:\/\/www.upo.es\/investiga\/UNTWIST\/#\/schema\/logo\/image\/\"},\"sameAs\":[\"https:\/\/x.com\/UNTWISTproject\",\"https:\/\/www.youtube.com\/@UNTWIST_Project\"]}]}<\/script>\n<!-- \/ Yoast SEO plugin. -->","yoast_head_json":{"title":"Our contributions - DANMARK - UNTWIST","robots":{"index":"index","follow":"follow","max-snippet":"max-snippet:-1","max-image-preview":"max-image-preview:large","max-video-preview":"max-video-preview:-1"},"canonical":"https:\/\/www.upo.es\/investiga\/UNTWIST\/our-contributions-danmark\/","og_locale":"en_US","og_type":"article","og_title":"Our contributions - DANMARK - UNTWIST","og_description":"VIDEO Vores videoer pr\u00e6senterer UNTWIST og dets resultater for organisationer og politiske akt\u00f8rer. Vi producerer vores videoer p\u00e5 seks forskellige sprog for at hj\u00e6lpe civilsamfundsorganisationer og politiske akt\u00f8rer fra forskellige lande med at f\u00e5 adgang til vores forslag. MEDIED\u00c6KNING Disse dokumenter, herunder pressemeddelelser eller presseartikler, omfatter relevante UNTWIST-resultater og politiske anbefalinger, som har f\u00e5et medieomtale\u2026 [&hellip;]","og_url":"https:\/\/www.upo.es\/investiga\/UNTWIST\/our-contributions-danmark\/","og_site_name":"UNTWIST","article_modified_time":"2026-02-03T11:38:48+00:00","og_image":[{"width":2480,"height":1808,"url":"https:\/\/www.upo.es\/investiga\/UNTWIST\/wp-content\/uploads\/2023\/12\/Untwist-logo.jpg","type":"image\/jpeg"}],"twitter_card":"summary","twitter_image":"https:\/\/www.upo.es\/investiga\/UNTWIST\/wp-content\/uploads\/2023\/12\/Untwist-logo.jpg","twitter_site":"@UNTWISTproject","twitter_misc":{"Est. reading time":"2 minutes"},"schema":{"@context":"https:\/\/schema.org","@graph":[{"@type":"WebPage","@id":"https:\/\/www.upo.es\/investiga\/UNTWIST\/our-contributions-danmark\/","url":"https:\/\/www.upo.es\/investiga\/UNTWIST\/our-contributions-danmark\/","name":"Our contributions - DANMARK - UNTWIST","isPartOf":{"@id":"https:\/\/www.upo.es\/investiga\/UNTWIST\/#website"},"primaryImageOfPage":{"@id":"https:\/\/www.upo.es\/investiga\/UNTWIST\/our-contributions-danmark\/#primaryimage"},"image":{"@id":"https:\/\/www.upo.es\/investiga\/UNTWIST\/our-contributions-danmark\/#primaryimage"},"thumbnailUrl":"https:\/\/www.upo.es\/investiga\/UNTWIST\/wp-content\/uploads\/2023\/05\/video-icon.svg","datePublished":"2025-01-22T15:06:18+00:00","dateModified":"2026-02-03T11:38:48+00:00","breadcrumb":{"@id":"https:\/\/www.upo.es\/investiga\/UNTWIST\/our-contributions-danmark\/#breadcrumb"},"inLanguage":"en-US","potentialAction":[{"@type":"ReadAction","target":["https:\/\/www.upo.es\/investiga\/UNTWIST\/our-contributions-danmark\/"]}]},{"@type":"ImageObject","inLanguage":"en-US","@id":"https:\/\/www.upo.es\/investiga\/UNTWIST\/our-contributions-danmark\/#primaryimage","url":"https:\/\/www.upo.es\/investiga\/UNTWIST\/wp-content\/uploads\/2023\/05\/video-icon.svg","contentUrl":"https:\/\/www.upo.es\/investiga\/UNTWIST\/wp-content\/uploads\/2023\/05\/video-icon.svg","width":45,"height":45},{"@type":"BreadcrumbList","@id":"https:\/\/www.upo.es\/investiga\/UNTWIST\/our-contributions-danmark\/#breadcrumb","itemListElement":[{"@type":"ListItem","position":1,"name":"Portada","item":"https:\/\/www.upo.es\/investiga\/UNTWIST\/"},{"@type":"ListItem","position":2,"name":"Our contributions &#8211; DANMARK"}]},{"@type":"WebSite","@id":"https:\/\/www.upo.es\/investiga\/UNTWIST\/#website","url":"https:\/\/www.upo.es\/investiga\/UNTWIST\/","name":"UNTWIST","description":"","publisher":{"@id":"https:\/\/www.upo.es\/investiga\/UNTWIST\/#organization"},"potentialAction":[{"@type":"SearchAction","target":{"@type":"EntryPoint","urlTemplate":"https:\/\/www.upo.es\/investiga\/UNTWIST\/?s={search_term_string}"},"query-input":{"@type":"PropertyValueSpecification","valueRequired":true,"valueName":"search_term_string"}}],"inLanguage":"en-US"},{"@type":"Organization","@id":"https:\/\/www.upo.es\/investiga\/UNTWIST\/#organization","name":"UNTWIST","alternateName":"UNTWIST","url":"https:\/\/www.upo.es\/investiga\/UNTWIST\/","logo":{"@type":"ImageObject","inLanguage":"en-US","@id":"https:\/\/www.upo.es\/investiga\/UNTWIST\/#\/schema\/logo\/image\/","url":"https:\/\/www.upo.es\/investiga\/UNTWIST\/wp-content\/uploads\/2023\/04\/untwitst-logo-large.png","contentUrl":"https:\/\/www.upo.es\/investiga\/UNTWIST\/wp-content\/uploads\/2023\/04\/untwitst-logo-large.png","width":1000,"height":986,"caption":"UNTWIST"},"image":{"@id":"https:\/\/www.upo.es\/investiga\/UNTWIST\/#\/schema\/logo\/image\/"},"sameAs":["https:\/\/x.com\/UNTWISTproject","https:\/\/www.youtube.com\/@UNTWIST_Project"]}]}},"_links":{"self":[{"href":"https:\/\/www.upo.es\/investiga\/UNTWIST\/wp-json\/wp\/v2\/pages\/1832","targetHints":{"allow":["GET"]}}],"collection":[{"href":"https:\/\/www.upo.es\/investiga\/UNTWIST\/wp-json\/wp\/v2\/pages"}],"about":[{"href":"https:\/\/www.upo.es\/investiga\/UNTWIST\/wp-json\/wp\/v2\/types\/page"}],"author":[{"embeddable":true,"href":"https:\/\/www.upo.es\/investiga\/UNTWIST\/wp-json\/wp\/v2\/users\/4"}],"replies":[{"embeddable":true,"href":"https:\/\/www.upo.es\/investiga\/UNTWIST\/wp-json\/wp\/v2\/comments?post=1832"}],"version-history":[{"count":6,"href":"https:\/\/www.upo.es\/investiga\/UNTWIST\/wp-json\/wp\/v2\/pages\/1832\/revisions"}],"predecessor-version":[{"id":2587,"href":"https:\/\/www.upo.es\/investiga\/UNTWIST\/wp-json\/wp\/v2\/pages\/1832\/revisions\/2587"}],"wp:attachment":[{"href":"https:\/\/www.upo.es\/investiga\/UNTWIST\/wp-json\/wp\/v2\/media?parent=1832"}],"curies":[{"name":"wp","href":"https:\/\/api.w.org\/{rel}","templated":true}]}}