{"id":1836,"date":"2025-01-22T16:09:25","date_gmt":"2025-01-22T15:09:25","guid":{"rendered":"https:\/\/www.upo.es\/investiga\/UNTWIST\/?page_id=1836"},"modified":"2025-12-11T12:24:39","modified_gmt":"2025-12-11T11:24:39","slug":"our-contributions-espana","status":"publish","type":"page","link":"https:\/\/www.upo.es\/investiga\/UNTWIST\/our-contributions-espana\/","title":{"rendered":"Our contributions &#8211; ESPA\u00d1A"},"content":{"rendered":"\n<div class=\"wp-block-group is-layout-constrained wp-block-group-is-layout-constrained\">\n<div class=\"wp-block-buttons is-content-justification-center is-layout-flex wp-container-core-buttons-is-layout-4071a5ec wp-block-buttons-is-layout-flex\" style=\"margin-bottom:70px\">\n<div class=\"wp-block-button\"><a class=\"wp-block-button__link has-primary-background-color has-background wp-element-button\" href=\"https:\/\/www.upo.es\/investiga\/UNTWIST\/about-untwist\/\">About UNTWIST<\/a><\/div>\n<\/div>\n\n\n\n<div class=\"wp-block-group contrib-block is-layout-constrained wp-block-group-is-layout-constrained\">\n<div class=\"wp-block-columns is-layout-flex wp-container-core-columns-is-layout-d05c7dfd wp-block-columns-is-layout-flex\">\n<div class=\"wp-block-column has-background-background-color has-background is-layout-flow wp-block-column-is-layout-flow\" style=\"padding-top:0;padding-right:0;padding-bottom:0;padding-left:0\">\n<div class=\"wp-block-group is-layout-constrained wp-container-core-group-is-layout-254f1302 wp-block-group-is-layout-constrained\" style=\"padding-top:0;padding-right:0;padding-bottom:0;padding-left:0\">\n<div class=\"wp-block-group block-accent-clr block-accent-clr-pink bg-icon bg-icon-video is-layout-constrained wp-container-core-group-is-layout-a788aded wp-block-group-is-layout-constrained\" style=\"padding-top:50px;padding-right:75px;padding-bottom:50px;padding-left:75px\">\n<div class=\"wp-block-group is-content-justification-space-between is-nowrap is-layout-flex wp-container-core-group-is-layout-4e2e7437 wp-block-group-is-layout-flex\">\n<div class=\"wp-block-group is-nowrap is-layout-flex wp-container-core-group-is-layout-f66f9956 wp-block-group-is-layout-flex\">\n<figure class=\"wp-block-image size-large\"><img loading=\"lazy\" decoding=\"async\" width=\"45\" height=\"45\" src=\"https:\/\/www.upo.es\/investiga\/UNTWIST\/wp-content\/uploads\/2023\/05\/video-icon.svg\" alt=\"\" class=\"wp-image-1003\"\/><\/figure>\n\n\n\n<h3 class=\"wp-block-heading has-title-color has-text-color\">VIDEOS<\/h3>\n<\/div>\n\n\n\n<div class=\"wp-block-buttons is-layout-flex wp-block-buttons-is-layout-flex\">\n<div class=\"wp-block-button\"><a class=\"wp-block-button__link has-primary-background-color has-background has-medium-font-size has-custom-font-size wp-element-button\" href=\"https:\/\/www.upo.es\/investiga\/UNTWIST\/our-contributions\/video-spa\/\" style=\"padding-top:0;padding-bottom:0\">+<\/a><\/div>\n<\/div>\n<\/div>\n\n\n\n<p class=\"has-normal-font-size\">Nuestros v\u00eddeos presentan UNTWIST y sus resultados a organizaciones y actores pol\u00edticos. Producimos nuestros v\u00eddeos en seis idiomas diferentes para ayudar a organizaciones de la sociedad civil y actores pol\u00edticos de distintos pa\u00edses a acceder a nuestra propuesta.<\/p>\n<\/div>\n<\/div>\n<\/div>\n\n\n\n<div class=\"wp-block-column has-background-background-color has-background is-layout-flow wp-block-column-is-layout-flow\">\n<div class=\"wp-block-group is-layout-constrained wp-block-group-is-layout-constrained\">\n<div class=\"wp-block-group block-accent-clr block-accent-clr-blue bg-icon bg-icon-media is-layout-constrained wp-container-core-group-is-layout-a788aded wp-block-group-is-layout-constrained\" style=\"padding-top:50px;padding-right:75px;padding-bottom:50px;padding-left:75px\">\n<div class=\"wp-block-group is-content-justification-space-between is-nowrap is-layout-flex wp-container-core-group-is-layout-4e2e7437 wp-block-group-is-layout-flex\">\n<div class=\"wp-block-group is-nowrap is-layout-flex wp-container-core-group-is-layout-f66f9956 wp-block-group-is-layout-flex\">\n<figure class=\"wp-block-image size-large\"><img loading=\"lazy\" decoding=\"async\" width=\"45\" height=\"36\" src=\"https:\/\/www.upo.es\/investiga\/UNTWIST\/wp-content\/uploads\/2023\/05\/notice-icon.svg\" alt=\"\" class=\"wp-image-1009\"\/><\/figure>\n\n\n\n<h3 class=\"wp-block-heading has-title-color has-text-color\">NOTAS DE PRENSA<\/h3>\n<\/div>\n\n\n\n<div class=\"wp-block-buttons is-layout-flex wp-block-buttons-is-layout-flex\">\n<div class=\"wp-block-button\"><a class=\"wp-block-button__link has-primary-background-color has-background has-medium-font-size has-custom-font-size wp-element-button\" href=\"https:\/\/www.upo.es\/investiga\/UNTWIST\/our-contributions\/media-es\/\" style=\"padding-top:0;padding-bottom:0\">+<\/a><\/div>\n<\/div>\n<\/div>\n\n\n\n<p class=\"has-normal-font-size\">Estos documentos, comunicados o art\u00edculos de prensa, recogen las conclusiones y recomendaciones pol\u00edticas de UNTWIST que han tenido repercusi\u00f3n en los medios de comunicaci\u00f3n. Estas informaciones pueden llamar su atenci\u00f3n sobre nuestros contenidos m\u00e1s noticiables presentados de forma sint\u00e9tica. Adem\u00e1s, pueden demostrar el inter\u00e9s de organizaciones o actores pol\u00edticos por utilizar las conclusiones del UNTWIST.<\/p>\n<\/div>\n<\/div>\n<\/div>\n<\/div>\n\n\n\n<div class=\"wp-block-columns is-layout-flex wp-container-core-columns-is-layout-d05c7dfd wp-block-columns-is-layout-flex\">\n<div class=\"wp-block-column has-background-background-color has-background is-layout-flow wp-block-column-is-layout-flow\">\n<div class=\"wp-block-group is-layout-constrained wp-block-group-is-layout-constrained\">\n<div class=\"wp-block-group block-accent-clr block-accent-clr-yellow bg-icon bg-icon-political is-layout-constrained wp-container-core-group-is-layout-a788aded wp-block-group-is-layout-constrained\" style=\"padding-top:50px;padding-right:75px;padding-bottom:50px;padding-left:75px\">\n<div class=\"wp-block-group is-content-justification-space-between is-nowrap is-layout-flex wp-container-core-group-is-layout-4e2e7437 wp-block-group-is-layout-flex\">\n<div class=\"wp-block-group is-nowrap is-layout-flex wp-container-core-group-is-layout-f66f9956 wp-block-group-is-layout-flex\">\n<figure class=\"wp-block-image size-large\"><img loading=\"lazy\" decoding=\"async\" width=\"45\" height=\"42\" src=\"https:\/\/www.upo.es\/investiga\/UNTWIST\/wp-content\/uploads\/2023\/05\/megaphone-icon.svg\" alt=\"\" class=\"wp-image-1012\"\/><\/figure>\n\n\n\n<h3 class=\"wp-block-heading has-title-color has-text-color\">COLECCI\u00d3N DE INFORMES<\/h3>\n<\/div>\n\n\n\n<div class=\"wp-block-buttons is-layout-flex wp-block-buttons-is-layout-flex\">\n<div class=\"wp-block-button is-style-fill\"><a class=\"wp-block-button__link has-primary-background-color has-background has-medium-font-size has-custom-font-size wp-element-button\" href=\"https:\/\/www.upo.es\/investiga\/UNTWIST\/our-contributions\/untwist-briefings-collection-esp\/\" style=\"padding-top:0;padding-bottom:0\">+<\/a><\/div>\n<\/div>\n<\/div>\n\n\n\n<p class=\"has-normal-font-size\">Nuestras notas informativas son documentos basados en datos emp\u00edricos cuyo objetivo es proporcionar a las organizaciones y los agentes pol\u00edticos recomendaciones sobre c\u00f3mo mejorar la representaci\u00f3n de g\u00e9nero. Presentan nuestras principales conclusiones en un lenguaje f\u00e1cil de entender, que puede ser utilizado directamente por organizaciones y actores pol\u00edticos. Producimos nuestros informes en seis idiomas diferentes para ayudar a las organizaciones de la sociedad civil y a los actores pol\u00edticos de distintos pa\u00edses a acceder a nuestra propuesta con el fin de desentra\u00f1ar sus formas de responder a las necesidades de g\u00e9nero dentro de una sociedad democr\u00e1tica renovada. Si lo solicitan, podemos explicar con m\u00e1s detalle c\u00f3mo los resultados de nuestra investigaci\u00f3n se relacionan con sus prioridades y pueden informarlas.<\/p>\n<\/div>\n<\/div>\n<\/div>\n\n\n\n<div class=\"wp-block-column has-background-background-color has-background is-layout-flow wp-block-column-is-layout-flow\">\n<div class=\"wp-block-group is-layout-constrained wp-block-group-is-layout-constrained\">\n<div class=\"wp-block-group block-accent-clr block-accent-clr-pink bg-icon bg-icon-infog is-layout-constrained wp-container-core-group-is-layout-a788aded wp-block-group-is-layout-constrained\" style=\"padding-top:50px;padding-right:75px;padding-bottom:50px;padding-left:75px\">\n<div class=\"wp-block-group is-content-justification-space-between is-nowrap is-layout-flex wp-container-core-group-is-layout-4e2e7437 wp-block-group-is-layout-flex\">\n<div class=\"wp-block-group is-nowrap is-layout-flex wp-container-core-group-is-layout-f66f9956 wp-block-group-is-layout-flex\">\n<figure class=\"wp-block-image size-large\"><img loading=\"lazy\" decoding=\"async\" width=\"45\" height=\"45\" src=\"https:\/\/www.upo.es\/investiga\/UNTWIST\/wp-content\/uploads\/2023\/05\/chart-icon.svg\" alt=\"\" class=\"wp-image-1014\"\/><\/figure>\n\n\n\n<h3 class=\"wp-block-heading has-title-color has-text-color\">INFOGRAF\u00cdAS<\/h3>\n<\/div>\n\n\n\n<div class=\"wp-block-buttons is-layout-flex wp-block-buttons-is-layout-flex\">\n<div class=\"wp-block-button\"><a class=\"wp-block-button__link has-primary-background-color has-background has-medium-font-size has-custom-font-size wp-element-button\" href=\"https:\/\/www.upo.es\/investiga\/UNTWIST\/our-contributions\/infographics-esp\/\" style=\"padding-top:0;padding-bottom:0\">+<\/a><\/div>\n<\/div>\n<\/div>\n\n\n\n<p class=\"has-normal-font-size\">Nuestras infograf\u00edas son la forma m\u00e1s sint\u00e9tica de presentar las conclusiones de UNTWIST. Incluimos aqu\u00ed aplicaciones interactivas y est\u00e1ticas para explorar y explotar la gran cantidad de datos que producimos para nuestro proyecto. Estos productos visuales pretenden ofrecer una comprensi\u00f3n m\u00e1s hol\u00edstica de nuestro proyecto y nuestros hallazgos, as\u00ed como herramientas para que los usuarios exploren y exploten nuestros datos.<\/p>\n<\/div>\n<\/div>\n<\/div>\n<\/div>\n\n\n\n<div class=\"wp-block-columns is-layout-flex wp-container-core-columns-is-layout-d05c7dfd wp-block-columns-is-layout-flex\"><\/div>\n<\/div>\n<\/div>\n\n\n\n<p><\/p>\n","protected":false},"excerpt":{"rendered":"<p>VIDEOS Nuestros v\u00eddeos presentan UNTWIST y sus resultados a organizaciones y actores pol\u00edticos. Producimos nuestros v\u00eddeos en seis idiomas diferentes para ayudar a organizaciones de la sociedad civil y actores pol\u00edticos de distintos pa\u00edses a acceder a nuestra propuesta. NOTAS DE PRENSA Estos documentos, comunicados o art\u00edculos de prensa, recogen las conclusiones y recomendaciones pol\u00edticas [&hellip;]<\/p>\n","protected":false},"author":4,"featured_media":0,"parent":0,"menu_order":0,"comment_status":"closed","ping_status":"closed","template":"page-template-notitle","meta":{"inline_featured_image":false,"footnotes":""},"class_list":["post-1836","page","type-page","status-publish","hentry"],"nelio_popups_active_popup":"","yoast_head":"<!-- This site is optimized with the Yoast SEO plugin v26.3 - https:\/\/yoast.com\/wordpress\/plugins\/seo\/ -->\n<title>Our contributions - ESPA\u00d1A - UNTWIST<\/title>\n<meta name=\"robots\" content=\"index, follow, max-snippet:-1, max-image-preview:large, max-video-preview:-1\" \/>\n<link rel=\"canonical\" href=\"https:\/\/www.upo.es\/investiga\/UNTWIST\/our-contributions-espana\/\" \/>\n<meta property=\"og:locale\" content=\"en_US\" \/>\n<meta property=\"og:type\" content=\"article\" \/>\n<meta property=\"og:title\" content=\"Our contributions - ESPA\u00d1A - UNTWIST\" \/>\n<meta property=\"og:description\" content=\"VIDEOS Nuestros v\u00eddeos presentan UNTWIST y sus resultados a organizaciones y actores pol\u00edticos. Producimos nuestros v\u00eddeos en seis idiomas diferentes para ayudar a organizaciones de la sociedad civil y actores pol\u00edticos de distintos pa\u00edses a acceder a nuestra propuesta. NOTAS DE PRENSA Estos documentos, comunicados o art\u00edculos de prensa, recogen las conclusiones y recomendaciones pol\u00edticas [&hellip;]\" \/>\n<meta property=\"og:url\" content=\"https:\/\/www.upo.es\/investiga\/UNTWIST\/our-contributions-espana\/\" \/>\n<meta property=\"og:site_name\" content=\"UNTWIST\" \/>\n<meta property=\"article:modified_time\" content=\"2025-12-11T11:24:39+00:00\" \/>\n<meta property=\"og:image\" content=\"https:\/\/www.upo.es\/investiga\/UNTWIST\/wp-content\/uploads\/2023\/12\/Untwist-logo.jpg\" \/>\n\t<meta property=\"og:image:width\" content=\"2480\" \/>\n\t<meta property=\"og:image:height\" content=\"1808\" \/>\n\t<meta property=\"og:image:type\" content=\"image\/jpeg\" \/>\n<meta name=\"twitter:card\" content=\"summary\" \/>\n<meta name=\"twitter:image\" content=\"https:\/\/www.upo.es\/investiga\/UNTWIST\/wp-content\/uploads\/2023\/12\/Untwist-logo.jpg\" \/>\n<meta name=\"twitter:site\" content=\"@UNTWISTproject\" \/>\n<meta name=\"twitter:label1\" content=\"Est. reading time\" \/>\n\t<meta name=\"twitter:data1\" content=\"3 minutes\" \/>\n<script type=\"application\/ld+json\" class=\"yoast-schema-graph\">{\"@context\":\"https:\/\/schema.org\",\"@graph\":[{\"@type\":\"WebPage\",\"@id\":\"https:\/\/www.upo.es\/investiga\/UNTWIST\/our-contributions-espana\/\",\"url\":\"https:\/\/www.upo.es\/investiga\/UNTWIST\/our-contributions-espana\/\",\"name\":\"Our contributions - ESPA\u00d1A - UNTWIST\",\"isPartOf\":{\"@id\":\"https:\/\/www.upo.es\/investiga\/UNTWIST\/#website\"},\"primaryImageOfPage\":{\"@id\":\"https:\/\/www.upo.es\/investiga\/UNTWIST\/our-contributions-espana\/#primaryimage\"},\"image\":{\"@id\":\"https:\/\/www.upo.es\/investiga\/UNTWIST\/our-contributions-espana\/#primaryimage\"},\"thumbnailUrl\":\"https:\/\/www.upo.es\/investiga\/UNTWIST\/wp-content\/uploads\/2023\/05\/video-icon.svg\",\"datePublished\":\"2025-01-22T15:09:25+00:00\",\"dateModified\":\"2025-12-11T11:24:39+00:00\",\"breadcrumb\":{\"@id\":\"https:\/\/www.upo.es\/investiga\/UNTWIST\/our-contributions-espana\/#breadcrumb\"},\"inLanguage\":\"en-US\",\"potentialAction\":[{\"@type\":\"ReadAction\",\"target\":[\"https:\/\/www.upo.es\/investiga\/UNTWIST\/our-contributions-espana\/\"]}]},{\"@type\":\"ImageObject\",\"inLanguage\":\"en-US\",\"@id\":\"https:\/\/www.upo.es\/investiga\/UNTWIST\/our-contributions-espana\/#primaryimage\",\"url\":\"https:\/\/www.upo.es\/investiga\/UNTWIST\/wp-content\/uploads\/2023\/05\/video-icon.svg\",\"contentUrl\":\"https:\/\/www.upo.es\/investiga\/UNTWIST\/wp-content\/uploads\/2023\/05\/video-icon.svg\",\"width\":45,\"height\":45},{\"@type\":\"BreadcrumbList\",\"@id\":\"https:\/\/www.upo.es\/investiga\/UNTWIST\/our-contributions-espana\/#breadcrumb\",\"itemListElement\":[{\"@type\":\"ListItem\",\"position\":1,\"name\":\"Portada\",\"item\":\"https:\/\/www.upo.es\/investiga\/UNTWIST\/\"},{\"@type\":\"ListItem\",\"position\":2,\"name\":\"Our contributions &#8211; ESPA\u00d1A\"}]},{\"@type\":\"WebSite\",\"@id\":\"https:\/\/www.upo.es\/investiga\/UNTWIST\/#website\",\"url\":\"https:\/\/www.upo.es\/investiga\/UNTWIST\/\",\"name\":\"UNTWIST\",\"description\":\"\",\"publisher\":{\"@id\":\"https:\/\/www.upo.es\/investiga\/UNTWIST\/#organization\"},\"potentialAction\":[{\"@type\":\"SearchAction\",\"target\":{\"@type\":\"EntryPoint\",\"urlTemplate\":\"https:\/\/www.upo.es\/investiga\/UNTWIST\/?s={search_term_string}\"},\"query-input\":{\"@type\":\"PropertyValueSpecification\",\"valueRequired\":true,\"valueName\":\"search_term_string\"}}],\"inLanguage\":\"en-US\"},{\"@type\":\"Organization\",\"@id\":\"https:\/\/www.upo.es\/investiga\/UNTWIST\/#organization\",\"name\":\"UNTWIST\",\"alternateName\":\"UNTWIST\",\"url\":\"https:\/\/www.upo.es\/investiga\/UNTWIST\/\",\"logo\":{\"@type\":\"ImageObject\",\"inLanguage\":\"en-US\",\"@id\":\"https:\/\/www.upo.es\/investiga\/UNTWIST\/#\/schema\/logo\/image\/\",\"url\":\"https:\/\/www.upo.es\/investiga\/UNTWIST\/wp-content\/uploads\/2023\/04\/untwitst-logo-large.png\",\"contentUrl\":\"https:\/\/www.upo.es\/investiga\/UNTWIST\/wp-content\/uploads\/2023\/04\/untwitst-logo-large.png\",\"width\":1000,\"height\":986,\"caption\":\"UNTWIST\"},\"image\":{\"@id\":\"https:\/\/www.upo.es\/investiga\/UNTWIST\/#\/schema\/logo\/image\/\"},\"sameAs\":[\"https:\/\/x.com\/UNTWISTproject\",\"https:\/\/www.youtube.com\/@UNTWIST_Project\"]}]}<\/script>\n<!-- \/ Yoast SEO plugin. -->","yoast_head_json":{"title":"Our contributions - ESPA\u00d1A - UNTWIST","robots":{"index":"index","follow":"follow","max-snippet":"max-snippet:-1","max-image-preview":"max-image-preview:large","max-video-preview":"max-video-preview:-1"},"canonical":"https:\/\/www.upo.es\/investiga\/UNTWIST\/our-contributions-espana\/","og_locale":"en_US","og_type":"article","og_title":"Our contributions - ESPA\u00d1A - UNTWIST","og_description":"VIDEOS Nuestros v\u00eddeos presentan UNTWIST y sus resultados a organizaciones y actores pol\u00edticos. Producimos nuestros v\u00eddeos en seis idiomas diferentes para ayudar a organizaciones de la sociedad civil y actores pol\u00edticos de distintos pa\u00edses a acceder a nuestra propuesta. NOTAS DE PRENSA Estos documentos, comunicados o art\u00edculos de prensa, recogen las conclusiones y recomendaciones pol\u00edticas [&hellip;]","og_url":"https:\/\/www.upo.es\/investiga\/UNTWIST\/our-contributions-espana\/","og_site_name":"UNTWIST","article_modified_time":"2025-12-11T11:24:39+00:00","og_image":[{"width":2480,"height":1808,"url":"https:\/\/www.upo.es\/investiga\/UNTWIST\/wp-content\/uploads\/2023\/12\/Untwist-logo.jpg","type":"image\/jpeg"}],"twitter_card":"summary","twitter_image":"https:\/\/www.upo.es\/investiga\/UNTWIST\/wp-content\/uploads\/2023\/12\/Untwist-logo.jpg","twitter_site":"@UNTWISTproject","twitter_misc":{"Est. reading time":"3 minutes"},"schema":{"@context":"https:\/\/schema.org","@graph":[{"@type":"WebPage","@id":"https:\/\/www.upo.es\/investiga\/UNTWIST\/our-contributions-espana\/","url":"https:\/\/www.upo.es\/investiga\/UNTWIST\/our-contributions-espana\/","name":"Our contributions - ESPA\u00d1A - UNTWIST","isPartOf":{"@id":"https:\/\/www.upo.es\/investiga\/UNTWIST\/#website"},"primaryImageOfPage":{"@id":"https:\/\/www.upo.es\/investiga\/UNTWIST\/our-contributions-espana\/#primaryimage"},"image":{"@id":"https:\/\/www.upo.es\/investiga\/UNTWIST\/our-contributions-espana\/#primaryimage"},"thumbnailUrl":"https:\/\/www.upo.es\/investiga\/UNTWIST\/wp-content\/uploads\/2023\/05\/video-icon.svg","datePublished":"2025-01-22T15:09:25+00:00","dateModified":"2025-12-11T11:24:39+00:00","breadcrumb":{"@id":"https:\/\/www.upo.es\/investiga\/UNTWIST\/our-contributions-espana\/#breadcrumb"},"inLanguage":"en-US","potentialAction":[{"@type":"ReadAction","target":["https:\/\/www.upo.es\/investiga\/UNTWIST\/our-contributions-espana\/"]}]},{"@type":"ImageObject","inLanguage":"en-US","@id":"https:\/\/www.upo.es\/investiga\/UNTWIST\/our-contributions-espana\/#primaryimage","url":"https:\/\/www.upo.es\/investiga\/UNTWIST\/wp-content\/uploads\/2023\/05\/video-icon.svg","contentUrl":"https:\/\/www.upo.es\/investiga\/UNTWIST\/wp-content\/uploads\/2023\/05\/video-icon.svg","width":45,"height":45},{"@type":"BreadcrumbList","@id":"https:\/\/www.upo.es\/investiga\/UNTWIST\/our-contributions-espana\/#breadcrumb","itemListElement":[{"@type":"ListItem","position":1,"name":"Portada","item":"https:\/\/www.upo.es\/investiga\/UNTWIST\/"},{"@type":"ListItem","position":2,"name":"Our contributions &#8211; ESPA\u00d1A"}]},{"@type":"WebSite","@id":"https:\/\/www.upo.es\/investiga\/UNTWIST\/#website","url":"https:\/\/www.upo.es\/investiga\/UNTWIST\/","name":"UNTWIST","description":"","publisher":{"@id":"https:\/\/www.upo.es\/investiga\/UNTWIST\/#organization"},"potentialAction":[{"@type":"SearchAction","target":{"@type":"EntryPoint","urlTemplate":"https:\/\/www.upo.es\/investiga\/UNTWIST\/?s={search_term_string}"},"query-input":{"@type":"PropertyValueSpecification","valueRequired":true,"valueName":"search_term_string"}}],"inLanguage":"en-US"},{"@type":"Organization","@id":"https:\/\/www.upo.es\/investiga\/UNTWIST\/#organization","name":"UNTWIST","alternateName":"UNTWIST","url":"https:\/\/www.upo.es\/investiga\/UNTWIST\/","logo":{"@type":"ImageObject","inLanguage":"en-US","@id":"https:\/\/www.upo.es\/investiga\/UNTWIST\/#\/schema\/logo\/image\/","url":"https:\/\/www.upo.es\/investiga\/UNTWIST\/wp-content\/uploads\/2023\/04\/untwitst-logo-large.png","contentUrl":"https:\/\/www.upo.es\/investiga\/UNTWIST\/wp-content\/uploads\/2023\/04\/untwitst-logo-large.png","width":1000,"height":986,"caption":"UNTWIST"},"image":{"@id":"https:\/\/www.upo.es\/investiga\/UNTWIST\/#\/schema\/logo\/image\/"},"sameAs":["https:\/\/x.com\/UNTWISTproject","https:\/\/www.youtube.com\/@UNTWIST_Project"]}]}},"_links":{"self":[{"href":"https:\/\/www.upo.es\/investiga\/UNTWIST\/wp-json\/wp\/v2\/pages\/1836","targetHints":{"allow":["GET"]}}],"collection":[{"href":"https:\/\/www.upo.es\/investiga\/UNTWIST\/wp-json\/wp\/v2\/pages"}],"about":[{"href":"https:\/\/www.upo.es\/investiga\/UNTWIST\/wp-json\/wp\/v2\/types\/page"}],"author":[{"embeddable":true,"href":"https:\/\/www.upo.es\/investiga\/UNTWIST\/wp-json\/wp\/v2\/users\/4"}],"replies":[{"embeddable":true,"href":"https:\/\/www.upo.es\/investiga\/UNTWIST\/wp-json\/wp\/v2\/comments?post=1836"}],"version-history":[{"count":7,"href":"https:\/\/www.upo.es\/investiga\/UNTWIST\/wp-json\/wp\/v2\/pages\/1836\/revisions"}],"predecessor-version":[{"id":2471,"href":"https:\/\/www.upo.es\/investiga\/UNTWIST\/wp-json\/wp\/v2\/pages\/1836\/revisions\/2471"}],"wp:attachment":[{"href":"https:\/\/www.upo.es\/investiga\/UNTWIST\/wp-json\/wp\/v2\/media?parent=1836"}],"curies":[{"name":"wp","href":"https:\/\/api.w.org\/{rel}","templated":true}]}}