{"id":1854,"date":"2025-01-22T16:32:02","date_gmt":"2025-01-22T15:32:02","guid":{"rendered":"https:\/\/www.upo.es\/investiga\/UNTWIST\/?page_id=1854"},"modified":"2026-01-21T18:09:04","modified_gmt":"2026-01-21T17:09:04","slug":"our-contributions-schweiz-2","status":"publish","type":"page","link":"https:\/\/www.upo.es\/investiga\/UNTWIST\/our-contributions-schweiz-2\/","title":{"rendered":"Our contributions &#8211; SCHWEIZ"},"content":{"rendered":"\n<div class=\"wp-block-group is-layout-constrained wp-block-group-is-layout-constrained\">\n<div class=\"wp-block-buttons is-content-justification-center is-layout-flex wp-container-core-buttons-is-layout-4071a5ec wp-block-buttons-is-layout-flex\" style=\"margin-bottom:70px\">\n<div class=\"wp-block-button\"><a class=\"wp-block-button__link has-primary-background-color has-background wp-element-button\" href=\"https:\/\/www.upo.es\/investiga\/UNTWIST\/about-untwist\/\">About UNTWIST<\/a><\/div>\n<\/div>\n\n\n\n<div class=\"wp-block-group contrib-block is-layout-constrained wp-block-group-is-layout-constrained\">\n<div class=\"wp-block-columns is-layout-flex wp-container-core-columns-is-layout-d05c7dfd wp-block-columns-is-layout-flex\">\n<div class=\"wp-block-column has-background-background-color has-background is-layout-flow wp-block-column-is-layout-flow\" style=\"padding-top:0;padding-right:0;padding-bottom:0;padding-left:0\">\n<div class=\"wp-block-group is-layout-constrained wp-container-core-group-is-layout-254f1302 wp-block-group-is-layout-constrained\" style=\"padding-top:0;padding-right:0;padding-bottom:0;padding-left:0\">\n<div class=\"wp-block-group block-accent-clr block-accent-clr-pink bg-icon bg-icon-video is-layout-constrained wp-container-core-group-is-layout-a788aded wp-block-group-is-layout-constrained\" style=\"padding-top:50px;padding-right:75px;padding-bottom:50px;padding-left:75px\">\n<div class=\"wp-block-group is-content-justification-space-between is-nowrap is-layout-flex wp-container-core-group-is-layout-4e2e7437 wp-block-group-is-layout-flex\">\n<div class=\"wp-block-group is-nowrap is-layout-flex wp-container-core-group-is-layout-f66f9956 wp-block-group-is-layout-flex\">\n<figure class=\"wp-block-image size-large\"><img loading=\"lazy\" decoding=\"async\" width=\"45\" height=\"45\" src=\"https:\/\/www.upo.es\/investiga\/UNTWIST\/wp-content\/uploads\/2023\/05\/video-icon.svg\" alt=\"\" class=\"wp-image-1003\"\/><\/figure>\n\n\n\n<h3 class=\"wp-block-heading has-title-color has-text-color\">VIDEOS<\/h3>\n<\/div>\n\n\n\n<div class=\"wp-block-buttons is-layout-flex wp-block-buttons-is-layout-flex\">\n<div class=\"wp-block-button\"><a class=\"wp-block-button__link has-primary-background-color has-background has-medium-font-size has-custom-font-size wp-element-button\" href=\"https:\/\/www.upo.es\/investiga\/UNTWIST\/our-contributions\/video-ger\/\" style=\"padding-top:0;padding-bottom:0\">+<\/a><\/div>\n<\/div>\n<\/div>\n\n\n\n<p class=\"has-normal-font-size\">Unsere Videos stellen UNTWIST und seine Ergebnisse Organisationen und politischen Akteuren vor. Wir produzieren unsere Videos in sechs verschiedenen Sprachen, um Organisationen der Zivilgesellschaft und politischen Akteuren aus verschiedenen L\u00e4ndern den Zugang zu unserem Vorschlag zu erleichtern.<\/p>\n<\/div>\n<\/div>\n<\/div>\n\n\n\n<div class=\"wp-block-column has-background-background-color has-background is-layout-flow wp-block-column-is-layout-flow\">\n<div class=\"wp-block-group is-layout-constrained wp-block-group-is-layout-constrained\">\n<div class=\"wp-block-group block-accent-clr block-accent-clr-blue bg-icon bg-icon-media is-layout-constrained wp-container-core-group-is-layout-a788aded wp-block-group-is-layout-constrained\" style=\"padding-top:50px;padding-right:75px;padding-bottom:50px;padding-left:75px\">\n<div class=\"wp-block-group is-content-justification-space-between is-nowrap is-layout-flex wp-container-core-group-is-layout-4e2e7437 wp-block-group-is-layout-flex\">\n<div class=\"wp-block-group is-nowrap is-layout-flex wp-container-core-group-is-layout-f66f9956 wp-block-group-is-layout-flex\">\n<figure class=\"wp-block-image size-large\"><img loading=\"lazy\" decoding=\"async\" width=\"45\" height=\"36\" src=\"https:\/\/www.upo.es\/investiga\/UNTWIST\/wp-content\/uploads\/2023\/05\/notice-icon.svg\" alt=\"\" class=\"wp-image-1009\"\/><\/figure>\n\n\n\n<h3 class=\"wp-block-heading has-title-color has-text-color\">MEDIEN-MITTEILUNGEN<\/h3>\n<\/div>\n\n\n\n<div class=\"wp-block-buttons is-layout-flex wp-block-buttons-is-layout-flex\">\n<div class=\"wp-block-button\"><a class=\"wp-block-button__link has-primary-background-color has-background has-medium-font-size has-custom-font-size wp-element-button\" href=\"https:\/\/www.upo.es\/investiga\/UNTWIST\/our-contributions\/media-ch\/\" style=\"padding-top:0;padding-bottom:0\">+<\/a><\/div>\n<\/div>\n<\/div>\n\n\n\n<p class=\"has-normal-font-size\">Die vorliegenden Dokumente, entweder Pressemitteilungen oder Presseartikel, enthalten relevante Ergebnisse und politische Empfehlungen von UNTWIST, \u00fcber die in den Medien berichtet wurde. &nbsp;So k\u00f6nnen Sie auf unsere aktuellsten Inhalte in zusammengefasster Form zugreifen. Dar\u00fcber hinaus k\u00f6nnen diese Dokumente das Nutzungspotenzial der UNTWIST-Ergebnisse f\u00fcr Organisationen oder politische Akteur*innen aufzeigen.<\/p>\n<\/div>\n<\/div>\n<\/div>\n<\/div>\n\n\n\n<div class=\"wp-block-columns is-layout-flex wp-container-core-columns-is-layout-d05c7dfd wp-block-columns-is-layout-flex\">\n<div class=\"wp-block-column has-background-background-color has-background is-layout-flow wp-block-column-is-layout-flow\">\n<div class=\"wp-block-group is-layout-constrained wp-block-group-is-layout-constrained\">\n<div class=\"wp-block-group block-accent-clr block-accent-clr-yellow bg-icon bg-icon-political is-layout-constrained wp-container-core-group-is-layout-a788aded wp-block-group-is-layout-constrained\" style=\"padding-top:50px;padding-right:75px;padding-bottom:50px;padding-left:75px\">\n<div class=\"wp-block-group is-content-justification-space-between is-nowrap is-layout-flex wp-container-core-group-is-layout-4e2e7437 wp-block-group-is-layout-flex\">\n<div class=\"wp-block-group is-nowrap is-layout-flex wp-container-core-group-is-layout-f66f9956 wp-block-group-is-layout-flex\">\n<figure class=\"wp-block-image size-large\"><img loading=\"lazy\" decoding=\"async\" width=\"45\" height=\"42\" src=\"https:\/\/www.upo.es\/investiga\/UNTWIST\/wp-content\/uploads\/2023\/05\/megaphone-icon.svg\" alt=\"\" class=\"wp-image-1012\"\/><\/figure>\n\n\n\n<h3 class=\"wp-block-heading has-title-color has-text-color\">UNTWIST BRIEFINGS KOLLEKTION<\/h3>\n<\/div>\n\n\n\n<div class=\"wp-block-buttons is-layout-flex wp-block-buttons-is-layout-flex\">\n<div class=\"wp-block-button is-style-fill\"><a class=\"wp-block-button__link has-primary-background-color has-background has-medium-font-size has-custom-font-size wp-element-button\" href=\"https:\/\/www.upo.es\/investiga\/UNTWIST\/our-contributions\/untwist-briefings-collection-sch\/\" style=\"padding-top:0;padding-bottom:0\">+<\/a><\/div>\n<\/div>\n<\/div>\n\n\n\n<p class=\"has-normal-font-size\">Unsere Briefings sind faktenbasierte Dokumente, die Organisationen und politischen Akteuren Empfehlungen zur Verbesserung der Geschlechtervertretung geben sollen. Sie pr\u00e4sentieren unsere wichtigsten Ergebnisse in einer leicht verst\u00e4ndlichen Sprache, die von Organisationen und politischen Akteuren direkt genutzt werden kann. Wir erstellen unsere Briefings in sechs verschiedenen Sprachen, um zivilgesellschaftlichen Organisationen und politischen Akteuren aus verschiedenen L\u00e4ndern den Zugang zu unseren Vorschl\u00e4gen zu erleichtern, damit sie ihren Weg zur Erf\u00fcllung der geschlechtsspezifischen Bed\u00fcrfnisse in einer erneuerten demokratischen Gesellschaft finden k\u00f6nnen. Auf Anfrage k\u00f6nnen wir Ihnen erl\u00e4utern, wie unsere Forschungsergebnisse mit Ihren Priorit\u00e4ten zusammenh\u00e4ngen und diese beeinflussen k\u00f6nnen.<\/p>\n<\/div>\n<\/div>\n<\/div>\n\n\n\n<div class=\"wp-block-column has-background-background-color has-background is-layout-flow wp-block-column-is-layout-flow\">\n<div class=\"wp-block-group is-layout-constrained wp-block-group-is-layout-constrained\">\n<div class=\"wp-block-group block-accent-clr block-accent-clr-pink bg-icon bg-icon-infog is-layout-constrained wp-container-core-group-is-layout-a788aded wp-block-group-is-layout-constrained\" style=\"padding-top:50px;padding-right:75px;padding-bottom:50px;padding-left:75px\">\n<div class=\"wp-block-group is-content-justification-space-between is-nowrap is-layout-flex wp-container-core-group-is-layout-4e2e7437 wp-block-group-is-layout-flex\">\n<div class=\"wp-block-group is-nowrap is-layout-flex wp-container-core-group-is-layout-f66f9956 wp-block-group-is-layout-flex\">\n<figure class=\"wp-block-image size-large\"><img loading=\"lazy\" decoding=\"async\" width=\"45\" height=\"45\" src=\"https:\/\/www.upo.es\/investiga\/UNTWIST\/wp-content\/uploads\/2023\/05\/chart-icon.svg\" alt=\"\" class=\"wp-image-1014\"\/><\/figure>\n\n\n\n<h3 class=\"wp-block-heading has-title-color has-text-color\">INFOGRAFIKEN<\/h3>\n<\/div>\n\n\n\n<div class=\"wp-block-buttons is-layout-flex wp-block-buttons-is-layout-flex\">\n<div class=\"wp-block-button\"><a class=\"wp-block-button__link has-primary-background-color has-background has-medium-font-size has-custom-font-size wp-element-button\" href=\"https:\/\/www.upo.es\/investiga\/UNTWIST\/our-contributions\/infographics-deu\/\" style=\"padding-top:0;padding-bottom:0\">+<\/a><\/div>\n<\/div>\n<\/div>\n\n\n\n<p class=\"has-normal-font-size\">Unsere Infografiken sind die synthetischste Art, die Ergebnisse von UNTWIST zu pr\u00e4sentieren. Hier finden Sie interaktive und visuelle Anwendungen zur Erkundung und Nutzung der riesigen Datenmengen, die wir f\u00fcr unser Projekt produzieren. Diese visuellen Produkte sollen ein ganzheitlicheres Verst\u00e4ndnis f\u00fcr unser Projekt und unsere Ergebnisse vermitteln und den Nutzern Werkzeuge zur Erkundung und Nutzung unserer Daten an die Hand geben.<\/p>\n<\/div>\n<\/div>\n<\/div>\n<\/div>\n\n\n\n<div class=\"wp-block-columns is-layout-flex wp-container-core-columns-is-layout-d05c7dfd wp-block-columns-is-layout-flex\"><\/div>\n<\/div>\n<\/div>\n\n\n\n<p><\/p>\n","protected":false},"excerpt":{"rendered":"<p>VIDEOS Unsere Videos stellen UNTWIST und seine Ergebnisse Organisationen und politischen Akteuren vor. Wir produzieren unsere Videos in sechs verschiedenen Sprachen, um Organisationen der Zivilgesellschaft und politischen Akteuren aus verschiedenen L\u00e4ndern den Zugang zu unserem Vorschlag zu erleichtern. MEDIEN-MITTEILUNGEN Die vorliegenden Dokumente, entweder Pressemitteilungen oder Presseartikel, enthalten relevante Ergebnisse und politische Empfehlungen von UNTWIST, \u00fcber [&hellip;]<\/p>\n","protected":false},"author":4,"featured_media":0,"parent":0,"menu_order":0,"comment_status":"closed","ping_status":"closed","template":"page-template-notitle","meta":{"inline_featured_image":false,"footnotes":""},"class_list":["post-1854","page","type-page","status-publish","hentry"],"nelio_popups_active_popup":"","yoast_head":"<!-- This site is optimized with the Yoast SEO plugin v26.3 - https:\/\/yoast.com\/wordpress\/plugins\/seo\/ -->\n<title>Our contributions - SCHWEIZ - UNTWIST<\/title>\n<meta name=\"robots\" content=\"index, follow, max-snippet:-1, max-image-preview:large, max-video-preview:-1\" \/>\n<link rel=\"canonical\" href=\"https:\/\/www.upo.es\/investiga\/UNTWIST\/our-contributions-schweiz-2\/\" \/>\n<meta property=\"og:locale\" content=\"en_US\" \/>\n<meta property=\"og:type\" content=\"article\" \/>\n<meta property=\"og:title\" content=\"Our contributions - SCHWEIZ - UNTWIST\" \/>\n<meta property=\"og:description\" content=\"VIDEOS Unsere Videos stellen UNTWIST und seine Ergebnisse Organisationen und politischen Akteuren vor. Wir produzieren unsere Videos in sechs verschiedenen Sprachen, um Organisationen der Zivilgesellschaft und politischen Akteuren aus verschiedenen L\u00e4ndern den Zugang zu unserem Vorschlag zu erleichtern. MEDIEN-MITTEILUNGEN Die vorliegenden Dokumente, entweder Pressemitteilungen oder Presseartikel, enthalten relevante Ergebnisse und politische Empfehlungen von UNTWIST, \u00fcber [&hellip;]\" \/>\n<meta property=\"og:url\" content=\"https:\/\/www.upo.es\/investiga\/UNTWIST\/our-contributions-schweiz-2\/\" \/>\n<meta property=\"og:site_name\" content=\"UNTWIST\" \/>\n<meta property=\"article:modified_time\" content=\"2026-01-21T17:09:04+00:00\" \/>\n<meta property=\"og:image\" content=\"https:\/\/www.upo.es\/investiga\/UNTWIST\/wp-content\/uploads\/2023\/12\/Untwist-logo.jpg\" \/>\n\t<meta property=\"og:image:width\" content=\"2480\" \/>\n\t<meta property=\"og:image:height\" content=\"1808\" \/>\n\t<meta property=\"og:image:type\" content=\"image\/jpeg\" \/>\n<meta name=\"twitter:card\" content=\"summary\" \/>\n<meta name=\"twitter:image\" content=\"https:\/\/www.upo.es\/investiga\/UNTWIST\/wp-content\/uploads\/2023\/12\/Untwist-logo.jpg\" \/>\n<meta name=\"twitter:site\" content=\"@UNTWISTproject\" \/>\n<meta name=\"twitter:label1\" content=\"Est. reading time\" \/>\n\t<meta name=\"twitter:data1\" content=\"2 minutes\" \/>\n<script type=\"application\/ld+json\" class=\"yoast-schema-graph\">{\"@context\":\"https:\/\/schema.org\",\"@graph\":[{\"@type\":\"WebPage\",\"@id\":\"https:\/\/www.upo.es\/investiga\/UNTWIST\/our-contributions-schweiz-2\/\",\"url\":\"https:\/\/www.upo.es\/investiga\/UNTWIST\/our-contributions-schweiz-2\/\",\"name\":\"Our contributions - SCHWEIZ - UNTWIST\",\"isPartOf\":{\"@id\":\"https:\/\/www.upo.es\/investiga\/UNTWIST\/#website\"},\"primaryImageOfPage\":{\"@id\":\"https:\/\/www.upo.es\/investiga\/UNTWIST\/our-contributions-schweiz-2\/#primaryimage\"},\"image\":{\"@id\":\"https:\/\/www.upo.es\/investiga\/UNTWIST\/our-contributions-schweiz-2\/#primaryimage\"},\"thumbnailUrl\":\"https:\/\/www.upo.es\/investiga\/UNTWIST\/wp-content\/uploads\/2023\/05\/video-icon.svg\",\"datePublished\":\"2025-01-22T15:32:02+00:00\",\"dateModified\":\"2026-01-21T17:09:04+00:00\",\"breadcrumb\":{\"@id\":\"https:\/\/www.upo.es\/investiga\/UNTWIST\/our-contributions-schweiz-2\/#breadcrumb\"},\"inLanguage\":\"en-US\",\"potentialAction\":[{\"@type\":\"ReadAction\",\"target\":[\"https:\/\/www.upo.es\/investiga\/UNTWIST\/our-contributions-schweiz-2\/\"]}]},{\"@type\":\"ImageObject\",\"inLanguage\":\"en-US\",\"@id\":\"https:\/\/www.upo.es\/investiga\/UNTWIST\/our-contributions-schweiz-2\/#primaryimage\",\"url\":\"https:\/\/www.upo.es\/investiga\/UNTWIST\/wp-content\/uploads\/2023\/05\/video-icon.svg\",\"contentUrl\":\"https:\/\/www.upo.es\/investiga\/UNTWIST\/wp-content\/uploads\/2023\/05\/video-icon.svg\",\"width\":45,\"height\":45},{\"@type\":\"BreadcrumbList\",\"@id\":\"https:\/\/www.upo.es\/investiga\/UNTWIST\/our-contributions-schweiz-2\/#breadcrumb\",\"itemListElement\":[{\"@type\":\"ListItem\",\"position\":1,\"name\":\"Portada\",\"item\":\"https:\/\/www.upo.es\/investiga\/UNTWIST\/\"},{\"@type\":\"ListItem\",\"position\":2,\"name\":\"Our contributions &#8211; SCHWEIZ\"}]},{\"@type\":\"WebSite\",\"@id\":\"https:\/\/www.upo.es\/investiga\/UNTWIST\/#website\",\"url\":\"https:\/\/www.upo.es\/investiga\/UNTWIST\/\",\"name\":\"UNTWIST\",\"description\":\"\",\"publisher\":{\"@id\":\"https:\/\/www.upo.es\/investiga\/UNTWIST\/#organization\"},\"potentialAction\":[{\"@type\":\"SearchAction\",\"target\":{\"@type\":\"EntryPoint\",\"urlTemplate\":\"https:\/\/www.upo.es\/investiga\/UNTWIST\/?s={search_term_string}\"},\"query-input\":{\"@type\":\"PropertyValueSpecification\",\"valueRequired\":true,\"valueName\":\"search_term_string\"}}],\"inLanguage\":\"en-US\"},{\"@type\":\"Organization\",\"@id\":\"https:\/\/www.upo.es\/investiga\/UNTWIST\/#organization\",\"name\":\"UNTWIST\",\"alternateName\":\"UNTWIST\",\"url\":\"https:\/\/www.upo.es\/investiga\/UNTWIST\/\",\"logo\":{\"@type\":\"ImageObject\",\"inLanguage\":\"en-US\",\"@id\":\"https:\/\/www.upo.es\/investiga\/UNTWIST\/#\/schema\/logo\/image\/\",\"url\":\"https:\/\/www.upo.es\/investiga\/UNTWIST\/wp-content\/uploads\/2023\/04\/untwitst-logo-large.png\",\"contentUrl\":\"https:\/\/www.upo.es\/investiga\/UNTWIST\/wp-content\/uploads\/2023\/04\/untwitst-logo-large.png\",\"width\":1000,\"height\":986,\"caption\":\"UNTWIST\"},\"image\":{\"@id\":\"https:\/\/www.upo.es\/investiga\/UNTWIST\/#\/schema\/logo\/image\/\"},\"sameAs\":[\"https:\/\/x.com\/UNTWISTproject\",\"https:\/\/www.youtube.com\/@UNTWIST_Project\"]}]}<\/script>\n<!-- \/ Yoast SEO plugin. -->","yoast_head_json":{"title":"Our contributions - SCHWEIZ - UNTWIST","robots":{"index":"index","follow":"follow","max-snippet":"max-snippet:-1","max-image-preview":"max-image-preview:large","max-video-preview":"max-video-preview:-1"},"canonical":"https:\/\/www.upo.es\/investiga\/UNTWIST\/our-contributions-schweiz-2\/","og_locale":"en_US","og_type":"article","og_title":"Our contributions - SCHWEIZ - UNTWIST","og_description":"VIDEOS Unsere Videos stellen UNTWIST und seine Ergebnisse Organisationen und politischen Akteuren vor. Wir produzieren unsere Videos in sechs verschiedenen Sprachen, um Organisationen der Zivilgesellschaft und politischen Akteuren aus verschiedenen L\u00e4ndern den Zugang zu unserem Vorschlag zu erleichtern. MEDIEN-MITTEILUNGEN Die vorliegenden Dokumente, entweder Pressemitteilungen oder Presseartikel, enthalten relevante Ergebnisse und politische Empfehlungen von UNTWIST, \u00fcber [&hellip;]","og_url":"https:\/\/www.upo.es\/investiga\/UNTWIST\/our-contributions-schweiz-2\/","og_site_name":"UNTWIST","article_modified_time":"2026-01-21T17:09:04+00:00","og_image":[{"width":2480,"height":1808,"url":"https:\/\/www.upo.es\/investiga\/UNTWIST\/wp-content\/uploads\/2023\/12\/Untwist-logo.jpg","type":"image\/jpeg"}],"twitter_card":"summary","twitter_image":"https:\/\/www.upo.es\/investiga\/UNTWIST\/wp-content\/uploads\/2023\/12\/Untwist-logo.jpg","twitter_site":"@UNTWISTproject","twitter_misc":{"Est. reading time":"2 minutes"},"schema":{"@context":"https:\/\/schema.org","@graph":[{"@type":"WebPage","@id":"https:\/\/www.upo.es\/investiga\/UNTWIST\/our-contributions-schweiz-2\/","url":"https:\/\/www.upo.es\/investiga\/UNTWIST\/our-contributions-schweiz-2\/","name":"Our contributions - SCHWEIZ - UNTWIST","isPartOf":{"@id":"https:\/\/www.upo.es\/investiga\/UNTWIST\/#website"},"primaryImageOfPage":{"@id":"https:\/\/www.upo.es\/investiga\/UNTWIST\/our-contributions-schweiz-2\/#primaryimage"},"image":{"@id":"https:\/\/www.upo.es\/investiga\/UNTWIST\/our-contributions-schweiz-2\/#primaryimage"},"thumbnailUrl":"https:\/\/www.upo.es\/investiga\/UNTWIST\/wp-content\/uploads\/2023\/05\/video-icon.svg","datePublished":"2025-01-22T15:32:02+00:00","dateModified":"2026-01-21T17:09:04+00:00","breadcrumb":{"@id":"https:\/\/www.upo.es\/investiga\/UNTWIST\/our-contributions-schweiz-2\/#breadcrumb"},"inLanguage":"en-US","potentialAction":[{"@type":"ReadAction","target":["https:\/\/www.upo.es\/investiga\/UNTWIST\/our-contributions-schweiz-2\/"]}]},{"@type":"ImageObject","inLanguage":"en-US","@id":"https:\/\/www.upo.es\/investiga\/UNTWIST\/our-contributions-schweiz-2\/#primaryimage","url":"https:\/\/www.upo.es\/investiga\/UNTWIST\/wp-content\/uploads\/2023\/05\/video-icon.svg","contentUrl":"https:\/\/www.upo.es\/investiga\/UNTWIST\/wp-content\/uploads\/2023\/05\/video-icon.svg","width":45,"height":45},{"@type":"BreadcrumbList","@id":"https:\/\/www.upo.es\/investiga\/UNTWIST\/our-contributions-schweiz-2\/#breadcrumb","itemListElement":[{"@type":"ListItem","position":1,"name":"Portada","item":"https:\/\/www.upo.es\/investiga\/UNTWIST\/"},{"@type":"ListItem","position":2,"name":"Our contributions &#8211; SCHWEIZ"}]},{"@type":"WebSite","@id":"https:\/\/www.upo.es\/investiga\/UNTWIST\/#website","url":"https:\/\/www.upo.es\/investiga\/UNTWIST\/","name":"UNTWIST","description":"","publisher":{"@id":"https:\/\/www.upo.es\/investiga\/UNTWIST\/#organization"},"potentialAction":[{"@type":"SearchAction","target":{"@type":"EntryPoint","urlTemplate":"https:\/\/www.upo.es\/investiga\/UNTWIST\/?s={search_term_string}"},"query-input":{"@type":"PropertyValueSpecification","valueRequired":true,"valueName":"search_term_string"}}],"inLanguage":"en-US"},{"@type":"Organization","@id":"https:\/\/www.upo.es\/investiga\/UNTWIST\/#organization","name":"UNTWIST","alternateName":"UNTWIST","url":"https:\/\/www.upo.es\/investiga\/UNTWIST\/","logo":{"@type":"ImageObject","inLanguage":"en-US","@id":"https:\/\/www.upo.es\/investiga\/UNTWIST\/#\/schema\/logo\/image\/","url":"https:\/\/www.upo.es\/investiga\/UNTWIST\/wp-content\/uploads\/2023\/04\/untwitst-logo-large.png","contentUrl":"https:\/\/www.upo.es\/investiga\/UNTWIST\/wp-content\/uploads\/2023\/04\/untwitst-logo-large.png","width":1000,"height":986,"caption":"UNTWIST"},"image":{"@id":"https:\/\/www.upo.es\/investiga\/UNTWIST\/#\/schema\/logo\/image\/"},"sameAs":["https:\/\/x.com\/UNTWISTproject","https:\/\/www.youtube.com\/@UNTWIST_Project"]}]}},"_links":{"self":[{"href":"https:\/\/www.upo.es\/investiga\/UNTWIST\/wp-json\/wp\/v2\/pages\/1854","targetHints":{"allow":["GET"]}}],"collection":[{"href":"https:\/\/www.upo.es\/investiga\/UNTWIST\/wp-json\/wp\/v2\/pages"}],"about":[{"href":"https:\/\/www.upo.es\/investiga\/UNTWIST\/wp-json\/wp\/v2\/types\/page"}],"author":[{"embeddable":true,"href":"https:\/\/www.upo.es\/investiga\/UNTWIST\/wp-json\/wp\/v2\/users\/4"}],"replies":[{"embeddable":true,"href":"https:\/\/www.upo.es\/investiga\/UNTWIST\/wp-json\/wp\/v2\/comments?post=1854"}],"version-history":[{"count":5,"href":"https:\/\/www.upo.es\/investiga\/UNTWIST\/wp-json\/wp\/v2\/pages\/1854\/revisions"}],"predecessor-version":[{"id":2540,"href":"https:\/\/www.upo.es\/investiga\/UNTWIST\/wp-json\/wp\/v2\/pages\/1854\/revisions\/2540"}],"wp:attachment":[{"href":"https:\/\/www.upo.es\/investiga\/UNTWIST\/wp-json\/wp\/v2\/media?parent=1854"}],"curies":[{"name":"wp","href":"https:\/\/api.w.org\/{rel}","templated":true}]}}