{"id":1867,"date":"2025-02-18T17:23:21","date_gmt":"2025-02-18T16:23:21","guid":{"rendered":"https:\/\/www.upo.es\/investiga\/UNTWIST\/?page_id=1867"},"modified":"2025-02-18T17:23:57","modified_gmt":"2025-02-18T16:23:57","slug":"infographics-dan","status":"publish","type":"page","link":"https:\/\/www.upo.es\/investiga\/UNTWIST\/our-contributions\/infographics-dan\/","title":{"rendered":"INFOGRAPHICS  -DAN"},"content":{"rendered":"\n<h2 class=\"wp-block-heading has-title-color has-text-color\">INFOGRAFIK<\/h2>\n\n\n\n<p class=\"has-text-align-left has-background-background-color has-background\">Som den f\u00f8rste del af UNTWIST&#8217;s empiriske dataanalyse gennemf\u00f8rte teamet en tv\u00e6rnational meta-litteraturgennemgang af en tv\u00e6rfaglig samling af 406 artikler fra feministiske, queer- og maskulinitetsstudier. Udv\u00e6lgelsen var baseret p\u00e5 et teoretisk udvalg af de forskellige typer af \u00bbk\u00f8nsbaserede behov\u00ab, der blev analyseret i litteraturen fra forskellige nationale kontekster. Baseret p\u00e5 en induktiv analyse udviklede UNTWIST en typologi med 24 typer af k\u00f8nsbaserede behov, der er placeret i forskellige politiske felter og tilg\u00e6ngelige gennem forskellige k\u00f8nsperspektiver (koncepter).<br><strong>Bes\u00f8g Observable nedenfor, som giver klare og tilg\u00e6ngelige visualiseringer af dataene, s\u00e5 interessenter kan interagere med dem og skabe deres egne grafiske pr\u00e6sentationer.<\/strong><\/p>\n\n\n\n<div class=\"wp-block-columns is-layout-flex wp-container-core-columns-is-layout-28f84493 wp-block-columns-is-layout-flex\">\n<div class=\"wp-block-column is-layout-flow wp-block-column-is-layout-flow\" style=\"flex-basis:100%\">\n<div class=\"wp-block-buttons alignwide is-vertical is-content-justification-center is-layout-flex wp-container-core-buttons-is-layout-734eb2c2 wp-block-buttons-is-layout-flex\">\n<div class=\"wp-block-button has-custom-width wp-block-button__width-25\"><a class=\"wp-block-button__link has-primary-background-color has-background wp-element-button\" href=\"https:\/\/observablehq.com\/@untwist\/wp1\">WP1 OBSERVABLE<\/a><\/div>\n<\/div>\n<\/div>\n<\/div>\n\n\n\n<p class=\"has-foreground-color has-background-background-color has-text-color has-background has-link-color wp-elements-9780586740db52b1b8dd784f4d7f4d49\">Dette h\u00e6fte pr\u00e6senterer resultaterne af en kvantitativ indholdsanalyse, der kortlagde repr\u00e6sentationen af k\u00f8nsbegreber og -sp\u00f8rgsm\u00e5l i 914 store politiske og sociologiske sp\u00f8rgeskemaunders\u00f8gelser, der blev gennemf\u00f8rt p\u00e5 tv\u00e6rs af landegr\u00e6nser i Europa og i seks europ\u00e6iske lande (Danmark, Tyskland, Ungarn, Schweiz og Storbritannien) mellem 2000 og 2023.<br><strong>Bes\u00f8g Observable nedenfor, hvor en s\u00f8gemaskine til specifikke kodningsenhedssp\u00f8rgsm\u00e5l og v\u00e6rkt\u00f8jer til at udforske hyppigheden og samforekomsten mellem k\u00f8nskoncepter og politiske sp\u00f8rgsm\u00e5l\/emner er tilg\u00e6ngelige for interessenter, der kan interagere og skabe deres egne grafiske pr\u00e6sentationer.<\/strong><\/p>\n\n\n\n<div class=\"wp-block-columns is-layout-flex wp-container-core-columns-is-layout-28f84493 wp-block-columns-is-layout-flex\">\n<div class=\"wp-block-column is-layout-flow wp-block-column-is-layout-flow\" style=\"flex-basis:100%\">\n<div class=\"wp-block-buttons is-content-justification-center is-layout-flex wp-container-core-buttons-is-layout-a89b3969 wp-block-buttons-is-layout-flex\">\n<div class=\"wp-block-button has-custom-width wp-block-button__width-25\"><a class=\"wp-block-button__link has-primary-background-color has-background wp-element-button\" href=\"https:\/\/observablehq.com\/@untwist\/wp3\">WP3 OBSERVABLE<\/a><\/div>\n<\/div>\n<\/div>\n<\/div>\n\n\n\n<p class=\"has-text-align-left has-foreground-color has-background-background-color has-text-color has-background has-link-color wp-elements-c42a521c1d23a8d807981e96baf22f87\">UNTWIST har produceret empiriske data om, hvordan feministisk litteratur og maskulinitetsstudier konceptualiserer k\u00f8nsbaserede behov, relaterede politiske sp\u00f8rgsm\u00e5l og l\u00f8sninger p\u00e5 dem, hvordan v\u00e6lgere, der skifter fra mainstream- til h\u00f8jrepopulistiske partier, oplever deres k\u00f8nsidentitet (fokusgrupper), hvilke k\u00f8nssp\u00f8rgsm\u00e5l der m\u00e5les i nationale og internationale meningsm\u00e5linger (eksisterende unders\u00f8gelsessp\u00f8rgsm\u00e5l), og hvilken type k\u00f8nspolitik politiske partier repr\u00e6senterer (partiprogrammer).<br><strong>Bes\u00f8g Observable nedenfor, hvor du kan udforske, hvordan de forskellige emner udspiller sig i hver dataramme.<\/strong><\/p>\n\n\n\n<div class=\"wp-block-buttons is-content-justification-center is-layout-flex wp-container-core-buttons-is-layout-a89b3969 wp-block-buttons-is-layout-flex\">\n<div class=\"wp-block-button has-custom-width wp-block-button__width-25\"><a class=\"wp-block-button__link has-primary-background-color has-background wp-element-button\" href=\"https:\/\/observablehq.com\/@untwist\/wp5\">WP5 OBSERVABLE<\/a><\/div>\n<\/div>\n\n\n\n<div class=\"wp-block-group is-layout-constrained wp-block-group-is-layout-constrained\">\n<p><\/p>\n<\/div>\n\n\n\n<p><\/p>\n","protected":false},"excerpt":{"rendered":"<p>INFOGRAFIK Som den f\u00f8rste del af UNTWIST&#8217;s empiriske dataanalyse gennemf\u00f8rte teamet en tv\u00e6rnational meta-litteraturgennemgang af en tv\u00e6rfaglig samling af 406 artikler fra feministiske, queer- og maskulinitetsstudier. Udv\u00e6lgelsen var baseret p\u00e5 et teoretisk udvalg af de forskellige typer af \u00bbk\u00f8nsbaserede behov\u00ab, der blev analyseret i litteraturen fra forskellige nationale kontekster. Baseret p\u00e5 en induktiv analyse udviklede [&hellip;]<\/p>\n","protected":false},"author":4,"featured_media":0,"parent":14,"menu_order":0,"comment_status":"closed","ping_status":"closed","template":"page-template-notitle","meta":{"inline_featured_image":false,"footnotes":""},"class_list":["post-1867","page","type-page","status-publish","hentry"],"nelio_popups_active_popup":"","yoast_head":"<!-- This site is optimized with the Yoast SEO plugin v26.3 - https:\/\/yoast.com\/wordpress\/plugins\/seo\/ -->\n<title>INFOGRAPHICS -DAN - UNTWIST<\/title>\n<meta name=\"robots\" content=\"index, follow, max-snippet:-1, max-image-preview:large, max-video-preview:-1\" \/>\n<link rel=\"canonical\" href=\"https:\/\/www.upo.es\/investiga\/UNTWIST\/our-contributions\/infographics-dan\/\" \/>\n<meta property=\"og:locale\" content=\"en_US\" \/>\n<meta property=\"og:type\" content=\"article\" \/>\n<meta property=\"og:title\" content=\"INFOGRAPHICS -DAN - UNTWIST\" \/>\n<meta property=\"og:description\" content=\"INFOGRAFIK Som den f\u00f8rste del af UNTWIST&#8217;s empiriske dataanalyse gennemf\u00f8rte teamet en tv\u00e6rnational meta-litteraturgennemgang af en tv\u00e6rfaglig samling af 406 artikler fra feministiske, queer- og maskulinitetsstudier. Udv\u00e6lgelsen var baseret p\u00e5 et teoretisk udvalg af de forskellige typer af \u00bbk\u00f8nsbaserede behov\u00ab, der blev analyseret i litteraturen fra forskellige nationale kontekster. Baseret p\u00e5 en induktiv analyse udviklede [&hellip;]\" \/>\n<meta property=\"og:url\" content=\"https:\/\/www.upo.es\/investiga\/UNTWIST\/our-contributions\/infographics-dan\/\" \/>\n<meta property=\"og:site_name\" content=\"UNTWIST\" \/>\n<meta property=\"article:modified_time\" content=\"2025-02-18T16:23:57+00:00\" \/>\n<meta property=\"og:image\" content=\"https:\/\/www.upo.es\/investiga\/UNTWIST\/wp-content\/uploads\/2023\/12\/Untwist-logo.jpg\" \/>\n\t<meta property=\"og:image:width\" content=\"2480\" \/>\n\t<meta property=\"og:image:height\" content=\"1808\" \/>\n\t<meta property=\"og:image:type\" content=\"image\/jpeg\" \/>\n<meta name=\"twitter:card\" content=\"summary\" \/>\n<meta name=\"twitter:image\" content=\"https:\/\/www.upo.es\/investiga\/UNTWIST\/wp-content\/uploads\/2023\/12\/Untwist-logo.jpg\" \/>\n<meta name=\"twitter:site\" content=\"@UNTWISTproject\" \/>\n<meta name=\"twitter:label1\" content=\"Est. reading time\" \/>\n\t<meta name=\"twitter:data1\" content=\"2 minutes\" \/>\n<script type=\"application\/ld+json\" class=\"yoast-schema-graph\">{\"@context\":\"https:\/\/schema.org\",\"@graph\":[{\"@type\":\"WebPage\",\"@id\":\"https:\/\/www.upo.es\/investiga\/UNTWIST\/our-contributions\/infographics-dan\/\",\"url\":\"https:\/\/www.upo.es\/investiga\/UNTWIST\/our-contributions\/infographics-dan\/\",\"name\":\"INFOGRAPHICS -DAN - UNTWIST\",\"isPartOf\":{\"@id\":\"https:\/\/www.upo.es\/investiga\/UNTWIST\/#website\"},\"datePublished\":\"2025-02-18T16:23:21+00:00\",\"dateModified\":\"2025-02-18T16:23:57+00:00\",\"breadcrumb\":{\"@id\":\"https:\/\/www.upo.es\/investiga\/UNTWIST\/our-contributions\/infographics-dan\/#breadcrumb\"},\"inLanguage\":\"en-US\",\"potentialAction\":[{\"@type\":\"ReadAction\",\"target\":[\"https:\/\/www.upo.es\/investiga\/UNTWIST\/our-contributions\/infographics-dan\/\"]}]},{\"@type\":\"BreadcrumbList\",\"@id\":\"https:\/\/www.upo.es\/investiga\/UNTWIST\/our-contributions\/infographics-dan\/#breadcrumb\",\"itemListElement\":[{\"@type\":\"ListItem\",\"position\":1,\"name\":\"Portada\",\"item\":\"https:\/\/www.upo.es\/investiga\/UNTWIST\/\"},{\"@type\":\"ListItem\",\"position\":2,\"name\":\"Our contributions\",\"item\":\"https:\/\/www.upo.es\/investiga\/UNTWIST\/our-contributions\/\"},{\"@type\":\"ListItem\",\"position\":3,\"name\":\"INFOGRAPHICS -DAN\"}]},{\"@type\":\"WebSite\",\"@id\":\"https:\/\/www.upo.es\/investiga\/UNTWIST\/#website\",\"url\":\"https:\/\/www.upo.es\/investiga\/UNTWIST\/\",\"name\":\"UNTWIST\",\"description\":\"\",\"publisher\":{\"@id\":\"https:\/\/www.upo.es\/investiga\/UNTWIST\/#organization\"},\"potentialAction\":[{\"@type\":\"SearchAction\",\"target\":{\"@type\":\"EntryPoint\",\"urlTemplate\":\"https:\/\/www.upo.es\/investiga\/UNTWIST\/?s={search_term_string}\"},\"query-input\":{\"@type\":\"PropertyValueSpecification\",\"valueRequired\":true,\"valueName\":\"search_term_string\"}}],\"inLanguage\":\"en-US\"},{\"@type\":\"Organization\",\"@id\":\"https:\/\/www.upo.es\/investiga\/UNTWIST\/#organization\",\"name\":\"UNTWIST\",\"alternateName\":\"UNTWIST\",\"url\":\"https:\/\/www.upo.es\/investiga\/UNTWIST\/\",\"logo\":{\"@type\":\"ImageObject\",\"inLanguage\":\"en-US\",\"@id\":\"https:\/\/www.upo.es\/investiga\/UNTWIST\/#\/schema\/logo\/image\/\",\"url\":\"https:\/\/www.upo.es\/investiga\/UNTWIST\/wp-content\/uploads\/2023\/04\/untwitst-logo-large.png\",\"contentUrl\":\"https:\/\/www.upo.es\/investiga\/UNTWIST\/wp-content\/uploads\/2023\/04\/untwitst-logo-large.png\",\"width\":1000,\"height\":986,\"caption\":\"UNTWIST\"},\"image\":{\"@id\":\"https:\/\/www.upo.es\/investiga\/UNTWIST\/#\/schema\/logo\/image\/\"},\"sameAs\":[\"https:\/\/x.com\/UNTWISTproject\",\"https:\/\/www.youtube.com\/@UNTWIST_Project\"]}]}<\/script>\n<!-- \/ Yoast SEO plugin. -->","yoast_head_json":{"title":"INFOGRAPHICS -DAN - UNTWIST","robots":{"index":"index","follow":"follow","max-snippet":"max-snippet:-1","max-image-preview":"max-image-preview:large","max-video-preview":"max-video-preview:-1"},"canonical":"https:\/\/www.upo.es\/investiga\/UNTWIST\/our-contributions\/infographics-dan\/","og_locale":"en_US","og_type":"article","og_title":"INFOGRAPHICS -DAN - UNTWIST","og_description":"INFOGRAFIK Som den f\u00f8rste del af UNTWIST&#8217;s empiriske dataanalyse gennemf\u00f8rte teamet en tv\u00e6rnational meta-litteraturgennemgang af en tv\u00e6rfaglig samling af 406 artikler fra feministiske, queer- og maskulinitetsstudier. Udv\u00e6lgelsen var baseret p\u00e5 et teoretisk udvalg af de forskellige typer af \u00bbk\u00f8nsbaserede behov\u00ab, der blev analyseret i litteraturen fra forskellige nationale kontekster. Baseret p\u00e5 en induktiv analyse udviklede [&hellip;]","og_url":"https:\/\/www.upo.es\/investiga\/UNTWIST\/our-contributions\/infographics-dan\/","og_site_name":"UNTWIST","article_modified_time":"2025-02-18T16:23:57+00:00","og_image":[{"width":2480,"height":1808,"url":"https:\/\/www.upo.es\/investiga\/UNTWIST\/wp-content\/uploads\/2023\/12\/Untwist-logo.jpg","type":"image\/jpeg"}],"twitter_card":"summary","twitter_image":"https:\/\/www.upo.es\/investiga\/UNTWIST\/wp-content\/uploads\/2023\/12\/Untwist-logo.jpg","twitter_site":"@UNTWISTproject","twitter_misc":{"Est. reading time":"2 minutes"},"schema":{"@context":"https:\/\/schema.org","@graph":[{"@type":"WebPage","@id":"https:\/\/www.upo.es\/investiga\/UNTWIST\/our-contributions\/infographics-dan\/","url":"https:\/\/www.upo.es\/investiga\/UNTWIST\/our-contributions\/infographics-dan\/","name":"INFOGRAPHICS -DAN - UNTWIST","isPartOf":{"@id":"https:\/\/www.upo.es\/investiga\/UNTWIST\/#website"},"datePublished":"2025-02-18T16:23:21+00:00","dateModified":"2025-02-18T16:23:57+00:00","breadcrumb":{"@id":"https:\/\/www.upo.es\/investiga\/UNTWIST\/our-contributions\/infographics-dan\/#breadcrumb"},"inLanguage":"en-US","potentialAction":[{"@type":"ReadAction","target":["https:\/\/www.upo.es\/investiga\/UNTWIST\/our-contributions\/infographics-dan\/"]}]},{"@type":"BreadcrumbList","@id":"https:\/\/www.upo.es\/investiga\/UNTWIST\/our-contributions\/infographics-dan\/#breadcrumb","itemListElement":[{"@type":"ListItem","position":1,"name":"Portada","item":"https:\/\/www.upo.es\/investiga\/UNTWIST\/"},{"@type":"ListItem","position":2,"name":"Our contributions","item":"https:\/\/www.upo.es\/investiga\/UNTWIST\/our-contributions\/"},{"@type":"ListItem","position":3,"name":"INFOGRAPHICS -DAN"}]},{"@type":"WebSite","@id":"https:\/\/www.upo.es\/investiga\/UNTWIST\/#website","url":"https:\/\/www.upo.es\/investiga\/UNTWIST\/","name":"UNTWIST","description":"","publisher":{"@id":"https:\/\/www.upo.es\/investiga\/UNTWIST\/#organization"},"potentialAction":[{"@type":"SearchAction","target":{"@type":"EntryPoint","urlTemplate":"https:\/\/www.upo.es\/investiga\/UNTWIST\/?s={search_term_string}"},"query-input":{"@type":"PropertyValueSpecification","valueRequired":true,"valueName":"search_term_string"}}],"inLanguage":"en-US"},{"@type":"Organization","@id":"https:\/\/www.upo.es\/investiga\/UNTWIST\/#organization","name":"UNTWIST","alternateName":"UNTWIST","url":"https:\/\/www.upo.es\/investiga\/UNTWIST\/","logo":{"@type":"ImageObject","inLanguage":"en-US","@id":"https:\/\/www.upo.es\/investiga\/UNTWIST\/#\/schema\/logo\/image\/","url":"https:\/\/www.upo.es\/investiga\/UNTWIST\/wp-content\/uploads\/2023\/04\/untwitst-logo-large.png","contentUrl":"https:\/\/www.upo.es\/investiga\/UNTWIST\/wp-content\/uploads\/2023\/04\/untwitst-logo-large.png","width":1000,"height":986,"caption":"UNTWIST"},"image":{"@id":"https:\/\/www.upo.es\/investiga\/UNTWIST\/#\/schema\/logo\/image\/"},"sameAs":["https:\/\/x.com\/UNTWISTproject","https:\/\/www.youtube.com\/@UNTWIST_Project"]}]}},"_links":{"self":[{"href":"https:\/\/www.upo.es\/investiga\/UNTWIST\/wp-json\/wp\/v2\/pages\/1867","targetHints":{"allow":["GET"]}}],"collection":[{"href":"https:\/\/www.upo.es\/investiga\/UNTWIST\/wp-json\/wp\/v2\/pages"}],"about":[{"href":"https:\/\/www.upo.es\/investiga\/UNTWIST\/wp-json\/wp\/v2\/types\/page"}],"author":[{"embeddable":true,"href":"https:\/\/www.upo.es\/investiga\/UNTWIST\/wp-json\/wp\/v2\/users\/4"}],"replies":[{"embeddable":true,"href":"https:\/\/www.upo.es\/investiga\/UNTWIST\/wp-json\/wp\/v2\/comments?post=1867"}],"version-history":[{"count":2,"href":"https:\/\/www.upo.es\/investiga\/UNTWIST\/wp-json\/wp\/v2\/pages\/1867\/revisions"}],"predecessor-version":[{"id":1991,"href":"https:\/\/www.upo.es\/investiga\/UNTWIST\/wp-json\/wp\/v2\/pages\/1867\/revisions\/1991"}],"up":[{"embeddable":true,"href":"https:\/\/www.upo.es\/investiga\/UNTWIST\/wp-json\/wp\/v2\/pages\/14"}],"wp:attachment":[{"href":"https:\/\/www.upo.es\/investiga\/UNTWIST\/wp-json\/wp\/v2\/media?parent=1867"}],"curies":[{"name":"wp","href":"https:\/\/api.w.org\/{rel}","templated":true}]}}