{"id":1974,"date":"2026-01-22T23:43:52","date_gmt":"2026-01-22T22:43:52","guid":{"rendered":"https:\/\/www.upo.es\/investiga\/UNTWIST\/?page_id=1974"},"modified":"2026-01-23T14:15:06","modified_gmt":"2026-01-23T13:15:06","slug":"untwist-briefings-collection-ger","status":"publish","type":"page","link":"https:\/\/www.upo.es\/investiga\/UNTWIST\/our-contributions\/untwist-briefings-collection-ger\/","title":{"rendered":"UNTWIST BRIEFINGS COLLECTION &#8211; GER"},"content":{"rendered":"\n<h3 class=\"wp-block-heading has-text-align-center has-title-color has-text-color\" style=\"margin-top:0;margin-right:0;margin-bottom:var(--wp--preset--spacing--70);margin-left:0\">UNTWIST BRIEFINGS COLLECTION<\/h3>\n\n\n\n<div class=\"wp-block-group briefing-collection--section is-layout-constrained wp-block-group-is-layout-constrained\" style=\"margin-bottom:var(--wp--preset--spacing--80)\">\n<div class=\"wp-block-group is-layout-constrained wp-container-core-group-is-layout-6226084c wp-block-group-is-layout-constrained\" style=\"margin-top:0;margin-bottom:0;padding-top:0;padding-right:0;padding-bottom:0;padding-left:0\">\n<div class=\"wp-block-group has-secondary-background-color has-background is-vertical is-content-justification-center is-layout-flex wp-container-core-group-is-layout-b6c228df wp-block-group-is-layout-flex\" style=\"min-height:201px\">\n<h5 class=\"wp-block-heading has-text-align-center has-white-color has-text-color has-link-color has-medium-font-size wp-elements-01725eeb34cf39a7de6f97ddb25b52b0\">WP1 BRIEFING -GER:<\/h5>\n\n\n\n<p class=\"has-text-align-center has-white-color has-text-color has-link-color has-normal-font-size wp-elements-614565d20f9bfa4e8970d0d79a5f6318\"><a href=\"https:\/\/zenodo.org\/records\/15494851\"><\/a><em>EMPFEHLUNGEN F\u00dcR EINE GESCHLECHTSORIENTIERTE POLITIK: EINE TYPOLOGIE GESCHLECHTSSPEZIFISCHER BED\u00dcRFNISSE<\/em><\/p>\n<\/div>\n\n\n\n<div class=\"wp-block-embedpress-embedpress-pdf\"><div class=\"embedpress-document-embed ep-doc-embedpress-pdf-1769174037680   ep-fixed-width\" style=\"width:500px;height:550px;max-width:100%\" id=\"ep-doc-d52bccd3-6499-4f2f-bf16-0f4bcd0d7268\" data-source-id=\"source-d52bccd3-6499-4f2f-bf16-0f4bcd0d7268\" data-embed-type=\"PDF\"><div class=\"ep-embed-content-wraper\"><div class=\"position-right-wraper gutenberg-pdf-wraper\"><div class=\"main-content-wraper\"><iframe title=\"\" style=\"height:550px;width:500px;max-width:100%\" class=\"embedpress-embed-document-pdf embedpress-pdf-1769174037680\" data-emid=\"embedpress-pdf-1769174037680\" data-viewer-style=\"modern\" src=\"https:\/\/www.upo.es\/investiga\/UNTWIST\/wp-admin\/admin-ajax.php?action=get_viewer&amp;scrolling=-1&amp;selection_tool=0&amp;spreads=0&amp;file=https%3A%2F%2Fwww.upo.es%2Finvestiga%2FUNTWIST%2Fwp-content%2Fuploads%2F2026%2F01%2FUB-1-Ger-1.pdf#key=dGhlbWVNb2RlPWRlZmF1bHQmcHJlc2VudGF0aW9uPXRydWUmbGF6eUxvYWQ9ZmFsc2UmcG9zaXRpb249dG9wJmZsaXBib29rX3Rvb2xiYXJfcG9zaXRpb249Ym90dG9tJmRvd25sb2FkPXRydWUmdG9vbGJhcj10cnVlJmNvcHlfdGV4dD10cnVlJmFkZF90ZXh0PXRydWUmZHJhdz1mYWxzZSZkb2NfZGV0YWlscz10cnVlJmRvY19yb3RhdGlvbj10cnVlJmFkZF9pbWFnZT10cnVlJnpvb21faW49dHJ1ZSZ6b29tX291dD10cnVlJmZpdF92aWV3PXRydWUmYm9va21hcms9dHJ1ZSZzZWxlY3Rpb25fdG9vbD0wJnNjcm9sbGluZz0tMSZzcHJlYWRzPTA=\"><\/iframe><\/div><\/div><\/div><\/div><\/div>\n<\/div>\n\n\n\n<div class=\"wp-block-group is-layout-constrained wp-container-core-group-is-layout-6226084c wp-block-group-is-layout-constrained\" style=\"margin-top:0;margin-bottom:0;padding-top:0;padding-right:0;padding-bottom:0;padding-left:0\">\n<div class=\"wp-block-group has-secondary-background-color has-background is-vertical is-content-justification-center is-layout-flex wp-container-core-group-is-layout-b6c228df wp-block-group-is-layout-flex\" style=\"min-height:201px\">\n<h5 class=\"wp-block-heading has-text-align-center has-white-color has-text-color has-link-color has-medium-font-size wp-elements-384f05bd6c742e1a8558076d85476a33\">WP2 BRIEFING -GER:<\/h5>\n\n\n\n<p class=\"has-text-align-center has-white-color has-text-color has-link-color has-normal-font-size wp-elements-bdd26d63c4ac5c941859013e3168c0db\"><em><a href=\"https:\/\/zenodo.org\/records\/15494887\"><\/a><a href=\"https:\/\/zenodo.org\/records\/15494887\"><\/a>DIE DEMOKRATIE DURCH EINE BESSERE REPR\u00c4SENTATION DER<br>GESCHLECHTER ST\u00c4RKEN<\/em><\/p>\n<\/div>\n\n\n\n<div class=\"wp-block-embedpress-embedpress-pdf\"><div class=\"embedpress-document-embed ep-doc-embedpress-pdf-1769173639365   ep-fixed-width\" style=\"width:500px;height:550px;max-width:100%\" id=\"ep-doc-aea28bc3-9455-4f7b-a76e-f2eba024e7d4\" data-source-id=\"source-aea28bc3-9455-4f7b-a76e-f2eba024e7d4\" data-embed-type=\"PDF\"><div class=\"ep-embed-content-wraper\"><div class=\"position-right-wraper gutenberg-pdf-wraper\"><div class=\"main-content-wraper\"><iframe title=\"\" style=\"height:550px;width:500px;max-width:100%\" class=\"embedpress-embed-document-pdf embedpress-pdf-1769173639365\" data-emid=\"embedpress-pdf-1769173639365\" data-viewer-style=\"modern\" src=\"https:\/\/www.upo.es\/investiga\/UNTWIST\/wp-admin\/admin-ajax.php?action=get_viewer&amp;scrolling=-1&amp;selection_tool=0&amp;spreads=0&amp;file=https%3A%2F%2Fwww.upo.es%2Finvestiga%2FUNTWIST%2Fwp-content%2Fuploads%2F2026%2F01%2FUB-2-Ger.pdf#key=dGhlbWVNb2RlPWRlZmF1bHQmcHJlc2VudGF0aW9uPXRydWUmbGF6eUxvYWQ9ZmFsc2UmcG9zaXRpb249dG9wJmZsaXBib29rX3Rvb2xiYXJfcG9zaXRpb249Ym90dG9tJmRvd25sb2FkPXRydWUmdG9vbGJhcj10cnVlJmNvcHlfdGV4dD10cnVlJmFkZF90ZXh0PXRydWUmZHJhdz1mYWxzZSZkb2NfZGV0YWlscz10cnVlJmRvY19yb3RhdGlvbj10cnVlJmFkZF9pbWFnZT10cnVlJnpvb21faW49dHJ1ZSZ6b29tX291dD10cnVlJmZpdF92aWV3PXRydWUmYm9va21hcms9dHJ1ZSZzZWxlY3Rpb25fdG9vbD0wJnNjcm9sbGluZz0tMSZzcHJlYWRzPTA=\"><\/iframe><\/div><\/div><\/div><\/div><\/div>\n<\/div>\n\n\n\n<div class=\"wp-block-group is-layout-constrained wp-container-core-group-is-layout-6226084c wp-block-group-is-layout-constrained\" style=\"margin-top:0;margin-bottom:0;padding-top:0;padding-right:0;padding-bottom:0;padding-left:0\">\n<div class=\"wp-block-group has-secondary-background-color has-background is-vertical is-content-justification-center is-layout-flex wp-container-core-group-is-layout-b6c228df wp-block-group-is-layout-flex\" style=\"min-height:201px\">\n<h5 class=\"wp-block-heading has-text-align-center has-white-color has-text-color has-link-color has-medium-font-size wp-elements-0efe8c281a126061209133f38f9b70ed\">WP3 BRIEFING -GER:<\/h5>\n\n\n\n<p class=\"has-text-align-center has-white-color has-text-color has-link-color has-normal-font-size wp-elements-fbbab532571073458f8205b7af51dc51\"><em><a href=\"https:\/\/zenodo.org\/records\/15494903\"><\/a><a href=\"https:\/\/zenodo.org\/records\/15494903\"><\/a>DIE BED\u00dcRFNISSE DER W\u00c4HLER:INNEN VERTRETEN: EMPFEHLUNGEN ZUR GENDER- UND MEINUNGSFORSCHUNG IN DEUTSCHLAND<\/em><\/p>\n<\/div>\n\n\n\n<div class=\"wp-block-embedpress-embedpress-pdf\"><div class=\"embedpress-document-embed ep-doc-embedpress-pdf-1769173623993   ep-fixed-width\" style=\"width:500px;height:550px;max-width:100%\" id=\"ep-doc-d52bccd3-6499-4f2f-bf16-0f4bcd0d7268\" data-source-id=\"source-d52bccd3-6499-4f2f-bf16-0f4bcd0d7268\" data-embed-type=\"PDF\"><div class=\"ep-embed-content-wraper\"><div class=\"position-right-wraper gutenberg-pdf-wraper\"><div class=\"main-content-wraper\"><iframe title=\"\" style=\"height:550px;width:500px;max-width:100%\" class=\"embedpress-embed-document-pdf embedpress-pdf-1769173623993\" data-emid=\"embedpress-pdf-1769173623993\" data-viewer-style=\"modern\" src=\"https:\/\/www.upo.es\/investiga\/UNTWIST\/wp-admin\/admin-ajax.php?action=get_viewer&amp;scrolling=-1&amp;selection_tool=0&amp;spreads=0&amp;file=https%3A%2F%2Fwww.upo.es%2Finvestiga%2FUNTWIST%2Fwp-content%2Fuploads%2F2026%2F01%2FUB-3-Ger.pdf#key=dGhlbWVNb2RlPWRlZmF1bHQmcHJlc2VudGF0aW9uPXRydWUmbGF6eUxvYWQ9ZmFsc2UmcG9zaXRpb249dG9wJmZsaXBib29rX3Rvb2xiYXJfcG9zaXRpb249Ym90dG9tJmRvd25sb2FkPXRydWUmdG9vbGJhcj10cnVlJmNvcHlfdGV4dD10cnVlJmFkZF90ZXh0PXRydWUmZHJhdz1mYWxzZSZkb2NfZGV0YWlscz10cnVlJmRvY19yb3RhdGlvbj10cnVlJmFkZF9pbWFnZT10cnVlJnpvb21faW49dHJ1ZSZ6b29tX291dD10cnVlJmZpdF92aWV3PXRydWUmYm9va21hcms9dHJ1ZSZzZWxlY3Rpb25fdG9vbD0wJnNjcm9sbGluZz0tMSZzcHJlYWRzPTA=\"><\/iframe><\/div><\/div><\/div><\/div><\/div>\n<\/div>\n<\/div>\n\n\n\n<div class=\"wp-block-group briefing-collection--section is-layout-constrained wp-block-group-is-layout-constrained\" style=\"margin-bottom:var(--wp--preset--spacing--80)\">\n<div class=\"wp-block-group is-layout-constrained wp-container-core-group-is-layout-6226084c wp-block-group-is-layout-constrained\" style=\"margin-top:0;margin-bottom:0;padding-top:0;padding-right:0;padding-bottom:0;padding-left:0\">\n<div class=\"wp-block-group has-secondary-background-color has-background is-vertical is-content-justification-center is-layout-flex wp-container-core-group-is-layout-b6c228df wp-block-group-is-layout-flex\" style=\"min-height:201px\">\n<h5 class=\"wp-block-heading has-text-align-center has-white-color has-text-color has-link-color has-medium-font-size wp-elements-c5346041d29be98f4b90727e7e0bea83\">WP4 BRIEFING -GER:<\/h5>\n\n\n\n<p class=\"has-text-align-center has-white-color has-text-color has-link-color has-normal-font-size wp-elements-094d4f7951d23927a9c038ea478a41f6\" style=\"text-transform:uppercase\"><a href=\"https:\/\/zenodo.org\/records\/15494851\"><\/a><em>PRIORIT\u00c4TEN UND POSITIONEN VON PARTEIEN ZU GESCHLECHTSBEZOGENEN THEMEN IN DEUTSCHLAND<\/em><\/p>\n<\/div>\n\n\n\n<div class=\"wp-block-embedpress-embedpress-pdf\"><div class=\"embedpress-document-embed ep-doc-embedpress-pdf-1769174061905   ep-fixed-width\" style=\"width:500px;height:550px;max-width:100%\" id=\"ep-doc-d52bccd3-6499-4f2f-bf16-0f4bcd0d7268\" data-source-id=\"source-d52bccd3-6499-4f2f-bf16-0f4bcd0d7268\" data-embed-type=\"PDF\"><div class=\"ep-embed-content-wraper\"><div class=\"position-right-wraper gutenberg-pdf-wraper\"><div class=\"main-content-wraper\"><iframe title=\"\" style=\"height:550px;width:500px;max-width:100%\" class=\"embedpress-embed-document-pdf embedpress-pdf-1769174061905\" data-emid=\"embedpress-pdf-1769174061905\" data-viewer-style=\"modern\" src=\"https:\/\/www.upo.es\/investiga\/UNTWIST\/wp-admin\/admin-ajax.php?action=get_viewer&amp;scrolling=-1&amp;selection_tool=0&amp;spreads=0&amp;file=https%3A%2F%2Fwww.upo.es%2Finvestiga%2FUNTWIST%2Fwp-content%2Fuploads%2F2026%2F01%2FUB-4-Ger.pdf#key=dGhlbWVNb2RlPWRlZmF1bHQmcHJlc2VudGF0aW9uPXRydWUmbGF6eUxvYWQ9ZmFsc2UmcG9zaXRpb249dG9wJmZsaXBib29rX3Rvb2xiYXJfcG9zaXRpb249Ym90dG9tJmRvd25sb2FkPXRydWUmdG9vbGJhcj10cnVlJmNvcHlfdGV4dD10cnVlJmFkZF90ZXh0PXRydWUmZHJhdz1mYWxzZSZkb2NfZGV0YWlscz10cnVlJmRvY19yb3RhdGlvbj10cnVlJmFkZF9pbWFnZT10cnVlJnpvb21faW49dHJ1ZSZ6b29tX291dD10cnVlJmZpdF92aWV3PXRydWUmYm9va21hcms9dHJ1ZSZzZWxlY3Rpb25fdG9vbD0wJnNjcm9sbGluZz0tMSZzcHJlYWRzPTA=\"><\/iframe><\/div><\/div><\/div><\/div><\/div>\n<\/div>\n<\/div>\n\n\n\n<div class=\"wp-block-group is-layout-constrained wp-block-group-is-layout-constrained\">\n<p class=\"has-background-color has-title-background-color has-text-color has-background has-link-color has-medium-font-size wp-elements-00b3874883fa8b107dd96daf6be63b9a\">WP1 BRIEFING -GER: EMPFEHLUNGEN F\u00dcR EINE GESCHLECHTSORIENTIERTE POLITIK: EINE TYPOLOGIE GESCHLECHTSSPEZIFISCHER BED\u00dcRFNISSE<\/p>\n\n\n\n<div class=\"wp-block-embedpress-document\"><div class=\"embedpress-document-embed ep-doc-embedpress-pdf-1769121470725\" style=\"height:550;width:600\" data-embed-type=\"Document\"><div class=\"ep-embed-content-wraper\"><div class=\"position-right-wraper gutenberg-doc-wraper\"><div class=\"main-content-wraper\"><div class=\"embedpress-embed-document-pdf embedpress-pdf-1769121470725\" style=\"height:550px;width:600px\" data-emid=\"embedpress-pdf-1769121470725\"><embed src=\"https:\/\/www.upo.es\/investiga\/UNTWIST\/wp-content\/uploads\/2026\/01\/UB-1-Ger-1.pdf\" style=\"height:550px;width:600px;max-width:100%\"\/><\/div><\/div><p class=\"embedpress-el-powered\">Powered By EmbedPress<\/p><style><\/style><\/div><\/div><\/div><\/div>\n\n\n\n<p class=\"has-background-color has-title-background-color has-text-color has-background has-link-color has-medium-font-size wp-elements-8e91d672e384d34875c148414017991d\">WP2 BRIEFING -GER: DIE DEMOKRATIE DURCH EINE BESSERE REPR\u00c4SENTATION DER<br>GESCHLECHTER ST\u00c4RKEN<\/p>\n\n\n\n<div class=\"wp-block-embedpress-document\"><div class=\"embedpress-document-embed ep-doc-embedpress-pdf-1769121556817\" style=\"height:550;width:600\" data-embed-type=\"Document\"><div class=\"ep-embed-content-wraper\"><div class=\"position-right-wraper gutenberg-doc-wraper\"><div class=\"main-content-wraper\"><div class=\"embedpress-embed-document-pdf embedpress-pdf-1769121556817\" style=\"height:550px;width:600px\" data-emid=\"embedpress-pdf-1769121556817\"><embed src=\"https:\/\/www.upo.es\/investiga\/UNTWIST\/wp-content\/uploads\/2026\/01\/UB-2-Ger.pdf\" style=\"height:550px;width:600px;max-width:100%\"\/><\/div><\/div><p class=\"embedpress-el-powered\">Powered By EmbedPress<\/p><style><\/style><\/div><\/div><\/div><\/div>\n\n\n\n<p class=\"has-background-color has-title-background-color has-text-color has-background has-link-color has-medium-font-size wp-elements-e5c33b084e9404baef63dc58ffe3bc9b\">WP3 BRIEFING -GER: DIE BED\u00dcRFNISSE DER W\u00c4HLER:INNEN VERTRETEN: EMPFEHLUNGEN ZUR GENDER- UND MEINUNGSFORSCHUNG IN DEUTSCHLAND<\/p>\n\n\n\n<div class=\"wp-block-embedpress-document\"><div class=\"embedpress-document-embed ep-doc-embedpress-pdf-1769121737666\" style=\"height:550;width:600\" data-embed-type=\"Document\"><div class=\"ep-embed-content-wraper\"><div class=\"position-right-wraper gutenberg-doc-wraper\"><div class=\"main-content-wraper\"><div class=\"embedpress-embed-document-pdf embedpress-pdf-1769121737666\" style=\"height:550px;width:600px\" data-emid=\"embedpress-pdf-1769121737666\"><embed src=\"https:\/\/www.upo.es\/investiga\/UNTWIST\/wp-content\/uploads\/2026\/01\/UB-3-Ger.pdf\" style=\"height:550px;width:600px;max-width:100%\"\/><\/div><\/div><p class=\"embedpress-el-powered\">Powered By EmbedPress<\/p><style><\/style><\/div><\/div><\/div><\/div>\n\n\n\n<p class=\"has-background-color has-title-background-color has-text-color has-background has-link-color has-medium-font-size wp-elements-5e5fed468a84ce5db678512af7176a8b\">WP4 BRIEFING -GER: PRIORIT\u00c4TEN UND POSITIONEN VON PARTEIEN ZU GESCHLECHTSBEZOGENEN THEMEN IN DEUTSCHLAND<\/p>\n\n\n\n<div class=\"wp-block-embedpress-document\"><div class=\"embedpress-document-embed ep-doc-embedpress-pdf-1769121818797\" style=\"height:550;width:600\" data-embed-type=\"Document\"><div class=\"ep-embed-content-wraper\"><div class=\"position-right-wraper gutenberg-doc-wraper\"><div class=\"main-content-wraper\"><div class=\"embedpress-embed-document-pdf embedpress-pdf-1769121818797\" style=\"height:550px;width:600px\" data-emid=\"embedpress-pdf-1769121818797\"><embed src=\"https:\/\/www.upo.es\/investiga\/UNTWIST\/wp-content\/uploads\/2026\/01\/UB-4-Ger.pdf\" style=\"height:550px;width:600px;max-width:100%\"\/><\/div><\/div><p class=\"embedpress-el-powered\">Powered By EmbedPress<\/p><style><\/style><\/div><\/div><\/div><\/div>\n<\/div>\n\n\n\n<p><\/p>\n","protected":false},"excerpt":{"rendered":"<p>UNTWIST BRIEFINGS COLLECTION WP1 BRIEFING -GER: EMPFEHLUNGEN F\u00dcR EINE GESCHLECHTSORIENTIERTE POLITIK: EINE TYPOLOGIE GESCHLECHTSSPEZIFISCHER BED\u00dcRFNISSE WP2 BRIEFING -GER: DIE DEMOKRATIE DURCH EINE BESSERE REPR\u00c4SENTATION DERGESCHLECHTER ST\u00c4RKEN WP3 BRIEFING -GER: DIE BED\u00dcRFNISSE DER W\u00c4HLER:INNEN VERTRETEN: EMPFEHLUNGEN ZUR GENDER- UND MEINUNGSFORSCHUNG IN DEUTSCHLAND WP4 BRIEFING -GER: PRIORIT\u00c4TEN UND POSITIONEN VON PARTEIEN ZU GESCHLECHTSBEZOGENEN THEMEN IN DEUTSCHLAND WP1 [&hellip;]<\/p>\n","protected":false},"author":4,"featured_media":0,"parent":14,"menu_order":0,"comment_status":"closed","ping_status":"closed","template":"page-template-notitle","meta":{"inline_featured_image":false,"footnotes":""},"class_list":["post-1974","page","type-page","status-publish","hentry"],"nelio_popups_active_popup":"","yoast_head":"<!-- This site is optimized with the Yoast SEO plugin v26.3 - https:\/\/yoast.com\/wordpress\/plugins\/seo\/ -->\n<title>UNTWIST BRIEFINGS COLLECTION - GER - UNTWIST<\/title>\n<meta name=\"robots\" content=\"index, follow, max-snippet:-1, max-image-preview:large, max-video-preview:-1\" \/>\n<link rel=\"canonical\" href=\"https:\/\/www.upo.es\/investiga\/UNTWIST\/our-contributions\/untwist-briefings-collection-ger\/\" \/>\n<meta property=\"og:locale\" content=\"en_US\" \/>\n<meta property=\"og:type\" content=\"article\" \/>\n<meta property=\"og:title\" content=\"UNTWIST BRIEFINGS COLLECTION - GER - UNTWIST\" \/>\n<meta property=\"og:description\" content=\"UNTWIST BRIEFINGS COLLECTION WP1 BRIEFING -GER: EMPFEHLUNGEN F\u00dcR EINE GESCHLECHTSORIENTIERTE POLITIK: EINE TYPOLOGIE GESCHLECHTSSPEZIFISCHER BED\u00dcRFNISSE WP2 BRIEFING -GER: DIE DEMOKRATIE DURCH EINE BESSERE REPR\u00c4SENTATION DERGESCHLECHTER ST\u00c4RKEN WP3 BRIEFING -GER: DIE BED\u00dcRFNISSE DER W\u00c4HLER:INNEN VERTRETEN: EMPFEHLUNGEN ZUR GENDER- UND MEINUNGSFORSCHUNG IN DEUTSCHLAND WP4 BRIEFING -GER: PRIORIT\u00c4TEN UND POSITIONEN VON PARTEIEN ZU GESCHLECHTSBEZOGENEN THEMEN IN DEUTSCHLAND WP1 [&hellip;]\" \/>\n<meta property=\"og:url\" content=\"https:\/\/www.upo.es\/investiga\/UNTWIST\/our-contributions\/untwist-briefings-collection-ger\/\" \/>\n<meta property=\"og:site_name\" content=\"UNTWIST\" \/>\n<meta property=\"article:modified_time\" content=\"2026-01-23T13:15:06+00:00\" \/>\n<meta property=\"og:image\" content=\"https:\/\/www.upo.es\/investiga\/UNTWIST\/wp-content\/uploads\/2023\/12\/Untwist-logo.jpg\" \/>\n\t<meta property=\"og:image:width\" content=\"2480\" \/>\n\t<meta property=\"og:image:height\" content=\"1808\" \/>\n\t<meta property=\"og:image:type\" content=\"image\/jpeg\" \/>\n<meta name=\"twitter:card\" content=\"summary\" \/>\n<meta name=\"twitter:image\" content=\"https:\/\/www.upo.es\/investiga\/UNTWIST\/wp-content\/uploads\/2023\/12\/Untwist-logo.jpg\" \/>\n<meta name=\"twitter:site\" content=\"@UNTWISTproject\" \/>\n<meta name=\"twitter:label1\" content=\"Est. reading time\" \/>\n\t<meta name=\"twitter:data1\" content=\"1 minute\" \/>\n<script type=\"application\/ld+json\" class=\"yoast-schema-graph\">{\"@context\":\"https:\/\/schema.org\",\"@graph\":[{\"@type\":\"WebPage\",\"@id\":\"https:\/\/www.upo.es\/investiga\/UNTWIST\/our-contributions\/untwist-briefings-collection-ger\/\",\"url\":\"https:\/\/www.upo.es\/investiga\/UNTWIST\/our-contributions\/untwist-briefings-collection-ger\/\",\"name\":\"UNTWIST BRIEFINGS COLLECTION - GER - UNTWIST\",\"isPartOf\":{\"@id\":\"https:\/\/www.upo.es\/investiga\/UNTWIST\/#website\"},\"datePublished\":\"2026-01-22T22:43:52+00:00\",\"dateModified\":\"2026-01-23T13:15:06+00:00\",\"breadcrumb\":{\"@id\":\"https:\/\/www.upo.es\/investiga\/UNTWIST\/our-contributions\/untwist-briefings-collection-ger\/#breadcrumb\"},\"inLanguage\":\"en-US\",\"potentialAction\":[{\"@type\":\"ReadAction\",\"target\":[\"https:\/\/www.upo.es\/investiga\/UNTWIST\/our-contributions\/untwist-briefings-collection-ger\/\"]}]},{\"@type\":\"BreadcrumbList\",\"@id\":\"https:\/\/www.upo.es\/investiga\/UNTWIST\/our-contributions\/untwist-briefings-collection-ger\/#breadcrumb\",\"itemListElement\":[{\"@type\":\"ListItem\",\"position\":1,\"name\":\"Portada\",\"item\":\"https:\/\/www.upo.es\/investiga\/UNTWIST\/\"},{\"@type\":\"ListItem\",\"position\":2,\"name\":\"Our contributions\",\"item\":\"https:\/\/www.upo.es\/investiga\/UNTWIST\/our-contributions\/\"},{\"@type\":\"ListItem\",\"position\":3,\"name\":\"UNTWIST BRIEFINGS COLLECTION &#8211; GER\"}]},{\"@type\":\"WebSite\",\"@id\":\"https:\/\/www.upo.es\/investiga\/UNTWIST\/#website\",\"url\":\"https:\/\/www.upo.es\/investiga\/UNTWIST\/\",\"name\":\"UNTWIST\",\"description\":\"\",\"publisher\":{\"@id\":\"https:\/\/www.upo.es\/investiga\/UNTWIST\/#organization\"},\"potentialAction\":[{\"@type\":\"SearchAction\",\"target\":{\"@type\":\"EntryPoint\",\"urlTemplate\":\"https:\/\/www.upo.es\/investiga\/UNTWIST\/?s={search_term_string}\"},\"query-input\":{\"@type\":\"PropertyValueSpecification\",\"valueRequired\":true,\"valueName\":\"search_term_string\"}}],\"inLanguage\":\"en-US\"},{\"@type\":\"Organization\",\"@id\":\"https:\/\/www.upo.es\/investiga\/UNTWIST\/#organization\",\"name\":\"UNTWIST\",\"alternateName\":\"UNTWIST\",\"url\":\"https:\/\/www.upo.es\/investiga\/UNTWIST\/\",\"logo\":{\"@type\":\"ImageObject\",\"inLanguage\":\"en-US\",\"@id\":\"https:\/\/www.upo.es\/investiga\/UNTWIST\/#\/schema\/logo\/image\/\",\"url\":\"https:\/\/www.upo.es\/investiga\/UNTWIST\/wp-content\/uploads\/2023\/04\/untwitst-logo-large.png\",\"contentUrl\":\"https:\/\/www.upo.es\/investiga\/UNTWIST\/wp-content\/uploads\/2023\/04\/untwitst-logo-large.png\",\"width\":1000,\"height\":986,\"caption\":\"UNTWIST\"},\"image\":{\"@id\":\"https:\/\/www.upo.es\/investiga\/UNTWIST\/#\/schema\/logo\/image\/\"},\"sameAs\":[\"https:\/\/x.com\/UNTWISTproject\",\"https:\/\/www.youtube.com\/@UNTWIST_Project\"]}]}<\/script>\n<!-- \/ Yoast SEO plugin. -->","yoast_head_json":{"title":"UNTWIST BRIEFINGS COLLECTION - GER - UNTWIST","robots":{"index":"index","follow":"follow","max-snippet":"max-snippet:-1","max-image-preview":"max-image-preview:large","max-video-preview":"max-video-preview:-1"},"canonical":"https:\/\/www.upo.es\/investiga\/UNTWIST\/our-contributions\/untwist-briefings-collection-ger\/","og_locale":"en_US","og_type":"article","og_title":"UNTWIST BRIEFINGS COLLECTION - GER - UNTWIST","og_description":"UNTWIST BRIEFINGS COLLECTION WP1 BRIEFING -GER: EMPFEHLUNGEN F\u00dcR EINE GESCHLECHTSORIENTIERTE POLITIK: EINE TYPOLOGIE GESCHLECHTSSPEZIFISCHER BED\u00dcRFNISSE WP2 BRIEFING -GER: DIE DEMOKRATIE DURCH EINE BESSERE REPR\u00c4SENTATION DERGESCHLECHTER ST\u00c4RKEN WP3 BRIEFING -GER: DIE BED\u00dcRFNISSE DER W\u00c4HLER:INNEN VERTRETEN: EMPFEHLUNGEN ZUR GENDER- UND MEINUNGSFORSCHUNG IN DEUTSCHLAND WP4 BRIEFING -GER: PRIORIT\u00c4TEN UND POSITIONEN VON PARTEIEN ZU GESCHLECHTSBEZOGENEN THEMEN IN DEUTSCHLAND WP1 [&hellip;]","og_url":"https:\/\/www.upo.es\/investiga\/UNTWIST\/our-contributions\/untwist-briefings-collection-ger\/","og_site_name":"UNTWIST","article_modified_time":"2026-01-23T13:15:06+00:00","og_image":[{"width":2480,"height":1808,"url":"https:\/\/www.upo.es\/investiga\/UNTWIST\/wp-content\/uploads\/2023\/12\/Untwist-logo.jpg","type":"image\/jpeg"}],"twitter_card":"summary","twitter_image":"https:\/\/www.upo.es\/investiga\/UNTWIST\/wp-content\/uploads\/2023\/12\/Untwist-logo.jpg","twitter_site":"@UNTWISTproject","twitter_misc":{"Est. reading time":"1 minute"},"schema":{"@context":"https:\/\/schema.org","@graph":[{"@type":"WebPage","@id":"https:\/\/www.upo.es\/investiga\/UNTWIST\/our-contributions\/untwist-briefings-collection-ger\/","url":"https:\/\/www.upo.es\/investiga\/UNTWIST\/our-contributions\/untwist-briefings-collection-ger\/","name":"UNTWIST BRIEFINGS COLLECTION - GER - UNTWIST","isPartOf":{"@id":"https:\/\/www.upo.es\/investiga\/UNTWIST\/#website"},"datePublished":"2026-01-22T22:43:52+00:00","dateModified":"2026-01-23T13:15:06+00:00","breadcrumb":{"@id":"https:\/\/www.upo.es\/investiga\/UNTWIST\/our-contributions\/untwist-briefings-collection-ger\/#breadcrumb"},"inLanguage":"en-US","potentialAction":[{"@type":"ReadAction","target":["https:\/\/www.upo.es\/investiga\/UNTWIST\/our-contributions\/untwist-briefings-collection-ger\/"]}]},{"@type":"BreadcrumbList","@id":"https:\/\/www.upo.es\/investiga\/UNTWIST\/our-contributions\/untwist-briefings-collection-ger\/#breadcrumb","itemListElement":[{"@type":"ListItem","position":1,"name":"Portada","item":"https:\/\/www.upo.es\/investiga\/UNTWIST\/"},{"@type":"ListItem","position":2,"name":"Our contributions","item":"https:\/\/www.upo.es\/investiga\/UNTWIST\/our-contributions\/"},{"@type":"ListItem","position":3,"name":"UNTWIST BRIEFINGS COLLECTION &#8211; GER"}]},{"@type":"WebSite","@id":"https:\/\/www.upo.es\/investiga\/UNTWIST\/#website","url":"https:\/\/www.upo.es\/investiga\/UNTWIST\/","name":"UNTWIST","description":"","publisher":{"@id":"https:\/\/www.upo.es\/investiga\/UNTWIST\/#organization"},"potentialAction":[{"@type":"SearchAction","target":{"@type":"EntryPoint","urlTemplate":"https:\/\/www.upo.es\/investiga\/UNTWIST\/?s={search_term_string}"},"query-input":{"@type":"PropertyValueSpecification","valueRequired":true,"valueName":"search_term_string"}}],"inLanguage":"en-US"},{"@type":"Organization","@id":"https:\/\/www.upo.es\/investiga\/UNTWIST\/#organization","name":"UNTWIST","alternateName":"UNTWIST","url":"https:\/\/www.upo.es\/investiga\/UNTWIST\/","logo":{"@type":"ImageObject","inLanguage":"en-US","@id":"https:\/\/www.upo.es\/investiga\/UNTWIST\/#\/schema\/logo\/image\/","url":"https:\/\/www.upo.es\/investiga\/UNTWIST\/wp-content\/uploads\/2023\/04\/untwitst-logo-large.png","contentUrl":"https:\/\/www.upo.es\/investiga\/UNTWIST\/wp-content\/uploads\/2023\/04\/untwitst-logo-large.png","width":1000,"height":986,"caption":"UNTWIST"},"image":{"@id":"https:\/\/www.upo.es\/investiga\/UNTWIST\/#\/schema\/logo\/image\/"},"sameAs":["https:\/\/x.com\/UNTWISTproject","https:\/\/www.youtube.com\/@UNTWIST_Project"]}]}},"_links":{"self":[{"href":"https:\/\/www.upo.es\/investiga\/UNTWIST\/wp-json\/wp\/v2\/pages\/1974","targetHints":{"allow":["GET"]}}],"collection":[{"href":"https:\/\/www.upo.es\/investiga\/UNTWIST\/wp-json\/wp\/v2\/pages"}],"about":[{"href":"https:\/\/www.upo.es\/investiga\/UNTWIST\/wp-json\/wp\/v2\/types\/page"}],"author":[{"embeddable":true,"href":"https:\/\/www.upo.es\/investiga\/UNTWIST\/wp-json\/wp\/v2\/users\/4"}],"replies":[{"embeddable":true,"href":"https:\/\/www.upo.es\/investiga\/UNTWIST\/wp-json\/wp\/v2\/comments?post=1974"}],"version-history":[{"count":5,"href":"https:\/\/www.upo.es\/investiga\/UNTWIST\/wp-json\/wp\/v2\/pages\/1974\/revisions"}],"predecessor-version":[{"id":2558,"href":"https:\/\/www.upo.es\/investiga\/UNTWIST\/wp-json\/wp\/v2\/pages\/1974\/revisions\/2558"}],"up":[{"embeddable":true,"href":"https:\/\/www.upo.es\/investiga\/UNTWIST\/wp-json\/wp\/v2\/pages\/14"}],"wp:attachment":[{"href":"https:\/\/www.upo.es\/investiga\/UNTWIST\/wp-json\/wp\/v2\/media?parent=1974"}],"curies":[{"name":"wp","href":"https:\/\/api.w.org\/{rel}","templated":true}]}}