{"id":1984,"date":"2026-01-30T11:19:35","date_gmt":"2026-01-30T10:19:35","guid":{"rendered":"https:\/\/www.upo.es\/investiga\/UNTWIST\/?page_id=1984"},"modified":"2026-04-02T22:12:56","modified_gmt":"2026-04-02T20:12:56","slug":"untwist-briefings-collection-mag","status":"publish","type":"page","link":"https:\/\/www.upo.es\/investiga\/UNTWIST\/our-contributions\/untwist-briefings-collection-mag\/","title":{"rendered":"UNTWIST BRIEFINGS COLLECTION &#8211; MAG"},"content":{"rendered":"\n<h2 class=\"wp-block-heading has-text-align-center has-title-color has-text-color\">UNTWIST BRIEFINGS COLLECTION &#8211; MAG<\/h2>\n\n\n\n<div class=\"wp-block-group briefing-collection--section is-layout-constrained wp-block-group-is-layout-constrained\" style=\"margin-bottom:var(--wp--preset--spacing--80)\">\n<div class=\"wp-block-group is-layout-constrained wp-container-core-group-is-layout-6226084c wp-block-group-is-layout-constrained\" style=\"margin-top:0;margin-bottom:0;padding-top:0;padding-right:0;padding-bottom:0;padding-left:0\">\n<div class=\"wp-block-group has-secondary-background-color has-background is-vertical is-content-justification-center is-layout-flex wp-container-core-group-is-layout-b6c228df wp-block-group-is-layout-flex\" style=\"min-height:201px\">\n<h5 class=\"wp-block-heading has-text-align-center has-white-color has-text-color has-link-color has-medium-font-size wp-elements-050c7329de0ef5260eadb31cbda75c5f\">WP1 BRIEFING -MAG (HUN):<\/h5>\n\n\n\n<p class=\"has-text-align-center has-white-color has-text-color has-link-color has-normal-font-size wp-elements-3ef291db6261019740d2d1b3579ac12c\"><em><a href=\"https:\/\/zenodo.org\/records\/16942695\">AJ\u00c1NL\u00c1SOK A NEMEK K\u00d6Z\u00d6TTI EGYENL\u0150S\u00c9GEN ALAPUL\u00d3 SZAKPOLITIK\u00c1K KIALAK\u00cdT\u00c1S\u00c1HOZ. A NEMEK SZERINTI SZ\u00dcKS\u00c9GLETEK TIPOL\u00d3GI\u00c1JA<\/a><\/em><\/p>\n<\/div>\n\n\n\n<div class=\"wp-block-embedpress-embedpress-pdf\"><div class=\"embedpress-document-embed ep-doc-embedpress-pdf-1769766511009   ep-fixed-width\" style=\"width:500px;height:550px;max-width:100%\" id=\"ep-doc-d52bccd3-6499-4f2f-bf16-0f4bcd0d7268\" data-source-id=\"source-d52bccd3-6499-4f2f-bf16-0f4bcd0d7268\" data-embed-type=\"PDF\"><div class=\"ep-embed-content-wraper\"><div class=\"position-right-wraper gutenberg-pdf-wraper\"><div class=\"main-content-wraper\"><iframe title=\"\" style=\"height:550px;width:500px;max-width:100%\" class=\"embedpress-embed-document-pdf embedpress-pdf-1769766511009\" data-emid=\"embedpress-pdf-1769766511009\" data-viewer-style=\"modern\" src=\"https:\/\/www.upo.es\/investiga\/UNTWIST\/wp-admin\/admin-ajax.php?action=get_viewer&amp;scrolling=-1&amp;selection_tool=0&amp;spreads=0&amp;file=https%3A%2F%2Fwww.upo.es%2Finvestiga%2FUNTWIST%2Fwp-content%2Fuploads%2F2026%2F01%2FPolicy-Brief-WP1-Hungarian-FINAL-28012026.pdf#key=dGhlbWVNb2RlPWRlZmF1bHQmcHJlc2VudGF0aW9uPXRydWUmbGF6eUxvYWQ9ZmFsc2UmcG9zaXRpb249dG9wJmZsaXBib29rX3Rvb2xiYXJfcG9zaXRpb249Ym90dG9tJmRvd25sb2FkPXRydWUmdG9vbGJhcj10cnVlJmNvcHlfdGV4dD10cnVlJmFkZF90ZXh0PXRydWUmZHJhdz1mYWxzZSZkb2NfZGV0YWlscz10cnVlJmRvY19yb3RhdGlvbj10cnVlJmFkZF9pbWFnZT10cnVlJnpvb21faW49dHJ1ZSZ6b29tX291dD10cnVlJmZpdF92aWV3PXRydWUmYm9va21hcms9dHJ1ZSZzZWxlY3Rpb25fdG9vbD0wJnNjcm9sbGluZz0tMSZzcHJlYWRzPTA=\"><\/iframe><\/div><\/div><\/div><\/div><\/div>\n<\/div>\n\n\n\n<div class=\"wp-block-group is-layout-constrained wp-container-core-group-is-layout-6226084c wp-block-group-is-layout-constrained\" style=\"margin-top:0;margin-bottom:0;padding-top:0;padding-right:0;padding-bottom:0;padding-left:0\">\n<div class=\"wp-block-group has-secondary-background-color has-background is-vertical is-content-justification-center is-layout-flex wp-container-core-group-is-layout-b6c228df wp-block-group-is-layout-flex\" style=\"min-height:201px\">\n<h5 class=\"wp-block-heading has-text-align-center has-white-color has-text-color has-link-color has-medium-font-size wp-elements-4d2257b21ad6fef3d407d10168aa43db\">WP2 BRIEFING -MAG (HUN):<\/h5>\n\n\n\n<p class=\"has-text-align-center has-white-color has-text-color has-link-color has-normal-font-size wp-elements-3525459957b7b405935416454141c696\"><em><a href=\"https:\/\/zenodo.org\/records\/16987711\">A DEMOKR\u00c1CIA MEGER\u0150S\u00cdT\u00c9SE A NEMEK K\u00c9PVISELET\u00c9NEK JAV\u00cdT\u00c1S\u00c1VAL<\/a><\/em><\/p>\n<\/div>\n\n\n\n<div class=\"wp-block-embedpress-embedpress-pdf\"><div class=\"embedpress-document-embed ep-doc-embedpress-pdf-1769766576120   ep-fixed-width\" style=\"width:500px;height:550px;max-width:100%\" id=\"ep-doc-aea28bc3-9455-4f7b-a76e-f2eba024e7d4\" data-source-id=\"source-aea28bc3-9455-4f7b-a76e-f2eba024e7d4\" data-embed-type=\"PDF\"><div class=\"ep-embed-content-wraper\"><div class=\"position-right-wraper gutenberg-pdf-wraper\"><div class=\"main-content-wraper\"><iframe title=\"\" style=\"height:550px;width:500px;max-width:100%\" class=\"embedpress-embed-document-pdf embedpress-pdf-1769766576120\" data-emid=\"embedpress-pdf-1769766576120\" data-viewer-style=\"modern\" src=\"https:\/\/www.upo.es\/investiga\/UNTWIST\/wp-admin\/admin-ajax.php?action=get_viewer&amp;scrolling=-1&amp;selection_tool=0&amp;spreads=0&amp;file=https%3A%2F%2Fwww.upo.es%2Finvestiga%2FUNTWIST%2Fwp-content%2Fuploads%2F2026%2F01%2FPolicy-Brief-WP2-Hungarian-FINAL-28012026.pdf#key=dGhlbWVNb2RlPWRlZmF1bHQmcHJlc2VudGF0aW9uPXRydWUmbGF6eUxvYWQ9ZmFsc2UmcG9zaXRpb249dG9wJmZsaXBib29rX3Rvb2xiYXJfcG9zaXRpb249Ym90dG9tJmRvd25sb2FkPXRydWUmdG9vbGJhcj10cnVlJmNvcHlfdGV4dD10cnVlJmFkZF90ZXh0PXRydWUmZHJhdz1mYWxzZSZkb2NfZGV0YWlscz10cnVlJmRvY19yb3RhdGlvbj10cnVlJmFkZF9pbWFnZT10cnVlJnpvb21faW49dHJ1ZSZ6b29tX291dD10cnVlJmZpdF92aWV3PXRydWUmYm9va21hcms9dHJ1ZSZzZWxlY3Rpb25fdG9vbD0wJnNjcm9sbGluZz0tMSZzcHJlYWRzPTA=\"><\/iframe><\/div><\/div><\/div><\/div><\/div>\n<\/div>\n\n\n\n<div class=\"wp-block-group is-layout-constrained wp-container-core-group-is-layout-6226084c wp-block-group-is-layout-constrained\" style=\"margin-top:0;margin-bottom:0;padding-top:0;padding-right:0;padding-bottom:0;padding-left:0\">\n<div class=\"wp-block-group has-secondary-background-color has-background is-vertical is-content-justification-center is-layout-flex wp-container-core-group-is-layout-b6c228df wp-block-group-is-layout-flex\" style=\"min-height:201px\">\n<h5 class=\"wp-block-heading has-text-align-center has-white-color has-text-color has-link-color has-medium-font-size wp-elements-512773573ec295df55fdb243fcbd3f28\">WP3 BRIEFING -MAG (HUN):<\/h5>\n\n\n\n<p class=\"has-text-align-center has-white-color has-text-color has-link-color has-normal-font-size wp-elements-d6a1f054c267c578a2f726de4cef825f\"><em><a href=\"https:\/\/zenodo.org\/records\/15494903\"><\/a><a href=\"https:\/\/zenodo.org\/records\/15494903\"><\/a><a href=\"https:\/\/zenodo.org\/records\/16987926\">A V\u00c1LASZT\u00d3K SZ\u00dcKS\u00c9GLETEINEK K\u00c9PVISELETE: \u00daTMUTAT\u00d3 A MAGYARORSZ\u00c1GI NEMEKKEL KAPCSOLATOS K\u00d6ZV\u00c9LEM\u00c9NY-KUTAT\u00c1SI ADATOK ALAPJ\u00c1N<\/a><\/em><\/p>\n<\/div>\n\n\n\n<div class=\"wp-block-embedpress-embedpress-pdf\"><div class=\"embedpress-document-embed ep-doc-embedpress-pdf-1769766628079   ep-fixed-width\" style=\"width:500px;height:550px;max-width:100%\" id=\"ep-doc-d52bccd3-6499-4f2f-bf16-0f4bcd0d7268\" data-source-id=\"source-d52bccd3-6499-4f2f-bf16-0f4bcd0d7268\" data-embed-type=\"PDF\"><div class=\"ep-embed-content-wraper\"><div class=\"position-right-wraper gutenberg-pdf-wraper\"><div class=\"main-content-wraper\"><iframe title=\"\" style=\"height:550px;width:500px;max-width:100%\" class=\"embedpress-embed-document-pdf embedpress-pdf-1769766628079\" data-emid=\"embedpress-pdf-1769766628079\" data-viewer-style=\"modern\" src=\"https:\/\/www.upo.es\/investiga\/UNTWIST\/wp-admin\/admin-ajax.php?action=get_viewer&amp;scrolling=-1&amp;selection_tool=0&amp;spreads=0&amp;file=https%3A%2F%2Fwww.upo.es%2Finvestiga%2FUNTWIST%2Fwp-content%2Fuploads%2F2026%2F01%2FPolicy-Brief-WP3-Hungarian-FINAL-28012026.pdf#key=dGhlbWVNb2RlPWRlZmF1bHQmcHJlc2VudGF0aW9uPXRydWUmbGF6eUxvYWQ9ZmFsc2UmcG9zaXRpb249dG9wJmZsaXBib29rX3Rvb2xiYXJfcG9zaXRpb249Ym90dG9tJmRvd25sb2FkPXRydWUmdG9vbGJhcj10cnVlJmNvcHlfdGV4dD10cnVlJmFkZF90ZXh0PXRydWUmZHJhdz1mYWxzZSZkb2NfZGV0YWlscz10cnVlJmRvY19yb3RhdGlvbj10cnVlJmFkZF9pbWFnZT10cnVlJnpvb21faW49dHJ1ZSZ6b29tX291dD10cnVlJmZpdF92aWV3PXRydWUmYm9va21hcms9dHJ1ZSZzZWxlY3Rpb25fdG9vbD0wJnNjcm9sbGluZz0tMSZzcHJlYWRzPTA=\"><\/iframe><\/div><\/div><\/div><\/div><\/div>\n<\/div>\n<\/div>\n\n\n\n<div class=\"wp-block-group briefing-collection--section is-layout-constrained wp-block-group-is-layout-constrained\" style=\"margin-bottom:var(--wp--preset--spacing--80)\">\n<div class=\"wp-block-group is-layout-constrained wp-container-core-group-is-layout-6226084c wp-block-group-is-layout-constrained\" style=\"margin-top:0;margin-bottom:0;padding-top:0;padding-right:0;padding-bottom:0;padding-left:0\">\n<div class=\"wp-block-group has-secondary-background-color has-background is-vertical is-content-justification-center is-layout-flex wp-container-core-group-is-layout-b6c228df wp-block-group-is-layout-flex\" style=\"min-height:201px\">\n<h5 class=\"wp-block-heading has-text-align-center has-white-color has-text-color has-link-color has-medium-font-size wp-elements-befb15c6b1fcd7f04d8e7ae4c19d9d02\">WP4 BRIEFING -MAG (HUN):<\/h5>\n\n\n\n<p class=\"has-text-align-center has-white-color has-text-color has-link-color has-normal-font-size wp-elements-59df7f28af54280ec59d5f53ebabb29f\" style=\"text-transform:uppercase\"><a href=\"https:\/\/zenodo.org\/records\/15494851\"><\/a><em><a href=\"https:\/\/zenodo.org\/records\/16988191\">A P\u00c1RTOK PRIORIT\u00c1SAI \u00c9S \u00c1LL\u00c1SPONTJAI A NEMEKKEL KAPCSOLATOS T\u00c9M\u00c1KBAN MAGYARORSZ\u00c1GON<\/a><\/em><\/p>\n<\/div>\n\n\n\n<div class=\"wp-block-embedpress-embedpress-pdf\"><div class=\"embedpress-document-embed ep-doc-embedpress-pdf-1769766731192   ep-fixed-width\" style=\"width:500px;height:550px;max-width:100%\" id=\"ep-doc-d52bccd3-6499-4f2f-bf16-0f4bcd0d7268\" data-source-id=\"source-d52bccd3-6499-4f2f-bf16-0f4bcd0d7268\" data-embed-type=\"PDF\"><div class=\"ep-embed-content-wraper\"><div class=\"position-right-wraper gutenberg-pdf-wraper\"><div class=\"main-content-wraper\"><iframe title=\"\" style=\"height:550px;width:500px;max-width:100%\" class=\"embedpress-embed-document-pdf embedpress-pdf-1769766731192\" data-emid=\"embedpress-pdf-1769766731192\" data-viewer-style=\"modern\" src=\"https:\/\/www.upo.es\/investiga\/UNTWIST\/wp-admin\/admin-ajax.php?action=get_viewer&amp;scrolling=-1&amp;selection_tool=0&amp;spreads=0&amp;file=https%3A%2F%2Fwww.upo.es%2Finvestiga%2FUNTWIST%2Fwp-content%2Fuploads%2F2026%2F01%2FPolicy-Brief-WP4-Hungarian-FINAL-28012026.pdf#key=dGhlbWVNb2RlPWRlZmF1bHQmcHJlc2VudGF0aW9uPXRydWUmbGF6eUxvYWQ9ZmFsc2UmcG9zaXRpb249dG9wJmZsaXBib29rX3Rvb2xiYXJfcG9zaXRpb249Ym90dG9tJmRvd25sb2FkPXRydWUmdG9vbGJhcj10cnVlJmNvcHlfdGV4dD10cnVlJmFkZF90ZXh0PXRydWUmZHJhdz1mYWxzZSZkb2NfZGV0YWlscz10cnVlJmRvY19yb3RhdGlvbj10cnVlJmFkZF9pbWFnZT10cnVlJnpvb21faW49dHJ1ZSZ6b29tX291dD10cnVlJmZpdF92aWV3PXRydWUmYm9va21hcms9dHJ1ZSZzZWxlY3Rpb25fdG9vbD0wJnNjcm9sbGluZz0tMSZzcHJlYWRzPTA=\"><\/iframe><\/div><\/div><\/div><\/div><\/div>\n<\/div>\n<\/div>\n","protected":false},"excerpt":{"rendered":"<p>UNTWIST BRIEFINGS COLLECTION &#8211; MAG WP1 BRIEFING -MAG (HUN): AJ\u00c1NL\u00c1SOK A NEMEK K\u00d6Z\u00d6TTI EGYENL\u0150S\u00c9GEN ALAPUL\u00d3 SZAKPOLITIK\u00c1K KIALAK\u00cdT\u00c1S\u00c1HOZ. A NEMEK SZERINTI SZ\u00dcKS\u00c9GLETEK TIPOL\u00d3GI\u00c1JA WP2 BRIEFING -MAG (HUN): A DEMOKR\u00c1CIA MEGER\u0150S\u00cdT\u00c9SE A NEMEK K\u00c9PVISELET\u00c9NEK JAV\u00cdT\u00c1S\u00c1VAL WP3 BRIEFING -MAG (HUN): A V\u00c1LASZT\u00d3K SZ\u00dcKS\u00c9GLETEINEK K\u00c9PVISELETE: \u00daTMUTAT\u00d3 A MAGYARORSZ\u00c1GI NEMEKKEL KAPCSOLATOS K\u00d6ZV\u00c9LEM\u00c9NY-KUTAT\u00c1SI ADATOK ALAPJ\u00c1N WP4 BRIEFING -MAG (HUN): A P\u00c1RTOK [&hellip;]<\/p>\n","protected":false},"author":4,"featured_media":0,"parent":14,"menu_order":0,"comment_status":"closed","ping_status":"closed","template":"page-template-notitle","meta":{"inline_featured_image":false,"footnotes":""},"class_list":["post-1984","page","type-page","status-publish","hentry"],"nelio_popups_active_popup":"","yoast_head":"<!-- This site is optimized with the Yoast SEO plugin v26.3 - https:\/\/yoast.com\/wordpress\/plugins\/seo\/ -->\n<title>UNTWIST BRIEFINGS COLLECTION - MAG - UNTWIST<\/title>\n<meta name=\"robots\" content=\"index, follow, max-snippet:-1, max-image-preview:large, max-video-preview:-1\" \/>\n<link rel=\"canonical\" href=\"https:\/\/www.upo.es\/investiga\/UNTWIST\/our-contributions\/untwist-briefings-collection-mag\/\" \/>\n<meta property=\"og:locale\" content=\"en_US\" \/>\n<meta property=\"og:type\" content=\"article\" \/>\n<meta property=\"og:title\" content=\"UNTWIST BRIEFINGS COLLECTION - MAG - UNTWIST\" \/>\n<meta property=\"og:description\" content=\"UNTWIST BRIEFINGS COLLECTION &#8211; MAG WP1 BRIEFING -MAG (HUN): AJ\u00c1NL\u00c1SOK A NEMEK K\u00d6Z\u00d6TTI EGYENL\u0150S\u00c9GEN ALAPUL\u00d3 SZAKPOLITIK\u00c1K KIALAK\u00cdT\u00c1S\u00c1HOZ. A NEMEK SZERINTI SZ\u00dcKS\u00c9GLETEK TIPOL\u00d3GI\u00c1JA WP2 BRIEFING -MAG (HUN): A DEMOKR\u00c1CIA MEGER\u0150S\u00cdT\u00c9SE A NEMEK K\u00c9PVISELET\u00c9NEK JAV\u00cdT\u00c1S\u00c1VAL WP3 BRIEFING -MAG (HUN): A V\u00c1LASZT\u00d3K SZ\u00dcKS\u00c9GLETEINEK K\u00c9PVISELETE: \u00daTMUTAT\u00d3 A MAGYARORSZ\u00c1GI NEMEKKEL KAPCSOLATOS K\u00d6ZV\u00c9LEM\u00c9NY-KUTAT\u00c1SI ADATOK ALAPJ\u00c1N WP4 BRIEFING -MAG (HUN): A P\u00c1RTOK [&hellip;]\" \/>\n<meta property=\"og:url\" content=\"https:\/\/www.upo.es\/investiga\/UNTWIST\/our-contributions\/untwist-briefings-collection-mag\/\" \/>\n<meta property=\"og:site_name\" content=\"UNTWIST\" \/>\n<meta property=\"article:modified_time\" content=\"2026-04-02T20:12:56+00:00\" \/>\n<meta property=\"og:image\" content=\"https:\/\/www.upo.es\/investiga\/UNTWIST\/wp-content\/uploads\/2023\/12\/Untwist-logo.jpg\" \/>\n\t<meta property=\"og:image:width\" content=\"2480\" \/>\n\t<meta property=\"og:image:height\" content=\"1808\" \/>\n\t<meta property=\"og:image:type\" content=\"image\/jpeg\" \/>\n<meta name=\"twitter:card\" content=\"summary\" \/>\n<meta name=\"twitter:image\" content=\"https:\/\/www.upo.es\/investiga\/UNTWIST\/wp-content\/uploads\/2023\/12\/Untwist-logo.jpg\" \/>\n<meta name=\"twitter:site\" content=\"@UNTWISTproject\" \/>\n<meta name=\"twitter:label1\" content=\"Est. reading time\" \/>\n\t<meta name=\"twitter:data1\" content=\"1 minute\" \/>\n<script type=\"application\/ld+json\" class=\"yoast-schema-graph\">{\"@context\":\"https:\/\/schema.org\",\"@graph\":[{\"@type\":\"WebPage\",\"@id\":\"https:\/\/www.upo.es\/investiga\/UNTWIST\/our-contributions\/untwist-briefings-collection-mag\/\",\"url\":\"https:\/\/www.upo.es\/investiga\/UNTWIST\/our-contributions\/untwist-briefings-collection-mag\/\",\"name\":\"UNTWIST BRIEFINGS COLLECTION - MAG - UNTWIST\",\"isPartOf\":{\"@id\":\"https:\/\/www.upo.es\/investiga\/UNTWIST\/#website\"},\"datePublished\":\"2026-01-30T10:19:35+00:00\",\"dateModified\":\"2026-04-02T20:12:56+00:00\",\"breadcrumb\":{\"@id\":\"https:\/\/www.upo.es\/investiga\/UNTWIST\/our-contributions\/untwist-briefings-collection-mag\/#breadcrumb\"},\"inLanguage\":\"en-US\",\"potentialAction\":[{\"@type\":\"ReadAction\",\"target\":[\"https:\/\/www.upo.es\/investiga\/UNTWIST\/our-contributions\/untwist-briefings-collection-mag\/\"]}]},{\"@type\":\"BreadcrumbList\",\"@id\":\"https:\/\/www.upo.es\/investiga\/UNTWIST\/our-contributions\/untwist-briefings-collection-mag\/#breadcrumb\",\"itemListElement\":[{\"@type\":\"ListItem\",\"position\":1,\"name\":\"Portada\",\"item\":\"https:\/\/www.upo.es\/investiga\/UNTWIST\/\"},{\"@type\":\"ListItem\",\"position\":2,\"name\":\"Our contributions\",\"item\":\"https:\/\/www.upo.es\/investiga\/UNTWIST\/our-contributions\/\"},{\"@type\":\"ListItem\",\"position\":3,\"name\":\"UNTWIST BRIEFINGS COLLECTION &#8211; MAG\"}]},{\"@type\":\"WebSite\",\"@id\":\"https:\/\/www.upo.es\/investiga\/UNTWIST\/#website\",\"url\":\"https:\/\/www.upo.es\/investiga\/UNTWIST\/\",\"name\":\"UNTWIST\",\"description\":\"\",\"publisher\":{\"@id\":\"https:\/\/www.upo.es\/investiga\/UNTWIST\/#organization\"},\"potentialAction\":[{\"@type\":\"SearchAction\",\"target\":{\"@type\":\"EntryPoint\",\"urlTemplate\":\"https:\/\/www.upo.es\/investiga\/UNTWIST\/?s={search_term_string}\"},\"query-input\":{\"@type\":\"PropertyValueSpecification\",\"valueRequired\":true,\"valueName\":\"search_term_string\"}}],\"inLanguage\":\"en-US\"},{\"@type\":\"Organization\",\"@id\":\"https:\/\/www.upo.es\/investiga\/UNTWIST\/#organization\",\"name\":\"UNTWIST\",\"alternateName\":\"UNTWIST\",\"url\":\"https:\/\/www.upo.es\/investiga\/UNTWIST\/\",\"logo\":{\"@type\":\"ImageObject\",\"inLanguage\":\"en-US\",\"@id\":\"https:\/\/www.upo.es\/investiga\/UNTWIST\/#\/schema\/logo\/image\/\",\"url\":\"https:\/\/www.upo.es\/investiga\/UNTWIST\/wp-content\/uploads\/2023\/04\/untwitst-logo-large.png\",\"contentUrl\":\"https:\/\/www.upo.es\/investiga\/UNTWIST\/wp-content\/uploads\/2023\/04\/untwitst-logo-large.png\",\"width\":1000,\"height\":986,\"caption\":\"UNTWIST\"},\"image\":{\"@id\":\"https:\/\/www.upo.es\/investiga\/UNTWIST\/#\/schema\/logo\/image\/\"},\"sameAs\":[\"https:\/\/x.com\/UNTWISTproject\",\"https:\/\/www.youtube.com\/@UNTWIST_Project\"]}]}<\/script>\n<!-- \/ Yoast SEO plugin. -->","yoast_head_json":{"title":"UNTWIST BRIEFINGS COLLECTION - MAG - UNTWIST","robots":{"index":"index","follow":"follow","max-snippet":"max-snippet:-1","max-image-preview":"max-image-preview:large","max-video-preview":"max-video-preview:-1"},"canonical":"https:\/\/www.upo.es\/investiga\/UNTWIST\/our-contributions\/untwist-briefings-collection-mag\/","og_locale":"en_US","og_type":"article","og_title":"UNTWIST BRIEFINGS COLLECTION - MAG - UNTWIST","og_description":"UNTWIST BRIEFINGS COLLECTION &#8211; MAG WP1 BRIEFING -MAG (HUN): AJ\u00c1NL\u00c1SOK A NEMEK K\u00d6Z\u00d6TTI EGYENL\u0150S\u00c9GEN ALAPUL\u00d3 SZAKPOLITIK\u00c1K KIALAK\u00cdT\u00c1S\u00c1HOZ. A NEMEK SZERINTI SZ\u00dcKS\u00c9GLETEK TIPOL\u00d3GI\u00c1JA WP2 BRIEFING -MAG (HUN): A DEMOKR\u00c1CIA MEGER\u0150S\u00cdT\u00c9SE A NEMEK K\u00c9PVISELET\u00c9NEK JAV\u00cdT\u00c1S\u00c1VAL WP3 BRIEFING -MAG (HUN): A V\u00c1LASZT\u00d3K SZ\u00dcKS\u00c9GLETEINEK K\u00c9PVISELETE: \u00daTMUTAT\u00d3 A MAGYARORSZ\u00c1GI NEMEKKEL KAPCSOLATOS K\u00d6ZV\u00c9LEM\u00c9NY-KUTAT\u00c1SI ADATOK ALAPJ\u00c1N WP4 BRIEFING -MAG (HUN): A P\u00c1RTOK [&hellip;]","og_url":"https:\/\/www.upo.es\/investiga\/UNTWIST\/our-contributions\/untwist-briefings-collection-mag\/","og_site_name":"UNTWIST","article_modified_time":"2026-04-02T20:12:56+00:00","og_image":[{"width":2480,"height":1808,"url":"https:\/\/www.upo.es\/investiga\/UNTWIST\/wp-content\/uploads\/2023\/12\/Untwist-logo.jpg","type":"image\/jpeg"}],"twitter_card":"summary","twitter_image":"https:\/\/www.upo.es\/investiga\/UNTWIST\/wp-content\/uploads\/2023\/12\/Untwist-logo.jpg","twitter_site":"@UNTWISTproject","twitter_misc":{"Est. reading time":"1 minute"},"schema":{"@context":"https:\/\/schema.org","@graph":[{"@type":"WebPage","@id":"https:\/\/www.upo.es\/investiga\/UNTWIST\/our-contributions\/untwist-briefings-collection-mag\/","url":"https:\/\/www.upo.es\/investiga\/UNTWIST\/our-contributions\/untwist-briefings-collection-mag\/","name":"UNTWIST BRIEFINGS COLLECTION - MAG - UNTWIST","isPartOf":{"@id":"https:\/\/www.upo.es\/investiga\/UNTWIST\/#website"},"datePublished":"2026-01-30T10:19:35+00:00","dateModified":"2026-04-02T20:12:56+00:00","breadcrumb":{"@id":"https:\/\/www.upo.es\/investiga\/UNTWIST\/our-contributions\/untwist-briefings-collection-mag\/#breadcrumb"},"inLanguage":"en-US","potentialAction":[{"@type":"ReadAction","target":["https:\/\/www.upo.es\/investiga\/UNTWIST\/our-contributions\/untwist-briefings-collection-mag\/"]}]},{"@type":"BreadcrumbList","@id":"https:\/\/www.upo.es\/investiga\/UNTWIST\/our-contributions\/untwist-briefings-collection-mag\/#breadcrumb","itemListElement":[{"@type":"ListItem","position":1,"name":"Portada","item":"https:\/\/www.upo.es\/investiga\/UNTWIST\/"},{"@type":"ListItem","position":2,"name":"Our contributions","item":"https:\/\/www.upo.es\/investiga\/UNTWIST\/our-contributions\/"},{"@type":"ListItem","position":3,"name":"UNTWIST BRIEFINGS COLLECTION &#8211; MAG"}]},{"@type":"WebSite","@id":"https:\/\/www.upo.es\/investiga\/UNTWIST\/#website","url":"https:\/\/www.upo.es\/investiga\/UNTWIST\/","name":"UNTWIST","description":"","publisher":{"@id":"https:\/\/www.upo.es\/investiga\/UNTWIST\/#organization"},"potentialAction":[{"@type":"SearchAction","target":{"@type":"EntryPoint","urlTemplate":"https:\/\/www.upo.es\/investiga\/UNTWIST\/?s={search_term_string}"},"query-input":{"@type":"PropertyValueSpecification","valueRequired":true,"valueName":"search_term_string"}}],"inLanguage":"en-US"},{"@type":"Organization","@id":"https:\/\/www.upo.es\/investiga\/UNTWIST\/#organization","name":"UNTWIST","alternateName":"UNTWIST","url":"https:\/\/www.upo.es\/investiga\/UNTWIST\/","logo":{"@type":"ImageObject","inLanguage":"en-US","@id":"https:\/\/www.upo.es\/investiga\/UNTWIST\/#\/schema\/logo\/image\/","url":"https:\/\/www.upo.es\/investiga\/UNTWIST\/wp-content\/uploads\/2023\/04\/untwitst-logo-large.png","contentUrl":"https:\/\/www.upo.es\/investiga\/UNTWIST\/wp-content\/uploads\/2023\/04\/untwitst-logo-large.png","width":1000,"height":986,"caption":"UNTWIST"},"image":{"@id":"https:\/\/www.upo.es\/investiga\/UNTWIST\/#\/schema\/logo\/image\/"},"sameAs":["https:\/\/x.com\/UNTWISTproject","https:\/\/www.youtube.com\/@UNTWIST_Project"]}]}},"_links":{"self":[{"href":"https:\/\/www.upo.es\/investiga\/UNTWIST\/wp-json\/wp\/v2\/pages\/1984","targetHints":{"allow":["GET"]}}],"collection":[{"href":"https:\/\/www.upo.es\/investiga\/UNTWIST\/wp-json\/wp\/v2\/pages"}],"about":[{"href":"https:\/\/www.upo.es\/investiga\/UNTWIST\/wp-json\/wp\/v2\/types\/page"}],"author":[{"embeddable":true,"href":"https:\/\/www.upo.es\/investiga\/UNTWIST\/wp-json\/wp\/v2\/users\/4"}],"replies":[{"embeddable":true,"href":"https:\/\/www.upo.es\/investiga\/UNTWIST\/wp-json\/wp\/v2\/comments?post=1984"}],"version-history":[{"count":4,"href":"https:\/\/www.upo.es\/investiga\/UNTWIST\/wp-json\/wp\/v2\/pages\/1984\/revisions"}],"predecessor-version":[{"id":2641,"href":"https:\/\/www.upo.es\/investiga\/UNTWIST\/wp-json\/wp\/v2\/pages\/1984\/revisions\/2641"}],"up":[{"embeddable":true,"href":"https:\/\/www.upo.es\/investiga\/UNTWIST\/wp-json\/wp\/v2\/pages\/14"}],"wp:attachment":[{"href":"https:\/\/www.upo.es\/investiga\/UNTWIST\/wp-json\/wp\/v2\/media?parent=1984"}],"curies":[{"name":"wp","href":"https:\/\/api.w.org\/{rel}","templated":true}]}}