{"id":1986,"date":"2026-01-21T18:08:30","date_gmt":"2026-01-21T17:08:30","guid":{"rendered":"https:\/\/www.upo.es\/investiga\/UNTWIST\/?page_id=1986"},"modified":"2026-01-23T19:08:39","modified_gmt":"2026-01-23T18:08:39","slug":"untwist-briefings-collection-sch","status":"publish","type":"page","link":"https:\/\/www.upo.es\/investiga\/UNTWIST\/our-contributions\/untwist-briefings-collection-sch\/","title":{"rendered":"UNTWIST BRIEFINGS COLLECTION &#8211; SCH"},"content":{"rendered":"\n<h3 class=\"wp-block-heading has-text-align-center has-title-color has-text-color\" style=\"margin-top:0;margin-right:0;margin-bottom:var(--wp--preset--spacing--70);margin-left:0\">UNTWIST BRIEFINGS COLLECTION<\/h3>\n\n\n\n<div class=\"wp-block-group briefing-collection--section is-layout-constrained wp-block-group-is-layout-constrained\" style=\"margin-bottom:var(--wp--preset--spacing--80)\">\n<div class=\"wp-block-group is-layout-constrained wp-container-core-group-is-layout-6226084c wp-block-group-is-layout-constrained\" style=\"margin-top:0;margin-bottom:0;padding-top:0;padding-right:0;padding-bottom:0;padding-left:0\">\n<div class=\"wp-block-group has-secondary-background-color has-background is-vertical is-content-justification-center is-layout-flex wp-container-core-group-is-layout-b6c228df wp-block-group-is-layout-flex\" style=\"min-height:201px\">\n<h5 class=\"wp-block-heading has-text-align-center has-white-color has-text-color has-link-color has-medium-font-size wp-elements-d7968e35cc37ea4078844aff91b9565c\">WP1 BRIEFING -CH (GER):<\/h5>\n\n\n\n<p class=\"has-text-align-center has-white-color has-text-color has-link-color has-normal-font-size wp-elements-956842b14d4deb6c800be4f3b3306641\"><a href=\"https:\/\/zenodo.org\/records\/15494851\"><\/a><em>EMPFEHLUNGEN F\u00dcR EINE GESCHLECHTSBEZOGENE POLITIK: EINE TYPOLOGIE GESCHLECHTSBEZOGENER BED\u00dcRFNISSE IN DER SCHWEIZ<\/em><\/p>\n<\/div>\n\n\n\n<div class=\"wp-block-embedpress-embedpress-pdf\"><div class=\"embedpress-document-embed ep-doc-embedpress-pdf-1769191005280   ep-fixed-width\" style=\"width:500px;height:550px;max-width:100%\" id=\"ep-doc-d52bccd3-6499-4f2f-bf16-0f4bcd0d7268\" data-source-id=\"source-d52bccd3-6499-4f2f-bf16-0f4bcd0d7268\" data-embed-type=\"PDF\"><div class=\"ep-embed-content-wraper\"><div class=\"position-right-wraper gutenberg-pdf-wraper\"><div class=\"main-content-wraper\"><iframe title=\"\" style=\"height:550px;width:500px;max-width:100%\" class=\"embedpress-embed-document-pdf embedpress-pdf-1769191005280\" data-emid=\"embedpress-pdf-1769191005280\" data-viewer-style=\"modern\" src=\"https:\/\/www.upo.es\/investiga\/UNTWIST\/wp-admin\/admin-ajax.php?action=get_viewer&amp;scrolling=-1&amp;selection_tool=0&amp;spreads=0&amp;file=https%3A%2F%2Fwww.upo.es%2Finvestiga%2FUNTWIST%2Fwp-content%2Fuploads%2F2026%2F01%2FUB-1-SWI-ger-1.pdf#key=dGhlbWVNb2RlPWRlZmF1bHQmcHJlc2VudGF0aW9uPXRydWUmbGF6eUxvYWQ9ZmFsc2UmcG9zaXRpb249dG9wJmZsaXBib29rX3Rvb2xiYXJfcG9zaXRpb249Ym90dG9tJmRvd25sb2FkPXRydWUmdG9vbGJhcj10cnVlJmNvcHlfdGV4dD10cnVlJmFkZF90ZXh0PXRydWUmZHJhdz1mYWxzZSZkb2NfZGV0YWlscz10cnVlJmRvY19yb3RhdGlvbj10cnVlJmFkZF9pbWFnZT10cnVlJnpvb21faW49dHJ1ZSZ6b29tX291dD10cnVlJmZpdF92aWV3PXRydWUmYm9va21hcms9dHJ1ZSZzZWxlY3Rpb25fdG9vbD0wJnNjcm9sbGluZz0tMSZzcHJlYWRzPTA=\"><\/iframe><\/div><\/div><\/div><\/div><\/div>\n<\/div>\n\n\n\n<div class=\"wp-block-group is-layout-constrained wp-container-core-group-is-layout-6226084c wp-block-group-is-layout-constrained\" style=\"margin-top:0;margin-bottom:0;padding-top:0;padding-right:0;padding-bottom:0;padding-left:0\">\n<div class=\"wp-block-group has-secondary-background-color has-background is-vertical is-content-justification-center is-layout-flex wp-container-core-group-is-layout-b6c228df wp-block-group-is-layout-flex\" style=\"min-height:201px\">\n<h5 class=\"wp-block-heading has-text-align-center has-white-color has-text-color has-link-color has-medium-font-size wp-elements-23a6c7ec41a1af7b2db64d67f8ca0046\">WP3 BRIEFING -CH (GER):<\/h5>\n\n\n\n<p class=\"has-text-align-center has-white-color has-text-color has-link-color has-normal-font-size wp-elements-5ec3213e3a7e7e0bc240b3d2a57db070\"><em><a href=\"https:\/\/zenodo.org\/records\/15494887\"><\/a><a href=\"https:\/\/zenodo.org\/records\/15494887\"><\/a><\/em><\/p>\n\n\n\n<p class=\"has-text-align-center has-white-color has-text-color has-link-color has-normal-font-size wp-elements-c95b0e581b24283d99c7a114a227be6f\"><em>Die Bed\u00fcrfnisse der W\u00e4hler:innen vertreten: Leitfaden zu Geschlecht und Meinungsumfragen in der Schweiz<\/em><\/p>\n<\/div>\n\n\n\n<div class=\"wp-block-embedpress-embedpress-pdf\"><div class=\"embedpress-document-embed ep-doc-embedpress-pdf-1769191026823   ep-fixed-width\" style=\"width:500px;height:550px;max-width:100%\" id=\"ep-doc-aea28bc3-9455-4f7b-a76e-f2eba024e7d4\" data-source-id=\"source-aea28bc3-9455-4f7b-a76e-f2eba024e7d4\" data-embed-type=\"PDF\"><div class=\"ep-embed-content-wraper\"><div class=\"position-right-wraper gutenberg-pdf-wraper\"><div class=\"main-content-wraper\"><iframe title=\"\" style=\"height:550px;width:500px;max-width:100%\" class=\"embedpress-embed-document-pdf embedpress-pdf-1769191026823\" data-emid=\"embedpress-pdf-1769191026823\" data-viewer-style=\"modern\" src=\"https:\/\/www.upo.es\/investiga\/UNTWIST\/wp-admin\/admin-ajax.php?action=get_viewer&amp;scrolling=-1&amp;selection_tool=0&amp;spreads=0&amp;file=https%3A%2F%2Fwww.upo.es%2Finvestiga%2FUNTWIST%2Fwp-content%2Fuploads%2F2026%2F01%2FUB-3-SWI-ger-1.pdf#key=dGhlbWVNb2RlPWRlZmF1bHQmcHJlc2VudGF0aW9uPXRydWUmbGF6eUxvYWQ9ZmFsc2UmcG9zaXRpb249dG9wJmZsaXBib29rX3Rvb2xiYXJfcG9zaXRpb249Ym90dG9tJmRvd25sb2FkPXRydWUmdG9vbGJhcj10cnVlJmNvcHlfdGV4dD10cnVlJmFkZF90ZXh0PXRydWUmZHJhdz1mYWxzZSZkb2NfZGV0YWlscz10cnVlJmRvY19yb3RhdGlvbj10cnVlJmFkZF9pbWFnZT10cnVlJnpvb21faW49dHJ1ZSZ6b29tX291dD10cnVlJmZpdF92aWV3PXRydWUmYm9va21hcms9dHJ1ZSZzZWxlY3Rpb25fdG9vbD0wJnNjcm9sbGluZz0tMSZzcHJlYWRzPTA=\"><\/iframe><\/div><\/div><\/div><\/div><\/div>\n<\/div>\n\n\n\n<div class=\"wp-block-group is-layout-constrained wp-container-core-group-is-layout-6226084c wp-block-group-is-layout-constrained\" style=\"margin-top:0;margin-bottom:0;padding-top:0;padding-right:0;padding-bottom:0;padding-left:0\">\n<div class=\"wp-block-group has-secondary-background-color has-background is-vertical is-content-justification-center is-layout-flex wp-container-core-group-is-layout-b6c228df wp-block-group-is-layout-flex\" style=\"min-height:201px\">\n<h5 class=\"wp-block-heading has-text-align-center has-white-color has-text-color has-link-color has-medium-font-size wp-elements-01b8a13ec31a9a5b9dabee31126fdff7\">WP3 BRIEFING -CH (IT):<\/h5>\n\n\n\n<p class=\"has-text-align-center has-white-color has-text-color has-link-color has-normal-font-size wp-elements-c4fe345177022be2fa14b120c84a05bb\"><em>Rappresentare i bisogni dell\u2019elettorato: Guida sui dati relativi al genere e all&#8217;opinione pubblica in Svizzera<\/em><\/p>\n<\/div>\n\n\n\n<div class=\"wp-block-embedpress-embedpress-pdf\"><div class=\"embedpress-document-embed ep-doc-embedpress-pdf-1769191048618   ep-fixed-width\" style=\"width:500px;height:550px;max-width:100%\" id=\"ep-doc-d52bccd3-6499-4f2f-bf16-0f4bcd0d7268\" data-source-id=\"source-d52bccd3-6499-4f2f-bf16-0f4bcd0d7268\" data-embed-type=\"PDF\"><div class=\"ep-embed-content-wraper\"><div class=\"position-right-wraper gutenberg-pdf-wraper\"><div class=\"main-content-wraper\"><iframe title=\"\" style=\"height:550px;width:500px;max-width:100%\" class=\"embedpress-embed-document-pdf embedpress-pdf-1769191048618\" data-emid=\"embedpress-pdf-1769191048618\" data-viewer-style=\"modern\" src=\"https:\/\/www.upo.es\/investiga\/UNTWIST\/wp-admin\/admin-ajax.php?action=get_viewer&amp;scrolling=-1&amp;selection_tool=0&amp;spreads=0&amp;file=https%3A%2F%2Fwww.upo.es%2Finvestiga%2FUNTWIST%2Fwp-content%2Fuploads%2F2026%2F01%2FUB-3-SWI-it-1.pdf#key=dGhlbWVNb2RlPWRlZmF1bHQmcHJlc2VudGF0aW9uPXRydWUmbGF6eUxvYWQ9ZmFsc2UmcG9zaXRpb249dG9wJmZsaXBib29rX3Rvb2xiYXJfcG9zaXRpb249Ym90dG9tJmRvd25sb2FkPXRydWUmdG9vbGJhcj10cnVlJmNvcHlfdGV4dD10cnVlJmFkZF90ZXh0PXRydWUmZHJhdz1mYWxzZSZkb2NfZGV0YWlscz10cnVlJmRvY19yb3RhdGlvbj10cnVlJmFkZF9pbWFnZT10cnVlJnpvb21faW49dHJ1ZSZ6b29tX291dD10cnVlJmZpdF92aWV3PXRydWUmYm9va21hcms9dHJ1ZSZzZWxlY3Rpb25fdG9vbD0wJnNjcm9sbGluZz0tMSZzcHJlYWRzPTA=\"><\/iframe><\/div><\/div><\/div><\/div><\/div>\n<\/div>\n<\/div>\n\n\n\n<div class=\"wp-block-group briefing-collection--section is-layout-constrained wp-block-group-is-layout-constrained\" style=\"margin-bottom:var(--wp--preset--spacing--80)\">\n<div class=\"wp-block-group is-layout-constrained wp-container-core-group-is-layout-6226084c wp-block-group-is-layout-constrained\" style=\"margin-top:0;margin-bottom:0;padding-top:0;padding-right:0;padding-bottom:0;padding-left:0\">\n<div class=\"wp-block-group has-secondary-background-color has-background is-vertical is-content-justification-center is-layout-flex wp-container-core-group-is-layout-b6c228df wp-block-group-is-layout-flex\" style=\"min-height:201px\">\n<h5 class=\"wp-block-heading has-text-align-center has-white-color has-text-color has-link-color has-medium-font-size wp-elements-46a6baaa80cccd29550d2b06441cc1d0\">WP4 BRIEFING -CH (GER):<\/h5>\n\n\n\n<p class=\"has-text-align-center has-white-color has-text-color has-link-color has-normal-font-size wp-elements-311e42c4e98bcd96ef889041cbfe0313\"><a href=\"https:\/\/zenodo.org\/records\/15494851\"><\/a><em>Priorit\u00e4ten und Positionen der Parteien zu<br>Geschlechterfragen in der Schweiz<\/em><\/p>\n<\/div>\n\n\n\n<div class=\"wp-block-embedpress-embedpress-pdf\"><div class=\"embedpress-document-embed ep-doc-embedpress-pdf-1769191490402   ep-fixed-width\" style=\"width:500px;height:550px;max-width:100%\" id=\"ep-doc-d52bccd3-6499-4f2f-bf16-0f4bcd0d7268\" data-source-id=\"source-d52bccd3-6499-4f2f-bf16-0f4bcd0d7268\" data-embed-type=\"PDF\"><div class=\"ep-embed-content-wraper\"><div class=\"position-right-wraper gutenberg-pdf-wraper\"><div class=\"main-content-wraper\"><iframe title=\"\" style=\"height:550px;width:500px;max-width:100%\" class=\"embedpress-embed-document-pdf embedpress-pdf-1769191490402\" data-emid=\"embedpress-pdf-1769191490402\" data-viewer-style=\"modern\" src=\"https:\/\/www.upo.es\/investiga\/UNTWIST\/wp-admin\/admin-ajax.php?action=get_viewer&amp;scrolling=-1&amp;selection_tool=0&amp;spreads=0&amp;file=https%3A%2F%2Fwww.upo.es%2Finvestiga%2FUNTWIST%2Fwp-content%2Fuploads%2F2026%2F01%2FUB-4-SWI-ger-1.pdf#key=dGhlbWVNb2RlPWRlZmF1bHQmcHJlc2VudGF0aW9uPXRydWUmbGF6eUxvYWQ9ZmFsc2UmcG9zaXRpb249dG9wJmZsaXBib29rX3Rvb2xiYXJfcG9zaXRpb249Ym90dG9tJmRvd25sb2FkPXRydWUmdG9vbGJhcj10cnVlJmNvcHlfdGV4dD10cnVlJmFkZF90ZXh0PXRydWUmZHJhdz1mYWxzZSZkb2NfZGV0YWlscz10cnVlJmRvY19yb3RhdGlvbj10cnVlJmFkZF9pbWFnZT10cnVlJnpvb21faW49dHJ1ZSZ6b29tX291dD10cnVlJmZpdF92aWV3PXRydWUmYm9va21hcms9dHJ1ZSZzZWxlY3Rpb25fdG9vbD0wJnNjcm9sbGluZz0tMSZzcHJlYWRzPTA=\"><\/iframe><\/div><\/div><\/div><\/div><\/div>\n<\/div>\n\n\n\n<div class=\"wp-block-group is-layout-constrained wp-container-core-group-is-layout-6226084c wp-block-group-is-layout-constrained\" style=\"margin-top:0;margin-bottom:0;padding-top:0;padding-right:0;padding-bottom:0;padding-left:0\">\n<div class=\"wp-block-group has-secondary-background-color has-background is-vertical is-content-justification-center is-layout-flex wp-container-core-group-is-layout-b6c228df wp-block-group-is-layout-flex\" style=\"min-height:201px\">\n<h5 class=\"wp-block-heading has-text-align-center has-white-color has-text-color has-link-color has-medium-font-size wp-elements-da12faa6583d80b463feec0adec68e76\">WP4 BRIEFING -CH (IT):<\/h5>\n\n\n\n<p class=\"has-text-align-center has-white-color has-text-color has-link-color has-normal-font-size wp-elements-ae0da2cf810442ce5a84715648b69982\"><em><a href=\"https:\/\/zenodo.org\/records\/15494887\"><\/a><a href=\"https:\/\/zenodo.org\/records\/15494887\"><\/a>Priorit\u00e0 e posizioni dei partiti politici sulle questioni di genere in Svizzera<\/em><\/p>\n<\/div>\n\n\n\n<div class=\"wp-block-embedpress-embedpress-pdf\"><div class=\"embedpress-document-embed ep-doc-embedpress-pdf-1769191511851   ep-fixed-width\" style=\"width:500px;height:550px;max-width:100%\" id=\"ep-doc-aea28bc3-9455-4f7b-a76e-f2eba024e7d4\" data-source-id=\"source-aea28bc3-9455-4f7b-a76e-f2eba024e7d4\" data-embed-type=\"PDF\"><div class=\"ep-embed-content-wraper\"><div class=\"position-right-wraper gutenberg-pdf-wraper\"><div class=\"main-content-wraper\"><iframe title=\"\" style=\"height:550px;width:500px;max-width:100%\" class=\"embedpress-embed-document-pdf embedpress-pdf-1769191511851\" data-emid=\"embedpress-pdf-1769191511851\" data-viewer-style=\"modern\" src=\"https:\/\/www.upo.es\/investiga\/UNTWIST\/wp-admin\/admin-ajax.php?action=get_viewer&amp;scrolling=-1&amp;selection_tool=0&amp;spreads=0&amp;file=https%3A%2F%2Fwww.upo.es%2Finvestiga%2FUNTWIST%2Fwp-content%2Fuploads%2F2026%2F01%2FUB-4-SWI-it-1.pdf#key=dGhlbWVNb2RlPWRlZmF1bHQmcHJlc2VudGF0aW9uPXRydWUmbGF6eUxvYWQ9ZmFsc2UmcG9zaXRpb249dG9wJmZsaXBib29rX3Rvb2xiYXJfcG9zaXRpb249Ym90dG9tJmRvd25sb2FkPXRydWUmdG9vbGJhcj10cnVlJmNvcHlfdGV4dD10cnVlJmFkZF90ZXh0PXRydWUmZHJhdz1mYWxzZSZkb2NfZGV0YWlscz10cnVlJmRvY19yb3RhdGlvbj10cnVlJmFkZF9pbWFnZT10cnVlJnpvb21faW49dHJ1ZSZ6b29tX291dD10cnVlJmZpdF92aWV3PXRydWUmYm9va21hcms9dHJ1ZSZzZWxlY3Rpb25fdG9vbD0wJnNjcm9sbGluZz0tMSZzcHJlYWRzPTA=\"><\/iframe><\/div><\/div><\/div><\/div><\/div>\n<\/div>\n<\/div>\n\n\n\n<div class=\"wp-block-group briefing-collection--section is-layout-constrained wp-block-group-is-layout-constrained\" style=\"margin-bottom:var(--wp--preset--spacing--80)\"><\/div>\n","protected":false},"excerpt":{"rendered":"<p>UNTWIST BRIEFINGS COLLECTION WP1 BRIEFING -CH (GER): EMPFEHLUNGEN F\u00dcR EINE GESCHLECHTSBEZOGENE POLITIK: EINE TYPOLOGIE GESCHLECHTSBEZOGENER BED\u00dcRFNISSE IN DER SCHWEIZ WP3 BRIEFING -CH (GER): Die Bed\u00fcrfnisse der W\u00e4hler:innen vertreten: Leitfaden zu Geschlecht und Meinungsumfragen in der Schweiz WP3 BRIEFING -CH (IT): Rappresentare i bisogni dell\u2019elettorato: Guida sui dati relativi al genere e all&#8217;opinione pubblica in Svizzera [&hellip;]<\/p>\n","protected":false},"author":4,"featured_media":0,"parent":14,"menu_order":0,"comment_status":"closed","ping_status":"closed","template":"page-template-notitle","meta":{"inline_featured_image":false,"footnotes":""},"class_list":["post-1986","page","type-page","status-publish","hentry"],"nelio_popups_active_popup":"","yoast_head":"<!-- This site is optimized with the Yoast SEO plugin v26.3 - https:\/\/yoast.com\/wordpress\/plugins\/seo\/ -->\n<title>UNTWIST BRIEFINGS COLLECTION - SCH - UNTWIST<\/title>\n<meta name=\"robots\" content=\"index, follow, max-snippet:-1, max-image-preview:large, max-video-preview:-1\" \/>\n<link rel=\"canonical\" href=\"https:\/\/www.upo.es\/investiga\/UNTWIST\/our-contributions\/untwist-briefings-collection-sch\/\" \/>\n<meta property=\"og:locale\" content=\"en_US\" \/>\n<meta property=\"og:type\" content=\"article\" \/>\n<meta property=\"og:title\" content=\"UNTWIST BRIEFINGS COLLECTION - SCH - UNTWIST\" \/>\n<meta property=\"og:description\" content=\"UNTWIST BRIEFINGS COLLECTION WP1 BRIEFING -CH (GER): EMPFEHLUNGEN F\u00dcR EINE GESCHLECHTSBEZOGENE POLITIK: EINE TYPOLOGIE GESCHLECHTSBEZOGENER BED\u00dcRFNISSE IN DER SCHWEIZ WP3 BRIEFING -CH (GER): Die Bed\u00fcrfnisse der W\u00e4hler:innen vertreten: Leitfaden zu Geschlecht und Meinungsumfragen in der Schweiz WP3 BRIEFING -CH (IT): Rappresentare i bisogni dell\u2019elettorato: Guida sui dati relativi al genere e all&#8217;opinione pubblica in Svizzera [&hellip;]\" \/>\n<meta property=\"og:url\" content=\"https:\/\/www.upo.es\/investiga\/UNTWIST\/our-contributions\/untwist-briefings-collection-sch\/\" \/>\n<meta property=\"og:site_name\" content=\"UNTWIST\" \/>\n<meta property=\"article:modified_time\" content=\"2026-01-23T18:08:39+00:00\" \/>\n<meta property=\"og:image\" content=\"https:\/\/www.upo.es\/investiga\/UNTWIST\/wp-content\/uploads\/2023\/12\/Untwist-logo.jpg\" \/>\n\t<meta property=\"og:image:width\" content=\"2480\" \/>\n\t<meta property=\"og:image:height\" content=\"1808\" \/>\n\t<meta property=\"og:image:type\" content=\"image\/jpeg\" \/>\n<meta name=\"twitter:card\" content=\"summary\" \/>\n<meta name=\"twitter:image\" content=\"https:\/\/www.upo.es\/investiga\/UNTWIST\/wp-content\/uploads\/2023\/12\/Untwist-logo.jpg\" \/>\n<meta name=\"twitter:site\" content=\"@UNTWISTproject\" \/>\n<meta name=\"twitter:label1\" content=\"Est. reading time\" \/>\n\t<meta name=\"twitter:data1\" content=\"1 minute\" \/>\n<script type=\"application\/ld+json\" class=\"yoast-schema-graph\">{\"@context\":\"https:\/\/schema.org\",\"@graph\":[{\"@type\":\"WebPage\",\"@id\":\"https:\/\/www.upo.es\/investiga\/UNTWIST\/our-contributions\/untwist-briefings-collection-sch\/\",\"url\":\"https:\/\/www.upo.es\/investiga\/UNTWIST\/our-contributions\/untwist-briefings-collection-sch\/\",\"name\":\"UNTWIST BRIEFINGS COLLECTION - SCH - UNTWIST\",\"isPartOf\":{\"@id\":\"https:\/\/www.upo.es\/investiga\/UNTWIST\/#website\"},\"datePublished\":\"2026-01-21T17:08:30+00:00\",\"dateModified\":\"2026-01-23T18:08:39+00:00\",\"breadcrumb\":{\"@id\":\"https:\/\/www.upo.es\/investiga\/UNTWIST\/our-contributions\/untwist-briefings-collection-sch\/#breadcrumb\"},\"inLanguage\":\"en-US\",\"potentialAction\":[{\"@type\":\"ReadAction\",\"target\":[\"https:\/\/www.upo.es\/investiga\/UNTWIST\/our-contributions\/untwist-briefings-collection-sch\/\"]}]},{\"@type\":\"BreadcrumbList\",\"@id\":\"https:\/\/www.upo.es\/investiga\/UNTWIST\/our-contributions\/untwist-briefings-collection-sch\/#breadcrumb\",\"itemListElement\":[{\"@type\":\"ListItem\",\"position\":1,\"name\":\"Portada\",\"item\":\"https:\/\/www.upo.es\/investiga\/UNTWIST\/\"},{\"@type\":\"ListItem\",\"position\":2,\"name\":\"Our contributions\",\"item\":\"https:\/\/www.upo.es\/investiga\/UNTWIST\/our-contributions\/\"},{\"@type\":\"ListItem\",\"position\":3,\"name\":\"UNTWIST BRIEFINGS COLLECTION &#8211; SCH\"}]},{\"@type\":\"WebSite\",\"@id\":\"https:\/\/www.upo.es\/investiga\/UNTWIST\/#website\",\"url\":\"https:\/\/www.upo.es\/investiga\/UNTWIST\/\",\"name\":\"UNTWIST\",\"description\":\"\",\"publisher\":{\"@id\":\"https:\/\/www.upo.es\/investiga\/UNTWIST\/#organization\"},\"potentialAction\":[{\"@type\":\"SearchAction\",\"target\":{\"@type\":\"EntryPoint\",\"urlTemplate\":\"https:\/\/www.upo.es\/investiga\/UNTWIST\/?s={search_term_string}\"},\"query-input\":{\"@type\":\"PropertyValueSpecification\",\"valueRequired\":true,\"valueName\":\"search_term_string\"}}],\"inLanguage\":\"en-US\"},{\"@type\":\"Organization\",\"@id\":\"https:\/\/www.upo.es\/investiga\/UNTWIST\/#organization\",\"name\":\"UNTWIST\",\"alternateName\":\"UNTWIST\",\"url\":\"https:\/\/www.upo.es\/investiga\/UNTWIST\/\",\"logo\":{\"@type\":\"ImageObject\",\"inLanguage\":\"en-US\",\"@id\":\"https:\/\/www.upo.es\/investiga\/UNTWIST\/#\/schema\/logo\/image\/\",\"url\":\"https:\/\/www.upo.es\/investiga\/UNTWIST\/wp-content\/uploads\/2023\/04\/untwitst-logo-large.png\",\"contentUrl\":\"https:\/\/www.upo.es\/investiga\/UNTWIST\/wp-content\/uploads\/2023\/04\/untwitst-logo-large.png\",\"width\":1000,\"height\":986,\"caption\":\"UNTWIST\"},\"image\":{\"@id\":\"https:\/\/www.upo.es\/investiga\/UNTWIST\/#\/schema\/logo\/image\/\"},\"sameAs\":[\"https:\/\/x.com\/UNTWISTproject\",\"https:\/\/www.youtube.com\/@UNTWIST_Project\"]}]}<\/script>\n<!-- \/ Yoast SEO plugin. -->","yoast_head_json":{"title":"UNTWIST BRIEFINGS COLLECTION - SCH - UNTWIST","robots":{"index":"index","follow":"follow","max-snippet":"max-snippet:-1","max-image-preview":"max-image-preview:large","max-video-preview":"max-video-preview:-1"},"canonical":"https:\/\/www.upo.es\/investiga\/UNTWIST\/our-contributions\/untwist-briefings-collection-sch\/","og_locale":"en_US","og_type":"article","og_title":"UNTWIST BRIEFINGS COLLECTION - SCH - UNTWIST","og_description":"UNTWIST BRIEFINGS COLLECTION WP1 BRIEFING -CH (GER): EMPFEHLUNGEN F\u00dcR EINE GESCHLECHTSBEZOGENE POLITIK: EINE TYPOLOGIE GESCHLECHTSBEZOGENER BED\u00dcRFNISSE IN DER SCHWEIZ WP3 BRIEFING -CH (GER): Die Bed\u00fcrfnisse der W\u00e4hler:innen vertreten: Leitfaden zu Geschlecht und Meinungsumfragen in der Schweiz WP3 BRIEFING -CH (IT): Rappresentare i bisogni dell\u2019elettorato: Guida sui dati relativi al genere e all&#8217;opinione pubblica in Svizzera [&hellip;]","og_url":"https:\/\/www.upo.es\/investiga\/UNTWIST\/our-contributions\/untwist-briefings-collection-sch\/","og_site_name":"UNTWIST","article_modified_time":"2026-01-23T18:08:39+00:00","og_image":[{"width":2480,"height":1808,"url":"https:\/\/www.upo.es\/investiga\/UNTWIST\/wp-content\/uploads\/2023\/12\/Untwist-logo.jpg","type":"image\/jpeg"}],"twitter_card":"summary","twitter_image":"https:\/\/www.upo.es\/investiga\/UNTWIST\/wp-content\/uploads\/2023\/12\/Untwist-logo.jpg","twitter_site":"@UNTWISTproject","twitter_misc":{"Est. reading time":"1 minute"},"schema":{"@context":"https:\/\/schema.org","@graph":[{"@type":"WebPage","@id":"https:\/\/www.upo.es\/investiga\/UNTWIST\/our-contributions\/untwist-briefings-collection-sch\/","url":"https:\/\/www.upo.es\/investiga\/UNTWIST\/our-contributions\/untwist-briefings-collection-sch\/","name":"UNTWIST BRIEFINGS COLLECTION - SCH - UNTWIST","isPartOf":{"@id":"https:\/\/www.upo.es\/investiga\/UNTWIST\/#website"},"datePublished":"2026-01-21T17:08:30+00:00","dateModified":"2026-01-23T18:08:39+00:00","breadcrumb":{"@id":"https:\/\/www.upo.es\/investiga\/UNTWIST\/our-contributions\/untwist-briefings-collection-sch\/#breadcrumb"},"inLanguage":"en-US","potentialAction":[{"@type":"ReadAction","target":["https:\/\/www.upo.es\/investiga\/UNTWIST\/our-contributions\/untwist-briefings-collection-sch\/"]}]},{"@type":"BreadcrumbList","@id":"https:\/\/www.upo.es\/investiga\/UNTWIST\/our-contributions\/untwist-briefings-collection-sch\/#breadcrumb","itemListElement":[{"@type":"ListItem","position":1,"name":"Portada","item":"https:\/\/www.upo.es\/investiga\/UNTWIST\/"},{"@type":"ListItem","position":2,"name":"Our contributions","item":"https:\/\/www.upo.es\/investiga\/UNTWIST\/our-contributions\/"},{"@type":"ListItem","position":3,"name":"UNTWIST BRIEFINGS COLLECTION &#8211; SCH"}]},{"@type":"WebSite","@id":"https:\/\/www.upo.es\/investiga\/UNTWIST\/#website","url":"https:\/\/www.upo.es\/investiga\/UNTWIST\/","name":"UNTWIST","description":"","publisher":{"@id":"https:\/\/www.upo.es\/investiga\/UNTWIST\/#organization"},"potentialAction":[{"@type":"SearchAction","target":{"@type":"EntryPoint","urlTemplate":"https:\/\/www.upo.es\/investiga\/UNTWIST\/?s={search_term_string}"},"query-input":{"@type":"PropertyValueSpecification","valueRequired":true,"valueName":"search_term_string"}}],"inLanguage":"en-US"},{"@type":"Organization","@id":"https:\/\/www.upo.es\/investiga\/UNTWIST\/#organization","name":"UNTWIST","alternateName":"UNTWIST","url":"https:\/\/www.upo.es\/investiga\/UNTWIST\/","logo":{"@type":"ImageObject","inLanguage":"en-US","@id":"https:\/\/www.upo.es\/investiga\/UNTWIST\/#\/schema\/logo\/image\/","url":"https:\/\/www.upo.es\/investiga\/UNTWIST\/wp-content\/uploads\/2023\/04\/untwitst-logo-large.png","contentUrl":"https:\/\/www.upo.es\/investiga\/UNTWIST\/wp-content\/uploads\/2023\/04\/untwitst-logo-large.png","width":1000,"height":986,"caption":"UNTWIST"},"image":{"@id":"https:\/\/www.upo.es\/investiga\/UNTWIST\/#\/schema\/logo\/image\/"},"sameAs":["https:\/\/x.com\/UNTWISTproject","https:\/\/www.youtube.com\/@UNTWIST_Project"]}]}},"_links":{"self":[{"href":"https:\/\/www.upo.es\/investiga\/UNTWIST\/wp-json\/wp\/v2\/pages\/1986","targetHints":{"allow":["GET"]}}],"collection":[{"href":"https:\/\/www.upo.es\/investiga\/UNTWIST\/wp-json\/wp\/v2\/pages"}],"about":[{"href":"https:\/\/www.upo.es\/investiga\/UNTWIST\/wp-json\/wp\/v2\/types\/page"}],"author":[{"embeddable":true,"href":"https:\/\/www.upo.es\/investiga\/UNTWIST\/wp-json\/wp\/v2\/users\/4"}],"replies":[{"embeddable":true,"href":"https:\/\/www.upo.es\/investiga\/UNTWIST\/wp-json\/wp\/v2\/comments?post=1986"}],"version-history":[{"count":5,"href":"https:\/\/www.upo.es\/investiga\/UNTWIST\/wp-json\/wp\/v2\/pages\/1986\/revisions"}],"predecessor-version":[{"id":2569,"href":"https:\/\/www.upo.es\/investiga\/UNTWIST\/wp-json\/wp\/v2\/pages\/1986\/revisions\/2569"}],"up":[{"embeddable":true,"href":"https:\/\/www.upo.es\/investiga\/UNTWIST\/wp-json\/wp\/v2\/pages\/14"}],"wp:attachment":[{"href":"https:\/\/www.upo.es\/investiga\/UNTWIST\/wp-json\/wp\/v2\/media?parent=1986"}],"curies":[{"name":"wp","href":"https:\/\/api.w.org\/{rel}","templated":true}]}}