{"id":1988,"date":"2026-02-03T12:36:58","date_gmt":"2026-02-03T11:36:58","guid":{"rendered":"https:\/\/www.upo.es\/investiga\/UNTWIST\/?page_id=1988"},"modified":"2026-03-26T11:58:56","modified_gmt":"2026-03-26T10:58:56","slug":"untwist-briefings-collection-dan","status":"publish","type":"page","link":"https:\/\/www.upo.es\/investiga\/UNTWIST\/our-contributions\/untwist-briefings-collection-dan\/","title":{"rendered":"UNTWIST BRIEFINGS COLLECTION &#8211; DEN"},"content":{"rendered":"\n<h2 class=\"wp-block-heading has-text-align-center has-title-color has-text-color\">UNTWIST BRIEFINGS COLLECTION &#8211; DEN<\/h2>\n\n\n\n<div class=\"wp-block-group briefing-collection--section is-layout-constrained wp-block-group-is-layout-constrained\" style=\"margin-bottom:var(--wp--preset--spacing--80)\">\n<div class=\"wp-block-group is-layout-constrained wp-container-core-group-is-layout-6226084c wp-block-group-is-layout-constrained\" style=\"margin-top:0;margin-bottom:0;padding-top:0;padding-right:0;padding-bottom:0;padding-left:0\">\n<div class=\"wp-block-group has-secondary-background-color has-background is-vertical is-content-justification-center is-layout-flex wp-container-core-group-is-layout-b6c228df wp-block-group-is-layout-flex\" style=\"min-height:201px\">\n<h5 class=\"wp-block-heading has-text-align-center has-white-color has-text-color has-link-color has-medium-font-size wp-elements-c7f9156fa11dd2d4bf508f883249f391\">WP1 BRIEFING -DEN:<\/h5>\n\n\n\n<p class=\"has-text-align-center has-white-color has-text-color has-link-color has-normal-font-size wp-elements-528980bf688164478cc9c94a91c4a45f\"><a href=\"https:\/\/zenodo.org\/records\/19208470\">ANBEFALINGER TIL UDFORMNING AF K\u00d8NSBASERET<br>POLITIK EN TYPOLOGI AF K\u00d8NSBASEREDE BEHOV<\/a><\/p>\n<\/div>\n\n\n\n<div class=\"wp-block-embedpress-embedpress-pdf\"><div class=\"embedpress-document-embed ep-doc-embedpress-pdf-1774522635911   ep-fixed-width\" style=\"width:500px;height:550px;max-width:100%\" id=\"ep-doc-d52bccd3-6499-4f2f-bf16-0f4bcd0d7268\" data-source-id=\"source-d52bccd3-6499-4f2f-bf16-0f4bcd0d7268\" data-embed-type=\"PDF\"><div class=\"ep-embed-content-wraper\"><div class=\"position-right-wraper gutenberg-pdf-wraper\"><div class=\"main-content-wraper\"><iframe title=\"\" style=\"height:550px;width:500px;max-width:100%\" class=\"embedpress-embed-document-pdf embedpress-pdf-1774522635911\" data-emid=\"embedpress-pdf-1774522635911\" data-viewer-style=\"modern\" src=\"https:\/\/www.upo.es\/investiga\/UNTWIST\/wp-admin\/admin-ajax.php?action=get_viewer&amp;scrolling=-1&amp;selection_tool=0&amp;spreads=0&amp;file=https%3A%2F%2Fwww.upo.es%2Finvestiga%2FUNTWIST%2Fwp-content%2Fuploads%2F2026%2F03%2FPolicy-Brief-WP1-Denmark-FINAL-2.pdf#key=dGhlbWVNb2RlPWRlZmF1bHQmcHJlc2VudGF0aW9uPXRydWUmbGF6eUxvYWQ9ZmFsc2UmcG9zaXRpb249dG9wJmZsaXBib29rX3Rvb2xiYXJfcG9zaXRpb249Ym90dG9tJmRvd25sb2FkPXRydWUmdG9vbGJhcj10cnVlJmNvcHlfdGV4dD10cnVlJmFkZF90ZXh0PXRydWUmZHJhdz1mYWxzZSZkb2NfZGV0YWlscz10cnVlJmRvY19yb3RhdGlvbj10cnVlJmFkZF9pbWFnZT10cnVlJnpvb21faW49dHJ1ZSZ6b29tX291dD10cnVlJmZpdF92aWV3PXRydWUmYm9va21hcms9dHJ1ZSZzZWxlY3Rpb25fdG9vbD0wJnNjcm9sbGluZz0tMSZzcHJlYWRzPTA=\"><\/iframe><\/div><\/div><\/div><\/div><\/div>\n<\/div>\n\n\n\n<div class=\"wp-block-group is-layout-constrained wp-container-core-group-is-layout-6226084c wp-block-group-is-layout-constrained\" style=\"margin-top:0;margin-bottom:0;padding-top:0;padding-right:0;padding-bottom:0;padding-left:0\">\n<div class=\"wp-block-group has-secondary-background-color has-background is-vertical is-content-justification-center is-layout-flex wp-container-core-group-is-layout-b6c228df wp-block-group-is-layout-flex\" style=\"min-height:201px\">\n<h5 class=\"wp-block-heading has-text-align-center has-white-color has-text-color has-link-color has-medium-font-size wp-elements-6e73fd36c841a0478ed48f21bf85aade\">WP2 BRIEFING -DEN:<\/h5>\n\n\n\n<p class=\"has-text-align-center has-white-color has-text-color has-link-color has-normal-font-size wp-elements-a702987152d63a7da182dd4b73a04e47\"><a href=\"https:\/\/zenodo.org\/records\/19208896\">EN STYRKELSE AF DEMOKRATIET GENNEM EN FORBEDRET<br>K\u00d8NSREPR\u00c6SENTATION<\/a><\/p>\n<\/div>\n\n\n\n<div class=\"wp-block-embedpress-embedpress-pdf\"><div class=\"embedpress-document-embed ep-doc-embedpress-pdf-1774522648977   ep-fixed-width\" style=\"width:500px;height:550px;max-width:100%\" id=\"ep-doc-aea28bc3-9455-4f7b-a76e-f2eba024e7d4\" data-source-id=\"source-aea28bc3-9455-4f7b-a76e-f2eba024e7d4\" data-embed-type=\"PDF\"><div class=\"ep-embed-content-wraper\"><div class=\"position-right-wraper gutenberg-pdf-wraper\"><div class=\"main-content-wraper\"><iframe title=\"\" style=\"height:550px;width:500px;max-width:100%\" class=\"embedpress-embed-document-pdf embedpress-pdf-1774522648977\" data-emid=\"embedpress-pdf-1774522648977\" data-viewer-style=\"modern\" src=\"https:\/\/www.upo.es\/investiga\/UNTWIST\/wp-admin\/admin-ajax.php?action=get_viewer&amp;scrolling=-1&amp;selection_tool=0&amp;spreads=0&amp;file=https%3A%2F%2Fwww.upo.es%2Finvestiga%2FUNTWIST%2Fwp-content%2Fuploads%2F2026%2F03%2FPolicy-Brief-WP2-Denmark-FINAL-2.pdf#key=dGhlbWVNb2RlPWRlZmF1bHQmcHJlc2VudGF0aW9uPXRydWUmbGF6eUxvYWQ9ZmFsc2UmcG9zaXRpb249dG9wJmZsaXBib29rX3Rvb2xiYXJfcG9zaXRpb249Ym90dG9tJmRvd25sb2FkPXRydWUmdG9vbGJhcj10cnVlJmNvcHlfdGV4dD10cnVlJmFkZF90ZXh0PXRydWUmZHJhdz1mYWxzZSZkb2NfZGV0YWlscz10cnVlJmRvY19yb3RhdGlvbj10cnVlJmFkZF9pbWFnZT10cnVlJnpvb21faW49dHJ1ZSZ6b29tX291dD10cnVlJmZpdF92aWV3PXRydWUmYm9va21hcms9dHJ1ZSZzZWxlY3Rpb25fdG9vbD0wJnNjcm9sbGluZz0tMSZzcHJlYWRzPTA=\"><\/iframe><\/div><\/div><\/div><\/div><\/div>\n<\/div>\n\n\n\n<div class=\"wp-block-group is-layout-constrained wp-container-core-group-is-layout-6226084c wp-block-group-is-layout-constrained\" style=\"margin-top:0;margin-bottom:0;padding-top:0;padding-right:0;padding-bottom:0;padding-left:0\">\n<div class=\"wp-block-group has-secondary-background-color has-background is-vertical is-content-justification-center is-layout-flex wp-container-core-group-is-layout-b6c228df wp-block-group-is-layout-flex\" style=\"min-height:201px\">\n<h5 class=\"wp-block-heading has-text-align-center has-white-color has-text-color has-link-color has-medium-font-size wp-elements-bd5dd691aec2d44dc29e25a865a589ec\">WP3 BRIEFING -DEN:<\/h5>\n\n\n\n<p class=\"has-text-align-center has-white-color has-text-color has-link-color has-normal-font-size wp-elements-3f7924aa7becff89f0f2765f09050b3d\"><a href=\"https:\/\/zenodo.org\/records\/19208998\">REPR\u00c6SENTATION AF V\u00c6LGERBEHOV: EN GUIDE TIL DATA<br>VEDR\u00d8RENDE K\u00d8N OG DEN OFFENTLIGE MENING<\/a><\/p>\n<\/div>\n\n\n\n<div class=\"wp-block-embedpress-embedpress-pdf\"><div class=\"embedpress-document-embed ep-doc-embedpress-pdf-1774522660395   ep-fixed-width\" style=\"width:500px;height:550px;max-width:100%\" id=\"ep-doc-d52bccd3-6499-4f2f-bf16-0f4bcd0d7268\" data-source-id=\"source-d52bccd3-6499-4f2f-bf16-0f4bcd0d7268\" data-embed-type=\"PDF\"><div class=\"ep-embed-content-wraper\"><div class=\"position-right-wraper gutenberg-pdf-wraper\"><div class=\"main-content-wraper\"><iframe title=\"\" style=\"height:550px;width:500px;max-width:100%\" class=\"embedpress-embed-document-pdf embedpress-pdf-1774522660395\" data-emid=\"embedpress-pdf-1774522660395\" data-viewer-style=\"modern\" src=\"https:\/\/www.upo.es\/investiga\/UNTWIST\/wp-admin\/admin-ajax.php?action=get_viewer&amp;scrolling=-1&amp;selection_tool=0&amp;spreads=0&amp;file=https%3A%2F%2Fwww.upo.es%2Finvestiga%2FUNTWIST%2Fwp-content%2Fuploads%2F2026%2F03%2FPolicy-Brief-WP3-Denmark-FINAL-2.pdf#key=dGhlbWVNb2RlPWRlZmF1bHQmcHJlc2VudGF0aW9uPXRydWUmbGF6eUxvYWQ9ZmFsc2UmcG9zaXRpb249dG9wJmZsaXBib29rX3Rvb2xiYXJfcG9zaXRpb249Ym90dG9tJmRvd25sb2FkPXRydWUmdG9vbGJhcj10cnVlJmNvcHlfdGV4dD10cnVlJmFkZF90ZXh0PXRydWUmZHJhdz1mYWxzZSZkb2NfZGV0YWlscz10cnVlJmRvY19yb3RhdGlvbj10cnVlJmFkZF9pbWFnZT10cnVlJnpvb21faW49dHJ1ZSZ6b29tX291dD10cnVlJmZpdF92aWV3PXRydWUmYm9va21hcms9dHJ1ZSZzZWxlY3Rpb25fdG9vbD0wJnNjcm9sbGluZz0tMSZzcHJlYWRzPTA=\"><\/iframe><\/div><\/div><\/div><\/div><\/div>\n<\/div>\n<\/div>\n\n\n\n<div class=\"wp-block-group briefing-collection--section is-layout-constrained wp-block-group-is-layout-constrained\" style=\"margin-bottom:var(--wp--preset--spacing--80)\">\n<div class=\"wp-block-group is-layout-constrained wp-container-core-group-is-layout-6226084c wp-block-group-is-layout-constrained\" style=\"margin-top:0;margin-bottom:0;padding-top:0;padding-right:0;padding-bottom:0;padding-left:0\">\n<div class=\"wp-block-group has-secondary-background-color has-background is-vertical is-content-justification-center is-layout-flex wp-container-core-group-is-layout-b6c228df wp-block-group-is-layout-flex\" style=\"min-height:201px\">\n<h5 class=\"wp-block-heading has-text-align-center has-white-color has-text-color has-link-color has-medium-font-size wp-elements-8c97167abe6b9a744c1ccd1787c04e9c\">WP4 BRIEFING -DEN:<\/h5>\n\n\n\n<p class=\"has-text-align-center has-white-color has-text-color has-link-color has-normal-font-size wp-elements-4d6377eb5e0027d3e4025402edfaee92\" style=\"text-transform:uppercase\"><a href=\"https:\/\/zenodo.org\/records\/19209043\">PRIORITETER OG POSITIONER N\u00c5R POLITISKE PARTIER TALER OM<br>K\u00d8NSRELATEREDE EMNER<\/a><\/p>\n<\/div>\n\n\n\n<div class=\"wp-block-embedpress-embedpress-pdf\"><div class=\"embedpress-document-embed ep-doc-embedpress-pdf-1774522671551   ep-fixed-width\" style=\"width:500px;height:550px;max-width:100%\" id=\"ep-doc-d52bccd3-6499-4f2f-bf16-0f4bcd0d7268\" data-source-id=\"source-d52bccd3-6499-4f2f-bf16-0f4bcd0d7268\" data-embed-type=\"PDF\"><div class=\"ep-embed-content-wraper\"><div class=\"position-right-wraper gutenberg-pdf-wraper\"><div class=\"main-content-wraper\"><iframe title=\"\" style=\"height:550px;width:500px;max-width:100%\" class=\"embedpress-embed-document-pdf embedpress-pdf-1774522671551\" data-emid=\"embedpress-pdf-1774522671551\" data-viewer-style=\"modern\" src=\"https:\/\/www.upo.es\/investiga\/UNTWIST\/wp-admin\/admin-ajax.php?action=get_viewer&amp;scrolling=-1&amp;selection_tool=0&amp;spreads=0&amp;file=https%3A%2F%2Fwww.upo.es%2Finvestiga%2FUNTWIST%2Fwp-content%2Fuploads%2F2026%2F03%2FPolicy-Brief-WP4-Denmark-FINAL-2.pdf#key=dGhlbWVNb2RlPWRlZmF1bHQmcHJlc2VudGF0aW9uPXRydWUmbGF6eUxvYWQ9ZmFsc2UmcG9zaXRpb249dG9wJmZsaXBib29rX3Rvb2xiYXJfcG9zaXRpb249Ym90dG9tJmRvd25sb2FkPXRydWUmdG9vbGJhcj10cnVlJmNvcHlfdGV4dD10cnVlJmFkZF90ZXh0PXRydWUmZHJhdz1mYWxzZSZkb2NfZGV0YWlscz10cnVlJmRvY19yb3RhdGlvbj10cnVlJmFkZF9pbWFnZT10cnVlJnpvb21faW49dHJ1ZSZ6b29tX291dD10cnVlJmZpdF92aWV3PXRydWUmYm9va21hcms9dHJ1ZSZzZWxlY3Rpb25fdG9vbD0wJnNjcm9sbGluZz0tMSZzcHJlYWRzPTA=\"><\/iframe><\/div><\/div><\/div><\/div><\/div>\n<\/div>\n<\/div>\n","protected":false},"excerpt":{"rendered":"<p>UNTWIST BRIEFINGS COLLECTION &#8211; DEN WP1 BRIEFING -DEN: ANBEFALINGER TIL UDFORMNING AF K\u00d8NSBASERETPOLITIK EN TYPOLOGI AF K\u00d8NSBASEREDE BEHOV WP2 BRIEFING -DEN: EN STYRKELSE AF DEMOKRATIET GENNEM EN FORBEDRETK\u00d8NSREPR\u00c6SENTATION WP3 BRIEFING -DEN: REPR\u00c6SENTATION AF V\u00c6LGERBEHOV: EN GUIDE TIL DATAVEDR\u00d8RENDE K\u00d8N OG DEN OFFENTLIGE MENING WP4 BRIEFING -DEN: PRIORITETER OG POSITIONER N\u00c5R POLITISKE PARTIER TALER OMK\u00d8NSRELATEREDE EMNER<\/p>\n","protected":false},"author":4,"featured_media":0,"parent":14,"menu_order":0,"comment_status":"closed","ping_status":"closed","template":"page-template-notitle","meta":{"inline_featured_image":false,"footnotes":""},"class_list":["post-1988","page","type-page","status-publish","hentry"],"nelio_popups_active_popup":"","yoast_head":"<!-- This site is optimized with the Yoast SEO plugin v26.3 - https:\/\/yoast.com\/wordpress\/plugins\/seo\/ -->\n<title>UNTWIST BRIEFINGS COLLECTION - DEN - UNTWIST<\/title>\n<meta name=\"robots\" content=\"index, follow, max-snippet:-1, max-image-preview:large, max-video-preview:-1\" \/>\n<link rel=\"canonical\" href=\"https:\/\/www.upo.es\/investiga\/UNTWIST\/our-contributions\/untwist-briefings-collection-dan\/\" \/>\n<meta property=\"og:locale\" content=\"en_US\" \/>\n<meta property=\"og:type\" content=\"article\" \/>\n<meta property=\"og:title\" content=\"UNTWIST BRIEFINGS COLLECTION - DEN - UNTWIST\" \/>\n<meta property=\"og:description\" content=\"UNTWIST BRIEFINGS COLLECTION &#8211; DEN WP1 BRIEFING -DEN: ANBEFALINGER TIL UDFORMNING AF K\u00d8NSBASERETPOLITIK EN TYPOLOGI AF K\u00d8NSBASEREDE BEHOV WP2 BRIEFING -DEN: EN STYRKELSE AF DEMOKRATIET GENNEM EN FORBEDRETK\u00d8NSREPR\u00c6SENTATION WP3 BRIEFING -DEN: REPR\u00c6SENTATION AF V\u00c6LGERBEHOV: EN GUIDE TIL DATAVEDR\u00d8RENDE K\u00d8N OG DEN OFFENTLIGE MENING WP4 BRIEFING -DEN: PRIORITETER OG POSITIONER N\u00c5R POLITISKE PARTIER TALER OMK\u00d8NSRELATEREDE EMNER\" \/>\n<meta property=\"og:url\" content=\"https:\/\/www.upo.es\/investiga\/UNTWIST\/our-contributions\/untwist-briefings-collection-dan\/\" \/>\n<meta property=\"og:site_name\" content=\"UNTWIST\" \/>\n<meta property=\"article:modified_time\" content=\"2026-03-26T10:58:56+00:00\" \/>\n<meta property=\"og:image\" content=\"https:\/\/www.upo.es\/investiga\/UNTWIST\/wp-content\/uploads\/2023\/12\/Untwist-logo.jpg\" \/>\n\t<meta property=\"og:image:width\" content=\"2480\" \/>\n\t<meta property=\"og:image:height\" content=\"1808\" \/>\n\t<meta property=\"og:image:type\" content=\"image\/jpeg\" \/>\n<meta name=\"twitter:card\" content=\"summary\" \/>\n<meta name=\"twitter:image\" content=\"https:\/\/www.upo.es\/investiga\/UNTWIST\/wp-content\/uploads\/2023\/12\/Untwist-logo.jpg\" \/>\n<meta name=\"twitter:site\" content=\"@UNTWISTproject\" \/>\n<meta name=\"twitter:label1\" content=\"Est. reading time\" \/>\n\t<meta name=\"twitter:data1\" content=\"1 minute\" \/>\n<script type=\"application\/ld+json\" class=\"yoast-schema-graph\">{\"@context\":\"https:\/\/schema.org\",\"@graph\":[{\"@type\":\"WebPage\",\"@id\":\"https:\/\/www.upo.es\/investiga\/UNTWIST\/our-contributions\/untwist-briefings-collection-dan\/\",\"url\":\"https:\/\/www.upo.es\/investiga\/UNTWIST\/our-contributions\/untwist-briefings-collection-dan\/\",\"name\":\"UNTWIST BRIEFINGS COLLECTION - DEN - UNTWIST\",\"isPartOf\":{\"@id\":\"https:\/\/www.upo.es\/investiga\/UNTWIST\/#website\"},\"datePublished\":\"2026-02-03T11:36:58+00:00\",\"dateModified\":\"2026-03-26T10:58:56+00:00\",\"breadcrumb\":{\"@id\":\"https:\/\/www.upo.es\/investiga\/UNTWIST\/our-contributions\/untwist-briefings-collection-dan\/#breadcrumb\"},\"inLanguage\":\"en-US\",\"potentialAction\":[{\"@type\":\"ReadAction\",\"target\":[\"https:\/\/www.upo.es\/investiga\/UNTWIST\/our-contributions\/untwist-briefings-collection-dan\/\"]}]},{\"@type\":\"BreadcrumbList\",\"@id\":\"https:\/\/www.upo.es\/investiga\/UNTWIST\/our-contributions\/untwist-briefings-collection-dan\/#breadcrumb\",\"itemListElement\":[{\"@type\":\"ListItem\",\"position\":1,\"name\":\"Portada\",\"item\":\"https:\/\/www.upo.es\/investiga\/UNTWIST\/\"},{\"@type\":\"ListItem\",\"position\":2,\"name\":\"Our contributions\",\"item\":\"https:\/\/www.upo.es\/investiga\/UNTWIST\/our-contributions\/\"},{\"@type\":\"ListItem\",\"position\":3,\"name\":\"UNTWIST BRIEFINGS COLLECTION &#8211; DEN\"}]},{\"@type\":\"WebSite\",\"@id\":\"https:\/\/www.upo.es\/investiga\/UNTWIST\/#website\",\"url\":\"https:\/\/www.upo.es\/investiga\/UNTWIST\/\",\"name\":\"UNTWIST\",\"description\":\"\",\"publisher\":{\"@id\":\"https:\/\/www.upo.es\/investiga\/UNTWIST\/#organization\"},\"potentialAction\":[{\"@type\":\"SearchAction\",\"target\":{\"@type\":\"EntryPoint\",\"urlTemplate\":\"https:\/\/www.upo.es\/investiga\/UNTWIST\/?s={search_term_string}\"},\"query-input\":{\"@type\":\"PropertyValueSpecification\",\"valueRequired\":true,\"valueName\":\"search_term_string\"}}],\"inLanguage\":\"en-US\"},{\"@type\":\"Organization\",\"@id\":\"https:\/\/www.upo.es\/investiga\/UNTWIST\/#organization\",\"name\":\"UNTWIST\",\"alternateName\":\"UNTWIST\",\"url\":\"https:\/\/www.upo.es\/investiga\/UNTWIST\/\",\"logo\":{\"@type\":\"ImageObject\",\"inLanguage\":\"en-US\",\"@id\":\"https:\/\/www.upo.es\/investiga\/UNTWIST\/#\/schema\/logo\/image\/\",\"url\":\"https:\/\/www.upo.es\/investiga\/UNTWIST\/wp-content\/uploads\/2023\/04\/untwitst-logo-large.png\",\"contentUrl\":\"https:\/\/www.upo.es\/investiga\/UNTWIST\/wp-content\/uploads\/2023\/04\/untwitst-logo-large.png\",\"width\":1000,\"height\":986,\"caption\":\"UNTWIST\"},\"image\":{\"@id\":\"https:\/\/www.upo.es\/investiga\/UNTWIST\/#\/schema\/logo\/image\/\"},\"sameAs\":[\"https:\/\/x.com\/UNTWISTproject\",\"https:\/\/www.youtube.com\/@UNTWIST_Project\"]}]}<\/script>\n<!-- \/ Yoast SEO plugin. -->","yoast_head_json":{"title":"UNTWIST BRIEFINGS COLLECTION - DEN - UNTWIST","robots":{"index":"index","follow":"follow","max-snippet":"max-snippet:-1","max-image-preview":"max-image-preview:large","max-video-preview":"max-video-preview:-1"},"canonical":"https:\/\/www.upo.es\/investiga\/UNTWIST\/our-contributions\/untwist-briefings-collection-dan\/","og_locale":"en_US","og_type":"article","og_title":"UNTWIST BRIEFINGS COLLECTION - DEN - UNTWIST","og_description":"UNTWIST BRIEFINGS COLLECTION &#8211; DEN WP1 BRIEFING -DEN: ANBEFALINGER TIL UDFORMNING AF K\u00d8NSBASERETPOLITIK EN TYPOLOGI AF K\u00d8NSBASEREDE BEHOV WP2 BRIEFING -DEN: EN STYRKELSE AF DEMOKRATIET GENNEM EN FORBEDRETK\u00d8NSREPR\u00c6SENTATION WP3 BRIEFING -DEN: REPR\u00c6SENTATION AF V\u00c6LGERBEHOV: EN GUIDE TIL DATAVEDR\u00d8RENDE K\u00d8N OG DEN OFFENTLIGE MENING WP4 BRIEFING -DEN: PRIORITETER OG POSITIONER N\u00c5R POLITISKE PARTIER TALER OMK\u00d8NSRELATEREDE EMNER","og_url":"https:\/\/www.upo.es\/investiga\/UNTWIST\/our-contributions\/untwist-briefings-collection-dan\/","og_site_name":"UNTWIST","article_modified_time":"2026-03-26T10:58:56+00:00","og_image":[{"width":2480,"height":1808,"url":"https:\/\/www.upo.es\/investiga\/UNTWIST\/wp-content\/uploads\/2023\/12\/Untwist-logo.jpg","type":"image\/jpeg"}],"twitter_card":"summary","twitter_image":"https:\/\/www.upo.es\/investiga\/UNTWIST\/wp-content\/uploads\/2023\/12\/Untwist-logo.jpg","twitter_site":"@UNTWISTproject","twitter_misc":{"Est. reading time":"1 minute"},"schema":{"@context":"https:\/\/schema.org","@graph":[{"@type":"WebPage","@id":"https:\/\/www.upo.es\/investiga\/UNTWIST\/our-contributions\/untwist-briefings-collection-dan\/","url":"https:\/\/www.upo.es\/investiga\/UNTWIST\/our-contributions\/untwist-briefings-collection-dan\/","name":"UNTWIST BRIEFINGS COLLECTION - DEN - UNTWIST","isPartOf":{"@id":"https:\/\/www.upo.es\/investiga\/UNTWIST\/#website"},"datePublished":"2026-02-03T11:36:58+00:00","dateModified":"2026-03-26T10:58:56+00:00","breadcrumb":{"@id":"https:\/\/www.upo.es\/investiga\/UNTWIST\/our-contributions\/untwist-briefings-collection-dan\/#breadcrumb"},"inLanguage":"en-US","potentialAction":[{"@type":"ReadAction","target":["https:\/\/www.upo.es\/investiga\/UNTWIST\/our-contributions\/untwist-briefings-collection-dan\/"]}]},{"@type":"BreadcrumbList","@id":"https:\/\/www.upo.es\/investiga\/UNTWIST\/our-contributions\/untwist-briefings-collection-dan\/#breadcrumb","itemListElement":[{"@type":"ListItem","position":1,"name":"Portada","item":"https:\/\/www.upo.es\/investiga\/UNTWIST\/"},{"@type":"ListItem","position":2,"name":"Our contributions","item":"https:\/\/www.upo.es\/investiga\/UNTWIST\/our-contributions\/"},{"@type":"ListItem","position":3,"name":"UNTWIST BRIEFINGS COLLECTION &#8211; DEN"}]},{"@type":"WebSite","@id":"https:\/\/www.upo.es\/investiga\/UNTWIST\/#website","url":"https:\/\/www.upo.es\/investiga\/UNTWIST\/","name":"UNTWIST","description":"","publisher":{"@id":"https:\/\/www.upo.es\/investiga\/UNTWIST\/#organization"},"potentialAction":[{"@type":"SearchAction","target":{"@type":"EntryPoint","urlTemplate":"https:\/\/www.upo.es\/investiga\/UNTWIST\/?s={search_term_string}"},"query-input":{"@type":"PropertyValueSpecification","valueRequired":true,"valueName":"search_term_string"}}],"inLanguage":"en-US"},{"@type":"Organization","@id":"https:\/\/www.upo.es\/investiga\/UNTWIST\/#organization","name":"UNTWIST","alternateName":"UNTWIST","url":"https:\/\/www.upo.es\/investiga\/UNTWIST\/","logo":{"@type":"ImageObject","inLanguage":"en-US","@id":"https:\/\/www.upo.es\/investiga\/UNTWIST\/#\/schema\/logo\/image\/","url":"https:\/\/www.upo.es\/investiga\/UNTWIST\/wp-content\/uploads\/2023\/04\/untwitst-logo-large.png","contentUrl":"https:\/\/www.upo.es\/investiga\/UNTWIST\/wp-content\/uploads\/2023\/04\/untwitst-logo-large.png","width":1000,"height":986,"caption":"UNTWIST"},"image":{"@id":"https:\/\/www.upo.es\/investiga\/UNTWIST\/#\/schema\/logo\/image\/"},"sameAs":["https:\/\/x.com\/UNTWISTproject","https:\/\/www.youtube.com\/@UNTWIST_Project"]}]}},"_links":{"self":[{"href":"https:\/\/www.upo.es\/investiga\/UNTWIST\/wp-json\/wp\/v2\/pages\/1988","targetHints":{"allow":["GET"]}}],"collection":[{"href":"https:\/\/www.upo.es\/investiga\/UNTWIST\/wp-json\/wp\/v2\/pages"}],"about":[{"href":"https:\/\/www.upo.es\/investiga\/UNTWIST\/wp-json\/wp\/v2\/types\/page"}],"author":[{"embeddable":true,"href":"https:\/\/www.upo.es\/investiga\/UNTWIST\/wp-json\/wp\/v2\/users\/4"}],"replies":[{"embeddable":true,"href":"https:\/\/www.upo.es\/investiga\/UNTWIST\/wp-json\/wp\/v2\/comments?post=1988"}],"version-history":[{"count":3,"href":"https:\/\/www.upo.es\/investiga\/UNTWIST\/wp-json\/wp\/v2\/pages\/1988\/revisions"}],"predecessor-version":[{"id":2623,"href":"https:\/\/www.upo.es\/investiga\/UNTWIST\/wp-json\/wp\/v2\/pages\/1988\/revisions\/2623"}],"up":[{"embeddable":true,"href":"https:\/\/www.upo.es\/investiga\/UNTWIST\/wp-json\/wp\/v2\/pages\/14"}],"wp:attachment":[{"href":"https:\/\/www.upo.es\/investiga\/UNTWIST\/wp-json\/wp\/v2\/media?parent=1988"}],"curies":[{"name":"wp","href":"https:\/\/api.w.org\/{rel}","templated":true}]}}