{"id":1994,"date":"2025-02-18T17:28:54","date_gmt":"2025-02-18T16:28:54","guid":{"rendered":"https:\/\/www.upo.es\/investiga\/UNTWIST\/?page_id=1994"},"modified":"2025-02-18T17:28:55","modified_gmt":"2025-02-18T16:28:55","slug":"infographics-deu","status":"publish","type":"page","link":"https:\/\/www.upo.es\/investiga\/UNTWIST\/our-contributions\/infographics-deu\/","title":{"rendered":"INFOGRAPHICS  -DEU"},"content":{"rendered":"\n<h2 class=\"wp-block-heading has-title-color has-text-color\">INFOGRAFIKEN<\/h2>\n\n\n\n<p class=\"has-text-align-left has-background-background-color has-background\">Als ersten Teil der empirischen Datenanalyse von UNTWIST f\u00fchrte das Projektteam eine l\u00e4nder\u00fcbergreifende Meta-Literaturanalyse einer interdisziplin\u00e4ren Sammlung von 406 Artikeln aus feministischen, Queer- und M\u00e4nnlichkeitsstudien durch. Die Auswahl basierte auf einem theoretischen Sampling verschiedener Arten von geschlechtsspezifischen Bed\u00fcrfnissen, die in der Literatur in den verschiedenen L\u00e4nderkontexten diskutiert wurden. Auf der Grundlage einer induktiven Analyse entwickelte UNTWIST eine Typologie von 24 Arten von geschlechtsspezifischen Bed\u00fcrfnissen, die in verschiedenen Politikbereichen angesiedelt und durch unterschiedliche Gender-Perspektiven (Konzepte) zug\u00e4nglich sind.<br><strong>Besuchen Sie die nachstehende Beobachtungsseite, wo klare und zug\u00e4ngliche Visualisierungen der Daten zur Verf\u00fcgung stehen, mit denen die Beteiligten interagieren und ihre eigenen grafischen Pr\u00e4sentationen erstellen k\u00f6nnen.<\/strong><\/p>\n\n\n\n<div class=\"wp-block-columns is-layout-flex wp-container-core-columns-is-layout-28f84493 wp-block-columns-is-layout-flex\">\n<div class=\"wp-block-column is-layout-flow wp-block-column-is-layout-flow\" style=\"flex-basis:100%\">\n<div class=\"wp-block-buttons alignwide is-vertical is-content-justification-center is-layout-flex wp-container-core-buttons-is-layout-734eb2c2 wp-block-buttons-is-layout-flex\">\n<div class=\"wp-block-button has-custom-width wp-block-button__width-25\"><a class=\"wp-block-button__link has-primary-background-color has-background wp-element-button\" href=\"https:\/\/observablehq.com\/@untwist\/wp1\">WP1 OBSERVABLE<\/a><\/div>\n<\/div>\n<\/div>\n<\/div>\n\n\n\n<p class=\"has-foreground-color has-background-background-color has-text-color has-background has-link-color wp-elements-69eb26199afa0e9515caa11431a556c2\">Dieses Notebook pr\u00e4sentiert die Ergebnisse einer quantitativen Inhaltsanalyse, die die Darstellung von Konzepten und Themen zu Geschlecht und Gender in 914 gro\u00df angelegten politischen und soziologischen Umfragen in sechs europ\u00e4ischen L\u00e4ndern (D\u00e4nemark, Deutschland, Ungarn, Schweiz und Vereinigtes K\u00f6nigreich) zwischen 2000 und 2023 kartiert.<br><strong>Besuchen Sie die nachstehende Beobachtungsseite, auf der ein Fragenfinder f\u00fcr spezifische Kodierungseinheiten und Werkzeuge zur Erforschung der H\u00e4ufigkeit und des Zusammenhangs zwischen Geschlechterkonzepten und politischen Themen zur Verf\u00fcgung stehen, mit denen die Beteiligten interagieren und ihre eigenen grafischen Darstellungen erstellen k\u00f6nnen.<\/strong><\/p>\n\n\n\n<div class=\"wp-block-columns is-layout-flex wp-container-core-columns-is-layout-28f84493 wp-block-columns-is-layout-flex\">\n<div class=\"wp-block-column is-layout-flow wp-block-column-is-layout-flow\" style=\"flex-basis:100%\">\n<div class=\"wp-block-buttons is-content-justification-center is-layout-flex wp-container-core-buttons-is-layout-a89b3969 wp-block-buttons-is-layout-flex\">\n<div class=\"wp-block-button has-custom-width wp-block-button__width-25\"><a class=\"wp-block-button__link has-primary-background-color has-background wp-element-button\" href=\"https:\/\/observablehq.com\/@untwist\/wp3\">WP3 OBSERVABLE<\/a><\/div>\n<\/div>\n<\/div>\n<\/div>\n\n\n\n<p class=\"has-text-align-left has-foreground-color has-background-background-color has-text-color has-background has-link-color wp-elements-8fe9445eea5a7706593f6109e3e801ab\">UNTWIST hat empirische Daten dar\u00fcber erstellt, wie feministische Literatur und M\u00e4nnlichkeitsstudien geschlechtsspezifische Bed\u00fcrfnisse konzeptualisieren, wie damit zusammenh\u00e4ngende politische Fragen und L\u00f6sungen aussehen, wie Wechselw\u00e4hler von Mainstream- zu rechtspopulistischen Parteien (RWPP) ihre geschlechtsspezifische Identit\u00e4t erleben (Fokusgruppen), welche Geschlechterthemen in nationalen und internationalen Umfragen gemessen werden (bestehende Umfragefragen) und welche Art von Geschlechterpolitik politische Parteien vertreten (Parteimanifeste).<br><strong>Besuchen Sie die nachstehende Beobachtungsseite, wo Sie untersuchen k\u00f6nnen, wie verschiedene Themen in jedem Datenrahmen \u00fcbereinstimmen.<\/strong><\/p>\n\n\n\n<div class=\"wp-block-buttons is-content-justification-center is-layout-flex wp-container-core-buttons-is-layout-a89b3969 wp-block-buttons-is-layout-flex\">\n<div class=\"wp-block-button has-custom-width wp-block-button__width-25\"><a class=\"wp-block-button__link has-primary-background-color has-background wp-element-button\" href=\"https:\/\/observablehq.com\/@untwist\/wp5\">WP5 OBSERVABLE<\/a><\/div>\n<\/div>\n\n\n\n<div class=\"wp-block-group is-layout-constrained wp-block-group-is-layout-constrained\">\n<p><\/p>\n<\/div>\n\n\n\n<p><\/p>\n","protected":false},"excerpt":{"rendered":"<p>INFOGRAFIKEN Als ersten Teil der empirischen Datenanalyse von UNTWIST f\u00fchrte das Projektteam eine l\u00e4nder\u00fcbergreifende Meta-Literaturanalyse einer interdisziplin\u00e4ren Sammlung von 406 Artikeln aus feministischen, Queer- und M\u00e4nnlichkeitsstudien durch. Die Auswahl basierte auf einem theoretischen Sampling verschiedener Arten von geschlechtsspezifischen Bed\u00fcrfnissen, die in der Literatur in den verschiedenen L\u00e4nderkontexten diskutiert wurden. Auf der Grundlage einer induktiven Analyse [&hellip;]<\/p>\n","protected":false},"author":4,"featured_media":0,"parent":14,"menu_order":0,"comment_status":"closed","ping_status":"closed","template":"page-template-notitle","meta":{"inline_featured_image":false,"footnotes":""},"class_list":["post-1994","page","type-page","status-publish","hentry"],"nelio_popups_active_popup":"","yoast_head":"<!-- This site is optimized with the Yoast SEO plugin v26.3 - https:\/\/yoast.com\/wordpress\/plugins\/seo\/ -->\n<title>INFOGRAPHICS -DEU - UNTWIST<\/title>\n<meta name=\"robots\" content=\"index, follow, max-snippet:-1, max-image-preview:large, max-video-preview:-1\" \/>\n<link rel=\"canonical\" href=\"https:\/\/www.upo.es\/investiga\/UNTWIST\/our-contributions\/infographics-deu\/\" \/>\n<meta property=\"og:locale\" content=\"en_US\" \/>\n<meta property=\"og:type\" content=\"article\" \/>\n<meta property=\"og:title\" content=\"INFOGRAPHICS -DEU - UNTWIST\" \/>\n<meta property=\"og:description\" content=\"INFOGRAFIKEN Als ersten Teil der empirischen Datenanalyse von UNTWIST f\u00fchrte das Projektteam eine l\u00e4nder\u00fcbergreifende Meta-Literaturanalyse einer interdisziplin\u00e4ren Sammlung von 406 Artikeln aus feministischen, Queer- und M\u00e4nnlichkeitsstudien durch. Die Auswahl basierte auf einem theoretischen Sampling verschiedener Arten von geschlechtsspezifischen Bed\u00fcrfnissen, die in der Literatur in den verschiedenen L\u00e4nderkontexten diskutiert wurden. Auf der Grundlage einer induktiven Analyse [&hellip;]\" \/>\n<meta property=\"og:url\" content=\"https:\/\/www.upo.es\/investiga\/UNTWIST\/our-contributions\/infographics-deu\/\" \/>\n<meta property=\"og:site_name\" content=\"UNTWIST\" \/>\n<meta property=\"article:modified_time\" content=\"2025-02-18T16:28:55+00:00\" \/>\n<meta property=\"og:image\" content=\"https:\/\/www.upo.es\/investiga\/UNTWIST\/wp-content\/uploads\/2023\/12\/Untwist-logo.jpg\" \/>\n\t<meta property=\"og:image:width\" content=\"2480\" \/>\n\t<meta property=\"og:image:height\" content=\"1808\" \/>\n\t<meta property=\"og:image:type\" content=\"image\/jpeg\" \/>\n<meta name=\"twitter:card\" content=\"summary\" \/>\n<meta name=\"twitter:image\" content=\"https:\/\/www.upo.es\/investiga\/UNTWIST\/wp-content\/uploads\/2023\/12\/Untwist-logo.jpg\" \/>\n<meta name=\"twitter:site\" content=\"@UNTWISTproject\" \/>\n<meta name=\"twitter:label1\" content=\"Est. reading time\" \/>\n\t<meta name=\"twitter:data1\" content=\"2 minutes\" \/>\n<script type=\"application\/ld+json\" class=\"yoast-schema-graph\">{\"@context\":\"https:\/\/schema.org\",\"@graph\":[{\"@type\":\"WebPage\",\"@id\":\"https:\/\/www.upo.es\/investiga\/UNTWIST\/our-contributions\/infographics-deu\/\",\"url\":\"https:\/\/www.upo.es\/investiga\/UNTWIST\/our-contributions\/infographics-deu\/\",\"name\":\"INFOGRAPHICS -DEU - UNTWIST\",\"isPartOf\":{\"@id\":\"https:\/\/www.upo.es\/investiga\/UNTWIST\/#website\"},\"datePublished\":\"2025-02-18T16:28:54+00:00\",\"dateModified\":\"2025-02-18T16:28:55+00:00\",\"breadcrumb\":{\"@id\":\"https:\/\/www.upo.es\/investiga\/UNTWIST\/our-contributions\/infographics-deu\/#breadcrumb\"},\"inLanguage\":\"en-US\",\"potentialAction\":[{\"@type\":\"ReadAction\",\"target\":[\"https:\/\/www.upo.es\/investiga\/UNTWIST\/our-contributions\/infographics-deu\/\"]}]},{\"@type\":\"BreadcrumbList\",\"@id\":\"https:\/\/www.upo.es\/investiga\/UNTWIST\/our-contributions\/infographics-deu\/#breadcrumb\",\"itemListElement\":[{\"@type\":\"ListItem\",\"position\":1,\"name\":\"Portada\",\"item\":\"https:\/\/www.upo.es\/investiga\/UNTWIST\/\"},{\"@type\":\"ListItem\",\"position\":2,\"name\":\"Our contributions\",\"item\":\"https:\/\/www.upo.es\/investiga\/UNTWIST\/our-contributions\/\"},{\"@type\":\"ListItem\",\"position\":3,\"name\":\"INFOGRAPHICS -DEU\"}]},{\"@type\":\"WebSite\",\"@id\":\"https:\/\/www.upo.es\/investiga\/UNTWIST\/#website\",\"url\":\"https:\/\/www.upo.es\/investiga\/UNTWIST\/\",\"name\":\"UNTWIST\",\"description\":\"\",\"publisher\":{\"@id\":\"https:\/\/www.upo.es\/investiga\/UNTWIST\/#organization\"},\"potentialAction\":[{\"@type\":\"SearchAction\",\"target\":{\"@type\":\"EntryPoint\",\"urlTemplate\":\"https:\/\/www.upo.es\/investiga\/UNTWIST\/?s={search_term_string}\"},\"query-input\":{\"@type\":\"PropertyValueSpecification\",\"valueRequired\":true,\"valueName\":\"search_term_string\"}}],\"inLanguage\":\"en-US\"},{\"@type\":\"Organization\",\"@id\":\"https:\/\/www.upo.es\/investiga\/UNTWIST\/#organization\",\"name\":\"UNTWIST\",\"alternateName\":\"UNTWIST\",\"url\":\"https:\/\/www.upo.es\/investiga\/UNTWIST\/\",\"logo\":{\"@type\":\"ImageObject\",\"inLanguage\":\"en-US\",\"@id\":\"https:\/\/www.upo.es\/investiga\/UNTWIST\/#\/schema\/logo\/image\/\",\"url\":\"https:\/\/www.upo.es\/investiga\/UNTWIST\/wp-content\/uploads\/2023\/04\/untwitst-logo-large.png\",\"contentUrl\":\"https:\/\/www.upo.es\/investiga\/UNTWIST\/wp-content\/uploads\/2023\/04\/untwitst-logo-large.png\",\"width\":1000,\"height\":986,\"caption\":\"UNTWIST\"},\"image\":{\"@id\":\"https:\/\/www.upo.es\/investiga\/UNTWIST\/#\/schema\/logo\/image\/\"},\"sameAs\":[\"https:\/\/x.com\/UNTWISTproject\",\"https:\/\/www.youtube.com\/@UNTWIST_Project\"]}]}<\/script>\n<!-- \/ Yoast SEO plugin. -->","yoast_head_json":{"title":"INFOGRAPHICS -DEU - UNTWIST","robots":{"index":"index","follow":"follow","max-snippet":"max-snippet:-1","max-image-preview":"max-image-preview:large","max-video-preview":"max-video-preview:-1"},"canonical":"https:\/\/www.upo.es\/investiga\/UNTWIST\/our-contributions\/infographics-deu\/","og_locale":"en_US","og_type":"article","og_title":"INFOGRAPHICS -DEU - UNTWIST","og_description":"INFOGRAFIKEN Als ersten Teil der empirischen Datenanalyse von UNTWIST f\u00fchrte das Projektteam eine l\u00e4nder\u00fcbergreifende Meta-Literaturanalyse einer interdisziplin\u00e4ren Sammlung von 406 Artikeln aus feministischen, Queer- und M\u00e4nnlichkeitsstudien durch. Die Auswahl basierte auf einem theoretischen Sampling verschiedener Arten von geschlechtsspezifischen Bed\u00fcrfnissen, die in der Literatur in den verschiedenen L\u00e4nderkontexten diskutiert wurden. Auf der Grundlage einer induktiven Analyse [&hellip;]","og_url":"https:\/\/www.upo.es\/investiga\/UNTWIST\/our-contributions\/infographics-deu\/","og_site_name":"UNTWIST","article_modified_time":"2025-02-18T16:28:55+00:00","og_image":[{"width":2480,"height":1808,"url":"https:\/\/www.upo.es\/investiga\/UNTWIST\/wp-content\/uploads\/2023\/12\/Untwist-logo.jpg","type":"image\/jpeg"}],"twitter_card":"summary","twitter_image":"https:\/\/www.upo.es\/investiga\/UNTWIST\/wp-content\/uploads\/2023\/12\/Untwist-logo.jpg","twitter_site":"@UNTWISTproject","twitter_misc":{"Est. reading time":"2 minutes"},"schema":{"@context":"https:\/\/schema.org","@graph":[{"@type":"WebPage","@id":"https:\/\/www.upo.es\/investiga\/UNTWIST\/our-contributions\/infographics-deu\/","url":"https:\/\/www.upo.es\/investiga\/UNTWIST\/our-contributions\/infographics-deu\/","name":"INFOGRAPHICS -DEU - UNTWIST","isPartOf":{"@id":"https:\/\/www.upo.es\/investiga\/UNTWIST\/#website"},"datePublished":"2025-02-18T16:28:54+00:00","dateModified":"2025-02-18T16:28:55+00:00","breadcrumb":{"@id":"https:\/\/www.upo.es\/investiga\/UNTWIST\/our-contributions\/infographics-deu\/#breadcrumb"},"inLanguage":"en-US","potentialAction":[{"@type":"ReadAction","target":["https:\/\/www.upo.es\/investiga\/UNTWIST\/our-contributions\/infographics-deu\/"]}]},{"@type":"BreadcrumbList","@id":"https:\/\/www.upo.es\/investiga\/UNTWIST\/our-contributions\/infographics-deu\/#breadcrumb","itemListElement":[{"@type":"ListItem","position":1,"name":"Portada","item":"https:\/\/www.upo.es\/investiga\/UNTWIST\/"},{"@type":"ListItem","position":2,"name":"Our contributions","item":"https:\/\/www.upo.es\/investiga\/UNTWIST\/our-contributions\/"},{"@type":"ListItem","position":3,"name":"INFOGRAPHICS -DEU"}]},{"@type":"WebSite","@id":"https:\/\/www.upo.es\/investiga\/UNTWIST\/#website","url":"https:\/\/www.upo.es\/investiga\/UNTWIST\/","name":"UNTWIST","description":"","publisher":{"@id":"https:\/\/www.upo.es\/investiga\/UNTWIST\/#organization"},"potentialAction":[{"@type":"SearchAction","target":{"@type":"EntryPoint","urlTemplate":"https:\/\/www.upo.es\/investiga\/UNTWIST\/?s={search_term_string}"},"query-input":{"@type":"PropertyValueSpecification","valueRequired":true,"valueName":"search_term_string"}}],"inLanguage":"en-US"},{"@type":"Organization","@id":"https:\/\/www.upo.es\/investiga\/UNTWIST\/#organization","name":"UNTWIST","alternateName":"UNTWIST","url":"https:\/\/www.upo.es\/investiga\/UNTWIST\/","logo":{"@type":"ImageObject","inLanguage":"en-US","@id":"https:\/\/www.upo.es\/investiga\/UNTWIST\/#\/schema\/logo\/image\/","url":"https:\/\/www.upo.es\/investiga\/UNTWIST\/wp-content\/uploads\/2023\/04\/untwitst-logo-large.png","contentUrl":"https:\/\/www.upo.es\/investiga\/UNTWIST\/wp-content\/uploads\/2023\/04\/untwitst-logo-large.png","width":1000,"height":986,"caption":"UNTWIST"},"image":{"@id":"https:\/\/www.upo.es\/investiga\/UNTWIST\/#\/schema\/logo\/image\/"},"sameAs":["https:\/\/x.com\/UNTWISTproject","https:\/\/www.youtube.com\/@UNTWIST_Project"]}]}},"_links":{"self":[{"href":"https:\/\/www.upo.es\/investiga\/UNTWIST\/wp-json\/wp\/v2\/pages\/1994","targetHints":{"allow":["GET"]}}],"collection":[{"href":"https:\/\/www.upo.es\/investiga\/UNTWIST\/wp-json\/wp\/v2\/pages"}],"about":[{"href":"https:\/\/www.upo.es\/investiga\/UNTWIST\/wp-json\/wp\/v2\/types\/page"}],"author":[{"embeddable":true,"href":"https:\/\/www.upo.es\/investiga\/UNTWIST\/wp-json\/wp\/v2\/users\/4"}],"replies":[{"embeddable":true,"href":"https:\/\/www.upo.es\/investiga\/UNTWIST\/wp-json\/wp\/v2\/comments?post=1994"}],"version-history":[{"count":1,"href":"https:\/\/www.upo.es\/investiga\/UNTWIST\/wp-json\/wp\/v2\/pages\/1994\/revisions"}],"predecessor-version":[{"id":1995,"href":"https:\/\/www.upo.es\/investiga\/UNTWIST\/wp-json\/wp\/v2\/pages\/1994\/revisions\/1995"}],"up":[{"embeddable":true,"href":"https:\/\/www.upo.es\/investiga\/UNTWIST\/wp-json\/wp\/v2\/pages\/14"}],"wp:attachment":[{"href":"https:\/\/www.upo.es\/investiga\/UNTWIST\/wp-json\/wp\/v2\/media?parent=1994"}],"curies":[{"name":"wp","href":"https:\/\/api.w.org\/{rel}","templated":true}]}}