{"id":1998,"date":"2025-02-18T17:33:04","date_gmt":"2025-02-18T16:33:04","guid":{"rendered":"https:\/\/www.upo.es\/investiga\/UNTWIST\/?page_id=1998"},"modified":"2025-02-18T17:33:05","modified_gmt":"2025-02-18T16:33:05","slug":"infographics-mag","status":"publish","type":"page","link":"https:\/\/www.upo.es\/investiga\/UNTWIST\/our-contributions\/infographics-mag\/","title":{"rendered":"INFOGRAPHICS  -MAG"},"content":{"rendered":"\n<h2 class=\"wp-block-heading has-title-color has-text-color\">INFOGRAPHICS<\/h2>\n\n\n\n<p class=\"has-text-align-left has-background-background-color has-background\">Az UNTWIST empirikus adatelemz\u00e9s\u00e9nek els\u0151 r\u00e9szek\u00e9nt a projektcsapat a feminista, queer \u00e9s f\u00e9rfiass\u00e1gi tanulm\u00e1nyok 406 cikkb\u0151l \u00e1ll\u00f3 interdiszciplin\u00e1ris gy\u0171jtem\u00e9ny\u00e9nek nemzeti szint\u0171 meta-irodalmi \u00e1ttekint\u00e9s\u00e9t v\u00e9gezte el. A kiv\u00e1laszt\u00e1s a szakirodalomban a k\u00fcl\u00f6nb\u00f6z\u0151 orsz\u00e1gos kontextusokban t\u00e1rgyalt \u201enemi alap\u00fa sz\u00fcks\u00e9gletek\u201d k\u00fcl\u00f6nb\u00f6z\u0151 t\u00edpusainak elm\u00e9leti mintav\u00e9tel\u00e9n alapult. Indukt\u00edv elemz\u00e9s alapj\u00e1n az UNTWIST a nemi alap\u00fa sz\u00fcks\u00e9gletek 24 t\u00edpus\u00e1nak tipol\u00f3gi\u00e1j\u00e1t dolgozta ki, amelyek k\u00fcl\u00f6nb\u00f6z\u0151 szakpolitikai ter\u00fcleteken helyezkednek el, \u00e9s k\u00fcl\u00f6nb\u00f6z\u0151 nemi szempontok (fogalmak) alapj\u00e1n hozz\u00e1f\u00e9rhet\u0151k.<br><strong>L\u00e1togasson el az al\u00e1bbi Megfigyelhet\u0151 oldalra, ahol az adatok vil\u00e1gos \u00e9s hozz\u00e1f\u00e9rhet\u0151 vizualiz\u00e1ci\u00f3i \u00e1llnak rendelkez\u00e9sre az \u00e9rdekeltek sz\u00e1m\u00e1ra, hogy interakci\u00f3ba l\u00e9phessenek vel\u00fck, \u00e9s saj\u00e1t grafikus bemutat\u00f3kat k\u00e9sz\u00edthessenek.<\/strong><\/p>\n\n\n\n<div class=\"wp-block-columns is-layout-flex wp-container-core-columns-is-layout-28f84493 wp-block-columns-is-layout-flex\">\n<div class=\"wp-block-column is-layout-flow wp-block-column-is-layout-flow\" style=\"flex-basis:100%\">\n<div class=\"wp-block-buttons alignwide is-vertical is-content-justification-center is-layout-flex wp-container-core-buttons-is-layout-734eb2c2 wp-block-buttons-is-layout-flex\">\n<div class=\"wp-block-button has-custom-width wp-block-button__width-25\"><a class=\"wp-block-button__link has-primary-background-color has-background wp-element-button\" href=\"https:\/\/observablehq.com\/@untwist\/wp1\">WP1 OBSERVABLE<\/a><\/div>\n<\/div>\n<\/div>\n<\/div>\n\n\n\n<p class=\"has-foreground-color has-background-background-color has-text-color has-background has-link-color wp-elements-00f208af2e1299c873430fa1a1af89fa\">Ez a f\u00fczet egy kvantitat\u00edv tartalomelemz\u00e9s eredm\u00e9nyeit mutatja be, amely felt\u00e9rk\u00e9pezte a nemi\/nemi fogalmak \u00e9s k\u00e9rd\u00e9sek reprezent\u00e1ci\u00f3j\u00e1t 914 nagyszab\u00e1s\u00fa politikai \u00e9s szociol\u00f3giai k\u00e9rd\u0151\u00edvben, amelyeket 2000-2023 k\u00f6z\u00f6tt Eur\u00f3p\u00e1ban \u00e9s hat eur\u00f3pai orsz\u00e1gban (D\u00e1nia, N\u00e9metorsz\u00e1g, Magyarorsz\u00e1g, Sv\u00e1jc \u00e9s az Egyes\u00fclt Kir\u00e1lys\u00e1g) v\u00e9geztek.<br><strong>L\u00e1togasson el az al\u00e1bbi Megfigyelhet\u0151 oldalra, ahol az \u00e9rdekeltek sz\u00e1m\u00e1ra el\u00e9rhet\u0151 a konkr\u00e9t k\u00f3dol\u00e1si egys\u00e9gek k\u00e9rd\u00e9skeres\u0151je \u00e9s a nemi fogalmak \u00e9s a politikai t\u00e9m\u00e1k\/k\u00e9rd\u00e9sek k\u00f6z\u00f6tti gyakoris\u00e1g \u00e9s egy\u00fcttj\u00e1r\u00e1s felt\u00e1r\u00e1s\u00e1ra szolg\u00e1l\u00f3 eszk\u00f6z\u00f6k, amelyekkel interakci\u00f3ba l\u00e9phetnek, \u00e9s saj\u00e1t grafikus bemutat\u00f3kat k\u00e9sz\u00edthetnek.<\/strong><\/p>\n\n\n\n<div class=\"wp-block-columns is-layout-flex wp-container-core-columns-is-layout-28f84493 wp-block-columns-is-layout-flex\">\n<div class=\"wp-block-column is-layout-flow wp-block-column-is-layout-flow\" style=\"flex-basis:100%\">\n<div class=\"wp-block-buttons is-content-justification-center is-layout-flex wp-container-core-buttons-is-layout-a89b3969 wp-block-buttons-is-layout-flex\">\n<div class=\"wp-block-button has-custom-width wp-block-button__width-25\"><a class=\"wp-block-button__link has-primary-background-color has-background wp-element-button\" href=\"https:\/\/observablehq.com\/@untwist\/wp3\">WP3 OBSERVABLE<\/a><\/div>\n<\/div>\n<\/div>\n<\/div>\n\n\n\n<p class=\"has-text-align-left has-foreground-color has-background-background-color has-text-color has-background has-link-color wp-elements-c1d39e3fb1f7cd9a5f749b1c7fe04df4\">Az UNTWIST empirikus adatokat gy\u0171jt\u00f6tt arr\u00f3l, hogy a feminista szakirodalom \u00e9s a f\u00e9rfiszeml\u00e9let tanulm\u00e1nyai hogyan fogalmazz\u00e1k meg a nemi alap\u00fa sz\u00fcks\u00e9gleteket, a kapcsol\u00f3d\u00f3 szakpolitikai k\u00e9rd\u00e9seket \u00e9s az ezek kezel\u00e9s\u00e9re ir\u00e1nyul\u00f3 megold\u00e1sokat, hogyan \u00e9lik meg a mainstream p\u00e1rtokb\u00f3l a jobboldali populista p\u00e1rtokba (RWPP) \u00e1tp\u00e1rtol\u00f3 szavaz\u00f3k nemi identit\u00e1sukat (f\u00f3kuszcsoportok), milyen nemi t\u00e9m\u00e1kat m\u00e9rnek a nemzeti \u00e9s nemzetk\u00f6zi felm\u00e9r\u00e9sekben (megl\u00e9v\u0151 felm\u00e9r\u00e9si k\u00e9rd\u00e9sek) \u00e9s milyen nemi politik\u00e1t k\u00e9pviselnek a politikai p\u00e1rtok (p\u00e1rtok programjai).<br><strong>L\u00e1togasson el az al\u00e1bbi megfigyel\u0151lapra, ahol megvizsg\u00e1lhatja, hogy a k\u00fcl\u00f6nb\u00f6z\u0151 t\u00e9m\u00e1k hogyan esnek egybe az egyes adatkeretekben.<\/strong><\/p>\n\n\n\n<div class=\"wp-block-buttons is-content-justification-center is-layout-flex wp-container-core-buttons-is-layout-a89b3969 wp-block-buttons-is-layout-flex\">\n<div class=\"wp-block-button has-custom-width wp-block-button__width-25\"><a class=\"wp-block-button__link has-primary-background-color has-background wp-element-button\" href=\"https:\/\/observablehq.com\/@untwist\/wp5\">WP5 OBSERVABLE<\/a><\/div>\n<\/div>\n\n\n\n<div class=\"wp-block-group is-layout-constrained wp-block-group-is-layout-constrained\">\n<p><\/p>\n<\/div>\n\n\n\n<p><\/p>\n","protected":false},"excerpt":{"rendered":"<p>INFOGRAPHICS Az UNTWIST empirikus adatelemz\u00e9s\u00e9nek els\u0151 r\u00e9szek\u00e9nt a projektcsapat a feminista, queer \u00e9s f\u00e9rfiass\u00e1gi tanulm\u00e1nyok 406 cikkb\u0151l \u00e1ll\u00f3 interdiszciplin\u00e1ris gy\u0171jtem\u00e9ny\u00e9nek nemzeti szint\u0171 meta-irodalmi \u00e1ttekint\u00e9s\u00e9t v\u00e9gezte el. A kiv\u00e1laszt\u00e1s a szakirodalomban a k\u00fcl\u00f6nb\u00f6z\u0151 orsz\u00e1gos kontextusokban t\u00e1rgyalt \u201enemi alap\u00fa sz\u00fcks\u00e9gletek\u201d k\u00fcl\u00f6nb\u00f6z\u0151 t\u00edpusainak elm\u00e9leti mintav\u00e9tel\u00e9n alapult. Indukt\u00edv elemz\u00e9s alapj\u00e1n az UNTWIST a nemi alap\u00fa sz\u00fcks\u00e9gletek 24 t\u00edpus\u00e1nak tipol\u00f3gi\u00e1j\u00e1t [&hellip;]<\/p>\n","protected":false},"author":4,"featured_media":0,"parent":14,"menu_order":0,"comment_status":"closed","ping_status":"closed","template":"page-template-notitle","meta":{"inline_featured_image":false,"footnotes":""},"class_list":["post-1998","page","type-page","status-publish","hentry"],"nelio_popups_active_popup":"","yoast_head":"<!-- This site is optimized with the Yoast SEO plugin v26.3 - https:\/\/yoast.com\/wordpress\/plugins\/seo\/ -->\n<title>INFOGRAPHICS -MAG - UNTWIST<\/title>\n<meta name=\"robots\" content=\"index, follow, max-snippet:-1, max-image-preview:large, max-video-preview:-1\" \/>\n<link rel=\"canonical\" href=\"https:\/\/www.upo.es\/investiga\/UNTWIST\/our-contributions\/infographics-mag\/\" \/>\n<meta property=\"og:locale\" content=\"en_US\" \/>\n<meta property=\"og:type\" content=\"article\" \/>\n<meta property=\"og:title\" content=\"INFOGRAPHICS -MAG - UNTWIST\" \/>\n<meta property=\"og:description\" content=\"INFOGRAPHICS Az UNTWIST empirikus adatelemz\u00e9s\u00e9nek els\u0151 r\u00e9szek\u00e9nt a projektcsapat a feminista, queer \u00e9s f\u00e9rfiass\u00e1gi tanulm\u00e1nyok 406 cikkb\u0151l \u00e1ll\u00f3 interdiszciplin\u00e1ris gy\u0171jtem\u00e9ny\u00e9nek nemzeti szint\u0171 meta-irodalmi \u00e1ttekint\u00e9s\u00e9t v\u00e9gezte el. A kiv\u00e1laszt\u00e1s a szakirodalomban a k\u00fcl\u00f6nb\u00f6z\u0151 orsz\u00e1gos kontextusokban t\u00e1rgyalt \u201enemi alap\u00fa sz\u00fcks\u00e9gletek\u201d k\u00fcl\u00f6nb\u00f6z\u0151 t\u00edpusainak elm\u00e9leti mintav\u00e9tel\u00e9n alapult. Indukt\u00edv elemz\u00e9s alapj\u00e1n az UNTWIST a nemi alap\u00fa sz\u00fcks\u00e9gletek 24 t\u00edpus\u00e1nak tipol\u00f3gi\u00e1j\u00e1t [&hellip;]\" \/>\n<meta property=\"og:url\" content=\"https:\/\/www.upo.es\/investiga\/UNTWIST\/our-contributions\/infographics-mag\/\" \/>\n<meta property=\"og:site_name\" content=\"UNTWIST\" \/>\n<meta property=\"article:modified_time\" content=\"2025-02-18T16:33:05+00:00\" \/>\n<meta property=\"og:image\" content=\"https:\/\/www.upo.es\/investiga\/UNTWIST\/wp-content\/uploads\/2023\/12\/Untwist-logo.jpg\" \/>\n\t<meta property=\"og:image:width\" content=\"2480\" \/>\n\t<meta property=\"og:image:height\" content=\"1808\" \/>\n\t<meta property=\"og:image:type\" content=\"image\/jpeg\" \/>\n<meta name=\"twitter:card\" content=\"summary\" \/>\n<meta name=\"twitter:image\" content=\"https:\/\/www.upo.es\/investiga\/UNTWIST\/wp-content\/uploads\/2023\/12\/Untwist-logo.jpg\" \/>\n<meta name=\"twitter:site\" content=\"@UNTWISTproject\" \/>\n<meta name=\"twitter:label1\" content=\"Est. reading time\" \/>\n\t<meta name=\"twitter:data1\" content=\"2 minutes\" \/>\n<script type=\"application\/ld+json\" class=\"yoast-schema-graph\">{\"@context\":\"https:\/\/schema.org\",\"@graph\":[{\"@type\":\"WebPage\",\"@id\":\"https:\/\/www.upo.es\/investiga\/UNTWIST\/our-contributions\/infographics-mag\/\",\"url\":\"https:\/\/www.upo.es\/investiga\/UNTWIST\/our-contributions\/infographics-mag\/\",\"name\":\"INFOGRAPHICS -MAG - UNTWIST\",\"isPartOf\":{\"@id\":\"https:\/\/www.upo.es\/investiga\/UNTWIST\/#website\"},\"datePublished\":\"2025-02-18T16:33:04+00:00\",\"dateModified\":\"2025-02-18T16:33:05+00:00\",\"breadcrumb\":{\"@id\":\"https:\/\/www.upo.es\/investiga\/UNTWIST\/our-contributions\/infographics-mag\/#breadcrumb\"},\"inLanguage\":\"en-US\",\"potentialAction\":[{\"@type\":\"ReadAction\",\"target\":[\"https:\/\/www.upo.es\/investiga\/UNTWIST\/our-contributions\/infographics-mag\/\"]}]},{\"@type\":\"BreadcrumbList\",\"@id\":\"https:\/\/www.upo.es\/investiga\/UNTWIST\/our-contributions\/infographics-mag\/#breadcrumb\",\"itemListElement\":[{\"@type\":\"ListItem\",\"position\":1,\"name\":\"Portada\",\"item\":\"https:\/\/www.upo.es\/investiga\/UNTWIST\/\"},{\"@type\":\"ListItem\",\"position\":2,\"name\":\"Our contributions\",\"item\":\"https:\/\/www.upo.es\/investiga\/UNTWIST\/our-contributions\/\"},{\"@type\":\"ListItem\",\"position\":3,\"name\":\"INFOGRAPHICS -MAG\"}]},{\"@type\":\"WebSite\",\"@id\":\"https:\/\/www.upo.es\/investiga\/UNTWIST\/#website\",\"url\":\"https:\/\/www.upo.es\/investiga\/UNTWIST\/\",\"name\":\"UNTWIST\",\"description\":\"\",\"publisher\":{\"@id\":\"https:\/\/www.upo.es\/investiga\/UNTWIST\/#organization\"},\"potentialAction\":[{\"@type\":\"SearchAction\",\"target\":{\"@type\":\"EntryPoint\",\"urlTemplate\":\"https:\/\/www.upo.es\/investiga\/UNTWIST\/?s={search_term_string}\"},\"query-input\":{\"@type\":\"PropertyValueSpecification\",\"valueRequired\":true,\"valueName\":\"search_term_string\"}}],\"inLanguage\":\"en-US\"},{\"@type\":\"Organization\",\"@id\":\"https:\/\/www.upo.es\/investiga\/UNTWIST\/#organization\",\"name\":\"UNTWIST\",\"alternateName\":\"UNTWIST\",\"url\":\"https:\/\/www.upo.es\/investiga\/UNTWIST\/\",\"logo\":{\"@type\":\"ImageObject\",\"inLanguage\":\"en-US\",\"@id\":\"https:\/\/www.upo.es\/investiga\/UNTWIST\/#\/schema\/logo\/image\/\",\"url\":\"https:\/\/www.upo.es\/investiga\/UNTWIST\/wp-content\/uploads\/2023\/04\/untwitst-logo-large.png\",\"contentUrl\":\"https:\/\/www.upo.es\/investiga\/UNTWIST\/wp-content\/uploads\/2023\/04\/untwitst-logo-large.png\",\"width\":1000,\"height\":986,\"caption\":\"UNTWIST\"},\"image\":{\"@id\":\"https:\/\/www.upo.es\/investiga\/UNTWIST\/#\/schema\/logo\/image\/\"},\"sameAs\":[\"https:\/\/x.com\/UNTWISTproject\",\"https:\/\/www.youtube.com\/@UNTWIST_Project\"]}]}<\/script>\n<!-- \/ Yoast SEO plugin. -->","yoast_head_json":{"title":"INFOGRAPHICS -MAG - UNTWIST","robots":{"index":"index","follow":"follow","max-snippet":"max-snippet:-1","max-image-preview":"max-image-preview:large","max-video-preview":"max-video-preview:-1"},"canonical":"https:\/\/www.upo.es\/investiga\/UNTWIST\/our-contributions\/infographics-mag\/","og_locale":"en_US","og_type":"article","og_title":"INFOGRAPHICS -MAG - UNTWIST","og_description":"INFOGRAPHICS Az UNTWIST empirikus adatelemz\u00e9s\u00e9nek els\u0151 r\u00e9szek\u00e9nt a projektcsapat a feminista, queer \u00e9s f\u00e9rfiass\u00e1gi tanulm\u00e1nyok 406 cikkb\u0151l \u00e1ll\u00f3 interdiszciplin\u00e1ris gy\u0171jtem\u00e9ny\u00e9nek nemzeti szint\u0171 meta-irodalmi \u00e1ttekint\u00e9s\u00e9t v\u00e9gezte el. A kiv\u00e1laszt\u00e1s a szakirodalomban a k\u00fcl\u00f6nb\u00f6z\u0151 orsz\u00e1gos kontextusokban t\u00e1rgyalt \u201enemi alap\u00fa sz\u00fcks\u00e9gletek\u201d k\u00fcl\u00f6nb\u00f6z\u0151 t\u00edpusainak elm\u00e9leti mintav\u00e9tel\u00e9n alapult. Indukt\u00edv elemz\u00e9s alapj\u00e1n az UNTWIST a nemi alap\u00fa sz\u00fcks\u00e9gletek 24 t\u00edpus\u00e1nak tipol\u00f3gi\u00e1j\u00e1t [&hellip;]","og_url":"https:\/\/www.upo.es\/investiga\/UNTWIST\/our-contributions\/infographics-mag\/","og_site_name":"UNTWIST","article_modified_time":"2025-02-18T16:33:05+00:00","og_image":[{"width":2480,"height":1808,"url":"https:\/\/www.upo.es\/investiga\/UNTWIST\/wp-content\/uploads\/2023\/12\/Untwist-logo.jpg","type":"image\/jpeg"}],"twitter_card":"summary","twitter_image":"https:\/\/www.upo.es\/investiga\/UNTWIST\/wp-content\/uploads\/2023\/12\/Untwist-logo.jpg","twitter_site":"@UNTWISTproject","twitter_misc":{"Est. reading time":"2 minutes"},"schema":{"@context":"https:\/\/schema.org","@graph":[{"@type":"WebPage","@id":"https:\/\/www.upo.es\/investiga\/UNTWIST\/our-contributions\/infographics-mag\/","url":"https:\/\/www.upo.es\/investiga\/UNTWIST\/our-contributions\/infographics-mag\/","name":"INFOGRAPHICS -MAG - UNTWIST","isPartOf":{"@id":"https:\/\/www.upo.es\/investiga\/UNTWIST\/#website"},"datePublished":"2025-02-18T16:33:04+00:00","dateModified":"2025-02-18T16:33:05+00:00","breadcrumb":{"@id":"https:\/\/www.upo.es\/investiga\/UNTWIST\/our-contributions\/infographics-mag\/#breadcrumb"},"inLanguage":"en-US","potentialAction":[{"@type":"ReadAction","target":["https:\/\/www.upo.es\/investiga\/UNTWIST\/our-contributions\/infographics-mag\/"]}]},{"@type":"BreadcrumbList","@id":"https:\/\/www.upo.es\/investiga\/UNTWIST\/our-contributions\/infographics-mag\/#breadcrumb","itemListElement":[{"@type":"ListItem","position":1,"name":"Portada","item":"https:\/\/www.upo.es\/investiga\/UNTWIST\/"},{"@type":"ListItem","position":2,"name":"Our contributions","item":"https:\/\/www.upo.es\/investiga\/UNTWIST\/our-contributions\/"},{"@type":"ListItem","position":3,"name":"INFOGRAPHICS -MAG"}]},{"@type":"WebSite","@id":"https:\/\/www.upo.es\/investiga\/UNTWIST\/#website","url":"https:\/\/www.upo.es\/investiga\/UNTWIST\/","name":"UNTWIST","description":"","publisher":{"@id":"https:\/\/www.upo.es\/investiga\/UNTWIST\/#organization"},"potentialAction":[{"@type":"SearchAction","target":{"@type":"EntryPoint","urlTemplate":"https:\/\/www.upo.es\/investiga\/UNTWIST\/?s={search_term_string}"},"query-input":{"@type":"PropertyValueSpecification","valueRequired":true,"valueName":"search_term_string"}}],"inLanguage":"en-US"},{"@type":"Organization","@id":"https:\/\/www.upo.es\/investiga\/UNTWIST\/#organization","name":"UNTWIST","alternateName":"UNTWIST","url":"https:\/\/www.upo.es\/investiga\/UNTWIST\/","logo":{"@type":"ImageObject","inLanguage":"en-US","@id":"https:\/\/www.upo.es\/investiga\/UNTWIST\/#\/schema\/logo\/image\/","url":"https:\/\/www.upo.es\/investiga\/UNTWIST\/wp-content\/uploads\/2023\/04\/untwitst-logo-large.png","contentUrl":"https:\/\/www.upo.es\/investiga\/UNTWIST\/wp-content\/uploads\/2023\/04\/untwitst-logo-large.png","width":1000,"height":986,"caption":"UNTWIST"},"image":{"@id":"https:\/\/www.upo.es\/investiga\/UNTWIST\/#\/schema\/logo\/image\/"},"sameAs":["https:\/\/x.com\/UNTWISTproject","https:\/\/www.youtube.com\/@UNTWIST_Project"]}]}},"_links":{"self":[{"href":"https:\/\/www.upo.es\/investiga\/UNTWIST\/wp-json\/wp\/v2\/pages\/1998","targetHints":{"allow":["GET"]}}],"collection":[{"href":"https:\/\/www.upo.es\/investiga\/UNTWIST\/wp-json\/wp\/v2\/pages"}],"about":[{"href":"https:\/\/www.upo.es\/investiga\/UNTWIST\/wp-json\/wp\/v2\/types\/page"}],"author":[{"embeddable":true,"href":"https:\/\/www.upo.es\/investiga\/UNTWIST\/wp-json\/wp\/v2\/users\/4"}],"replies":[{"embeddable":true,"href":"https:\/\/www.upo.es\/investiga\/UNTWIST\/wp-json\/wp\/v2\/comments?post=1998"}],"version-history":[{"count":1,"href":"https:\/\/www.upo.es\/investiga\/UNTWIST\/wp-json\/wp\/v2\/pages\/1998\/revisions"}],"predecessor-version":[{"id":1999,"href":"https:\/\/www.upo.es\/investiga\/UNTWIST\/wp-json\/wp\/v2\/pages\/1998\/revisions\/1999"}],"up":[{"embeddable":true,"href":"https:\/\/www.upo.es\/investiga\/UNTWIST\/wp-json\/wp\/v2\/pages\/14"}],"wp:attachment":[{"href":"https:\/\/www.upo.es\/investiga\/UNTWIST\/wp-json\/wp\/v2\/media?parent=1998"}],"curies":[{"name":"wp","href":"https:\/\/api.w.org\/{rel}","templated":true}]}}