{"id":22,"date":"2023-04-17T12:59:05","date_gmt":"2023-04-17T10:59:05","guid":{"rendered":"https:\/\/www.upo.es\/investiga\/UNTWIST\/?page_id=22"},"modified":"2025-12-02T16:32:12","modified_gmt":"2025-12-02T15:32:12","slug":"local-languages","status":"publish","type":"page","link":"https:\/\/www.upo.es\/investiga\/UNTWIST\/local-languages\/","title":{"rendered":"Local languages"},"content":{"rendered":"\n<div class=\"wp-block-columns h-385 block-languages is-layout-flex wp-container-core-columns-is-layout-28f84493 wp-block-columns-is-layout-flex\">\n<div class=\"wp-block-column has-background-background-color has-background is-layout-flow wp-block-column-is-layout-flow\" style=\"padding-top:40px;padding-right:30px;padding-bottom:40px;padding-left:30px\">\n<div class=\"wp-block-group is-layout-constrained wp-block-group-is-layout-constrained\">\n<div class=\"wp-block-group is-content-justification-space-between is-nowrap is-layout-flex wp-container-core-group-is-layout-c0dd7891 wp-block-group-is-layout-flex\">\n<h3 class=\"wp-block-heading has-title-color has-text-color\">UNITED KINGDOM<\/h3>\n\n\n\n<figure class=\"wp-block-image aligncenter size-large is-resized\"><img loading=\"lazy\" decoding=\"async\" width=\"200\" height=\"120\" src=\"https:\/\/www.upo.es\/investiga\/UNTWIST\/wp-content\/uploads\/2023\/04\/united-kingdom.svg\" alt=\"\" class=\"wp-image-190\" style=\"width:52px;height:30px\"\/><\/figure>\n<\/div>\n\n\n\n<p class=\"has-text-align-left\">In this section we provide political actors and civil society with information in each of the national languages of the Consortium, to facilitate the use and exploitation of our findings. If you want to learn more, or need more information in your national language, do not hesitate to contact us. We might even tailor our findings to the format that is more useful for your specific needs.<\/p>\n<\/div>\n\n\n\n<div class=\"wp-block-buttons is-content-justification-center is-layout-flex wp-container-core-buttons-is-layout-109ec38f wp-block-buttons-is-layout-flex\" style=\"margin-top:4.5rem\">\n<div class=\"wp-block-button\"><a class=\"wp-block-button__link has-primary-background-color has-background wp-element-button\" href=\"https:\/\/www.upo.es\/investiga\/UNTWIST\/flyer-english-2\/\">FLYER<\/a><\/div>\n\n\n\n<div class=\"wp-block-button\"><a class=\"wp-block-button__link has-primary-background-color has-background wp-element-button\" href=\"https:\/\/www.upo.es\/investiga\/UNTWIST\/our-contributions-uk-2\/\">INFORMATION<\/a><\/div>\n\n\n\n<div class=\"wp-block-button\"><a class=\"wp-block-button__link has-primary-background-color has-background wp-element-button\" href=\"https:\/\/www.upo.es\/investiga\/UNTWIST\/make-a-request-uk\/\">MAKE A REQUEST<\/a><\/div>\n<\/div>\n<\/div>\n\n\n\n<div class=\"wp-block-column has-background-background-color has-background is-layout-flow wp-block-column-is-layout-flow\" style=\"padding-top:40px;padding-right:30px;padding-bottom:40px;padding-left:30px\">\n<div class=\"wp-block-group is-layout-constrained wp-block-group-is-layout-constrained\">\n<div class=\"wp-block-group is-content-justification-space-between is-nowrap is-layout-flex wp-container-core-group-is-layout-c0dd7891 wp-block-group-is-layout-flex\">\n<h3 class=\"wp-block-heading has-title-color has-text-color\">ESPA\u00d1A<\/h3>\n\n\n\n<figure class=\"wp-block-image aligncenter size-large is-resized\"><img loading=\"lazy\" decoding=\"async\" width=\"200\" height=\"120\" src=\"https:\/\/www.upo.es\/investiga\/UNTWIST\/wp-content\/uploads\/2023\/04\/spain-.svg\" alt=\"\" class=\"wp-image-193\" style=\"width:52px;height:30px\"\/><\/figure>\n<\/div>\n\n\n\n<p class=\"has-text-align-left\">En esta secci\u00f3n ofrecemos a los partidos pol\u00edticos y la sociedad civil informaci\u00f3n en cada una de las lenguas del Consorcio, para facilitar el uso y la explotaci\u00f3n de nuestros hallazgos. Si quiere saber m\u00e1s o necesita m\u00e1s informaci\u00f3n en su lengua, no dude en contactarnos. Incluso podr\u00edamos adaptar nuestros resultados al formato que resulte m\u00e1s \u00fatil para sus necesidades espec\u00edficas.<\/p>\n<\/div>\n\n\n\n<div class=\"wp-block-buttons is-content-justification-center is-layout-flex wp-container-core-buttons-is-layout-109ec38f wp-block-buttons-is-layout-flex\" style=\"margin-top:4.5rem\">\n<div class=\"wp-block-button\"><a class=\"wp-block-button__link has-primary-background-color has-background wp-element-button\" href=\"https:\/\/www.upo.es\/investiga\/UNTWIST\/flyer-espanol-2\/\">FLYER<\/a><\/div>\n\n\n\n<div class=\"wp-block-button\"><a class=\"wp-block-button__link has-primary-background-color has-background wp-element-button\" href=\"https:\/\/www.upo.es\/investiga\/UNTWIST\/our-contributions-espana\/\">INFORMACI\u00d3N<\/a><\/div>\n\n\n\n<div class=\"wp-block-button\"><a class=\"wp-block-button__link has-primary-background-color has-background wp-element-button\" href=\"https:\/\/www.upo.es\/investiga\/UNTWIST\/make-a-request-es\/\">REALIZAR UNA SOLICITUD<\/a><\/div>\n<\/div>\n<\/div>\n\n\n\n<div class=\"wp-block-column custom-group has-background-background-color has-background is-layout-constrained wp-container-core-column-is-layout-93ba59a5 wp-block-column-is-layout-constrained\" style=\"padding-top:40px;padding-right:30px;padding-bottom:40px;padding-left:30px\">\n<div class=\"wp-block-group is-layout-constrained wp-block-group-is-layout-constrained\">\n<div class=\"wp-block-group is-content-justification-space-between is-nowrap is-layout-flex wp-container-core-group-is-layout-c0dd7891 wp-block-group-is-layout-flex\">\n<h3 class=\"wp-block-heading has-title-color has-text-color\">DANMARK<\/h3>\n\n\n\n<figure class=\"wp-block-image aligncenter size-large is-resized\"><img loading=\"lazy\" decoding=\"async\" width=\"200\" height=\"120\" src=\"https:\/\/www.upo.es\/investiga\/UNTWIST\/wp-content\/uploads\/2023\/04\/denmark-.svg\" alt=\"\" class=\"wp-image-197\" style=\"width:52px;height:30px\"\/><\/figure>\n<\/div>\n\n\n\n<p class=\"has-text-align-left\">I dette afsnit giver vi politiske akt\u00f8rer og civilsamfundet information om deres eget land og p\u00e5 deres eget sprog for at lette formidling og brug af vores resultater. Hvis du vil vide mere eller har brug for mere information p\u00e5 dit nationale sprog, s\u00e5 t\u00f8v ikke med at kontakte os. Vi kan endda skr\u00e6ddersy vores resultater til det format, der er mest nyttigt for dine specifikke behov.<\/p>\n<\/div>\n\n\n\n<div class=\"wp-block-buttons is-content-justification-center is-layout-flex wp-container-core-buttons-is-layout-098cc607 wp-block-buttons-is-layout-flex\">\n<div class=\"wp-block-button\"><a class=\"wp-block-button__link has-primary-background-color has-background wp-element-button\" href=\"https:\/\/www.upo.es\/investiga\/UNTWIST\/flyer-danish\/\">FLYER<\/a><\/div>\n\n\n\n<div class=\"wp-block-button\"><a class=\"wp-block-button__link has-primary-background-color has-background wp-element-button\" href=\"https:\/\/www.upo.es\/investiga\/UNTWIST\/our-contributions-danmark\/\">INFORMATION<\/a><\/div>\n\n\n\n<div class=\"wp-block-button\"><a class=\"wp-block-button__link has-primary-background-color has-background wp-element-button\" href=\"https:\/\/www.upo.es\/investiga\/UNTWIST\/make-a-request-dk\/\">LAV EN ANMODNING<\/a><\/div>\n<\/div>\n<\/div>\n<\/div>\n\n\n\n<div class=\"wp-block-columns h-385 block-languages is-layout-flex wp-container-core-columns-is-layout-47c5d72a wp-block-columns-is-layout-flex\" style=\"margin-bottom:var(--wp--preset--spacing--80)\">\n<div class=\"wp-block-column has-background-background-color has-background is-layout-flow wp-block-column-is-layout-flow\" style=\"padding-top:40px;padding-right:30px;padding-bottom:40px;padding-left:30px\">\n<div class=\"wp-block-group is-layout-constrained wp-block-group-is-layout-constrained\">\n<div class=\"wp-block-group is-content-justification-space-between is-nowrap is-layout-flex wp-container-core-group-is-layout-c0dd7891 wp-block-group-is-layout-flex\">\n<h3 class=\"wp-block-heading has-title-color has-text-color\">SCHWEIZ<\/h3>\n\n\n\n<figure class=\"wp-block-image size-large is-resized\"><img loading=\"lazy\" decoding=\"async\" width=\"200\" height=\"120\" src=\"https:\/\/www.upo.es\/investiga\/UNTWIST\/wp-content\/uploads\/2023\/04\/switzerland.svg\" alt=\"\" class=\"wp-image-198\" style=\"width:52px;height:30px\"\/><\/figure>\n<\/div>\n\n\n\n<p class=\"has-text-align-left\">In diesem Abschnitt stellen wir politischen Akteur*innen und der Zivilgesellschaft Informationen \u00fcber ihr eigenes Land und in ihrer eigenen Sprache zur Verf\u00fcgung, um die Nutzung und Verwertung unserer Ergebnisse zu erleichtern. Wenn Sie mehr erfahren m\u00f6chten oder weitere Informationen in Ihrer Landessprache ben\u00f6tigen, setzen Sie sich gerne mit uns in Kontakt. Wir k\u00f6nnen unsere Ergebnisse au\u00dferdem auf das Format zuschneiden, das f\u00fcr Ihre spezifischen Belange am n\u00fctzlichsten ist.<\/p>\n<\/div>\n\n\n\n<div class=\"wp-block-buttons is-content-justification-center is-layout-flex wp-container-core-buttons-is-layout-d2fb9d94 wp-block-buttons-is-layout-flex\" style=\"margin-top:4.5rem\">\n<div class=\"wp-block-button\"><a class=\"wp-block-button__link has-primary-background-color has-background wp-element-button\" href=\"https:\/\/www.upo.es\/investiga\/UNTWIST\/flyer-deutsch\/\">FLYER<\/a><\/div>\n\n\n\n<div class=\"wp-block-button\"><a class=\"wp-block-button__link has-primary-background-color has-background wp-element-button\" href=\"https:\/\/www.upo.es\/investiga\/UNTWIST\/our-contributions-schweiz-2\/\">INFORMATION<\/a><\/div>\n\n\n\n<div class=\"wp-block-button\"><a class=\"wp-block-button__link has-primary-background-color has-background wp-element-button\" href=\"https:\/\/www.upo.es\/investiga\/UNTWIST\/make-a-request-ch\/\">EINE ANFRAGE STELLEN<\/a><\/div>\n<\/div>\n<\/div>\n\n\n\n<div class=\"wp-block-column has-background-background-color has-background is-layout-flow wp-block-column-is-layout-flow\" style=\"padding-top:40px;padding-right:30px;padding-bottom:40px;padding-left:30px\">\n<div class=\"wp-block-group is-layout-constrained wp-block-group-is-layout-constrained\">\n<div class=\"wp-block-group is-content-justification-space-between is-nowrap is-layout-flex wp-container-core-group-is-layout-c0dd7891 wp-block-group-is-layout-flex\">\n<h3 class=\"wp-block-heading has-title-color has-text-color\">DEUTSCHLAND<\/h3>\n\n\n\n<figure class=\"wp-block-image aligncenter size-large is-resized\"><img loading=\"lazy\" decoding=\"async\" width=\"200\" height=\"120\" src=\"https:\/\/www.upo.es\/investiga\/UNTWIST\/wp-content\/uploads\/2023\/04\/germany.svg\" alt=\"\" class=\"wp-image-199\" style=\"width:52px;height:30px\"\/><\/figure>\n<\/div>\n\n\n\n<p class=\"has-text-align-left\">In diesem Abschnitt stellen wir politischen Akteur*innen und der Zivilgesellschaft Informationen \u00fcber ihr eigenes Land und in ihrer eigenen Sprache zur Verf\u00fcgung, um die Nutzung und Verwertung unserer Ergebnisse zu erleichtern. Wenn Sie mehr erfahren m\u00f6chten oder weitere Informationen in Ihrer Landessprache ben\u00f6tigen, setzen Sie sich gerne mit uns in Kontakt. Wir k\u00f6nnen unsere Ergebnisse au\u00dferdem auf das Format zuschneiden, das f\u00fcr Ihre spezifischen Belange am n\u00fctzlichsten ist.<\/p>\n<\/div>\n\n\n\n<div class=\"wp-block-buttons is-content-justification-center is-layout-flex wp-container-core-buttons-is-layout-b5994976 wp-block-buttons-is-layout-flex\">\n<div class=\"wp-block-button\"><a class=\"wp-block-button__link has-primary-background-color has-background wp-element-button\" href=\"https:\/\/www.upo.es\/investiga\/UNTWIST\/flyer-deutsch\/\">FLYER<\/a><\/div>\n\n\n\n<div class=\"wp-block-button\"><a class=\"wp-block-button__link has-primary-background-color has-background wp-element-button\" href=\"https:\/\/www.upo.es\/investiga\/UNTWIST\/our-contributions-deutschland\/\">INFORMATION<\/a><\/div>\n\n\n\n<div class=\"wp-block-button\"><a class=\"wp-block-button__link has-primary-background-color has-background wp-element-button\" href=\"https:\/\/www.upo.es\/investiga\/UNTWIST\/make-a-request-de\/\">EINE ANFRAGE STELLEN<\/a><\/div>\n<\/div>\n<\/div>\n\n\n\n<div class=\"wp-block-column has-background-background-color has-background is-layout-flow wp-block-column-is-layout-flow\" style=\"padding-top:40px;padding-right:30px;padding-bottom:40px;padding-left:30px\">\n<div class=\"wp-block-group is-layout-constrained wp-block-group-is-layout-constrained\">\n<div class=\"wp-block-group is-content-justification-space-between is-nowrap is-layout-flex wp-container-core-group-is-layout-c0dd7891 wp-block-group-is-layout-flex\">\n<h3 class=\"wp-block-heading has-title-color has-text-color\">MAGYARORSZ\u00c1G<\/h3>\n\n\n\n<figure class=\"wp-block-image aligncenter size-large is-resized\"><img loading=\"lazy\" decoding=\"async\" width=\"200\" height=\"120\" src=\"https:\/\/www.upo.es\/investiga\/UNTWIST\/wp-content\/uploads\/2023\/04\/hungary.svg\" alt=\"\" class=\"wp-image-200\" style=\"width:52px;height:30px\"\/><\/figure>\n<\/div>\n\n\n\n<p class=\"has-text-align-left\">Ebben a r\u00e9szben a politikai szerepl\u0151ket \u00e9s a civil szervezeteket saj\u00e1t orsz\u00e1gukkal kapcsolatos inform\u00e1ci\u00f3kkal l\u00e1tjuk el nemzeti nyelv\u00fck\u00f6n, hogy megk\u00f6nny\u00edts\u00fck az eredm\u00e9nyeink felhaszn\u00e1l\u00e1s\u00e1t \u00e9s hasznos\u00edt\u00e1s\u00e1t. Ha t\u00f6bbet szeretne megtudni, vagy tov\u00e1bbi inform\u00e1ci\u00f3ra van sz\u00fcks\u00e9ge az \u00d6n nemzeti nyelv\u00e9n, ne habozzon kapcsolatba l\u00e9pni vel\u00fcnk. M\u00e9g az is lehets\u00e9ges, hogy eredm\u00e9nyeinket olyan form\u00e1tumra igaz\u00edtjuk, amely az \u00d6n egyedi ig\u00e9nyeinek jobban megfeleljen.<\/p>\n<\/div>\n\n\n\n<div class=\"wp-block-buttons is-content-justification-center is-layout-flex wp-container-core-buttons-is-layout-d2fb9d94 wp-block-buttons-is-layout-flex\" style=\"margin-top:4.5rem\">\n<div class=\"wp-block-button\"><a class=\"wp-block-button__link has-primary-background-color has-background wp-element-button\" href=\"https:\/\/www.upo.es\/investiga\/UNTWIST\/flyer-magyarorszag\/\">FLYER<\/a><\/div>\n\n\n\n<div class=\"wp-block-button\"><a class=\"wp-block-button__link has-primary-background-color has-background wp-element-button\" href=\"https:\/\/www.upo.es\/investiga\/UNTWIST\/our-contributions-magyarorszag\/\">INFORM\u00c1CI\u00d3<\/a><\/div>\n\n\n\n<div class=\"wp-block-button\"><a class=\"wp-block-button__link has-primary-background-color has-background wp-element-button\" href=\"https:\/\/www.upo.es\/investiga\/UNTWIST\/make-a-request-hu\/\">K\u00c9R\u00c9S BEK\u00dcLD\u00c9SE<\/a><\/div>\n<\/div>\n<\/div>\n<\/div>\n","protected":false},"excerpt":{"rendered":"<p>UNITED KINGDOM In this section we provide political actors and civil society with information in each of the national languages of the Consortium, to facilitate the use and exploitation of our findings. If you want to learn more, or need more information in your national language, do not hesitate to contact us. We might even [&hellip;]<\/p>\n","protected":false},"author":2,"featured_media":0,"parent":0,"menu_order":0,"comment_status":"closed","ping_status":"closed","template":"page-template-notitle","meta":{"inline_featured_image":false,"footnotes":""},"class_list":["post-22","page","type-page","status-publish","hentry"],"nelio_popups_active_popup":"","yoast_head":"<!-- This site is optimized with the Yoast SEO plugin v26.3 - https:\/\/yoast.com\/wordpress\/plugins\/seo\/ -->\n<title>Local languages - UNTWIST<\/title>\n<meta name=\"robots\" content=\"index, follow, max-snippet:-1, max-image-preview:large, max-video-preview:-1\" \/>\n<link rel=\"canonical\" href=\"https:\/\/www.upo.es\/investiga\/UNTWIST\/local-languages\/\" \/>\n<meta property=\"og:locale\" content=\"en_US\" \/>\n<meta property=\"og:type\" content=\"article\" \/>\n<meta property=\"og:title\" content=\"Local languages - UNTWIST\" \/>\n<meta property=\"og:description\" content=\"UNITED KINGDOM In this section we provide political actors and civil society with information in each of the national languages of the Consortium, to facilitate the use and exploitation of our findings. If you want to learn more, or need more information in your national language, do not hesitate to contact us. We might even [&hellip;]\" \/>\n<meta property=\"og:url\" content=\"https:\/\/www.upo.es\/investiga\/UNTWIST\/local-languages\/\" \/>\n<meta property=\"og:site_name\" content=\"UNTWIST\" \/>\n<meta property=\"article:modified_time\" content=\"2025-12-02T15:32:12+00:00\" \/>\n<meta property=\"og:image\" content=\"https:\/\/www.upo.es\/investiga\/UNTWIST\/wp-content\/uploads\/2023\/12\/Untwist-logo.jpg\" \/>\n\t<meta property=\"og:image:width\" content=\"2480\" \/>\n\t<meta property=\"og:image:height\" content=\"1808\" \/>\n\t<meta property=\"og:image:type\" content=\"image\/jpeg\" \/>\n<meta name=\"twitter:card\" content=\"summary\" \/>\n<meta name=\"twitter:image\" content=\"https:\/\/www.upo.es\/investiga\/UNTWIST\/wp-content\/uploads\/2023\/12\/Untwist-logo.jpg\" \/>\n<meta name=\"twitter:site\" content=\"@UNTWISTproject\" \/>\n<meta name=\"twitter:label1\" content=\"Est. reading time\" \/>\n\t<meta name=\"twitter:data1\" content=\"4 minutes\" \/>\n<script type=\"application\/ld+json\" class=\"yoast-schema-graph\">{\"@context\":\"https:\/\/schema.org\",\"@graph\":[{\"@type\":\"WebPage\",\"@id\":\"https:\/\/www.upo.es\/investiga\/UNTWIST\/local-languages\/\",\"url\":\"https:\/\/www.upo.es\/investiga\/UNTWIST\/local-languages\/\",\"name\":\"Local languages - UNTWIST\",\"isPartOf\":{\"@id\":\"https:\/\/www.upo.es\/investiga\/UNTWIST\/#website\"},\"primaryImageOfPage\":{\"@id\":\"https:\/\/www.upo.es\/investiga\/UNTWIST\/local-languages\/#primaryimage\"},\"image\":{\"@id\":\"https:\/\/www.upo.es\/investiga\/UNTWIST\/local-languages\/#primaryimage\"},\"thumbnailUrl\":\"https:\/\/www.upo.es\/investiga\/UNTWIST\/wp-content\/uploads\/2023\/04\/united-kingdom.svg\",\"datePublished\":\"2023-04-17T10:59:05+00:00\",\"dateModified\":\"2025-12-02T15:32:12+00:00\",\"breadcrumb\":{\"@id\":\"https:\/\/www.upo.es\/investiga\/UNTWIST\/local-languages\/#breadcrumb\"},\"inLanguage\":\"en-US\",\"potentialAction\":[{\"@type\":\"ReadAction\",\"target\":[\"https:\/\/www.upo.es\/investiga\/UNTWIST\/local-languages\/\"]}]},{\"@type\":\"ImageObject\",\"inLanguage\":\"en-US\",\"@id\":\"https:\/\/www.upo.es\/investiga\/UNTWIST\/local-languages\/#primaryimage\",\"url\":\"https:\/\/www.upo.es\/investiga\/UNTWIST\/wp-content\/uploads\/2023\/04\/united-kingdom.svg\",\"contentUrl\":\"https:\/\/www.upo.es\/investiga\/UNTWIST\/wp-content\/uploads\/2023\/04\/united-kingdom.svg\",\"width\":200,\"height\":120},{\"@type\":\"BreadcrumbList\",\"@id\":\"https:\/\/www.upo.es\/investiga\/UNTWIST\/local-languages\/#breadcrumb\",\"itemListElement\":[{\"@type\":\"ListItem\",\"position\":1,\"name\":\"Portada\",\"item\":\"https:\/\/www.upo.es\/investiga\/UNTWIST\/\"},{\"@type\":\"ListItem\",\"position\":2,\"name\":\"Local languages\"}]},{\"@type\":\"WebSite\",\"@id\":\"https:\/\/www.upo.es\/investiga\/UNTWIST\/#website\",\"url\":\"https:\/\/www.upo.es\/investiga\/UNTWIST\/\",\"name\":\"UNTWIST\",\"description\":\"\",\"publisher\":{\"@id\":\"https:\/\/www.upo.es\/investiga\/UNTWIST\/#organization\"},\"potentialAction\":[{\"@type\":\"SearchAction\",\"target\":{\"@type\":\"EntryPoint\",\"urlTemplate\":\"https:\/\/www.upo.es\/investiga\/UNTWIST\/?s={search_term_string}\"},\"query-input\":{\"@type\":\"PropertyValueSpecification\",\"valueRequired\":true,\"valueName\":\"search_term_string\"}}],\"inLanguage\":\"en-US\"},{\"@type\":\"Organization\",\"@id\":\"https:\/\/www.upo.es\/investiga\/UNTWIST\/#organization\",\"name\":\"UNTWIST\",\"alternateName\":\"UNTWIST\",\"url\":\"https:\/\/www.upo.es\/investiga\/UNTWIST\/\",\"logo\":{\"@type\":\"ImageObject\",\"inLanguage\":\"en-US\",\"@id\":\"https:\/\/www.upo.es\/investiga\/UNTWIST\/#\/schema\/logo\/image\/\",\"url\":\"https:\/\/www.upo.es\/investiga\/UNTWIST\/wp-content\/uploads\/2023\/04\/untwitst-logo-large.png\",\"contentUrl\":\"https:\/\/www.upo.es\/investiga\/UNTWIST\/wp-content\/uploads\/2023\/04\/untwitst-logo-large.png\",\"width\":1000,\"height\":986,\"caption\":\"UNTWIST\"},\"image\":{\"@id\":\"https:\/\/www.upo.es\/investiga\/UNTWIST\/#\/schema\/logo\/image\/\"},\"sameAs\":[\"https:\/\/x.com\/UNTWISTproject\",\"https:\/\/www.youtube.com\/@UNTWIST_Project\"]}]}<\/script>\n<!-- \/ Yoast SEO plugin. -->","yoast_head_json":{"title":"Local languages - UNTWIST","robots":{"index":"index","follow":"follow","max-snippet":"max-snippet:-1","max-image-preview":"max-image-preview:large","max-video-preview":"max-video-preview:-1"},"canonical":"https:\/\/www.upo.es\/investiga\/UNTWIST\/local-languages\/","og_locale":"en_US","og_type":"article","og_title":"Local languages - UNTWIST","og_description":"UNITED KINGDOM In this section we provide political actors and civil society with information in each of the national languages of the Consortium, to facilitate the use and exploitation of our findings. If you want to learn more, or need more information in your national language, do not hesitate to contact us. We might even [&hellip;]","og_url":"https:\/\/www.upo.es\/investiga\/UNTWIST\/local-languages\/","og_site_name":"UNTWIST","article_modified_time":"2025-12-02T15:32:12+00:00","og_image":[{"width":2480,"height":1808,"url":"https:\/\/www.upo.es\/investiga\/UNTWIST\/wp-content\/uploads\/2023\/12\/Untwist-logo.jpg","type":"image\/jpeg"}],"twitter_card":"summary","twitter_image":"https:\/\/www.upo.es\/investiga\/UNTWIST\/wp-content\/uploads\/2023\/12\/Untwist-logo.jpg","twitter_site":"@UNTWISTproject","twitter_misc":{"Est. reading time":"4 minutes"},"schema":{"@context":"https:\/\/schema.org","@graph":[{"@type":"WebPage","@id":"https:\/\/www.upo.es\/investiga\/UNTWIST\/local-languages\/","url":"https:\/\/www.upo.es\/investiga\/UNTWIST\/local-languages\/","name":"Local languages - UNTWIST","isPartOf":{"@id":"https:\/\/www.upo.es\/investiga\/UNTWIST\/#website"},"primaryImageOfPage":{"@id":"https:\/\/www.upo.es\/investiga\/UNTWIST\/local-languages\/#primaryimage"},"image":{"@id":"https:\/\/www.upo.es\/investiga\/UNTWIST\/local-languages\/#primaryimage"},"thumbnailUrl":"https:\/\/www.upo.es\/investiga\/UNTWIST\/wp-content\/uploads\/2023\/04\/united-kingdom.svg","datePublished":"2023-04-17T10:59:05+00:00","dateModified":"2025-12-02T15:32:12+00:00","breadcrumb":{"@id":"https:\/\/www.upo.es\/investiga\/UNTWIST\/local-languages\/#breadcrumb"},"inLanguage":"en-US","potentialAction":[{"@type":"ReadAction","target":["https:\/\/www.upo.es\/investiga\/UNTWIST\/local-languages\/"]}]},{"@type":"ImageObject","inLanguage":"en-US","@id":"https:\/\/www.upo.es\/investiga\/UNTWIST\/local-languages\/#primaryimage","url":"https:\/\/www.upo.es\/investiga\/UNTWIST\/wp-content\/uploads\/2023\/04\/united-kingdom.svg","contentUrl":"https:\/\/www.upo.es\/investiga\/UNTWIST\/wp-content\/uploads\/2023\/04\/united-kingdom.svg","width":200,"height":120},{"@type":"BreadcrumbList","@id":"https:\/\/www.upo.es\/investiga\/UNTWIST\/local-languages\/#breadcrumb","itemListElement":[{"@type":"ListItem","position":1,"name":"Portada","item":"https:\/\/www.upo.es\/investiga\/UNTWIST\/"},{"@type":"ListItem","position":2,"name":"Local languages"}]},{"@type":"WebSite","@id":"https:\/\/www.upo.es\/investiga\/UNTWIST\/#website","url":"https:\/\/www.upo.es\/investiga\/UNTWIST\/","name":"UNTWIST","description":"","publisher":{"@id":"https:\/\/www.upo.es\/investiga\/UNTWIST\/#organization"},"potentialAction":[{"@type":"SearchAction","target":{"@type":"EntryPoint","urlTemplate":"https:\/\/www.upo.es\/investiga\/UNTWIST\/?s={search_term_string}"},"query-input":{"@type":"PropertyValueSpecification","valueRequired":true,"valueName":"search_term_string"}}],"inLanguage":"en-US"},{"@type":"Organization","@id":"https:\/\/www.upo.es\/investiga\/UNTWIST\/#organization","name":"UNTWIST","alternateName":"UNTWIST","url":"https:\/\/www.upo.es\/investiga\/UNTWIST\/","logo":{"@type":"ImageObject","inLanguage":"en-US","@id":"https:\/\/www.upo.es\/investiga\/UNTWIST\/#\/schema\/logo\/image\/","url":"https:\/\/www.upo.es\/investiga\/UNTWIST\/wp-content\/uploads\/2023\/04\/untwitst-logo-large.png","contentUrl":"https:\/\/www.upo.es\/investiga\/UNTWIST\/wp-content\/uploads\/2023\/04\/untwitst-logo-large.png","width":1000,"height":986,"caption":"UNTWIST"},"image":{"@id":"https:\/\/www.upo.es\/investiga\/UNTWIST\/#\/schema\/logo\/image\/"},"sameAs":["https:\/\/x.com\/UNTWISTproject","https:\/\/www.youtube.com\/@UNTWIST_Project"]}]}},"_links":{"self":[{"href":"https:\/\/www.upo.es\/investiga\/UNTWIST\/wp-json\/wp\/v2\/pages\/22","targetHints":{"allow":["GET"]}}],"collection":[{"href":"https:\/\/www.upo.es\/investiga\/UNTWIST\/wp-json\/wp\/v2\/pages"}],"about":[{"href":"https:\/\/www.upo.es\/investiga\/UNTWIST\/wp-json\/wp\/v2\/types\/page"}],"author":[{"embeddable":true,"href":"https:\/\/www.upo.es\/investiga\/UNTWIST\/wp-json\/wp\/v2\/users\/2"}],"replies":[{"embeddable":true,"href":"https:\/\/www.upo.es\/investiga\/UNTWIST\/wp-json\/wp\/v2\/comments?post=22"}],"version-history":[{"count":72,"href":"https:\/\/www.upo.es\/investiga\/UNTWIST\/wp-json\/wp\/v2\/pages\/22\/revisions"}],"predecessor-version":[{"id":2379,"href":"https:\/\/www.upo.es\/investiga\/UNTWIST\/wp-json\/wp\/v2\/pages\/22\/revisions\/2379"}],"wp:attachment":[{"href":"https:\/\/www.upo.es\/investiga\/UNTWIST\/wp-json\/wp\/v2\/media?parent=22"}],"curies":[{"name":"wp","href":"https:\/\/api.w.org\/{rel}","templated":true}]}}