{"id":2461,"date":"2025-12-11T12:23:02","date_gmt":"2025-12-11T11:23:02","guid":{"rendered":"https:\/\/www.upo.es\/investiga\/UNTWIST\/?page_id=2461"},"modified":"2026-04-01T12:12:31","modified_gmt":"2026-04-01T10:12:31","slug":"media-es","status":"publish","type":"page","link":"https:\/\/www.upo.es\/investiga\/UNTWIST\/media-es\/","title":{"rendered":"media-es"},"content":{"rendered":"\n<h2 class=\"wp-block-heading has-text-align-left has-title-color has-text-color has-large-font-size\" style=\"text-transform:uppercase\">Media Notices<\/h2>\n\n\n\n<div data-wp-context=\"{ &quot;autoclose&quot;: false, &quot;accordionItems&quot;: [] }\" data-wp-interactive=\"core\/accordion\" role=\"group\" class=\"wp-block-accordion is-layout-flow wp-block-accordion-is-layout-flow\">\n<div data-wp-class--is-open=\"state.isOpen\" data-wp-context=\"{ &quot;id&quot;: &quot;accordion-item-1&quot;, &quot;openByDefault&quot;: false }\" data-wp-init=\"callbacks.initAccordionItems\" data-wp-on-window--hashchange=\"callbacks.hashChange\" class=\"wp-block-accordion-item is-layout-flow wp-block-accordion-item-is-layout-flow\">\n<h3 class=\"wp-block-accordion-heading\"><button aria-expanded=\"false\" aria-controls=\"accordion-item-1-panel\" data-wp-bind--aria-expanded=\"state.isOpen\" data-wp-on--click=\"actions.toggle\" data-wp-on--keydown=\"actions.handleKeyDown\" id=\"accordion-item-1\" type=\"button\" class=\"wp-block-accordion-heading__toggle\"><span class=\"wp-block-accordion-heading__toggle-title\">MEDIA NOTICES<\/span><span class=\"wp-block-accordion-heading__toggle-icon\" aria-hidden=\"true\">+<\/span><\/button><\/h3>\n\n\n\n<div inert aria-labelledby=\"accordion-item-1\" data-wp-bind--inert=\"!state.isOpen\" id=\"accordion-item-1-panel\" role=\"region\" class=\"wp-block-accordion-panel is-layout-flow wp-block-accordion-panel-is-layout-flow\">\n<p><\/p>\n<\/div>\n<\/div>\n<\/div>\n\n\n\n<p class=\"has-text-align-center has-background-color has-secondary-background-color has-text-color has-background has-link-color wp-elements-d06740782846496ebd3124b5973cb8ff\"><strong><a href=\"https:\/\/www.upo.es\/diario\/docencia-formacion\/2026\/03\/untwist-presenta-en-el-parlamento-europeo-su-manual-de-recomendaciones-de-politica\/\">\u2018UNTWIST\u2019 presenta en el Parlamento Europeo su Manual de Recomendaciones de Pol\u00edtica<\/a><\/strong><\/p>\n\n\n\n<p class=\"has-text-align-center\">El proyecto de Horizonte Europa <strong>UNTWIST<\/strong>, coordinado por la Universidad Pablo de Olavide, presentar\u00e1 el pr\u00f3ximo <strong>18 de marzo en el Parlamento Europeo<\/strong> el <em>UNTWIST Policy Recommendation Handbook<\/em>, un manual que ofrece <strong>recomendaciones pol\u00edticas basadas en evidencia<\/strong> para abordar las desigualdades econ\u00f3micas de g\u00e9nero y fortalecer la resiliencia democr\u00e1tica. El evento pondr\u00e1 de relieve c\u00f3mo la <strong>inseguridad material y las desigualdades estructurales<\/strong> influyen en las tensiones pol\u00edticas en Europa, proponiendo soluciones concretas a nivel de la Uni\u00f3n Europea para mejorar la representaci\u00f3n y prevenir reacciones antig\u00e9nero.<\/p>\n\n\n\n<p class=\"has-text-align-right\"><em>Universidad Pablo de Olavide, 2 Marzo 2026<\/em><\/p>\n\n\n\n<p class=\"has-text-align-center has-background-color has-secondary-background-color has-text-color has-background has-link-color wp-elements-9a4afd1d83b0fa7afdcbb4f7399269e9\"><strong><a href=\"https:\/\/www.upo.es\/diario\/docencia-formacion\/2025\/11\/untwist-celebra-una-jornada-sobre-democracia-e-igualdad-de-genero-en-el-congreso-de-los-diputados\/\">&#8216;UNTWIST&#8217; celebra una jornada sobre democracia e igualdad de g\u00e9nero en el Congreso de los Diputados<\/a><\/strong><\/p>\n\n\n\n<p class=\"has-text-align-center\">El proyecto europeo UNTWIST, coordinado por la Universidad Pablo de Olavide, <strong>celebr\u00f3 en el Congreso de los Diputados la jornada <em>&#8220;Fortalecer la democracia desde la igualdad de g\u00e9nero&#8221;<\/em><\/strong><em>, <\/em>un encuentro que reuni\u00f3 a responsables institucionales, representantes pol\u00edticos europeos y personal investigador. Durante la sesi\u00f3n se presentaron <strong>resultados de estudios comparativos desarrollados en seis pa\u00edses europeos<\/strong>, centrados en el papel del g\u00e9nero en el comportamiento electoral, la representaci\u00f3n pol\u00edtica y el auge de la derecha radical populista. El debate puso de relieve la importancia de la evidencia cient\u00edfica  para abordar los retos democr\u00e1ticos actuales desde una perspectiva de g\u00e9nero.<\/p>\n\n\n\n<p class=\"has-text-align-right\"><em>Universidad Pablo de Olavide, 15 Noviembre 2025<\/em><\/p>\n\n\n\n<p class=\"has-text-align-center has-background-color has-secondary-background-color has-text-color has-background has-link-color wp-elements-0dc53594fd422460e2495d3b93264e7b\"><strong><a href=\"https:\/\/efe.com\/euro-efe\/2025-11-15\/votantes-partidos-extrema-derecha-estudio\/\">\u00bfPor qu\u00e9 los votantes de partidos tradicionales apoyan a la extrema derecha?<\/a><\/strong><\/p>\n\n\n\n<p class=\"has-text-align-center\">Este art\u00edculo recoge los resultados de un estudio del proyecto europeo UNTWIST que analiza <strong>las motivaciones de los votantes que apoyan a partidos de extrema derecha en distintos pa\u00edses europeos<\/strong>. A partir de investigaciones comparativas, el estudio muestra que estos comportamientos electorales est\u00e1n vinculados a <strong>la desafecci\u00f3n pol\u00edtica, las preocupaciones econ\u00f3micas y las percepciones de desigualdad,<\/strong> as\u00ed como a la forma en que hombres y mujeres experimentan estas problem\u00e1ticas. Los resultados subrayan la importancia de incorporar una <strong>perspectiva de g\u00e9nero<\/strong> para comprender los retos actuales de la representaci\u00f3n democr\u00e1tica en Europa.<\/p>\n\n\n\n<p class=\"has-text-align-right\"><em>EFE, 15 Noviembre 2025<\/em><\/p>\n\n\n\n<p class=\"has-text-align-center has-background-color has-secondary-background-color has-text-color has-background has-link-color wp-elements-07c54335b9a94942e1a40d9175083ba7\"><strong><a href=\"https:\/\/www.upo.es\/diario\/docencia-formacion\/2025\/11\/untwist-impulsa-debate-democracia-igualdad-genero-congreso-de-diputados\/\">&#8216;UNTWIST&#8217; impulsa el debate sobre democracia e igualdad de g\u00e9nero en el Congreso de los Diputados<\/a><\/strong><\/p>\n\n\n\n<p class=\"has-text-align-center\">En un contexto europeo marcado por los desaf\u00edos a la igualdad y el auge de los populismos, el proyecto UNTWIST <strong>celebrar\u00e1 el pr\u00f3ximo 14 de noviembre la jornada <em>&#8220;Fortalecer la democracia desde la igualdad de g\u00e9nero&#8221;<\/em> en el Congreso de los Diputados<\/strong>. El encuentro reunir\u00e1 a representantes pol\u00edticos, personal acad\u00e9mico y agentes de la sociedad civil para debatir sobre c\u00f3mo las cuestiones de g\u00e9nero influyen a la presentaci\u00f3n pol\u00edtica y en la calidad democr\u00e1tica en Europa. Durante la jornada se presentar\u00e1n estudios comparativos realizados en seis pa\u00edses europeos y el programa se estructurar\u00e1 en bloques de reflexi\u00f3n sobre datos de opini\u00f3n p\u00fablica, comportamiento electoral y estrategias partidistas.<\/p>\n\n\n\n<p class=\"has-text-align-right\"><em>Universidad Pablo de Olavide, 5 Noviembre 2025<\/em><\/p>\n\n\n\n<p class=\"has-text-align-center has-background-color has-secondary-background-color has-text-color has-background has-link-color wp-elements-fcb2b8a41de5cab498a71765865cbcaf\"><strong><a href=\"https:\/\/sevillainforma.es\/2025\/11\/05\/untwist-impulsa-el-debate-sobre-democracia-e-igualdad-de-genero-en-el-congreso-de-los-diputados-el-proximo-14-de-noviembre-expertas-y-representantes-politicos-europeos-analizaran\/\">\u2018UNTWIST\u2019 impulsa el debate sobre democracia e igualdad de g\u00e9nero en el Congreso de los Diputados El pr\u00f3ximo 14 de noviembre, expertas y representantes pol\u00edticos europeos analizar\u00e1n los resultados de este proyecto de Horizonte Europa coordinado por la Universidad Pablo de Olavide<\/a><\/strong><\/p>\n\n\n\n<p class=\"has-text-align-center\">El proyecto europeo UNTWIST, coordinado por la Universidad Pablo de Olavide, celebrar\u00e1 el pr\u00f3ximo <strong>14 de noviembre<\/strong> en el Congreso de los Diputados la jornada <em>\u201cFortalecer la democracia desde la igualdad de g\u00e9nero\u201d<\/em>. El encuentro reunir\u00e1 a representantes pol\u00edticos, personal acad\u00e9mico y sociedad civil para debatir sobre la influencia del g\u00e9nero en la representaci\u00f3n pol\u00edtica y en la calidad democr\u00e1tica en Europa, as\u00ed como para presentar resultados de estudios comparativos desarrollados en varios pa\u00edses europeos.<\/p>\n\n\n\n<p class=\"has-text-align-right\"><em>Sevilla Informa, 5 noviembre 2025<\/em><\/p>\n\n\n\n<p class=\"has-text-align-center has-background-color has-secondary-background-color has-text-color has-background has-link-color wp-elements-d46331915dd20a861b8322e8d003e2d8\"><strong><a href=\"https:\/\/theconversation.com\/hombres-y-mujeres-que-votan-a-la-derecha-radical-populista-les-mueven-las-mismas-preocupaciones-266935\">Hombres y mujeres que votan a la derecha radical populista: \u00bfles mueven las mismas preocupaciones?<\/a><\/strong><\/p>\n\n\n\n<p class=\"has-text-align-center\">A partir de los resultados del proyecto UNTWIST, este art\u00edculo analiza<strong> por qu\u00e9 parte del electorado ha dejado de sentirse representado por los partidos tradicionales<\/strong> y ha optado por formaciones de derecha radial populista. Basado en <strong>18 grupos de discusi\u00f3n realizados en seis pa\u00edses europeos,<\/strong> el estudio muestra que estos votantes no rechazan la igualdad ni los valores democr\u00e1ticos, sino que expresan <strong>una profunda desafecci\u00f3n hacia un sistema pol\u00edtico que perciben como ajeno a sus preocupaciones cotidianas<\/strong>.<\/p>\n\n\n\n<p class=\"has-text-align-center\">Los resultados revelan <strong>diferencias de g\u00e9nero en la forma de expresar el malestar pol\u00edtico:<\/strong> mientras que los hombres tienden a utilizar un lenguaje m\u00e1s abstracto y pol\u00edtico, las mujeres articulan sus preocupaciones desde la experiencia cotidiana, especialmente en relaci\u00f3n con la conciliaci\u00f3n, el cuidado y la precariedad laboral. El an\u00e1lisis subraya que la <strong>preocupaciones econ\u00f3micas y la crisis de representaci\u00f3n<\/strong> est\u00e1n en la base de estos comportamientos electorales y plantea la necesidad de <strong>pol\u00edticas sensibles al g\u00e9nero<\/strong> que refuercen la cohesi\u00f3n social y la calidad democr\u00e1tica.<\/p>\n\n\n\n<p class=\"has-text-align-right\"><em>The Conversation, 21 Marzo 2025<\/em><\/p>\n\n\n\n<p class=\"has-text-align-center has-background-color has-secondary-background-color has-text-color has-background has-link-color wp-elements-a0e067fac7ff29bbc63a237f9c981015\"><strong><a href=\"https:\/\/www.publico.es\/politica\/antifeminismo-emerge-factor-movilizador-voto-extrema-derecha.html\">El antifeminismo emerge como factor movilizador del voto de extrema derecha<\/a><\/strong><\/p>\n\n\n\n<p class=\"has-text-align-center\">Este art\u00edculo analiza c\u00f3mo el <strong>antifeminismo se ha convertido en un elemento clave de movilizaci\u00f3n electoral para la extrema derecha,<\/strong> a partir de resultados del proyecto europeo UNTWIST. Basado en evidencia emp\u00edrica, el an\u00e1lisis muestra que los discursos contrarios a la igualdad de g\u00e9nero conectan con sentimientos de agravio, desafecci\u00f3n pol\u00edtica y malestar social, especialmente entre determinados sectores del electorado masculino. El estudio subraya que estas narrativas no solo canalizan frustraciones econ\u00f3micas y sociales, sino que tambi\u00e9n cuestionan avances en derechos de las mujeres, lo que supone un reto relevante para la calidad democr\u00e1tica en Europa.<\/p>\n\n\n\n<p class=\"has-text-align-right\"><em>P\u00fablico, 18 Agosto 2024<\/em><\/p>\n\n\n\n<p class=\"has-text-align-center has-background-color has-secondary-background-color has-text-color has-background has-link-color wp-elements-4c2fa00c170cb9db789d67e52224b934\"><strong><a href=\"https:\/\/www.upo.es\/diario\/ciencia\/2023\/04\/el-rector-de-la-upo-participa-en-la-primera-reunion-del-proyecto-europeo-untwist\/\">El rector de la UPO participa en la primera reuni\u00f3n del proyecto europeo \u2018UNTWIST\u2019<\/a><\/strong><\/p>\n\n\n\n<p class=\"has-text-align-center\">El rector de la Universidad Pablo de Olavide, Francisco Oliva Bl\u00e1zquez, particip\u00f3 en la primera reuni\u00f3n del proyecto europeo <strong>UNTWIST<\/strong>, celebrada en Antequera (M\u00e1laga). Financiado por la Comisi\u00f3n Europea en el marco de <strong>Horizonte Europa<\/strong> y liderado por la profesora <strong>Antonia Mar\u00eda Ruiz Jim\u00e9nez<\/strong>, el proyecto analiza c\u00f3mo los partidos pol\u00edticos responden a las necesidades, demandas y miedos de g\u00e9nero de la ciudadan\u00eda en Europa. UNTWIST se desarrolla a trav\u00e9s de un consorcio internacional de instituciones de seis pa\u00edses y aplica m\u00e9todos de investigaci\u00f3n mixtos para estudiar la relaci\u00f3n entre g\u00e9nero, comportamiento electoral y representaci\u00f3n pol\u00edtica, especialmente en el contexto del auge de la derecha radical populista.<\/p>\n\n\n\n<p class=\"has-text-align-right\"><em>Universidad Pablo de Olavide, 27 abril 2023 <\/em><\/p>\n\n\n\n<p class=\"has-text-align-center has-background-color has-secondary-background-color has-text-color has-background has-link-color wp-elements-a0f0e5fd10f02239228777b3a112cc8f\"><a href=\"https:\/\/www.teleprensa.com\/articulo\/sevilla\/upo-lidera-proyecto-mejorar-respuesta-partidos-demandas-genero-ciudadania\/202303301303291439779.html\"><strong>La UPO lidera un proyecto para mejorar la respuesta de los partidos a las demandas de g\u00e9nero de la ciudadan\u00eda<\/strong><\/a><\/p>\n\n\n\n<p class=\"has-text-align-center\">Esta noticia informa de que la Universidad Pablo de Olavide coordina el proyecto europeo <strong>UNTWIST<\/strong>, financiado por la Comisi\u00f3n Europea en el marco de <strong>Horizonte Europa<\/strong>. Liderado por Antonia Mar\u00eda Ruiz Jim\u00e9nez, el proyecto analiza c\u00f3mo los partidos pol\u00edticos responden a las necesidades, demandas y miedos de g\u00e9nero de la ciudadan\u00eda en Europa, a trav\u00e9s de un consorcio de instituciones de seis pa\u00edses y mediante el uso de m\u00e9todos de investigaci\u00f3n mixtos para desarrollar recomendaciones pol\u00edticas basadas en evidencia cient\u00edfica.<\/p>\n\n\n\n<p class=\"has-text-align-right\"><em>Teleprensa, 30 marzo 2023<\/em><\/p>\n\n\n\n<p class=\"has-text-align-center has-background-color has-secondary-background-color has-text-color has-background has-link-color wp-elements-fd9f3e21d80e7e5b5a7921694816f8cc\"><strong><a href=\"https:\/\/www.upo.es\/diario\/ciencia\/2023\/03\/proyecto-untwist\/\">La UPO lidera un proyecto para mejorar la respuesta de los partidos a las demandas de g\u00e9nero de la ciudadan\u00eda<\/a><\/strong><\/p>\n\n\n\n<p class=\"has-text-align-center\">La Universidad Pablo de Olavide coordina el proyecto europeo <strong>UNTWIST<\/strong>, financiado por la Comisi\u00f3n Europea en el marco de <strong>Horizonte Europa<\/strong>, cuyo objetivo es analizar c\u00f3mo los partidos pol\u00edticos responden a las necesidades, demandas y miedos de g\u00e9nero de la ciudadan\u00eda en Europa. El proyecto, liderado por <strong>Antonia Mar\u00eda Ru\u00edz Jim\u00e9nez<\/strong>, trabaja con un consorcio internacional y combina m\u00e9todos cualitativos y cuantitativos para generar <strong>recomendaciones pol\u00edticas basadas en evidencia<\/strong> y mejorar la representaci\u00f3n democr\u00e1tica.<\/p>\n\n\n\n<p class=\"has-text-align-right\"><em>Universidad Pablo de Olavide, 30 marzo 2023<\/em><\/p>\n\n\n\n<p><\/p>\n","protected":false},"excerpt":{"rendered":"<p>Media Notices \u2018UNTWIST\u2019 presenta en el Parlamento Europeo su Manual de Recomendaciones de Pol\u00edtica El proyecto de Horizonte Europa UNTWIST, coordinado por la Universidad Pablo de Olavide, presentar\u00e1 el pr\u00f3ximo 18 de marzo en el Parlamento Europeo el UNTWIST Policy Recommendation Handbook, un manual que ofrece recomendaciones pol\u00edticas basadas en evidencia para abordar las desigualdades [&hellip;]<\/p>\n","protected":false},"author":2,"featured_media":0,"parent":0,"menu_order":0,"comment_status":"closed","ping_status":"closed","template":"page-template-notitle","meta":{"inline_featured_image":false,"footnotes":""},"class_list":["post-2461","page","type-page","status-publish","hentry"],"nelio_popups_active_popup":"","yoast_head":"<!-- This site is optimized with the Yoast SEO plugin v26.3 - https:\/\/yoast.com\/wordpress\/plugins\/seo\/ -->\n<title>media-es - UNTWIST<\/title>\n<meta name=\"robots\" content=\"index, follow, max-snippet:-1, max-image-preview:large, max-video-preview:-1\" \/>\n<link rel=\"canonical\" href=\"https:\/\/www.upo.es\/investiga\/UNTWIST\/media-es\/\" \/>\n<meta property=\"og:locale\" content=\"en_US\" \/>\n<meta property=\"og:type\" content=\"article\" \/>\n<meta property=\"og:title\" content=\"media-es - UNTWIST\" \/>\n<meta property=\"og:description\" content=\"Media Notices \u2018UNTWIST\u2019 presenta en el Parlamento Europeo su Manual de Recomendaciones de Pol\u00edtica El proyecto de Horizonte Europa UNTWIST, coordinado por la Universidad Pablo de Olavide, presentar\u00e1 el pr\u00f3ximo 18 de marzo en el Parlamento Europeo el UNTWIST Policy Recommendation Handbook, un manual que ofrece recomendaciones pol\u00edticas basadas en evidencia para abordar las desigualdades [&hellip;]\" \/>\n<meta property=\"og:url\" content=\"https:\/\/www.upo.es\/investiga\/UNTWIST\/media-es\/\" \/>\n<meta property=\"og:site_name\" content=\"UNTWIST\" \/>\n<meta property=\"article:modified_time\" content=\"2026-04-01T10:12:31+00:00\" \/>\n<meta property=\"og:image\" content=\"https:\/\/www.upo.es\/investiga\/UNTWIST\/wp-content\/uploads\/2023\/12\/Untwist-logo.jpg\" \/>\n\t<meta property=\"og:image:width\" content=\"2480\" \/>\n\t<meta property=\"og:image:height\" content=\"1808\" \/>\n\t<meta property=\"og:image:type\" content=\"image\/jpeg\" \/>\n<meta name=\"twitter:card\" content=\"summary\" \/>\n<meta name=\"twitter:site\" content=\"@UNTWISTproject\" \/>\n<meta name=\"twitter:label1\" content=\"Est. reading time\" \/>\n\t<meta name=\"twitter:data1\" content=\"6 minutes\" \/>\n<script type=\"application\/ld+json\" class=\"yoast-schema-graph\">{\"@context\":\"https:\/\/schema.org\",\"@graph\":[{\"@type\":\"WebPage\",\"@id\":\"https:\/\/www.upo.es\/investiga\/UNTWIST\/media-es\/\",\"url\":\"https:\/\/www.upo.es\/investiga\/UNTWIST\/media-es\/\",\"name\":\"media-es - UNTWIST\",\"isPartOf\":{\"@id\":\"https:\/\/www.upo.es\/investiga\/UNTWIST\/#website\"},\"datePublished\":\"2025-12-11T11:23:02+00:00\",\"dateModified\":\"2026-04-01T10:12:31+00:00\",\"breadcrumb\":{\"@id\":\"https:\/\/www.upo.es\/investiga\/UNTWIST\/media-es\/#breadcrumb\"},\"inLanguage\":\"en-US\",\"potentialAction\":[{\"@type\":\"ReadAction\",\"target\":[\"https:\/\/www.upo.es\/investiga\/UNTWIST\/media-es\/\"]}]},{\"@type\":\"BreadcrumbList\",\"@id\":\"https:\/\/www.upo.es\/investiga\/UNTWIST\/media-es\/#breadcrumb\",\"itemListElement\":[{\"@type\":\"ListItem\",\"position\":1,\"name\":\"Portada\",\"item\":\"https:\/\/www.upo.es\/investiga\/UNTWIST\/\"},{\"@type\":\"ListItem\",\"position\":2,\"name\":\"media-es\"}]},{\"@type\":\"WebSite\",\"@id\":\"https:\/\/www.upo.es\/investiga\/UNTWIST\/#website\",\"url\":\"https:\/\/www.upo.es\/investiga\/UNTWIST\/\",\"name\":\"UNTWIST\",\"description\":\"\",\"publisher\":{\"@id\":\"https:\/\/www.upo.es\/investiga\/UNTWIST\/#organization\"},\"potentialAction\":[{\"@type\":\"SearchAction\",\"target\":{\"@type\":\"EntryPoint\",\"urlTemplate\":\"https:\/\/www.upo.es\/investiga\/UNTWIST\/?s={search_term_string}\"},\"query-input\":{\"@type\":\"PropertyValueSpecification\",\"valueRequired\":true,\"valueName\":\"search_term_string\"}}],\"inLanguage\":\"en-US\"},{\"@type\":\"Organization\",\"@id\":\"https:\/\/www.upo.es\/investiga\/UNTWIST\/#organization\",\"name\":\"UNTWIST\",\"alternateName\":\"UNTWIST\",\"url\":\"https:\/\/www.upo.es\/investiga\/UNTWIST\/\",\"logo\":{\"@type\":\"ImageObject\",\"inLanguage\":\"en-US\",\"@id\":\"https:\/\/www.upo.es\/investiga\/UNTWIST\/#\/schema\/logo\/image\/\",\"url\":\"https:\/\/www.upo.es\/investiga\/UNTWIST\/wp-content\/uploads\/2023\/04\/untwitst-logo-large.png\",\"contentUrl\":\"https:\/\/www.upo.es\/investiga\/UNTWIST\/wp-content\/uploads\/2023\/04\/untwitst-logo-large.png\",\"width\":1000,\"height\":986,\"caption\":\"UNTWIST\"},\"image\":{\"@id\":\"https:\/\/www.upo.es\/investiga\/UNTWIST\/#\/schema\/logo\/image\/\"},\"sameAs\":[\"https:\/\/x.com\/UNTWISTproject\",\"https:\/\/www.youtube.com\/@UNTWIST_Project\"]}]}<\/script>\n<!-- \/ Yoast SEO plugin. -->","yoast_head_json":{"title":"media-es - UNTWIST","robots":{"index":"index","follow":"follow","max-snippet":"max-snippet:-1","max-image-preview":"max-image-preview:large","max-video-preview":"max-video-preview:-1"},"canonical":"https:\/\/www.upo.es\/investiga\/UNTWIST\/media-es\/","og_locale":"en_US","og_type":"article","og_title":"media-es - UNTWIST","og_description":"Media Notices \u2018UNTWIST\u2019 presenta en el Parlamento Europeo su Manual de Recomendaciones de Pol\u00edtica El proyecto de Horizonte Europa UNTWIST, coordinado por la Universidad Pablo de Olavide, presentar\u00e1 el pr\u00f3ximo 18 de marzo en el Parlamento Europeo el UNTWIST Policy Recommendation Handbook, un manual que ofrece recomendaciones pol\u00edticas basadas en evidencia para abordar las desigualdades [&hellip;]","og_url":"https:\/\/www.upo.es\/investiga\/UNTWIST\/media-es\/","og_site_name":"UNTWIST","article_modified_time":"2026-04-01T10:12:31+00:00","og_image":[{"width":2480,"height":1808,"url":"https:\/\/www.upo.es\/investiga\/UNTWIST\/wp-content\/uploads\/2023\/12\/Untwist-logo.jpg","type":"image\/jpeg"}],"twitter_card":"summary","twitter_site":"@UNTWISTproject","twitter_misc":{"Est. reading time":"6 minutes"},"schema":{"@context":"https:\/\/schema.org","@graph":[{"@type":"WebPage","@id":"https:\/\/www.upo.es\/investiga\/UNTWIST\/media-es\/","url":"https:\/\/www.upo.es\/investiga\/UNTWIST\/media-es\/","name":"media-es - UNTWIST","isPartOf":{"@id":"https:\/\/www.upo.es\/investiga\/UNTWIST\/#website"},"datePublished":"2025-12-11T11:23:02+00:00","dateModified":"2026-04-01T10:12:31+00:00","breadcrumb":{"@id":"https:\/\/www.upo.es\/investiga\/UNTWIST\/media-es\/#breadcrumb"},"inLanguage":"en-US","potentialAction":[{"@type":"ReadAction","target":["https:\/\/www.upo.es\/investiga\/UNTWIST\/media-es\/"]}]},{"@type":"BreadcrumbList","@id":"https:\/\/www.upo.es\/investiga\/UNTWIST\/media-es\/#breadcrumb","itemListElement":[{"@type":"ListItem","position":1,"name":"Portada","item":"https:\/\/www.upo.es\/investiga\/UNTWIST\/"},{"@type":"ListItem","position":2,"name":"media-es"}]},{"@type":"WebSite","@id":"https:\/\/www.upo.es\/investiga\/UNTWIST\/#website","url":"https:\/\/www.upo.es\/investiga\/UNTWIST\/","name":"UNTWIST","description":"","publisher":{"@id":"https:\/\/www.upo.es\/investiga\/UNTWIST\/#organization"},"potentialAction":[{"@type":"SearchAction","target":{"@type":"EntryPoint","urlTemplate":"https:\/\/www.upo.es\/investiga\/UNTWIST\/?s={search_term_string}"},"query-input":{"@type":"PropertyValueSpecification","valueRequired":true,"valueName":"search_term_string"}}],"inLanguage":"en-US"},{"@type":"Organization","@id":"https:\/\/www.upo.es\/investiga\/UNTWIST\/#organization","name":"UNTWIST","alternateName":"UNTWIST","url":"https:\/\/www.upo.es\/investiga\/UNTWIST\/","logo":{"@type":"ImageObject","inLanguage":"en-US","@id":"https:\/\/www.upo.es\/investiga\/UNTWIST\/#\/schema\/logo\/image\/","url":"https:\/\/www.upo.es\/investiga\/UNTWIST\/wp-content\/uploads\/2023\/04\/untwitst-logo-large.png","contentUrl":"https:\/\/www.upo.es\/investiga\/UNTWIST\/wp-content\/uploads\/2023\/04\/untwitst-logo-large.png","width":1000,"height":986,"caption":"UNTWIST"},"image":{"@id":"https:\/\/www.upo.es\/investiga\/UNTWIST\/#\/schema\/logo\/image\/"},"sameAs":["https:\/\/x.com\/UNTWISTproject","https:\/\/www.youtube.com\/@UNTWIST_Project"]}]}},"_links":{"self":[{"href":"https:\/\/www.upo.es\/investiga\/UNTWIST\/wp-json\/wp\/v2\/pages\/2461","targetHints":{"allow":["GET"]}}],"collection":[{"href":"https:\/\/www.upo.es\/investiga\/UNTWIST\/wp-json\/wp\/v2\/pages"}],"about":[{"href":"https:\/\/www.upo.es\/investiga\/UNTWIST\/wp-json\/wp\/v2\/types\/page"}],"author":[{"embeddable":true,"href":"https:\/\/www.upo.es\/investiga\/UNTWIST\/wp-json\/wp\/v2\/users\/2"}],"replies":[{"embeddable":true,"href":"https:\/\/www.upo.es\/investiga\/UNTWIST\/wp-json\/wp\/v2\/comments?post=2461"}],"version-history":[{"count":15,"href":"https:\/\/www.upo.es\/investiga\/UNTWIST\/wp-json\/wp\/v2\/pages\/2461\/revisions"}],"predecessor-version":[{"id":2629,"href":"https:\/\/www.upo.es\/investiga\/UNTWIST\/wp-json\/wp\/v2\/pages\/2461\/revisions\/2629"}],"wp:attachment":[{"href":"https:\/\/www.upo.es\/investiga\/UNTWIST\/wp-json\/wp\/v2\/media?parent=2461"}],"curies":[{"name":"wp","href":"https:\/\/api.w.org\/{rel}","templated":true}]}}