{"id":124,"date":"2026-03-09T08:53:07","date_gmt":"2026-03-09T07:53:07","guid":{"rendered":"https:\/\/www.upo.es\/investiga\/agroreg\/?page_id=124"},"modified":"2026-03-09T08:53:07","modified_gmt":"2026-03-09T07:53:07","slug":"naturales-del-sierro-moron-de-la-frontera","status":"publish","type":"page","link":"https:\/\/www.upo.es\/investiga\/agroreg\/naturales-del-sierro-moron-de-la-frontera\/","title":{"rendered":"NATURALES DEL SIERRO (MOR\u00d3N DE LA FRONTERA)"},"content":{"rendered":"\n<p><strong>Naturales del Sierro<\/strong> es una peque\u00f1a cooperativa familiar situada en la Sierra Sur de Sevilla, concretamente en la zona de Mor\u00f3n de la Frontera. Su proyecto se basa en un modelo de agricultura regenerativa, donde el objetivo no es solo producir alimentos, sino tambi\u00e9n cuidar y restaurar el equilibrio natural del ecosistema.<\/p>\n\n\n\n<p>En esta finca se trabaja la tierra combinando agricultura, ganader\u00eda y gesti\u00f3n forestal de forma integrada. Utilizan t\u00e9cnicas como el <strong>pastoreo rotacional o manejo hol\u00edstico del ganado<\/strong>, que consiste en mover a los animales entre distintas parcelas durante periodos cortos y dejar despu\u00e9s largos tiempos de descanso al terreno. De esta manera se evita el sobrepastoreo y se favorece la recuperaci\u00f3n del suelo.<\/p>\n\n\n\n<p>Este sistema permite mejorar la fertilidad del suelo, aumentar la biodiversidad y favorecer la retenci\u00f3n de agua y carbono en la tierra. Adem\u00e1s, ayuda a reducir la erosi\u00f3n y a mantener un paisaje m\u00e1s equilibrado y productivo a largo plazo.<\/p>\n\n\n\n<p>La finca produce principalmente <strong>aceite de oliva, frutos secos y otros productos agr\u00edcolas<\/strong>, adem\u00e1s de alimentos procedentes de su actividad ganadera, siempre siguiendo pr\u00e1cticas ecol\u00f3gicas y respetuosas con el medio ambiente.<\/p>\n\n\n\n<p>En conjunto, Naturales del Sierro representa una forma de entender la agricultura como una actividad que no solo genera alimentos, sino que tambi\u00e9n contribuye a regenerar el territorio y a mantener la relaci\u00f3n entre las personas y la tierra.<\/p>\n","protected":false},"excerpt":{"rendered":"<p>Naturales del Sierro es una peque\u00f1a cooperativa familiar situada en la Sierra Sur de Sevilla, concretamente en la zona de Mor\u00f3n de la Frontera. Su proyecto se basa en un modelo de agricultura regenerativa, donde el objetivo no es solo producir alimentos, sino tambi\u00e9n cuidar y restaurar el equilibrio natural del ecosistema. En esta finca [&hellip;]<\/p>\n","protected":false},"author":1,"featured_media":21,"parent":0,"menu_order":0,"comment_status":"closed","ping_status":"closed","template":"","meta":{"footnotes":""},"class_list":["post-124","page","type-page","status-publish","has-post-thumbnail","hentry"],"_links":{"self":[{"href":"https:\/\/www.upo.es\/investiga\/agroreg\/wp-json\/wp\/v2\/pages\/124","targetHints":{"allow":["GET"]}}],"collection":[{"href":"https:\/\/www.upo.es\/investiga\/agroreg\/wp-json\/wp\/v2\/pages"}],"about":[{"href":"https:\/\/www.upo.es\/investiga\/agroreg\/wp-json\/wp\/v2\/types\/page"}],"author":[{"embeddable":true,"href":"https:\/\/www.upo.es\/investiga\/agroreg\/wp-json\/wp\/v2\/users\/1"}],"replies":[{"embeddable":true,"href":"https:\/\/www.upo.es\/investiga\/agroreg\/wp-json\/wp\/v2\/comments?post=124"}],"version-history":[{"count":1,"href":"https:\/\/www.upo.es\/investiga\/agroreg\/wp-json\/wp\/v2\/pages\/124\/revisions"}],"predecessor-version":[{"id":125,"href":"https:\/\/www.upo.es\/investiga\/agroreg\/wp-json\/wp\/v2\/pages\/124\/revisions\/125"}],"wp:featuredmedia":[{"embeddable":true,"href":"https:\/\/www.upo.es\/investiga\/agroreg\/wp-json\/wp\/v2\/media\/21"}],"wp:attachment":[{"href":"https:\/\/www.upo.es\/investiga\/agroreg\/wp-json\/wp\/v2\/media?parent=124"}],"curies":[{"name":"wp","href":"https:\/\/api.w.org\/{rel}","templated":true}]}}