{"id":133,"date":"2026-03-09T09:37:11","date_gmt":"2026-03-09T08:37:11","guid":{"rendered":"https:\/\/www.upo.es\/investiga\/agroreg\/?page_id=133"},"modified":"2026-03-09T09:37:11","modified_gmt":"2026-03-09T08:37:11","slug":"valle-del-conde-priego-de-cordoba","status":"publish","type":"page","link":"https:\/\/www.upo.es\/investiga\/agroreg\/valle-del-conde-priego-de-cordoba\/","title":{"rendered":"VALLE DEL CONDE (PRIEGO DE C\u00d3RDOBA)"},"content":{"rendered":"\n<p><strong>Valle del Conde<\/strong> es una finca situada en el municipio de <strong>Luque, en la provincia de C\u00f3rdoba<\/strong>, dentro del <strong>Parque Natural de las Sierras Subb\u00e9ticas<\/strong>. Se trata de una explotaci\u00f3n agr\u00edcola de unas <strong>230 hect\u00e1reas<\/strong>, de las cuales aproximadamente <strong>217 est\u00e1n dedicadas a olivar ecol\u00f3gico de monta\u00f1a<\/strong>, mientras que el resto corresponde a zonas de pasto, vegetaci\u00f3n natural y \u00e1reas de sierra dentro de la propia finca.<\/p>\n\n\n\n<p>El proyecto se basa en el modelo de <strong>agroganader\u00eda regenerativa<\/strong>, cuyo objetivo principal es mejorar la salud del suelo y restaurar el equilibrio del ecosistema agr\u00edcola. En esta finca se considera que el suelo es el elemento m\u00e1s importante del sistema productivo, ya que alberga numerosos microorganismos \u2014como bacterias, hongos o protozoos\u2014 que ayudan a descomponer la materia org\u00e1nica, liberar nutrientes y favorecer el crecimiento de las plantas.<\/p>\n\n\n\n<p>Para favorecer estos procesos naturales, se utilizan pr\u00e1cticas que buscan aumentar la materia org\u00e1nica del suelo y mejorar su estructura. Entre ellas destacan la <strong>cubierta vegetal permanente en forma de praderas biodiversas<\/strong> y el <strong>pastoreo dirigido de ovejas<\/strong>, que permite controlar la vegetaci\u00f3n, aportar fertilidad a trav\u00e9s del esti\u00e9rcol y contribuir a la dispersi\u00f3n de semillas por toda la finca.<\/p>\n\n\n\n<p>El olivar de Valle del Conde es un <strong>olivar tradicional de monta\u00f1a con m\u00e1s de 100 a\u00f1os de antig\u00fcedad<\/strong>, formado principalmente por variedades de olivo como <strong>Picudo y Picual<\/strong>, aunque tambi\u00e9n existen otras variedades minoritarias que aportan diversidad al cultivo. Esta biodiversidad se refleja posteriormente en la calidad y caracter\u00edsticas de los aceites producidos en la finca.<\/p>\n\n\n\n<p>Gracias a este enfoque regenerativo, la finca no solo produce <strong>aceite de oliva virgen extra ecol\u00f3gico<\/strong>, sino que tambi\u00e9n contribuye a mejorar la fertilidad del suelo, aumentar la biodiversidad y reducir el impacto ambiental de la agricultura. Adem\u00e1s, el proyecto participa en actividades formativas, visitas guiadas y colaboraciones con universidades y centros de investigaci\u00f3n.<\/p>\n\n\n\n<p>En conjunto, Valle del Conde representa un ejemplo de c\u00f3mo la agricultura puede desarrollarse de forma <strong>m\u00e1s sostenible y respetuosa con la naturaleza<\/strong>, combinando producci\u00f3n alimentaria con la recuperaci\u00f3n del suelo y del ecosistema agr\u00edcola.<\/p>\n","protected":false},"excerpt":{"rendered":"<p>Valle del Conde es una finca situada en el municipio de Luque, en la provincia de C\u00f3rdoba, dentro del Parque Natural de las Sierras Subb\u00e9ticas. Se trata de una explotaci\u00f3n agr\u00edcola de unas 230 hect\u00e1reas, de las cuales aproximadamente 217 est\u00e1n dedicadas a olivar ecol\u00f3gico de monta\u00f1a, mientras que el resto corresponde a zonas de [&hellip;]<\/p>\n","protected":false},"author":1,"featured_media":19,"parent":0,"menu_order":0,"comment_status":"closed","ping_status":"closed","template":"","meta":{"footnotes":""},"class_list":["post-133","page","type-page","status-publish","has-post-thumbnail","hentry"],"_links":{"self":[{"href":"https:\/\/www.upo.es\/investiga\/agroreg\/wp-json\/wp\/v2\/pages\/133","targetHints":{"allow":["GET"]}}],"collection":[{"href":"https:\/\/www.upo.es\/investiga\/agroreg\/wp-json\/wp\/v2\/pages"}],"about":[{"href":"https:\/\/www.upo.es\/investiga\/agroreg\/wp-json\/wp\/v2\/types\/page"}],"author":[{"embeddable":true,"href":"https:\/\/www.upo.es\/investiga\/agroreg\/wp-json\/wp\/v2\/users\/1"}],"replies":[{"embeddable":true,"href":"https:\/\/www.upo.es\/investiga\/agroreg\/wp-json\/wp\/v2\/comments?post=133"}],"version-history":[{"count":1,"href":"https:\/\/www.upo.es\/investiga\/agroreg\/wp-json\/wp\/v2\/pages\/133\/revisions"}],"predecessor-version":[{"id":134,"href":"https:\/\/www.upo.es\/investiga\/agroreg\/wp-json\/wp\/v2\/pages\/133\/revisions\/134"}],"wp:featuredmedia":[{"embeddable":true,"href":"https:\/\/www.upo.es\/investiga\/agroreg\/wp-json\/wp\/v2\/media\/19"}],"wp:attachment":[{"href":"https:\/\/www.upo.es\/investiga\/agroreg\/wp-json\/wp\/v2\/media?parent=133"}],"curies":[{"name":"wp","href":"https:\/\/api.w.org\/{rel}","templated":true}]}}