{"id":7,"date":"2025-07-09T19:02:02","date_gmt":"2025-07-09T17:02:02","guid":{"rendered":"https:\/\/www.upo.es\/investiga\/agroreg\/?page_id=7"},"modified":"2026-03-09T09:44:28","modified_gmt":"2026-03-09T08:44:28","slug":"investigacion","status":"publish","type":"page","link":"https:\/\/www.upo.es\/investiga\/agroreg\/investigacion\/","title":{"rendered":"Investigaci\u00f3n"},"content":{"rendered":"\n<p class=\"has-background-color has-text-color has-link-color has-small-font-size wp-elements-fd51bc0913702584a0450cc72836a44d\">Nuestro equipo, compuesto por expertos de diferentes \u00e1reas, trabaja para analizar c\u00f3mo las pr\u00e1cticas agr\u00edcolas regenerativas pueden beneficiar la conservaci\u00f3n y mejora de la biodiversidad en dehesas, ecosistemas clave para la sostenibilidad ambiental y econ\u00f3mica de nuestra regi\u00f3n.<\/p>\n\n\n\n<p class=\"has-background-color has-text-color has-link-color has-small-font-size wp-elements-84f6dc0017a180c06739bb3062e0029a\">A trav\u00e9s de este blog, compartiremos nuestros avances cient\u00edficos, resultados pr\u00e1cticos, noticias relevantes y sensibilizaremos sobre la importancia de promover m\u00e9todos agr\u00edcolas m\u00e1s sostenibles para proteger y restaurar nuestros espacios naturales.<\/p>\n\n\n\n<p class=\"has-background-color has-text-color has-link-color has-small-font-size wp-elements-6d879c2b7b5b492dc429229c688a136e\">Acomp\u00e1\u00f1anos en este apasionante proyecto cient\u00edfico enfocado en un futuro m\u00e1s sostenible para el medio ambiente y el se humano<\/p>\n\n\n\n<h2 class=\"wp-block-heading has-text-align-center has-medium-font-size\">Qu\u00e9 hacemos<\/h2>\n\n\n\n<p class=\"has-text-align-left has-small-font-size\">Proyecto de investigaci\u00f3n: \u00abInfluencia de la agricultura regenerativa sobre la biodiversidad y el funcionamiento de espacios adehesados (AGROREG)\u00bb; perteneciente, a la l\u00ednea de investigaci\u00f3n: \u00abEstudio de la biodiversidad en espacios adehesados e influencia de la agricultura regenerativa\u00bb.<\/p>\n\n\n\n<p class=\"has-small-font-size\">1. Estudio de la diversidad ed\u00e1fica y vegetal:<br>a. Toma, catalogaci\u00f3n y procesamiento de muestras de suelos en el campo de Espa\u00f1a<br>b. An\u00e1lisis microbiota (extracci\u00f3n de ADN de suelos, construcci\u00f3n de librer\u00edas metagen\u00f3micas, pretratamiento bioinform\u00e1tico de los resultados). Preparaci\u00f3n de muestras para an\u00e1lisis metab\u00f3lico.<br>c. Medici\u00f3n de variables abi\u00f3ticas.<br>d. An\u00e1lisis de la biodiversidad vegetal (Realizaci\u00f3n de inventarios de campo, conocimiento en identificaci\u00f3n de plantas vasculares)<\/p>\n\n\n\n<p class=\"has-small-font-size\">2. An\u00e1lisis de servicios ecosist\u00e9micos<br>a. Determinaci\u00f3n de la materia org\u00e1nica del suelo, caracter\u00edsticas qu\u00edmicas mediante espectrometr\u00eda, intercambio i\u00f3nico, etc.<br>b. Medida de la recalcitrancia del suelo, disponibilidad de nutrientes, etc.<\/p>\n\n\n\n<h2 class=\"wp-block-heading has-text-align-center has-medium-font-size\">Objetivos generales <\/h2>\n\n\n\n<p class=\"has-small-font-size\">\u2022 Recuperar y mejorar la salud del suelo.<\/p>\n\n\n\n<p class=\"has-small-font-size\">\u2022 Fomentar la biodiversidad y el equilibrio ecol\u00f3gico.<\/p>\n\n\n\n<p class=\"has-small-font-size\">\u2022 Optimizar el uso del agua y el ciclo del carbono.<\/p>\n\n\n\n<p class=\"has-small-font-size\">\u2022 Producir alimentos sostenibles y de calidad.<\/p>\n\n\n\n<p class=\"has-small-font-size\">\u2022 Evaluar cient\u00edficamente el impacto de estas pr\u00e1cticas.<\/p>\n\n\n\n<p class=\"has-small-font-size\">\u2022 Generar datos que gu\u00eden una transici\u00f3n agr\u00edcola m\u00e1s responsable y resiliente.<\/p>\n","protected":false},"excerpt":{"rendered":"<p>Nuestro equipo, compuesto por expertos de diferentes \u00e1reas, trabaja para analizar c\u00f3mo las pr\u00e1cticas agr\u00edcolas regenerativas pueden beneficiar la conservaci\u00f3n y mejora de la biodiversidad en dehesas, ecosistemas clave para la sostenibilidad ambiental y econ\u00f3mica de nuestra regi\u00f3n. A trav\u00e9s de este blog, compartiremos nuestros avances cient\u00edficos, resultados pr\u00e1cticos, noticias relevantes y sensibilizaremos sobre la [&hellip;]<\/p>\n","protected":false},"author":1,"featured_media":62,"parent":0,"menu_order":0,"comment_status":"closed","ping_status":"closed","template":"","meta":{"footnotes":""},"class_list":["post-7","page","type-page","status-publish","has-post-thumbnail","hentry"],"_links":{"self":[{"href":"https:\/\/www.upo.es\/investiga\/agroreg\/wp-json\/wp\/v2\/pages\/7","targetHints":{"allow":["GET"]}}],"collection":[{"href":"https:\/\/www.upo.es\/investiga\/agroreg\/wp-json\/wp\/v2\/pages"}],"about":[{"href":"https:\/\/www.upo.es\/investiga\/agroreg\/wp-json\/wp\/v2\/types\/page"}],"author":[{"embeddable":true,"href":"https:\/\/www.upo.es\/investiga\/agroreg\/wp-json\/wp\/v2\/users\/1"}],"replies":[{"embeddable":true,"href":"https:\/\/www.upo.es\/investiga\/agroreg\/wp-json\/wp\/v2\/comments?post=7"}],"version-history":[{"count":9,"href":"https:\/\/www.upo.es\/investiga\/agroreg\/wp-json\/wp\/v2\/pages\/7\/revisions"}],"predecessor-version":[{"id":140,"href":"https:\/\/www.upo.es\/investiga\/agroreg\/wp-json\/wp\/v2\/pages\/7\/revisions\/140"}],"wp:featuredmedia":[{"embeddable":true,"href":"https:\/\/www.upo.es\/investiga\/agroreg\/wp-json\/wp\/v2\/media\/62"}],"wp:attachment":[{"href":"https:\/\/www.upo.es\/investiga\/agroreg\/wp-json\/wp\/v2\/media?parent=7"}],"curies":[{"name":"wp","href":"https:\/\/api.w.org\/{rel}","templated":true}]}}