{"id":6599,"date":"2024-06-23T20:59:08","date_gmt":"2024-06-23T18:59:08","guid":{"rendered":"https:\/\/www.upo.es\/investiga\/atlanrex\/?page_id=6599"},"modified":"2024-07-20T19:41:17","modified_gmt":"2024-07-20T17:41:17","slug":"presentacion-y-objetivos","status":"publish","type":"page","link":"https:\/\/www.upo.es\/investiga\/atlanrex\/presentacion-y-objetivos\/","title":{"rendered":"PRESENTACI\u00d3N Y OBJETIVOS"},"content":{"rendered":"\t\t<div data-elementor-type=\"wp-page\" data-elementor-id=\"6599\" class=\"elementor elementor-6599\">\n\t\t\t\t\t\t<section class=\"elementor-section elementor-top-section elementor-element elementor-element-9daf751 elementor-section-boxed elementor-section-height-default elementor-section-height-default\" data-id=\"9daf751\" data-element_type=\"section\" data-e-type=\"section\">\n\t\t\t\t\t\t<div class=\"elementor-container elementor-column-gap-default\">\n\t\t\t\t\t<div class=\"elementor-column elementor-col-100 elementor-top-column elementor-element elementor-element-6ad44ca\" data-id=\"6ad44ca\" data-element_type=\"column\" data-e-type=\"column\">\n\t\t\t<div class=\"elementor-widget-wrap elementor-element-populated\">\n\t\t\t\t\t\t<div class=\"elementor-element elementor-element-e443391 elementor-widget elementor-widget-heading\" data-id=\"e443391\" data-element_type=\"widget\" data-e-type=\"widget\" data-widget_type=\"heading.default\">\n\t\t\t\t<div class=\"elementor-widget-container\">\n\t\t\t\t\t<h2 class=\"elementor-heading-title elementor-size-default\">PRESENTACI\u00d3N Y OBJETIVOS<\/h2>\t\t\t\t<\/div>\n\t\t\t\t<\/div>\n\t\t\t\t\t<\/div>\n\t\t<\/div>\n\t\t\t\t\t<\/div>\n\t\t<\/section>\n\t\t\t\t<section class=\"elementor-section elementor-top-section elementor-element elementor-element-2d39fd6 elementor-section-boxed elementor-section-height-default elementor-section-height-default\" data-id=\"2d39fd6\" data-element_type=\"section\" data-e-type=\"section\">\n\t\t\t\t\t\t<div class=\"elementor-container elementor-column-gap-default\">\n\t\t\t\t\t<div class=\"elementor-column elementor-col-66 elementor-top-column elementor-element elementor-element-1787de5\" data-id=\"1787de5\" data-element_type=\"column\" data-e-type=\"column\">\n\t\t\t<div class=\"elementor-widget-wrap elementor-element-populated\">\n\t\t\t\t\t\t<div class=\"elementor-element elementor-element-ee6d68d elementor-widget elementor-widget-text-editor\" data-id=\"ee6d68d\" data-element_type=\"widget\" data-e-type=\"widget\" data-widget_type=\"text-editor.default\">\n\t\t\t\t<div class=\"elementor-widget-container\">\n\t\t\t\t\t\t\t\t\t<p>ATLANREX. Una monarqu\u00eda polic\u00e9ntrica de rep\u00fablicas urbanas ante la rivalidad europea en el Atl\u00e1ntico ib\u00e9rico (1640-1713) (PID2022-14501NB-I00) responde a la estrecha colaboraci\u00f3n mantenida entre los dos IP y los equipos que han liderado anteriormente. Este bagaje permite acercarse al estudio de la Monarqu\u00eda de Espa\u00f1a en una etapa compleja (1640-1714) y parte de la definici\u00f3n de la monarqu\u00eda como una estructura imperial polic\u00e9ntrica de rep\u00fablicas urbanas, lo cual entra\u00f1\u00f3 serios problemas con otros modelos de soberan\u00eda. Estas disputas comenzaron a afectar seriamente a Am\u00e9rica, a partir del expansionismo de Francia, Inglaterra y las Provincias Unidas. Creados sobre un sustrato plurinacional, los grandes entramados europeos del per\u00edodo ten\u00edan conexiones transcontinentales nuclearizadas en torno a ciudades portuarias fuertes y estrat\u00e9gicas para el desarrollo y favorecimiento de sus intereses. La conservaci\u00f3n territorial frente a la ambici\u00f3n colonial europea articul\u00f3 todas las pr\u00e1cticas (y la teorizaci\u00f3n) de la pol\u00edtica indiana durante los reinados de Felipe IV, Carlos II y Felipe V. En este per\u00edodo de recesi\u00f3n militar o pol\u00edtica en Europa y el norte de \u00c1frica, las florecientes Indias actuaban de contrapeso y, por ello, reclamaban la atenci\u00f3n regia. La protecci\u00f3n de sus intereses se demostrar\u00eda como una prioridad a finales del siglo XVII. Por ello, es preciso observar\u00a0c\u00f3mo, en el marco de esta segunda globalizaci\u00f3n, la Monarqu\u00eda no solo se inspir\u00f3 en dichos modelos continentales, sino que tambi\u00e9n introdujo novedades en la gesti\u00f3n y relaci\u00f3n con aquellos dominios. Con la crisis sucesoria en su punto \u00e1lgido, la corona advirti\u00f3 c\u00f3mo su continuidad y su patrimonio pasaba por la defensa ultramarina, sirvi\u00e9ndose de todos sus recursos materiales, diplom\u00e1ticos y militares que, lejos de ser exiguos por las condiciones coyunturales, demostraron la resiliencia del cuerpo pol\u00edtico y la fortaleza institucional de la Monarqu\u00eda.<\/p>\t\t\t\t\t\t\t\t<\/div>\n\t\t\t\t<\/div>\n\t\t\t\t\t<\/div>\n\t\t<\/div>\n\t\t\t\t<div class=\"elementor-column elementor-col-33 elementor-top-column elementor-element elementor-element-e942655\" data-id=\"e942655\" data-element_type=\"column\" data-e-type=\"column\" data-settings=\"{&quot;background_background&quot;:&quot;gradient&quot;}\">\n\t\t\t<div class=\"elementor-widget-wrap elementor-element-populated\">\n\t\t\t\t\t\t<div class=\"elementor-element elementor-element-6345928 elementor-widget__width-initial elementor-widget elementor-widget-image\" data-id=\"6345928\" data-element_type=\"widget\" data-e-type=\"widget\" data-widget_type=\"image.default\">\n\t\t\t\t<div class=\"elementor-widget-container\">\n\t\t\t\t\t\t\t\t\t\t\t\t\t\t\t<img decoding=\"async\" src=\"https:\/\/www.upo.es\/investiga\/atlanrex\/wp-content\/uploads\/2024\/06\/24006.jpg\" title=\"24006\" alt=\"24006\" loading=\"lazy\" \/>\t\t\t\t\t\t\t\t\t\t\t\t\t\t\t<\/div>\n\t\t\t\t<\/div>\n\t\t\t\t\t<\/div>\n\t\t<\/div>\n\t\t\t\t\t<\/div>\n\t\t<\/section>\n\t\t\t\t<section class=\"elementor-section elementor-top-section elementor-element elementor-element-5dc25ad elementor-section-boxed elementor-section-height-default elementor-section-height-default\" data-id=\"5dc25ad\" data-element_type=\"section\" data-e-type=\"section\">\n\t\t\t\t\t\t<div class=\"elementor-container elementor-column-gap-default\">\n\t\t\t\t\t<div class=\"elementor-column elementor-col-66 elementor-top-column elementor-element elementor-element-78ee129\" data-id=\"78ee129\" data-element_type=\"column\" data-e-type=\"column\" data-settings=\"{&quot;background_background&quot;:&quot;gradient&quot;}\">\n\t\t\t<div class=\"elementor-widget-wrap elementor-element-populated\">\n\t\t\t\t\t\t<div class=\"elementor-element elementor-element-f2fae2d elementor-widget__width-initial elementor-widget elementor-widget-image\" data-id=\"f2fae2d\" data-element_type=\"widget\" data-e-type=\"widget\" data-widget_type=\"image.default\">\n\t\t\t\t<div class=\"elementor-widget-container\">\n\t\t\t\t\t\t\t\t\t\t\t\t\t\t\t<img fetchpriority=\"high\" decoding=\"async\" width=\"750\" height=\"416\" src=\"https:\/\/www.upo.es\/investiga\/atlanrex\/wp-content\/uploads\/2024\/06\/30325-1024x568.jpg\" class=\"attachment-large size-large wp-image-6698\" alt=\"\" srcset=\"https:\/\/www.upo.es\/investiga\/atlanrex\/wp-content\/uploads\/2024\/06\/30325-1024x568.jpg 1024w, https:\/\/www.upo.es\/investiga\/atlanrex\/wp-content\/uploads\/2024\/06\/30325-300x166.jpg 300w, https:\/\/www.upo.es\/investiga\/atlanrex\/wp-content\/uploads\/2024\/06\/30325-768x426.jpg 768w, https:\/\/www.upo.es\/investiga\/atlanrex\/wp-content\/uploads\/2024\/06\/30325-600x333.jpg 600w, https:\/\/www.upo.es\/investiga\/atlanrex\/wp-content\/uploads\/2024\/06\/30325-1536x852.jpg 1536w, https:\/\/www.upo.es\/investiga\/atlanrex\/wp-content\/uploads\/2024\/06\/30325-2048x1136.jpg 2048w\" sizes=\"(max-width: 750px) 100vw, 750px\" \/>\t\t\t\t\t\t\t\t\t\t\t\t\t\t\t<\/div>\n\t\t\t\t<\/div>\n\t\t\t\t\t<\/div>\n\t\t<\/div>\n\t\t\t\t<div class=\"elementor-column elementor-col-33 elementor-top-column elementor-element elementor-element-e877718\" data-id=\"e877718\" data-element_type=\"column\" data-e-type=\"column\">\n\t\t\t<div class=\"elementor-widget-wrap elementor-element-populated\">\n\t\t\t\t\t\t<div class=\"elementor-element elementor-element-18f9cf3 elementor-widget elementor-widget-text-editor\" data-id=\"18f9cf3\" data-element_type=\"widget\" data-e-type=\"widget\" data-widget_type=\"text-editor.default\">\n\t\t\t\t<div class=\"elementor-widget-container\">\n\t\t\t\t\t\t\t\t\t<p style=\"text-align: justified;\">Con una mirada descentrada y haciendo un replanteamiento de lo que tradicionalmente se ha considerado mercantilismo, este proyecto profundizar\u00e1 en el protagonismo que tuvo el \u00e1mbito local, el respeto a su autonom\u00eda, la activa participaci\u00f3n de la esfera local en la gesti\u00f3n de una estructura pol\u00edtica de implantaci\u00f3n global y la indudable capacidad para atraer hacia el sistema a los entramados transnacionales m\u00e1s din\u00e1micos y cosmopolitas como acredita, por ejemplo, el nuevo modelo de asiento de esclavos africanos para la Am\u00e9rica hispana. Solo as\u00ed se podr\u00e1 comprender c\u00f3mo, lejos de una posici\u00f3n meramente pasiva, la Monarqu\u00eda, adem\u00e1s de consolidar su posici\u00f3n en los reinos de Indias e, incluso, ampliar sus fronteras, fue capaz de frenar la mayor parte de los intentos de expansi\u00f3n territorial del resto de las potencias europeas y, a su vez, asegurar la fidelidad de las comunidades locales, fundamento de las pol\u00edticas borb\u00f3nicas del siglo XVIII.<\/p>\t\t\t\t\t\t\t\t<\/div>\n\t\t\t\t<\/div>\n\t\t\t\t\t<\/div>\n\t\t<\/div>\n\t\t\t\t\t<\/div>\n\t\t<\/section>\n\t\t\t\t<section class=\"elementor-section elementor-top-section elementor-element elementor-element-d7490ca elementor-section-boxed elementor-section-height-default elementor-section-height-default\" data-id=\"d7490ca\" data-element_type=\"section\" data-e-type=\"section\">\n\t\t\t\t\t\t<div class=\"elementor-container elementor-column-gap-default\">\n\t\t\t\t\t<div class=\"elementor-column elementor-col-100 elementor-top-column elementor-element elementor-element-9ee0cbe\" data-id=\"9ee0cbe\" data-element_type=\"column\" data-e-type=\"column\">\n\t\t\t<div class=\"elementor-widget-wrap elementor-element-populated\">\n\t\t\t\t\t\t<div class=\"elementor-element elementor-element-45be1e8 elementor-widget elementor-widget-accordion\" data-id=\"45be1e8\" data-element_type=\"widget\" data-e-type=\"widget\" data-widget_type=\"accordion.default\">\n\t\t\t\t<div class=\"elementor-widget-container\">\n\t\t\t\t\t\t\t<div class=\"elementor-accordion\">\n\t\t\t\t\t\t\t<div class=\"elementor-accordion-item\">\n\t\t\t\t\t<div id=\"elementor-tab-title-7311\" class=\"elementor-tab-title\" data-tab=\"1\" role=\"button\" aria-controls=\"elementor-tab-content-7311\" aria-expanded=\"false\">\n\t\t\t\t\t\t\t\t\t\t\t\t\t<span class=\"elementor-accordion-icon elementor-accordion-icon-left\" aria-hidden=\"true\">\n\t\t\t\t\t\t\t\t\t\t\t\t\t\t\t<span class=\"elementor-accordion-icon-closed\"><i class=\"fas fa-plus\"><\/i><\/span>\n\t\t\t\t\t\t\t\t<span class=\"elementor-accordion-icon-opened\"><i class=\"fas fa-minus\"><\/i><\/span>\n\t\t\t\t\t\t\t\t\t\t\t\t\t\t<\/span>\n\t\t\t\t\t\t\t\t\t\t\t\t<a class=\"elementor-accordion-title\" tabindex=\"0\">OBJETIVO 1. \u00bfUNA SEGUNDA GLOBALIZACI\u00d3N? LA MONARQU\u00cdA DE ESPA\u00d1A ANTE LA EXPANSI\u00d3N EUROPEA EN EL ATL\u00c1NTICO IB\u00c9RICO (1640-1713)<\/a>\n\t\t\t\t\t<\/div>\n\t\t\t\t\t<div id=\"elementor-tab-content-7311\" class=\"elementor-tab-content elementor-clearfix\" data-tab=\"1\" role=\"region\" aria-labelledby=\"elementor-tab-title-7311\"><ul><li>O<strong>BJETIVO 1.1. LA REFORMA DEL COMERCIO Y EL GOBIERNO DE LAS INDIAS: UN MERCANTILISMO DESCENTRADO<\/strong><ul><li>Vinculado a los resultados de Manuel Herrero S\u00e1nchez y Klemens Kaps<\/li><\/ul><\/li><\/ul><div><\/div><ul><li><strong>OBJETIVO 1.2. EL ESCLAVISMO ATL\u00c1NTICO: AGENCIA TRANSNACIONAL Y RAMIFICACIONES FINANCIERAS-MILITARES DEL ASIENTO DE NEGROS<\/strong><ul><li>Vinculado a los resultados de Manuel Herrero S\u00e1nchez y Jonat\u00e1n Orozco<\/li><\/ul><\/li><\/ul><\/div>\n\t\t\t\t<\/div>\n\t\t\t\t\t\t\t<div class=\"elementor-accordion-item\">\n\t\t\t\t\t<div id=\"elementor-tab-title-7312\" class=\"elementor-tab-title\" data-tab=\"2\" role=\"button\" aria-controls=\"elementor-tab-content-7312\" aria-expanded=\"false\">\n\t\t\t\t\t\t\t\t\t\t\t\t\t<span class=\"elementor-accordion-icon elementor-accordion-icon-left\" aria-hidden=\"true\">\n\t\t\t\t\t\t\t\t\t\t\t\t\t\t\t<span class=\"elementor-accordion-icon-closed\"><i class=\"fas fa-plus\"><\/i><\/span>\n\t\t\t\t\t\t\t\t<span class=\"elementor-accordion-icon-opened\"><i class=\"fas fa-minus\"><\/i><\/span>\n\t\t\t\t\t\t\t\t\t\t\t\t\t\t<\/span>\n\t\t\t\t\t\t\t\t\t\t\t\t<a class=\"elementor-accordion-title\" tabindex=\"0\">OBJETIVO 2. LOS LAZOS DE LA CONSERVACI\u00d3N: REPRESENTACI\u00d3N, MEDIACI\u00d3N Y GESTI\u00d3N DE LO LOCAL<\/a>\n\t\t\t\t\t<\/div>\n\t\t\t\t\t<div id=\"elementor-tab-content-7312\" class=\"elementor-tab-content elementor-clearfix\" data-tab=\"2\" role=\"region\" aria-labelledby=\"elementor-tab-title-7312\"><ul><li><strong>OBJETIVO 2.1. DIPLOMACIA DE AMBOS MUNDOS<\/strong><ul><li>Vinculado a los resultados de Cristina Bravo Lozano, Jo\u00e3o de Figueir\u00f4a-R\u00eago, Christopher Storrs, Charles-\u00c9douard Levillain y Guillaume Hanotin<\/li><\/ul><\/li><\/ul><p><\/p><ul><li><strong>OBJETIVO 2.2. LAS COMUNICACIONES TRANSOCE\u00c1NICAS ENTRE ESPA\u00d1A Y AM\u00c9RICA<\/strong><ul><li>Vinculado a los resultados de Maria Fernanda Bicalho y Mar\u00eda Luz Gonz\u00e1lez<\/li><\/ul><\/li><\/ul><p><\/p><ul><li><strong>OBJETIVO 2.3. COMUNIDADES E INDIVIDUOS: ACTORES Y ACTRICES EN UN FLUJO DE IDA Y VUELTA<\/strong><ul><li>Vinculado a los resultados de Margarita Su\u00e1rez, Gibr\u00e1n Bautista, Margarita Eva Rodr\u00edguez, Carlos Ciriza,\u00a0 Sebasti\u00e1n G\u00f3mez y Esperanza M\u00f3<\/li><\/ul><\/li><\/ul><\/div>\n\t\t\t\t<\/div>\n\t\t\t\t\t\t\t\t<\/div>\n\t\t\t\t\t\t<\/div>\n\t\t\t\t<\/div>\n\t\t\t\t\t<\/div>\n\t\t<\/div>\n\t\t\t\t\t<\/div>\n\t\t<\/section>\n\t\t\t\t<\/div>\n\t\t","protected":false},"excerpt":{"rendered":"<p>PRESENTACI\u00d3N Y OBJETIVOS ATLANREX. Una monarqu\u00eda polic\u00e9ntrica de rep\u00fablicas urbanas ante la rivalidad europea en el Atl\u00e1ntico ib\u00e9rico (1640-1713) (PID2022-14501NB-I00) responde a la estrecha colaboraci\u00f3n mantenida entre los dos IP y los equipos que han liderado anteriormente. Este bagaje permite acercarse al estudio de la Monarqu\u00eda de Espa\u00f1a en una [&hellip;]<\/p>\n","protected":false},"author":1,"featured_media":0,"parent":0,"menu_order":0,"comment_status":"closed","ping_status":"closed","template":"page-templates\/template-pagebuilder-full-width.php","meta":{"_themeisle_gutenberg_block_has_review":false,"footnotes":""},"class_list":["post-6599","page","type-page","status-publish","hentry"],"_links":{"self":[{"href":"https:\/\/www.upo.es\/investiga\/atlanrex\/wp-json\/wp\/v2\/pages\/6599","targetHints":{"allow":["GET"]}}],"collection":[{"href":"https:\/\/www.upo.es\/investiga\/atlanrex\/wp-json\/wp\/v2\/pages"}],"about":[{"href":"https:\/\/www.upo.es\/investiga\/atlanrex\/wp-json\/wp\/v2\/types\/page"}],"author":[{"embeddable":true,"href":"https:\/\/www.upo.es\/investiga\/atlanrex\/wp-json\/wp\/v2\/users\/1"}],"replies":[{"embeddable":true,"href":"https:\/\/www.upo.es\/investiga\/atlanrex\/wp-json\/wp\/v2\/comments?post=6599"}],"version-history":[{"count":46,"href":"https:\/\/www.upo.es\/investiga\/atlanrex\/wp-json\/wp\/v2\/pages\/6599\/revisions"}],"predecessor-version":[{"id":7005,"href":"https:\/\/www.upo.es\/investiga\/atlanrex\/wp-json\/wp\/v2\/pages\/6599\/revisions\/7005"}],"wp:attachment":[{"href":"https:\/\/www.upo.es\/investiga\/atlanrex\/wp-json\/wp\/v2\/media?parent=6599"}],"curies":[{"name":"wp","href":"https:\/\/api.w.org\/{rel}","templated":true}]}}