{"id":6773,"date":"2024-07-06T12:17:06","date_gmt":"2024-07-06T10:17:06","guid":{"rendered":"https:\/\/www.upo.es\/investiga\/atlanrex\/?page_id=6773"},"modified":"2024-07-06T12:24:29","modified_gmt":"2024-07-06T10:24:29","slug":"elementor-6773","status":"publish","type":"page","link":"https:\/\/www.upo.es\/investiga\/atlanrex\/elementor-6773\/","title":{"rendered":"GIBR\u00c1N BAUTISTA Y LUGO"},"content":{"rendered":"\t\t<div data-elementor-type=\"wp-page\" data-elementor-id=\"6773\" class=\"elementor elementor-6773\">\n\t\t\t\t\t\t<section class=\"elementor-section elementor-top-section elementor-element elementor-element-6f2226c elementor-section-boxed elementor-section-height-default elementor-section-height-default\" data-id=\"6f2226c\" data-element_type=\"section\" data-e-type=\"section\">\n\t\t\t\t\t\t<div class=\"elementor-container elementor-column-gap-default\">\n\t\t\t\t\t<div class=\"elementor-column elementor-col-100 elementor-top-column elementor-element elementor-element-d154e7b\" data-id=\"d154e7b\" data-element_type=\"column\" data-e-type=\"column\">\n\t\t\t<div class=\"elementor-widget-wrap elementor-element-populated\">\n\t\t\t\t\t\t<div class=\"elementor-element elementor-element-3065b54 elementor-widget elementor-widget-heading\" data-id=\"3065b54\" data-element_type=\"widget\" data-e-type=\"widget\" data-widget_type=\"heading.default\">\n\t\t\t\t<div class=\"elementor-widget-container\">\n\t\t\t\t\t<h2 class=\"elementor-heading-title elementor-size-default\">GIBR\u00c1N BAUTISTA Y LUGO<\/h2>\t\t\t\t<\/div>\n\t\t\t\t<\/div>\n\t\t\t\t\t<\/div>\n\t\t<\/div>\n\t\t\t\t\t<\/div>\n\t\t<\/section>\n\t\t\t\t<section class=\"elementor-section elementor-top-section elementor-element elementor-element-857a3fe elementor-section-boxed elementor-section-height-default elementor-section-height-default\" data-id=\"857a3fe\" data-element_type=\"section\" data-e-type=\"section\">\n\t\t\t\t\t\t<div class=\"elementor-container elementor-column-gap-default\">\n\t\t\t\t\t<div class=\"elementor-column elementor-col-33 elementor-top-column elementor-element elementor-element-fa9c3e9\" data-id=\"fa9c3e9\" data-element_type=\"column\" data-e-type=\"column\">\n\t\t\t<div class=\"elementor-widget-wrap elementor-element-populated\">\n\t\t\t\t\t\t<div class=\"elementor-element elementor-element-6164efc elementor-widget elementor-widget-image\" data-id=\"6164efc\" data-element_type=\"widget\" data-e-type=\"widget\" data-widget_type=\"image.default\">\n\t\t\t\t<div class=\"elementor-widget-container\">\n\t\t\t\t\t\t\t\t\t\t\t\t\t\t\t<img fetchpriority=\"high\" decoding=\"async\" width=\"300\" height=\"188\" src=\"https:\/\/www.upo.es\/investiga\/atlanrex\/wp-content\/uploads\/2024\/07\/Imagen2-e1720286335394.jpg\" class=\"attachment-2048x2048 size-2048x2048 wp-image-6775\" alt=\"\" \/>\t\t\t\t\t\t\t\t\t\t\t\t\t\t\t<\/div>\n\t\t\t\t<\/div>\n\t\t\t\t\t<\/div>\n\t\t<\/div>\n\t\t\t\t<div class=\"elementor-column elementor-col-66 elementor-top-column elementor-element elementor-element-2f4965e\" data-id=\"2f4965e\" data-element_type=\"column\" data-e-type=\"column\">\n\t\t\t<div class=\"elementor-widget-wrap elementor-element-populated\">\n\t\t\t\t\t\t<div class=\"elementor-element elementor-element-182ad95 elementor-widget elementor-widget-text-editor\" data-id=\"182ad95\" data-element_type=\"widget\" data-e-type=\"widget\" data-widget_type=\"text-editor.default\">\n\t\t\t\t<div class=\"elementor-widget-container\">\n\t\t\t\t\t\t\t\t\t<p>Investigador titular en el Instituto de Investigaciones Hist\u00f3ricas de la UNAM, profesor integrante del padr\u00f3n de tutores del Programa de Maestr\u00eda y Doctorado de la misma instituci\u00f3n y docente en el Colegio de Historia y Licenciatura en Historia SUAyED de la Facultad de Filosof\u00eda y Letras de la UNAM. Es autor de diversas monograf\u00edas, art\u00edculos cient\u00edficos y cap\u00edtulos en libros, revistas y editoriales acad\u00e9micas especializadas. Coordinador y participante en diversos proyectos colectivos en Europa, Am\u00e9rica y Asia. Editor de libros colectivos y colecciones de alta comunicaci\u00f3n p\u00fablica de la Historia. Sus principales l\u00edneas de investigaci\u00f3n son las migraciones transatl\u00e1nticas, las formas de regulaci\u00f3n comercial y las mediaciones pol\u00edticas en las ciudades de los mundos ib\u00e9ricos durante los siglos XVI y XVII. \u00daltimamente desarrolla una nueva l\u00ednea dedicada al estudio de la forma \u00abcrimen organizado\u00bb en la configuraci\u00f3n de din\u00e1micas imperiales.<\/p><p><\/p><p>Es coordinador general del Grupo de Investigaci\u00f3n y Docencia \u00abIntegraci\u00f3n y fragmentaci\u00f3n en los mundos ib\u00e9ricos\u00bb; integrante de la coordinaci\u00f3n general del proyecto HIRECOM (Historia Social de las Regulaciones Comericales), miembro de Red Columnaria y Red Sucesi\u00f3n.<\/p>\t\t\t\t\t\t\t\t<\/div>\n\t\t\t\t<\/div>\n\t\t\t\t\t<\/div>\n\t\t<\/div>\n\t\t\t\t\t<\/div>\n\t\t<\/section>\n\t\t\t\t<section class=\"elementor-section elementor-top-section elementor-element elementor-element-d7a03ef elementor-section-boxed elementor-section-height-default elementor-section-height-default\" data-id=\"d7a03ef\" data-element_type=\"section\" data-e-type=\"section\">\n\t\t\t\t\t\t<div class=\"elementor-container elementor-column-gap-default\">\n\t\t\t\t\t<div class=\"elementor-column elementor-col-25 elementor-top-column elementor-element elementor-element-3fc2b1e\" data-id=\"3fc2b1e\" data-element_type=\"column\" data-e-type=\"column\">\n\t\t\t<div class=\"elementor-widget-wrap elementor-element-populated\">\n\t\t\t\t\t\t<div class=\"elementor-element elementor-element-10995bc elementor-widget elementor-widget-image\" data-id=\"10995bc\" data-element_type=\"widget\" data-e-type=\"widget\" data-widget_type=\"image.default\">\n\t\t\t\t<div class=\"elementor-widget-container\">\n\t\t\t\t\t\t\t\t\t\t\t\t\t\t\t\t<a href=\"https:\/\/scholar.google.com\/citations?user=0w3cOUMAAAAJ&#038;hl=en\">\n\t\t\t\t\t\t\t<img decoding=\"async\" width=\"150\" height=\"150\" src=\"https:\/\/www.upo.es\/investiga\/atlanrex\/wp-content\/uploads\/2024\/07\/768px-Google_Scholar_logo.svg-e1720259854771.png\" class=\"attachment-thumbnail size-thumbnail wp-image-6755\" alt=\"\" \/>\t\t\t\t\t\t\t\t<\/a>\n\t\t\t\t\t\t\t\t\t\t\t\t\t\t\t<\/div>\n\t\t\t\t<\/div>\n\t\t\t\t\t<\/div>\n\t\t<\/div>\n\t\t\t\t<div class=\"elementor-column elementor-col-25 elementor-top-column elementor-element elementor-element-4ea6791\" data-id=\"4ea6791\" data-element_type=\"column\" data-e-type=\"column\">\n\t\t\t<div class=\"elementor-widget-wrap elementor-element-populated\">\n\t\t\t\t\t\t<div class=\"elementor-element elementor-element-b1b627c elementor-widget elementor-widget-image\" data-id=\"b1b627c\" data-element_type=\"widget\" data-e-type=\"widget\" data-widget_type=\"image.default\">\n\t\t\t\t<div class=\"elementor-widget-container\">\n\t\t\t\t\t\t\t\t\t\t\t\t\t\t\t\t<a href=\"https:\/\/independent.academia.edu\/GibranBautistayLugo\">\n\t\t\t\t\t\t\t<img decoding=\"async\" width=\"150\" height=\"150\" src=\"https:\/\/www.upo.es\/investiga\/atlanrex\/wp-content\/uploads\/2024\/07\/unnamed-150x150.png\" class=\"attachment-thumbnail size-thumbnail wp-image-6756\" alt=\"\" srcset=\"https:\/\/www.upo.es\/investiga\/atlanrex\/wp-content\/uploads\/2024\/07\/unnamed-150x150.png 150w, https:\/\/www.upo.es\/investiga\/atlanrex\/wp-content\/uploads\/2024\/07\/unnamed-300x300.png 300w, https:\/\/www.upo.es\/investiga\/atlanrex\/wp-content\/uploads\/2024\/07\/unnamed.png 512w\" sizes=\"(max-width: 150px) 100vw, 150px\" \/>\t\t\t\t\t\t\t\t<\/a>\n\t\t\t\t\t\t\t\t\t\t\t\t\t\t\t<\/div>\n\t\t\t\t<\/div>\n\t\t\t\t\t<\/div>\n\t\t<\/div>\n\t\t\t\t<div class=\"elementor-column elementor-col-25 elementor-top-column elementor-element elementor-element-7865f17\" data-id=\"7865f17\" data-element_type=\"column\" data-e-type=\"column\">\n\t\t\t<div class=\"elementor-widget-wrap elementor-element-populated\">\n\t\t\t\t\t\t<div class=\"elementor-element elementor-element-b808d33 elementor-widget elementor-widget-image\" data-id=\"b808d33\" data-element_type=\"widget\" data-e-type=\"widget\" data-widget_type=\"image.default\">\n\t\t\t\t<div class=\"elementor-widget-container\">\n\t\t\t\t\t\t\t\t\t\t\t\t\t\t\t\t<a href=\"https:\/\/orcid.org\/0000-0002-1938-349X\">\n\t\t\t\t\t\t\t<img loading=\"lazy\" decoding=\"async\" width=\"150\" height=\"150\" src=\"https:\/\/www.upo.es\/investiga\/atlanrex\/wp-content\/uploads\/2024\/07\/orcid-og-image-150x150.png\" class=\"attachment-thumbnail size-thumbnail wp-image-6757\" alt=\"\" \/>\t\t\t\t\t\t\t\t<\/a>\n\t\t\t\t\t\t\t\t\t\t\t\t\t\t\t<\/div>\n\t\t\t\t<\/div>\n\t\t\t\t\t<\/div>\n\t\t<\/div>\n\t\t\t\t<div class=\"elementor-column elementor-col-25 elementor-top-column elementor-element elementor-element-968c9f3\" data-id=\"968c9f3\" data-element_type=\"column\" data-e-type=\"column\">\n\t\t\t<div class=\"elementor-widget-wrap elementor-element-populated\">\n\t\t\t\t\t\t<div class=\"elementor-element elementor-element-bbdf9f0 elementor-widget elementor-widget-image\" data-id=\"bbdf9f0\" data-element_type=\"widget\" data-e-type=\"widget\" data-widget_type=\"image.default\">\n\t\t\t\t<div class=\"elementor-widget-container\">\n\t\t\t\t\t\t\t\t\t\t\t\t\t\t\t\t<a href=\"https:\/\/dialnet.unirioja.es\/servlet\/autor?codigo=4395972\">\n\t\t\t\t\t\t\t<img loading=\"lazy\" decoding=\"async\" width=\"150\" height=\"150\" src=\"https:\/\/www.upo.es\/investiga\/atlanrex\/wp-content\/uploads\/2024\/07\/logodialnet-copia-150x150.png\" class=\"attachment-thumbnail size-thumbnail wp-image-6758\" alt=\"\" \/>\t\t\t\t\t\t\t\t<\/a>\n\t\t\t\t\t\t\t\t\t\t\t\t\t\t\t<\/div>\n\t\t\t\t<\/div>\n\t\t\t\t\t<\/div>\n\t\t<\/div>\n\t\t\t\t\t<\/div>\n\t\t<\/section>\n\t\t\t\t<\/div>\n\t\t","protected":false},"excerpt":{"rendered":"<p>GIBR\u00c1N BAUTISTA Y LUGO Investigador titular en el Instituto de Investigaciones Hist\u00f3ricas de la UNAM, profesor integrante del padr\u00f3n de tutores del Programa de Maestr\u00eda y Doctorado de la misma instituci\u00f3n y docente en el Colegio de Historia y Licenciatura en Historia SUAyED de la Facultad de Filosof\u00eda y Letras [&hellip;]<\/p>\n","protected":false},"author":1,"featured_media":0,"parent":0,"menu_order":0,"comment_status":"closed","ping_status":"closed","template":"page-templates\/template-pagebuilder-full-width.php","meta":{"_themeisle_gutenberg_block_has_review":false,"footnotes":""},"class_list":["post-6773","page","type-page","status-publish","hentry"],"_links":{"self":[{"href":"https:\/\/www.upo.es\/investiga\/atlanrex\/wp-json\/wp\/v2\/pages\/6773","targetHints":{"allow":["GET"]}}],"collection":[{"href":"https:\/\/www.upo.es\/investiga\/atlanrex\/wp-json\/wp\/v2\/pages"}],"about":[{"href":"https:\/\/www.upo.es\/investiga\/atlanrex\/wp-json\/wp\/v2\/types\/page"}],"author":[{"embeddable":true,"href":"https:\/\/www.upo.es\/investiga\/atlanrex\/wp-json\/wp\/v2\/users\/1"}],"replies":[{"embeddable":true,"href":"https:\/\/www.upo.es\/investiga\/atlanrex\/wp-json\/wp\/v2\/comments?post=6773"}],"version-history":[{"count":5,"href":"https:\/\/www.upo.es\/investiga\/atlanrex\/wp-json\/wp\/v2\/pages\/6773\/revisions"}],"predecessor-version":[{"id":6779,"href":"https:\/\/www.upo.es\/investiga\/atlanrex\/wp-json\/wp\/v2\/pages\/6773\/revisions\/6779"}],"wp:attachment":[{"href":"https:\/\/www.upo.es\/investiga\/atlanrex\/wp-json\/wp\/v2\/media?parent=6773"}],"curies":[{"name":"wp","href":"https:\/\/api.w.org\/{rel}","templated":true}]}}