{"id":6811,"date":"2024-07-06T13:23:37","date_gmt":"2024-07-06T11:23:37","guid":{"rendered":"https:\/\/www.upo.es\/investiga\/atlanrex\/?page_id=6811"},"modified":"2024-07-06T13:28:29","modified_gmt":"2024-07-06T11:28:29","slug":"elementor-6811","status":"publish","type":"page","link":"https:\/\/www.upo.es\/investiga\/atlanrex\/elementor-6811\/","title":{"rendered":"MAR\u00cdA LUZ GONZ\u00c1LEZ MEZQUITA"},"content":{"rendered":"\t\t<div data-elementor-type=\"wp-page\" data-elementor-id=\"6811\" class=\"elementor elementor-6811\">\n\t\t\t\t\t\t<section class=\"elementor-section elementor-top-section elementor-element elementor-element-e8e4903 elementor-section-boxed elementor-section-height-default elementor-section-height-default\" data-id=\"e8e4903\" data-element_type=\"section\" data-e-type=\"section\">\n\t\t\t\t\t\t<div class=\"elementor-container elementor-column-gap-default\">\n\t\t\t\t\t<div class=\"elementor-column elementor-col-100 elementor-top-column elementor-element elementor-element-5e230b8\" data-id=\"5e230b8\" data-element_type=\"column\" data-e-type=\"column\">\n\t\t\t<div class=\"elementor-widget-wrap elementor-element-populated\">\n\t\t\t\t\t\t<div class=\"elementor-element elementor-element-8a33699 elementor-widget elementor-widget-heading\" data-id=\"8a33699\" data-element_type=\"widget\" data-e-type=\"widget\" data-widget_type=\"heading.default\">\n\t\t\t\t<div class=\"elementor-widget-container\">\n\t\t\t\t\t<h2 class=\"elementor-heading-title elementor-size-default\">MAR\u00cdA LUZ GONZ\u00c1LEZ MEZQUITA<\/h2>\t\t\t\t<\/div>\n\t\t\t\t<\/div>\n\t\t\t\t\t<\/div>\n\t\t<\/div>\n\t\t\t\t\t<\/div>\n\t\t<\/section>\n\t\t\t\t<section class=\"elementor-section elementor-top-section elementor-element elementor-element-9198200 elementor-section-boxed elementor-section-height-default elementor-section-height-default\" data-id=\"9198200\" data-element_type=\"section\" data-e-type=\"section\">\n\t\t\t\t\t\t<div class=\"elementor-container elementor-column-gap-default\">\n\t\t\t\t\t<div class=\"elementor-column elementor-col-33 elementor-top-column elementor-element elementor-element-2c5eda6\" data-id=\"2c5eda6\" data-element_type=\"column\" data-e-type=\"column\">\n\t\t\t<div class=\"elementor-widget-wrap elementor-element-populated\">\n\t\t\t\t\t\t<div class=\"elementor-element elementor-element-7ed5bab elementor-widget elementor-widget-image\" data-id=\"7ed5bab\" data-element_type=\"widget\" data-e-type=\"widget\" data-widget_type=\"image.default\">\n\t\t\t\t<div class=\"elementor-widget-container\">\n\t\t\t\t\t\t\t\t\t\t\t\t\t\t\t<img fetchpriority=\"high\" decoding=\"async\" width=\"300\" height=\"300\" src=\"https:\/\/www.upo.es\/investiga\/atlanrex\/wp-content\/uploads\/2024\/07\/Imagen6-e1720286651481.jpg\" class=\"attachment-large size-large wp-image-6813\" alt=\"\" \/>\t\t\t\t\t\t\t\t\t\t\t\t\t\t\t<\/div>\n\t\t\t\t<\/div>\n\t\t\t\t\t<\/div>\n\t\t<\/div>\n\t\t\t\t<div class=\"elementor-column elementor-col-66 elementor-top-column elementor-element elementor-element-77a151c\" data-id=\"77a151c\" data-element_type=\"column\" data-e-type=\"column\">\n\t\t\t<div class=\"elementor-widget-wrap elementor-element-populated\">\n\t\t\t\t\t\t<div class=\"elementor-element elementor-element-611ab56 elementor-widget elementor-widget-text-editor\" data-id=\"611ab56\" data-element_type=\"widget\" data-e-type=\"widget\" data-widget_type=\"text-editor.default\">\n\t\t\t\t<div class=\"elementor-widget-container\">\n\t\t\t\t\t\t\t\t\t<p>Doctora por la Universidad Complutense de Madrid, acad\u00e9mica correspondiente de la Real Academia de la Historia de Espa\u00f1a. Profesora de Historia Moderna y directora del Grupo de Investigaci\u00f3n en Historia de Europa Moderna en la Universidad Nacional de Mar del Plata. Ha sido profesora invitada y es integrante de proyectos y comisiones evaluadoras cient\u00edficas en instituciones nacionales e internacionales. Coordinadora del Coloquio Internacional de Historiograf\u00eda Europea desde 1994. Es directora de Magall\u00e1nica Revista de Historia Moderna. Sus \u00faltimas publicaciones incluyen Hacer historia moderna: nuevos m\u00e9todos, corrientes historiogr\u00e1ficas y desaf\u00edos (2021); \u201cUn modelo de virtudes. Oraciones f\u00fanebres por la muerte de Mariana de Neoburgo intencionalidad pol\u00edtica y discursolaudatorio\u201d en La realidad y la imagen de las mujeres en Espa\u00f1a y Am\u00e9rica (siglos XV a XVIII) R. M. Alabr\u00fas Iglesias (coord.) (2022); \u201cDon Juan Tom\u00e1s Enr\u00edquez de Cabrera y su juego de lealtades frente a los condes julianes\u201d (2023); \u201cIntroducci\u00f3n al Dossier: \u201cPersona y fracaso: (auto)biograf\u00edas e identidades en la edad moderna\u201d (2023) y \u201cRepensar la lealtad nobiliaria en la Guerra de Sucesi\u00f3n espa\u00f1ola \u00bfrebeldes o patriotas?\u201d en Las Resistencias nobiliarias al poder real en el siglo XVII: \u00bfnoblezas rebeldes? E. Mart\u00ed (coord.) (2023)<\/p>\t\t\t\t\t\t\t\t<\/div>\n\t\t\t\t<\/div>\n\t\t\t\t\t<\/div>\n\t\t<\/div>\n\t\t\t\t\t<\/div>\n\t\t<\/section>\n\t\t\t\t<section class=\"elementor-section elementor-top-section elementor-element elementor-element-17ff03d elementor-section-boxed elementor-section-height-default elementor-section-height-default\" data-id=\"17ff03d\" data-element_type=\"section\" data-e-type=\"section\">\n\t\t\t\t\t\t<div class=\"elementor-container elementor-column-gap-default\">\n\t\t\t\t\t<div class=\"elementor-column elementor-col-25 elementor-top-column elementor-element elementor-element-77b9bfb\" data-id=\"77b9bfb\" data-element_type=\"column\" data-e-type=\"column\">\n\t\t\t<div class=\"elementor-widget-wrap elementor-element-populated\">\n\t\t\t\t\t\t<div class=\"elementor-element elementor-element-64ca337 elementor-widget elementor-widget-image\" data-id=\"64ca337\" data-element_type=\"widget\" data-e-type=\"widget\" data-widget_type=\"image.default\">\n\t\t\t\t<div class=\"elementor-widget-container\">\n\t\t\t\t\t\t\t\t\t\t\t\t\t\t\t\t<a href=\"https:\/\/scholar.google.com\/citations?user=tyrFZ_0AAAAJ&#038;hl=en\">\n\t\t\t\t\t\t\t<img decoding=\"async\" width=\"150\" height=\"150\" src=\"https:\/\/www.upo.es\/investiga\/atlanrex\/wp-content\/uploads\/2024\/07\/768px-Google_Scholar_logo.svg-e1720259854771.png\" class=\"attachment-thumbnail size-thumbnail wp-image-6755\" alt=\"\" \/>\t\t\t\t\t\t\t\t<\/a>\n\t\t\t\t\t\t\t\t\t\t\t\t\t\t\t<\/div>\n\t\t\t\t<\/div>\n\t\t\t\t\t<\/div>\n\t\t<\/div>\n\t\t\t\t<div class=\"elementor-column elementor-col-25 elementor-top-column elementor-element elementor-element-3d7470c\" data-id=\"3d7470c\" data-element_type=\"column\" data-e-type=\"column\">\n\t\t\t<div class=\"elementor-widget-wrap elementor-element-populated\">\n\t\t\t\t\t\t<div class=\"elementor-element elementor-element-1a1b526 elementor-widget elementor-widget-image\" data-id=\"1a1b526\" data-element_type=\"widget\" data-e-type=\"widget\" data-widget_type=\"image.default\">\n\t\t\t\t<div class=\"elementor-widget-container\">\n\t\t\t\t\t\t\t\t\t\t\t\t\t\t\t\t<a href=\"https:\/\/mdp.academia.edu\/MariaLuzGonz%C3%A1lezMezquita\">\n\t\t\t\t\t\t\t<img decoding=\"async\" width=\"150\" height=\"150\" src=\"https:\/\/www.upo.es\/investiga\/atlanrex\/wp-content\/uploads\/2024\/07\/unnamed-150x150.png\" class=\"attachment-thumbnail size-thumbnail wp-image-6756\" alt=\"\" srcset=\"https:\/\/www.upo.es\/investiga\/atlanrex\/wp-content\/uploads\/2024\/07\/unnamed-150x150.png 150w, https:\/\/www.upo.es\/investiga\/atlanrex\/wp-content\/uploads\/2024\/07\/unnamed-300x300.png 300w, https:\/\/www.upo.es\/investiga\/atlanrex\/wp-content\/uploads\/2024\/07\/unnamed.png 512w\" sizes=\"(max-width: 150px) 100vw, 150px\" \/>\t\t\t\t\t\t\t\t<\/a>\n\t\t\t\t\t\t\t\t\t\t\t\t\t\t\t<\/div>\n\t\t\t\t<\/div>\n\t\t\t\t\t<\/div>\n\t\t<\/div>\n\t\t\t\t<div class=\"elementor-column elementor-col-25 elementor-top-column elementor-element elementor-element-b7d000a\" data-id=\"b7d000a\" data-element_type=\"column\" data-e-type=\"column\">\n\t\t\t<div class=\"elementor-widget-wrap elementor-element-populated\">\n\t\t\t\t\t\t<div class=\"elementor-element elementor-element-80a40de elementor-widget elementor-widget-image\" data-id=\"80a40de\" data-element_type=\"widget\" data-e-type=\"widget\" data-widget_type=\"image.default\">\n\t\t\t\t<div class=\"elementor-widget-container\">\n\t\t\t\t\t\t\t\t\t\t\t\t\t\t\t\t<a href=\"https:\/\/orcid.org\/0000-0002-6013-7434\">\n\t\t\t\t\t\t\t<img loading=\"lazy\" decoding=\"async\" width=\"150\" height=\"150\" src=\"https:\/\/www.upo.es\/investiga\/atlanrex\/wp-content\/uploads\/2024\/07\/orcid-og-image-150x150.png\" class=\"attachment-thumbnail size-thumbnail wp-image-6757\" alt=\"\" \/>\t\t\t\t\t\t\t\t<\/a>\n\t\t\t\t\t\t\t\t\t\t\t\t\t\t\t<\/div>\n\t\t\t\t<\/div>\n\t\t\t\t\t<\/div>\n\t\t<\/div>\n\t\t\t\t<div class=\"elementor-column elementor-col-25 elementor-top-column elementor-element elementor-element-816b98f\" data-id=\"816b98f\" data-element_type=\"column\" data-e-type=\"column\">\n\t\t\t<div class=\"elementor-widget-wrap elementor-element-populated\">\n\t\t\t\t\t\t<div class=\"elementor-element elementor-element-6daca59 elementor-widget elementor-widget-image\" data-id=\"6daca59\" data-element_type=\"widget\" data-e-type=\"widget\" data-widget_type=\"image.default\">\n\t\t\t\t<div class=\"elementor-widget-container\">\n\t\t\t\t\t\t\t\t\t\t\t\t\t\t\t\t<a href=\"https:\/\/dialnet.unirioja.es\/servlet\/autor?codigo=173205\">\n\t\t\t\t\t\t\t<img loading=\"lazy\" decoding=\"async\" width=\"150\" height=\"150\" src=\"https:\/\/www.upo.es\/investiga\/atlanrex\/wp-content\/uploads\/2024\/07\/logodialnet-copia-150x150.png\" class=\"attachment-thumbnail size-thumbnail wp-image-6758\" alt=\"\" \/>\t\t\t\t\t\t\t\t<\/a>\n\t\t\t\t\t\t\t\t\t\t\t\t\t\t\t<\/div>\n\t\t\t\t<\/div>\n\t\t\t\t\t<\/div>\n\t\t<\/div>\n\t\t\t\t\t<\/div>\n\t\t<\/section>\n\t\t\t\t<\/div>\n\t\t","protected":false},"excerpt":{"rendered":"<p>MAR\u00cdA LUZ GONZ\u00c1LEZ MEZQUITA Doctora por la Universidad Complutense de Madrid, acad\u00e9mica correspondiente de la Real Academia de la Historia de Espa\u00f1a. Profesora de Historia Moderna y directora del Grupo de Investigaci\u00f3n en Historia de Europa Moderna en la Universidad Nacional de Mar del Plata. Ha sido profesora invitada y [&hellip;]<\/p>\n","protected":false},"author":1,"featured_media":0,"parent":0,"menu_order":0,"comment_status":"closed","ping_status":"closed","template":"page-templates\/template-pagebuilder-full-width.php","meta":{"_themeisle_gutenberg_block_has_review":false,"footnotes":""},"class_list":["post-6811","page","type-page","status-publish","hentry"],"_links":{"self":[{"href":"https:\/\/www.upo.es\/investiga\/atlanrex\/wp-json\/wp\/v2\/pages\/6811","targetHints":{"allow":["GET"]}}],"collection":[{"href":"https:\/\/www.upo.es\/investiga\/atlanrex\/wp-json\/wp\/v2\/pages"}],"about":[{"href":"https:\/\/www.upo.es\/investiga\/atlanrex\/wp-json\/wp\/v2\/types\/page"}],"author":[{"embeddable":true,"href":"https:\/\/www.upo.es\/investiga\/atlanrex\/wp-json\/wp\/v2\/users\/1"}],"replies":[{"embeddable":true,"href":"https:\/\/www.upo.es\/investiga\/atlanrex\/wp-json\/wp\/v2\/comments?post=6811"}],"version-history":[{"count":5,"href":"https:\/\/www.upo.es\/investiga\/atlanrex\/wp-json\/wp\/v2\/pages\/6811\/revisions"}],"predecessor-version":[{"id":6817,"href":"https:\/\/www.upo.es\/investiga\/atlanrex\/wp-json\/wp\/v2\/pages\/6811\/revisions\/6817"}],"wp:attachment":[{"href":"https:\/\/www.upo.es\/investiga\/atlanrex\/wp-json\/wp\/v2\/media?parent=6811"}],"curies":[{"name":"wp","href":"https:\/\/api.w.org\/{rel}","templated":true}]}}