{"id":6853,"date":"2024-07-06T17:17:30","date_gmt":"2024-07-06T15:17:30","guid":{"rendered":"https:\/\/www.upo.es\/investiga\/atlanrex\/?page_id=6853"},"modified":"2024-07-06T17:24:10","modified_gmt":"2024-07-06T15:24:10","slug":"elementor-6853","status":"publish","type":"page","link":"https:\/\/www.upo.es\/investiga\/atlanrex\/elementor-6853\/","title":{"rendered":"ESPERANZA M\u00d3 ROMERO"},"content":{"rendered":"\t\t<div data-elementor-type=\"wp-page\" data-elementor-id=\"6853\" class=\"elementor elementor-6853\">\n\t\t\t\t\t\t<section class=\"elementor-section elementor-top-section elementor-element elementor-element-282e5e4 elementor-section-boxed elementor-section-height-default elementor-section-height-default\" data-id=\"282e5e4\" data-element_type=\"section\" data-e-type=\"section\">\n\t\t\t\t\t\t<div class=\"elementor-container elementor-column-gap-default\">\n\t\t\t\t\t<div class=\"elementor-column elementor-col-100 elementor-top-column elementor-element elementor-element-c16c059\" data-id=\"c16c059\" data-element_type=\"column\" data-e-type=\"column\">\n\t\t\t<div class=\"elementor-widget-wrap elementor-element-populated\">\n\t\t\t\t\t\t<div class=\"elementor-element elementor-element-91fe110 elementor-widget elementor-widget-heading\" data-id=\"91fe110\" data-element_type=\"widget\" data-e-type=\"widget\" data-widget_type=\"heading.default\">\n\t\t\t\t<div class=\"elementor-widget-container\">\n\t\t\t\t\t<h2 class=\"elementor-heading-title elementor-size-default\">ESPERANZA M\u00d3 ROMERO<\/h2>\t\t\t\t<\/div>\n\t\t\t\t<\/div>\n\t\t\t\t\t<\/div>\n\t\t<\/div>\n\t\t\t\t\t<\/div>\n\t\t<\/section>\n\t\t\t\t<section class=\"elementor-section elementor-top-section elementor-element elementor-element-9906adb elementor-section-boxed elementor-section-height-default elementor-section-height-default\" data-id=\"9906adb\" data-element_type=\"section\" data-e-type=\"section\">\n\t\t\t\t\t\t<div class=\"elementor-container elementor-column-gap-default\">\n\t\t\t\t\t<div class=\"elementor-column elementor-col-33 elementor-top-column elementor-element elementor-element-c3a7979\" data-id=\"c3a7979\" data-element_type=\"column\" data-e-type=\"column\">\n\t\t\t<div class=\"elementor-widget-wrap elementor-element-populated\">\n\t\t\t\t\t\t<div class=\"elementor-element elementor-element-28628b5 elementor-widget elementor-widget-image\" data-id=\"28628b5\" data-element_type=\"widget\" data-e-type=\"widget\" data-widget_type=\"image.default\">\n\t\t\t\t<div class=\"elementor-widget-container\">\n\t\t\t\t\t\t\t\t\t\t\t\t\t\t\t<img fetchpriority=\"high\" decoding=\"async\" width=\"456\" height=\"555\" src=\"https:\/\/www.upo.es\/investiga\/atlanrex\/wp-content\/uploads\/2024\/07\/Imagen1.png\" class=\"attachment-large size-large wp-image-6855\" alt=\"\" srcset=\"https:\/\/www.upo.es\/investiga\/atlanrex\/wp-content\/uploads\/2024\/07\/Imagen1.png 456w, https:\/\/www.upo.es\/investiga\/atlanrex\/wp-content\/uploads\/2024\/07\/Imagen1-246x300.png 246w\" sizes=\"(max-width: 456px) 100vw, 456px\" \/>\t\t\t\t\t\t\t\t\t\t\t\t\t\t\t<\/div>\n\t\t\t\t<\/div>\n\t\t\t\t\t<\/div>\n\t\t<\/div>\n\t\t\t\t<div class=\"elementor-column elementor-col-66 elementor-top-column elementor-element elementor-element-3283824\" data-id=\"3283824\" data-element_type=\"column\" data-e-type=\"column\">\n\t\t\t<div class=\"elementor-widget-wrap elementor-element-populated\">\n\t\t\t\t\t\t<div class=\"elementor-element elementor-element-1395756 elementor-widget elementor-widget-text-editor\" data-id=\"1395756\" data-element_type=\"widget\" data-e-type=\"widget\" data-widget_type=\"text-editor.default\">\n\t\t\t\t<div class=\"elementor-widget-container\">\n\t\t\t\t\t\t\t\t\t<p>Comenz\u00f3 su labor como docente e investigadora en la Universidad Aut\u00f3noma de Madrid como ayudante de primer ciclo en el a\u00f1o 1992, obteniendo el grado de doctora en Historia en 1995. Desde 1995 hasta la actualidad ha ido ascendiendo en su carrera profesional pasando por distintos grados de contrataci\u00f3n y en octubre de 2009 pas\u00f3 a ser Profesora Titular de universidad por la UAM.<\/p><p>Su labor investigadora se ha centrado en el campo de la Historia Moderna de Espa\u00f1a y en la Historia de Am\u00e9rica colonial. En este Marco cronol\u00f3gico-conceptual ha desarrollado sus trabajos cient\u00edficos que, partiendo de una base de pensamiento pol\u00edtico en Am\u00e9rica colonial, han ido evolucionando hacia los estudios de G\u00e9nero y de la Historia de las Mujeres tanto en Espa\u00f1a Moderna como en Am\u00e9rica.<\/p>\t\t\t\t\t\t\t\t<\/div>\n\t\t\t\t<\/div>\n\t\t\t\t\t<\/div>\n\t\t<\/div>\n\t\t\t\t\t<\/div>\n\t\t<\/section>\n\t\t\t\t<section class=\"elementor-section elementor-top-section elementor-element elementor-element-c8c7491 elementor-section-boxed elementor-section-height-default elementor-section-height-default\" data-id=\"c8c7491\" data-element_type=\"section\" data-e-type=\"section\">\n\t\t\t\t\t\t<div class=\"elementor-container elementor-column-gap-default\">\n\t\t\t\t\t<div class=\"elementor-column elementor-col-25 elementor-top-column elementor-element elementor-element-9b51b6c\" data-id=\"9b51b6c\" data-element_type=\"column\" data-e-type=\"column\">\n\t\t\t<div class=\"elementor-widget-wrap elementor-element-populated\">\n\t\t\t\t\t\t<div class=\"elementor-element elementor-element-ad05e95 elementor-widget elementor-widget-image\" data-id=\"ad05e95\" data-element_type=\"widget\" data-e-type=\"widget\" data-widget_type=\"image.default\">\n\t\t\t\t<div class=\"elementor-widget-container\">\n\t\t\t\t\t\t\t\t\t\t\t\t\t\t\t\t<a href=\"https:\/\/scholar.google.com\/citations?user=yOfrwU0AAAAJ&#038;hl=es\">\n\t\t\t\t\t\t\t<img decoding=\"async\" width=\"150\" height=\"150\" src=\"https:\/\/www.upo.es\/investiga\/atlanrex\/wp-content\/uploads\/2024\/07\/768px-Google_Scholar_logo.svg-e1720259854771.png\" class=\"attachment-thumbnail size-thumbnail wp-image-6755\" alt=\"\" \/>\t\t\t\t\t\t\t\t<\/a>\n\t\t\t\t\t\t\t\t\t\t\t\t\t\t\t<\/div>\n\t\t\t\t<\/div>\n\t\t\t\t\t<\/div>\n\t\t<\/div>\n\t\t\t\t<div class=\"elementor-column elementor-col-25 elementor-top-column elementor-element elementor-element-6785407\" data-id=\"6785407\" data-element_type=\"column\" data-e-type=\"column\">\n\t\t\t<div class=\"elementor-widget-wrap elementor-element-populated\">\n\t\t\t\t\t\t<div class=\"elementor-element elementor-element-6e517c2 elementor-widget elementor-widget-image\" data-id=\"6e517c2\" data-element_type=\"widget\" data-e-type=\"widget\" data-widget_type=\"image.default\">\n\t\t\t\t<div class=\"elementor-widget-container\">\n\t\t\t\t\t\t\t\t\t\t\t\t\t\t\t\t<a href=\"https:\/\/uam.academia.edu\/EsperanzaMoRomero\">\n\t\t\t\t\t\t\t<img decoding=\"async\" width=\"150\" height=\"150\" src=\"https:\/\/www.upo.es\/investiga\/atlanrex\/wp-content\/uploads\/2024\/07\/unnamed-150x150.png\" class=\"attachment-thumbnail size-thumbnail wp-image-6756\" alt=\"\" srcset=\"https:\/\/www.upo.es\/investiga\/atlanrex\/wp-content\/uploads\/2024\/07\/unnamed-150x150.png 150w, https:\/\/www.upo.es\/investiga\/atlanrex\/wp-content\/uploads\/2024\/07\/unnamed-300x300.png 300w, https:\/\/www.upo.es\/investiga\/atlanrex\/wp-content\/uploads\/2024\/07\/unnamed.png 512w\" sizes=\"(max-width: 150px) 100vw, 150px\" \/>\t\t\t\t\t\t\t\t<\/a>\n\t\t\t\t\t\t\t\t\t\t\t\t\t\t\t<\/div>\n\t\t\t\t<\/div>\n\t\t\t\t\t<\/div>\n\t\t<\/div>\n\t\t\t\t<div class=\"elementor-column elementor-col-25 elementor-top-column elementor-element elementor-element-bb5acf8\" data-id=\"bb5acf8\" data-element_type=\"column\" data-e-type=\"column\">\n\t\t\t<div class=\"elementor-widget-wrap elementor-element-populated\">\n\t\t\t\t\t\t<div class=\"elementor-element elementor-element-a1b03cc elementor-widget elementor-widget-image\" data-id=\"a1b03cc\" data-element_type=\"widget\" data-e-type=\"widget\" data-widget_type=\"image.default\">\n\t\t\t\t<div class=\"elementor-widget-container\">\n\t\t\t\t\t\t\t\t\t\t\t\t\t\t\t\t<a href=\"https:\/\/orcid.org\/0000-0002-8970-7920\">\n\t\t\t\t\t\t\t<img loading=\"lazy\" decoding=\"async\" width=\"150\" height=\"150\" src=\"https:\/\/www.upo.es\/investiga\/atlanrex\/wp-content\/uploads\/2024\/07\/orcid-og-image-150x150.png\" class=\"attachment-thumbnail size-thumbnail wp-image-6757\" alt=\"\" \/>\t\t\t\t\t\t\t\t<\/a>\n\t\t\t\t\t\t\t\t\t\t\t\t\t\t\t<\/div>\n\t\t\t\t<\/div>\n\t\t\t\t\t<\/div>\n\t\t<\/div>\n\t\t\t\t<div class=\"elementor-column elementor-col-25 elementor-top-column elementor-element elementor-element-b1b1537\" data-id=\"b1b1537\" data-element_type=\"column\" data-e-type=\"column\">\n\t\t\t<div class=\"elementor-widget-wrap elementor-element-populated\">\n\t\t\t\t\t\t<div class=\"elementor-element elementor-element-461cdc2 elementor-widget elementor-widget-image\" data-id=\"461cdc2\" data-element_type=\"widget\" data-e-type=\"widget\" data-widget_type=\"image.default\">\n\t\t\t\t<div class=\"elementor-widget-container\">\n\t\t\t\t\t\t\t\t\t\t\t\t\t\t\t\t<a href=\"https:\/\/dialnet.unirioja.es\/servlet\/autor?codigo=160205\">\n\t\t\t\t\t\t\t<img loading=\"lazy\" decoding=\"async\" width=\"150\" height=\"150\" src=\"https:\/\/www.upo.es\/investiga\/atlanrex\/wp-content\/uploads\/2024\/07\/logodialnet-copia-150x150.png\" class=\"attachment-thumbnail size-thumbnail wp-image-6758\" alt=\"\" \/>\t\t\t\t\t\t\t\t<\/a>\n\t\t\t\t\t\t\t\t\t\t\t\t\t\t\t<\/div>\n\t\t\t\t<\/div>\n\t\t\t\t\t<\/div>\n\t\t<\/div>\n\t\t\t\t\t<\/div>\n\t\t<\/section>\n\t\t\t\t<\/div>\n\t\t","protected":false},"excerpt":{"rendered":"<p>ESPERANZA M\u00d3 ROMERO Comenz\u00f3 su labor como docente e investigadora en la Universidad Aut\u00f3noma de Madrid como ayudante de primer ciclo en el a\u00f1o 1992, obteniendo el grado de doctora en Historia en 1995. Desde 1995 hasta la actualidad ha ido ascendiendo en su carrera profesional pasando por distintos grados [&hellip;]<\/p>\n","protected":false},"author":1,"featured_media":0,"parent":0,"menu_order":0,"comment_status":"closed","ping_status":"closed","template":"page-templates\/template-pagebuilder-full-width.php","meta":{"_themeisle_gutenberg_block_has_review":false,"footnotes":""},"class_list":["post-6853","page","type-page","status-publish","hentry"],"_links":{"self":[{"href":"https:\/\/www.upo.es\/investiga\/atlanrex\/wp-json\/wp\/v2\/pages\/6853","targetHints":{"allow":["GET"]}}],"collection":[{"href":"https:\/\/www.upo.es\/investiga\/atlanrex\/wp-json\/wp\/v2\/pages"}],"about":[{"href":"https:\/\/www.upo.es\/investiga\/atlanrex\/wp-json\/wp\/v2\/types\/page"}],"author":[{"embeddable":true,"href":"https:\/\/www.upo.es\/investiga\/atlanrex\/wp-json\/wp\/v2\/users\/1"}],"replies":[{"embeddable":true,"href":"https:\/\/www.upo.es\/investiga\/atlanrex\/wp-json\/wp\/v2\/comments?post=6853"}],"version-history":[{"count":5,"href":"https:\/\/www.upo.es\/investiga\/atlanrex\/wp-json\/wp\/v2\/pages\/6853\/revisions"}],"predecessor-version":[{"id":6859,"href":"https:\/\/www.upo.es\/investiga\/atlanrex\/wp-json\/wp\/v2\/pages\/6853\/revisions\/6859"}],"wp:attachment":[{"href":"https:\/\/www.upo.es\/investiga\/atlanrex\/wp-json\/wp\/v2\/media?parent=6853"}],"curies":[{"name":"wp","href":"https:\/\/api.w.org\/{rel}","templated":true}]}}