{"id":6867,"date":"2024-07-06T17:42:43","date_gmt":"2024-07-06T15:42:43","guid":{"rendered":"https:\/\/www.upo.es\/investiga\/atlanrex\/?page_id=6867"},"modified":"2024-07-06T17:44:21","modified_gmt":"2024-07-06T15:44:21","slug":"elementor-6867","status":"publish","type":"page","link":"https:\/\/www.upo.es\/investiga\/atlanrex\/elementor-6867\/","title":{"rendered":"MARGARITA RODR\u00cdGUEZ"},"content":{"rendered":"\t\t<div data-elementor-type=\"wp-page\" data-elementor-id=\"6867\" class=\"elementor elementor-6867\">\n\t\t\t\t\t\t<section class=\"elementor-section elementor-top-section elementor-element elementor-element-be4fda4 elementor-section-boxed elementor-section-height-default elementor-section-height-default\" data-id=\"be4fda4\" data-element_type=\"section\" data-e-type=\"section\">\n\t\t\t\t\t\t<div class=\"elementor-container elementor-column-gap-default\">\n\t\t\t\t\t<div class=\"elementor-column elementor-col-100 elementor-top-column elementor-element elementor-element-59dec5f\" data-id=\"59dec5f\" data-element_type=\"column\" data-e-type=\"column\">\n\t\t\t<div class=\"elementor-widget-wrap elementor-element-populated\">\n\t\t\t\t\t\t<div class=\"elementor-element elementor-element-72a14f9 elementor-widget elementor-widget-heading\" data-id=\"72a14f9\" data-element_type=\"widget\" data-e-type=\"widget\" data-widget_type=\"heading.default\">\n\t\t\t\t<div class=\"elementor-widget-container\">\n\t\t\t\t\t<h2 class=\"elementor-heading-title elementor-size-default\">MARGARITA EVA RODR\u00cdGUEZ GARC\u00cdA<\/h2>\t\t\t\t<\/div>\n\t\t\t\t<\/div>\n\t\t\t\t\t<\/div>\n\t\t<\/div>\n\t\t\t\t\t<\/div>\n\t\t<\/section>\n\t\t\t\t<section class=\"elementor-section elementor-top-section elementor-element elementor-element-4bf06db elementor-section-boxed elementor-section-height-default elementor-section-height-default\" data-id=\"4bf06db\" data-element_type=\"section\" data-e-type=\"section\">\n\t\t\t\t\t\t<div class=\"elementor-container elementor-column-gap-default\">\n\t\t\t\t\t<div class=\"elementor-column elementor-col-33 elementor-top-column elementor-element elementor-element-8613297\" data-id=\"8613297\" data-element_type=\"column\" data-e-type=\"column\">\n\t\t\t<div class=\"elementor-widget-wrap elementor-element-populated\">\n\t\t\t\t\t\t<div class=\"elementor-element elementor-element-a2cb563 elementor-widget elementor-widget-image\" data-id=\"a2cb563\" data-element_type=\"widget\" data-e-type=\"widget\" data-widget_type=\"image.default\">\n\t\t\t\t<div class=\"elementor-widget-container\">\n\t\t\t\t\t\t\t\t\t\t\t\t\t\t\t<img fetchpriority=\"high\" decoding=\"async\" width=\"567\" height=\"574\" src=\"https:\/\/www.upo.es\/investiga\/atlanrex\/wp-content\/uploads\/2024\/07\/Imagen3-1.jpg\" class=\"attachment-large size-large wp-image-6869\" alt=\"\" srcset=\"https:\/\/www.upo.es\/investiga\/atlanrex\/wp-content\/uploads\/2024\/07\/Imagen3-1.jpg 567w, https:\/\/www.upo.es\/investiga\/atlanrex\/wp-content\/uploads\/2024\/07\/Imagen3-1-296x300.jpg 296w\" sizes=\"(max-width: 567px) 100vw, 567px\" \/>\t\t\t\t\t\t\t\t\t\t\t\t\t\t\t<\/div>\n\t\t\t\t<\/div>\n\t\t\t\t\t<\/div>\n\t\t<\/div>\n\t\t\t\t<div class=\"elementor-column elementor-col-66 elementor-top-column elementor-element elementor-element-b572c14\" data-id=\"b572c14\" data-element_type=\"column\" data-e-type=\"column\">\n\t\t\t<div class=\"elementor-widget-wrap elementor-element-populated\">\n\t\t\t\t\t\t<div class=\"elementor-element elementor-element-b52eaac elementor-widget elementor-widget-text-editor\" data-id=\"b52eaac\" data-element_type=\"widget\" data-e-type=\"widget\" data-widget_type=\"text-editor.default\">\n\t\t\t\t<div class=\"elementor-widget-container\">\n\t\t\t\t\t\t\t\t\t<p>Profesora en el Departamento de Historia Moderna de la Universidad Aut\u00f3noma de Madrid. Investiga la historia de los imperios en el \u201clargo\u201d siglo XVIII, con especial foco en la identidad criolla peruana y la importancia de la Ciencia, y en particular de la bot\u00e1nica, en los proyectos reformistas del final de la centuria y en las expediciones cient\u00edficas. As\u00ed mismo, ha dedicado su atenci\u00f3n a los discursos de g\u00e9nero y la historia de las mujeres en el siglo XVIII. Es autora de las monograf\u00edas Criollismo y Patria en la Lima Ilustrada (1732-1795) (Buenos Aires, Mi\u00f1o y D\u00e1vila, 2006), Compa\u00f1\u00edas privilegiadas de comercio con Am\u00e9rica y cambio pol\u00edtico (1706-1775) (Madrid, Banco de Espa\u00f1a, 2005) y co-editora de la\u00a0<em>Descrip\u00e7\u00e3o Geral do Reino do Peru, em particular de Lima<\/em>\u00a0(Lisboa, CHAM, 2011) y el libro\u00a0<em>El final del Antiguo R\u00e9gimen en los Imperios ib\u00e9rico<\/em>s (Lima, PUCP-CHAM, 2017).<\/p>\t\t\t\t\t\t\t\t<\/div>\n\t\t\t\t<\/div>\n\t\t\t\t\t<\/div>\n\t\t<\/div>\n\t\t\t\t\t<\/div>\n\t\t<\/section>\n\t\t\t\t<section class=\"elementor-section elementor-top-section elementor-element elementor-element-383bc79 elementor-section-boxed elementor-section-height-default elementor-section-height-default\" data-id=\"383bc79\" data-element_type=\"section\" data-e-type=\"section\">\n\t\t\t\t\t\t<div class=\"elementor-container elementor-column-gap-default\">\n\t\t\t\t\t<div class=\"elementor-column elementor-col-33 elementor-top-column elementor-element elementor-element-31c59a2\" data-id=\"31c59a2\" data-element_type=\"column\" data-e-type=\"column\">\n\t\t\t<div class=\"elementor-widget-wrap elementor-element-populated\">\n\t\t\t\t\t\t<div class=\"elementor-element elementor-element-435db3f elementor-widget elementor-widget-image\" data-id=\"435db3f\" data-element_type=\"widget\" data-e-type=\"widget\" data-widget_type=\"image.default\">\n\t\t\t\t<div class=\"elementor-widget-container\">\n\t\t\t\t\t\t\t\t\t\t\t\t\t\t\t\t<a href=\"https:\/\/uam.academia.edu\/MargaritaEvaRodr%C3%ADguezGarc%C3%ADa\">\n\t\t\t\t\t\t\t<img decoding=\"async\" width=\"150\" height=\"150\" src=\"https:\/\/www.upo.es\/investiga\/atlanrex\/wp-content\/uploads\/2024\/07\/unnamed-150x150.png\" class=\"attachment-thumbnail size-thumbnail wp-image-6756\" alt=\"\" srcset=\"https:\/\/www.upo.es\/investiga\/atlanrex\/wp-content\/uploads\/2024\/07\/unnamed-150x150.png 150w, https:\/\/www.upo.es\/investiga\/atlanrex\/wp-content\/uploads\/2024\/07\/unnamed-300x300.png 300w, https:\/\/www.upo.es\/investiga\/atlanrex\/wp-content\/uploads\/2024\/07\/unnamed.png 512w\" sizes=\"(max-width: 150px) 100vw, 150px\" \/>\t\t\t\t\t\t\t\t<\/a>\n\t\t\t\t\t\t\t\t\t\t\t\t\t\t\t<\/div>\n\t\t\t\t<\/div>\n\t\t\t\t\t<\/div>\n\t\t<\/div>\n\t\t\t\t<div class=\"elementor-column elementor-col-33 elementor-top-column elementor-element elementor-element-38996a2\" data-id=\"38996a2\" data-element_type=\"column\" data-e-type=\"column\">\n\t\t\t<div class=\"elementor-widget-wrap elementor-element-populated\">\n\t\t\t\t\t\t<div class=\"elementor-element elementor-element-bbef535 elementor-widget elementor-widget-image\" data-id=\"bbef535\" data-element_type=\"widget\" data-e-type=\"widget\" data-widget_type=\"image.default\">\n\t\t\t\t<div class=\"elementor-widget-container\">\n\t\t\t\t\t\t\t\t\t\t\t\t\t\t\t\t<a href=\"https:\/\/orcid.org\/0000-0003-3521-2962\">\n\t\t\t\t\t\t\t<img decoding=\"async\" width=\"150\" height=\"150\" src=\"https:\/\/www.upo.es\/investiga\/atlanrex\/wp-content\/uploads\/2024\/07\/orcid-og-image-150x150.png\" class=\"attachment-thumbnail size-thumbnail wp-image-6757\" alt=\"\" \/>\t\t\t\t\t\t\t\t<\/a>\n\t\t\t\t\t\t\t\t\t\t\t\t\t\t\t<\/div>\n\t\t\t\t<\/div>\n\t\t\t\t\t<\/div>\n\t\t<\/div>\n\t\t\t\t<div class=\"elementor-column elementor-col-33 elementor-top-column elementor-element elementor-element-0b8d136\" data-id=\"0b8d136\" data-element_type=\"column\" data-e-type=\"column\">\n\t\t\t<div class=\"elementor-widget-wrap elementor-element-populated\">\n\t\t\t\t\t\t<div class=\"elementor-element elementor-element-d5abe6a elementor-widget elementor-widget-image\" data-id=\"d5abe6a\" data-element_type=\"widget\" data-e-type=\"widget\" data-widget_type=\"image.default\">\n\t\t\t\t<div class=\"elementor-widget-container\">\n\t\t\t\t\t\t\t\t\t\t\t\t\t\t\t\t<a href=\"https:\/\/dialnet.unirioja.es\/servlet\/autor?codigo=225633\">\n\t\t\t\t\t\t\t<img loading=\"lazy\" decoding=\"async\" width=\"150\" height=\"150\" src=\"https:\/\/www.upo.es\/investiga\/atlanrex\/wp-content\/uploads\/2024\/07\/logodialnet-copia-150x150.png\" class=\"attachment-thumbnail size-thumbnail wp-image-6758\" alt=\"\" \/>\t\t\t\t\t\t\t\t<\/a>\n\t\t\t\t\t\t\t\t\t\t\t\t\t\t\t<\/div>\n\t\t\t\t<\/div>\n\t\t\t\t\t<\/div>\n\t\t<\/div>\n\t\t\t\t\t<\/div>\n\t\t<\/section>\n\t\t\t\t<\/div>\n\t\t","protected":false},"excerpt":{"rendered":"<p>MARGARITA EVA RODR\u00cdGUEZ GARC\u00cdA Profesora en el Departamento de Historia Moderna de la Universidad Aut\u00f3noma de Madrid. Investiga la historia de los imperios en el \u201clargo\u201d siglo XVIII, con especial foco en la identidad criolla peruana y la importancia de la Ciencia, y en particular de la bot\u00e1nica, en los [&hellip;]<\/p>\n","protected":false},"author":1,"featured_media":0,"parent":0,"menu_order":0,"comment_status":"closed","ping_status":"closed","template":"page-templates\/template-pagebuilder-full-width.php","meta":{"_themeisle_gutenberg_block_has_review":false,"footnotes":""},"class_list":["post-6867","page","type-page","status-publish","hentry"],"_links":{"self":[{"href":"https:\/\/www.upo.es\/investiga\/atlanrex\/wp-json\/wp\/v2\/pages\/6867","targetHints":{"allow":["GET"]}}],"collection":[{"href":"https:\/\/www.upo.es\/investiga\/atlanrex\/wp-json\/wp\/v2\/pages"}],"about":[{"href":"https:\/\/www.upo.es\/investiga\/atlanrex\/wp-json\/wp\/v2\/types\/page"}],"author":[{"embeddable":true,"href":"https:\/\/www.upo.es\/investiga\/atlanrex\/wp-json\/wp\/v2\/users\/1"}],"replies":[{"embeddable":true,"href":"https:\/\/www.upo.es\/investiga\/atlanrex\/wp-json\/wp\/v2\/comments?post=6867"}],"version-history":[{"count":5,"href":"https:\/\/www.upo.es\/investiga\/atlanrex\/wp-json\/wp\/v2\/pages\/6867\/revisions"}],"predecessor-version":[{"id":6873,"href":"https:\/\/www.upo.es\/investiga\/atlanrex\/wp-json\/wp\/v2\/pages\/6867\/revisions\/6873"}],"wp:attachment":[{"href":"https:\/\/www.upo.es\/investiga\/atlanrex\/wp-json\/wp\/v2\/media?parent=6867"}],"curies":[{"name":"wp","href":"https:\/\/api.w.org\/{rel}","templated":true}]}}