{"id":8633,"date":"2026-01-19T21:09:27","date_gmt":"2026-01-19T20:09:27","guid":{"rendered":"https:\/\/www.upo.es\/investiga\/atlanrex\/?page_id=8633"},"modified":"2026-01-19T21:14:30","modified_gmt":"2026-01-19T20:14:30","slug":"pablo-hernandez-sau","status":"publish","type":"page","link":"https:\/\/www.upo.es\/investiga\/atlanrex\/pablo-hernandez-sau\/","title":{"rendered":"PABLO HERN\u00c1NDEZ SAU"},"content":{"rendered":"\t\t<div data-elementor-type=\"wp-page\" data-elementor-id=\"8633\" class=\"elementor elementor-8633\">\n\t\t\t\t\t\t<section class=\"elementor-section elementor-top-section elementor-element elementor-element-9ec645d elementor-section-boxed elementor-section-height-default elementor-section-height-default\" data-id=\"9ec645d\" data-element_type=\"section\" data-e-type=\"section\">\n\t\t\t\t\t\t<div class=\"elementor-container elementor-column-gap-default\">\n\t\t\t\t\t<div class=\"elementor-column elementor-col-100 elementor-top-column elementor-element elementor-element-431c793\" data-id=\"431c793\" data-element_type=\"column\" data-e-type=\"column\">\n\t\t\t<div class=\"elementor-widget-wrap elementor-element-populated\">\n\t\t\t\t\t\t<div class=\"elementor-element elementor-element-f7c4dea elementor-widget elementor-widget-heading\" data-id=\"f7c4dea\" data-element_type=\"widget\" data-e-type=\"widget\" data-widget_type=\"heading.default\">\n\t\t\t\t<div class=\"elementor-widget-container\">\n\t\t\t\t\t<h2 class=\"elementor-heading-title elementor-size-default\">PABLO HERN\u00c1NDEZ SAU<\/h2>\t\t\t\t<\/div>\n\t\t\t\t<\/div>\n\t\t\t\t\t<\/div>\n\t\t<\/div>\n\t\t\t\t\t<\/div>\n\t\t<\/section>\n\t\t\t\t<section class=\"elementor-section elementor-top-section elementor-element elementor-element-cacb138 elementor-section-boxed elementor-section-height-default elementor-section-height-default\" data-id=\"cacb138\" data-element_type=\"section\" data-e-type=\"section\">\n\t\t\t\t\t\t<div class=\"elementor-container elementor-column-gap-default\">\n\t\t\t\t\t<div class=\"elementor-column elementor-col-50 elementor-top-column elementor-element elementor-element-7a1d58e\" data-id=\"7a1d58e\" data-element_type=\"column\" data-e-type=\"column\">\n\t\t\t<div class=\"elementor-widget-wrap elementor-element-populated\">\n\t\t\t\t\t\t<div class=\"elementor-element elementor-element-18df7b4 elementor-widget elementor-widget-image\" data-id=\"18df7b4\" data-element_type=\"widget\" data-e-type=\"widget\" data-widget_type=\"image.default\">\n\t\t\t\t<div class=\"elementor-widget-container\">\n\t\t\t\t\t\t\t\t\t\t\t\t\t\t\t<img fetchpriority=\"high\" decoding=\"async\" width=\"750\" height=\"750\" src=\"https:\/\/www.upo.es\/investiga\/atlanrex\/wp-content\/uploads\/2026\/01\/2022_pablo.hernandez_sau-1024x1024.png\" class=\"attachment-large size-large wp-image-8629\" alt=\"\" srcset=\"https:\/\/www.upo.es\/investiga\/atlanrex\/wp-content\/uploads\/2026\/01\/2022_pablo.hernandez_sau-1024x1024.png 1024w, https:\/\/www.upo.es\/investiga\/atlanrex\/wp-content\/uploads\/2026\/01\/2022_pablo.hernandez_sau-300x300.png 300w, https:\/\/www.upo.es\/investiga\/atlanrex\/wp-content\/uploads\/2026\/01\/2022_pablo.hernandez_sau-150x150.png 150w, https:\/\/www.upo.es\/investiga\/atlanrex\/wp-content\/uploads\/2026\/01\/2022_pablo.hernandez_sau-768x768.png 768w, https:\/\/www.upo.es\/investiga\/atlanrex\/wp-content\/uploads\/2026\/01\/2022_pablo.hernandez_sau-600x600.png 600w, https:\/\/www.upo.es\/investiga\/atlanrex\/wp-content\/uploads\/2026\/01\/2022_pablo.hernandez_sau-650x650.png 650w, https:\/\/www.upo.es\/investiga\/atlanrex\/wp-content\/uploads\/2026\/01\/2022_pablo.hernandez_sau.png 1100w\" sizes=\"(max-width: 750px) 100vw, 750px\" \/>\t\t\t\t\t\t\t\t\t\t\t\t\t\t\t<\/div>\n\t\t\t\t<\/div>\n\t\t\t\t\t<\/div>\n\t\t<\/div>\n\t\t\t\t<div class=\"elementor-column elementor-col-50 elementor-top-column elementor-element elementor-element-a3b49e6\" data-id=\"a3b49e6\" data-element_type=\"column\" data-e-type=\"column\">\n\t\t\t<div class=\"elementor-widget-wrap elementor-element-populated\">\n\t\t\t\t\t\t<div class=\"elementor-element elementor-element-f9d4ada elementor-widget elementor-widget-text-editor\" data-id=\"f9d4ada\" data-element_type=\"widget\" data-e-type=\"widget\" data-widget_type=\"text-editor.default\">\n\t\t\t\t<div class=\"elementor-widget-container\">\n\t\t\t\t\t\t\t\t\t<p><span>Pablo Hern\u00e1ndez Sau es licenciado en Historia por la Universidad Aut\u00f3noma de Madrid y doctor en History and Civilisation por el European University Institute de Florencia, con la tesis \u201cA \u2018Global\u2019 Casa? The Bouligny Family (1700\u20131800)\u201d. Desde 2025 es investigador postdoctoral Junta de Andaluc\u00eda-2024 en la Universidad Pablo de Olavide, donde desarrolla el proyecto\u00a0<\/span><i>RIBERAS: Movilidad y r\u00edos coloniales en imperios ib\u00e9ricos de la temprana edad contempor\u00e1nea (1750-1830).<\/i><span>\u00a0Anteriormente, fue investigador postdoctoral Marie Sklodowska-Curie en el Centro de Humanidades (CHAM) de la Universidade NOVA de Lisboa. Tambi\u00e9n ha sido investigador postdoctoral Juan de la Cierva en la Universitat Pompeu Fabra (2022\u20132024), as\u00ed como en el Madrid Institute for Advanced Studies (MIAS) de la Casa de Vel\u00e1zquez (2021\u20132022) y en la University of Manchester (2020\u20132021)<\/span><\/p><p><span>Hern\u00e1ndez Sau est\u00e1 especializado en historia de la movilidad, la transculturalidad y la historia global en los mundos ib\u00e9ricos del largo siglo XVIII. Su investigaci\u00f3n se centra en las experiencias de desplazamiento, las negociaciones de la diversidad cultural y social, as\u00ed como en los procesos pol\u00edticos de reformulaci\u00f3n borb\u00f3nica y pombalina en los imperios espa\u00f1ol y portugu\u00e9s. En los \u00faltimos a\u00f1os, sus trabajos se han enfocado en la Luisiana, Mozambique y los valles del Misisipi\u00a0y el Zambeze, donde desarrolla una nueva l\u00ednea de investigaci\u00f3n sobre pol\u00edticas de movilidad en la era revolucionaria y ecolog\u00eda pol\u00edtica en contextos fluviales coloniales. Como resultado de estas investigaciones, ha publicado art\u00edculos en revistas de alto impacto como\u00a0<\/span><i>Historia Cr\u00edtica, M\u00e9langes de la Casa de Vel\u00e1zquez<span>\u00a0<\/span><\/i><span>y\u00a0<\/span><i>Journal of Iberian &amp; Latin American Studies<\/i><span>, adem\u00e1s de cap\u00edtulos de libro y una monograf\u00eda en preparaci\u00f3n para Routledge (prevista para 2026).<\/span><\/p>\t\t\t\t\t\t\t\t<\/div>\n\t\t\t\t<\/div>\n\t\t\t\t\t<\/div>\n\t\t<\/div>\n\t\t\t\t\t<\/div>\n\t\t<\/section>\n\t\t\t\t<section class=\"elementor-section elementor-top-section elementor-element elementor-element-c76cf55 elementor-section-boxed elementor-section-height-default elementor-section-height-default\" data-id=\"c76cf55\" data-element_type=\"section\" data-e-type=\"section\">\n\t\t\t\t\t\t<div class=\"elementor-container elementor-column-gap-default\">\n\t\t\t\t\t<div class=\"elementor-column elementor-col-33 elementor-top-column elementor-element elementor-element-ee0dba7\" data-id=\"ee0dba7\" data-element_type=\"column\" data-e-type=\"column\">\n\t\t\t<div class=\"elementor-widget-wrap elementor-element-populated\">\n\t\t\t\t\t\t<div class=\"elementor-element elementor-element-3c56ad8 elementor-widget elementor-widget-image\" data-id=\"3c56ad8\" data-element_type=\"widget\" data-e-type=\"widget\" data-widget_type=\"image.default\">\n\t\t\t\t<div class=\"elementor-widget-container\">\n\t\t\t\t\t\t\t\t\t\t\t\t\t\t\t\t<a href=\"https:\/\/upo.academia.edu\/PabloHern%C3%A1ndezSau\">\n\t\t\t\t\t\t\t<img decoding=\"async\" width=\"150\" height=\"150\" src=\"https:\/\/www.upo.es\/investiga\/atlanrex\/wp-content\/uploads\/2024\/07\/unnamed-150x150.png\" class=\"attachment-thumbnail size-thumbnail wp-image-6756\" alt=\"\" srcset=\"https:\/\/www.upo.es\/investiga\/atlanrex\/wp-content\/uploads\/2024\/07\/unnamed-150x150.png 150w, https:\/\/www.upo.es\/investiga\/atlanrex\/wp-content\/uploads\/2024\/07\/unnamed-300x300.png 300w, https:\/\/www.upo.es\/investiga\/atlanrex\/wp-content\/uploads\/2024\/07\/unnamed.png 512w\" sizes=\"(max-width: 150px) 100vw, 150px\" \/>\t\t\t\t\t\t\t\t<\/a>\n\t\t\t\t\t\t\t\t\t\t\t\t\t\t\t<\/div>\n\t\t\t\t<\/div>\n\t\t\t\t\t<\/div>\n\t\t<\/div>\n\t\t\t\t<div class=\"elementor-column elementor-col-33 elementor-top-column elementor-element elementor-element-097b991\" data-id=\"097b991\" data-element_type=\"column\" data-e-type=\"column\">\n\t\t\t<div class=\"elementor-widget-wrap elementor-element-populated\">\n\t\t\t\t\t\t<div class=\"elementor-element elementor-element-52a108e elementor-widget elementor-widget-image\" data-id=\"52a108e\" data-element_type=\"widget\" data-e-type=\"widget\" data-widget_type=\"image.default\">\n\t\t\t\t<div class=\"elementor-widget-container\">\n\t\t\t\t\t\t\t\t\t\t\t\t\t\t\t\t<a href=\"https:\/\/orcid.org\/my-orcid?orcid=0000-0002-7132-8228\">\n\t\t\t\t\t\t\t<img decoding=\"async\" width=\"150\" height=\"150\" src=\"https:\/\/www.upo.es\/investiga\/atlanrex\/wp-content\/uploads\/2024\/07\/orcid-og-image-150x150.png\" class=\"attachment-thumbnail size-thumbnail wp-image-6757\" alt=\"\" \/>\t\t\t\t\t\t\t\t<\/a>\n\t\t\t\t\t\t\t\t\t\t\t\t\t\t\t<\/div>\n\t\t\t\t<\/div>\n\t\t\t\t\t<\/div>\n\t\t<\/div>\n\t\t\t\t<div class=\"elementor-column elementor-col-33 elementor-top-column elementor-element elementor-element-48bd7b9\" data-id=\"48bd7b9\" data-element_type=\"column\" data-e-type=\"column\">\n\t\t\t<div class=\"elementor-widget-wrap elementor-element-populated\">\n\t\t\t\t\t\t<div class=\"elementor-element elementor-element-000aca0 elementor-widget elementor-widget-image\" data-id=\"000aca0\" data-element_type=\"widget\" data-e-type=\"widget\" data-widget_type=\"image.default\">\n\t\t\t\t<div class=\"elementor-widget-container\">\n\t\t\t\t\t\t\t\t\t\t\t\t\t\t\t\t<a href=\"https:\/\/dialnet.unirioja.es\/servlet\/autor?codigo=3225694\">\n\t\t\t\t\t\t\t<img loading=\"lazy\" decoding=\"async\" width=\"150\" height=\"150\" src=\"https:\/\/www.upo.es\/investiga\/atlanrex\/wp-content\/uploads\/2024\/07\/logodialnet-copia-150x150.png\" class=\"attachment-thumbnail size-thumbnail wp-image-6758\" alt=\"\" \/>\t\t\t\t\t\t\t\t<\/a>\n\t\t\t\t\t\t\t\t\t\t\t\t\t\t\t<\/div>\n\t\t\t\t<\/div>\n\t\t\t\t\t<\/div>\n\t\t<\/div>\n\t\t\t\t\t<\/div>\n\t\t<\/section>\n\t\t\t\t<\/div>\n\t\t","protected":false},"excerpt":{"rendered":"<p>PABLO HERN\u00c1NDEZ SAU Pablo Hern\u00e1ndez Sau es licenciado en Historia por la Universidad Aut\u00f3noma de Madrid y doctor en History and Civilisation por el European University Institute de Florencia, con la tesis \u201cA \u2018Global\u2019 Casa? The Bouligny Family (1700\u20131800)\u201d. Desde 2025 es investigador postdoctoral Junta de Andaluc\u00eda-2024 en la Universidad [&hellip;]<\/p>\n","protected":false},"author":1,"featured_media":0,"parent":0,"menu_order":0,"comment_status":"closed","ping_status":"closed","template":"page-templates\/template-pagebuilder-full-width.php","meta":{"_themeisle_gutenberg_block_has_review":false,"footnotes":""},"class_list":["post-8633","page","type-page","status-publish","hentry"],"_links":{"self":[{"href":"https:\/\/www.upo.es\/investiga\/atlanrex\/wp-json\/wp\/v2\/pages\/8633","targetHints":{"allow":["GET"]}}],"collection":[{"href":"https:\/\/www.upo.es\/investiga\/atlanrex\/wp-json\/wp\/v2\/pages"}],"about":[{"href":"https:\/\/www.upo.es\/investiga\/atlanrex\/wp-json\/wp\/v2\/types\/page"}],"author":[{"embeddable":true,"href":"https:\/\/www.upo.es\/investiga\/atlanrex\/wp-json\/wp\/v2\/users\/1"}],"replies":[{"embeddable":true,"href":"https:\/\/www.upo.es\/investiga\/atlanrex\/wp-json\/wp\/v2\/comments?post=8633"}],"version-history":[{"count":7,"href":"https:\/\/www.upo.es\/investiga\/atlanrex\/wp-json\/wp\/v2\/pages\/8633\/revisions"}],"predecessor-version":[{"id":8640,"href":"https:\/\/www.upo.es\/investiga\/atlanrex\/wp-json\/wp\/v2\/pages\/8633\/revisions\/8640"}],"wp:attachment":[{"href":"https:\/\/www.upo.es\/investiga\/atlanrex\/wp-json\/wp\/v2\/media?parent=8633"}],"curies":[{"name":"wp","href":"https:\/\/api.w.org\/{rel}","templated":true}]}}