{"id":112,"date":"2022-02-15T19:09:31","date_gmt":"2022-02-15T19:09:31","guid":{"rendered":"https:\/\/www.upo.es\/investiga\/atlas-celebraciones-historia-moderna-andalucia\/?page_id=112"},"modified":"2022-02-16T19:44:43","modified_gmt":"2022-02-16T19:44:43","slug":"inicio","status":"publish","type":"page","link":"https:\/\/www.upo.es\/investiga\/atlas-celebraciones-historia-moderna-andalucia\/","title":{"rendered":"Inicio"},"content":{"rendered":"\n<p>Este proyecto de investigaci\u00f3n pretende dar relevancia a lo festivo como una de las principales funciones de la ciudad en la Edad Moderna en Andaluc\u00eda. El objetivo consiste en analizar las relaciones que se establecen entre la morfolog\u00eda urbana y los usos de los espacios en las celebraciones p\u00fablicas, as\u00ed como la transformaci\u00f3n que se produce en la realidad cotidiana a trav\u00e9s del ornato ef\u00edmero, y como consecuencia ver la jerarqu\u00eda y el valor en la transformaci\u00f3n provisional de la realidad urbana. Los itinerarios se plasmar\u00e1n en cartograf\u00eda hist\u00f3rica coet\u00e1nea y actual, con la georreferenciaci\u00f3n de los caminos de la fiesta.<\/p>\n\n\n\n<p>Los miembros del equipo organizar\u00e1n acciones tales como seminarios, conferencias, y la celebraci\u00f3n de un congreso internacional, abierto a otros investigadores, los d\u00edas 14 y 15 de junio de 2022 en la Universidad Pablo de Olavide.\u00a0<\/p>\n\n\n\n<p>A estos encuentros se sumar\u00e1n varias publicaciones cient\u00edficas por el equipo del proyecto, las aportaciones de los\/AS participantes en el congreso, y la obra colectiva\u00a0<em>Atlas hist\u00f3rico de las celebraciones p\u00fablicas en las principales ciudades de Andaluc\u00eda durante la Edad Moderna.<\/em><\/p>\n\n\n\n<div class=\"wp-block-image\"><figure class=\"aligncenter size-large\"><img loading=\"lazy\" decoding=\"async\" width=\"1024\" height=\"151\" src=\"https:\/\/www.upo.es\/investiga\/atlas-celebraciones-historia-moderna-andalucia\/wp-content\/uploads\/2022\/02\/Logos-para-web-1024x151.jpg\" alt=\"\" class=\"wp-image-96\" srcset=\"https:\/\/www.upo.es\/investiga\/atlas-celebraciones-historia-moderna-andalucia\/wp-content\/uploads\/2022\/02\/Logos-para-web-1024x151.jpg 1024w, https:\/\/www.upo.es\/investiga\/atlas-celebraciones-historia-moderna-andalucia\/wp-content\/uploads\/2022\/02\/Logos-para-web-300x44.jpg 300w, https:\/\/www.upo.es\/investiga\/atlas-celebraciones-historia-moderna-andalucia\/wp-content\/uploads\/2022\/02\/Logos-para-web-768x113.jpg 768w, https:\/\/www.upo.es\/investiga\/atlas-celebraciones-historia-moderna-andalucia\/wp-content\/uploads\/2022\/02\/Logos-para-web-500x74.jpg 500w, https:\/\/www.upo.es\/investiga\/atlas-celebraciones-historia-moderna-andalucia\/wp-content\/uploads\/2022\/02\/Logos-para-web.jpg 1280w\" sizes=\"auto, (max-width: 1024px) 100vw, 1024px\" \/><\/figure><\/div>\n","protected":false},"excerpt":{"rendered":"<p>Este proyecto de investigaci\u00f3n pretende dar relevancia a lo festivo como una de las principales funciones de la ciudad en la Edad Moderna en Andaluc\u00eda. El objetivo consiste en analizar las relaciones que se establecen entre la morfolog\u00eda urbana y &hellip; <a href=\"https:\/\/www.upo.es\/investiga\/atlas-celebraciones-historia-moderna-andalucia\/\">Sigue leyendo <span class=\"meta-nav\">&rarr;<\/span><\/a><\/p>\n","protected":false},"author":1,"featured_media":0,"parent":0,"menu_order":0,"comment_status":"closed","ping_status":"closed","template":"","meta":{"footnotes":""},"class_list":["post-112","page","type-page","status-publish","hentry"],"_links":{"self":[{"href":"https:\/\/www.upo.es\/investiga\/atlas-celebraciones-historia-moderna-andalucia\/wp-json\/wp\/v2\/pages\/112","targetHints":{"allow":["GET"]}}],"collection":[{"href":"https:\/\/www.upo.es\/investiga\/atlas-celebraciones-historia-moderna-andalucia\/wp-json\/wp\/v2\/pages"}],"about":[{"href":"https:\/\/www.upo.es\/investiga\/atlas-celebraciones-historia-moderna-andalucia\/wp-json\/wp\/v2\/types\/page"}],"author":[{"embeddable":true,"href":"https:\/\/www.upo.es\/investiga\/atlas-celebraciones-historia-moderna-andalucia\/wp-json\/wp\/v2\/users\/1"}],"replies":[{"embeddable":true,"href":"https:\/\/www.upo.es\/investiga\/atlas-celebraciones-historia-moderna-andalucia\/wp-json\/wp\/v2\/comments?post=112"}],"version-history":[{"count":6,"href":"https:\/\/www.upo.es\/investiga\/atlas-celebraciones-historia-moderna-andalucia\/wp-json\/wp\/v2\/pages\/112\/revisions"}],"predecessor-version":[{"id":146,"href":"https:\/\/www.upo.es\/investiga\/atlas-celebraciones-historia-moderna-andalucia\/wp-json\/wp\/v2\/pages\/112\/revisions\/146"}],"wp:attachment":[{"href":"https:\/\/www.upo.es\/investiga\/atlas-celebraciones-historia-moderna-andalucia\/wp-json\/wp\/v2\/media?parent=112"}],"curies":[{"name":"wp","href":"https:\/\/api.w.org\/{rel}","templated":true}]}}