{"id":591,"date":"2025-09-16T11:57:47","date_gmt":"2025-09-16T09:57:47","guid":{"rendered":"https:\/\/www.upo.es\/investiga\/aty\/?page_id=591"},"modified":"2025-09-23T19:41:28","modified_gmt":"2025-09-23T17:41:28","slug":"inicio-2-2","status":"publish","type":"page","link":"https:\/\/www.upo.es\/investiga\/aty\/","title":{"rendered":"INICIO"},"content":{"rendered":"\n<p>Bienvenido al sitio web del proyecto ATY. Aqu\u00ed encontrar\u00e1s toda la informaci\u00f3n relacionada con el proyecto \u00ab<strong>Creaci\u00f3n de una red de laboratorios de ciencia de datos para investigaci\u00f3n y docencia en universidades p\u00fablicas del interior de Paraguay (ATY)<\/strong>\u00bb (2024UC107), financiado por la Agencia Andaluza de Cooperaci\u00f3n Internacional para el Desarrollo (<strong>AACID<\/strong>) de la Junta de Andaluc\u00eda, en el marco de la convocatoria de 2024 dirigido a las universidades de Andaluc\u00eda para la financiaci\u00f3n de proyectos de cooperaci\u00f3n internacional para el desarrollo.<\/p>\n\n\n\n<p class=\"mzb-paragraph mzb-paragraph-5a2563bc\"><strong>ATY<\/strong> es un proyecto liderado por la Universidad Pablo de Olavide (UPO), de Espa\u00f1a, que se desarrolla en colaboraci\u00f3n con tres universidades p\u00fablicas de Paraguay: Universidad Nacional de Concepci\u00f3n (UNC), la Universidad Nacional de Caaguaz\u00fa (UNCA) y la Universidad Nacional de Itap\u00faa (UNI).<\/p>\n\n\n\n<figure class=\"wp-block-image aligncenter size-large\"><img loading=\"lazy\" decoding=\"async\" width=\"1024\" height=\"768\" src=\"https:\/\/www.upo.es\/investiga\/aty\/wp-content\/uploads\/2025\/09\/aty_lab-1024x768.jpg\" alt=\"\" class=\"wp-image-458\" srcset=\"https:\/\/www.upo.es\/investiga\/aty\/wp-content\/uploads\/2025\/09\/aty_lab-1024x768.jpg 1024w, https:\/\/www.upo.es\/investiga\/aty\/wp-content\/uploads\/2025\/09\/aty_lab-300x225.jpg 300w, https:\/\/www.upo.es\/investiga\/aty\/wp-content\/uploads\/2025\/09\/aty_lab-768x576.jpg 768w, https:\/\/www.upo.es\/investiga\/aty\/wp-content\/uploads\/2025\/09\/aty_lab-1536x1152.jpg 1536w, https:\/\/www.upo.es\/investiga\/aty\/wp-content\/uploads\/2025\/09\/aty_lab-2048x1536.jpg 2048w\" sizes=\"auto, (max-width: 1024px) 100vw, 1024px\" \/><\/figure>\n\n\n\n<figure class=\"wp-block-image aligncenter size-large\"><img loading=\"lazy\" decoding=\"async\" width=\"1024\" height=\"125\" src=\"https:\/\/www.upo.es\/investiga\/aty\/wp-content\/uploads\/2025\/09\/logosATY-1-1024x125.png\" alt=\"\" class=\"wp-image-390\" srcset=\"https:\/\/www.upo.es\/investiga\/aty\/wp-content\/uploads\/2025\/09\/logosATY-1-1024x125.png 1024w, https:\/\/www.upo.es\/investiga\/aty\/wp-content\/uploads\/2025\/09\/logosATY-1-300x37.png 300w, https:\/\/www.upo.es\/investiga\/aty\/wp-content\/uploads\/2025\/09\/logosATY-1-768x94.png 768w, https:\/\/www.upo.es\/investiga\/aty\/wp-content\/uploads\/2025\/09\/logosATY-1.png 1396w\" sizes=\"auto, (max-width: 1024px) 100vw, 1024px\" \/><\/figure>\n\n\n\n<p>El apoyo de la Agencia Andaluza de Cooperaci\u00f3n Internacional para el Desarrollo (<strong>AACID<\/strong>) de la Junta de Andaluc\u00eda para la elaboraci\u00f3n de esta publicaci\u00f3n no constituye una aprobaci\u00f3n de su contenido, que refleja \u00fanicamente las opiniones de los autores, y la Junta de Andaluc\u00eda no puede hacerse responsable del uso que pueda hacerse de la informaci\u00f3n contenida en la misma.<\/p>\n","protected":false},"excerpt":{"rendered":"<p>Bienvenido al sitio web del proyecto ATY. Aqu\u00ed encontrar\u00e1s toda la informaci\u00f3n relacionada con el proyecto \u00abCreaci\u00f3n de una red<\/p>\n","protected":false},"author":1,"featured_media":0,"parent":0,"menu_order":0,"comment_status":"closed","ping_status":"closed","template":"","meta":{"colormag_page_container_layout":"default_layout","colormag_page_sidebar_layout":"default_layout","footnotes":""},"class_list":["post-591","page","type-page","status-publish","hentry"],"magazineBlocksPostFeaturedMedia":{"thumbnail":false,"medium":false,"medium_large":false,"large":false,"1536x1536":false,"2048x2048":false,"colormag-highlighted-post":false,"colormag-featured-post-medium":false,"colormag-featured-post-small":false,"colormag-featured-image":false,"colormag-default-news":false,"colormag-featured-image-large":false,"bdpp-medium":false},"magazineBlocksPostAuthor":{"name":"ATY","avatar":"https:\/\/secure.gravatar.com\/avatar\/c2f7ad7b264487de73f6ed444f1d2c5e9c44e7ffc32662ae04e21965607721c6?s=96&d=mm&r=g"},"magazineBlocksPostCommentsNumber":false,"magazineBlocksPostExcerpt":"Bienvenido al sitio web del proyecto ATY. Aqu\u00ed encontrar\u00e1s toda la informaci\u00f3n relacionada con el proyecto \u00abCreaci\u00f3n de una red","magazineBlocksPostCategories":[],"magazineBlocksPostViewCount":0,"magazineBlocksPostReadTime":2,"_links":{"self":[{"href":"https:\/\/www.upo.es\/investiga\/aty\/index.php\/wp-json\/wp\/v2\/pages\/591","targetHints":{"allow":["GET"]}}],"collection":[{"href":"https:\/\/www.upo.es\/investiga\/aty\/index.php\/wp-json\/wp\/v2\/pages"}],"about":[{"href":"https:\/\/www.upo.es\/investiga\/aty\/index.php\/wp-json\/wp\/v2\/types\/page"}],"author":[{"embeddable":true,"href":"https:\/\/www.upo.es\/investiga\/aty\/index.php\/wp-json\/wp\/v2\/users\/1"}],"replies":[{"embeddable":true,"href":"https:\/\/www.upo.es\/investiga\/aty\/index.php\/wp-json\/wp\/v2\/comments?post=591"}],"version-history":[{"count":3,"href":"https:\/\/www.upo.es\/investiga\/aty\/index.php\/wp-json\/wp\/v2\/pages\/591\/revisions"}],"predecessor-version":[{"id":681,"href":"https:\/\/www.upo.es\/investiga\/aty\/index.php\/wp-json\/wp\/v2\/pages\/591\/revisions\/681"}],"wp:attachment":[{"href":"https:\/\/www.upo.es\/investiga\/aty\/index.php\/wp-json\/wp\/v2\/media?parent=591"}],"curies":[{"name":"wp","href":"https:\/\/api.w.org\/{rel}","templated":true}]}}