{"id":17,"date":"2021-03-30T13:34:47","date_gmt":"2021-03-30T13:34:47","guid":{"rendered":"https:\/\/www.upo.es\/investiga\/capacesdecomunicar\/?page_id=17"},"modified":"2021-06-07T16:35:51","modified_gmt":"2021-06-07T16:35:51","slug":"politica-de-cookies","status":"publish","type":"page","link":"https:\/\/www.upo.es\/investiga\/capacesdecomunicar\/politica-de-cookies\/","title":{"rendered":"Pol\u00edtica de Cookies"},"content":{"rendered":"\n<p class=\"eplus-UYbjgO\">La presente Pol\u00edtica de Cookies (\u00abPol\u00edtica\u00bb) te informa de qu\u00e9 son las cookies y c\u00f3mo la propietaria de esta web las utiliza en la web <a rel=\"noreferrer noopener\" href=\"http:\/\/www.comintrad.es\" target=\"_blank\">capacesdecomunicar.es<\/a> o en cualquiera de sus productos o servicios (referidos en la presente pol\u00edtica como web o servicios).<\/p>\n\n\n\n<p class=\"eplus-yXq8QX\">Deber\u00edas leer esta Pol\u00edtica para entender qu\u00e9 tipo de cookies usamos, la informaci\u00f3n que recopilamos a trav\u00e9s de las cookies y c\u00f3mo se utiliza dicha informaci\u00f3n. Tambi\u00e9n incluye cu\u00e1les son tus opciones para aceptar o declinar las cookies. Para m\u00e1s informaci\u00f3n sobre c\u00f3mo usamos, almacenamos y garantizamos la seguridad de tus datos personales, por favor visita nuestra <a href=\"https:\/\/www.upo.es\/investiga\/comintrad\/politica-de-privacidad\/\" data-type=\"page\" data-id=\"142\" target=\"_blank\" rel=\"noreferrer noopener\">Pol\u00edtica de Privacidad<\/a>.<\/p>\n\n\n\n<h2 class=\"eplus-99woQK wp-block-heading\">\u00bfQu\u00e9 son las cookies?<\/h2>\n\n\n\n<p class=\"eplus-0hxHtM\">Las cookies son peque\u00f1os fragmentos de texto que se guardan en tu ordenador o en otros dispositivos electr\u00f3nicos cuando una web es abierta por un navegador. Se usan ampliamente para recordarte y recordar tus preferencias tanto para una visita \u00fanica (\u00aba trav\u00e9s de una sesi\u00f3n de cookie\u00bb) o para visitas m\u00faltiples (usando una \u00abcookie persistente\u00bb).<\/p>\n\n\n\n<p class=\"eplus-zy7kJT\">Las cookies de sesi\u00f3n son temporales y se usan durante el curso de su visita a esta web y caducan cuando se cierra sesi\u00f3n de la web.<\/p>\n\n\n\n<p class=\"eplus-M04AWp\">Las cookies persistentes se usan para recordar tus preferencias en la web y se quedan en tu ordenador o en tu dispositivo m\u00f3vil incluso despu\u00e9s de cerrar la sesi\u00f3n del navegador o incluso despu\u00e9s de reiniciarlo. Aseguran una experiencia coherente y eficiente mientras visitas nuestra web o usas nuestros servicios.&nbsp;<\/p>\n\n\n\n<p class=\"eplus-gqG12K\">Las cookies pueden estar configuradas por esta web (\u00abcookies de origen\u00bb), o por terceros, como por ejemplo los servicios anal\u00edticos de la web (\u00abcookies de terceros\u00bb). These third parties can recognize you when you visit our website and also when you visit certain other websites.<\/p>\n\n\n\n<h2 class=\"eplus-q8F9Ro wp-block-heading\">\u00bfQu\u00e9 tipos de cookies usamos?<\/h2>\n\n\n\n<h3 class=\"eplus-UsLpzx wp-block-heading\">Cookies necesarias<\/h3>\n\n\n\n<p class=\"eplus-cahkGP\">Las cookies necesarias nos permiten ofrecerte la mejor experiencia posible cuando accedes y naegas a trav\u00e9s de esta web y usas sus distintas funcionalides. Por ejemplo, estas cookies nos permiten reconocer si has creado una cuenta y te has logueado para acceder a contenido.<\/p>\n\n\n\n<h2 class=\"eplus-zxckug wp-block-heading\">\u00bfCu\u00e1les son las opciones de cookies?<\/h2>\n\n\n\n<p class=\"eplus-JVqtmq\">Si no te gusta la idea de usar cookies o ciertos tipos de cookies, puedes configurar tu navegador para que elimine las cookies y no aceptar nuevas. Si quieres saber sobre esto o quieres saber m\u00e1s de las cookies m\u00e1s puedes visitar la web <a href=\"https:\/\/www.internetcookies.org\" target=\"_blank\" rel=\"noreferrer noopener\">internetcookies.org<\/a><\/p>\n\n\n\n<p class=\"eplus-aQfJz7\">Sin embargo, ten en cuenta, que si borras cookies o no las aceptas, puedes no tener acceso a todas las funcionalidades de la web y a sus servicios.<\/p>\n\n\n\n<h2 class=\"eplus-uggQwc wp-block-heading\">Cambios y modificaciones<\/h2>\n\n\n\n<p class=\"eplus-J50NEG\">Nos reservamos el derecho a modificar en cualquier momento esta Pol\u00edtica en relaci\u00f3n a la web o los servicios, desde el momento en el que se sube una nueva actualizaci\u00f3n a la web. En caso de actualizaci\u00f3n de la Pol\u00edtica lo anunciaremos en la web a trav\u00e9s de una notificaci\u00f3n. Si contin\u00faas usando la web despu\u00e9s de dichos cambios est\u00e1s dando consentimiento a los mismos.<\/p>\n\n\n\n<h2 class=\"eplus-GQlqdm wp-block-heading\">Aceptaci\u00f3n de esta pol\u00edtica<\/h2>\n\n\n\n<p class=\"eplus-cT4Yov\">Confirmas que has le\u00eddo esta Pol\u00edtica y que estas de acuerdo con todos sus t\u00e9rminos y condiciones. Al usar esta web o sus servicios est\u00e1s dando tu consentimiento con esta Pol\u00edtica. Si no est\u00e1s de acuerdo con los t\u00e9rminos y condiciones de esta Pol\u00edtica no est\u00e1s autorizado a usar o acceder a la web o sus servicios.<\/p>\n\n\n\n<h2 class=\"eplus-5msKhs wp-block-heading\">Contacta con nosotros<\/h2>\n\n\n\n<p class=\"eplus-XwLfNl\">Si quieres ponerte en contacto con nosotros para entender m\u00e1s sobre nuestra Pol\u00edtica o deseas contactar para expresar tu preocupaci\u00f3n con alg\u00fan aspecto relacionado con las cookies, puedes hacerlo enviando un email a <strong><a href=\"mailto:hola@comintrad.com\">comintrad@upo.es<\/a><\/strong><\/p>\n\n\n\n<p class=\"eplus-RLPyVk\">Este documento fue actualizado por \u00faltima vez el 1de Junio de 2021.<\/p>\n\n\n\n<p class=\"eplus-lVYjly\">Esta pol\u00edtica ha sido creada con <a rel=\"noreferrer noopener\" href=\"https:\/\/www.websitepolicies.com\/blog\/sample-cookie-policy-template\" target=\"_blank\">WebsitePolicies<\/a> y traducida al espa\u00f1ol por <strong><a href=\"http:\/\/www.comintrad.es\">comintrad.es<\/a><\/strong>.<\/p>\n","protected":false},"excerpt":{"rendered":"<p>La presente Pol\u00edtica de Cookies (\u00abPol\u00edtica\u00bb) te informa de qu\u00e9 son las cookies y c\u00f3mo la propietaria de esta web las utiliza en la web capacesdecomunicar.es o en&hellip;<\/p>\n","protected":false},"author":1,"featured_media":0,"parent":0,"menu_order":0,"comment_status":"closed","ping_status":"closed","template":"","meta":{"_coblocks_attr":"","_coblocks_dimensions":"","_coblocks_responsive_height":"","_coblocks_accordion_ie_support":"","_uag_custom_page_level_css":"","footnotes":""},"class_list":["post-17","page","type-page","status-publish","has-post-thumbnail","hentry"],"uagb_featured_image_src":{"full":false,"thumbnail":false,"medium":false,"medium_large":false,"large":false,"1536x1536":false,"2048x2048":false,"post-thumbnail":false,"chaplin_preview_image_low_resolution":false,"chaplin_preview_image_high_resolution":false,"chaplin_fullscreen":false},"uagb_author_info":{"display_name":"capcom","author_link":"https:\/\/www.upo.es\/investiga\/capacesdecomunicar\/author\/capcom\/"},"uagb_comment_info":0,"uagb_excerpt":"La presente Pol\u00edtica de Cookies (\u00abPol\u00edtica\u00bb) te informa de qu\u00e9 son las cookies y c\u00f3mo la propietaria de esta web las utiliza en la web capacesdecomunicar.es o en&hellip;","_links":{"self":[{"href":"https:\/\/www.upo.es\/investiga\/capacesdecomunicar\/wp-json\/wp\/v2\/pages\/17","targetHints":{"allow":["GET"]}}],"collection":[{"href":"https:\/\/www.upo.es\/investiga\/capacesdecomunicar\/wp-json\/wp\/v2\/pages"}],"about":[{"href":"https:\/\/www.upo.es\/investiga\/capacesdecomunicar\/wp-json\/wp\/v2\/types\/page"}],"author":[{"embeddable":true,"href":"https:\/\/www.upo.es\/investiga\/capacesdecomunicar\/wp-json\/wp\/v2\/users\/1"}],"replies":[{"embeddable":true,"href":"https:\/\/www.upo.es\/investiga\/capacesdecomunicar\/wp-json\/wp\/v2\/comments?post=17"}],"version-history":[{"count":3,"href":"https:\/\/www.upo.es\/investiga\/capacesdecomunicar\/wp-json\/wp\/v2\/pages\/17\/revisions"}],"predecessor-version":[{"id":1761,"href":"https:\/\/www.upo.es\/investiga\/capacesdecomunicar\/wp-json\/wp\/v2\/pages\/17\/revisions\/1761"}],"wp:attachment":[{"href":"https:\/\/www.upo.es\/investiga\/capacesdecomunicar\/wp-json\/wp\/v2\/media?parent=17"}],"curies":[{"name":"wp","href":"https:\/\/api.w.org\/{rel}","templated":true}]}}