{"id":2288,"date":"2021-06-11T22:34:26","date_gmt":"2021-06-11T22:34:26","guid":{"rendered":"https:\/\/www.upo.es\/investiga\/capacesdecomunicar\/?page_id=2288"},"modified":"2021-06-19T13:17:04","modified_gmt":"2021-06-19T13:17:04","slug":"creditos","status":"publish","type":"page","link":"https:\/\/www.upo.es\/investiga\/capacesdecomunicar\/creditos\/","title":{"rendered":"Cr\u00e9ditos"},"content":{"rendered":"\n<p>A continuaci\u00f3n se enumeran las fuentes originales de los iconos y fotograf\u00edas que se han utilizado en las distintas composiciones:<\/p>\n\n\n\n<p><strong>Homepage<\/strong><\/p>\n\n\n\n<p><em>Cartel Capaces de Comunicar<\/em>, de Rodolfo Dom\u00ednguez Petit<\/p>\n\n\n\n<p><em>Icono Interfaz Cerebro-Ordenador<\/em>, EEG Cap&nbsp;de <a href=\"https:\/\/thenounproject.com\/civ4ec\">CIV<\/a>&nbsp;disponible en The Noun Project<\/p>\n\n\n\n<p><em>Icono Lectores Oculares<\/em>, Gaze Plot&nbsp;De&nbsp;<a href=\"https:\/\/thenounproject.com\/dennyhurkmans\">Denny Hurkmans<\/a> disponible en The Noun Project<\/p>\n\n\n\n<p><em>Iconos Dise\u00f1o de Pictogramas<\/em>, Icono pictograma de Sergio Palao de ARASAAC e Icono tableta de Landon Reed disponible en The Noun Project<\/p>\n\n\n\n<p><em>Iconos Barrido por pulsadores<\/em>, Icono Tableta con Pulsador de Sergio Palao de ARASAAC e Icono Bullseye de&nbsp;<a href=\"https:\/\/thenounproject.com\/jorgemallo\">Jorge Mallo<\/a>&nbsp;disponible en The Noun Project<\/p>\n\n\n\n<p><em>Icono Teclados Predictivos<\/em><\/p>\n\n\n\n<p><em>Icono Voces Artificiales<\/em>, Icono Sound wave de Nasik Lababan disponible en The Noun Project<\/p>\n\n\n\n<p><em>Foto Bradley Heaven y Daniel O\u2019Connor<\/em>, cortes\u00eda de ALLACCESSLIFE&nbsp;<\/p>\n\n\n\n<p><em>Foto Maurice Grinberg<\/em>, cortes\u00eda de Maurice Grinberg<\/p>\n\n\n\n<p><em>Foto de Sergio Palao<\/em>, cortes\u00eda de Maurice Grinberg<\/p>\n\n\n\n<p><em>Foto de Kathrin Lemler y David Strenzler<\/em>, cortes\u00eda de Kathrin Lemler<\/p>\n\n\n\n<p><em>Foto de Michael Clarke<\/em>, cortes\u00eda de Michael Clarke<\/p>\n\n\n\n<p><em>Foto de Annette Kitzinger<\/em>, cortes\u00eda de Kitzinger<\/p>\n\n\n\n<p><em>Foto de Javier Montaner<\/em>, cortes\u00eda de Javier Montaner<\/p>\n\n\n\n<p><em>Foto de Jens Boenisch<\/em>, cortes\u00eda de Jens Boenisch<\/p>\n\n\n\n<p><em>Foto de V\u00edctor Mart\u00ednez<\/em>, cortes\u00eda de V\u00edctor Mart\u00ednez<\/p>\n\n\n\n<p><em>Foto de Royden James y Juan Jos\u00e9 Bernal<\/em>, cortes\u00eda de Royden James y Juan Jos\u00e9 Bernal<\/p>\n\n\n\n<p><em>Foto de Inmaculada Hern\u00e1ez<\/em>, cortes\u00eda de Inmaculada Hern\u00e1ez<\/p>\n\n\n\n<p>Foto de Jos\u00e9 Andr\u00e9s Gonz\u00e1lez, cortes\u00eda de Jos\u00e9 Andr\u00e9s Gonz\u00e1lez<\/p>\n\n\n\n<p><strong>Organizaci\u00f3n<\/strong><\/p>\n\n\n\n<p><em>Foto de Ana Medina Reguera<\/em>, foto de Jes\u00fas Villar<\/p>\n\n\n\n<p><em>Foto Collage con miembros de COMINTRAD<\/em>, fotos de Jes\u00fas Villar<\/p>\n\n\n\n<p><strong>Programa y Ponentes<\/strong><\/p>\n\n\n\n<p><em>Foto Bradley Heaven y Daniel O\u2019Connor<\/em>, cortes\u00eda de ALLACCESSLIFE&nbsp;<\/p>\n\n\n\n<p><em>Foto Maurice Grinberg<\/em>, cortes\u00eda de Maurice Grinberg<\/p>\n\n\n\n<p><em>Foto de Sergio Palao<\/em>, cortes\u00eda de Maurice Grinberg<\/p>\n\n\n\n<p><em>Foto de Kathrin Lemler y David Strenzler<\/em>, cortes\u00eda de Kathrin Lemler<\/p>\n\n\n\n<p><em>Foto de Michael Clarke<\/em>, cortes\u00eda de Michael Clarke<\/p>\n\n\n\n<p><em>Foto de Annette Kitzinger<\/em>, cortes\u00eda de Kitzinger<\/p>\n\n\n\n<p><em>Foto de Javier Montaner<\/em>, cortes\u00eda de Javier Montaner<\/p>\n\n\n\n<p><em>Foto de Jens Boenisch<\/em>, cortes\u00eda de Jens Boenisch<\/p>\n\n\n\n<p><em>Foto de V\u00edctor Mart\u00ednez<\/em>, cortes\u00eda de V\u00edctor Mart\u00ednez<\/p>\n\n\n\n<p><em>Foto de Royden James y Juan Jos\u00e9 Bernal<\/em>, cortes\u00eda de Royden James y Juan Jos\u00e9 Bernal<\/p>\n\n\n\n<p><em>Foto de Inmaculada Hern\u00e1ez<\/em>, cortes\u00eda de Inmaculada Hern\u00e1ez<\/p>\n\n\n\n<p><em>Foto de Jos\u00e9 Andr\u00e9s Gonz\u00e1lez<\/em>, cortes\u00eda de Jos\u00e9 Andr\u00e9s Gonz\u00e1lez<\/p>\n\n\n\n<p><strong>Extras<\/strong><\/p>\n\n\n\n<p><em>Icono Prensa<\/em>, Document de\u00a0Anwar Hossain\u00a0disponible en The Noun Project<\/p>\n\n\n\n<p><em>Icono Bolet\u00edn de Noticias<\/em>, <\/p>\n\n\n\n<p><em>Icono Preguntas y Respuestas Frecuentes<\/em>, FAQ de Vectorstall disponible en the Noun Project<\/p>\n\n\n\n<p><em>Icono Recordatorios en el Calendario<\/em>, Calendar de Econceptive disponible en the Noun Project<\/p>\n\n\n\n<p><em>Icono Formulario de Preguntas<\/em>, <\/p>\n\n\n\n<p><em>Icono Inscripciones y Certificados<\/em>, Diploma\u00a0de\u00a0SuperNdre disponible en The Noun Project<\/p>\n\n\n\n<p><strong>Prensa<\/strong><\/p>\n\n\n\n<p><em>Icono Dossier Prensa<\/em>, Document de&nbsp;Anwar Hossain&nbsp;disponible en The Noun Project<\/p>\n\n\n\n<p><em>Icono Notas de Prensa<\/em>, Press de&nbsp;Adrian Coquet&nbsp;disponible en The Noun Project<\/p>\n\n\n\n<p><em>Icono Logos<\/em>, Rodolfo Dom\u00ednguez Petit<\/p>\n","protected":false},"excerpt":{"rendered":"<p>A continuaci\u00f3n se enumeran las fuentes originales de los iconos y fotograf\u00edas que se han utilizado en las distintas composiciones: Homepage Cartel Capaces de Comunicar, de Rodolfo Dom\u00ednguez&hellip;<\/p>\n","protected":false},"author":1,"featured_media":0,"parent":0,"menu_order":0,"comment_status":"closed","ping_status":"closed","template":"","meta":{"_coblocks_attr":"","_coblocks_dimensions":"","_coblocks_responsive_height":"","_coblocks_accordion_ie_support":"","_uag_custom_page_level_css":"","footnotes":""},"class_list":["post-2288","page","type-page","status-publish","has-post-thumbnail","hentry"],"uagb_featured_image_src":{"full":false,"thumbnail":false,"medium":false,"medium_large":false,"large":false,"1536x1536":false,"2048x2048":false,"post-thumbnail":false,"chaplin_preview_image_low_resolution":false,"chaplin_preview_image_high_resolution":false,"chaplin_fullscreen":false},"uagb_author_info":{"display_name":"capcom","author_link":"https:\/\/www.upo.es\/investiga\/capacesdecomunicar\/author\/capcom\/"},"uagb_comment_info":0,"uagb_excerpt":"A continuaci\u00f3n se enumeran las fuentes originales de los iconos y fotograf\u00edas que se han utilizado en las distintas composiciones: Homepage Cartel Capaces de Comunicar, de Rodolfo Dom\u00ednguez&hellip;","_links":{"self":[{"href":"https:\/\/www.upo.es\/investiga\/capacesdecomunicar\/wp-json\/wp\/v2\/pages\/2288","targetHints":{"allow":["GET"]}}],"collection":[{"href":"https:\/\/www.upo.es\/investiga\/capacesdecomunicar\/wp-json\/wp\/v2\/pages"}],"about":[{"href":"https:\/\/www.upo.es\/investiga\/capacesdecomunicar\/wp-json\/wp\/v2\/types\/page"}],"author":[{"embeddable":true,"href":"https:\/\/www.upo.es\/investiga\/capacesdecomunicar\/wp-json\/wp\/v2\/users\/1"}],"replies":[{"embeddable":true,"href":"https:\/\/www.upo.es\/investiga\/capacesdecomunicar\/wp-json\/wp\/v2\/comments?post=2288"}],"version-history":[{"count":5,"href":"https:\/\/www.upo.es\/investiga\/capacesdecomunicar\/wp-json\/wp\/v2\/pages\/2288\/revisions"}],"predecessor-version":[{"id":2596,"href":"https:\/\/www.upo.es\/investiga\/capacesdecomunicar\/wp-json\/wp\/v2\/pages\/2288\/revisions\/2596"}],"wp:attachment":[{"href":"https:\/\/www.upo.es\/investiga\/capacesdecomunicar\/wp-json\/wp\/v2\/media?parent=2288"}],"curies":[{"name":"wp","href":"https:\/\/api.w.org\/{rel}","templated":true}]}}