{"id":3235,"date":"2021-10-23T18:39:26","date_gmt":"2021-10-23T18:39:26","guid":{"rendered":"https:\/\/www.upo.es\/investiga\/capacesdecomunicar\/?page_id=3235"},"modified":"2021-10-23T20:45:56","modified_gmt":"2021-10-23T20:45:56","slug":"colaboradores","status":"publish","type":"page","link":"https:\/\/www.upo.es\/investiga\/capacesdecomunicar\/colaboradores\/","title":{"rendered":"Colaboradores"},"content":{"rendered":"\n<div class=\"wp-block-media-text alignwide is-stacked-on-mobile is-vertically-aligned-center is-style-default has-primary-color has-buttons-text-background-color has-text-color has-background\"><figure class=\"wp-block-media-text__media\"><a href=\"https:\/\/www.fecyt.es\/\"><img loading=\"lazy\" decoding=\"async\" width=\"637\" height=\"88\" src=\"https:\/\/www.upo.es\/investiga\/capacesdecomunicar\/wp-content\/uploads\/2021\/06\/FECYT-logo.png\" alt=\"Logo FECYT\" class=\"wp-image-2221 size-full\" srcset=\"https:\/\/www.upo.es\/investiga\/capacesdecomunicar\/wp-content\/uploads\/2021\/06\/FECYT-logo.png 637w, https:\/\/www.upo.es\/investiga\/capacesdecomunicar\/wp-content\/uploads\/2021\/06\/FECYT-logo-300x41.png 300w, https:\/\/www.upo.es\/investiga\/capacesdecomunicar\/wp-content\/uploads\/2021\/06\/FECYT-logo-540x75.png 540w\" sizes=\"auto, (max-width: 637px) 100vw, 637px\" \/><\/a><\/figure><div class=\"wp-block-media-text__content\">\n<p class=\"has-normal-font-size\"><strong>Capaces de Comunicar<\/strong> es un proyecto posible gracias a la colaboraci\u00f3n de la <a rel=\"noreferrer noopener\" href=\"https:\/\/www.fecyt.es\/\" target=\"_blank\"><strong>Fundaci\u00f3n para la Ciencia y la Tecnolog\u00eda (FECYT)<\/strong>.<\/a><\/p>\n<\/div><\/div>\n\n\n\n<div class=\"wp-block-columns alignwide is-layout-flex wp-container-core-columns-is-layout-9d6595d7 wp-block-columns-is-layout-flex\">\n<div class=\"wp-block-column is-layout-flow wp-block-column-is-layout-flow\">\n<p>Adem\u00e1s, tiene varios colaboradores que han apoyado de forma expl\u00edcita el proyecto y que comparten sus fines y conocen la dimensi\u00f3n social de que los sistemas alternativos y la tecnolog\u00eda que se usa para implementarlos sean cada vez m\u00e1s conocidos entre la poblaci\u00f3n. Agradecemos la adhesi\u00f3n de las siguientes organizaciones:\u00a0<\/p>\n<\/div>\n<\/div>\n\n\n\n<div class=\"wp-block-media-text alignwide is-stacked-on-mobile\" style=\"grid-template-columns:37% auto\"><figure class=\"wp-block-media-text__media\"><a href=\"https:\/\/alfasaac.com\/\"><img loading=\"lazy\" decoding=\"async\" width=\"988\" height=\"640\" src=\"https:\/\/www.upo.es\/investiga\/capacesdecomunicar\/wp-content\/uploads\/2021\/06\/Colaboradores_Asociacio\u0301n-Alfasaac.jpg\" alt=\"Logo de AlfaSAAC\" class=\"wp-image-2151 size-full\" srcset=\"https:\/\/www.upo.es\/investiga\/capacesdecomunicar\/wp-content\/uploads\/2021\/06\/Colaboradores_Asociacio\u0301n-Alfasaac.jpg 988w, https:\/\/www.upo.es\/investiga\/capacesdecomunicar\/wp-content\/uploads\/2021\/06\/Colaboradores_Asociacio\u0301n-Alfasaac-300x194.jpg 300w, https:\/\/www.upo.es\/investiga\/capacesdecomunicar\/wp-content\/uploads\/2021\/06\/Colaboradores_Asociacio\u0301n-Alfasaac-768x497.jpg 768w, https:\/\/www.upo.es\/investiga\/capacesdecomunicar\/wp-content\/uploads\/2021\/06\/Colaboradores_Asociacio\u0301n-Alfasaac-540x350.jpg 540w\" sizes=\"auto, (max-width: 988px) 100vw, 988px\" \/><\/a><\/figure><div class=\"wp-block-media-text__content\">\n<p class=\"has-large-font-size\"><strong>AlfaSAAC<\/strong><\/p>\n\n\n\n<p><br><strong><a href=\"https:\/\/alfasaac.com\/\" target=\"_blank\" rel=\"noreferrer noopener\">AlfaSAAC<\/a><\/strong> es una organizaci\u00f3n sin \u00e1nimo de lucro dedicada a promover y defender el derecho a la comunicaci\u00f3n y el acceso a la alfabetizaci\u00f3n de menores y personas con discapacidad que necesitan sistemas alternativos al habla natural. Su nombre viene de alfabetizaci\u00f3n y de SAAC (sistemas aumentativos y alternativos de comunicaci\u00f3n, del ingl\u00e9s augmentative and alternative communication systems). El portal web de <strong>AlfaSAAC<\/strong> recoge informaci\u00f3n validada cient\u00edficamente y contribuye a divulgar conocimiento e informaci\u00f3n sobre la CAA, bajo la premisa que todos los ni\u00f1os y ni\u00f1as, sin excepci\u00f3n, tienen que tener la oportunidad de aprender a comunicarse y a leer y escribir. La colaboraci\u00f3n en este proyecto incluye la revisi\u00f3n de terminolog\u00eda cient\u00edfica sobre CAA, la difusi\u00f3n del proyecto en redes sociales y el compromiso de vincular esta web sobre el proyecto con la web de AlfaSAAC, as\u00ed como el uso de los audiovisuales generados en el proyecto como material de apoyo en las formaciones de la asociaci\u00f3n.<\/p>\n<\/div><\/div>\n\n\n\n<div class=\"wp-block-media-text alignwide is-stacked-on-mobile is-vertically-aligned-center\" style=\"grid-template-columns:37% auto\"><figure class=\"wp-block-media-text__media\"><img loading=\"lazy\" decoding=\"async\" width=\"988\" height=\"640\" src=\"https:\/\/www.upo.es\/investiga\/capacesdecomunicar\/wp-content\/uploads\/2021\/06\/Colaboradores_Asociacio\u0301n-CERMI-Andalucia.jpg\" alt=\"Logo CERMI Andaluc\u00eda\" class=\"wp-image-2160 size-full\" srcset=\"https:\/\/www.upo.es\/investiga\/capacesdecomunicar\/wp-content\/uploads\/2021\/06\/Colaboradores_Asociacio\u0301n-CERMI-Andalucia.jpg 988w, https:\/\/www.upo.es\/investiga\/capacesdecomunicar\/wp-content\/uploads\/2021\/06\/Colaboradores_Asociacio\u0301n-CERMI-Andalucia-300x194.jpg 300w, https:\/\/www.upo.es\/investiga\/capacesdecomunicar\/wp-content\/uploads\/2021\/06\/Colaboradores_Asociacio\u0301n-CERMI-Andalucia-768x497.jpg 768w, https:\/\/www.upo.es\/investiga\/capacesdecomunicar\/wp-content\/uploads\/2021\/06\/Colaboradores_Asociacio\u0301n-CERMI-Andalucia-540x350.jpg 540w\" sizes=\"auto, (max-width: 988px) 100vw, 988px\" \/><\/figure><div class=\"wp-block-media-text__content\">\n<p class=\"has-large-font-size\"><strong>CERMI ANDALUC\u00cdA<\/strong><br><\/p>\n\n\n\n<p class=\"has-normal-font-size\"><a rel=\"noreferrer noopener\" href=\"https:\/\/www.cermiandalucia.es\/\" target=\"_blank\"><strong>CERMI Andaluc\u00eda<\/strong><\/a> es la plataforma unitaria de defensa de los derechos de la ciudadan\u00eda del sector de la discapacidad y representa a las personas con discapacidad y sus familias, sirviendo como interlocutor ante los poderes p\u00fablicos. Promueve la plenitud de derechos la no discriminaci\u00f3n, la igualdad de oportunidades, la emancipaci\u00f3n social y, en general, la mejora de las condiciones de vida de los ciudadanos\/as andaluces con discapacidad y de sus familias. La colaboraci\u00f3n de CERMI ANDALUC\u00cdA en el proyecto Capaces de Comunicar se centra en el apoyo institucional, as\u00ed como la participaci\u00f3n en la inauguraci\u00f3n del proyecto de su presidenta, Marta Castillo.<\/p>\n<\/div><\/div>\n\n\n\n<div class=\"wp-block-media-text alignwide is-stacked-on-mobile is-vertically-aligned-center\" style=\"grid-template-columns:37% auto\"><figure class=\"wp-block-media-text__media\"><img loading=\"lazy\" decoding=\"async\" width=\"988\" height=\"640\" src=\"https:\/\/www.upo.es\/investiga\/capacesdecomunicar\/wp-content\/uploads\/2021\/06\/Colaboradores_ASPACESevilla.jpg\" alt=\"Logo de ASPACE\" class=\"wp-image-2155 size-full\" srcset=\"https:\/\/www.upo.es\/investiga\/capacesdecomunicar\/wp-content\/uploads\/2021\/06\/Colaboradores_ASPACESevilla.jpg 988w, https:\/\/www.upo.es\/investiga\/capacesdecomunicar\/wp-content\/uploads\/2021\/06\/Colaboradores_ASPACESevilla-300x194.jpg 300w, https:\/\/www.upo.es\/investiga\/capacesdecomunicar\/wp-content\/uploads\/2021\/06\/Colaboradores_ASPACESevilla-768x497.jpg 768w, https:\/\/www.upo.es\/investiga\/capacesdecomunicar\/wp-content\/uploads\/2021\/06\/Colaboradores_ASPACESevilla-540x350.jpg 540w\" sizes=\"auto, (max-width: 988px) 100vw, 988px\" \/><\/figure><div class=\"wp-block-media-text__content\">\n<p class=\"has-large-font-size\"><strong>ASPACE<\/strong><\/p>\n\n\n\n<p><\/p>\n\n\n\n<p>La asociaci\u00f3n sevillana de par\u00e1lisis cerebral, miembro de <strong><a rel=\"noreferrer noopener\" href=\"https:\/\/aspaceandalucia.org\/\" target=\"_blank\">ASPACE Andaluc\u00eda<\/a><\/strong> y de Confederaci\u00f3n ASPACE, est\u00e1 muy pr\u00f3xima geogr\u00e1ficamente a la Universidad Pablo de Olavide y atiende desde hace cuarenta a\u00f1os al colectivo de personas con par\u00e1lisis cerebral y condiciones afines, que es uno de los grupos que se benefician de los sistemas aumentativos y alternativos para la comunicaci\u00f3n. <strong><a rel=\"noreferrer noopener\" href=\"http:\/\/www.aspacesevilla.org\/\" target=\"_blank\">ASPACE SEVILLA<\/a><\/strong> es una asociaci\u00f3n sin \u00e1nimo de lucro, declarada de Utilidad P\u00fablica, que desde sus inicios ha trabajado por mejorar la calidad de vida de las ni\u00f1os\/as, j\u00f3venes y adultos con par\u00e1lisis cerebral y sus familias. La Confederaci\u00f3n ASPACE es una de las plataformas de asociaciones m\u00e1s implicadas con la tecnolog\u00eda de apoyo para la comunicaci\u00f3n. La colaboraci\u00f3n de ASPACE SEVILLA en el proyecto gira en torno a la difusi\u00f3n de los audiovisuales a trav\u00e9s de los canales de la Confederaci\u00f3n.<\/p>\n<\/div><\/div>\n\n\n\n<div class=\"wp-block-media-text alignwide is-stacked-on-mobile is-vertically-aligned-center\" style=\"grid-template-columns:37% auto\"><figure class=\"wp-block-media-text__media\"><img loading=\"lazy\" decoding=\"async\" width=\"988\" height=\"640\" src=\"https:\/\/www.upo.es\/investiga\/capacesdecomunicar\/wp-content\/uploads\/2021\/06\/Colaboradores_FRB-1.jpg\" alt=\"Logo Fundaci\u00f3n Romper Barreras\" class=\"wp-image-2156 size-full\" srcset=\"https:\/\/www.upo.es\/investiga\/capacesdecomunicar\/wp-content\/uploads\/2021\/06\/Colaboradores_FRB-1.jpg 988w, https:\/\/www.upo.es\/investiga\/capacesdecomunicar\/wp-content\/uploads\/2021\/06\/Colaboradores_FRB-1-300x194.jpg 300w, https:\/\/www.upo.es\/investiga\/capacesdecomunicar\/wp-content\/uploads\/2021\/06\/Colaboradores_FRB-1-768x497.jpg 768w, https:\/\/www.upo.es\/investiga\/capacesdecomunicar\/wp-content\/uploads\/2021\/06\/Colaboradores_FRB-1-540x350.jpg 540w\" sizes=\"auto, (max-width: 988px) 100vw, 988px\" \/><\/figure><div class=\"wp-block-media-text__content\">\n<p class=\"has-large-font-size\"><strong>FUNDACI\u00d3N ROMPER BARRERAS<\/strong><\/p>\n\n\n\n<p><\/p>\n\n\n\n<p>La <a href=\"https:\/\/www.romperbarreras.org\/\" target=\"_blank\" rel=\"noreferrer noopener\"><strong>Fundaci\u00f3n Romper Barreras<\/strong><\/a> tiene como principal objetivo la difusi\u00f3n de la tecnolog\u00eda de apoyo, as\u00ed como facilitar su uso a las personas con discapacidad para mejorar su autonom\u00eda y calidad de vida. La Fundaci\u00f3n desarrolla, promueve, potencia y facilita el uso de la tecnolog\u00eda de apoyo y las mejoras de accesibilidad para mejorar la calidad de vida de las personas con discapacidad y sus entornos. Divulgan y premian a quienes rompen las m\u00faltiples barreras con las que cada d\u00eda se encuentran muchas personas de nuestro entorno. La Fundaci\u00f3n Romper Barreras colabora el proyecto Capaces de Comunicar apoyando y difundiendo sus contenidos a trav\u00e9s de sus canales.<\/p>\n<\/div><\/div>\n\n\n\n<div class=\"wp-block-group alignwide\"><div class=\"wp-block-group__inner-container is-layout-flow wp-block-group-is-layout-flow\">\n<p class=\"has-text-align-center has-buttons-text-background-color has-background\" style=\"font-size:28px\">Recibe actualizaciones del proyecto <em>Capaces de Comunicar<\/em> suscribi\u00e9ndote <strong><a rel=\"noreferrer noopener\" href=\"https:\/\/tinyletter.com\/capacesdecomunicar\" target=\"_blank\">aqu\u00ed<\/a> <\/strong>y sigue todos los contenidos en redes sociales usando el hashtag <strong><a href=\"https:\/\/www.upo.es\/investiga\/capacesdecomunicar\/wp-admin\/post.php?post=52&amp;action=edit#capacesdecomunicar\">#capacesdecomunicar<\/a><\/strong><\/p>\n<\/div><\/div>\n","protected":false},"excerpt":{"rendered":"<p>Capaces de Comunicar es un proyecto posible gracias a la colaboraci\u00f3n de la Fundaci\u00f3n para la Ciencia y la Tecnolog\u00eda (FECYT). Adem\u00e1s, tiene varios colaboradores que han apoyado&hellip;<\/p>\n","protected":false},"author":1,"featured_media":0,"parent":0,"menu_order":0,"comment_status":"closed","ping_status":"closed","template":"","meta":{"_coblocks_attr":"","_coblocks_dimensions":"","_coblocks_responsive_height":"","_coblocks_accordion_ie_support":"","_uag_custom_page_level_css":"","footnotes":""},"class_list":["post-3235","page","type-page","status-publish","has-post-thumbnail","hentry"],"uagb_featured_image_src":{"full":false,"thumbnail":false,"medium":false,"medium_large":false,"large":false,"1536x1536":false,"2048x2048":false,"post-thumbnail":false,"chaplin_preview_image_low_resolution":false,"chaplin_preview_image_high_resolution":false,"chaplin_fullscreen":false},"uagb_author_info":{"display_name":"capcom","author_link":"https:\/\/www.upo.es\/investiga\/capacesdecomunicar\/author\/capcom\/"},"uagb_comment_info":0,"uagb_excerpt":"Capaces de Comunicar es un proyecto posible gracias a la colaboraci\u00f3n de la Fundaci\u00f3n para la Ciencia y la Tecnolog\u00eda (FECYT). Adem\u00e1s, tiene varios colaboradores que han apoyado&hellip;","_links":{"self":[{"href":"https:\/\/www.upo.es\/investiga\/capacesdecomunicar\/wp-json\/wp\/v2\/pages\/3235","targetHints":{"allow":["GET"]}}],"collection":[{"href":"https:\/\/www.upo.es\/investiga\/capacesdecomunicar\/wp-json\/wp\/v2\/pages"}],"about":[{"href":"https:\/\/www.upo.es\/investiga\/capacesdecomunicar\/wp-json\/wp\/v2\/types\/page"}],"author":[{"embeddable":true,"href":"https:\/\/www.upo.es\/investiga\/capacesdecomunicar\/wp-json\/wp\/v2\/users\/1"}],"replies":[{"embeddable":true,"href":"https:\/\/www.upo.es\/investiga\/capacesdecomunicar\/wp-json\/wp\/v2\/comments?post=3235"}],"version-history":[{"count":12,"href":"https:\/\/www.upo.es\/investiga\/capacesdecomunicar\/wp-json\/wp\/v2\/pages\/3235\/revisions"}],"predecessor-version":[{"id":3252,"href":"https:\/\/www.upo.es\/investiga\/capacesdecomunicar\/wp-json\/wp\/v2\/pages\/3235\/revisions\/3252"}],"wp:attachment":[{"href":"https:\/\/www.upo.es\/investiga\/capacesdecomunicar\/wp-json\/wp\/v2\/media?parent=3235"}],"curies":[{"name":"wp","href":"https:\/\/api.w.org\/{rel}","templated":true}]}}