{"id":140,"date":"2020-11-06T22:11:43","date_gmt":"2020-11-06T21:11:43","guid":{"rendered":"https:\/\/www.upo.es\/investiga\/comintrad\/?page_id=140"},"modified":"2023-05-14T19:49:39","modified_gmt":"2023-05-14T17:49:39","slug":"transferencia","status":"publish","type":"page","link":"https:\/\/www.upo.es\/investiga\/comintrad\/transferencia\/","title":{"rendered":"Proyectos de Transferencia"},"content":{"rendered":"\n<h2 class=\"wp-block-heading eplus-MwPMJP\">Proyectos propios<\/h2>\n\n\n\n<div class=\"wp-block-query is-layout-flow wp-block-query-is-layout-flow\"><ul class=\"is-flex-container columns-3 wp-block-post-template is-layout-flow wp-block-post-template-is-layout-flow\"><li class=\"wp-block-post post-5105 post type-post status-publish format-standard has-post-thumbnail hentry category-proyectos category-proyectos-propios category-transferencia-propios\">\n<figure class=\"wp-block-post-featured-image\"><a href=\"https:\/\/www.upo.es\/investiga\/comintrad\/proyecto-exposicion-accesible-los-ruiz-florindo\/\" target=\"_self\"  ><img loading=\"lazy\" decoding=\"async\" width=\"1080\" height=\"729\" src=\"https:\/\/www.upo.es\/investiga\/comintrad\/wp-content\/uploads\/2022\/05\/Exposicio\u0301n-accesible-A-Florindo.jpg\" class=\"attachment-post-thumbnail size-post-thumbnail wp-post-image\" alt=\"\u00abExposici\u00f3n Accesible Los Ru\u00edz Florindo. Arquitectura Barroca desde Fuentes de Andaluc\u00eda\u00bb Contrato Art.83\/LOU\" style=\"object-fit:cover;\" srcset=\"https:\/\/www.upo.es\/investiga\/comintrad\/wp-content\/uploads\/2022\/05\/Exposicio\u0301n-accesible-A-Florindo.jpg 1080w, https:\/\/www.upo.es\/investiga\/comintrad\/wp-content\/uploads\/2022\/05\/Exposicio\u0301n-accesible-A-Florindo-300x203.jpg 300w, https:\/\/www.upo.es\/investiga\/comintrad\/wp-content\/uploads\/2022\/05\/Exposicio\u0301n-accesible-A-Florindo-1024x691.jpg 1024w, https:\/\/www.upo.es\/investiga\/comintrad\/wp-content\/uploads\/2022\/05\/Exposicio\u0301n-accesible-A-Florindo-768x518.jpg 768w, https:\/\/www.upo.es\/investiga\/comintrad\/wp-content\/uploads\/2022\/05\/Exposicio\u0301n-accesible-A-Florindo-540x365.jpg 540w\" sizes=\"(max-width: 1080px) 100vw, 1080px\" \/><\/a><\/figure>\n\n<h2 class=\"wp-block-post-title has-large-font-size\">\u00abExposici\u00f3n Accesible Los Ru\u00edz Florindo. Arquitectura Barroca desde Fuentes de Andaluc\u00eda\u00bb Contrato Art.83\/LOU<\/h2>\n<\/li><li class=\"wp-block-post post-4734 post type-post status-publish format-standard has-post-thumbnail hentry category-proyectos category-proyectos-propios category-transferencia-propios tag-caa tag-caa-asistida-por-tecnologia tag-comunicacion-aumentativa-y-alternativa tag-entrevistas tag-inteligencia-artificial tag-tecnologia tag-webinario\">\n<figure class=\"wp-block-post-featured-image\"><a href=\"https:\/\/www.upo.es\/investiga\/comintrad\/proyecto-capacesdecomunicar\/\" target=\"_self\"  ><img loading=\"lazy\" decoding=\"async\" width=\"1080\" height=\"729\" src=\"https:\/\/www.upo.es\/investiga\/comintrad\/wp-content\/uploads\/2021\/11\/Proyecto-ICDC.jpg\" class=\"attachment-post-thumbnail size-post-thumbnail wp-post-image\" alt=\"Capaces de Comunicar\" style=\"object-fit:cover;\" srcset=\"https:\/\/www.upo.es\/investiga\/comintrad\/wp-content\/uploads\/2021\/11\/Proyecto-ICDC.jpg 1080w, https:\/\/www.upo.es\/investiga\/comintrad\/wp-content\/uploads\/2021\/11\/Proyecto-ICDC-300x203.jpg 300w, https:\/\/www.upo.es\/investiga\/comintrad\/wp-content\/uploads\/2021\/11\/Proyecto-ICDC-1024x691.jpg 1024w, https:\/\/www.upo.es\/investiga\/comintrad\/wp-content\/uploads\/2021\/11\/Proyecto-ICDC-768x518.jpg 768w, https:\/\/www.upo.es\/investiga\/comintrad\/wp-content\/uploads\/2021\/11\/Proyecto-ICDC-540x365.jpg 540w\" sizes=\"(max-width: 1080px) 100vw, 1080px\" \/><\/a><\/figure>\n\n<h2 class=\"wp-block-post-title has-large-font-size\">Capaces de Comunicar<\/h2>\n<\/li><li class=\"wp-block-post post-4124 post type-post status-publish format-standard has-post-thumbnail hentry category-proyectos category-proyectos-propios category-transferencia-propios tag-ana-medina-es tag-fevida tag-lectura-facil tag-patricia-balaguer-es\">\n<figure class=\"wp-block-post-featured-image\"><a href=\"https:\/\/www.upo.es\/investiga\/comintrad\/proyecto-fevida\/\" target=\"_self\"  ><img loading=\"lazy\" decoding=\"async\" width=\"1080\" height=\"729\" src=\"https:\/\/www.upo.es\/investiga\/comintrad\/wp-content\/uploads\/2020\/07\/Proyecto-LectoFEVIDA_violeta.jpg\" class=\"attachment-post-thumbnail size-post-thumbnail wp-post-image\" alt=\"LectoFEVIDA\" style=\"object-fit:cover;\" srcset=\"https:\/\/www.upo.es\/investiga\/comintrad\/wp-content\/uploads\/2020\/07\/Proyecto-LectoFEVIDA_violeta.jpg 1080w, https:\/\/www.upo.es\/investiga\/comintrad\/wp-content\/uploads\/2020\/07\/Proyecto-LectoFEVIDA_violeta-300x203.jpg 300w, https:\/\/www.upo.es\/investiga\/comintrad\/wp-content\/uploads\/2020\/07\/Proyecto-LectoFEVIDA_violeta-1024x691.jpg 1024w, https:\/\/www.upo.es\/investiga\/comintrad\/wp-content\/uploads\/2020\/07\/Proyecto-LectoFEVIDA_violeta-768x518.jpg 768w, https:\/\/www.upo.es\/investiga\/comintrad\/wp-content\/uploads\/2020\/07\/Proyecto-LectoFEVIDA_violeta-540x365.jpg 540w\" sizes=\"(max-width: 1080px) 100vw, 1080px\" \/><\/a><\/figure>\n\n<h2 class=\"wp-block-post-title has-large-font-size\">LectoFEVIDA<\/h2>\n<\/li><\/ul><\/div>\n\n\n\n<div style=\"height:53px\" aria-hidden=\"true\" class=\"wp-block-spacer eplus-UyDvZr\"><\/div>\n\n\n\n<h2 class=\"wp-block-heading eplus-fYw12y\">Proyectos ajenos en los participan miembros de este grupo<\/h2>\n\n\n\n<div class=\"wp-block-query is-layout-flow wp-block-query-is-layout-flow\"><ul class=\"is-flex-container columns-3 wp-block-post-template is-layout-flow wp-block-post-template-is-layout-flow\"><li class=\"wp-block-post post-2229 post type-post status-publish format-standard has-post-thumbnail hentry category-proyectos category-proyectos-otros category-transferencia-otros tag-olga-koreneva tag-parlamento-europeo\">\n<figure class=\"wp-block-post-featured-image\"><a href=\"https:\/\/www.upo.es\/investiga\/comintrad\/iate-goes-audio\/\" target=\"_self\"  ><img loading=\"lazy\" decoding=\"async\" width=\"1080\" height=\"729\" src=\"https:\/\/www.upo.es\/investiga\/comintrad\/wp-content\/uploads\/2020\/10\/IATE-GOES-AUDIO-interviews.jpg\" class=\"attachment-post-thumbnail size-post-thumbnail wp-post-image\" alt=\"IATE goes audio\" style=\"object-fit:cover;\" srcset=\"https:\/\/www.upo.es\/investiga\/comintrad\/wp-content\/uploads\/2020\/10\/IATE-GOES-AUDIO-interviews.jpg 1080w, https:\/\/www.upo.es\/investiga\/comintrad\/wp-content\/uploads\/2020\/10\/IATE-GOES-AUDIO-interviews-300x203.jpg 300w, https:\/\/www.upo.es\/investiga\/comintrad\/wp-content\/uploads\/2020\/10\/IATE-GOES-AUDIO-interviews-1024x691.jpg 1024w, https:\/\/www.upo.es\/investiga\/comintrad\/wp-content\/uploads\/2020\/10\/IATE-GOES-AUDIO-interviews-768x518.jpg 768w, https:\/\/www.upo.es\/investiga\/comintrad\/wp-content\/uploads\/2020\/10\/IATE-GOES-AUDIO-interviews-540x365.jpg 540w\" sizes=\"(max-width: 1080px) 100vw, 1080px\" \/><\/a><\/figure>\n\n<h2 class=\"wp-block-post-title has-large-font-size\">IATE goes audio<\/h2>\n<\/li><\/ul><\/div>\n","protected":false},"excerpt":{"rendered":"<p>Proyectos propios Proyectos ajenos en los participan miembros de este grupo<\/p>\n","protected":false},"author":1,"featured_media":0,"parent":0,"menu_order":0,"comment_status":"closed","ping_status":"closed","template":"template-full-width.php","meta":{"footnotes":""},"class_list":["post-140","page","type-page","status-publish","has-post-thumbnail","hentry"],"_links":{"self":[{"href":"https:\/\/www.upo.es\/investiga\/comintrad\/wp-json\/wp\/v2\/pages\/140"}],"collection":[{"href":"https:\/\/www.upo.es\/investiga\/comintrad\/wp-json\/wp\/v2\/pages"}],"about":[{"href":"https:\/\/www.upo.es\/investiga\/comintrad\/wp-json\/wp\/v2\/types\/page"}],"author":[{"embeddable":true,"href":"https:\/\/www.upo.es\/investiga\/comintrad\/wp-json\/wp\/v2\/users\/1"}],"replies":[{"embeddable":true,"href":"https:\/\/www.upo.es\/investiga\/comintrad\/wp-json\/wp\/v2\/comments?post=140"}],"version-history":[{"count":34,"href":"https:\/\/www.upo.es\/investiga\/comintrad\/wp-json\/wp\/v2\/pages\/140\/revisions"}],"predecessor-version":[{"id":6978,"href":"https:\/\/www.upo.es\/investiga\/comintrad\/wp-json\/wp\/v2\/pages\/140\/revisions\/6978"}],"wp:attachment":[{"href":"https:\/\/www.upo.es\/investiga\/comintrad\/wp-json\/wp\/v2\/media?parent=140"}],"curies":[{"name":"wp","href":"https:\/\/api.w.org\/{rel}","templated":true}]}}