{"id":1463,"date":"2020-11-06T22:12:51","date_gmt":"2020-11-06T21:12:51","guid":{"rendered":"https:\/\/www.upo.es\/investiga\/comintrad\/investigacion-copy\/"},"modified":"2023-05-14T19:55:45","modified_gmt":"2023-05-14T17:55:45","slug":"innovacion","status":"publish","type":"page","link":"https:\/\/www.upo.es\/investiga\/comintrad\/innovacion\/","title":{"rendered":"Proyectos de Innovaci\u00f3n"},"content":{"rendered":"\n<h2 class=\"wp-block-heading eplus-NZVcDc\">Proyectos propios<\/h2>\n\n\n\n<div class=\"wp-block-query is-layout-flow wp-block-query-is-layout-flow\"><ul class=\"is-flex-container columns-3 wp-block-post-template is-layout-flow wp-block-post-template-is-layout-flow\"><li class=\"wp-block-post post-2216 post type-post status-publish format-standard has-post-thumbnail hentry category-innovacion-propia category-proyectos category-proyectos-propios tag-alice-stender tag-christiane-limbach tag-olga-koreneva tag-radio-wunderbar\">\n<figure class=\"wp-block-post-featured-image\"><a href=\"https:\/\/www.upo.es\/investiga\/comintrad\/radio-wunderbar\/\" target=\"_self\"  ><img loading=\"lazy\" decoding=\"async\" width=\"1080\" height=\"729\" src=\"https:\/\/www.upo.es\/investiga\/comintrad\/wp-content\/uploads\/2020\/11\/Proyecto-RW-micro.jpg\" class=\"attachment-post-thumbnail size-post-thumbnail wp-post-image\" alt=\"Radio Wunderbar\" style=\"object-fit:cover;\" srcset=\"https:\/\/www.upo.es\/investiga\/comintrad\/wp-content\/uploads\/2020\/11\/Proyecto-RW-micro.jpg 1080w, https:\/\/www.upo.es\/investiga\/comintrad\/wp-content\/uploads\/2020\/11\/Proyecto-RW-micro-300x203.jpg 300w, https:\/\/www.upo.es\/investiga\/comintrad\/wp-content\/uploads\/2020\/11\/Proyecto-RW-micro-1024x691.jpg 1024w, https:\/\/www.upo.es\/investiga\/comintrad\/wp-content\/uploads\/2020\/11\/Proyecto-RW-micro-768x518.jpg 768w, https:\/\/www.upo.es\/investiga\/comintrad\/wp-content\/uploads\/2020\/11\/Proyecto-RW-micro-540x365.jpg 540w\" sizes=\"(max-width: 1080px) 100vw, 1080px\" \/><\/a><\/figure>\n\n<h2 class=\"wp-block-post-title has-large-font-size\">Radio Wunderbar<\/h2>\n<\/li><li class=\"wp-block-post post-2243 post type-post status-publish format-standard has-post-thumbnail hentry category-innovacion-propia category-proyectos category-proyectos-propios tag-alice-stender tag-christiane-limbach tag-innovacion-docente tag-interpretacion tag-olga-koreneva\">\n<figure class=\"wp-block-post-featured-image\"><a href=\"https:\/\/www.upo.es\/investiga\/comintrad\/aplicacion-de-los-ultimos-hallazgos-de-las-ciencias-cognitivas\/\" target=\"_self\"  ><img loading=\"lazy\" decoding=\"async\" width=\"1080\" height=\"729\" src=\"https:\/\/www.upo.es\/investiga\/comintrad\/wp-content\/uploads\/2020\/11\/Proyecto-Innovacion-Ciencias-Cognitivas.jpg\" class=\"attachment-post-thumbnail size-post-thumbnail wp-post-image\" alt=\"Aplicaci\u00f3n de los \u00faltimos hallazgos de las Ciencias Cognitivas a varias asignaturas del Grado en TeI\" style=\"object-fit:cover;\" srcset=\"https:\/\/www.upo.es\/investiga\/comintrad\/wp-content\/uploads\/2020\/11\/Proyecto-Innovacion-Ciencias-Cognitivas.jpg 1080w, https:\/\/www.upo.es\/investiga\/comintrad\/wp-content\/uploads\/2020\/11\/Proyecto-Innovacion-Ciencias-Cognitivas-300x203.jpg 300w, https:\/\/www.upo.es\/investiga\/comintrad\/wp-content\/uploads\/2020\/11\/Proyecto-Innovacion-Ciencias-Cognitivas-1024x691.jpg 1024w, https:\/\/www.upo.es\/investiga\/comintrad\/wp-content\/uploads\/2020\/11\/Proyecto-Innovacion-Ciencias-Cognitivas-768x518.jpg 768w, https:\/\/www.upo.es\/investiga\/comintrad\/wp-content\/uploads\/2020\/11\/Proyecto-Innovacion-Ciencias-Cognitivas-540x365.jpg 540w\" sizes=\"(max-width: 1080px) 100vw, 1080px\" \/><\/a><\/figure>\n\n<h2 class=\"wp-block-post-title has-large-font-size\">Aplicaci\u00f3n de los \u00faltimos hallazgos de las Ciencias Cognitivas a varias asignaturas del Grado en TeI<\/h2>\n<\/li><li class=\"wp-block-post post-3340 post type-post status-publish format-standard has-post-thumbnail hentry category-innovacion-propia category-proyectos category-proyectos-propios tag-competencia-instrumental\">\n<figure class=\"wp-block-post-featured-image\"><a href=\"https:\/\/www.upo.es\/investiga\/comintrad\/desarrollo-de-la-competencia-instrumental-profesional-a-traves-de-la-gestion-de-proyectos-de-traduccion\/\" target=\"_self\"  ><img loading=\"lazy\" decoding=\"async\" width=\"1080\" height=\"729\" src=\"https:\/\/www.upo.es\/investiga\/comintrad\/wp-content\/uploads\/2021\/02\/Proyecto-Desarrollo-Competencia-Instrumental.jpg\" class=\"attachment-post-thumbnail size-post-thumbnail wp-post-image\" alt=\"Desarrollo de la competencia instrumental profesional a trav\u00e9s de la gesti\u00f3n de proyectos de traducci\u00f3n\" style=\"object-fit:cover;\" srcset=\"https:\/\/www.upo.es\/investiga\/comintrad\/wp-content\/uploads\/2021\/02\/Proyecto-Desarrollo-Competencia-Instrumental.jpg 1080w, https:\/\/www.upo.es\/investiga\/comintrad\/wp-content\/uploads\/2021\/02\/Proyecto-Desarrollo-Competencia-Instrumental-300x203.jpg 300w, https:\/\/www.upo.es\/investiga\/comintrad\/wp-content\/uploads\/2021\/02\/Proyecto-Desarrollo-Competencia-Instrumental-1024x691.jpg 1024w, https:\/\/www.upo.es\/investiga\/comintrad\/wp-content\/uploads\/2021\/02\/Proyecto-Desarrollo-Competencia-Instrumental-768x518.jpg 768w, https:\/\/www.upo.es\/investiga\/comintrad\/wp-content\/uploads\/2021\/02\/Proyecto-Desarrollo-Competencia-Instrumental-540x365.jpg 540w\" sizes=\"(max-width: 1080px) 100vw, 1080px\" \/><\/a><\/figure>\n\n<h2 class=\"wp-block-post-title has-large-font-size\">Desarrollo de la competencia instrumental profesional a trav\u00e9s de la gesti\u00f3n de proyectos de traducci\u00f3n<\/h2>\n<\/li><li class=\"wp-block-post post-3337 post type-post status-publish format-standard has-post-thumbnail hentry category-innovacion-propia category-proyectos category-proyectos-propios tag-alice-stender tag-ana-medina-es tag-carmen-alvarez-es tag-traduccion-automatica\">\n<figure class=\"wp-block-post-featured-image\"><a href=\"https:\/\/www.upo.es\/investiga\/comintrad\/el-empleo-de-la-traduccion-automatica-y-la-postedicion-como-estrategias-de-desarrollo-de-la-capacidad-tematica-e-instrumental-profesional-en-la-traduccion-especializada\/\" target=\"_self\"  ><img loading=\"lazy\" decoding=\"async\" width=\"1080\" height=\"729\" src=\"https:\/\/www.upo.es\/investiga\/comintrad\/wp-content\/uploads\/2021\/02\/Proyecto-Posedicion.jpg\" class=\"attachment-post-thumbnail size-post-thumbnail wp-post-image\" alt=\"El empleo de la traducci\u00f3n autom\u00e1tica y la postedici\u00f3n como estrategias de desarrollo de la capacidad tem\u00e1tica e instrumental profesional en la traducci\u00f3n especializada\" style=\"object-fit:cover;\" srcset=\"https:\/\/www.upo.es\/investiga\/comintrad\/wp-content\/uploads\/2021\/02\/Proyecto-Posedicion.jpg 1080w, https:\/\/www.upo.es\/investiga\/comintrad\/wp-content\/uploads\/2021\/02\/Proyecto-Posedicion-300x203.jpg 300w, https:\/\/www.upo.es\/investiga\/comintrad\/wp-content\/uploads\/2021\/02\/Proyecto-Posedicion-1024x691.jpg 1024w, https:\/\/www.upo.es\/investiga\/comintrad\/wp-content\/uploads\/2021\/02\/Proyecto-Posedicion-768x518.jpg 768w, https:\/\/www.upo.es\/investiga\/comintrad\/wp-content\/uploads\/2021\/02\/Proyecto-Posedicion-540x365.jpg 540w\" sizes=\"(max-width: 1080px) 100vw, 1080px\" \/><\/a><\/figure>\n\n<h2 class=\"wp-block-post-title has-large-font-size\">El empleo de la traducci\u00f3n autom\u00e1tica y la postedici\u00f3n como estrategias de desarrollo de la capacidad tem\u00e1tica e instrumental profesional en la traducci\u00f3n especializada<\/h2>\n<\/li><li class=\"wp-block-post post-2257 post type-post status-publish format-standard has-post-thumbnail hentry category-innovacion-propia category-proyectos category-proyectos-propios tag-christiane-limbach tag-innovacion-docente\">\n<figure class=\"wp-block-post-featured-image\"><a href=\"https:\/\/www.upo.es\/investiga\/comintrad\/la-vida-y-la-obra-de-kathe-kollwitz-desde-distintas-disciplinas-academicas\/\" target=\"_self\"  ><img loading=\"lazy\" decoding=\"async\" width=\"1080\" height=\"729\" src=\"https:\/\/www.upo.es\/investiga\/comintrad\/wp-content\/uploads\/2020\/11\/Proyecto-Kathe-K.jpg\" class=\"attachment-post-thumbnail size-post-thumbnail wp-post-image\" alt=\"La Vida y la Obra de K\u00e4the Kollwitz desde distintas disciplinas acad\u00e9micas\" style=\"object-fit:cover;\" srcset=\"https:\/\/www.upo.es\/investiga\/comintrad\/wp-content\/uploads\/2020\/11\/Proyecto-Kathe-K.jpg 1080w, https:\/\/www.upo.es\/investiga\/comintrad\/wp-content\/uploads\/2020\/11\/Proyecto-Kathe-K-300x203.jpg 300w, https:\/\/www.upo.es\/investiga\/comintrad\/wp-content\/uploads\/2020\/11\/Proyecto-Kathe-K-1024x691.jpg 1024w, https:\/\/www.upo.es\/investiga\/comintrad\/wp-content\/uploads\/2020\/11\/Proyecto-Kathe-K-768x518.jpg 768w, https:\/\/www.upo.es\/investiga\/comintrad\/wp-content\/uploads\/2020\/11\/Proyecto-Kathe-K-540x365.jpg 540w\" sizes=\"(max-width: 1080px) 100vw, 1080px\" \/><\/a><\/figure>\n\n<h2 class=\"wp-block-post-title has-large-font-size\">La Vida y la Obra de K\u00e4the Kollwitz desde distintas disciplinas acad\u00e9micas<\/h2>\n<\/li><\/ul><\/div>\n\n\n\n<h2 class=\"wp-block-heading eplus-9vvVRH\">Proyectos ajenos en los participan miembros de este grupo<\/h2>\n\n\n\n<div class=\"wp-block-query is-layout-flow wp-block-query-is-layout-flow\"><ul class=\"is-flex-container columns-3 wp-block-post-template is-layout-flow wp-block-post-template-is-layout-flow\"><li class=\"wp-block-post post-2560 post type-post status-publish format-standard has-post-thumbnail hentry category-innovacion-otros category-proyectos category-proyectos-otros tag-cristina-ramirez tag-problemas-de-traduccion\">\n<figure class=\"wp-block-post-featured-image\"><a href=\"https:\/\/www.upo.es\/investiga\/comintrad\/problemtrad\/\" target=\"_self\"  ><img loading=\"lazy\" decoding=\"async\" width=\"1080\" height=\"729\" src=\"https:\/\/www.upo.es\/investiga\/comintrad\/wp-content\/uploads\/2021\/01\/Proyecto-ProblemTrad.jpg\" class=\"attachment-post-thumbnail size-post-thumbnail wp-post-image\" alt=\"Nueva metodolog\u00eda de an\u00e1lisis de problemas de traducci\u00f3n para la mejora de la formaci\u00f3n en competencias en el Aula de Traducci\u00f3n (ProblemTrad)\" style=\"object-fit:cover;\" srcset=\"https:\/\/www.upo.es\/investiga\/comintrad\/wp-content\/uploads\/2021\/01\/Proyecto-ProblemTrad.jpg 1080w, https:\/\/www.upo.es\/investiga\/comintrad\/wp-content\/uploads\/2021\/01\/Proyecto-ProblemTrad-300x203.jpg 300w, https:\/\/www.upo.es\/investiga\/comintrad\/wp-content\/uploads\/2021\/01\/Proyecto-ProblemTrad-1024x691.jpg 1024w, https:\/\/www.upo.es\/investiga\/comintrad\/wp-content\/uploads\/2021\/01\/Proyecto-ProblemTrad-768x518.jpg 768w, https:\/\/www.upo.es\/investiga\/comintrad\/wp-content\/uploads\/2021\/01\/Proyecto-ProblemTrad-540x365.jpg 540w\" sizes=\"(max-width: 1080px) 100vw, 1080px\" \/><\/a><\/figure>\n\n<h2 class=\"wp-block-post-title has-large-font-size\">Nueva metodolog\u00eda de an\u00e1lisis de problemas de traducci\u00f3n para la mejora de la formaci\u00f3n en competencias en el Aula de Traducci\u00f3n (ProblemTrad)<\/h2>\n<\/li><li class=\"wp-block-post post-2319 post type-post status-publish format-standard has-post-thumbnail hentry category-innovacion-otros category-proyectos category-proyectos-otros tag-christiane-limbach tag-traduccion-accesible\">\n<figure class=\"wp-block-post-featured-image\"><a href=\"https:\/\/www.upo.es\/investiga\/comintrad\/desam\/\" target=\"_self\"  ><img loading=\"lazy\" decoding=\"async\" width=\"1080\" height=\"729\" src=\"https:\/\/www.upo.es\/investiga\/comintrad\/wp-content\/uploads\/2020\/11\/Proyecto-Desam.jpg\" class=\"attachment-post-thumbnail size-post-thumbnail wp-post-image\" alt=\"Desarrollo de contenidos para sistemas de accesibilidad universal multiplataforma y de bajo coste de descripci\u00f3n, localizaci\u00f3n y guiado de edificios de la UGR (DESAM)\" style=\"object-fit:cover;\" srcset=\"https:\/\/www.upo.es\/investiga\/comintrad\/wp-content\/uploads\/2020\/11\/Proyecto-Desam.jpg 1080w, https:\/\/www.upo.es\/investiga\/comintrad\/wp-content\/uploads\/2020\/11\/Proyecto-Desam-300x203.jpg 300w, https:\/\/www.upo.es\/investiga\/comintrad\/wp-content\/uploads\/2020\/11\/Proyecto-Desam-1024x691.jpg 1024w, https:\/\/www.upo.es\/investiga\/comintrad\/wp-content\/uploads\/2020\/11\/Proyecto-Desam-768x518.jpg 768w, https:\/\/www.upo.es\/investiga\/comintrad\/wp-content\/uploads\/2020\/11\/Proyecto-Desam-540x365.jpg 540w\" sizes=\"(max-width: 1080px) 100vw, 1080px\" \/><\/a><\/figure>\n\n<h2 class=\"wp-block-post-title has-large-font-size\">Desarrollo de contenidos para sistemas de accesibilidad universal multiplataforma y de bajo coste de descripci\u00f3n, localizaci\u00f3n y guiado de edificios de la UGR (DESAM)<\/h2>\n<\/li><li class=\"wp-block-post post-2327 post type-post status-publish format-standard has-post-thumbnail hentry category-innovacion-otros category-proyectos category-proyectos-otros tag-accesibilidad tag-traduccion-accesible\">\n<figure class=\"wp-block-post-featured-image\"><a href=\"https:\/\/www.upo.es\/investiga\/comintrad\/tacto\/\" target=\"_self\"  ><img loading=\"lazy\" decoding=\"async\" width=\"1080\" height=\"729\" src=\"https:\/\/www.upo.es\/investiga\/comintrad\/wp-content\/uploads\/2020\/11\/TACTO.jpg\" class=\"attachment-post-thumbnail size-post-thumbnail wp-post-image\" alt=\"Traducci\u00f3n y Accesibilidad: Divulgaci\u00f3n accesible de la Ciencia \u2013 Ciencia para todos (TACTO)\" style=\"object-fit:cover;\" srcset=\"https:\/\/www.upo.es\/investiga\/comintrad\/wp-content\/uploads\/2020\/11\/TACTO.jpg 1080w, https:\/\/www.upo.es\/investiga\/comintrad\/wp-content\/uploads\/2020\/11\/TACTO-300x203.jpg 300w, https:\/\/www.upo.es\/investiga\/comintrad\/wp-content\/uploads\/2020\/11\/TACTO-1024x691.jpg 1024w, https:\/\/www.upo.es\/investiga\/comintrad\/wp-content\/uploads\/2020\/11\/TACTO-768x518.jpg 768w, https:\/\/www.upo.es\/investiga\/comintrad\/wp-content\/uploads\/2020\/11\/TACTO-540x365.jpg 540w\" sizes=\"(max-width: 1080px) 100vw, 1080px\" \/><\/a><\/figure>\n\n<h2 class=\"wp-block-post-title has-large-font-size\">Traducci\u00f3n y Accesibilidad: Divulgaci\u00f3n accesible de la Ciencia \u2013 Ciencia para todos (TACTO)<\/h2>\n<\/li><\/ul>\n\n\n\n<\/div>\n\n\n\n<div style=\"height:82px\" aria-hidden=\"true\" class=\"wp-block-spacer eplus-ASHrSc\"><\/div>\n\n\n\n<p class=\"eplus-wG9JIW\"><\/p>\n","protected":false},"excerpt":{"rendered":"<p>Proyectos propios Proyectos ajenos en los participan miembros de este grupo<\/p>\n","protected":false},"author":1,"featured_media":0,"parent":0,"menu_order":0,"comment_status":"closed","ping_status":"closed","template":"template-full-width.php","meta":{"footnotes":""},"class_list":["post-1463","page","type-page","status-publish","has-post-thumbnail","hentry"],"_links":{"self":[{"href":"https:\/\/www.upo.es\/investiga\/comintrad\/wp-json\/wp\/v2\/pages\/1463"}],"collection":[{"href":"https:\/\/www.upo.es\/investiga\/comintrad\/wp-json\/wp\/v2\/pages"}],"about":[{"href":"https:\/\/www.upo.es\/investiga\/comintrad\/wp-json\/wp\/v2\/types\/page"}],"author":[{"embeddable":true,"href":"https:\/\/www.upo.es\/investiga\/comintrad\/wp-json\/wp\/v2\/users\/1"}],"replies":[{"embeddable":true,"href":"https:\/\/www.upo.es\/investiga\/comintrad\/wp-json\/wp\/v2\/comments?post=1463"}],"version-history":[{"count":26,"href":"https:\/\/www.upo.es\/investiga\/comintrad\/wp-json\/wp\/v2\/pages\/1463\/revisions"}],"predecessor-version":[{"id":5845,"href":"https:\/\/www.upo.es\/investiga\/comintrad\/wp-json\/wp\/v2\/pages\/1463\/revisions\/5845"}],"wp:attachment":[{"href":"https:\/\/www.upo.es\/investiga\/comintrad\/wp-json\/wp\/v2\/media?parent=1463"}],"curies":[{"name":"wp","href":"https:\/\/api.w.org\/{rel}","templated":true}]}}