{"id":687,"date":"2022-05-14T11:57:48","date_gmt":"2022-05-14T11:57:48","guid":{"rendered":"https:\/\/www.upo.es\/investiga\/comvence\/?page_id=687"},"modified":"2023-05-23T10:48:39","modified_gmt":"2023-05-23T10:48:39","slug":"actividades","status":"publish","type":"page","link":"https:\/\/www.upo.es\/investiga\/comvence\/actividades\/","title":{"rendered":"Actividades"},"content":{"rendered":"<p>[et_pb_section fb_built=\u00bb1&#8243; fullwidth=\u00bbon\u00bb next_background_color=\u00bb#ffffff\u00bb admin_label=\u00bbHero\u00bb _builder_version=\u00bb4.17.4&#8243; _module_preset=\u00bbdefault\u00bb background_image=\u00bbhttps:\/\/www.upo.es\/investiga\/comvence\/wp-content\/uploads\/2022\/05\/Actividades.jpg\u00bb background_position=\u00bbtop_center\u00bb background_vertical_offset=\u00bb16%\u00bb custom_padding=\u00bb0px|0|0px|0px|false|false\u00bb filter_hue_rotate=\u00bb325deg\u00bb filter_saturate=\u00bb95%\u00bb filter_brightness=\u00bb176%\u00bb filter_contrast=\u00bb120%\u00bb bottom_divider_style=\u00bbcurve2&#8243; global_colors_info=\u00bb{}\u00bb][et_pb_fullwidth_header title=\u00bbActividades\u00bb text_orientation=\u00bbcenter\u00bb admin_label=\u00bbFullwidth Header\u00bb _builder_version=\u00bb4.16&#8243; _module_preset=\u00bbdefault\u00bb title_font=\u00bbShare Tech||||||||\u00bb title_text_align=\u00bbcenter\u00bb title_font_size=\u00bb80px\u00bb title_line_height=\u00bb1.2em\u00bb content_font=\u00bbOpen Sans||||||||\u00bb content_text_align=\u00bbcenter\u00bb content_font_size=\u00bb18px\u00bb content_line_height=\u00bb1.8em\u00bb background_color=\u00bbrgba(0,0,0,0)\u00bb use_background_color_gradient=\u00bbon\u00bb background_color_gradient_direction=\u00bb140deg\u00bb background_color_gradient_stops=\u00bbrgba(0,72,114,0.9) 0%|rgba(41,17,96,0.8) 100%\u00bb background_color_gradient_start=\u00bbrgba(0,72,114,0.9)\u00bb background_color_gradient_end=\u00bbrgba(41,17,96,0.8)\u00bb parallax=\u00bbon\u00bb parallax_method=\u00bbon\u00bb custom_button_one=\u00bbon\u00bb button_one_text_size=\u00bb15px\u00bb button_one_bg_color=\u00bb#ffa727&#8243; button_one_border_width=\u00bb15px\u00bb button_one_border_color=\u00bb#ffa727&#8243; button_one_border_radius=\u00bb100px\u00bb button_one_letter_spacing=\u00bb5px\u00bb button_one_font=\u00bbOpen Sans|700||on|||||\u00bb custom_margin=\u00bb|||\u00bb custom_padding=\u00bb7vw||7vw||true|\u00bb custom_padding_tablet=\u00bb100px||100px||true\u00bb custom_padding_phone=\u00bb|||\u00bb custom_padding_last_edited=\u00bbon|desktop\u00bb title_font_size_tablet=\u00bb60px\u00bb title_font_size_phone=\u00bb36px\u00bb title_font_size_last_edited=\u00bbon|phone\u00bb content_font_size_tablet=\u00bb\u00bb content_font_size_phone=\u00bb16px\u00bb content_font_size_last_edited=\u00bbon|phone\u00bb button_one_text_size_tablet=\u00bb\u00bb button_one_text_size_phone=\u00bb\u00bb button_one_text_size_last_edited=\u00bbon|desktop\u00bb button_one_border_color_hover=\u00bb#ff8a3d\u00bb button_one_border_radius_hover=\u00bb100px\u00bb button_one_letter_spacing_hover=\u00bb5px\u00bb button_one_bg_color_hover=\u00bb#ff8a3d\u00bb global_colors_info=\u00bb{}\u00bb button_one_text_size__hover_enabled=\u00bboff\u00bb button_two_text_size__hover_enabled=\u00bboff\u00bb button_one_text_color__hover_enabled=\u00bboff\u00bb button_two_text_color__hover_enabled=\u00bboff\u00bb button_one_border_width__hover_enabled=\u00bboff\u00bb button_two_border_width__hover_enabled=\u00bboff\u00bb button_one_border_color__hover_enabled=\u00bbon\u00bb button_one_border_color__hover=\u00bb#ff8a3d\u00bb button_two_border_color__hover_enabled=\u00bboff\u00bb button_one_border_radius__hover_enabled=\u00bbon\u00bb button_one_border_radius__hover=\u00bb100px\u00bb button_two_border_radius__hover_enabled=\u00bboff\u00bb button_one_letter_spacing__hover_enabled=\u00bbon\u00bb button_one_letter_spacing__hover=\u00bb5px\u00bb button_two_letter_spacing__hover_enabled=\u00bboff\u00bb button_one_bg_color__hover_enabled=\u00bbon\u00bb button_one_bg_color__hover=\u00bb#ff8a3d\u00bb button_two_bg_color__hover_enabled=\u00bboff\u00bb][\/et_pb_fullwidth_header][\/et_pb_section][et_pb_section fb_built=\u00bb1&#8243; admin_label=\u00bbOur Services\u00bb _builder_version=\u00bb4.16&#8243; _module_preset=\u00bbdefault\u00bb custom_margin=\u00bb-3px|||||\u00bb custom_padding=\u00bb||102px|||\u00bb global_colors_info=\u00bb{}\u00bb][et_pb_row _builder_version=\u00bb4.16&#8243; _module_preset=\u00bbdefault\u00bb custom_margin=\u00bb|||\u00bb custom_padding=\u00bb|||\u00bb global_colors_info=\u00bb{}\u00bb][et_pb_column type=\u00bb4_4&#8243; _builder_version=\u00bb4.16&#8243; _module_preset=\u00bbdefault\u00bb custom_padding=\u00bb|||\u00bb global_colors_info=\u00bb{}\u00bb custom_padding__hover=\u00bb|||\u00bb][et_pb_text _builder_version=\u00bb4.17.4&#8243; _module_preset=\u00bbdefault\u00bb text_font=\u00bbShare Tech||||||||\u00bb text_text_color=\u00bbrgba(0,0,0,0.02)\u00bb text_font_size=\u00bb100px\u00bb text_line_height=\u00bb0.2em\u00bb header_font=\u00bb||||||||\u00bb header_2_font=\u00bbShare Tech||||||||\u00bb header_2_font_size=\u00bb48px\u00bb header_2_line_height=\u00bb1.4em\u00bb text_orientation=\u00bbcenter\u00bb custom_margin=\u00bb||30px||false\u00bb custom_margin_tablet=\u00bb||0px|\u00bb custom_margin_phone=\u00bb\u00bb custom_margin_last_edited=\u00bbon|tablet\u00bb text_font_size_tablet=\u00bb80px\u00bb text_font_size_phone=\u00bb60px\u00bb text_font_size_last_edited=\u00bbon|desktop\u00bb header_2_font_size_tablet=\u00bb\u00bb header_2_font_size_phone=\u00bb36px\u00bb header_2_font_size_last_edited=\u00bbon|phone\u00bb global_colors_info=\u00bb{}\u00bb]<\/p>\n<p>ACTIVIDADES<\/p>\n<h2>Actividades<\/h2>\n<p>[\/et_pb_text][\/et_pb_column][\/et_pb_row][et_pb_row _builder_version=\u00bb4.16&#8243; _module_preset=\u00bbdefault\u00bb custom_margin=\u00bb|||\u00bb custom_padding=\u00bb|||\u00bb global_colors_info=\u00bb{}\u00bb][et_pb_column type=\u00bb4_4&#8243; _builder_version=\u00bb4.16&#8243; _module_preset=\u00bbdefault\u00bb custom_padding=\u00bb|||\u00bb global_colors_info=\u00bb{}\u00bb custom_padding__hover=\u00bb|||\u00bb][et_pb_blurb title=\u00bbSEMINARIOS DE INVESTIGACI\u00d3N\u00bb image_icon_background_color=\u00bbRGBA(255,255,255,0)\u00bb image=\u00bbhttps:\/\/www.upo.es\/investiga\/comvence\/wp-content\/uploads\/2022\/04\/layers_64px.png\u00bb _builder_version=\u00bb4.18.0&#8243; _module_preset=\u00bbdefault\u00bb header_font=\u00bbShare Tech||||||||\u00bb header_font_size=\u00bb26px\u00bb header_line_height=\u00bb1.2em\u00bb body_font=\u00bbOpen Sans||||||||\u00bb body_font_size=\u00bb18px\u00bb body_line_height=\u00bb1.8em\u00bb background_color=\u00bb#ffa727&#8243; text_orientation=\u00bbcenter\u00bb background_layout=\u00bbdark\u00bb custom_padding=\u00bb40px|30px|40px|30px|true|true\u00bb child_filter_brightness=\u00bb200%\u00bb animation_style=\u00bbfold\u00bb animation_delay=\u00bb300ms\u00bb animation=\u00bboff\u00bb border_color_all_image=\u00bbRGBA(255,255,255,0)\u00bb locked=\u00bboff\u00bb global_colors_info=\u00bb{}\u00bb][\/et_pb_blurb][\/et_pb_column][\/et_pb_row][et_pb_row column_structure=\u00bb1_2,1_2&#8243; _builder_version=\u00bb4.16&#8243; _module_preset=\u00bbdefault\u00bb custom_margin=\u00bb|||\u00bb custom_padding=\u00bb|||\u00bb global_colors_info=\u00bb{}\u00bb][et_pb_column type=\u00bb1_2&#8243; _builder_version=\u00bb4.16&#8243; _module_preset=\u00bbdefault\u00bb custom_padding=\u00bb|||\u00bb global_colors_info=\u00bb{}\u00bb custom_padding__hover=\u00bb|||\u00bb][et_pb_blurb image_icon_background_color=\u00bbRGBA(255,255,255,0)\u00bb image=\u00bbhttps:\/\/www.upo.es\/investiga\/comvence\/wp-content\/uploads\/2022\/04\/layers_64px.png\u00bb icon_placement=\u00bbleft\u00bb _builder_version=\u00bb4.18.0&#8243; _module_preset=\u00bbdefault\u00bb header_font=\u00bbShare Tech||||||||\u00bb header_font_size=\u00bb26px\u00bb header_line_height=\u00bb1.2em\u00bb body_font=\u00bbOpen Sans||||||||\u00bb body_font_size=\u00bb18px\u00bb body_line_height=\u00bb1.8em\u00bb background_color=\u00bb#ffa727&#8243; background_layout=\u00bbdark\u00bb custom_padding=\u00bb40px|30px|40px|30px|true|true\u00bb child_filter_brightness=\u00bb200%\u00bb animation_style=\u00bbfold\u00bb animation_delay=\u00bb300ms\u00bb animation=\u00bboff\u00bb border_color_all_image=\u00bbRGBA(255,255,255,0)\u00bb locked=\u00bboff\u00bb global_colors_info=\u00bb{}\u00bb]<\/p>\n<p><span style=\"font-weight: 400;\">1. <\/span><span style=\"font-weight: 400;\">30\/03\/2022.<\/span><\/p>\n<p><span style=\"font-weight: 400;\">Seminario sobre Denominaciones de Origen impartido por el reconocido experto en derecho internacional y empresas, <strong>Jes\u00fas Bores Lazo<\/strong>.<\/span><\/p>\n<p>[\/et_pb_blurb][\/et_pb_column][et_pb_column type=\u00bb1_2&#8243; _builder_version=\u00bb4.16&#8243; _module_preset=\u00bbdefault\u00bb custom_padding=\u00bb|||\u00bb global_colors_info=\u00bb{}\u00bb custom_padding__hover=\u00bb|||\u00bb][et_pb_image src=\u00bbhttps:\/\/www.upo.es\/investiga\/comvence\/wp-content\/uploads\/2023\/05\/Seminario-Jesus-Bores-1.jpg\u00bb _builder_version=\u00bb4.21.0&#8243; _module_preset=\u00bbdefault\u00bb width=\u00bb90%\u00bb module_alignment=\u00bbcenter\u00bb global_colors_info=\u00bb{}\u00bb][\/et_pb_image][\/et_pb_column][\/et_pb_row][et_pb_row column_structure=\u00bb1_2,1_2&#8243; _builder_version=\u00bb4.16&#8243; _module_preset=\u00bbdefault\u00bb custom_margin=\u00bb|||\u00bb custom_padding=\u00bb|||\u00bb global_colors_info=\u00bb{}\u00bb][et_pb_column type=\u00bb1_2&#8243; _builder_version=\u00bb4.16&#8243; _module_preset=\u00bbdefault\u00bb custom_padding=\u00bb|||\u00bb global_colors_info=\u00bb{}\u00bb custom_padding__hover=\u00bb|||\u00bb][et_pb_blurb image_icon_background_color=\u00bbRGBA(255,255,255,0)\u00bb image=\u00bbhttps:\/\/www.upo.es\/investiga\/comvence\/wp-content\/uploads\/2022\/04\/layers_64px.png\u00bb icon_placement=\u00bbleft\u00bb _builder_version=\u00bb4.18.0&#8243; _module_preset=\u00bbdefault\u00bb header_font=\u00bbShare Tech||||||||\u00bb header_font_size=\u00bb26px\u00bb header_line_height=\u00bb1.2em\u00bb body_font=\u00bbOpen Sans||||||||\u00bb body_font_size=\u00bb18px\u00bb body_line_height=\u00bb1.8em\u00bb background_color=\u00bb#ffa727&#8243; background_layout=\u00bbdark\u00bb custom_padding=\u00bb40px|30px|40px|30px|true|true\u00bb child_filter_brightness=\u00bb200%\u00bb animation_style=\u00bbfold\u00bb animation_delay=\u00bb300ms\u00bb animation=\u00bboff\u00bb border_color_all_image=\u00bbRGBA(255,255,255,0)\u00bb locked=\u00bboff\u00bb global_colors_info=\u00bb{}\u00bb]<\/p>\n<p><span style=\"font-weight: 400;\">2. <\/span><span style=\"font-weight: 400;\">20\/12\/2022<\/span><\/p>\n<p>Seminario sobre corpus biling\u00fces y su compilaci\u00f3n con Sketch Engine a cargo de <strong>Miguel \u00c1ngel Jim\u00e9nez-Crespo<\/strong>, Rutgers University.<\/p>\n<p>[\/et_pb_blurb][\/et_pb_column][et_pb_column type=\u00bb1_2&#8243; _builder_version=\u00bb4.18.0&#8243; _module_preset=\u00bbdefault\u00bb global_colors_info=\u00bb{}\u00bb][et_pb_image src=\u00bbhttps:\/\/www.upo.es\/investiga\/comvence\/wp-content\/uploads\/2023\/05\/Seminario-Miguel-Angel-Jimenez.jpg\u00bb _builder_version=\u00bb4.18.0&#8243; _module_preset=\u00bbdefault\u00bb width=\u00bb91%\u00bb module_alignment=\u00bbcenter\u00bb global_colors_info=\u00bb{}\u00bb][\/et_pb_image][\/et_pb_column][\/et_pb_row][et_pb_row column_structure=\u00bb1_2,1_2&#8243; _builder_version=\u00bb4.16&#8243; _module_preset=\u00bbdefault\u00bb custom_margin=\u00bb|||\u00bb custom_padding=\u00bb|||\u00bb global_colors_info=\u00bb{}\u00bb][et_pb_column type=\u00bb1_2&#8243; _builder_version=\u00bb4.16&#8243; _module_preset=\u00bbdefault\u00bb custom_padding=\u00bb|||\u00bb global_colors_info=\u00bb{}\u00bb custom_padding__hover=\u00bb|||\u00bb][et_pb_blurb image_icon_background_color=\u00bbRGBA(255,255,255,0)\u00bb image=\u00bbhttps:\/\/www.upo.es\/investiga\/comvence\/wp-content\/uploads\/2022\/04\/layers_64px.png\u00bb icon_placement=\u00bbleft\u00bb _builder_version=\u00bb4.18.0&#8243; _module_preset=\u00bbdefault\u00bb header_font=\u00bbShare Tech||||||||\u00bb header_font_size=\u00bb26px\u00bb header_line_height=\u00bb1.2em\u00bb body_font=\u00bbOpen Sans||||||||\u00bb body_font_size=\u00bb18px\u00bb body_line_height=\u00bb1.8em\u00bb background_color=\u00bb#ffa727&#8243; background_layout=\u00bbdark\u00bb custom_padding=\u00bb40px|30px|40px|30px|true|true\u00bb child_filter_brightness=\u00bb200%\u00bb animation_style=\u00bbfold\u00bb animation_delay=\u00bb300ms\u00bb animation=\u00bboff\u00bb border_color_all_image=\u00bbRGBA(255,255,255,0)\u00bb locked=\u00bboff\u00bb global_colors_info=\u00bb{}\u00bb]<\/p>\n<p><span style=\"font-weight: 400;\">3. <\/span><span style=\"font-weight: 400;\">13\/12\/2022<\/span><\/p>\n<p><span style=\"font-weight: 400;\">Seminario sobre mercado multilateral y relevancia estrat\u00e9gica del sector agroalimentario, impartido por <strong>Jes\u00fas Bores Lazo<\/strong>.<\/span><\/p>\n<p>[\/et_pb_blurb][\/et_pb_column][et_pb_column type=\u00bb1_2&#8243; _builder_version=\u00bb4.16&#8243; _module_preset=\u00bbdefault\u00bb custom_padding=\u00bb|||\u00bb global_colors_info=\u00bb{}\u00bb custom_padding__hover=\u00bb|||\u00bb][et_pb_image src=\u00bbhttps:\/\/www.upo.es\/investiga\/comvence\/wp-content\/uploads\/2023\/05\/Seminario-Jesus-Bores-2-1.jpg\u00bb align=\u00bbcenter\u00bb _builder_version=\u00bb4.21.0&#8243; _module_preset=\u00bbdefault\u00bb width=\u00bb90%\u00bb global_colors_info=\u00bb{}\u00bb][\/et_pb_image][\/et_pb_column][\/et_pb_row][et_pb_row column_structure=\u00bb1_2,1_2&#8243; _builder_version=\u00bb4.16&#8243; _module_preset=\u00bbdefault\u00bb custom_margin=\u00bb|||\u00bb custom_padding=\u00bb|||\u00bb global_colors_info=\u00bb{}\u00bb][et_pb_column type=\u00bb1_2&#8243; _builder_version=\u00bb4.16&#8243; _module_preset=\u00bbdefault\u00bb custom_padding=\u00bb|||\u00bb global_colors_info=\u00bb{}\u00bb custom_padding__hover=\u00bb|||\u00bb][et_pb_blurb image_icon_background_color=\u00bbRGBA(255,255,255,0)\u00bb image=\u00bbhttps:\/\/www.upo.es\/investiga\/comvence\/wp-content\/uploads\/2022\/04\/layers_64px.png\u00bb icon_placement=\u00bbleft\u00bb _builder_version=\u00bb4.21.0&#8243; _module_preset=\u00bbdefault\u00bb header_font=\u00bbShare Tech||||||||\u00bb header_font_size=\u00bb26px\u00bb header_line_height=\u00bb1.2em\u00bb body_font=\u00bbOpen Sans||||||||\u00bb body_font_size=\u00bb18px\u00bb body_line_height=\u00bb1.8em\u00bb background_color=\u00bb#ffa727&#8243; background_layout=\u00bbdark\u00bb custom_padding=\u00bb40px|30px|40px|30px|true|true\u00bb child_filter_brightness=\u00bb200%\u00bb animation_style=\u00bbfold\u00bb animation_delay=\u00bb300ms\u00bb animation=\u00bboff\u00bb border_color_all_image=\u00bbRGBA(255,255,255,0)\u00bb locked=\u00bboff\u00bb global_colors_info=\u00bb{}\u00bb]<\/p>\n<p><span style=\"font-weight: 400;\">4. <\/span><span style=\"font-weight: 400;\">04\/05\/2023<\/span><span style=\"font-weight: 400;\"><\/span><\/p>\n<p><span style=\"font-weight: 400;\">Seminario impartido por <strong>Lucas Nunes<\/strong>, de la Universidad de Bristol, sobre los efectos de la traducci\u00f3n autom\u00e1tica en los textos digitales.\u00a0<\/span><\/p>\n<p><span style=\"font-weight: 400;\"><\/span><\/p>\n<p><span style=\"font-weight: 400;\"><\/span><\/p>\n<p>[\/et_pb_blurb][\/et_pb_column][et_pb_column type=\u00bb1_2&#8243; _builder_version=\u00bb4.18.0&#8243; _module_preset=\u00bbdefault\u00bb global_colors_info=\u00bb{}\u00bb][et_pb_image src=\u00bbhttps:\/\/www.upo.es\/investiga\/comvence\/wp-content\/uploads\/2023\/05\/Lucas-Nunes-1.jpg\u00bb _builder_version=\u00bb4.21.0&#8243; _module_preset=\u00bbdefault\u00bb width=\u00bb90%\u00bb module_alignment=\u00bbcenter\u00bb global_colors_info=\u00bb{}\u00bb][\/et_pb_image][\/et_pb_column][\/et_pb_row][et_pb_row _builder_version=\u00bb4.21.0&#8243; _module_preset=\u00bbdefault\u00bb custom_margin=\u00bb|||\u00bb custom_padding=\u00bb|||\u00bb link_option_url=\u00bbhttps:\/\/www.upo.es\/investiga\/comvence\/congreso\/\u00bb link_option_url_new_window=\u00bbon\u00bb hover_enabled=\u00bb0&#8243; global_colors_info=\u00bb{}\u00bb sticky_enabled=\u00bb0&#8243;][et_pb_column type=\u00bb4_4&#8243; _builder_version=\u00bb4.16&#8243; _module_preset=\u00bbdefault\u00bb custom_padding=\u00bb|||\u00bb global_colors_info=\u00bb{}\u00bb custom_padding__hover=\u00bb|||\u00bb][et_pb_blurb title=\u00bbCONGRESO\u00bb image=\u00bbhttps:\/\/www.upo.es\/investiga\/comvence\/wp-content\/uploads\/2022\/04\/lifesaver_64px.png\u00bb _builder_version=\u00bb4.18.0&#8243; _module_preset=\u00bbdefault\u00bb header_font=\u00bbShare Tech||||||||\u00bb header_font_size=\u00bb26px\u00bb header_line_height=\u00bb1.2em\u00bb body_font=\u00bbOpen Sans||||||||\u00bb body_font_size=\u00bb18px\u00bb body_line_height=\u00bb1.8em\u00bb background_color=\u00bb#f1f1f1&#8243; text_orientation=\u00bbcenter\u00bb custom_padding=\u00bb40px|30px|40px|30px|true|true\u00bb animation_style=\u00bbfold\u00bb animation_delay=\u00bb150ms\u00bb animation=\u00bboff\u00bb hover_enabled=\u00bb0&#8243; locked=\u00bboff\u00bb global_colors_info=\u00bb{}\u00bb sticky_enabled=\u00bb0&#8243;]<\/p>\n<p>Los d\u00edas 25 y 26 de mayo de 2023 organizamos el congreso final del proyecto. Se trata de un congreso presencial en la Universidad Pablo de Olavide de Sevilla.<\/p>\n<p>[\/et_pb_blurb][\/et_pb_column][\/et_pb_row][et_pb_row _builder_version=\u00bb4.18.0&#8243; _module_preset=\u00bbdefault\u00bb custom_margin=\u00bb|||\u00bb custom_padding=\u00bb|||\u00bb link_option_url_new_window=\u00bbon\u00bb global_colors_info=\u00bb{}\u00bb][et_pb_column type=\u00bb4_4&#8243; _builder_version=\u00bb4.16&#8243; _module_preset=\u00bbdefault\u00bb custom_padding=\u00bb|||\u00bb global_colors_info=\u00bb{}\u00bb custom_padding__hover=\u00bb|||\u00bb][et_pb_blurb title=\u00bbTRANSFERENCIA\u00bb image=\u00bbhttps:\/\/www.upo.es\/investiga\/comvence\/wp-content\/uploads\/2022\/04\/line-icons-76.png\u00bb _builder_version=\u00bb4.18.0&#8243; _module_preset=\u00bbdefault\u00bb header_font=\u00bbShare Tech||||||||\u00bb header_font_size=\u00bb26px\u00bb header_line_height=\u00bb1.2em\u00bb body_font=\u00bbOpen Sans||||||||\u00bb body_font_size=\u00bb18px\u00bb body_line_height=\u00bb1.8em\u00bb background_color=\u00bb#15314e\u00bb text_orientation=\u00bbcenter\u00bb background_layout=\u00bbdark\u00bb custom_padding=\u00bb40px|30px|40px|30px|true|true\u00bb animation_style=\u00bbfold\u00bb animation_delay=\u00bb100ms\u00bb animation=\u00bboff\u00bb locked=\u00bboff\u00bb global_colors_info=\u00bb{}\u00bb]<\/p>\n<p>Generamos conocimiento y lo ponemos a disposici\u00f3n del sector empresarial y de los organismos p\u00fablicos de promoci\u00f3n y transformaci\u00f3n econ\u00f3mica.<\/p>\n<p>[\/et_pb_blurb][\/et_pb_column][\/et_pb_row][\/et_pb_section]<\/p>\n","protected":false},"excerpt":{"rendered":"<p>ACTIVIDADES Actividades1. 30\/03\/2022. Seminario sobre Denominaciones de Origen impartido por el reconocido experto en derecho internacional y empresas, Jes\u00fas Bores Lazo.2. 20\/12\/2022 Seminario sobre corpus biling\u00fces y su compilaci\u00f3n con Sketch Engine a cargo de Miguel \u00c1ngel Jim\u00e9nez-Crespo, Rutgers University.3. 13\/12\/2022 Seminario sobre mercado multilateral y relevancia estrat\u00e9gica del sector agroalimentario, impartido por Jes\u00fas Bores [&hellip;]<\/p>\n","protected":false},"author":1,"featured_media":0,"parent":0,"menu_order":0,"comment_status":"closed","ping_status":"closed","template":"","meta":{"_et_pb_use_builder":"on","_et_pb_old_content":"","_et_gb_content_width":""},"_links":{"self":[{"href":"https:\/\/www.upo.es\/investiga\/comvence\/wp-json\/wp\/v2\/pages\/687"}],"collection":[{"href":"https:\/\/www.upo.es\/investiga\/comvence\/wp-json\/wp\/v2\/pages"}],"about":[{"href":"https:\/\/www.upo.es\/investiga\/comvence\/wp-json\/wp\/v2\/types\/page"}],"author":[{"embeddable":true,"href":"https:\/\/www.upo.es\/investiga\/comvence\/wp-json\/wp\/v2\/users\/1"}],"replies":[{"embeddable":true,"href":"https:\/\/www.upo.es\/investiga\/comvence\/wp-json\/wp\/v2\/comments?post=687"}],"version-history":[{"count":21,"href":"https:\/\/www.upo.es\/investiga\/comvence\/wp-json\/wp\/v2\/pages\/687\/revisions"}],"predecessor-version":[{"id":1066,"href":"https:\/\/www.upo.es\/investiga\/comvence\/wp-json\/wp\/v2\/pages\/687\/revisions\/1066"}],"wp:attachment":[{"href":"https:\/\/www.upo.es\/investiga\/comvence\/wp-json\/wp\/v2\/media?parent=687"}],"curies":[{"name":"wp","href":"https:\/\/api.w.org\/{rel}","templated":true}]}}