{"id":771,"date":"2022-05-16T10:58:28","date_gmt":"2022-05-16T10:58:28","guid":{"rendered":"https:\/\/www.upo.es\/investiga\/comvence\/?page_id=771"},"modified":"2023-06-22T10:51:31","modified_gmt":"2023-06-22T10:51:31","slug":"publicaciones","status":"publish","type":"page","link":"https:\/\/www.upo.es\/investiga\/comvence\/publicaciones\/","title":{"rendered":"Publicaciones"},"content":{"rendered":"<p>[et_pb_section fb_built=\u00bb1&#8243; fullwidth=\u00bbon\u00bb next_background_color=\u00bb#ffffff\u00bb admin_label=\u00bbHero\u00bb _builder_version=\u00bb4.17.4&#8243; _module_preset=\u00bbdefault\u00bb background_image=\u00bbhttps:\/\/www.upo.es\/investiga\/comvence\/wp-content\/uploads\/2022\/05\/Publicaciones-2.jpg\u00bb custom_padding=\u00bb0px|0|0px|0px|false|false\u00bb filter_hue_rotate=\u00bb325deg\u00bb filter_saturate=\u00bb95%\u00bb filter_brightness=\u00bb176%\u00bb filter_contrast=\u00bb120%\u00bb bottom_divider_style=\u00bbcurve2&#8243; global_colors_info=\u00bb{}\u00bb][et_pb_fullwidth_header title=\u00bbPublicaciones\u00bb text_orientation=\u00bbcenter\u00bb admin_label=\u00bbFullwidth Header\u00bb _builder_version=\u00bb4.17.4&#8243; _module_preset=\u00bbdefault\u00bb title_font=\u00bbShare Tech||||||||\u00bb title_text_align=\u00bbcenter\u00bb title_font_size=\u00bb80px\u00bb title_line_height=\u00bb1.2em\u00bb content_font=\u00bbOpen Sans||||||||\u00bb content_text_align=\u00bbcenter\u00bb content_font_size=\u00bb18px\u00bb content_line_height=\u00bb1.8em\u00bb background_color=\u00bbrgba(0,0,0,0)\u00bb use_background_color_gradient=\u00bbon\u00bb background_color_gradient_direction=\u00bb140deg\u00bb background_color_gradient_stops=\u00bbrgba(0,72,114,0.9) 0%|rgba(41,17,96,0.8) 100%\u00bb background_color_gradient_start=\u00bbrgba(0,72,114,0.9)\u00bb background_color_gradient_end=\u00bbrgba(41,17,96,0.8)\u00bb parallax=\u00bbon\u00bb parallax_method=\u00bbon\u00bb custom_button_one=\u00bbon\u00bb button_one_text_size=\u00bb15px\u00bb button_one_bg_color=\u00bb#ffa727&#8243; button_one_border_width=\u00bb15px\u00bb button_one_border_color=\u00bb#ffa727&#8243; button_one_border_radius=\u00bb100px\u00bb button_one_letter_spacing=\u00bb5px\u00bb button_one_font=\u00bbOpen Sans|700||on|||||\u00bb custom_margin=\u00bb|||\u00bb custom_padding=\u00bb5vw||5vw||true|\u00bb custom_padding_tablet=\u00bb100px||100px||true\u00bb custom_padding_phone=\u00bb|||\u00bb custom_padding_last_edited=\u00bbon|desktop\u00bb title_font_size_tablet=\u00bb60px\u00bb title_font_size_phone=\u00bb36px\u00bb title_font_size_last_edited=\u00bbon|phone\u00bb content_font_size_tablet=\u00bb\u00bb content_font_size_phone=\u00bb16px\u00bb content_font_size_last_edited=\u00bbon|phone\u00bb button_one_text_size_tablet=\u00bb\u00bb button_one_text_size_phone=\u00bb\u00bb button_one_text_size_last_edited=\u00bbon|desktop\u00bb button_one_border_color_hover=\u00bb#ff8a3d\u00bb button_one_border_radius_hover=\u00bb100px\u00bb button_one_letter_spacing_hover=\u00bb5px\u00bb button_one_bg_color_hover=\u00bb#ff8a3d\u00bb global_colors_info=\u00bb{}\u00bb button_one_text_size__hover_enabled=\u00bboff\u00bb button_two_text_size__hover_enabled=\u00bboff\u00bb button_one_text_color__hover_enabled=\u00bboff\u00bb button_two_text_color__hover_enabled=\u00bboff\u00bb button_one_border_width__hover_enabled=\u00bboff\u00bb button_two_border_width__hover_enabled=\u00bboff\u00bb button_one_border_color__hover_enabled=\u00bbon\u00bb button_one_border_color__hover=\u00bb#ff8a3d\u00bb button_two_border_color__hover_enabled=\u00bboff\u00bb button_one_border_radius__hover_enabled=\u00bbon\u00bb button_one_border_radius__hover=\u00bb100px\u00bb button_two_border_radius__hover_enabled=\u00bboff\u00bb button_one_letter_spacing__hover_enabled=\u00bbon\u00bb button_one_letter_spacing__hover=\u00bb5px\u00bb button_two_letter_spacing__hover_enabled=\u00bboff\u00bb button_one_bg_color__hover_enabled=\u00bbon\u00bb button_one_bg_color__hover=\u00bb#ff8a3d\u00bb button_two_bg_color__hover_enabled=\u00bboff\u00bb][\/et_pb_fullwidth_header][\/et_pb_section][et_pb_section fb_built=\u00bb1&#8243; admin_label=\u00bbService Type\u00bb _builder_version=\u00bb4.16&#8243; _module_preset=\u00bbdefault\u00bb global_colors_info=\u00bb{}\u00bb][et_pb_row _builder_version=\u00bb4.16&#8243; _module_preset=\u00bbdefault\u00bb locked=\u00bboff\u00bb global_colors_info=\u00bb{}\u00bb][et_pb_column type=\u00bb4_4&#8243; _builder_version=\u00bb4.16&#8243; _module_preset=\u00bbdefault\u00bb custom_padding=\u00bb|||\u00bb global_colors_info=\u00bb{}\u00bb custom_padding__hover=\u00bb|||\u00bb][et_pb_text _builder_version=\u00bb4.21.0&#8243; _module_preset=\u00bbdefault\u00bb text_font=\u00bbOpen Sans||||||||\u00bb text_font_size=\u00bb18px\u00bb text_line_height=\u00bb1.8em\u00bb header_font=\u00bb||||||||\u00bb header_2_font=\u00bb||||||||\u00bb header_3_font=\u00bbShare Tech||||||||\u00bb header_3_font_size=\u00bb40px\u00bb header_3_line_height=\u00bb1.6em\u00bb hover_enabled=\u00bb0&#8243; locked=\u00bboff\u00bb global_colors_info=\u00bb{}\u00bb sticky_enabled=\u00bb0&#8243;]<\/p>\n<h3>Publicaciones<\/h3>\n<p><span style=\"font-weight: 400;\"><strong>1.<\/strong> <strong>Alonso, Elisa<\/strong> (2022). <\/span><a href=\"https:\/\/investiga.upo.es\/documentos\/636073ec224e4c54265575bb\" target=\"_blank\" rel=\"noopener\"><span style=\"font-weight: 400;\">Percepci\u00f3n social sobre la informaci\u00f3n en los medios p\u00fablicos y el entorno digital en distintos sistemas medi\u00e1ticos<\/span><\/a><span style=\"font-weight: 400;\"> Gesti\u00f3n de medios p\u00fablicos en el entorno digital: Nuevos valores, estrategias multiplataforma e internet de servicio p\u00fablico (Tirant Humanidades), 205-234.<\/span><\/p>\n<p><span style=\"font-weight: 400;\"><strong>2.<\/strong> <strong>\u00c1lvarez-Garc\u00eda, Carmen<\/strong> (2022): <\/span><i><span style=\"font-weight: 400;\">El componente ling\u00fc\u00edstico-cultural en la exportaci\u00f3n. Un estudio de caso<\/span><\/i><span style=\"font-weight: 400;\">. Sevilla: Editorial Universidad de Sevilla (Colecci\u00f3n Ling\u00fc\u00edstica, n.\u00ba 79) <\/span><a href=\"https:\/\/editorial.us.es\/es\/detalle-libro\/720427\/el-componente-lingistico-cultural-en-la-exportacion-un-estudio-de-caso\" target=\"_blank\" rel=\"noopener\"><span style=\"font-weight: 400;\">El componente ling\u00fc\u00edstico-cultural en la exportaci\u00f3n. Un estudio de caso. | Editorial de la Universidad de Sevilla (us.es)<\/span><\/a><\/p>\n<p><span style=\"font-weight: 400;\"><strong>3.<\/strong> <strong>Medina Reguera, Ana y Espa\u00f1a P\u00e9rez, Sergio<\/strong> (2022). \u201cLos G\u00e9neros Textuales Digitales En Los Museos: El Macrog\u00e9nero \u2018web\u2019 En Una Serie de Museos P\u00fablicos Andaluces.\u201d <i>CIMED22 &#8211; II Congreso Internacional de Museos y Estrategias Digitales<\/i>, Editorial Universitat Polit\u00e8cnica de Val\u00e8ncia, 2022, 259\u201373.<a href=\"https:\/\/doi.org\/10.4995\/CIMED22.2022.15657\" target=\"_blank\" rel=\"noopener\"> https:\/\/doi.org\/10.4995\/CIMED22.2022.15657<\/a><\/span><\/p>\n<p><span style=\"font-weight: 400;\"><strong>4.<\/strong> <strong>Medina Reguera, Ana y Ramirez Delgado, Cristina<\/strong> (2022). La tipificaci\u00f3n de errores en localizaci\u00f3n: propuesta de categorizaci\u00f3n para la traducci\u00f3n de hipertextos. <\/span><i><span style=\"font-weight: 400;\">Detecci\u00f3n y tratamiento de errores y erratas textuales: un diagn\u00f3stico para el siglo XXI. <\/span><\/i><span style=\"font-weight: 400;\">Madrid: Dykinson. 123-156.<\/span><\/p>\n<p><span style=\"font-weight: 400;\"><strong>5.<\/strong> <strong>P\u00e9rez \u00c1vila, Jes\u00fas<\/strong> (2022): \u201cLocalizaci\u00f3n espa\u00f1ol-ingl\u00e9s de sitios web de Consejos Reguladores de Indicaciones Geogr\u00e1ficas de aceite en Andaluc\u00eda y sus empresas miembro: an\u00e1lisis basado en un corpus\u201d. Trabajo de Fin de M\u00e1ster del M\u00e1ster Universitario en Comunicaci\u00f3n Internacional. Traducci\u00f3n e Interpretaci\u00f3n de la Universidad Pablo de Olavide, de Sevilla, dirigido por la Dra. Elisa Alonso.<\/span><\/p>\n<p><span style=\"font-weight: 400;\"><strong>6.<\/strong> <strong>Stender, Alice<\/strong> (2022). Los eufemismos de la crisis econ\u00f3mica en la prensa especializada alemana y espa\u00f1ola. En <\/span><i><span style=\"font-weight: 400;\">La traducci\u00f3n y sus meandros: diversas aproximaciones en el par de lenguas alem\u00e1n-espa\u00f1ol<\/span><\/i><span style=\"font-weight: 400;\">. Ediciones Universidad de Salamanca. 215\u2013229. <\/span><a href=\"https:\/\/www.eusal.es\/eusal\/catalog\/book\/978-84-1311-639-6\" target=\"_blank\" rel=\"noopener\"><span style=\"font-weight: 400;\">https:\/\/www.eusal.es\/eusal\/catalog\/book\/978-84-1311-639-6<\/span><\/a><\/p>\n<p>&nbsp;<\/p>\n<p>&nbsp;<\/p>\n<p>&nbsp;<\/p>\n<p>[\/et_pb_text][\/et_pb_column][\/et_pb_row][\/et_pb_section]<\/p>\n","protected":false},"excerpt":{"rendered":"<p>Publicaciones 1. Alonso, Elisa (2022). Percepci\u00f3n social sobre la informaci\u00f3n en los medios p\u00fablicos y el entorno digital en distintos sistemas medi\u00e1ticos Gesti\u00f3n de medios p\u00fablicos en el entorno digital: Nuevos valores, estrategias multiplataforma e internet de servicio p\u00fablico (Tirant Humanidades), 205-234. 2. \u00c1lvarez-Garc\u00eda, Carmen (2022): El componente ling\u00fc\u00edstico-cultural en la exportaci\u00f3n. Un estudio de [&hellip;]<\/p>\n","protected":false},"author":1,"featured_media":0,"parent":0,"menu_order":0,"comment_status":"closed","ping_status":"closed","template":"","meta":{"_et_pb_use_builder":"on","_et_pb_old_content":"","_et_gb_content_width":""},"_links":{"self":[{"href":"https:\/\/www.upo.es\/investiga\/comvence\/wp-json\/wp\/v2\/pages\/771"}],"collection":[{"href":"https:\/\/www.upo.es\/investiga\/comvence\/wp-json\/wp\/v2\/pages"}],"about":[{"href":"https:\/\/www.upo.es\/investiga\/comvence\/wp-json\/wp\/v2\/types\/page"}],"author":[{"embeddable":true,"href":"https:\/\/www.upo.es\/investiga\/comvence\/wp-json\/wp\/v2\/users\/1"}],"replies":[{"embeddable":true,"href":"https:\/\/www.upo.es\/investiga\/comvence\/wp-json\/wp\/v2\/comments?post=771"}],"version-history":[{"count":10,"href":"https:\/\/www.upo.es\/investiga\/comvence\/wp-json\/wp\/v2\/pages\/771\/revisions"}],"predecessor-version":[{"id":1108,"href":"https:\/\/www.upo.es\/investiga\/comvence\/wp-json\/wp\/v2\/pages\/771\/revisions\/1108"}],"wp:attachment":[{"href":"https:\/\/www.upo.es\/investiga\/comvence\/wp-json\/wp\/v2\/media?parent=771"}],"curies":[{"name":"wp","href":"https:\/\/api.w.org\/{rel}","templated":true}]}}