{"id":998,"date":"2023-05-17T12:21:08","date_gmt":"2023-05-17T12:21:08","guid":{"rendered":"https:\/\/www.upo.es\/investiga\/comvence\/?page_id=998"},"modified":"2023-06-22T11:45:20","modified_gmt":"2023-06-22T11:45:20","slug":"congreso","status":"publish","type":"page","link":"https:\/\/www.upo.es\/investiga\/comvence\/congreso\/","title":{"rendered":"Congreso"},"content":{"rendered":"<p>[et_pb_section fb_built=\u00bb1&#8243; fullwidth=\u00bbon\u00bb next_background_color=\u00bb#ffffff\u00bb admin_label=\u00bbHero\u00bb _builder_version=\u00bb4.18.0&#8243; _module_preset=\u00bbdefault\u00bb background_image=\u00bbhttps:\/\/www.upo.es\/investiga\/comvence\/wp-content\/uploads\/2022\/05\/Eventos.jpg\u00bb custom_padding=\u00bb0px|0|0px|0px|false|false\u00bb filter_hue_rotate=\u00bb325deg\u00bb filter_saturate=\u00bb95%\u00bb filter_brightness=\u00bb176%\u00bb filter_contrast=\u00bb120%\u00bb bottom_divider_style=\u00bbcurve2&#8243; global_colors_info=\u00bb{}\u00bb][et_pb_fullwidth_header title=\u00bbCongreso\u00bb text_orientation=\u00bbcenter\u00bb admin_label=\u00bbFullwidth Header\u00bb _builder_version=\u00bb4.17.4&#8243; _module_preset=\u00bbdefault\u00bb title_font=\u00bbShare Tech||||||||\u00bb title_text_align=\u00bbcenter\u00bb title_font_size=\u00bb80px\u00bb title_line_height=\u00bb1.2em\u00bb content_font=\u00bbOpen Sans||||||||\u00bb content_text_align=\u00bbcenter\u00bb content_font_size=\u00bb18px\u00bb content_line_height=\u00bb1.8em\u00bb background_color=\u00bbrgba(0,0,0,0)\u00bb use_background_color_gradient=\u00bbon\u00bb background_color_gradient_direction=\u00bb140deg\u00bb background_color_gradient_stops=\u00bbrgba(0,72,114,0.9) 0%|rgba(41,17,96,0.8) 100%\u00bb background_color_gradient_start=\u00bbrgba(0,72,114,0.9)\u00bb background_color_gradient_end=\u00bbrgba(41,17,96,0.8)\u00bb parallax=\u00bbon\u00bb parallax_method=\u00bbon\u00bb custom_button_one=\u00bbon\u00bb button_one_text_size=\u00bb15px\u00bb button_one_bg_color=\u00bb#ffa727&#8243; button_one_border_width=\u00bb15px\u00bb button_one_border_color=\u00bb#ffa727&#8243; button_one_border_radius=\u00bb100px\u00bb button_one_letter_spacing=\u00bb5px\u00bb button_one_font=\u00bbOpen Sans|700||on|||||\u00bb custom_margin=\u00bb|||\u00bb custom_padding=\u00bb5vw||5vw||true|\u00bb custom_padding_tablet=\u00bb100px||100px||true\u00bb custom_padding_phone=\u00bb|||\u00bb custom_padding_last_edited=\u00bbon|desktop\u00bb title_font_size_tablet=\u00bb60px\u00bb title_font_size_phone=\u00bb36px\u00bb title_font_size_last_edited=\u00bbon|phone\u00bb content_font_size_tablet=\u00bb\u00bb content_font_size_phone=\u00bb16px\u00bb content_font_size_last_edited=\u00bbon|phone\u00bb button_one_text_size_tablet=\u00bb\u00bb button_one_text_size_phone=\u00bb\u00bb button_one_text_size_last_edited=\u00bbon|desktop\u00bb button_one_border_color_hover=\u00bb#ff8a3d\u00bb button_one_border_radius_hover=\u00bb100px\u00bb button_one_letter_spacing_hover=\u00bb5px\u00bb button_one_bg_color_hover=\u00bb#ff8a3d\u00bb global_colors_info=\u00bb{}\u00bb button_one_text_size__hover_enabled=\u00bboff\u00bb button_two_text_size__hover_enabled=\u00bboff\u00bb button_one_text_color__hover_enabled=\u00bboff\u00bb button_two_text_color__hover_enabled=\u00bboff\u00bb button_one_border_width__hover_enabled=\u00bboff\u00bb button_two_border_width__hover_enabled=\u00bboff\u00bb button_one_border_color__hover_enabled=\u00bbon\u00bb button_one_border_color__hover=\u00bb#ff8a3d\u00bb button_two_border_color__hover_enabled=\u00bboff\u00bb button_one_border_radius__hover_enabled=\u00bbon\u00bb button_one_border_radius__hover=\u00bb100px\u00bb button_two_border_radius__hover_enabled=\u00bboff\u00bb button_one_letter_spacing__hover_enabled=\u00bbon\u00bb button_one_letter_spacing__hover=\u00bb5px\u00bb button_two_letter_spacing__hover_enabled=\u00bboff\u00bb button_one_bg_color__hover_enabled=\u00bbon\u00bb button_one_bg_color__hover=\u00bb#ff8a3d\u00bb button_two_bg_color__hover_enabled=\u00bboff\u00bb][\/et_pb_fullwidth_header][\/et_pb_section][et_pb_section fb_built=\u00bb1&#8243; admin_label=\u00bbService Type\u00bb _builder_version=\u00bb4.16&#8243; _module_preset=\u00bbdefault\u00bb global_colors_info=\u00bb{}\u00bb][et_pb_row _builder_version=\u00bb4.16&#8243; _module_preset=\u00bbdefault\u00bb locked=\u00bboff\u00bb global_colors_info=\u00bb{}\u00bb][et_pb_column type=\u00bb4_4&#8243; _builder_version=\u00bb4.16&#8243; _module_preset=\u00bbdefault\u00bb custom_padding=\u00bb|||\u00bb global_colors_info=\u00bb{}\u00bb custom_padding__hover=\u00bb|||\u00bb][et_pb_text _builder_version=\u00bb4.21.0&#8243; _module_preset=\u00bbdefault\u00bb text_font=\u00bbOpen Sans||||||||\u00bb text_text_color=\u00bb#3D3D3B\u00bb text_font_size=\u00bb25px\u00bb text_line_height=\u00bb1.8em\u00bb header_font=\u00bb||||||||\u00bb header_2_font=\u00bb||||||||\u00bb header_3_font=\u00bbShare Tech||||||||\u00bb header_3_font_size=\u00bb40px\u00bb header_3_line_height=\u00bb1.6em\u00bb locked=\u00bboff\u00bb global_colors_info=\u00bb{}\u00bb]<\/p>\n<p style=\"text-align: center;\"><a href=\"https:\/\/eventos.upo.es\/86729\/detail\/intracommerce-text-context-and-interculturality-in-international-trade-communication.html\" target=\"_blank\" rel=\"noopener\"><span style=\"font-weight: 400;\">\u201cText, Context and Interculturality in International Trade Communication\u201d (INTRACOMMERCE)<\/span><\/a><\/p>\n<p>[\/et_pb_text][\/et_pb_column][\/et_pb_row][et_pb_row _builder_version=\u00bb4.18.0&#8243; _module_preset=\u00bbdefault\u00bb global_colors_info=\u00bb{}\u00bb][et_pb_column type=\u00bb4_4&#8243; _builder_version=\u00bb4.18.0&#8243; _module_preset=\u00bbdefault\u00bb global_colors_info=\u00bb{}\u00bb][et_pb_image src=\u00bbhttps:\/\/www.upo.es\/investiga\/comvence\/wp-content\/uploads\/2023\/05\/Cartel-Congreso-UPO.jpg\u00bb url_new_window=\u00bbon\u00bb _builder_version=\u00bb4.21.0&#8243; _module_preset=\u00bbdefault\u00bb width=\u00bb48%\u00bb module_alignment=\u00bbcenter\u00bb global_colors_info=\u00bb{}\u00bb][\/et_pb_image][et_pb_text _builder_version=\u00bb4.21.0&#8243; _module_preset=\u00bbdefault\u00bb text_font=\u00bbOpen Sans||||||||\u00bb text_font_size=\u00bb18px\u00bb text_line_height=\u00bb1.8em\u00bb header_font=\u00bb||||||||\u00bb header_2_font=\u00bb||||||||\u00bb header_3_font=\u00bbShare Tech||||||||\u00bb header_3_font_size=\u00bb40px\u00bb header_3_line_height=\u00bb1.6em\u00bb text_orientation=\u00bbcenter\u00bb custom_padding=\u00bb34px|||||\u00bb locked=\u00bboff\u00bb global_colors_info=\u00bb{}\u00bb]<\/p>\n<p><span style=\"font-weight: 400;\">El congreso <\/span><a href=\"https:\/\/eventos.upo.es\/86729\/detail\/intracommerce-text-context-and-interculturality-in-international-trade-communication.html\" target=\"_blank\" rel=\"noopener\"><span style=\"font-weight: 400;\">\u00a0\u201cText, Context and Interculturality in International Trade Communication\u201d (INTRACOMMERCE)<\/span><\/a><span style=\"font-weight: 400;\"> se celebrar\u00e1 en la Universidad Pablo de Olavide, en Sevilla los d\u00edas 25 y 26 de mayo de 2023.\u00a0<\/span><\/p>\n<p><span style=\"font-weight: 400;\">INTRACOMMERCE se centra en el intercambio y difusi\u00f3n de conocimiento y experiencias relacionadas con la traducci\u00f3n, la interpretaci\u00f3n y la ling\u00fc\u00edstica en el \u00e1mbito del comercio internacional y la comunicaci\u00f3n empresarial.<\/span><\/p>\n<p><span style=\"font-weight: 400;\">Conferenciantes plenarios: Christiane Nord (Prof. Em.); Helle Vr\u00f8nning Dam; Ruth Breeze; Miguel \u00c1ngel Jim\u00e9nez Crespo; Jeffrey Killman; Daniel Gallego; Carmen Bestu\u00e9; Francisca Suau; Karina Socorro; M.\u00aa \u00c1ngeles Orts Llopis; Eloisa Monteoliva; Rafael Porl\u00e1n.\u00a0<\/span><\/p>\n<p>[\/et_pb_text][\/et_pb_column][\/et_pb_row][et_pb_row _builder_version=\u00bb4.18.0&#8243; _module_preset=\u00bbdefault\u00bb global_colors_info=\u00bb{}\u00bb][et_pb_column type=\u00bb4_4&#8243; _builder_version=\u00bb4.18.0&#8243; _module_preset=\u00bbdefault\u00bb global_colors_info=\u00bb{}\u00bb][et_pb_button button_url=\u00bbhttps:\/\/drive.google.com\/file\/d\/1QtC6hEqperiEqEz9P-vW3BSqFQDIjN2Y\/view?usp=sharing\u00bb url_new_window=\u00bbon\u00bb button_text=\u00bbPROGRAMA\u00bb button_alignment=\u00bbcenter\u00bb _builder_version=\u00bb4.18.0&#8243; _module_preset=\u00bbdefault\u00bb global_colors_info=\u00bb{}\u00bb][\/et_pb_button][\/et_pb_column][\/et_pb_row][et_pb_row _builder_version=\u00bb4.21.0&#8243; _module_preset=\u00bbdefault\u00bb custom_margin=\u00bb31px||-7px||false|false\u00bb hover_enabled=\u00bb0&#8243; sticky_enabled=\u00bb0&#8243;][et_pb_column _builder_version=\u00bb4.21.0&#8243; _module_preset=\u00bbdefault\u00bb type=\u00bb4_4&#8243;][et_pb_text _builder_version=\u00bb4.21.0&#8243; _module_preset=\u00bbdefault\u00bb hover_enabled=\u00bb0&#8243; sticky_enabled=\u00bb0&#8243;]<\/p>\n<h3 style=\"text-align: center;\">GALER\u00cdA DE IM\u00c1GENES DEL CONGRESO<\/h3>\n<p>[\/et_pb_text][\/et_pb_column][\/et_pb_row][et_pb_row _builder_version=\u00bb4.21.0&#8243; _module_preset=\u00bbdefault\u00bb hover_enabled=\u00bb0&#8243; sticky_enabled=\u00bb0&#8243;][et_pb_column _builder_version=\u00bb4.21.0&#8243; _module_preset=\u00bbdefault\u00bb type=\u00bb4_4&#8243; hover_enabled=\u00bb0&#8243; sticky_enabled=\u00bb0&#8243;][et_pb_gallery _builder_version=\u00bb4.21.0&#8243; _module_preset=\u00bbdefault\u00bb hover_enabled=\u00bb0&#8243; sticky_enabled=\u00bb0&#8243; gallery_ids=\u00bb1139,1152,1141,1154,1153,1151,1150,1149,1148,1147,1146,1145,1144,1143,1142,1140,1138,1137,1136,1135,1134,1133,1128,1132,1131,1130,1129,1127,1126,1125,1124,1123,1122,1121,1120,1119,1118,1117,1116,1115,1114,1113,1112,1111,1110,1105,1104,1095,1094,1093,1092,1091,1090,1089,1088&#8243; hover_icon=\u00bb&#x3d;||divi||400&#8243; box_shadow_style_image=\u00bbpreset3&#8243; box_shadow_blur_image=\u00bb14px\u00bb][\/et_pb_gallery][\/et_pb_column][\/et_pb_row][\/et_pb_section]<\/p>\n","protected":false},"excerpt":{"rendered":"<p>\u201cText, Context and Interculturality in International Trade Communication\u201d (INTRACOMMERCE)El congreso \u00a0\u201cText, Context and Interculturality in International Trade Communication\u201d (INTRACOMMERCE) se celebrar\u00e1 en la Universidad Pablo de Olavide, en Sevilla los d\u00edas 25 y 26 de mayo de 2023.\u00a0 INTRACOMMERCE se centra en el intercambio y difusi\u00f3n de conocimiento y experiencias relacionadas con la traducci\u00f3n, la [&hellip;]<\/p>\n","protected":false},"author":1,"featured_media":0,"parent":0,"menu_order":0,"comment_status":"closed","ping_status":"closed","template":"","meta":{"_et_pb_use_builder":"on","_et_pb_old_content":"","_et_gb_content_width":""},"_links":{"self":[{"href":"https:\/\/www.upo.es\/investiga\/comvence\/wp-json\/wp\/v2\/pages\/998"}],"collection":[{"href":"https:\/\/www.upo.es\/investiga\/comvence\/wp-json\/wp\/v2\/pages"}],"about":[{"href":"https:\/\/www.upo.es\/investiga\/comvence\/wp-json\/wp\/v2\/types\/page"}],"author":[{"embeddable":true,"href":"https:\/\/www.upo.es\/investiga\/comvence\/wp-json\/wp\/v2\/users\/1"}],"replies":[{"embeddable":true,"href":"https:\/\/www.upo.es\/investiga\/comvence\/wp-json\/wp\/v2\/comments?post=998"}],"version-history":[{"count":7,"href":"https:\/\/www.upo.es\/investiga\/comvence\/wp-json\/wp\/v2\/pages\/998\/revisions"}],"predecessor-version":[{"id":1155,"href":"https:\/\/www.upo.es\/investiga\/comvence\/wp-json\/wp\/v2\/pages\/998\/revisions\/1155"}],"wp:attachment":[{"href":"https:\/\/www.upo.es\/investiga\/comvence\/wp-json\/wp\/v2\/media?parent=998"}],"curies":[{"name":"wp","href":"https:\/\/api.w.org\/{rel}","templated":true}]}}